{"id":246,"date":"2022-04-06T15:03:16","date_gmt":"2022-04-06T15:03:16","guid":{"rendered":"https:\/\/agripedia.ch\/oeln\/?page_id=246"},"modified":"2023-03-17T11:00:06","modified_gmt":"2023-03-17T11:00:06","slug":"foerderung-der-biodiversitaet","status":"publish","type":"page","link":"https:\/\/agripedia.ch\/oeln\/startseite\/foerderung-der-biodiversitaet\/","title":{"rendered":"F\u00f6rderung der Biodiversit\u00e4t"},"content":{"rendered":"<p><div class=\"fusion-fullwidth fullwidth-box fusion-builder-row-1 fusion-flex-container nonhundred-percent-fullwidth non-hundred-percent-height-scrolling\" style=\"--awb-border-radius-top-left:0px;--awb-border-radius-top-right:0px;--awb-border-radius-bottom-right:0px;--awb-border-radius-bottom-left:0px;--awb-flex-wrap:wrap;\" ><div class=\"fusion-builder-row fusion-row fusion-flex-align-items-flex-start fusion-flex-content-wrap\" style=\"max-width:1144px;margin-left: calc(-4% \/ 2 );margin-right: calc(-4% \/ 2 );\"><div class=\"fusion-layout-column fusion_builder_column fusion-builder-column-0 fusion_builder_column_1_1 1_1 fusion-flex-column\" style=\"--awb-bg-size:cover;--awb-width-large:100%;--awb-margin-top-large:0px;--awb-spacing-right-large:1.92%;--awb-margin-bottom-large:0px;--awb-spacing-left-large:1.92%;--awb-width-medium:100%;--awb-spacing-right-medium:1.92%;--awb-spacing-left-medium:1.92%;--awb-width-small:100%;--awb-spacing-right-small:1.92%;--awb-spacing-left-small:1.92%;\"><div class=\"fusion-column-wrapper fusion-flex-justify-content-flex-start fusion-content-layout-column\"><div class=\"fusion-text fusion-text-1 agri-lead\"><p>Die Biodiversit\u00e4t \u2013 auch Vielfalt des Lebens genannt \u2013 wird stark von der Landwirtschaft beeinflusst. Ein vielf\u00e4ltiges \u00d6kosystem kann sich besser an sich wandelnde Gegebenheiten anpassen. Davon profitiert auch die Landwirtschaft. In der Schweiz ist der Zustand der Biodiversit\u00e4t jedoch unbefriedigend. Eine, in der Vergangenheit, einseitig auf Produktion ausgerichtete Landwirtschaft trug wesentlich zum R\u00fcckgang der Arten bei. Um diesem R\u00fcckgang Einhalt zu gebieten, gibt es seit einigen Jahren entsprechende Instrumente und Massnahmen.<\/p>\n<\/div><div class=\"fusion-text fusion-text-2\"><h2>Biodiversit\u00e4tsf\u00f6rderung im \u00d6LN<\/h2>\n<p>Landwirtschaftsbetriebe, die Direktzahlungen erhalten, verpflichten sich, einen Teil ihrer Fl\u00e4chen f\u00fcr die F\u00f6rderung der Biodiversit\u00e4t zu reservieren. Jeder \u00d6LN-Betrieb muss 7 % der landwirtschaftlichen Nutzfl\u00e4chen als sogenannte Biodiversit\u00e4tsf\u00f6rderfl\u00e4chen (BFF) bewirtschaften. F\u00fcr einen Teil dieser Fl\u00e4chen werden Beitr\u00e4ge ausgerichtet. Bei Fl\u00e4chen mit Spezialkulturen betr\u00e4gt der Anteil BFF 3,5 %.<\/p>\n<p>Zus\u00e4tzlich erhalten Landwirtschaftsbetriebe Beitr\u00e4ge f\u00fcr eine besonders hohe Qualit\u00e4t oder die Vernetzung der BFF.<\/p>\n<h3>Anteil BFF an der landwirtschaftlichen Nutzfl\u00e4che<\/h3>\n<p>Die Summe der BFF muss mindestens 7 % der landwirtschaftlichen Nutzfl\u00e4che ohne Spezialkulturen und 3,5% der mit Spezialkulturen (Reben, Hopfen, Obstanlagen, Beeren, Gem\u00fcse, ausser Konservengem\u00fcse, Tabak sowie Heil- und Gew\u00fcrzpflanzen sowie Pilze) belegten landwirtschaftlichen Nutzfl\u00e4che betragen. Der Anteil der Hochstamm-Feldobstb\u00e4ume und der einheimischen, standortgerechten Einzelb\u00e4ume und Alleen darf maximal die H\u00e4lfte der verlangten BFF betragen. Pro Baum wird 1 Are als BFF angerechnet (= max. 100 B\u00e4ume pro Hektare).<\/p>\n<p>Die BFF m\u00fcssen auf der Betriebsfl\u00e4che in einer maximalen Fahrdistanz von 15 km zum Betriebszentrum oder zu einer Produktionsst\u00e4tte liegen. Die BFF m\u00fcssen im Eigentum oder auf dem Pachtland des Bewirtschafters oder der Bewirtschafterin sein.<br \/>\nAuf Produktionsst\u00e4tten (Einheit von Land, Geb\u00e4uden und Einrichtungen) ausserhalb der Fahrdistanz von 15 km ist der Anteil BFF separat zu erbringen.<br \/>\nBetriebe mit Fl\u00e4chen im Ausland m\u00fcssen die oben genannten 7 % respektive 3,5 %-Anteile nur auf der Inlandfl\u00e4che erf\u00fcllen.<br \/>\nKonservengem\u00fcse (Bohnen, Erbsen, Spinat und Pariser Karotten) gelten nicht als Spezialkulturen sofern sie maschinell geerntet werden. F\u00fcr diese Fl\u00e4chen gilt der 7 %-Anteil.<\/p>\n<\/div><div class=\"accordian fusion-accordian\" style=\"--awb-border-size:1px;--awb-icon-size:18px;--awb-content-font-size:18px;--awb-icon-alignment:left;--awb-hover-color:#f9f9f9;--awb-border-color:#cccccc;--awb-background-color:#ffffff;--awb-divider-color:#e0dede;--awb-divider-hover-color:#e0dede;--awb-icon-color:#7a7a7a;--awb-title-color:#f44336;--awb-content-color:#0f0f0f;--awb-icon-box-color:#7a7a7a;--awb-toggle-hover-accent-color:#000000;--awb-title-font-family:&quot;Roboto&quot;;--awb-title-font-weight:700;--awb-title-font-style:normal;--awb-title-font-size:18px;--awb-title-line-height:1.5;--awb-content-font-family:&quot;Roboto&quot;;--awb-content-font-style:normal;--awb-content-font-weight:300;\"><div class=\"panel-group fusion-toggle-icon-unboxed\" id=\"accordion-246-1\"><div class=\"fusion-panel panel-default panel-0670aaa69f7c573c7 fusion-toggle-has-divider\" style=\"--awb-title-color:#f44336;--awb-content-color:#0f0f0f;\"><div class=\"panel-heading\"><h4 class=\"panel-title toggle\" id=\"toggle_0670aaa69f7c573c7\"><a aria-expanded=\"false\" aria-controls=\"0670aaa69f7c573c7\" role=\"button\" data-toggle=\"collapse\" data-parent=\"#accordion-246-1\" data-target=\"#0670aaa69f7c573c7\" href=\"#0670aaa69f7c573c7\"><span class=\"fusion-toggle-icon-wrapper\" aria-hidden=\"true\"><i class=\"fa-fusion-box active-icon awb-icon-minus\" aria-hidden=\"true\"><\/i><i class=\"fa-fusion-box inactive-icon awb-icon-plus\" aria-hidden=\"true\"><\/i><\/span><span class=\"fusion-toggle-heading\">Folgende BFF k\u00f6nnen angerechnet werden<\/span><\/a><\/h4><\/div><div id=\"0670aaa69f7c573c7\" class=\"panel-collapse collapse \" aria-labelledby=\"toggle_0670aaa69f7c573c7\"><div class=\"panel-body toggle-content fusion-clearfix\">\n<ul>\n<li><span style=\"color: #000000;\">Extensiv genutzte Wiese<\/span><\/li>\n<li><span style=\"color: #000000;\">Wenig intensiv genutzte Wiese<\/span><\/li>\n<li><span style=\"color: #000000;\">Extensiv genutzte Weide<\/span><\/li>\n<li><span style=\"color: #000000;\">Waldweide<\/span><\/li>\n<li><span style=\"color: #000000;\">Streuefl\u00e4che<\/span><\/li>\n<li><span style=\"color: #000000;\">Hecken, Feld- und Ufergeh\u00f6lze<\/span><\/li>\n<li><span style=\"color: #000000;\">Uferwiesen<\/span><\/li>\n<li><span style=\"color: #000000;\">Buntbrache<\/span><\/li>\n<li><span style=\"color: #000000;\">Rotationsbrache<\/span><\/li>\n<li><span style=\"color: #000000;\">Ackerschonstreifen<\/span><\/li>\n<li><span style=\"color: #000000;\">Saum auf Ackerfl\u00e4che<\/span><\/li>\n<li><span style=\"color: #000000;\">Hochstamm-Feldobstb\u00e4ume (1 Are pro Baum)<\/span><\/li>\n<li><span style=\"color: #000000;\">Einheimische standortgerechte Einzelb\u00e4ume und Alleen (1 Are pro Baum)<\/span><\/li>\n<li><span style=\"color: #000000;\">Rebfl\u00e4che mit nat\u00fcrlicher Artenvielfalt<\/span><\/li>\n<li><span style=\"color: #000000;\">Regionsspezifische BFF<\/span><\/li>\n<li><span style=\"color: #000000;\">Wassergraben, T\u00fcmpel, Teich<\/span><\/li>\n<li><span style=\"color: #000000;\">Ruderalfl\u00e4che, Steinhaufen und -w\u00e4lle<\/span><\/li>\n<li><span style=\"color: #000000;\">Trockenmauern<\/span><\/li>\n<\/ul>\n<p>Ausserdem k\u00f6nnen N\u00fctzlingsstreifen, die f\u00fcr den neuen Produktionssystembeitrag \u00abFunktionale Biodiversit\u00e4t\u00bb berechtigen an den geforderten Anteil BFF angerechnet werden.<\/p>\n<\/div><\/div><\/div><div class=\"fusion-panel panel-default panel-fe01f0199760dcb4c fusion-toggle-has-divider\" style=\"--awb-title-color:#f44336;--awb-content-color:#0f0f0f;\"><div class=\"panel-heading\"><h4 class=\"panel-title toggle\" id=\"toggle_fe01f0199760dcb4c\"><a aria-expanded=\"false\" aria-controls=\"fe01f0199760dcb4c\" role=\"button\" data-toggle=\"collapse\" data-parent=\"#accordion-246-1\" data-target=\"#fe01f0199760dcb4c\" href=\"#fe01f0199760dcb4c\"><span class=\"fusion-toggle-icon-wrapper\" aria-hidden=\"true\"><i class=\"fa-fusion-box active-icon awb-icon-minus\" aria-hidden=\"true\"><\/i><i class=\"fa-fusion-box inactive-icon awb-icon-plus\" aria-hidden=\"true\"><\/i><\/span><span class=\"fusion-toggle-heading\">Die BFF k\u00f6nnen nicht angerechnet werden,<\/span><\/a><\/h4><\/div><div id=\"fe01f0199760dcb4c\" class=\"panel-collapse collapse \" aria-labelledby=\"toggle_fe01f0199760dcb4c\"><div class=\"panel-body toggle-content fusion-clearfix\">\n<ul>\n<li>wenn sie nicht im Eigentum oder auf Pachtland des Bewirtschafters oder der Bewirtschafterin sind.<\/li>\n<li>die Fl\u00e4chen sich im ausgemarchten Bereich von \u00f6ffentlichen Strassen sowie von Bahnlinien befinden.<\/li>\n<li>die Fl\u00e4chen innerhalb von Golf-, Camping-, Flug- und milit\u00e4rischen \u00dcbungspl\u00e4tzen sowie auf erschlossenen Bauparzellen liegen und nicht zur landwirtschaftlichen Nutzfl\u00e4che geh\u00f6ren.<\/li>\n<li>die Fl\u00e4chen mit Blacken, Ackerkratzdisteln, Flughafer, Quecken oder invasiven Neophyten (z.B. Ambrosia, Japankn\u00f6terich, Springkraut, Goldrute) stark verunkrautet sind.<\/li>\n<li>die Fl\u00e4chen unsachgem\u00e4ss bewirtschaftet werden.<\/li>\n<\/ul>\n<p>Hinweis: In Spezial- und Ackerkulturen k\u00f6nnen die ersten 3 Meter Wiesenstreifen quer zur Bewirtschaftungsrichtung nicht als extensive oder wenig intensiv genutzte Wiesen angerechnet werden. Sie gelten als Vorgewende oder Anhaupt zur Kulturfl\u00e4che.<\/p>\n<\/div><\/div><\/div><\/div><\/div><\/div><\/div><\/div><\/div><div class=\"fusion-fullwidth fullwidth-box fusion-builder-row-2 fusion-flex-container nonhundred-percent-fullwidth non-hundred-percent-height-scrolling\" style=\"--awb-border-radius-top-left:0px;--awb-border-radius-top-right:0px;--awb-border-radius-bottom-right:0px;--awb-border-radius-bottom-left:0px;--awb-flex-wrap:wrap;\" ><div class=\"fusion-builder-row fusion-row fusion-flex-align-items-flex-start fusion-flex-content-wrap\" style=\"max-width:1144px;margin-left: calc(-4% \/ 2 );margin-right: calc(-4% \/ 2 );\"><div class=\"fusion-layout-column fusion_builder_column fusion-builder-column-1 fusion_builder_column_1_1 1_1 fusion-flex-column\" style=\"--awb-bg-size:cover;--awb-width-large:100%;--awb-margin-top-large:0px;--awb-spacing-right-large:1.92%;--awb-margin-bottom-large:20px;--awb-spacing-left-large:1.92%;--awb-width-medium:100%;--awb-order-medium:0;--awb-spacing-right-medium:1.92%;--awb-spacing-left-medium:1.92%;--awb-width-small:100%;--awb-order-small:0;--awb-spacing-right-small:1.92%;--awb-spacing-left-small:1.92%;\"><div class=\"fusion-column-wrapper fusion-column-has-shadow fusion-flex-justify-content-flex-start fusion-content-layout-column\"><div class=\"fusion-tabs fusion-tabs-1 classic nav-is-justified horizontal-tabs icon-position-left mobile-mode-accordion\" style=\"--awb-title-border-radius-top-left:0px;--awb-title-border-radius-top-right:0px;--awb-title-border-radius-bottom-right:0px;--awb-title-border-radius-bottom-left:0px;--awb-alignment:start;--awb-inactive-color:#ebeaea;--awb-background-color:#ffffff;--awb-border-color:#ebeaea;--awb-active-border-color:#E72200;\"><div class=\"nav\"><ul class=\"nav-tabs nav-justified\" role=\"tablist\"><li class=\"active\" role=\"presentation\"><a class=\"tab-link\" data-toggle=\"tab\" role=\"tab\" aria-controls=\"tab-b0f6eadace89e41d657\" aria-selected=\"true\" id=\"fusion-tab-dokumente\" href=\"#tab-b0f6eadace89e41d657\"><h4 class=\"fusion-tab-heading\">Dokumente<\/h4><\/a><\/li><li role=\"presentation\"><a class=\"tab-link\" data-toggle=\"tab\" role=\"tab\" aria-controls=\"tab-2111343933c86bae53f\" aria-selected=\"false\" tabindex=\"-1\" id=\"fusion-tab-formulareundhilfsmittel\" href=\"#tab-2111343933c86bae53f\"><h4 class=\"fusion-tab-heading\">Formulare und Hilfsmittel<\/h4><\/a><\/li><li role=\"presentation\"><a class=\"tab-link\" data-toggle=\"tab\" role=\"tab\" aria-controls=\"tab-ecbe5c3d53c99ffa980\" aria-selected=\"false\" tabindex=\"-1\" id=\"fusion-tab-links\" href=\"#tab-ecbe5c3d53c99ffa980\"><h4 class=\"fusion-tab-heading\">Links<\/h4><\/a><\/li><\/ul><\/div><div class=\"tab-content\"><div class=\"nav fusion-mobile-tab-nav\"><ul class=\"nav-tabs nav-justified\" role=\"tablist\"><li class=\"active\" role=\"presentation\"><a class=\"tab-link\" data-toggle=\"tab\" role=\"tab\" aria-controls=\"tab-b0f6eadace89e41d657\" aria-selected=\"true\" id=\"mobile-fusion-tab-dokumente\" href=\"#tab-b0f6eadace89e41d657\"><h4 class=\"fusion-tab-heading\">Dokumente<\/h4><\/a><\/li><\/ul><\/div><div class=\"tab-pane fade fusion-clearfix in active\" role=\"tabpanel\" tabindex=\"0\" aria-labelledby=\"fusion-tab-dokumente\" id=\"tab-b0f6eadace89e41d657\">\n<ul>\n<li><a href=\"https:\/\/agridea.abacuscity.ch\/de\/A~1443~1\/3~410420~Shop\/Publikationen\/Pflanzenbau-Umwelt-Natur-Landschaft\/Beitr%C3%A4ge-und-Bedingungen-im-%C3%96koausgleich\/Biodiversit%C3%A4tsf%C3%B6rderung-auf-dem-Landwirtschaftsbetrieb-Wegleitung\/Deutsch\/Print-Papier\" target=\"_blank\" rel=\"noopener noreferrer\">Biodiversit\u00e4tsf\u00f6rderung auf dem Landwirtschaftsbetrieb \u2013 Wegleitung<\/a>, AGRIDEA<\/li>\n<li><a href=\"https:\/\/agridea.abacuscity.ch\/de\/A~3244~1\/3~410420~Shop\/Publikationen\/Pflanzenbau-Umwelt-Natur-Landschaft\/Beitr%C3%A4ge-und-Bedingungen-im-%C3%96koausgleich\/Fachgerechte-Pflege-von-Hochstamm-Feldobstb%C3%A4umen\/Deutsch\/Print-Papier\" target=\"_blank\" rel=\"noopener noreferrer\">Fachgerechte Pflege von Hochstamm-Feldobstb\u00e4umen<\/a>, AGRIDEA<\/li>\n<li><a title=\"Biodiversit\u00e4tsf\u00f6rdernde Strukturen in der Landwirtschaft\" href=\"https:\/\/agridea.abacuscity.ch\/de\/A~3100~2\/3~410420~Shop\/Publikationen\/Pflanzenbau-Umwelt-Natur-Landschaft\/Beitr%C3%A4ge-und-Bedingungen-im-%C3%96koausgleich\/Biodiversit%C3%A4tsf%C3%B6rdernde-Strukturen-in-der-Landwirtschaft\/Franz%C3%B6sisch\/Print-Papier\" target=\"_blank\" rel=\"noopener\">Biodiversit\u00e4tsf\u00f6rdernde Strukturen in der Landwirtschaft<\/a>, AGRIDEA<\/li>\n<li><a href=\"https:\/\/agridea.abacuscity.ch\/de\/A~2891~1\/3~410420~Shop\/Publikationen\/Pflanzenbau-Umwelt-Natur-Landschaft\/Beitr%C3%A4ge-und-Bedingungen-im-%C3%96koausgleich\/Kleinstrukturen-auf-Biodiversit%C3%A4ts-f%C3%B6rderfl%C3%A4chen-entlang-Fliessgew%C3%A4ssern\/Deutsch\/Print-Papier\" target=\"_blank\" rel=\"noopener noreferrer\">Kleinstrukturen auf Biodiversit\u00e4tsf\u00f6rderfl\u00e4chen entlang Fliessgew\u00e4ssern<\/a>, AGRIDEA<\/li>\n<\/ul>\n<\/div><div class=\"nav fusion-mobile-tab-nav\"><ul class=\"nav-tabs nav-justified\" role=\"tablist\"><li role=\"presentation\"><a class=\"tab-link\" data-toggle=\"tab\" role=\"tab\" aria-controls=\"tab-2111343933c86bae53f\" aria-selected=\"false\" tabindex=\"-1\" id=\"mobile-fusion-tab-formulareundhilfsmittel\" href=\"#tab-2111343933c86bae53f\"><h4 class=\"fusion-tab-heading\">Formulare und Hilfsmittel<\/h4><\/a><\/li><\/ul><\/div><div class=\"tab-pane fade fusion-clearfix\" role=\"tabpanel\" tabindex=\"0\" aria-labelledby=\"fusion-tab-formulareundhilfsmittel\" id=\"tab-2111343933c86bae53f\">\n<ul>\n<li><a href=\"https:\/\/agridea.abacuscity.ch\/de\/A~1202~1\/3~428200~Shop\/Publikationen\/Aufzeichnungen-Nachweis\/%C3%96kologischer-Leistungsnachweis-%C3%96LN\/Biodiversit%C3%A4tsf%C3%B6rderfl%C3%A4chen-%28BFF%29\/Deutsch\/Print-Papier\" target=\"_blank\" rel=\"noopener noreferrer\">Formular Biodiversit\u00e4tsf\u00f6rderfl\u00e4chen (BFF)<\/a>, AGRIDEA<\/li>\n<\/ul>\n<\/div><div class=\"nav fusion-mobile-tab-nav\"><ul class=\"nav-tabs nav-justified\" role=\"tablist\"><li role=\"presentation\"><a class=\"tab-link\" data-toggle=\"tab\" role=\"tab\" aria-controls=\"tab-ecbe5c3d53c99ffa980\" aria-selected=\"false\" tabindex=\"-1\" id=\"mobile-fusion-tab-links\" href=\"#tab-ecbe5c3d53c99ffa980\"><h4 class=\"fusion-tab-heading\">Links<\/h4><\/a><\/li><\/ul><\/div><div class=\"tab-pane fade fusion-clearfix\" role=\"tabpanel\" tabindex=\"0\" aria-labelledby=\"fusion-tab-links\" id=\"tab-ecbe5c3d53c99ffa980\">\n<ul>\n<li><a href=\"http:\/\/www.bff-spb.ch\/de\/home\/\" target=\"_blank\" rel=\"noopener noreferrer\">Biodiversit\u00e4tsf\u00f6rderung in der Schweizer Landwirtschaft<\/a><\/li>\n<\/ul>\n<\/div><\/div><\/div><\/div><\/div><\/div><\/div><\/p>\n","protected":false},"excerpt":{"rendered":"","protected":false},"author":266,"featured_media":0,"parent":9,"menu_order":2,"comment_status":"closed","ping_status":"closed","template":"","meta":{"_sb_is_suggestion_mode":false,"_sb_show_suggestion_boards":false,"_sb_show_comment_boards":false,"_sb_suggestion_history":"","_sb_update_block_changes":"","_monsterinsights_skip_tracking":false,"_monsterinsights_sitenote_active":false,"_monsterinsights_sitenote_note":"","_monsterinsights_sitenote_category":0,"footnotes":""},"class_list":["post-246","page","type-page","status-publish","hentry"],"_links":{"self":[{"href":"https:\/\/agripedia.ch\/oeln\/wp-json\/wp\/v2\/pages\/246","targetHints":{"allow":["GET"]}}],"collection":[{"href":"https:\/\/agripedia.ch\/oeln\/wp-json\/wp\/v2\/pages"}],"about":[{"href":"https:\/\/agripedia.ch\/oeln\/wp-json\/wp\/v2\/types\/page"}],"author":[{"embeddable":true,"href":"https:\/\/agripedia.ch\/oeln\/wp-json\/wp\/v2\/users\/266"}],"replies":[{"embeddable":true,"href":"https:\/\/agripedia.ch\/oeln\/wp-json\/wp\/v2\/comments?post=246"}],"version-history":[{"count":18,"href":"https:\/\/agripedia.ch\/oeln\/wp-json\/wp\/v2\/pages\/246\/revisions"}],"predecessor-version":[{"id":649,"href":"https:\/\/agripedia.ch\/oeln\/wp-json\/wp\/v2\/pages\/246\/revisions\/649"}],"up":[{"embeddable":true,"href":"https:\/\/agripedia.ch\/oeln\/wp-json\/wp\/v2\/pages\/9"}],"wp:attachment":[{"href":"https:\/\/agripedia.ch\/oeln\/wp-json\/wp\/v2\/media?parent=246"}],"curies":[{"name":"wp","href":"https:\/\/api.w.org\/{rel}","templated":true}]}}