{"id":244,"date":"2022-04-06T15:03:16","date_gmt":"2022-04-06T15:03:16","guid":{"rendered":"https:\/\/agripedia.ch\/oeln\/?page_id=244"},"modified":"2022-05-20T12:51:34","modified_gmt":"2022-05-20T12:51:34","slug":"geregelte-fruchtfolge","status":"publish","type":"page","link":"https:\/\/agripedia.ch\/oeln\/startseite\/geregelte-fruchtfolge\/","title":{"rendered":"Geregelte Fruchtfolge"},"content":{"rendered":"<p><div class=\"fusion-fullwidth fullwidth-box fusion-builder-row-1 fusion-flex-container nonhundred-percent-fullwidth non-hundred-percent-height-scrolling\" style=\"--awb-border-radius-top-left:0px;--awb-border-radius-top-right:0px;--awb-border-radius-bottom-right:0px;--awb-border-radius-bottom-left:0px;--awb-flex-wrap:wrap;\" ><div class=\"fusion-builder-row fusion-row fusion-flex-align-items-flex-start fusion-flex-content-wrap\" style=\"max-width:1144px;margin-left: calc(-4% \/ 2 );margin-right: calc(-4% \/ 2 );\"><div class=\"fusion-layout-column fusion_builder_column fusion-builder-column-0 fusion_builder_column_1_1 1_1 fusion-flex-column\" style=\"--awb-bg-size:cover;--awb-width-large:100%;--awb-margin-top-large:0px;--awb-spacing-right-large:1.92%;--awb-margin-bottom-large:0px;--awb-spacing-left-large:1.92%;--awb-width-medium:100%;--awb-spacing-right-medium:1.92%;--awb-spacing-left-medium:1.92%;--awb-width-small:100%;--awb-spacing-right-small:1.92%;--awb-spacing-left-small:1.92%;\"><div class=\"fusion-column-wrapper fusion-flex-justify-content-flex-start fusion-content-layout-column\"><div class=\"fusion-text fusion-text-1 agri-lead\"><p>Mit einer geregelten Fruchtfolge tragen Landwirtschaftsbetriebe dazu bei, Sch\u00e4dlingen und Krankheiten vorzubeugen. Eine angepasste Fruchtfolge hilft ausserdem, Bodensch\u00e4den zu vermeiden und den Verlust von N\u00e4hrstoffen und Pflanzenschutzmitteln zu verringern.<\/p>\n<\/div><div class=\"fusion-text fusion-text-2\"><h2>Die \u00d6LN-Anforderungen zur Fruchtfolge<\/h2>\n<p>Alle \u00d6LN-Betriebe mit mehr als 3 ha offener Ackerfl\u00e4che m\u00fcssen entweder mindestens vier verschiedene Ackerkulturen mit maximalen Kulturanteilen anbauen (Variante 2) oder zwischen den einzelnen Kulturen bestimmte Anbaupausen (Variante 1) einhalten. Diese Pausen sind je nach Kultur unterschiedlich lang. Ein Betrieb muss sich f\u00fcr eine der beiden Fruchtfolgevarianten entscheiden und diese w\u00e4hrend mindestens f\u00fcnf Anbaujahren beibehalten.<\/p>\n<\/div><div class=\"accordian fusion-accordian\" style=\"--awb-border-size:1px;--awb-icon-size:18px;--awb-content-font-size:18px;--awb-icon-alignment:left;--awb-hover-color:#f9f9f9;--awb-border-color:#cccccc;--awb-background-color:#ffffff;--awb-divider-color:#e0dede;--awb-divider-hover-color:#e0dede;--awb-icon-color:#7a7a7a;--awb-title-color:#f44336;--awb-content-color:#0f0f0f;--awb-icon-box-color:#7a7a7a;--awb-toggle-hover-accent-color:#000000;--awb-title-font-family:&quot;Roboto&quot;;--awb-title-font-weight:700;--awb-title-font-style:normal;--awb-title-font-size:18px;--awb-title-line-height:1.5;--awb-content-font-family:&quot;Roboto&quot;;--awb-content-font-style:normal;--awb-content-font-weight:300;\"><div class=\"panel-group fusion-toggle-icon-unboxed\" id=\"accordion-244-1\"><div class=\"fusion-panel panel-default panel-2171cf31c6f9b7e7a fusion-toggle-has-divider\"><div class=\"panel-heading\"><h4 class=\"panel-title toggle\" id=\"toggle_2171cf31c6f9b7e7a\"><a aria-expanded=\"false\" aria-controls=\"2171cf31c6f9b7e7a\" role=\"button\" data-toggle=\"collapse\" data-parent=\"#accordion-244-1\" data-target=\"#2171cf31c6f9b7e7a\" href=\"#2171cf31c6f9b7e7a\"><span class=\"fusion-toggle-icon-wrapper\" aria-hidden=\"true\"><i class=\"fa-fusion-box active-icon awb-icon-minus\" aria-hidden=\"true\"><\/i><i class=\"fa-fusion-box inactive-icon awb-icon-plus\" aria-hidden=\"true\"><\/i><\/span><span class=\"fusion-toggle-heading\">Variante 1 \u2013 \u00abAnbaupausen\u00bb<\/span><\/a><\/h4><\/div><div id=\"2171cf31c6f9b7e7a\" class=\"panel-collapse collapse \" aria-labelledby=\"toggle_2171cf31c6f9b7e7a\"><div class=\"panel-body toggle-content fusion-clearfix\">\n<p>Falls Sie mehr als 3 ha offene Ackerfl\u00e4che bewirtschaften, m\u00fcssen Sie zwischen zwei Hauptkulturen folgende Anbaupausen einhalten (Jahr = 12 Monate).<\/p>\n<p>Im Feldbau gilt diejenige Kultur als Hauptkultur, welche die Parzelle w\u00e4hrend der Vegetationszeit am l\u00e4ngsten belegt.<\/p>\n<div class=\"table-1\">\n<table width=\"100%\">\n<thead>\n<tr>\n<th width=\"614\"><b>Kultur<\/b><\/th>\n<th width=\"227\"><b>Anbaupause<\/b><\/th>\n<\/tr>\n<\/thead>\n<tbody>\n<tr>\n<td width=\"614\"><strong>Getreide<\/strong><\/td>\n<td width=\"227\"><b>\u00a0<\/b><\/td>\n<\/tr>\n<tr>\n<td width=\"614\">Zwischen zwei gleichen Getreidearten (ohne Hafer)<\/td>\n<td width=\"227\">1 Jahr<\/td>\n<\/tr>\n<tr>\n<td width=\"614\">Ausnahme: zwischen Hafer<\/td>\n<td width=\"227\">3 Jahre<\/td>\n<\/tr>\n<tr>\n<td width=\"614\">Wenn 3 Anbaujahre Getreide (ohne Hafer) hintereinander, dann<\/td>\n<td width=\"227\">2 Jahre kein Getreide<\/td>\n<\/tr>\n<tr>\n<td width=\"614\">Wenn 2 Anbaujahre Getreide (ohne Hafer) hintereinander, dann<\/td>\n<td width=\"227\">1 Jahr kein Getreide<\/td>\n<\/tr>\n<tr>\n<td colspan=\"2\" width=\"841\">\n<p style=\"text-align: left\"><u>Hinweis<\/u>: Sommer- und Winterformen der gleichen Getreideart gelten als eine Art. Weizen und Dinkel werden als gleiche Art betrachtet. Emmer und Einkorn werden als separate Arten betrachtet.<\/p>\n<\/td>\n<\/tr>\n<tr>\n<td width=\"614\"><strong>Mais<\/strong><\/td>\n<td width=\"227\"><b>\u00a0<\/b><\/td>\n<\/tr>\n<tr>\n<td width=\"614\">Maiswiese mit mechanischer Regulierung des Graswuchses zwischen den Reihen, maximal 3 Anbaujahre hintereinander, dann<\/td>\n<td width=\"227\">2 Jahre<\/td>\n<\/tr>\n<tr>\n<td width=\"614\">Mais mit Untersaat, Mais als Mulch-, Streifenfr\u00e4ssaat oder Direktsaat nach Gr\u00fcnd\u00fcngung, Zwischenfutter oder Gr\u00fcnland, maximal 2 Jahre hintereinander, dann<\/td>\n<td width=\"227\">2 Jahre<\/td>\n<\/tr>\n<tr>\n<td width=\"614\">Mais mit Untersaat, Mais als Mulch-, Streifenfr\u00e4ssaat oder Direktsaat nach Gr\u00fcnd\u00fcngung, Zwischenfutter oder Gr\u00fcnland, w\u00e4hrend 1 Jahr angebaut, dann<\/td>\n<td width=\"227\">1 Jahr<\/td>\n<\/tr>\n<tr>\n<td width=\"614\">Mais (\u00fcbrige Anbauformen) maximal 2 Anbaujahre hintereinander, dann<\/td>\n<td width=\"227\">3 Jahre<\/td>\n<\/tr>\n<tr>\n<td width=\"614\">Mais (\u00fcbrige Anbauformen) nur w\u00e4hrend 1 Jahr angebaut, dann<\/td>\n<td width=\"227\">1 \u2013 2 Jahre (in 2 von 5 Jahren darf auf der gleichen Parzelle Mais stehen)<\/td>\n<\/tr>\n<tr>\n<td width=\"614\"><strong>R\u00fcben<\/strong><\/td>\n<td width=\"227\"><b>\u00a0<\/b><\/td>\n<\/tr>\n<tr>\n<td width=\"614\">Zwischen R\u00fcben<\/td>\n<td width=\"227\">3 Jahre<\/td>\n<\/tr>\n<tr>\n<td width=\"614\"><strong>Kartoffeln, Tabak<\/strong> (Nachtschattengew\u00e4chse)<\/td>\n<td width=\"227\"><b>\u00a0<\/b><\/td>\n<\/tr>\n<tr>\n<td width=\"614\">Zwischen Kartoffeln (ohne Fr\u00fchkartoffeln)<\/td>\n<td width=\"227\">3 Jahre<\/td>\n<\/tr>\n<tr>\n<td width=\"614\">Zwischen Fr\u00fchkartoffeln<\/td>\n<td width=\"227\">2 Jahre<\/td>\n<\/tr>\n<tr>\n<td width=\"614\">Zwischen Kartoffeln als Hauptkultur und Fr\u00fchkartoffeln (und umgekehrt)<\/td>\n<td width=\"227\">2 Jahre<\/td>\n<\/tr>\n<tr>\n<td width=\"614\">Zwischen Tabak, Sorte Burley<\/td>\n<td width=\"227\">3 Jahre<\/td>\n<\/tr>\n<tr>\n<td width=\"614\">Zwischen Tabak, Sorte Virgin<\/td>\n<td width=\"227\">5 Jahre<\/td>\n<\/tr>\n<tr>\n<td width=\"614\"><strong>Leguminosen<\/strong><\/td>\n<td width=\"227\"><b>\u00a0<\/b><\/td>\n<\/tr>\n<tr>\n<td width=\"614\">Zwischen Soja<\/td>\n<td width=\"227\">3 Jahre<\/td>\n<\/tr>\n<tr>\n<td width=\"614\">Zwischen Ackerbohnen<\/td>\n<td width=\"227\">3 Jahre<\/td>\n<\/tr>\n<tr>\n<td width=\"614\">Zwischen Proteinerbsen<\/td>\n<td width=\"227\">6 Jahre<\/td>\n<\/tr>\n<tr>\n<td width=\"614\">Mischungen von Erbsen mit Getreide<\/td>\n<td width=\"227\">6 Jahre<\/td>\n<\/tr>\n<tr>\n<td width=\"614\"><strong>Sklerotiniaanf\u00e4llige Kulturen<\/strong><\/td>\n<td width=\"227\"><b>\u00a0<\/b><\/td>\n<\/tr>\n<tr>\n<td width=\"614\">Zwischen Raps<\/td>\n<td width=\"227\">3 Jahre<\/td>\n<\/tr>\n<tr>\n<td width=\"614\">Zwischen Sonnenblumen<\/td>\n<td width=\"227\">3 Jahre<\/td>\n<\/tr>\n<tr>\n<td width=\"614\">Zwischen Raps und Sonnenblumen<\/td>\n<td width=\"227\">2 Jahre<\/td>\n<\/tr>\n<tr>\n<td width=\"614\"><strong>\u00dcbrige Ackerkulturen<\/strong><\/td>\n<td width=\"227\"><\/td>\n<\/tr>\n<tr>\n<td width=\"614\">Zwischen zwei Hauptkulturen der gleichen Familie<\/td>\n<td width=\"227\">2 Jahre<\/td>\n<\/tr>\n<tr>\n<td width=\"614\"><strong>Freiland-Schnittblumen<\/strong><\/td>\n<td width=\"227\"><strong>Es gibt keine Fruchtfolgeauflagen<\/strong><\/td>\n<\/tr>\n<\/tbody>\n<\/table>\n<\/div>\n<\/div><\/div><\/div><div class=\"fusion-panel panel-default panel-98d98d81f1862a78f fusion-toggle-has-divider\"><div class=\"panel-heading\"><h4 class=\"panel-title toggle\" id=\"toggle_98d98d81f1862a78f\"><a aria-expanded=\"false\" aria-controls=\"98d98d81f1862a78f\" role=\"button\" data-toggle=\"collapse\" data-parent=\"#accordion-244-1\" data-target=\"#98d98d81f1862a78f\" href=\"#98d98d81f1862a78f\"><span class=\"fusion-toggle-icon-wrapper\" aria-hidden=\"true\"><i class=\"fa-fusion-box active-icon awb-icon-minus\" aria-hidden=\"true\"><\/i><i class=\"fa-fusion-box inactive-icon awb-icon-plus\" aria-hidden=\"true\"><\/i><\/span><span class=\"fusion-toggle-heading\">Variante 2 \u2013 \u00abAnzahl Kulturen und Fl\u00e4chenanteile von Kulturen\u00bb<\/span><\/a><\/h4><\/div><div id=\"98d98d81f1862a78f\" class=\"panel-collapse collapse \" aria-labelledby=\"toggle_98d98d81f1862a78f\"><div class=\"panel-body toggle-content fusion-clearfix\">\n<h5>Anzahl Kulturen<\/h5>\n<p>Betriebe mit mehr als 3 ha offener Ackerfl\u00e4che m\u00fcssen j\u00e4hrlich mindestens vier verschiedene Kulturen aufweisen.<\/p>\n<p>Betriebe auf der Alpens\u00fcdseite m\u00fcssen j\u00e4hrlich mindestens 3 Kulturen aufweisen.<\/p>\n<p>Rotationsbrache, Buntbrache und Ackersaum geh\u00f6ren zur offenen Ackerfl\u00e4che und werden auch als Kultur gez\u00e4hlt. Kunstwiesen k\u00f6nnen auch als Kultur gez\u00e4hlt werden. Eine Kunstwiese kann maximal 6 Jahre alt sein. Ab dem 7. Hauptnutzungsjahr wird die Kunstwiese Dauergr\u00fcnland und kann nicht mehr gez\u00e4hlt werden.<\/p>\n<p>Wenn eine Wiese umgebrochen und direkt neu anges\u00e4t wird, oder wenn die Wiese in einem anderen Verfahren direkt neu anges\u00e4t wird, handelt es sich um eine Wiesenerneuerung, welche nicht Gegenstand der Fruchtfolge ist. Dasselbe gilt f\u00fcr Dauerwiesen, die erneuert werden. Damit eine Kultur gez\u00e4hlt wird, muss sie mindestens 10 % der Ackerfl\u00e4che (= offene Ackerfl\u00e4che plus Kunstwiesen) bedecken.<\/p>\n<p>Kulturen, die weniger als 10 % der Ackerfl\u00e4che bedecken, werden zusammengerechnet. Ist diese Summe gr\u00f6sser als 10 % der Ackerfl\u00e4che, ergibt das eine Kultur, ist die Summe<br \/>\ngr\u00f6sser als 20 %, ergibt das zwei Kulturen und ist die Summe gr\u00f6sser als 30%, ergibt das 3 Kulturen.<\/p>\n<p>Kunstwiesen, die mehr als 10 % der Ackerfl\u00e4che bedecken, werden als eine Kultur gez\u00e4hlt, bedecken sie mehr als 20 %, werden sie als zwei Kulturen gez\u00e4hlt und bedecken sie mehr als 30 %, werden sie als drei Kulturen gez\u00e4hlt. Gem\u00fcseschl\u00e4ge mit mehreren Arten von mindestens zwei Familien werden analog wie die Kunstwiesen gez\u00e4hlt.<\/p>\n<h5>Fl\u00e4chenanteile von Kulturen<\/h5>\n<p>Zus\u00e4tzlich zur Mindestanzahl von 4 Kulturen d\u00fcrfen Sie die maximalen Fl\u00e4chenanteile von Hauptkulturen an der Ackerfl\u00e4che j\u00e4hrlich nicht \u00fcberschreiten (siehe nachstehende Tabelle).<\/p>\n<p>Im Feldbau gilt diejenige Kultur als Hauptkultur, welche die Parzelle w\u00e4hrend der Vegetationszeit am l\u00e4ngsten belegt.<\/p>\n<div class=\"table-1\">\n<table width=\"100%\">\n<thead>\n<tr>\n<th width=\"482\"><strong>Hauptkultur<\/strong><\/th>\n<th width=\"150\"><strong>Maximaler Fl\u00e4chenanteil pro Jahr<\/strong><\/th>\n<\/tr>\n<\/thead>\n<tbody>\n<tr>\n<td width=\"482\"><strong>Getreide (ohne Mais und ohne Hafer)<\/strong><\/td>\n<td width=\"150\"><strong>Total 66%<\/strong><\/td>\n<\/tr>\n<tr>\n<td width=\"482\">Weizen und Dinkel zusammen<\/td>\n<td width=\"150\">50%<\/td>\n<\/tr>\n<tr>\n<td width=\"482\">Hafer<\/td>\n<td width=\"150\">25%<\/td>\n<\/tr>\n<tr>\n<td width=\"482\"><strong>Mais<\/strong><\/td>\n<td width=\"150\"><strong>\u00a0<\/strong><\/td>\n<\/tr>\n<tr>\n<td width=\"482\">Maiswiese mit mechanischer Regulierung des Graswuchses zwischen den Reihen<\/td>\n<td width=\"150\">60 %<\/td>\n<\/tr>\n<tr>\n<td width=\"482\">Mais mit Untersaat, Mais als Mulch-, Streifenfr\u00e4ssaat oder Direktsaat nach Gr\u00fcnd\u00fcngung, Zwischenfutterbau oder Kunstwiese<\/td>\n<td width=\"150\">40 %<\/td>\n<\/tr>\n<tr>\n<td colspan=\"2\" width=\"632\">Bei Betrieben mit gleichzeitig verschiedenen Maisanbauformen wird der maximale Anteil nach Fl\u00e4che gewichtet errechnet.<\/td>\n<\/tr>\n<tr>\n<td width=\"482\">Mais: Alpens\u00fcdseite, alle Anbauformen, bei Feldneigungen kleiner 3%<\/td>\n<td width=\"150\">50%<\/td>\n<\/tr>\n<tr>\n<td width=\"482\"><strong>R\u00fcben<\/strong><\/td>\n<td width=\"150\"><strong>\u00a0<\/strong><\/td>\n<\/tr>\n<tr>\n<td width=\"482\">R\u00fcben<\/td>\n<td width=\"150\">25%<\/td>\n<\/tr>\n<tr>\n<td width=\"482\"><strong>Kartoffeln, Tabak<\/strong> (Nachtschattengew\u00e4chse)<\/td>\n<td width=\"150\"><\/td>\n<\/tr>\n<tr>\n<td width=\"482\">Kartoffeln als Hauptkultur<\/td>\n<td width=\"150\">25%<\/td>\n<\/tr>\n<tr>\n<td width=\"482\">Tabak<\/td>\n<td width=\"150\">25%<\/td>\n<\/tr>\n<tr>\n<td width=\"482\"><strong>Leguminosen<\/strong><\/td>\n<td width=\"150\"><strong>\u00a0<\/strong><\/td>\n<\/tr>\n<tr>\n<td width=\"482\">Soja<\/td>\n<td width=\"150\">25 %<\/td>\n<\/tr>\n<tr>\n<td width=\"482\">Ackerbohnen<\/td>\n<td width=\"150\">25 %<\/td>\n<\/tr>\n<tr>\n<td width=\"482\">Proteinerbsen<\/td>\n<td width=\"150\">15 %<\/td>\n<\/tr>\n<tr>\n<td width=\"482\">Mischungen von Getreide und Erbsen<\/td>\n<td width=\"150\">15 %<\/td>\n<\/tr>\n<tr>\n<td width=\"482\"><strong>Sklerotiniaanf\u00e4llige Kulturen<\/strong><\/td>\n<td width=\"150\"><strong>\u00a0<\/strong><\/td>\n<\/tr>\n<tr>\n<td width=\"482\">Sonnenblumen<\/td>\n<td width=\"150\">25 %<\/td>\n<\/tr>\n<tr>\n<td width=\"482\">Raps<\/td>\n<td width=\"150\">25 %<\/td>\n<\/tr>\n<tr>\n<td width=\"482\">Raps und Sonnenblumen<\/td>\n<td width=\"150\">total 33%<\/td>\n<\/tr>\n<tr>\n<td width=\"482\"><strong>\u00dcbrige Ackerkulturen<\/strong><\/td>\n<td width=\"150\"><strong>\u00a0<\/strong><\/td>\n<\/tr>\n<tr>\n<td width=\"482\">Zwischen zwei Hauptkulturen der gleichen Familie<\/td>\n<td width=\"150\">2 Jahre Anbaupause<\/td>\n<\/tr>\n<tr>\n<td width=\"482\"><strong>Freiland-Schnittblumen<\/strong><\/td>\n<td width=\"150\"><strong>Es gibt keine Fruchtfolgeauflagen<\/strong><\/td>\n<\/tr>\n<\/tbody>\n<\/table>\n<\/div>\n<\/div><\/div><\/div><div class=\"fusion-panel panel-default panel-c150be9d3d21e7612 fusion-toggle-has-divider\"><div class=\"panel-heading\"><h4 class=\"panel-title toggle\" id=\"toggle_c150be9d3d21e7612\"><a aria-expanded=\"false\" aria-controls=\"c150be9d3d21e7612\" role=\"button\" data-toggle=\"collapse\" data-parent=\"#accordion-244-1\" data-target=\"#c150be9d3d21e7612\" href=\"#c150be9d3d21e7612\"><span class=\"fusion-toggle-icon-wrapper\" aria-hidden=\"true\"><i class=\"fa-fusion-box active-icon awb-icon-minus\" aria-hidden=\"true\"><\/i><i class=\"fa-fusion-box inactive-icon awb-icon-plus\" aria-hidden=\"true\"><\/i><\/span><span class=\"fusion-toggle-heading\">Fruchtfolge Erdbeeren (gem\u00e4ss SAIO)<\/span><\/a><\/h4><\/div><div id=\"c150be9d3d21e7612\" class=\"panel-collapse collapse \" aria-labelledby=\"toggle_c150be9d3d21e7612\"><div class=\"panel-body toggle-content fusion-clearfix\">\n<ul>\n<li>Bei Erdbeeren d\u00fcrfen maximal drei aufeinanderfolgende Ernten auf der gleichen Parzelle erfolgen. Anschliessend ist eine Anbaupause von mindestens 3 Jahren einzuhalten (die Anbaupause beginnt nach abgeschlossener Ernte zu laufen).<\/li>\n<li>Wenn die Anbaudauer weniger als drei Ernten betr\u00e4gt, ist eine Anbaupause von mindestens 2 Jahren einzuhalten (die Anbaudauer beginnt bei der Pflanzung und endet bei der letzten abgeschlossenen Ernte).<\/li>\n<li>Ebenfalls zul\u00e4ssig ist es, zwei Ernten durch eine Winter- respektive Zwischenkultur zu trennen, wenn die Zwischenkultur nicht aus Nachschattengew\u00e4chsen, H\u00fclsenfr\u00fcchten oder Phacelia besteht. Nach den maximal zwei Ernten ist eine Anbaupause von mindestens 2 Jahren einzuhalten.<\/li>\n<li>In H\u00e4rtef\u00e4llen kann die zust\u00e4ndige kantonale Fachstelle eine Sonderbewilligung erteilen.<\/li>\n<li>Betriebe, welche Probleme mit bodenb\u00fcrtigen Krankheiten und Sch\u00e4dlingen aufweisen, m\u00fcssen wesentlich l\u00e4ngere Anbaupausen einhalten.<\/li>\n<\/ul>\n<\/div><\/div><\/div><\/div><\/div><\/div><\/div><\/div><\/div><div class=\"fusion-fullwidth fullwidth-box fusion-builder-row-2 fusion-flex-container nonhundred-percent-fullwidth non-hundred-percent-height-scrolling\" style=\"--awb-border-radius-top-left:0px;--awb-border-radius-top-right:0px;--awb-border-radius-bottom-right:0px;--awb-border-radius-bottom-left:0px;--awb-flex-wrap:wrap;\" ><div class=\"fusion-builder-row fusion-row fusion-flex-align-items-flex-start fusion-flex-content-wrap\" style=\"max-width:1144px;margin-left: calc(-4% \/ 2 );margin-right: calc(-4% \/ 2 );\"><div class=\"fusion-layout-column fusion_builder_column fusion-builder-column-1 fusion_builder_column_1_1 1_1 fusion-flex-column\" style=\"--awb-bg-size:cover;--awb-width-large:100%;--awb-margin-top-large:0px;--awb-spacing-right-large:1.92%;--awb-margin-bottom-large:20px;--awb-spacing-left-large:1.92%;--awb-width-medium:100%;--awb-order-medium:0;--awb-spacing-right-medium:1.92%;--awb-spacing-left-medium:1.92%;--awb-width-small:100%;--awb-order-small:0;--awb-spacing-right-small:1.92%;--awb-spacing-left-small:1.92%;\"><div class=\"fusion-column-wrapper fusion-column-has-shadow fusion-flex-justify-content-flex-start fusion-content-layout-column\"><div class=\"fusion-tabs fusion-tabs-1 classic nav-is-justified horizontal-tabs icon-position-left mobile-mode-accordion\" style=\"--awb-title-border-radius-top-left:0px;--awb-title-border-radius-top-right:0px;--awb-title-border-radius-bottom-right:0px;--awb-title-border-radius-bottom-left:0px;--awb-inactive-color:#ebeaea;--awb-background-color:#ffffff;--awb-border-color:#ebeaea;--awb-active-border-color:#E72200;\"><div class=\"nav\"><ul class=\"nav-tabs nav-justified\" role=\"tablist\"><li class=\"active\" role=\"presentation\"><a class=\"tab-link\" data-toggle=\"tab\" role=\"tab\" aria-controls=\"tab-024c0f3a185076e7080\" aria-selected=\"true\" id=\"fusion-tab-dokumente\" href=\"#tab-024c0f3a185076e7080\"><h4 class=\"fusion-tab-heading\">Dokumente<\/h4><\/a><\/li><li role=\"presentation\"><a class=\"tab-link\" data-toggle=\"tab\" role=\"tab\" aria-controls=\"tab-7913b247947b5fae749\" aria-selected=\"false\" tabindex=\"-1\" id=\"fusion-tab-formulareundhilfsmittel\" href=\"#tab-7913b247947b5fae749\"><h4 class=\"fusion-tab-heading\">Formulare und Hilfsmittel<\/h4><\/a><\/li><\/ul><\/div><div class=\"tab-content\"><div class=\"nav fusion-mobile-tab-nav\"><ul class=\"nav-tabs nav-justified\" role=\"tablist\"><li class=\"active\" role=\"presentation\"><a class=\"tab-link\" data-toggle=\"tab\" role=\"tab\" aria-controls=\"tab-024c0f3a185076e7080\" aria-selected=\"true\" id=\"mobile-fusion-tab-dokumente\" href=\"#tab-024c0f3a185076e7080\"><h4 class=\"fusion-tab-heading\">Dokumente<\/h4><\/a><\/li><\/ul><\/div><div class=\"tab-pane fade fusion-clearfix in active\" role=\"tabpanel\" tabindex=\"0\" aria-labelledby=\"fusion-tab-dokumente\" id=\"tab-024c0f3a185076e7080\">\n<p><a href=\"https:\/\/www.gemuese.ch\/media\/3ckjp3qd\/fruchtfolgeregelung-mit-tabelle-d.pdf\" target=\"_blank\" rel=\"noopener noreferrer\">Fruchtfolgerichtlinien im Gem\u00fcsebau<\/a><\/p>\n<\/div><div class=\"nav fusion-mobile-tab-nav\"><ul class=\"nav-tabs nav-justified\" role=\"tablist\"><li role=\"presentation\"><a class=\"tab-link\" data-toggle=\"tab\" role=\"tab\" aria-controls=\"tab-7913b247947b5fae749\" aria-selected=\"false\" tabindex=\"-1\" id=\"mobile-fusion-tab-formulareundhilfsmittel\" href=\"#tab-7913b247947b5fae749\"><h4 class=\"fusion-tab-heading\">Formulare und Hilfsmittel<\/h4><\/a><\/li><\/ul><\/div><div class=\"tab-pane fade fusion-clearfix\" role=\"tabpanel\" tabindex=\"0\" aria-labelledby=\"fusion-tab-formulareundhilfsmittel\" id=\"tab-7913b247947b5fae749\">\n<h5>Aufzeichnungshilfsmittel<\/h5>\n<ul>\n<li><a href=\"https:\/\/agridea.abacuscity.ch\/de\/A~1216~1\/3~428200~Shop\/Publikationen\/Aufzeichnungen-Nachweis\/%C3%96kologischer-Leistungsnachweis-%C3%96LN\/Fruchtfolgerapport\/Deutsch\/Print-Papier\" target=\"_blank\" rel=\"noopener noreferrer\">Fruchtfolgerapport<\/a>, AGRIDEA<\/li>\n<\/ul>\n<h5>Softwareprogramme<\/h5>\n<ul>\n<li><a href=\"https:\/\/www.barto.ch\/de\/bausteine\/uebersicht\/fruchtfolge-und-anbauplanung-200\" target=\"_blank\" rel=\"noopener noreferrer\">Baustein Fruchtfolge- und Anbauplanung<\/a>, Barto<\/li>\n<\/ul>\n<\/div><\/div><\/div><\/div><\/div><\/div><\/div><\/p>\n","protected":false},"excerpt":{"rendered":"","protected":false},"author":266,"featured_media":0,"parent":9,"menu_order":4,"comment_status":"closed","ping_status":"closed","template":"","meta":{"_sb_is_suggestion_mode":false,"_sb_show_suggestion_boards":false,"_sb_show_comment_boards":false,"_sb_suggestion_history":"","_sb_update_block_changes":"","_monsterinsights_skip_tracking":false,"_monsterinsights_sitenote_active":false,"_monsterinsights_sitenote_note":"","_monsterinsights_sitenote_category":0,"footnotes":""},"class_list":["post-244","page","type-page","status-publish","hentry"],"_links":{"self":[{"href":"https:\/\/agripedia.ch\/oeln\/wp-json\/wp\/v2\/pages\/244","targetHints":{"allow":["GET"]}}],"collection":[{"href":"https:\/\/agripedia.ch\/oeln\/wp-json\/wp\/v2\/pages"}],"about":[{"href":"https:\/\/agripedia.ch\/oeln\/wp-json\/wp\/v2\/types\/page"}],"author":[{"embeddable":true,"href":"https:\/\/agripedia.ch\/oeln\/wp-json\/wp\/v2\/users\/266"}],"replies":[{"embeddable":true,"href":"https:\/\/agripedia.ch\/oeln\/wp-json\/wp\/v2\/comments?post=244"}],"version-history":[{"count":33,"href":"https:\/\/agripedia.ch\/oeln\/wp-json\/wp\/v2\/pages\/244\/revisions"}],"predecessor-version":[{"id":448,"href":"https:\/\/agripedia.ch\/oeln\/wp-json\/wp\/v2\/pages\/244\/revisions\/448"}],"up":[{"embeddable":true,"href":"https:\/\/agripedia.ch\/oeln\/wp-json\/wp\/v2\/pages\/9"}],"wp:attachment":[{"href":"https:\/\/agripedia.ch\/oeln\/wp-json\/wp\/v2\/media?parent=244"}],"curies":[{"name":"wp","href":"https:\/\/api.w.org\/{rel}","templated":true}]}}