{"id":309,"date":"2021-06-29T10:10:48","date_gmt":"2021-06-29T08:10:48","guid":{"rendered":"https:\/\/agripedia.ch\/moderation\/?page_id=309"},"modified":"2022-04-04T15:59:51","modified_gmt":"2022-04-04T13:59:51","slug":"moderation-und-konflikte","status":"publish","type":"page","link":"https:\/\/agripedia.ch\/moderation\/moderation-und-konflikte\/","title":{"rendered":"Moderation und Konflikte"},"content":{"rendered":"<p><div class=\"fusion-fullwidth fullwidth-box fusion-builder-row-1 fusion-flex-container nonhundred-percent-fullwidth non-hundred-percent-height-scrolling\" style=\"--awb-border-radius-top-left:0px;--awb-border-radius-top-right:0px;--awb-border-radius-bottom-right:0px;--awb-border-radius-bottom-left:0px;--awb-flex-wrap:wrap;\" ><div class=\"fusion-builder-row fusion-row fusion-flex-align-items-flex-start fusion-flex-content-wrap\" style=\"max-width:1144px;margin-left: calc(-4% \/ 2 );margin-right: calc(-4% \/ 2 );\"><div class=\"fusion-layout-column fusion_builder_column fusion-builder-column-0 fusion_builder_column_3_4 3_4 fusion-flex-column\" style=\"--awb-bg-size:cover;--awb-width-large:75%;--awb-margin-top-large:0px;--awb-spacing-right-large:2.56%;--awb-margin-bottom-large:20px;--awb-spacing-left-large:2.56%;--awb-width-medium:100%;--awb-order-medium:0;--awb-spacing-right-medium:1.92%;--awb-spacing-left-medium:1.92%;--awb-width-small:100%;--awb-order-small:0;--awb-spacing-right-small:1.92%;--awb-spacing-left-small:1.92%;\"><div class=\"fusion-column-wrapper fusion-column-has-shadow fusion-flex-justify-content-flex-start fusion-content-layout-column\"><nav class=\"fusion-breadcrumbs fusion-breadcrumbs-1\" style=\"--awb-breadcrumb-sep:&#039;&gt;&#039;;\" aria-label=\"Breadcrumb\"><ol class=\"awb-breadcrumb-list\"><\/ol><\/nav><div class=\"fusion-title title fusion-title-1 fusion-sep-none fusion-title-text fusion-title-size-two mh-title mh-title-chapter-8\"><h2 class=\"fusion-title-heading title-heading-left fusion-responsive-typography-calculated\" style=\"margin:0;--fontSize:40;line-height:1.5;\">Moderation und Konflikte<\/h2><\/div><div class=\"fusion-text fusion-text-1 mh-lead\"><p>Mit sorgf\u00e4ltiger Vorbereitung der Moderation k\u00f6nnen wir an Sitzungen und Workshops viele Konflikte vermeiden. Wenn es dennoch einmal zu einem Konflikt kommt, helfen ein paar Regeln, Missverst\u00e4ndnisse aufzudecken und Konflikte zu kl\u00e4ren.<\/p>\n<\/div><\/div><\/div><div class=\"fusion-layout-column fusion_builder_column fusion-builder-column-1 fusion_builder_column_1_4 1_4 fusion-flex-column mh-chapter-illustration\" style=\"--awb-bg-size:cover;--awb-width-large:25%;--awb-margin-top-large:0px;--awb-spacing-right-large:7.68%;--awb-margin-bottom-large:20px;--awb-spacing-left-large:7.68%;--awb-width-medium:100%;--awb-order-medium:0;--awb-spacing-right-medium:1.92%;--awb-spacing-left-medium:1.92%;--awb-width-small:100%;--awb-order-small:0;--awb-spacing-right-small:1.92%;--awb-spacing-left-small:1.92%;\"><div class=\"fusion-column-wrapper fusion-column-has-shadow fusion-flex-justify-content-flex-start fusion-content-layout-column\"><div class=\"fusion-image-element \" style=\"--awb-caption-title-font-family:var(--h2_typography-font-family);--awb-caption-title-font-weight:var(--h2_typography-font-weight);--awb-caption-title-font-style:var(--h2_typography-font-style);--awb-caption-title-size:var(--h2_typography-font-size);--awb-caption-title-transform:var(--h2_typography-text-transform);--awb-caption-title-line-height:var(--h2_typography-line-height);--awb-caption-title-letter-spacing:var(--h2_typography-letter-spacing);\"><span class=\" fusion-imageframe imageframe-none imageframe-1 hover-type-none\"><img decoding=\"async\" width=\"300\" height=\"268\" title=\"Kapital 8\" src=\"https:\/\/agripedia.ch\/moderation\/wp-content\/uploads\/sites\/37\/2022\/04\/kapitel_8-300x268.png\" alt class=\"img-responsive wp-image-1380\" srcset=\"https:\/\/agripedia.ch\/moderation\/wp-content\/uploads\/sites\/37\/2022\/04\/kapitel_8-200x179.png 200w, https:\/\/agripedia.ch\/moderation\/wp-content\/uploads\/sites\/37\/2022\/04\/kapitel_8-400x357.png 400w, https:\/\/agripedia.ch\/moderation\/wp-content\/uploads\/sites\/37\/2022\/04\/kapitel_8-600x536.png 600w, https:\/\/agripedia.ch\/moderation\/wp-content\/uploads\/sites\/37\/2022\/04\/kapitel_8-800x715.png 800w, https:\/\/agripedia.ch\/moderation\/wp-content\/uploads\/sites\/37\/2022\/04\/kapitel_8.png 1058w\" sizes=\"(max-width: 1024px) 100vw, (max-width: 640px) 100vw, 400px\" \/><\/span><\/div><\/div><\/div><\/div><\/div><div class=\"fusion-fullwidth fullwidth-box fusion-builder-row-2 fusion-flex-container mh-chapter-overview mh-chapter-8-background nonhundred-percent-fullwidth non-hundred-percent-height-scrolling\" style=\"--awb-border-radius-top-left:0px;--awb-border-radius-top-right:0px;--awb-border-radius-bottom-right:0px;--awb-border-radius-bottom-left:0px;--awb-flex-wrap:wrap;\" ><div class=\"fusion-builder-row fusion-row fusion-flex-align-items-flex-start fusion-flex-content-wrap\" style=\"max-width:1144px;margin-left: calc(-4% \/ 2 );margin-right: calc(-4% \/ 2 );\"><div class=\"fusion-layout-column fusion_builder_column fusion-builder-column-2 fusion_builder_column_1_1 1_1 fusion-flex-column\" style=\"--awb-bg-size:cover;--awb-width-large:100%;--awb-margin-top-large:0px;--awb-spacing-right-large:1.92%;--awb-margin-bottom-large:20px;--awb-spacing-left-large:1.92%;--awb-width-medium:100%;--awb-order-medium:0;--awb-spacing-right-medium:1.92%;--awb-spacing-left-medium:1.92%;--awb-width-small:100%;--awb-order-small:0;--awb-spacing-right-small:1.92%;--awb-spacing-left-small:1.92%;\"><div class=\"fusion-column-wrapper fusion-column-has-shadow fusion-flex-justify-content-flex-start fusion-content-layout-column\"><div class=\"fusion-title title fusion-title-2 fusion-sep-none fusion-title-text fusion-title-size-four mh-title-chapter-overview\"><h4 class=\"fusion-title-heading title-heading-left fusion-responsive-typography-calculated\" style=\"margin:0;--fontSize:24;--minFontSize:24;line-height:1.5;\">Unterkapitel<\/h4><\/div><\/div><\/div>\n<div class=\"fusion-layout-column fusion_builder_column fusion-builder-column-3 fusion_builder_column_1_4 1_4 fusion-flex-column mh-chapter-button mh-color-chapter-8 fusion-column-inner-bg-wrapper\" style=\"--awb-inner-bg-size:cover;--awb-width-large:25%;--awb-margin-top-large:0px;--awb-spacing-right-large:7.68%;--awb-margin-bottom-large:20px;--awb-spacing-left-large:7.68%;--awb-width-medium:100%;--awb-order-medium:0;--awb-spacing-right-medium:1.92%;--awb-spacing-left-medium:1.92%;--awb-width-small:100%;--awb-order-small:0;--awb-spacing-right-small:1.92%;--awb-spacing-left-small:1.92%;\"><span class=\"fusion-column-inner-bg hover-type-none\"><a class=\"fusion-column-anchor\" href=\"https:\/\/agripedia.ch\/moderation\/moderation-und-konflikte\/konfliktpraevention\/\"><span class=\"fusion-column-inner-bg-image\"><\/span><\/a><\/span><div class=\"fusion-column-wrapper fusion-column-has-shadow fusion-flex-justify-content-flex-start fusion-content-layout-column\"><div class=\"fusion-title title fusion-title-3 fusion-sep-none fusion-title-text fusion-title-size-five\"><h5 class=\"fusion-title-heading title-heading-left fusion-responsive-typography-calculated\" style=\"margin:0;--fontSize:18;--minFontSize:18;line-height:1.5;\">Konfliktpr\u00e4vention<\/h5><\/div><\/div><\/div><div class=\"fusion-layout-column fusion_builder_column fusion-builder-column-4 fusion_builder_column_1_4 1_4 fusion-flex-column mh-chapter-button mh-color-chapter-8 fusion-column-inner-bg-wrapper\" style=\"--awb-inner-bg-size:cover;--awb-width-large:25%;--awb-margin-top-large:0px;--awb-spacing-right-large:7.68%;--awb-margin-bottom-large:20px;--awb-spacing-left-large:7.68%;--awb-width-medium:100%;--awb-order-medium:0;--awb-spacing-right-medium:1.92%;--awb-spacing-left-medium:1.92%;--awb-width-small:100%;--awb-order-small:0;--awb-spacing-right-small:1.92%;--awb-spacing-left-small:1.92%;\"><span class=\"fusion-column-inner-bg hover-type-none\"><a class=\"fusion-column-anchor\" href=\"https:\/\/agripedia.ch\/moderation\/moderation-und-konflikte\/wege-zur-konfliktloesung-konflikt-nutzung\/\"><span class=\"fusion-column-inner-bg-image\"><\/span><\/a><\/span><div class=\"fusion-column-wrapper fusion-column-has-shadow fusion-flex-justify-content-flex-start fusion-content-layout-column\"><div class=\"fusion-title title fusion-title-4 fusion-sep-none fusion-title-text fusion-title-size-five\"><h5 class=\"fusion-title-heading title-heading-left fusion-responsive-typography-calculated\" style=\"margin:0;--fontSize:18;--minFontSize:18;line-height:1.5;\">Wege zur Konfliktl\u00f6sung \/ Konflikt-Nutzung<\/h5><\/div><\/div><\/div><div class=\"fusion-layout-column fusion_builder_column fusion-builder-column-5 fusion_builder_column_1_4 1_4 fusion-flex-column mh-chapter-button mh-color-chapter-8 fusion-column-inner-bg-wrapper\" style=\"--awb-inner-bg-size:cover;--awb-width-large:25%;--awb-margin-top-large:0px;--awb-spacing-right-large:7.68%;--awb-margin-bottom-large:20px;--awb-spacing-left-large:7.68%;--awb-width-medium:100%;--awb-order-medium:0;--awb-spacing-right-medium:1.92%;--awb-spacing-left-medium:1.92%;--awb-width-small:100%;--awb-order-small:0;--awb-spacing-right-small:1.92%;--awb-spacing-left-small:1.92%;\"><span class=\"fusion-column-inner-bg hover-type-none\"><a class=\"fusion-column-anchor\" href=\"https:\/\/agripedia.ch\/moderation\/moderation-und-konflikte\/tipps-zum-umgang-mit-besonderen-teilnehmern\/\"><span class=\"fusion-column-inner-bg-image\"><\/span><\/a><\/span><div class=\"fusion-column-wrapper fusion-column-has-shadow fusion-flex-justify-content-flex-start fusion-content-layout-column\"><div class=\"fusion-title title fusion-title-5 fusion-sep-none fusion-title-text fusion-title-size-five\"><h5 class=\"fusion-title-heading title-heading-left fusion-responsive-typography-calculated\" style=\"margin:0;--fontSize:18;--minFontSize:18;line-height:1.5;\">Tipps zum Umgang mit \u00abbesonderen Teilnehmern\u00bb<\/h5><\/div><\/div><\/div><\/div><\/div><div class=\"fusion-fullwidth fullwidth-box fusion-builder-row-3 fusion-flex-container nonhundred-percent-fullwidth non-hundred-percent-height-scrolling\" style=\"--awb-border-radius-top-left:0px;--awb-border-radius-top-right:0px;--awb-border-radius-bottom-right:0px;--awb-border-radius-bottom-left:0px;--awb-flex-wrap:wrap;\" ><div class=\"fusion-builder-row fusion-row fusion-flex-align-items-flex-start fusion-flex-content-wrap\" style=\"max-width:1144px;margin-left: calc(-4% \/ 2 );margin-right: calc(-4% \/ 2 );\"><div class=\"fusion-layout-column fusion_builder_column fusion-builder-column-6 fusion_builder_column_1_1 1_1 fusion-flex-column\" style=\"--awb-bg-size:cover;--awb-width-large:100%;--awb-margin-top-large:0px;--awb-spacing-right-large:1.92%;--awb-margin-bottom-large:20px;--awb-spacing-left-large:1.92%;--awb-width-medium:100%;--awb-order-medium:0;--awb-spacing-right-medium:1.92%;--awb-spacing-left-medium:1.92%;--awb-width-small:100%;--awb-order-small:0;--awb-spacing-right-small:1.92%;--awb-spacing-left-small:1.92%;\"><div class=\"fusion-column-wrapper fusion-column-has-shadow fusion-flex-justify-content-flex-start fusion-content-layout-column\"><div class=\"fusion-text fusion-text-2\"><p>Sind Konflikte vermeidbar oder sind Konflikte f\u00fcr kreative L\u00f6sungen notwendig? Je nach dem pers\u00f6nlichen Hintergrund und der eigenen Geschichte wird die Antwort verschieden ausfallen.<\/p>\n<p>In Konflikten kommen gegens\u00e4tzliche Standpunkte zum Ausdruck. Wenn es uns in der Moderation gelingt, gemeinsam Einsicht in den Hintergrund (Interessen, Bed\u00fcrfnisse, Werte, W\u00fcnsche) zu gewinnen, dann liegt in einem Konflikt ein grosses Potential, das alle Beteiligten bereichert. Konflikte hinterlassen nur dann Verunsicherung und Verletzungen, wenn sie polemisch, also unprofessionell angegangen werden.<\/p>\n<p>Ein\/e Moderator\/in soll mit Konflikten umgehen k\u00f6nnen, sowohl pr\u00e4ventiv (umsichtig vorbereiten) wie kurativ (in der Situation richtig reagieren). Das wird am Beispiel \u00abGute Vorbereitung vermeidet Konflikte\u00bb sichtbar.<\/p>\n<\/div><\/div><\/div><div class=\"fusion-layout-column fusion_builder_column fusion-builder-column-7 fusion_builder_column_1_1 1_1 fusion-flex-column\" style=\"--awb-bg-size:cover;--awb-width-large:100%;--awb-margin-top-large:0px;--awb-spacing-right-large:1.92%;--awb-margin-bottom-large:20px;--awb-spacing-left-large:1.92%;--awb-width-medium:100%;--awb-order-medium:0;--awb-spacing-right-medium:1.92%;--awb-spacing-left-medium:1.92%;--awb-width-small:100%;--awb-order-small:0;--awb-spacing-right-small:1.92%;--awb-spacing-left-small:1.92%;\"><div class=\"fusion-column-wrapper fusion-column-has-shadow fusion-flex-justify-content-flex-start fusion-content-layout-column\"><div class=\"accordian fusion-accordian mh-toggle\" style=\"--awb-border-size:1px;--awb-icon-size:13px;--awb-content-font-size:18px;--awb-icon-alignment:right;--awb-hover-color:#f9f9f9;--awb-border-color:#ac3731;--awb-background-color:rgba(172,55,49,0.2);--awb-divider-color:#e0dede;--awb-divider-hover-color:#e0dede;--awb-icon-color:#333333;--awb-title-color:#f44336;--awb-content-color:#0f0f0f;--awb-icon-box-color:#7a7a7a;--awb-toggle-hover-accent-color:#000000;--awb-title-font-family:&quot;Roboto&quot;;--awb-title-font-weight:700;--awb-title-font-style:normal;--awb-title-line-height:1.5;--awb-content-font-family:&quot;Roboto&quot;;--awb-content-font-style:normal;--awb-content-font-weight:300;\"><div class=\"panel-group fusion-toggle-icon-right fusion-toggle-icon-unboxed\" id=\"accordion-309-1\"><div class=\"fusion-panel panel-default panel-67e62276e0dd60a4d fusion-toggle-no-divider fusion-toggle-boxed-mode\"><div class=\"panel-heading\"><h4 class=\"panel-title toggle\" id=\"toggle_67e62276e0dd60a4d\"><a aria-expanded=\"false\" aria-controls=\"67e62276e0dd60a4d\" role=\"button\" data-toggle=\"collapse\" data-parent=\"#accordion-309-1\" data-target=\"#67e62276e0dd60a4d\" href=\"#67e62276e0dd60a4d\"><span class=\"fusion-toggle-icon-wrapper\" aria-hidden=\"true\"><i class=\"fa-fusion-box active-icon awb-icon-minus\" aria-hidden=\"true\"><\/i><i class=\"fa-fusion-box inactive-icon awb-icon-plus\" aria-hidden=\"true\"><\/i><\/span><span class=\"fusion-toggle-heading\">Fallbeispiel: Gute Vorbereitung vermeidet Konflikte<\/span><\/a><\/h4><\/div><div id=\"67e62276e0dd60a4d\" class=\"panel-collapse collapse \" aria-labelledby=\"toggle_67e62276e0dd60a4d\"><div class=\"panel-body toggle-content fusion-clearfix\">\n<p>Von einem Team, das ein Forum zur Neugestaltung der Landnutzungsplanung einer Stadt moderiert, haben wir eine Anfrage erhalten. Das Team empfindet die Situation im Forum als konfliktgeladen und bittet uns um ein Coaching.<\/p>\n<p>Zuerst mache ich mich mit dem Auftrag des Teams vertraut und bitte es dann, die Situationen zu schildern, die es als konfliktbeladen empfindet. Das ergibt eine l\u00e4ngere Liste.<\/p>\n<p>In einem zweiten Schritt kl\u00e4ren wir, welche Interventionsm\u00f6glichkeiten den Moderatoren\/innen zur Verf\u00fcgung stehen. Auf der einen Seite sind es pr\u00e4ventive Mittel wie Vorbereitung, Vorgespr\u00e4che mit wichtigen Exponenten, realistische und transparente Ziele und Programme, klare Rollen; klare Vereinbarungen zu Ziel, Rollen, Spielregeln; Visualisierung von wichtigen Regeln und Informationen, etc. Auf der anderen Seite entsteht eine Liste von kurativen Mitteln wie paraphrasieren und visualisieren; Pausen mit Kl\u00e4rungen einschalten; Konflikte in Gespr\u00e4chen thematisieren; ein Thema vertagen; etc.<\/p>\n<p>Als dritten Schritt schlage ich dem Team vor, jeder Konfliktsituation aus der ersten Liste das geeignetste Vorgehen aus der zweiten Liste zuzuordnen. Das Erstaunliche dabei ist, dass sich das Team in 80% aller F\u00e4lle f\u00fcr ein pr\u00e4ventives Mittel entscheidet.<\/p>\n<p>Die Lehre, die wir daraus ziehen: Offenbar lassen sich die meisten Konflikte in moderierten Veranstaltungen vermeiden, wenn wir sorgf\u00e4ltig vorbereiten und mit allen Beteiligten genaue Vereinbarungen treffen. (EB)<\/p>\n<\/div><\/div><\/div><\/div><\/div><\/div><\/div><\/div><\/div><\/p>\n","protected":false},"excerpt":{"rendered":"","protected":false},"author":26,"featured_media":0,"parent":0,"menu_order":8,"comment_status":"closed","ping_status":"closed","template":"","meta":{"_sb_is_suggestion_mode":false,"_sb_show_suggestion_boards":false,"_sb_show_comment_boards":false,"_sb_suggestion_history":"","_sb_update_block_changes":"","inline_featured_image":false,"_monsterinsights_skip_tracking":false,"_monsterinsights_sitenote_active":false,"_monsterinsights_sitenote_note":"","_monsterinsights_sitenote_category":0,"footnotes":""},"class_list":["post-309","page","type-page","status-publish","hentry"],"_links":{"self":[{"href":"https:\/\/agripedia.ch\/moderation\/wp-json\/wp\/v2\/pages\/309","targetHints":{"allow":["GET"]}}],"collection":[{"href":"https:\/\/agripedia.ch\/moderation\/wp-json\/wp\/v2\/pages"}],"about":[{"href":"https:\/\/agripedia.ch\/moderation\/wp-json\/wp\/v2\/types\/page"}],"author":[{"embeddable":true,"href":"https:\/\/agripedia.ch\/moderation\/wp-json\/wp\/v2\/users\/26"}],"replies":[{"embeddable":true,"href":"https:\/\/agripedia.ch\/moderation\/wp-json\/wp\/v2\/comments?post=309"}],"version-history":[{"count":15,"href":"https:\/\/agripedia.ch\/moderation\/wp-json\/wp\/v2\/pages\/309\/revisions"}],"predecessor-version":[{"id":329,"href":"https:\/\/agripedia.ch\/moderation\/wp-json\/wp\/v2\/pages\/309\/revisions\/329"}],"wp:attachment":[{"href":"https:\/\/agripedia.ch\/moderation\/wp-json\/wp\/v2\/media?parent=309"}],"curies":[{"name":"wp","href":"https:\/\/api.w.org\/{rel}","templated":true}]}}