{"id":231,"date":"2021-06-15T16:20:09","date_gmt":"2021-06-15T14:20:09","guid":{"rendered":"https:\/\/agripedia.ch\/moderation\/?page_id=231"},"modified":"2022-04-04T15:54:14","modified_gmt":"2022-04-04T13:54:14","slug":"moderation-von-einzel-und-gruppenarbeiten","status":"publish","type":"page","link":"https:\/\/agripedia.ch\/moderation\/moderation-von-einzel-und-gruppenarbeiten\/","title":{"rendered":"Moderation von Einzel- und Gruppenarbeiten"},"content":{"rendered":"<p><div class=\"fusion-fullwidth fullwidth-box fusion-builder-row-1 fusion-flex-container nonhundred-percent-fullwidth non-hundred-percent-height-scrolling\" style=\"--awb-border-radius-top-left:0px;--awb-border-radius-top-right:0px;--awb-border-radius-bottom-right:0px;--awb-border-radius-bottom-left:0px;--awb-flex-wrap:wrap;\" ><div class=\"fusion-builder-row fusion-row fusion-flex-align-items-flex-start fusion-flex-content-wrap\" style=\"max-width:1144px;margin-left: calc(-4% \/ 2 );margin-right: calc(-4% \/ 2 );\"><div class=\"fusion-layout-column fusion_builder_column fusion-builder-column-0 fusion_builder_column_3_4 3_4 fusion-flex-column\" style=\"--awb-bg-size:cover;--awb-width-large:75%;--awb-margin-top-large:0px;--awb-spacing-right-large:2.56%;--awb-margin-bottom-large:20px;--awb-spacing-left-large:2.56%;--awb-width-medium:100%;--awb-order-medium:0;--awb-spacing-right-medium:1.92%;--awb-spacing-left-medium:1.92%;--awb-width-small:100%;--awb-order-small:0;--awb-spacing-right-small:1.92%;--awb-spacing-left-small:1.92%;\"><div class=\"fusion-column-wrapper fusion-column-has-shadow fusion-flex-justify-content-flex-start fusion-content-layout-column\"><nav class=\"fusion-breadcrumbs fusion-breadcrumbs-1\" style=\"--awb-breadcrumb-sep:&#039;&gt;&#039;;\" aria-label=\"Breadcrumb\"><ol class=\"awb-breadcrumb-list\"><\/ol><\/nav><div class=\"fusion-title title fusion-title-1 fusion-sep-none fusion-title-text fusion-title-size-two mh-title mh-title-chapter-5\"><h2 class=\"fusion-title-heading title-heading-left fusion-responsive-typography-calculated\" style=\"margin:0;--fontSize:40;line-height:1.5;\">Moderation von Einzel- und Gruppenarbeiten<\/h2><\/div><div class=\"fusion-text fusion-text-1 mh-lead\"><p>Im Rahmen vieler Veranstaltungen sind Einzel- und Gruppenarbeiten der Weg zu schnellerem Arbeiten und zu mehr Kreativit\u00e4t. Gruppen bilden, Arbeitsauftr\u00e4ge formulieren, Teilgruppen f\u00fchren und Resultate austauschen geh\u00f6ren zum Repertoire jeder Moderatorin.<\/p>\n<\/div><\/div><\/div><div class=\"fusion-layout-column fusion_builder_column fusion-builder-column-1 fusion_builder_column_1_4 1_4 fusion-flex-column mh-chapter-illustration\" style=\"--awb-bg-size:cover;--awb-width-large:25%;--awb-margin-top-large:0px;--awb-spacing-right-large:7.68%;--awb-margin-bottom-large:20px;--awb-spacing-left-large:7.68%;--awb-width-medium:100%;--awb-order-medium:0;--awb-spacing-right-medium:1.92%;--awb-spacing-left-medium:1.92%;--awb-width-small:100%;--awb-order-small:0;--awb-spacing-right-small:1.92%;--awb-spacing-left-small:1.92%;\"><div class=\"fusion-column-wrapper fusion-column-has-shadow fusion-flex-justify-content-flex-start fusion-content-layout-column\"><div class=\"fusion-image-element \" style=\"--awb-caption-title-font-family:var(--h2_typography-font-family);--awb-caption-title-font-weight:var(--h2_typography-font-weight);--awb-caption-title-font-style:var(--h2_typography-font-style);--awb-caption-title-size:var(--h2_typography-font-size);--awb-caption-title-transform:var(--h2_typography-text-transform);--awb-caption-title-line-height:var(--h2_typography-line-height);--awb-caption-title-letter-spacing:var(--h2_typography-letter-spacing);\"><span class=\" fusion-imageframe imageframe-none imageframe-1 hover-type-none\"><img decoding=\"async\" width=\"1058\" height=\"805\" alt=\"Kapitel 5\" title=\"Kapitel 5\" src=\"https:\/\/agripedia.ch\/moderation\/wp-content\/uploads\/sites\/37\/2022\/03\/kapitel_5.png\" class=\"img-responsive wp-image-1160\" srcset=\"https:\/\/agripedia.ch\/moderation\/wp-content\/uploads\/sites\/37\/2022\/03\/kapitel_5-200x152.png 200w, https:\/\/agripedia.ch\/moderation\/wp-content\/uploads\/sites\/37\/2022\/03\/kapitel_5-400x304.png 400w, https:\/\/agripedia.ch\/moderation\/wp-content\/uploads\/sites\/37\/2022\/03\/kapitel_5-600x457.png 600w, https:\/\/agripedia.ch\/moderation\/wp-content\/uploads\/sites\/37\/2022\/03\/kapitel_5-800x609.png 800w, https:\/\/agripedia.ch\/moderation\/wp-content\/uploads\/sites\/37\/2022\/03\/kapitel_5.png 1058w\" sizes=\"(max-width: 1024px) 100vw, (max-width: 640px) 100vw, 400px\" \/><\/span><\/div><\/div><\/div><\/div><\/div><div class=\"fusion-fullwidth fullwidth-box fusion-builder-row-2 fusion-flex-container mh-chapter-overview mh-chapter-5-background nonhundred-percent-fullwidth non-hundred-percent-height-scrolling\" style=\"--awb-border-radius-top-left:0px;--awb-border-radius-top-right:0px;--awb-border-radius-bottom-right:0px;--awb-border-radius-bottom-left:0px;--awb-flex-wrap:wrap;\" ><div class=\"fusion-builder-row fusion-row fusion-flex-align-items-flex-start fusion-flex-content-wrap\" style=\"max-width:1144px;margin-left: calc(-4% \/ 2 );margin-right: calc(-4% \/ 2 );\"><div class=\"fusion-layout-column fusion_builder_column fusion-builder-column-2 fusion_builder_column_1_1 1_1 fusion-flex-column\" style=\"--awb-bg-size:cover;--awb-width-large:100%;--awb-margin-top-large:0px;--awb-spacing-right-large:1.92%;--awb-margin-bottom-large:20px;--awb-spacing-left-large:1.92%;--awb-width-medium:100%;--awb-order-medium:0;--awb-spacing-right-medium:1.92%;--awb-spacing-left-medium:1.92%;--awb-width-small:100%;--awb-order-small:0;--awb-spacing-right-small:1.92%;--awb-spacing-left-small:1.92%;\"><div class=\"fusion-column-wrapper fusion-column-has-shadow fusion-flex-justify-content-flex-start fusion-content-layout-column\"><div class=\"fusion-title title fusion-title-2 fusion-sep-none fusion-title-text fusion-title-size-four mh-title-chapter-overview\"><h4 class=\"fusion-title-heading title-heading-left fusion-responsive-typography-calculated\" style=\"margin:0;--fontSize:24;--minFontSize:24;line-height:1.5;\">Unterkapitel<\/h4><\/div><\/div><\/div>\n<div class=\"fusion-layout-column fusion_builder_column fusion-builder-column-3 fusion_builder_column_1_4 1_4 fusion-flex-column mh-chapter-button mh-color-chapter-5 fusion-column-inner-bg-wrapper\" style=\"--awb-inner-bg-size:cover;--awb-width-large:25%;--awb-margin-top-large:0px;--awb-spacing-right-large:7.68%;--awb-margin-bottom-large:20px;--awb-spacing-left-large:7.68%;--awb-width-medium:100%;--awb-order-medium:0;--awb-spacing-right-medium:1.92%;--awb-spacing-left-medium:1.92%;--awb-width-small:100%;--awb-order-small:0;--awb-spacing-right-small:1.92%;--awb-spacing-left-small:1.92%;\"><span class=\"fusion-column-inner-bg hover-type-none\"><a class=\"fusion-column-anchor\" href=\"https:\/\/agripedia.ch\/moderation\/moderation-von-einzel-und-gruppenarbeiten\/gruppenarbeit-mit-arbeitsauftrag-einfuehren\/\"><span class=\"fusion-column-inner-bg-image\"><\/span><\/a><\/span><div class=\"fusion-column-wrapper fusion-column-has-shadow fusion-flex-justify-content-flex-start fusion-content-layout-column\"><div class=\"fusion-title title fusion-title-3 fusion-sep-none fusion-title-text fusion-title-size-five\"><h5 class=\"fusion-title-heading title-heading-left fusion-responsive-typography-calculated\" style=\"margin:0;--fontSize:18;--minFontSize:18;line-height:1.5;\">Gruppenarbeit mit Arbeitsauftrag einf\u00fchren<\/h5><\/div><\/div><\/div><div class=\"fusion-layout-column fusion_builder_column fusion-builder-column-4 fusion_builder_column_1_4 1_4 fusion-flex-column mh-chapter-button mh-color-chapter-5 fusion-column-inner-bg-wrapper\" style=\"--awb-inner-bg-size:cover;--awb-width-large:25%;--awb-margin-top-large:0px;--awb-spacing-right-large:7.68%;--awb-margin-bottom-large:20px;--awb-spacing-left-large:7.68%;--awb-width-medium:100%;--awb-order-medium:0;--awb-spacing-right-medium:1.92%;--awb-spacing-left-medium:1.92%;--awb-width-small:100%;--awb-order-small:0;--awb-spacing-right-small:1.92%;--awb-spacing-left-small:1.92%;\"><span class=\"fusion-column-inner-bg hover-type-none\"><a class=\"fusion-column-anchor\" href=\"https:\/\/agripedia.ch\/moderation\/moderation-von-einzel-und-gruppenarbeiten\/gruppen-bilden\/\"><span class=\"fusion-column-inner-bg-image\"><\/span><\/a><\/span><div class=\"fusion-column-wrapper fusion-column-has-shadow fusion-flex-justify-content-flex-start fusion-content-layout-column\"><div class=\"fusion-title title fusion-title-4 fusion-sep-none fusion-title-text fusion-title-size-five\"><h5 class=\"fusion-title-heading title-heading-left fusion-responsive-typography-calculated\" style=\"margin:0;--fontSize:18;--minFontSize:18;line-height:1.5;\">Gruppen bilden<\/h5><\/div><\/div><\/div><div class=\"fusion-layout-column fusion_builder_column fusion-builder-column-5 fusion_builder_column_1_4 1_4 fusion-flex-column mh-chapter-button mh-color-chapter-5 fusion-column-inner-bg-wrapper\" style=\"--awb-inner-bg-size:cover;--awb-width-large:25%;--awb-margin-top-large:0px;--awb-spacing-right-large:7.68%;--awb-margin-bottom-large:20px;--awb-spacing-left-large:7.68%;--awb-width-medium:100%;--awb-order-medium:0;--awb-spacing-right-medium:1.92%;--awb-spacing-left-medium:1.92%;--awb-width-small:100%;--awb-order-small:0;--awb-spacing-right-small:1.92%;--awb-spacing-left-small:1.92%;\"><span class=\"fusion-column-inner-bg hover-type-none\"><a class=\"fusion-column-anchor\" href=\"https:\/\/agripedia.ch\/moderation\/moderation-von-einzel-und-gruppenarbeiten\/gruppenarbeiten-durchfuehren\/\"><span class=\"fusion-column-inner-bg-image\"><\/span><\/a><\/span><div class=\"fusion-column-wrapper fusion-column-has-shadow fusion-flex-justify-content-flex-start fusion-content-layout-column\"><div class=\"fusion-title title fusion-title-5 fusion-sep-none fusion-title-text fusion-title-size-five\"><h5 class=\"fusion-title-heading title-heading-left fusion-responsive-typography-calculated\" style=\"margin:0;--fontSize:18;--minFontSize:18;line-height:1.5;\">Gruppenarbeiten durchf\u00fchren<\/h5><\/div><\/div><\/div><div class=\"fusion-layout-column fusion_builder_column fusion-builder-column-6 fusion_builder_column_1_4 1_4 fusion-flex-column mh-chapter-button mh-color-chapter-5 fusion-column-inner-bg-wrapper\" style=\"--awb-inner-bg-size:cover;--awb-width-large:25%;--awb-margin-top-large:0px;--awb-spacing-right-large:7.68%;--awb-margin-bottom-large:20px;--awb-spacing-left-large:7.68%;--awb-width-medium:100%;--awb-order-medium:0;--awb-spacing-right-medium:1.92%;--awb-spacing-left-medium:1.92%;--awb-width-small:100%;--awb-order-small:0;--awb-spacing-right-small:1.92%;--awb-spacing-left-small:1.92%;\"><span class=\"fusion-column-inner-bg hover-type-none\"><a class=\"fusion-column-anchor\" href=\"https:\/\/agripedia.ch\/moderation\/moderation-von-einzel-und-gruppenarbeiten\/austausch-von-resultaten-und-informationen\/\"><span class=\"fusion-column-inner-bg-image\"><\/span><\/a><\/span><div class=\"fusion-column-wrapper fusion-column-has-shadow fusion-flex-justify-content-flex-start fusion-content-layout-column\"><div class=\"fusion-title title fusion-title-6 fusion-sep-none fusion-title-text fusion-title-size-five\"><h5 class=\"fusion-title-heading title-heading-left fusion-responsive-typography-calculated\" style=\"margin:0;--fontSize:18;--minFontSize:18;line-height:1.5;\">Austausch von Resultaten und Informationen<\/h5><\/div><\/div><\/div><div class=\"fusion-layout-column fusion_builder_column fusion-builder-column-7 fusion_builder_column_1_4 1_4 fusion-flex-column mh-chapter-button mh-color-chapter-5 fusion-column-inner-bg-wrapper\" style=\"--awb-inner-bg-size:cover;--awb-width-large:25%;--awb-margin-top-large:0px;--awb-spacing-right-large:7.68%;--awb-margin-bottom-large:20px;--awb-spacing-left-large:7.68%;--awb-width-medium:100%;--awb-order-medium:0;--awb-spacing-right-medium:1.92%;--awb-spacing-left-medium:1.92%;--awb-width-small:100%;--awb-order-small:0;--awb-spacing-right-small:1.92%;--awb-spacing-left-small:1.92%;\"><span class=\"fusion-column-inner-bg hover-type-none\"><a class=\"fusion-column-anchor\" href=\"https:\/\/agripedia.ch\/moderation\/moderation-von-einzel-und-gruppenarbeiten\/hintergrund-info-funktionale-gruppengroessen\/\"><span class=\"fusion-column-inner-bg-image\"><\/span><\/a><\/span><div class=\"fusion-column-wrapper fusion-column-has-shadow fusion-flex-justify-content-flex-start fusion-content-layout-column\"><div class=\"fusion-title title fusion-title-7 fusion-sep-none fusion-title-text fusion-title-size-five\"><h5 class=\"fusion-title-heading title-heading-left fusion-responsive-typography-calculated\" style=\"margin:0;--fontSize:18;--minFontSize:18;line-height:1.5;\">Funktionale Gruppengr\u00f6ssen<\/h5><\/div><\/div><\/div><div class=\"fusion-layout-column fusion_builder_column fusion-builder-column-8 fusion_builder_column_1_4 1_4 fusion-flex-column mh-chapter-button mh-color-chapter-5 fusion-column-inner-bg-wrapper\" style=\"--awb-inner-bg-size:cover;--awb-width-large:25%;--awb-margin-top-large:0px;--awb-spacing-right-large:7.68%;--awb-margin-bottom-large:20px;--awb-spacing-left-large:7.68%;--awb-width-medium:100%;--awb-order-medium:0;--awb-spacing-right-medium:1.92%;--awb-spacing-left-medium:1.92%;--awb-width-small:100%;--awb-order-small:0;--awb-spacing-right-small:1.92%;--awb-spacing-left-small:1.92%;\"><span class=\"fusion-column-inner-bg hover-type-none\"><a class=\"fusion-column-anchor\" href=\"https:\/\/agripedia.ch\/moderation\/moderation-von-einzel-und-gruppenarbeiten\/hintergrund-info-die-vier-phasen-im-gruppenprozess\/\"><span class=\"fusion-column-inner-bg-image\"><\/span><\/a><\/span><div class=\"fusion-column-wrapper fusion-column-has-shadow fusion-flex-justify-content-flex-start fusion-content-layout-column\"><div class=\"fusion-title title fusion-title-8 fusion-sep-none fusion-title-text fusion-title-size-five\"><h5 class=\"fusion-title-heading title-heading-left fusion-responsive-typography-calculated\" style=\"margin:0;--fontSize:18;--minFontSize:18;line-height:1.5;\">Die vier Phasen im Gruppenprozess<\/h5><\/div><\/div><\/div><div class=\"fusion-layout-column fusion_builder_column fusion-builder-column-9 fusion_builder_column_1_4 1_4 fusion-flex-column mh-chapter-button mh-color-chapter-5 fusion-column-inner-bg-wrapper\" style=\"--awb-inner-bg-size:cover;--awb-width-large:25%;--awb-margin-top-large:0px;--awb-spacing-right-large:7.68%;--awb-margin-bottom-large:20px;--awb-spacing-left-large:7.68%;--awb-width-medium:100%;--awb-order-medium:0;--awb-spacing-right-medium:1.92%;--awb-spacing-left-medium:1.92%;--awb-width-small:100%;--awb-order-small:0;--awb-spacing-right-small:1.92%;--awb-spacing-left-small:1.92%;\"><span class=\"fusion-column-inner-bg hover-type-none\"><a class=\"fusion-column-anchor\" href=\"https:\/\/agripedia.ch\/moderation\/moderation-von-einzel-und-gruppenarbeiten\/hintergrund-info-gruppenrollen\/\"><span class=\"fusion-column-inner-bg-image\"><\/span><\/a><\/span><div class=\"fusion-column-wrapper fusion-column-has-shadow fusion-flex-justify-content-flex-start fusion-content-layout-column\"><div class=\"fusion-title title fusion-title-9 fusion-sep-none fusion-title-text fusion-title-size-five\"><h5 class=\"fusion-title-heading title-heading-left fusion-responsive-typography-calculated\" style=\"margin:0;--fontSize:18;--minFontSize:18;line-height:1.5;\">Gruppenrollen<\/h5><\/div><\/div><\/div><\/div><\/div><div class=\"fusion-fullwidth fullwidth-box fusion-builder-row-3 fusion-flex-container nonhundred-percent-fullwidth non-hundred-percent-height-scrolling\" style=\"--awb-border-radius-top-left:0px;--awb-border-radius-top-right:0px;--awb-border-radius-bottom-right:0px;--awb-border-radius-bottom-left:0px;--awb-flex-wrap:wrap;\" ><div class=\"fusion-builder-row fusion-row fusion-flex-align-items-flex-start fusion-flex-content-wrap\" style=\"max-width:1144px;margin-left: calc(-4% \/ 2 );margin-right: calc(-4% \/ 2 );\"><div class=\"fusion-layout-column fusion_builder_column fusion-builder-column-10 fusion_builder_column_1_1 1_1 fusion-flex-column\" style=\"--awb-bg-size:cover;--awb-width-large:100%;--awb-margin-top-large:0px;--awb-spacing-right-large:1.92%;--awb-margin-bottom-large:20px;--awb-spacing-left-large:1.92%;--awb-width-medium:100%;--awb-order-medium:0;--awb-spacing-right-medium:1.92%;--awb-spacing-left-medium:1.92%;--awb-width-small:100%;--awb-order-small:0;--awb-spacing-right-small:1.92%;--awb-spacing-left-small:1.92%;\"><div class=\"fusion-column-wrapper fusion-column-has-shadow fusion-flex-justify-content-flex-start fusion-content-layout-column\"><div class=\"fusion-text fusion-text-2\"><p>Im Rahmen von Bildungsveranstaltungen, Workshops und Klausurtagungen sind Gruppen- und Einzelarbeiten methodische Vorgehensschritte, die das Programm lebendig erhalten. Die Teilnehmer\/innen wechseln von einer meist zuh\u00f6renden in eine aktivere Rolle. In Gruppen- und Einzelarbeiten identifizieren sich die Teilnehmer\/innen mit dem Thema. Dadurch steigen ihre Motivation und ihr Wunsch, ein ansprechendes Resultat vorzuweisen.<\/p>\n<p>Mit den Gruppenarbeiten wollen Veranstalter\/in und Moderator\/in eines oder mehrere der untenstehenden Ziele erreichen:<\/p>\n<ul>\n<li>die Teilnehmer\/innen setzen sich mit dem Thema auseinander;<\/li>\n<li>alle kommen zu Wort;<\/li>\n<li>verschiedene Aspekte werden parallel bearbeitet und dadurch Zeit gewonnen;<\/li>\n<li>die Teilnehmer\/innen erhalten Gelegenheit, einzelne Bereiche vertieft zu bearbeiten.<\/li>\n<\/ul>\n<\/div><div class=\"accordian fusion-accordian mh-toggle\" style=\"--awb-border-size:1px;--awb-icon-size:13px;--awb-content-font-size:18px;--awb-icon-alignment:right;--awb-hover-color:#f9f9f9;--awb-border-color:#425da4;--awb-background-color:rgba(66,93,164,0.2);--awb-divider-color:#e0dede;--awb-divider-hover-color:#e0dede;--awb-icon-color:#333333;--awb-title-color:#f44336;--awb-content-color:#0f0f0f;--awb-icon-box-color:#7a7a7a;--awb-toggle-hover-accent-color:#000000;--awb-title-font-family:&quot;Roboto&quot;;--awb-title-font-weight:700;--awb-title-font-style:normal;--awb-title-line-height:1.5;--awb-content-font-family:&quot;Roboto&quot;;--awb-content-font-style:normal;--awb-content-font-weight:300;\"><div class=\"panel-group fusion-toggle-icon-right fusion-toggle-icon-unboxed\" id=\"accordion-231-1\"><div class=\"fusion-panel panel-default panel-cb72496a092e935f7 fusion-toggle-no-divider fusion-toggle-boxed-mode\"><div class=\"panel-heading\"><h4 class=\"panel-title toggle\" id=\"toggle_cb72496a092e935f7\"><a aria-expanded=\"false\" aria-controls=\"cb72496a092e935f7\" role=\"button\" data-toggle=\"collapse\" data-parent=\"#accordion-231-1\" data-target=\"#cb72496a092e935f7\" href=\"#cb72496a092e935f7\"><span class=\"fusion-toggle-icon-wrapper\" aria-hidden=\"true\"><i class=\"fa-fusion-box active-icon awb-icon-minus\" aria-hidden=\"true\"><\/i><i class=\"fa-fusion-box inactive-icon awb-icon-plus\" aria-hidden=\"true\"><\/i><\/span><span class=\"fusion-toggle-heading\">Grundlagen f\u00fcr Gruppenarbeiten<\/span><\/a><\/h4><\/div><div id=\"cb72496a092e935f7\" class=\"panel-collapse collapse \" aria-labelledby=\"toggle_cb72496a092e935f7\"><div class=\"panel-body toggle-content fusion-clearfix\">\n<p>Die Gr\u00f6sse und Zusammensetzung der Gruppe, die Zeit f\u00fcr die Bearbeitung des Auftrags und die Art des Austauschs in der Gesamtgruppe sind abh\u00e4ngig vom Ziel der Gruppen- oder Einzelarbeit. Erfahrungsgem\u00e4ss arbeiten Gruppen ab 5 oder 6 Personen effizienter, wenn eine Person die Moderation sicherstellt.<\/p>\n<p>Im Folgenden legen wir dar, worauf es in den einzelnen Teilschritten einer Gruppenarbeit ankommt, um die oben erw\u00e4hnten Ziele zu erreichen. Diese Teilschritte sind:<\/p>\n<ol>\n<li>Auftrag f\u00fcr die Gruppen- oder Einzelarbeiten vorstellen;<\/li>\n<li>Gruppen bilden;<\/li>\n<li>Gruppenarbeiten durchf\u00fchren\/begleiten;<\/li>\n<li>Resultate der Gruppenarbeit vorstellen und in den Gesamtprozess einbinden;<\/li>\n<li>Abschliessen und\/oder Folgeschritte ank\u00fcndigen.<\/li>\n<\/ol>\n<p>Es hat sich bew\u00e4hrt, zuerst den Auftrag vorzustellen und erst dann die Gruppen zu bilden. Die Teilnehmer\/innen konzentrieren ihre Aufmerksamkeit st\u00e4rker auf den Inhalt, wenn sie nicht vom sozialen Prozess abgelenkt werden. Zudem stellen sich normalerweise leistungsf\u00e4higere Teams zusammen, wenn die Aufgabe bekannt ist.<\/p>\n<p>Die Arbeit in Gruppen kann auch mehrstufig aufgebaut sein, beispielsweise in der folgenden Form: Die Teilnehmer\/innen machen einzeln Vorarbeiten, indem sie sich auf ihre pers\u00f6nlichen Erfahrungen besinnen. Daran schliesst sich ein Austausch in Zweiergruppen an. Die Schlussfolgerungen werden in Vierer- oder Sechsergruppen oder im Plenum gezogen.<\/p>\n<\/div><\/div><\/div><\/div><\/div><\/div><\/div><\/div><\/div><\/p>\n","protected":false},"excerpt":{"rendered":"","protected":false},"author":26,"featured_media":0,"parent":0,"menu_order":5,"comment_status":"closed","ping_status":"closed","template":"","meta":{"_sb_is_suggestion_mode":false,"_sb_show_suggestion_boards":false,"_sb_show_comment_boards":false,"_sb_suggestion_history":"","_sb_update_block_changes":"","inline_featured_image":false,"_monsterinsights_skip_tracking":false,"_monsterinsights_sitenote_active":false,"_monsterinsights_sitenote_note":"","_monsterinsights_sitenote_category":0,"footnotes":""},"class_list":["post-231","page","type-page","status-publish","hentry"],"_links":{"self":[{"href":"https:\/\/agripedia.ch\/moderation\/wp-json\/wp\/v2\/pages\/231","targetHints":{"allow":["GET"]}}],"collection":[{"href":"https:\/\/agripedia.ch\/moderation\/wp-json\/wp\/v2\/pages"}],"about":[{"href":"https:\/\/agripedia.ch\/moderation\/wp-json\/wp\/v2\/types\/page"}],"author":[{"embeddable":true,"href":"https:\/\/agripedia.ch\/moderation\/wp-json\/wp\/v2\/users\/26"}],"replies":[{"embeddable":true,"href":"https:\/\/agripedia.ch\/moderation\/wp-json\/wp\/v2\/comments?post=231"}],"version-history":[{"count":22,"href":"https:\/\/agripedia.ch\/moderation\/wp-json\/wp\/v2\/pages\/231\/revisions"}],"predecessor-version":[{"id":389,"href":"https:\/\/agripedia.ch\/moderation\/wp-json\/wp\/v2\/pages\/231\/revisions\/389"}],"wp:attachment":[{"href":"https:\/\/agripedia.ch\/moderation\/wp-json\/wp\/v2\/media?parent=231"}],"curies":[{"name":"wp","href":"https:\/\/api.w.org\/{rel}","templated":true}]}}