{"id":221,"date":"2021-06-09T05:35:26","date_gmt":"2021-06-09T03:35:26","guid":{"rendered":"https:\/\/agripedia.ch\/moderation\/?page_id=221"},"modified":"2022-03-22T14:40:56","modified_gmt":"2022-03-22T12:40:56","slug":"startseite","status":"publish","type":"page","link":"https:\/\/agripedia.ch\/moderation\/","title":{"rendered":"Startseite"},"content":{"rendered":"<div class=\"fusion-fullwidth fullwidth-box fusion-builder-row-1 fusion-flex-container nonhundred-percent-fullwidth non-hundred-percent-height-scrolling\" style=\"--awb-border-radius-top-left:0px;--awb-border-radius-top-right:0px;--awb-border-radius-bottom-right:0px;--awb-border-radius-bottom-left:0px;--awb-flex-wrap:wrap;\" id=\"mh-rev-cols\" ><div class=\"fusion-builder-row fusion-row fusion-flex-align-items-flex-start fusion-flex-content-wrap\" style=\"max-width:1144px;margin-left: calc(-4% \/ 2 );margin-right: calc(-4% \/ 2 );\"><div class=\"fusion-layout-column fusion_builder_column fusion-builder-column-0 fusion_builder_column_1_3 1_3 fusion-flex-column agri-summary-column\" style=\"--awb-bg-size:cover;--awb-width-large:33.333333333333%;--awb-margin-top-large:0px;--awb-spacing-right-large:5.76%;--awb-margin-bottom-large:20px;--awb-spacing-left-large:5.76%;--awb-width-medium:100%;--awb-order-medium:0;--awb-spacing-right-medium:1.92%;--awb-spacing-left-medium:1.92%;--awb-width-small:100%;--awb-order-small:0;--awb-spacing-right-small:1.92%;--awb-spacing-left-small:1.92%;\"><div class=\"fusion-column-wrapper fusion-column-has-shadow fusion-flex-justify-content-flex-start fusion-content-layout-column\"><div class=\"fusion-content-boxes content-boxes columns row fusion-columns-1 fusion-columns-total-1 fusion-content-boxes-1 content-boxes-icon-with-title content-left agri-summary\" style=\"--awb-hover-accent-color:#e10707;--awb-circle-hover-accent-color:#e10707;--awb-item-margin-bottom:40px;\" data-animationOffset=\"top-into-view\"><div style=\"--awb-backgroundcolor:rgba(255,255,255,0);\" class=\"fusion-column content-box-column content-box-column content-box-column-1 col-lg-12 col-md-12 col-sm-12 fusion-content-box-hover content-box-column-last content-box-column-last-in-row\"><div class=\"col content-box-wrapper content-wrapper link-area-link-icon icon-hover-animation-fade\" data-animationOffset=\"top-into-view\"><div class=\"heading icon-left\"><h2 class=\"content-box-heading fusion-responsive-typography-calculated\" style=\"--h2_typography-font-size:18px;--fontSize:18;line-height:1.5;\">Inhalt<\/h2><\/div><div class=\"fusion-clearfix\"><\/div><div class=\"content-container\">\n<ol>\n<li><a href=\"https:\/\/agripedia.ch\/moderation\/die-moderatorin-der-moderator\/\">Die Moderatorin, der Moderator<\/a><\/li>\n<li><a href=\"https:\/\/agripedia.ch\/moderation\/vorbereitung-der-moderation\/\">Vorbereitung der Moderation<\/a><\/li>\n<li><a href=\"https:\/\/agripedia.ch\/moderation\/vereinbarung-mit-einer-gruppe\/\">Vereinbarung mit einer Gruppe<\/a><\/li>\n<li><a href=\"https:\/\/agripedia.ch\/moderation\/moderationstechniken\/\">Moderationstechniken<\/a><\/li>\n<li><a href=\"https:\/\/agripedia.ch\/moderation\/moderation-von-einzel-und-gruppenarbeiten\/\">Moderation von Einzel- und Gruppenarbeiten<\/a><\/li>\n<li><a href=\"https:\/\/agripedia.ch\/moderation\/evaluation\/\">Evaluation<\/a><\/li>\n<li><a href=\"https:\/\/agripedia.ch\/moderation\/moderierte-sitzungen\/\">Moderierte Sitzungen<\/a><\/li>\n<li><a href=\"https:\/\/agripedia.ch\/moderation\/moderation-und-konflikte\/\">Moderation und Konflikte<\/a><\/li>\n<li><a href=\"https:\/\/agripedia.ch\/moderation\/moderation-in-grossgruppen\/\">Moderation in Grossgruppen<\/a><\/li>\n<\/ol>\n<\/div><\/div><\/div><div class=\"fusion-clearfix\"><\/div><\/div><\/div><\/div><div class=\"fusion-layout-column fusion_builder_column fusion-builder-column-1 fusion_builder_column_2_3 2_3 fusion-flex-column agri-main-section\" style=\"--awb-bg-size:cover;--awb-width-large:66.666666666667%;--awb-margin-top-large:0px;--awb-spacing-right-large:2.88%;--awb-margin-bottom-large:20px;--awb-spacing-left-large:2.88%;--awb-width-medium:100%;--awb-order-medium:0;--awb-spacing-right-medium:1.92%;--awb-spacing-left-medium:1.92%;--awb-width-small:100%;--awb-order-small:0;--awb-spacing-right-small:1.92%;--awb-spacing-left-small:1.92%;\"><div class=\"fusion-column-wrapper fusion-column-has-shadow fusion-flex-justify-content-flex-start fusion-content-layout-column\"><div class=\"fusion-text fusion-text-1\"><p>Oft werden wir von Teilnehmerinnen und Teilnehmern unserer Veranstaltungen gefragt, weshalb wir uns der Moderation zugewandt haben und Moderationstrainings anbieten. Ausschlaggebend waren im Wesentlichen zwei Gr\u00fcnde.<\/p>\n<p>Zum einen haben wir selbst unterschiedliche Veranstaltungen miterlebt. Wir haben uns \u00fcber gut moderierte Veranstaltungen gefreut; wir haben uns aber auch schon oft \u00fcber verschwendete Zeit und frustrierte Erwartungen ge\u00e4rgert. Deshalb haben wir uns entschieden, einen Beitrag dazu zu leisten, dass Sitzungen und Workshops spannender und effizienter werden: Teilnehmer\/innen sollen sich wohl f\u00fchlen, und Ziele sollen klar und schnell erreicht werden. Immer wieder haben wir die Erfahrung gemacht, dass Gruppen von f\u00fcnf und mehr Personen besser und zielgerichteter arbeiten, wenn eine Person das Gespr\u00e4ch moderiert. Ein\/e Moderator\/in, die das Ziel und den Gespr\u00e4chsverlauf im Auge beh\u00e4lt, tr\u00e4gt zweifellos mehr zum Resultat bei, als eine zus\u00e4tzliche Person, die sich inhaltlich am Gespr\u00e4ch beteiligt. In einem Achter-Ruderboot tr\u00e4gt der Steuermann auch mehr zum gemeinsamen Erfolg bei als ein neunter Ruderer.<\/p>\n<p>Zum andern haben wir erkannt, dass die Moderation nicht nur von der pers\u00f6nlichen Begabung abh\u00e4ngt, sondern zu einem guten Teil erlernt und trainiert werden kann.<br \/>\nPositive R\u00fcckmeldungen zu unserem Moderationsstil und die wiederholte Frage, worauf es ankomme, um spannende Kurse und Workshops durchzuf\u00fchren, haben uns veranlasst, dieser Frage nachzugehen. Inzwischen sind wir ein gutes St\u00fcck weitergekommen und k\u00f6nnen eine Menge hilfreicher Tipps und Vorgehensweisen vermitteln, dank derer eine Moderation fast immer erfolgreich verl\u00e4uft.<\/p>\n<p>Dieses Online Moderationshandbuch basiert auf dem Buch: Moderation: die Kunst Veranstaltungen zielorientiert und zeitsparend zu f\u00fchren von Ernst Bolliger und Tonino Zellweger, 2007. Der Inhalt wurde f\u00fcr die Onlineversion angepasst und aktualisiert.<\/p>\n<p>Nun w\u00fcnschen wir allen Leserinnen und Lesern viel Spass bei der Lekt\u00fcre und anschliessend zahlreiche erfolgreich moderierte Veranstaltungen.<\/p>\n<\/div><\/div><\/div><div class=\"fusion-layout-column fusion_builder_column fusion-builder-column-2 fusion_builder_column_1_1 1_1 fusion-flex-column agri-last-section\" style=\"--awb-bg-size:cover;--awb-width-large:100%;--awb-margin-top-large:0px;--awb-spacing-right-large:1.92%;--awb-margin-bottom-large:20px;--awb-spacing-left-large:1.92%;--awb-width-medium:100%;--awb-order-medium:0;--awb-spacing-right-medium:1.92%;--awb-spacing-left-medium:1.92%;--awb-width-small:100%;--awb-order-small:0;--awb-spacing-right-small:1.92%;--awb-spacing-left-small:1.92%;\"><div class=\"fusion-column-wrapper fusion-column-has-shadow fusion-flex-justify-content-flex-start fusion-content-layout-column\"><div class=\"accordian fusion-accordian mh-toggle\" style=\"--awb-border-size:2px;--awb-icon-size:16px;--awb-content-font-size:18px;--awb-icon-alignment:right;--awb-hover-color:rgba(96,125,139,0.2);--awb-border-color:#607d8b;--awb-background-color:#f9f9f9;--awb-divider-color:#e0dede;--awb-divider-hover-color:#e0dede;--awb-icon-color:#333333;--awb-title-color:#f44336;--awb-content-color:#0f0f0f;--awb-icon-box-color:#7a7a7a;--awb-toggle-hover-accent-color:#333333;--awb-title-font-family:&quot;Roboto&quot;;--awb-title-font-weight:700;--awb-title-font-style:normal;--awb-title-line-height:1.5;--awb-content-font-family:&quot;Roboto&quot;;--awb-content-font-style:normal;--awb-content-font-weight:300;\"><div class=\"panel-group fusion-toggle-icon-right fusion-toggle-icon-unboxed\" id=\"accordion-221-1\"><div class=\"fusion-panel panel-default panel-780564758f9bfceb4 fusion-toggle-no-divider fusion-toggle-boxed-mode\"><div class=\"panel-heading\"><h4 class=\"panel-title toggle\" id=\"toggle_780564758f9bfceb4\"><a aria-expanded=\"false\" aria-controls=\"780564758f9bfceb4\" role=\"button\" data-toggle=\"collapse\" data-parent=\"#accordion-221-1\" data-target=\"#780564758f9bfceb4\" href=\"#780564758f9bfceb4\"><span class=\"fusion-toggle-icon-wrapper\" aria-hidden=\"true\"><i class=\"fa-fusion-box active-icon awb-icon-minus\" aria-hidden=\"true\"><\/i><i class=\"fa-fusion-box inactive-icon awb-icon-plus\" aria-hidden=\"true\"><\/i><\/span><span class=\"fusion-toggle-heading\">Impressum<\/span><\/a><\/h4><\/div><div id=\"780564758f9bfceb4\" class=\"panel-collapse collapse \" aria-labelledby=\"toggle_780564758f9bfceb4\"><div class=\"panel-body toggle-content fusion-clearfix\">\n<p><strong>Herausgeberin<\/strong><\/p>\n<p>AGRIDEA<br \/>\nEschikon 28<br \/>\nCH-8315 Lindau<br \/>\nTel. +41 52 354 97 00<br \/>\n<a href=\"mailto:kontakt@agridea.ch\">kontakt@agridea.ch<\/a><br \/>\n<a href=\"https:\/\/www.agridea.ch\">www.agridea.ch<\/a><\/p>\n<p><strong>Autoren<\/strong><\/p>\n<p>Ernst Bolliger, AGRIDEA<br \/>\nRuth Moser, AGRIDEA<br \/>\nVal\u00e9rie Cavin, AGRIDEA<br \/>\nTonino Zellweger, AGRIDEA<\/p>\n<p><strong>Illustrationen<\/strong><\/p>\n<p>Merel Gooijer, AGRIDEA<\/p>\n<\/div><\/div><\/div><\/div><\/div><\/div><\/div><\/div><\/div>\n","protected":false},"excerpt":{"rendered":"","protected":false},"author":26,"featured_media":0,"parent":0,"menu_order":0,"comment_status":"closed","ping_status":"closed","template":"","meta":{"_sb_is_suggestion_mode":false,"_sb_show_suggestion_boards":false,"_sb_show_comment_boards":false,"_sb_suggestion_history":"","_sb_update_block_changes":"","inline_featured_image":false,"_monsterinsights_skip_tracking":false,"_monsterinsights_sitenote_active":false,"_monsterinsights_sitenote_note":"","_monsterinsights_sitenote_category":0,"footnotes":""},"class_list":["post-221","page","type-page","status-publish","hentry"],"_links":{"self":[{"href":"https:\/\/agripedia.ch\/moderation\/wp-json\/wp\/v2\/pages\/221","targetHints":{"allow":["GET"]}}],"collection":[{"href":"https:\/\/agripedia.ch\/moderation\/wp-json\/wp\/v2\/pages"}],"about":[{"href":"https:\/\/agripedia.ch\/moderation\/wp-json\/wp\/v2\/types\/page"}],"author":[{"embeddable":true,"href":"https:\/\/agripedia.ch\/moderation\/wp-json\/wp\/v2\/users\/26"}],"replies":[{"embeddable":true,"href":"https:\/\/agripedia.ch\/moderation\/wp-json\/wp\/v2\/comments?post=221"}],"version-history":[{"count":19,"href":"https:\/\/agripedia.ch\/moderation\/wp-json\/wp\/v2\/pages\/221\/revisions"}],"predecessor-version":[{"id":1357,"href":"https:\/\/agripedia.ch\/moderation\/wp-json\/wp\/v2\/pages\/221\/revisions\/1357"}],"wp:attachment":[{"href":"https:\/\/agripedia.ch\/moderation\/wp-json\/wp\/v2\/media?parent=221"}],"curies":[{"name":"wp","href":"https:\/\/api.w.org\/{rel}","templated":true}]}}