{"id":775,"date":"2021-11-01T10:26:57","date_gmt":"2021-11-01T08:26:57","guid":{"rendered":"https:\/\/agripedia.ch\/moderation\/?page_id=775"},"modified":"2022-03-19T19:27:09","modified_gmt":"2022-03-19T17:27:09","slug":"des-roles-et-des-objectifs-clairs","status":"publish","type":"page","link":"https:\/\/agripedia.ch\/moderation\/fr\/reunions-avec-moderation\/des-roles-et-des-objectifs-clairs\/","title":{"rendered":"Des r\u00f4les et des objectifs clairs"},"content":{"rendered":"<p><div class=\"fusion-fullwidth fullwidth-box fusion-builder-row-1 fusion-flex-container nonhundred-percent-fullwidth non-hundred-percent-height-scrolling\" style=\"--awb-border-radius-top-left:0px;--awb-border-radius-top-right:0px;--awb-border-radius-bottom-right:0px;--awb-border-radius-bottom-left:0px;--awb-flex-wrap:wrap;\" ><div class=\"fusion-builder-row fusion-row fusion-flex-align-items-flex-start fusion-flex-content-wrap\" style=\"max-width:1144px;margin-left: calc(-4% \/ 2 );margin-right: calc(-4% \/ 2 );\"><div class=\"fusion-layout-column fusion_builder_column fusion-builder-column-0 fusion_builder_column_1_1 1_1 fusion-flex-column\" style=\"--awb-bg-size:cover;--awb-width-large:100%;--awb-margin-top-large:0px;--awb-spacing-right-large:1.92%;--awb-margin-bottom-large:20px;--awb-spacing-left-large:1.92%;--awb-width-medium:100%;--awb-order-medium:0;--awb-spacing-right-medium:1.92%;--awb-spacing-left-medium:1.92%;--awb-width-small:100%;--awb-order-small:0;--awb-spacing-right-small:1.92%;--awb-spacing-left-small:1.92%;\"><div class=\"fusion-column-wrapper fusion-column-has-shadow fusion-flex-justify-content-flex-start fusion-content-layout-column\"><nav class=\"fusion-breadcrumbs fusion-breadcrumbs-1\" style=\"--awb-breadcrumb-sep:&#039;&gt;&#039;;\" aria-label=\"Breadcrumb\"><ol class=\"awb-breadcrumb-list\"><\/ol><\/nav><div class=\"fusion-title title fusion-title-1 fusion-sep-none fusion-title-text fusion-title-size-two mh-title mh-title-chapter-7\"><h2 class=\"fusion-title-heading title-heading-left fusion-responsive-typography-calculated\" style=\"margin:0;--fontSize:40;line-height:1.5;\">Des r\u00f4les et des objectifs clairs<\/h2><\/div><\/div><\/div><\/div><\/div><div class=\"fusion-fullwidth fullwidth-box fusion-builder-row-2 fusion-flex-container nonhundred-percent-fullwidth non-hundred-percent-height-scrolling\" style=\"--awb-border-radius-top-left:0px;--awb-border-radius-top-right:0px;--awb-border-radius-bottom-right:0px;--awb-border-radius-bottom-left:0px;--awb-flex-wrap:wrap;\" ><div class=\"fusion-builder-row fusion-row fusion-flex-align-items-flex-start fusion-flex-content-wrap\" style=\"max-width:1144px;margin-left: calc(-4% \/ 2 );margin-right: calc(-4% \/ 2 );\"><div class=\"fusion-layout-column fusion_builder_column fusion-builder-column-1 fusion_builder_column_1_1 1_1 fusion-flex-column\" style=\"--awb-bg-size:cover;--awb-width-large:100%;--awb-margin-top-large:0px;--awb-spacing-right-large:1.92%;--awb-margin-bottom-large:20px;--awb-spacing-left-large:1.92%;--awb-width-medium:100%;--awb-order-medium:0;--awb-spacing-right-medium:1.92%;--awb-spacing-left-medium:1.92%;--awb-width-small:100%;--awb-order-small:0;--awb-spacing-right-small:1.92%;--awb-spacing-left-small:1.92%;\"><div class=\"fusion-column-wrapper fusion-column-has-shadow fusion-flex-justify-content-flex-start fusion-content-layout-column\"><div class=\"fusion-text fusion-text-1\"><p>Les r\u00e9unions efficaces se distinguent par deux caract\u00e9ristiques :le r\u00e9sultat correspond aux attentes et les participant.e.s se sentent bien.<\/p>\n<p>Si nous voulons atteindre des r\u00e9sultats, alors toutes les personnes pr\u00e9sentes doivent \u00eatre au clair sur le but de la r\u00e9union : le th\u00e8me et les r\u00e9sultats attendus sont clairement d\u00e9crits et sont compris de la m\u00eame fa\u00e7on par tou.te.s. Les participant.e.s disposent de la base d\u2019information n\u00e9cessaire. La discussion est orient\u00e9e selon les buts; tous les arguments essentiels sont pr\u00e9sent\u00e9s. Les r\u00e9sultats de la discussion sont conserv\u00e9s (id\u00e9alement <a href=\"https:\/\/agripedia.ch\/moderation\/fr\/reunions-avec-moderation\/visualiser-signifie-rendre-visible-a-tous\/\">visualis\u00e9s<\/a> pour tout le monde) et v\u00e9rifi\u00e9s.<\/p>\n<p>Normalement, un.e chef.fe est pr\u00e9sent.e \u00e0 la s\u00e9ance, mais il.elle fait (ferait) bien de laisser la direction de la r\u00e9union \u00e0 un.e participant.e. Ainsi, il.elle peut donner son avis librement et ouvertement en \u00e9vitant les doubles r\u00f4les. Les diff\u00e9rents r\u00f4les (sup\u00e9rieur.e, conducteur.rice de la r\u00e9union, participant.e) sont mieux occup\u00e9s s\u2019ils sont r\u00e9partis entre plusieurs personnes. De plus, les diff\u00e9rents membres de l\u2019\u00e9quipe d\u00e9veloppent un sentiment de responsabilit\u00e9 envers leur \u00e9quipe s\u2019il.elle.s mod\u00e8rent de temps en temps les r\u00e9unions.<\/p>\n<p>Les participant.e.s appr\u00e9cient quand tou.te.s acceptent le r\u00f4le qui leur revient et que tous les r\u00f4les importants sont occup\u00e9s avec comp\u00e9tence. Un.e mod\u00e9rateur.rice dirige la r\u00e9union, un.e rapporteur.se note les r\u00e9sultats, les participant.e.s apportent leur savoir et leur exp\u00e9rience, le.la chef.fe repr\u00e9sente les int\u00e9r\u00eats de l\u2019organisation et veille \u00e0 la coh\u00e9rence g\u00e9n\u00e9rale.<\/p>\n<p>Le r\u00f4le qui revient aux participant.e.s d\u00e9pend de l\u2019objectif pour chaque point \u00e0 l\u2019ordre du jour : informer, conseiller ou d\u00e9cider:<\/p>\n<\/div><\/div><\/div><div class=\"fusion-layout-column fusion_builder_column fusion-builder-column-2 fusion_builder_column_1_1 1_1 fusion-flex-column\" style=\"--awb-bg-size:cover;--awb-width-large:100%;--awb-margin-top-large:0px;--awb-spacing-right-large:1.92%;--awb-margin-bottom-large:20px;--awb-spacing-left-large:1.92%;--awb-width-medium:100%;--awb-order-medium:0;--awb-spacing-right-medium:1.92%;--awb-spacing-left-medium:1.92%;--awb-width-small:100%;--awb-order-small:0;--awb-spacing-right-small:1.92%;--awb-spacing-left-small:1.92%;\"><div class=\"fusion-column-wrapper fusion-column-has-shadow fusion-flex-justify-content-flex-start fusion-content-layout-column\"><div class=\"accordian fusion-accordian mh-toggle\" style=\"--awb-border-size:2px;--awb-icon-size:16px;--awb-content-font-size:18px;--awb-icon-alignment:right;--awb-hover-color:rgba(127,67,144,0.2);--awb-border-color:#7f4390;--awb-background-color:#f9f9f9;--awb-divider-color:#e0dede;--awb-divider-hover-color:#e0dede;--awb-icon-color:#333333;--awb-title-color:#f44336;--awb-content-color:#0f0f0f;--awb-icon-box-color:#7a7a7a;--awb-toggle-hover-accent-color:#333333;--awb-title-font-family:&quot;Roboto&quot;;--awb-title-font-weight:700;--awb-title-font-style:normal;--awb-title-line-height:1.5;--awb-content-font-family:&quot;Roboto&quot;;--awb-content-font-style:normal;--awb-content-font-weight:300;\"><div class=\"panel-group fusion-toggle-icon-right fusion-toggle-icon-unboxed\" id=\"accordion-775-1\"><div class=\"fusion-panel panel-default panel-b755a002a979c208f fusion-toggle-no-divider fusion-toggle-boxed-mode\"><div class=\"panel-heading\"><h4 class=\"panel-title toggle\" id=\"toggle_b755a002a979c208f\"><a aria-expanded=\"false\" aria-controls=\"b755a002a979c208f\" role=\"button\" data-toggle=\"collapse\" data-parent=\"#accordion-775-1\" data-target=\"#b755a002a979c208f\" href=\"#b755a002a979c208f\"><span class=\"fusion-toggle-icon-wrapper\" aria-hidden=\"true\"><i class=\"fa-fusion-box active-icon awb-icon-minus\" aria-hidden=\"true\"><\/i><i class=\"fa-fusion-box inactive-icon awb-icon-plus\" aria-hidden=\"true\"><\/i><\/span><span class=\"fusion-toggle-heading\">(A) informer<\/span><\/a><\/h4><\/div><div id=\"b755a002a979c208f\" class=\"panel-collapse collapse \" aria-labelledby=\"toggle_b755a002a979c208f\"><div class=\"panel-body toggle-content fusion-clearfix\">\n<p>Une personne ou un groupe informe les autres personnes pr\u00e9sentes sur un projet. Le r\u00e9sultat attendu est dans ce cas : toutes les personnes sont inform\u00e9es et toutes les questions ont trouv\u00e9 une r\u00e9ponse.<br \/>\nLe travail des participant.e.s consiste \u00e0 s\u2019informer et le cas \u00e9ch\u00e9ant \u00e0 poser des questions de compr\u00e9hension.<\/p>\n<\/div><\/div><\/div><div class=\"fusion-panel panel-default panel-acb43ddfa6cae560a fusion-toggle-no-divider fusion-toggle-boxed-mode\"><div class=\"panel-heading\"><h4 class=\"panel-title toggle\" id=\"toggle_acb43ddfa6cae560a\"><a aria-expanded=\"false\" aria-controls=\"acb43ddfa6cae560a\" role=\"button\" data-toggle=\"collapse\" data-parent=\"#accordion-775-1\" data-target=\"#acb43ddfa6cae560a\" href=\"#acb43ddfa6cae560a\"><span class=\"fusion-toggle-icon-wrapper\" aria-hidden=\"true\"><i class=\"fa-fusion-box active-icon awb-icon-minus\" aria-hidden=\"true\"><\/i><i class=\"fa-fusion-box inactive-icon awb-icon-plus\" aria-hidden=\"true\"><\/i><\/span><span class=\"fusion-toggle-heading\">(B) informer et conseiller<\/span><\/a><\/h4><\/div><div id=\"acb43ddfa6cae560a\" class=\"panel-collapse collapse \" aria-labelledby=\"toggle_acb43ddfa6cae560a\"><div class=\"panel-body toggle-content fusion-clearfix\">\n<p>Une personne (participant.e ou chef.fe) pr\u00e9sente une situation ou un d\u00e9fi et attend des autres participant.e.s des id\u00e9es ou propositions. Cette personne continuera \u00e0 travailler \u00e0 son projet ou \u00e0 prendre des d\u00e9cisions apr\u00e8s la r\u00e9union. Le r\u00e9sultat attendu est ici : la personne concern\u00e9e dispose d\u2019une vue large, de plus d\u2019id\u00e9es, de meilleurs arguments ou de crit\u00e8res de d\u00e9cision.<br \/>\nLe r\u00f4le des participant.e.s consiste \u00e0 apporter leurs id\u00e9es, leurs exp\u00e9riences et leurs avis.<\/p>\n<\/div><\/div><\/div><div class=\"fusion-panel panel-default panel-a9a3f9e52e048f81c fusion-toggle-no-divider fusion-toggle-boxed-mode\"><div class=\"panel-heading\"><h4 class=\"panel-title toggle\" id=\"toggle_a9a3f9e52e048f81c\"><a aria-expanded=\"false\" aria-controls=\"a9a3f9e52e048f81c\" role=\"button\" data-toggle=\"collapse\" data-parent=\"#accordion-775-1\" data-target=\"#a9a3f9e52e048f81c\" href=\"#a9a3f9e52e048f81c\"><span class=\"fusion-toggle-icon-wrapper\" aria-hidden=\"true\"><i class=\"fa-fusion-box active-icon awb-icon-minus\" aria-hidden=\"true\"><\/i><i class=\"fa-fusion-box inactive-icon awb-icon-plus\" aria-hidden=\"true\"><\/i><\/span><span class=\"fusion-toggle-heading\">(C) informer, tenir conseil et d\u00e9cider<\/span><\/a><\/h4><\/div><div id=\"a9a3f9e52e048f81c\" class=\"panel-collapse collapse \" aria-labelledby=\"toggle_a9a3f9e52e048f81c\"><div class=\"panel-body toggle-content fusion-clearfix\">\n<p>Les personnes pr\u00e9sentes discutent d\u2019un sujet et prennent une d\u00e9cision, pour laquelle elles assument la responsabilit\u00e9. La condition pour une solution dans les meilleurs termes est que le groupe soit d\u2019accord sur le processus qui m\u00e8ne \u00e0 la d\u00e9cision (consensus, consentement, unanimit\u00e9, majorit\u00e9).<br \/>\nIl est ici du devoir des participant.e.s de s\u2019assurer qu\u2019il.elle.s ont les informations n\u00e9cessaires, d\u2019exprimer leur propre avis et de participer au processus de d\u00e9cision.<\/p>\n<\/div><\/div><\/div><\/div><\/div><\/div><\/div><\/div><\/div><div class=\"fusion-fullwidth fullwidth-box fusion-builder-row-3 fusion-flex-container nonhundred-percent-fullwidth non-hundred-percent-height-scrolling\" style=\"--awb-border-radius-top-left:0px;--awb-border-radius-top-right:0px;--awb-border-radius-bottom-right:0px;--awb-border-radius-bottom-left:0px;--awb-flex-wrap:wrap;\" ><div class=\"fusion-builder-row fusion-row fusion-flex-align-items-flex-start fusion-flex-content-wrap\" style=\"max-width:1144px;margin-left: calc(-4% \/ 2 );margin-right: calc(-4% \/ 2 );\"><div class=\"fusion-layout-column fusion_builder_column fusion-builder-column-3 fusion_builder_column_1_1 1_1 fusion-flex-column\" style=\"--awb-bg-size:cover;--awb-width-large:100%;--awb-margin-top-large:0px;--awb-spacing-right-large:1.92%;--awb-margin-bottom-large:20px;--awb-spacing-left-large:1.92%;--awb-width-medium:100%;--awb-order-medium:0;--awb-spacing-right-medium:1.92%;--awb-spacing-left-medium:1.92%;--awb-width-small:100%;--awb-order-small:0;--awb-spacing-right-small:1.92%;--awb-spacing-left-small:1.92%;\"><div class=\"fusion-column-wrapper fusion-column-has-shadow fusion-flex-justify-content-flex-start fusion-content-layout-column\"><div class=\"fusion-text fusion-text-2 mh-praxisbeispiel mh-chapter-7-background\"><p><strong>La confiance dans le groupe aide \u00e0 garantir la discipline des r\u00f4les<\/strong><\/p>\n<p>En tant que mod\u00e9rateur, je suis chaque fois \u00e9tonn\u00e9 de constater comment je peux faire confiance \u00e0 un groupe pour repr\u00e9senter mes arguments. D\u2019apr\u00e8s mon exp\u00e9rience, les participants apportent au moins 90% de ce que j\u2019aurais voulu dire. Si \u00e0 la fin d\u2019une discussion, quelque chose d\u2019important manque encore, je peux annoncer un changement de r\u00f4les et apporter mon argument comme compl\u00e9ment.\u00a0 (EB)<\/p>\n<\/div><\/div><\/div><\/div><\/div><div class=\"fusion-fullwidth fullwidth-box fusion-builder-row-4 fusion-flex-container nonhundred-percent-fullwidth non-hundred-percent-height-scrolling\" style=\"--awb-border-radius-top-left:0px;--awb-border-radius-top-right:0px;--awb-border-radius-bottom-right:0px;--awb-border-radius-bottom-left:0px;--awb-flex-wrap:wrap;\" ><div class=\"fusion-builder-row fusion-row fusion-flex-align-items-flex-start fusion-flex-content-wrap\" style=\"max-width:1144px;margin-left: calc(-4% \/ 2 );margin-right: calc(-4% \/ 2 );\"><div class=\"fusion-layout-column fusion_builder_column fusion-builder-column-4 fusion_builder_column_1_1 1_1 fusion-flex-column\" style=\"--awb-bg-size:cover;--awb-width-large:100%;--awb-margin-top-large:0px;--awb-spacing-right-large:1.92%;--awb-margin-bottom-large:20px;--awb-spacing-left-large:1.92%;--awb-width-medium:100%;--awb-order-medium:0;--awb-spacing-right-medium:1.92%;--awb-spacing-left-medium:1.92%;--awb-width-small:100%;--awb-order-small:0;--awb-spacing-right-small:1.92%;--awb-spacing-left-small:1.92%;\"><div class=\"fusion-column-wrapper fusion-column-has-shadow fusion-flex-justify-content-flex-start fusion-content-layout-column\"><div class=\"fusion-separator fusion-full-width-sep\" style=\"align-self: center;margin-left: auto;margin-right: auto;margin-top:10px;margin-bottom:10px;width:100%;\"><\/div><\/div><\/div><div class=\"fusion-layout-column fusion_builder_column fusion-builder-column-5 fusion_builder_column_1_1 1_1 fusion-flex-column\" style=\"--awb-bg-size:cover;--awb-width-large:100%;--awb-margin-top-large:0px;--awb-spacing-right-large:1.92%;--awb-margin-bottom-large:20px;--awb-spacing-left-large:1.92%;--awb-width-medium:100%;--awb-order-medium:0;--awb-spacing-right-medium:1.92%;--awb-spacing-left-medium:1.92%;--awb-width-small:100%;--awb-order-small:0;--awb-spacing-right-small:1.92%;--awb-spacing-left-small:1.92%;\"><div class=\"fusion-column-wrapper fusion-column-has-shadow fusion-flex-justify-content-space-between fusion-content-layout-row\"><div ><a class=\"fusion-button button-flat fusion-button-default-size button-default fusion-button-default button-1 fusion-button-default-span fusion-button-default-type mh-chapter-7-button-color\" target=\"_self\" href=\"https:\/\/agripedia.ch\/moderation\/fr\/reunions-avec-moderation\/\"><i class=\"fa-angle-left fas awb-button__icon awb-button__icon--default button-icon-left\" aria-hidden=\"true\"><\/i><span class=\"fusion-button-text awb-button__text awb-button__text--default\">Page pr\u00e9c\u00e9dente<\/span><\/a><\/div><div ><a class=\"fusion-button button-flat fusion-button-default-size button-default fusion-button-default button-2 fusion-button-default-span fusion-button-default-type mh-chapter-7-button-color\" target=\"_self\" href=\"https:\/\/agripedia.ch\/moderation\/fr\/reunions-avec-moderation\/les-etapes-dune-reunion-efficace\/\"><span class=\"fusion-button-text awb-button__text awb-button__text--default\">Page suivante<\/span><i class=\"fa-angle-right fas awb-button__icon awb-button__icon--default button-icon-right\" aria-hidden=\"true\"><\/i><\/a><\/div><\/div><\/div><\/div><\/div><\/p>\n","protected":false},"excerpt":{"rendered":"","protected":false},"author":341,"featured_media":0,"parent":772,"menu_order":1,"comment_status":"closed","ping_status":"closed","template":"","meta":{"_sb_is_suggestion_mode":false,"_sb_show_suggestion_boards":false,"_sb_show_comment_boards":false,"_sb_suggestion_history":"","_sb_update_block_changes":"","inline_featured_image":false,"_monsterinsights_skip_tracking":false,"_monsterinsights_sitenote_active":false,"_monsterinsights_sitenote_note":"","_monsterinsights_sitenote_category":0,"footnotes":""},"class_list":["post-775","page","type-page","status-publish","hentry"],"_links":{"self":[{"href":"https:\/\/agripedia.ch\/moderation\/fr\/wp-json\/wp\/v2\/pages\/775","targetHints":{"allow":["GET"]}}],"collection":[{"href":"https:\/\/agripedia.ch\/moderation\/fr\/wp-json\/wp\/v2\/pages"}],"about":[{"href":"https:\/\/agripedia.ch\/moderation\/fr\/wp-json\/wp\/v2\/types\/page"}],"author":[{"embeddable":true,"href":"https:\/\/agripedia.ch\/moderation\/fr\/wp-json\/wp\/v2\/users\/341"}],"replies":[{"embeddable":true,"href":"https:\/\/agripedia.ch\/moderation\/fr\/wp-json\/wp\/v2\/comments?post=775"}],"version-history":[{"count":3,"href":"https:\/\/agripedia.ch\/moderation\/fr\/wp-json\/wp\/v2\/pages\/775\/revisions"}],"predecessor-version":[{"id":1298,"href":"https:\/\/agripedia.ch\/moderation\/fr\/wp-json\/wp\/v2\/pages\/775\/revisions\/1298"}],"up":[{"embeddable":true,"href":"https:\/\/agripedia.ch\/moderation\/fr\/wp-json\/wp\/v2\/pages\/772"}],"wp:attachment":[{"href":"https:\/\/agripedia.ch\/moderation\/fr\/wp-json\/wp\/v2\/media?parent=775"}],"curies":[{"name":"wp","href":"https:\/\/api.w.org\/{rel}","templated":true}]}}