{"id":618,"date":"2021-06-09T05:35:26","date_gmt":"2021-06-09T03:35:26","guid":{"rendered":"https:\/\/agripedia.ch\/moderation\/startseite\/"},"modified":"2022-03-22T14:40:13","modified_gmt":"2022-03-22T12:40:13","slug":"startseite","status":"publish","type":"page","link":"https:\/\/agripedia.ch\/moderation\/fr\/","title":{"rendered":"Page d&rsquo;accueil"},"content":{"rendered":"<div class=\"fusion-fullwidth fullwidth-box fusion-builder-row-1 fusion-flex-container nonhundred-percent-fullwidth non-hundred-percent-height-scrolling\" style=\"--awb-border-radius-top-left:0px;--awb-border-radius-top-right:0px;--awb-border-radius-bottom-right:0px;--awb-border-radius-bottom-left:0px;--awb-flex-wrap:wrap;\" id=\"mh-rev-cols\" ><div class=\"fusion-builder-row fusion-row fusion-flex-align-items-flex-start fusion-flex-content-wrap\" style=\"max-width:1144px;margin-left: calc(-4% \/ 2 );margin-right: calc(-4% \/ 2 );\"><div class=\"fusion-layout-column fusion_builder_column fusion-builder-column-0 fusion_builder_column_1_3 1_3 fusion-flex-column agri-summary-column\" style=\"--awb-bg-size:cover;--awb-width-large:33.333333333333%;--awb-margin-top-large:0px;--awb-spacing-right-large:5.76%;--awb-margin-bottom-large:20px;--awb-spacing-left-large:5.76%;--awb-width-medium:100%;--awb-order-medium:0;--awb-spacing-right-medium:1.92%;--awb-spacing-left-medium:1.92%;--awb-width-small:100%;--awb-order-small:0;--awb-spacing-right-small:1.92%;--awb-spacing-left-small:1.92%;\"><div class=\"fusion-column-wrapper fusion-column-has-shadow fusion-flex-justify-content-flex-start fusion-content-layout-column\"><div class=\"fusion-content-boxes content-boxes columns row fusion-columns-1 fusion-columns-total-1 fusion-content-boxes-1 content-boxes-icon-with-title content-left agri-summary\" style=\"--awb-hover-accent-color:#e10707;--awb-circle-hover-accent-color:#e10707;--awb-item-margin-bottom:40px;\" data-animationOffset=\"top-into-view\"><div style=\"--awb-backgroundcolor:rgba(255,255,255,0);\" class=\"fusion-column content-box-column content-box-column content-box-column-1 col-lg-12 col-md-12 col-sm-12 fusion-content-box-hover content-box-column-last content-box-column-last-in-row\"><div class=\"col content-box-wrapper content-wrapper link-area-link-icon icon-hover-animation-fade\" data-animationOffset=\"top-into-view\"><div class=\"heading icon-left\"><h2 class=\"content-box-heading fusion-responsive-typography-calculated\" style=\"--h2_typography-font-size:18px;--fontSize:18;line-height:1.5;\">Contenu<\/h2><\/div><div class=\"fusion-clearfix\"><\/div><div class=\"content-container\">\n<ol>\n<li><a href=\"https:\/\/agripedia.ch\/moderation\/fr\/la-moderatrice-le-moderateur\/\">La mod\u00e9ratrice, le mod\u00e9rateur<\/a><\/li>\n<li><a href=\"https:\/\/agripedia.ch\/moderation\/fr\/preparation-de-la-moderation\/\">Pr\u00e9paration de la mod\u00e9ration<\/a><\/li>\n<li><a href=\"https:\/\/agripedia.ch\/moderation\/fr\/accord-avec-un-groupe\/\">Accord avec un groupe<\/a><\/li>\n<li><a href=\"https:\/\/agripedia.ch\/moderation\/fr\/techniques-de-moderation\/\">Techniques de mod\u00e9ration<\/a><\/li>\n<li><a href=\"https:\/\/agripedia.ch\/moderation\/fr\/moderer-des-travaux-individuels-et-de-groupe\/\">Mod\u00e9rer des travaux individuel et de groupe<\/a><\/li>\n<li><a href=\"https:\/\/agripedia.ch\/moderation\/fr\/evaluation\/\">Evaluation<\/a><\/li>\n<li><a href=\"https:\/\/agripedia.ch\/moderation\/fr\/reunions-avec-moderation\/\">R\u00e9union avec mod\u00e9ration<\/a><\/li>\n<li><a href=\"https:\/\/agripedia.ch\/moderation\/fr\/moderation-et-conflits\/\">Mod\u00e9ration et conflits<\/a><\/li>\n<li><a href=\"https:\/\/agripedia.ch\/moderation\/fr\/moderation-de-groupes-de-taille-importante\/\">Mod\u00e9ration de groupes de taille importante<\/a><\/li>\n<\/ol>\n<\/div><\/div><\/div><div class=\"fusion-clearfix\"><\/div><\/div><\/div><\/div><div class=\"fusion-layout-column fusion_builder_column fusion-builder-column-1 fusion_builder_column_2_3 2_3 fusion-flex-column agri-main-section\" style=\"--awb-bg-size:cover;--awb-width-large:66.666666666667%;--awb-margin-top-large:0px;--awb-spacing-right-large:2.88%;--awb-margin-bottom-large:20px;--awb-spacing-left-large:2.88%;--awb-width-medium:100%;--awb-order-medium:0;--awb-spacing-right-medium:1.92%;--awb-spacing-left-medium:1.92%;--awb-width-small:100%;--awb-order-small:0;--awb-spacing-right-small:1.92%;--awb-spacing-left-small:1.92%;\"><div class=\"fusion-column-wrapper fusion-column-has-shadow fusion-flex-justify-content-flex-start fusion-content-layout-column\"><div class=\"fusion-text fusion-text-1\"><p>Les participants et participantes \u00e0 nos \u00e9v\u00e9nements nous demandent souvent pourquoi nous nous sommes tourn\u00e9s vers la facilitation et proposons des formations \u00e0 la facilitation. Il y avait deux raisons principales.<\/p>\n<p>Tout d\u2019abord, nous avons nous-m\u00eames v\u00e9cu des \u00e9v\u00e9nements diff\u00e9rents. Nous avons \u00e9t\u00e9 heureux d\u2019assister \u00e0 des \u00e9v\u00e9nements bien anim\u00e9s, mais nous avons aussi souvent \u00e9t\u00e9 contrari\u00e9s par la perte de temps et les attentes non r\u00e9pondues. Nous avons donc d\u00e9cid\u00e9 de contribuer \u00e0 rendre les r\u00e9unions et les ateliers plus passionnants et plus efficaces : Les participants et participantes doivent se sentir \u00e0 l\u2019aise et les objectifs doivent \u00eatre atteints clairement et rapidement. Nous avons constat\u00e9 \u00e0 maintes reprises que les groupes de cinq personnes ou plus fonctionnent mieux et de mani\u00e8re plus cibl\u00e9e lorsqu\u2019une personne mod\u00e8re la discussion. Un animateur ou animatrice qui garde un \u0153il sur l\u2019objectif et le d\u00e9roulement de la conversation contribue sans doute davantage au r\u00e9sultat qu\u2019une personne suppl\u00e9mentaire qui prend part \u00e0 la conversation en termes de contenu. Dans un bateau \u00e0 huit rameurs, le barreur contribue \u00e9galement davantage au succ\u00e8s commun qu\u2019un neuvi\u00e8me rameur.<\/p>\n<p>D\u2019autre part, nous avons r\u00e9alis\u00e9 que la facilitation ne d\u00e9pend pas seulement du talent personnel, mais qu\u2019elle peut \u00eatre apprise et form\u00e9e dans une large mesure.<\/p>\n<p>Les r\u00e9actions positives \u00e0 notre style d\u2019animation et la question r\u00e9p\u00e9t\u00e9e de savoir ce qu\u2019il faut pour animer des cours et des ateliers passionnants nous ont incit\u00e9s \u00e0 nous pencher sur cette question. Entre-temps, nous avons parcouru un long chemin et pouvons fournir de nombreux conseils et proc\u00e9dures utiles qui font presque toujours de la facilitation un succ\u00e8s.<\/p>\n<p>Ce manuel de mod\u00e9ration en ligne est bas\u00e9 sur le livre : Moderation : die Kunst Veranstaltungen zielorientiert und zeitsparend zu f\u00fchren par Ernst Bolliger et Tonino Zellweger, 2007. Le contenu a \u00e9t\u00e9 adapt\u00e9 et mis \u00e0 jour pour la version en ligne.<\/p>\n<p>Nous esp\u00e9rons que tous les lecteurs prendront plaisir \u00e0 lire cet ouvrage et qu\u2019il sera suivi de nombreux \u00e9v\u00e9nements et mod\u00e9rations r\u00e9ussis.<\/p>\n<\/div><\/div><\/div><div class=\"fusion-layout-column fusion_builder_column fusion-builder-column-2 fusion_builder_column_1_1 1_1 fusion-flex-column agri-last-section\" style=\"--awb-bg-size:cover;--awb-width-large:100%;--awb-margin-top-large:0px;--awb-spacing-right-large:1.92%;--awb-margin-bottom-large:20px;--awb-spacing-left-large:1.92%;--awb-width-medium:100%;--awb-order-medium:0;--awb-spacing-right-medium:1.92%;--awb-spacing-left-medium:1.92%;--awb-width-small:100%;--awb-order-small:0;--awb-spacing-right-small:1.92%;--awb-spacing-left-small:1.92%;\"><div class=\"fusion-column-wrapper fusion-column-has-shadow fusion-flex-justify-content-flex-start fusion-content-layout-column\"><div class=\"accordian fusion-accordian mh-toggle\" style=\"--awb-border-size:2px;--awb-icon-size:16px;--awb-content-font-size:18px;--awb-icon-alignment:right;--awb-hover-color:rgba(96,125,139,0.2);--awb-border-color:#607d8b;--awb-background-color:#f9f9f9;--awb-divider-color:#e0dede;--awb-divider-hover-color:#e0dede;--awb-icon-color:#333333;--awb-title-color:#f44336;--awb-content-color:#0f0f0f;--awb-icon-box-color:#7a7a7a;--awb-toggle-hover-accent-color:#333333;--awb-title-font-family:&quot;Roboto&quot;;--awb-title-font-weight:700;--awb-title-font-style:normal;--awb-title-line-height:1.5;--awb-content-font-family:&quot;Roboto&quot;;--awb-content-font-style:normal;--awb-content-font-weight:300;\"><div class=\"panel-group fusion-toggle-icon-right fusion-toggle-icon-unboxed\" id=\"accordion-618-1\"><div class=\"fusion-panel panel-default panel-acc2293f793c2e007 fusion-toggle-no-divider fusion-toggle-boxed-mode\"><div class=\"panel-heading\"><h4 class=\"panel-title toggle\" id=\"toggle_acc2293f793c2e007\"><a aria-expanded=\"false\" aria-controls=\"acc2293f793c2e007\" role=\"button\" data-toggle=\"collapse\" data-parent=\"#accordion-618-1\" data-target=\"#acc2293f793c2e007\" href=\"#acc2293f793c2e007\"><span class=\"fusion-toggle-icon-wrapper\" aria-hidden=\"true\"><i class=\"fa-fusion-box active-icon awb-icon-minus\" aria-hidden=\"true\"><\/i><i class=\"fa-fusion-box inactive-icon awb-icon-plus\" aria-hidden=\"true\"><\/i><\/span><span class=\"fusion-toggle-heading\">Impressum<\/span><\/a><\/h4><\/div><div id=\"acc2293f793c2e007\" class=\"panel-collapse collapse \" aria-labelledby=\"toggle_acc2293f793c2e007\"><div class=\"panel-body toggle-content fusion-clearfix\">\n<p><strong>Editeur<\/strong><\/p>\n<p>AGRIDEA<br \/>\nEschikon 28<br \/>\nCH-8315 Lindau<br \/>\nTel. +41 52 354 97 00<br \/>\n<a href=\"mailto:kontakt@agridea.ch\">kontakt@agridea.ch<\/a><br \/>\n<a href=\"https:\/\/www.agridea.ch\">www.agridea.ch<\/a><\/p>\n<p><strong>Auteurs<\/strong><\/p>\n<p>Ernst Bolliger, AGRIDEA<br \/>\nRuth Moser, AGRIDEA<br \/>\nVal\u00e9rie Cavin, AGRIDEA<br \/>\nTonino Zellweger, AGRIDEA<\/p>\n<p><strong>Illustration<\/strong><\/p>\n<p>Merel Gooijer, AGRIDEA<\/p>\n<\/div><\/div><\/div><\/div><\/div><\/div><\/div><\/div><\/div>\n","protected":false},"excerpt":{"rendered":"","protected":false},"author":26,"featured_media":0,"parent":0,"menu_order":0,"comment_status":"closed","ping_status":"closed","template":"","meta":{"_sb_is_suggestion_mode":false,"_sb_show_suggestion_boards":false,"_sb_show_comment_boards":false,"_sb_suggestion_history":"","_sb_update_block_changes":"","inline_featured_image":false,"_monsterinsights_skip_tracking":false,"_monsterinsights_sitenote_active":false,"_monsterinsights_sitenote_note":"","_monsterinsights_sitenote_category":0,"footnotes":""},"class_list":["post-618","page","type-page","status-publish","hentry"],"_links":{"self":[{"href":"https:\/\/agripedia.ch\/moderation\/fr\/wp-json\/wp\/v2\/pages\/618","targetHints":{"allow":["GET"]}}],"collection":[{"href":"https:\/\/agripedia.ch\/moderation\/fr\/wp-json\/wp\/v2\/pages"}],"about":[{"href":"https:\/\/agripedia.ch\/moderation\/fr\/wp-json\/wp\/v2\/types\/page"}],"author":[{"embeddable":true,"href":"https:\/\/agripedia.ch\/moderation\/fr\/wp-json\/wp\/v2\/users\/26"}],"replies":[{"embeddable":true,"href":"https:\/\/agripedia.ch\/moderation\/fr\/wp-json\/wp\/v2\/comments?post=618"}],"version-history":[{"count":20,"href":"https:\/\/agripedia.ch\/moderation\/fr\/wp-json\/wp\/v2\/pages\/618\/revisions"}],"predecessor-version":[{"id":1355,"href":"https:\/\/agripedia.ch\/moderation\/fr\/wp-json\/wp\/v2\/pages\/618\/revisions\/1355"}],"wp:attachment":[{"href":"https:\/\/agripedia.ch\/moderation\/fr\/wp-json\/wp\/v2\/media?parent=618"}],"curies":[{"name":"wp","href":"https:\/\/api.w.org\/{rel}","templated":true}]}}