{"id":11,"date":"2021-03-15T08:38:46","date_gmt":"2021-03-15T08:38:46","guid":{"rendered":"https:\/\/agripedia.ch\/lehrjahrset\/?page_id=11"},"modified":"2023-11-22T21:49:36","modified_gmt":"2023-11-22T20:49:36","slug":"pflanzenbau-3","status":"publish","type":"page","link":"https:\/\/agripedia.ch\/lehrjahrset\/pflanzenbau-3\/","title":{"rendered":"Pflanzenbau, 3. Lehrjahr"},"content":{"rendered":"\n<div class=\"wp-block-group agripedia-box is-layout-flow wp-block-group-is-layout-flow\">\n<div class=\"wp-block-group agripedia-box-header is-layout-flow wp-block-group-is-layout-flow\">\n<h5 class=\"wp-block-heading\">Inhalt<\/h5>\n<\/div>\n\n\n\n<div class=\"wp-block-group agripedia-box-content is-layout-flow wp-block-group-is-layout-flow\">\n<ul class=\"wp-block-list\">\n<li><a href=\"https:\/\/agripedia.ch\/lehrjahrset?leaky-paywall-media-download=194\" target=\"_blank\" rel=\"noreferrer noopener\">Problemunkr\u00e4uter \u2013 Quecke<\/a><\/li>\n\n\n\n<li><a href=\"https:\/\/agripedia.ch\/lehrjahrset?leaky-paywall-media-download=200\" target=\"_blank\" rel=\"noreferrer noopener\">Problemunkr\u00e4uter \u2013 Winden<\/a><\/li>\n\n\n\n<li><a href=\"https:\/\/agripedia.ch\/lehrjahrset?leaky-paywall-media-download=188\" target=\"_blank\" rel=\"noreferrer noopener\">Problemunkr\u00e4uter \u2013 Ambrosia<\/a><\/li>\n\n\n\n<li><a href=\"https:\/\/agripedia.ch\/lehrjahrset?leaky-paywall-media-download=190\" target=\"_blank\" rel=\"noreferrer noopener\">Problemunkr\u00e4uter \u2013 Erdmandelgras<\/a><\/li>\n\n\n\n<li><a href=\"https:\/\/agripedia.ch\/lehrjahrset?leaky-paywall-media-download=198\" target=\"_blank\" rel=\"noreferrer noopener\">Optimale Fruchtfolgen im Feldbau<\/a><\/li>\n\n\n\n<li><a href=\"https:\/\/agripedia.ch\/lehrjahrset?leaky-paywall-media-download=174\" target=\"_blank\" rel=\"noreferrer noopener\">Formulare N\u00e4hrstoffbilanz (Suisse-Bilanz)<\/a><\/li>\n\n\n\n<li><a href=\"https:\/\/agripedia.ch\/lehrjahrset?leaky-paywall-media-download=243\" target=\"_blank\" rel=\"noreferrer noopener\">Formular Spezialkulturen und Ernter\u00fcckst\u00e4nde Gem\u00fcse (Suisse-Bilanz)<\/a><\/li>\n\n\n\n<li><a href=\"https:\/\/agripedia.ch\/lehrjahrset?leaky-paywall-media-download=168\" target=\"_blank\" rel=\"noreferrer noopener\">Bek\u00e4mpfen der Ackerkratzdistel<\/a><\/li>\n\n\n\n<li><a href=\"https:\/\/agripedia.ch\/lehrjahrset?leaky-paywall-media-download=170\" target=\"_blank\" rel=\"noreferrer noopener\">Biodiversit\u00e4tsf\u00f6rderung auf dem Landwirtschaftsbetrieb \u2013 Wegleitung<\/a><\/li>\n\n\n\n<li><a href=\"https:\/\/agripedia.ch\/lehrjahrset?leaky-paywall-media-download=196\" target=\"_blank\" rel=\"noreferrer noopener\">Liste der empfohlenen Getreidesorten f\u00fcr die Ernte 2022<\/a><\/li>\n\n\n\n<li><a href=\"https:\/\/agripedia.ch\/lehrjahrset?leaky-paywall-media-download=240\" target=\"_blank\" rel=\"noreferrer noopener\">Liste der empfohlenen Getreidesorten f\u00fcr die Ernte 2023<\/a><\/li>\n\n\n\n<li><a href=\"https:\/\/agripedia.ch\/lehrjahrset?leaky-paywall-media-download=166\" target=\"_blank\" rel=\"noreferrer noopener\">KIP-Richtlinien f\u00fcr den \u00f6kologischen Leistungs- f\u00fcr den \u00f6kologischen Leistungsnachweis (\u00d6LN)<\/a><\/li>\n\n\n\n<li><a href=\"https:\/\/agripedia.ch\/lehrjahrset?leaky-paywall-media-download=192\" target=\"_blank\" rel=\"noreferrer noopener\">Ernterapport<\/a><\/li>\n\n\n\n<li><a href=\"https:\/\/agripedia.ch\/lehrjahrset?leaky-paywall-media-download=176\" target=\"_blank\" rel=\"noreferrer noopener\">AGFF Information W12: Weiden von Milchkuehen &#8211; Weiden unter trockenen Bedingungen<\/a><\/li>\n\n\n\n<li><a href=\"https:\/\/agripedia.ch\/lehrjahrset?leaky-paywall-media-download=178\" target=\"_blank\" rel=\"noreferrer noopener\">AGFF Information W13: Weiden von Milchkuehen &#8211; Weiden unter feuchten Bedingungen<\/a><\/li>\n\n\n\n<li><a href=\"https:\/\/agripedia.ch\/lehrjahrset?leaky-paywall-media-download=180\" target=\"_blank\" rel=\"noreferrer noopener\">AGFF Information W14: Weiden von Milchk\u00fchen &#8211; Zugangswege zu den Weiden n\u00fctzlich oder unn\u00f6tig<\/a><\/li>\n\n\n\n<li><a href=\"https:\/\/agripedia.ch\/lehrjahrset?leaky-paywall-media-download=182\" target=\"_blank\" rel=\"noreferrer noopener\">AGFF Merkblatt Nr. 5 \u2013 Wiesenverbesserung im mittelintensiven und intensiven Futterbau<\/a><\/li>\n\n\n\n<li><a href=\"https:\/\/agripedia.ch\/lehrjahrset?leaky-paywall-media-download=184\" target=\"_blank\" rel=\"noreferrer noopener\">AGFF Merkblatt Nr. 9 \u2013 Die Methode \u00abImmergr\u00fcn\u00bb<\/a><\/li>\n\n\n\n<li><a href=\"https:\/\/agripedia.ch\/lehrjahrset?leaky-paywall-media-download=186\" target=\"_blank\" rel=\"noreferrer noopener\">AGFF Merkblatt Nr. 11 \u2013 Abgestufte Bewirtschaftungsintensit\u00e4t im Naturfutterbau<\/a><\/li>\n<\/ul>\n<\/div>\n<\/div>\n","protected":false},"excerpt":{"rendered":"<p>Inhalt<\/p>\n","protected":false},"author":3,"featured_media":207,"parent":0,"menu_order":3,"comment_status":"closed","ping_status":"closed","template":"templates\/template-agripedia-cover.php","meta":{"_sb_is_suggestion_mode":false,"_sb_show_suggestion_boards":false,"_sb_show_comment_boards":false,"_sb_suggestion_history":"","_sb_update_block_changes":"","_monsterinsights_skip_tracking":false,"_monsterinsights_sitenote_active":false,"_monsterinsights_sitenote_note":"","_monsterinsights_sitenote_category":0,"footnotes":""},"class_list":["post-11","page","type-page","status-publish","has-post-thumbnail","hentry"],"_links":{"self":[{"href":"https:\/\/agripedia.ch\/lehrjahrset\/wp-json\/wp\/v2\/pages\/11","targetHints":{"allow":["GET"]}}],"collection":[{"href":"https:\/\/agripedia.ch\/lehrjahrset\/wp-json\/wp\/v2\/pages"}],"about":[{"href":"https:\/\/agripedia.ch\/lehrjahrset\/wp-json\/wp\/v2\/types\/page"}],"author":[{"embeddable":true,"href":"https:\/\/agripedia.ch\/lehrjahrset\/wp-json\/wp\/v2\/users\/3"}],"replies":[{"embeddable":true,"href":"https:\/\/agripedia.ch\/lehrjahrset\/wp-json\/wp\/v2\/comments?post=11"}],"version-history":[{"count":14,"href":"https:\/\/agripedia.ch\/lehrjahrset\/wp-json\/wp\/v2\/pages\/11\/revisions"}],"predecessor-version":[{"id":275,"href":"https:\/\/agripedia.ch\/lehrjahrset\/wp-json\/wp\/v2\/pages\/11\/revisions\/275"}],"wp:featuredmedia":[{"embeddable":true,"href":"https:\/\/agripedia.ch\/lehrjahrset\/wp-json\/wp\/v2\/media\/207"}],"wp:attachment":[{"href":"https:\/\/agripedia.ch\/lehrjahrset\/wp-json\/wp\/v2\/media?parent=11"}],"curies":[{"name":"wp","href":"https:\/\/api.w.org\/{rel}","templated":true}]}}