{"id":1744,"date":"2026-03-03T11:20:09","date_gmt":"2026-03-03T10:20:09","guid":{"rendered":"https:\/\/agripedia.ch\/klima\/?page_id=1744"},"modified":"2026-04-23T17:26:41","modified_gmt":"2026-04-23T15:26:41","slug":"massnahmen-klimaschutz-und-anpassung","status":"publish","type":"page","link":"https:\/\/agripedia.ch\/klima\/massnahmen-klimaschutz-und-anpassung\/","title":{"rendered":"Massnahmen Klimaschutz und Anpassung"},"content":{"rendered":"\n<p><\/p>\n\n\n\n<p>Die Landwirtschaft ist im Bereich Klimaschutz und Klimaanpassung zunehmend gefordert. Auf den Betrieben stellt sich dabei die Frage, wie sich Emissionen wirksam reduzieren lassen und gleichzeitig die Widerstandsf\u00e4higkeit gegen\u00fcber Klimarisiken gezielt gest\u00e4rkt werden kann. Damit passende Massnahmen gefunden und umgesetzt werden k\u00f6nnen, braucht es eine gute Beratung, ein Verst\u00e4ndnis f\u00fcr die betriebliche Wirkung einzelner Schritte und einen \u00dcberblick \u00fcber m\u00f6gliche Handlungsoptionen.<\/p>\n\n\n\n<div style=\"height:0px\" aria-hidden=\"true\" class=\"wp-block-spacer\"><\/div>\n\n\n\n<div class=\"wp-block-getwid-accordion has-icon-left\" data-active-element=\"3\">\n<div class=\"wp-block-getwid-accordion__header-wrapper\"><span class=\"wp-block-getwid-accordion__header\"><a href=\"#\"><span class=\"wp-block-getwid-accordion__header-title\">Treibhausgasbilanzierung und Aktionsplan: weshalb und wie?<\/span><span class=\"wp-block-getwid-accordion__icon is-active\"><i class=\"fas fa-plus\"><\/i><\/span><span class=\"wp-block-getwid-accordion__icon is-passive\"><i class=\"fas fa-minus\"><\/i><\/span><\/a><\/span><\/div><div class=\"wp-block-getwid-accordion__content-wrapper\"><div class=\"wp-block-getwid-accordion__content\">\n<p>Ziel der Treibhausgas-Bilanzierung eines landwirtschaftlichen Betriebs ist es, die wichtigsten Emissionsquellen sichtbar zu machen und damit die Entscheidungsgrundlage schaffen, um Emissionen gezielt reduzieren zu k\u00f6nnen und den Betrieb effizienter zu gestalten. Dazu werden die Treibhausgas-Emissionen in CO2-\u00c4quivalenten berechnet. Bei einer Bilanzierung werden alle Prozesse ber\u00fccksichtigt, die f\u00fcr die Produktion von landwirtschaftlichen Erzeugnissen in einem Bereich notwendig sind (inkl. Input, jedoch ohne nachgelagerte Aktivit\u00e4ten wie Verarbeitung und Transport). Basierend auf der Treibhausgasbilanzierung kann anschliessend ein Aktionsplan mit Massnahmen festgelegt werden.<\/p>\n\n\n\n<figure class=\"wp-block-image is-resized\"><a href=\"https:\/\/idele.fr\/detail-article\/cap2er-guide-simplifie-de-la-methodologie-devaluation-environnementale-dune-exploitation-agricole\"><img loading=\"lazy\" decoding=\"async\" width=\"1024\" height=\"485\" src=\"https:\/\/agripedia.ch\/klima\/wp-content\/uploads\/sites\/66\/2025\/04\/THG-Bilanzierung_DE-1024x485.png\" alt=\"\" class=\"wp-image-1178\" style=\"aspect-ratio:2.1114133172156744;width:511px;height:auto\" srcset=\"https:\/\/agripedia.ch\/klima\/wp-content\/uploads\/sites\/66\/2025\/04\/THG-Bilanzierung_DE-1024x485.png 1024w, https:\/\/agripedia.ch\/klima\/wp-content\/uploads\/sites\/66\/2025\/04\/THG-Bilanzierung_DE-300x142.png 300w, https:\/\/agripedia.ch\/klima\/wp-content\/uploads\/sites\/66\/2025\/04\/THG-Bilanzierung_DE-768x364.png 768w, https:\/\/agripedia.ch\/klima\/wp-content\/uploads\/sites\/66\/2025\/04\/THG-Bilanzierung_DE-1536x728.png 1536w, https:\/\/agripedia.ch\/klima\/wp-content\/uploads\/sites\/66\/2025\/04\/THG-Bilanzierung_DE-1200x569.png 1200w, https:\/\/agripedia.ch\/klima\/wp-content\/uploads\/sites\/66\/2025\/04\/THG-Bilanzierung_DE.png 1648w\" sizes=\"auto, (max-width: 1024px) 100vw, 1024px\" \/><\/a><figcaption class=\"wp-element-caption\">Systemgrenze f\u00fcr die THG-Bilanzierung eines landwirtschaftlichen Betriebs<br>(nach<a href=\"https:\/\/idele.fr\/detail-article\/cap2er-guide-simplifie-de-la-methodologie-devaluation-environnementale-dune-exploitation-agricole\" target=\"_blank\" rel=\"noreferrer noopener\">&nbsp;Institut de l\u2018\u00e9levage<\/a>)<\/figcaption><\/figure>\n\n\n\n<p>Im Rahmen von betriebs\u00fcbergreifenden Programmen (z.B. Klimapunktesystem von IP-Suisse und BioSuisse) k\u00f6nnen Aktionspl\u00e4ne auch massnahmenbasiert und ohne individuelle Bilanzierung erstellt werden. Ein solcher Ansatz kann insbesondere f\u00fcr kleine Betriebe mit mehreren Betriebszweigen die rasche Umsetzung gut etablierter Standardmassnahmen erm\u00f6glichen. F\u00fcr spezialisierte Betriebe (z.B. im Bereich Milch-\/Fleischproduktion) und f\u00fcr die Umsetzung von komplexeren Massnahmen macht es jedoch in der Regel Sinn, eine Bilanzierung vorzunehmen, um betriebsindividuell die gr\u00f6ssten Hebel zu erkennen und die Auswirkungen von Massnahmen simulieren zu k\u00f6nnen.<\/p>\n\n\n\n<p>Eine betriebsindividuelle THG-Bilanzierung kann zudem ebenfalls n\u00f6tig sein, wenn Betriebe ihre effektiven Emissionen direkt rapportieren m\u00fcssen (z.B. an Abnehmer ihrer Produkte).<\/p>\n\n\n\n<p>Folgende Tools und Programme zur THG-Bilanzierung bzw. zur massnahmenbasierten Festlegung von Aktionspl\u00e4nen werden heute in der Schweiz verwendet :<\/p>\n\n\n\n<ul class=\"wp-block-list\">\n<li><a href=\"https:\/\/www.bio-inspecta.ch\/en\/world-climate-farm-tool\" target=\"_blank\" rel=\"noreferrer noopener\">World Climate Farm Tool<\/a>&nbsp;(Bio Inspecta)<\/li>\n<\/ul>\n\n\n\n<ul class=\"wp-block-list\">\n<li><a href=\"https:\/\/www.bfh.ch\/de\/forschung\/forschungsprojekte\/2024-501-469-742\/\" target=\"_blank\" rel=\"noreferrer noopener\">BOM Klimarechner<\/a>&nbsp;(Weiterentwicklung KLIR)<\/li>\n<\/ul>\n\n\n\n<ul class=\"wp-block-list\">\n<li><a href=\"https:\/\/idele.fr\/detail-article\/cap2err\" target=\"_blank\" rel=\"noreferrer noopener\">CAP2ER<\/a><\/li>\n<\/ul>\n\n\n\n<ul class=\"wp-block-list\">\n<li><a href=\"https:\/\/coolfarm.org\/\" target=\"_blank\" rel=\"noreferrer noopener\">CoolFarm Tool<\/a><\/li>\n<\/ul>\n\n\n\n<ul class=\"wp-block-list\">\n<li>Punktesystem <a href=\"https:\/\/www.bauern-fuer-klima-und-umwelt.ch\/klima-schuetzen\/einleitung-heizen\" title=\"\">IP Suisse<\/a>\/BioSuisse (Massnahmenbasierter Ansatz)<\/li>\n\n\n\n<li><a href=\"https:\/\/www.bodensee-stiftung.org\/acct\/\" target=\"_blank\" rel=\"noopener\" title=\"\">AgriClimateChangeTool (ACCT)<\/a><\/li>\n<\/ul>\n\n\n\n<div style=\"height:20px\" aria-hidden=\"true\" class=\"wp-block-spacer\"><\/div>\n\n\n\n<p><strong>Wichtig: <\/strong>Wie hoch die berechneten THG Emissionen eines Betriebs genau sind, h\u00e4ngt auch vom verwendeten Bilanzierungstool\/Ansatz, dessen genauen Systemgrenzen, Datengrundlagen und der jeweiligen Berechnungsmethodik ab. Ein Grund daf\u00fcr ist, dass landwirtschaftliche Produktionssysteme stark von nat\u00fcrlichen Prozessen gepr\u00e4gt sind \u2013 sowohl im Boden als auch im Tier. Diese komplexen Wechselwirkungen bringen zwangsl\u00e4ufig Unsicherheiten und Varianzen in jede Wirkungsberechnung und es m\u00fcssen viele Annahmen getroffen werden. Deshalb sind auch Vergleiche zwischen Betrieben und Bilanzierungstools kaum sinnvoll: Ein Betrieb kann mit Tool A h\u00f6here oder tiefere Emissionen ausweisen als mit Tool B \u2013 selbst wenn sich am Betrieb nichts ge\u00e4ndert hat. Eine Analyse des Ausgangszustands und des individuellen Reduktionspotenzials durch umgesetzte Massnahmen ist grunds\u00e4tzlich sinnvoller als ein Vergleich zwischen verschiedenen Berechnungen\/Tools und Betrieben. Entscheidend ist schlussendlich vor Allem die konsequente Umsetzung der Massnahmen; denn nur umgesetzte Massnahmen bringen echte Wirkung und st\u00e4rken die Produktionsgrundlagen, auf denen die Landwirtschaft langfristig aufbaut.<\/p>\n<\/div><\/div>\n\n\n\n<div class=\"wp-block-getwid-accordion__header-wrapper\"><span class=\"wp-block-getwid-accordion__header\"><a href=\"#\"><span class=\"wp-block-getwid-accordion__header-title\">Warum Klimaschutzmassnahmen je nach Betrieb unterschiedlich wirken <\/span><span class=\"wp-block-getwid-accordion__icon is-active\"><i class=\"fas fa-plus\"><\/i><\/span><span class=\"wp-block-getwid-accordion__icon is-passive\"><i class=\"fas fa-minus\"><\/i><\/span><\/a><\/span><\/div><div class=\"wp-block-getwid-accordion__content-wrapper\"><div class=\"wp-block-getwid-accordion__content\">\n<p>Wie wirksam eine Klimaschutz-Massnahme auf einem Betrieb konkret ist, h\u00e4ngt von vielen Faktoren ab. So haben beispielsweise verschiedene Produktionssysteme unterschiedliche Hauptquellen von Treibhausgasen \u2013 und damit auch jeweils andere Hebel, um diese effektiv zu reduzieren. Dadurch f\u00e4llt die prozentuale Wirkung einer Massnahme je nach Betriebstyp unterschiedlich aus: Was in einem System stark ins Gewicht f\u00e4llt, kann in einem anderen nur wenig Wirkung zeigen.<\/p>\n\n\n\n<p>Die folgenden Abbildungen veranschaulichen dies anhand eines exemplarischen Ackerbau- und eines Milchviehbetriebs: <\/p>\n\n\n\n<figure data-wp-context=\"{&quot;imageId&quot;:&quot;69efa120a681b&quot;}\" data-wp-interactive=\"core\/image\" data-wp-key=\"69efa120a681b\" class=\"wp-block-image alignwide size-full wp-lightbox-container\"><img loading=\"lazy\" decoding=\"async\" width=\"2560\" height=\"1521\" data-wp-class--hide=\"state.isContentHidden\" data-wp-class--show=\"state.isContentVisible\" data-wp-init=\"callbacks.setButtonStyles\" data-wp-on--click=\"actions.showLightbox\" data-wp-on--load=\"callbacks.setButtonStyles\" data-wp-on-window--resize=\"callbacks.setButtonStyles\" src=\"https:\/\/agripedia.ch\/klima\/wp-content\/uploads\/sites\/66\/2026\/03\/Emissionsquellen_Milchvieh_-scaled.png\" alt=\"\" class=\"wp-image-1814\" srcset=\"https:\/\/agripedia.ch\/klima\/wp-content\/uploads\/sites\/66\/2026\/03\/Emissionsquellen_Milchvieh_-scaled.png 2560w, https:\/\/agripedia.ch\/klima\/wp-content\/uploads\/sites\/66\/2026\/03\/Emissionsquellen_Milchvieh_-300x178.png 300w, https:\/\/agripedia.ch\/klima\/wp-content\/uploads\/sites\/66\/2026\/03\/Emissionsquellen_Milchvieh_-1024x608.png 1024w, https:\/\/agripedia.ch\/klima\/wp-content\/uploads\/sites\/66\/2026\/03\/Emissionsquellen_Milchvieh_-768x456.png 768w, https:\/\/agripedia.ch\/klima\/wp-content\/uploads\/sites\/66\/2026\/03\/Emissionsquellen_Milchvieh_-1536x912.png 1536w, https:\/\/agripedia.ch\/klima\/wp-content\/uploads\/sites\/66\/2026\/03\/Emissionsquellen_Milchvieh_-2048x1216.png 2048w, https:\/\/agripedia.ch\/klima\/wp-content\/uploads\/sites\/66\/2026\/03\/Emissionsquellen_Milchvieh_-1200x713.png 1200w, https:\/\/agripedia.ch\/klima\/wp-content\/uploads\/sites\/66\/2026\/03\/Emissionsquellen_Milchvieh_-1980x1176.png 1980w\" sizes=\"auto, (max-width: 2560px) 100vw, 2560px\" \/><button\n\t\t\tclass=\"lightbox-trigger\"\n\t\t\ttype=\"button\"\n\t\t\taria-haspopup=\"dialog\"\n\t\t\taria-label=\"Vergr\u00f6\u00dfern\"\n\t\t\tdata-wp-init=\"callbacks.initTriggerButton\"\n\t\t\tdata-wp-on--click=\"actions.showLightbox\"\n\t\t\tdata-wp-style--right=\"state.imageButtonRight\"\n\t\t\tdata-wp-style--top=\"state.imageButtonTop\"\n\t\t>\n\t\t\t<svg xmlns=\"http:\/\/www.w3.org\/2000\/svg\" width=\"12\" height=\"12\" fill=\"none\" viewBox=\"0 0 12 12\">\n\t\t\t\t<path fill=\"#fff\" d=\"M2 0a2 2 0 0 0-2 2v2h1.5V2a.5.5 0 0 1 .5-.5h2V0H2Zm2 10.5H2a.5.5 0 0 1-.5-.5V8H0v2a2 2 0 0 0 2 2h2v-1.5ZM8 12v-1.5h2a.5.5 0 0 0 .5-.5V8H12v2a2 2 0 0 1-2 2H8Zm2-12a2 2 0 0 1 2 2v2h-1.5V2a.5.5 0 0 0-.5-.5H8V0h2Z\" \/>\n\t\t\t<\/svg>\n\t\t<\/button><figcaption class=\"wp-element-caption\">Quelle: IDELE, Darstellung: AGRIDEA<\/figcaption><\/figure>\n\n\n\n<figure data-wp-context=\"{&quot;imageId&quot;:&quot;69efa120a7dcd&quot;}\" data-wp-interactive=\"core\/image\" data-wp-key=\"69efa120a7dcd\" class=\"wp-block-image alignwide size-full wp-lightbox-container\"><img loading=\"lazy\" decoding=\"async\" width=\"2560\" height=\"1500\" data-wp-class--hide=\"state.isContentHidden\" data-wp-class--show=\"state.isContentVisible\" data-wp-init=\"callbacks.setButtonStyles\" data-wp-on--click=\"actions.showLightbox\" data-wp-on--load=\"callbacks.setButtonStyles\" data-wp-on-window--resize=\"callbacks.setButtonStyles\" src=\"https:\/\/agripedia.ch\/klima\/wp-content\/uploads\/sites\/66\/2026\/03\/Emissionsquellen_Ackerbau-scaled.png\" alt=\"\" class=\"wp-image-1816\" srcset=\"https:\/\/agripedia.ch\/klima\/wp-content\/uploads\/sites\/66\/2026\/03\/Emissionsquellen_Ackerbau-scaled.png 2560w, https:\/\/agripedia.ch\/klima\/wp-content\/uploads\/sites\/66\/2026\/03\/Emissionsquellen_Ackerbau-300x176.png 300w, https:\/\/agripedia.ch\/klima\/wp-content\/uploads\/sites\/66\/2026\/03\/Emissionsquellen_Ackerbau-1024x600.png 1024w, https:\/\/agripedia.ch\/klima\/wp-content\/uploads\/sites\/66\/2026\/03\/Emissionsquellen_Ackerbau-768x450.png 768w, https:\/\/agripedia.ch\/klima\/wp-content\/uploads\/sites\/66\/2026\/03\/Emissionsquellen_Ackerbau-1536x900.png 1536w, https:\/\/agripedia.ch\/klima\/wp-content\/uploads\/sites\/66\/2026\/03\/Emissionsquellen_Ackerbau-2048x1200.png 2048w, https:\/\/agripedia.ch\/klima\/wp-content\/uploads\/sites\/66\/2026\/03\/Emissionsquellen_Ackerbau-1200x703.png 1200w, https:\/\/agripedia.ch\/klima\/wp-content\/uploads\/sites\/66\/2026\/03\/Emissionsquellen_Ackerbau-1980x1160.png 1980w\" sizes=\"auto, (max-width: 2560px) 100vw, 2560px\" \/><button\n\t\t\tclass=\"lightbox-trigger\"\n\t\t\ttype=\"button\"\n\t\t\taria-haspopup=\"dialog\"\n\t\t\taria-label=\"Vergr\u00f6\u00dfern\"\n\t\t\tdata-wp-init=\"callbacks.initTriggerButton\"\n\t\t\tdata-wp-on--click=\"actions.showLightbox\"\n\t\t\tdata-wp-style--right=\"state.imageButtonRight\"\n\t\t\tdata-wp-style--top=\"state.imageButtonTop\"\n\t\t>\n\t\t\t<svg xmlns=\"http:\/\/www.w3.org\/2000\/svg\" width=\"12\" height=\"12\" fill=\"none\" viewBox=\"0 0 12 12\">\n\t\t\t\t<path fill=\"#fff\" d=\"M2 0a2 2 0 0 0-2 2v2h1.5V2a.5.5 0 0 1 .5-.5h2V0H2Zm2 10.5H2a.5.5 0 0 1-.5-.5V8H0v2a2 2 0 0 0 2 2h2v-1.5ZM8 12v-1.5h2a.5.5 0 0 0 .5-.5V8H12v2a2 2 0 0 1-2 2H8Zm2-12a2 2 0 0 1 2 2v2h-1.5V2a.5.5 0 0 0-.5-.5H8V0h2Z\" \/>\n\t\t\t<\/svg>\n\t\t<\/button><figcaption class=\"wp-element-caption\">Quelle: IDELE, Darstellung: AGRIDEA<\/figcaption><\/figure>\n\n\n\n<p>In Ackerbaubetrieben stammen die meisten Emissionen typischerweise aus Lachgasemissionen (aus Prozessen im Boden) infolge der Stickstoffd\u00fcngung, w\u00e4hrend bei Milchviehbetrieben die Emissionen aus der enterischen Methanbildung in Wiederk\u00e4uern dominiert. F\u00fcr reine Ackerbaubetriebe bieten entsprechend insbesondere d\u00fcngungsbezogene Massnahmen ein grosses prozentuales Reduktionspotenzial. Betriebe mit Rindviehhaltung hingegen k\u00f6nnen die gr\u00f6ssten Effekte meist in der Tierhaltung erzielen, indem sie durch geeignete Massnahmen den Methanausstoss ihrer Herde reduzieren.<\/p>\n<\/div><\/div>\n\n\n\n<div class=\"wp-block-getwid-accordion__header-wrapper\"><span class=\"wp-block-getwid-accordion__header\"><a href=\"#\"><span class=\"wp-block-getwid-accordion__header-title\">Schritte zu einer erfolgreichen Klimaberatung von landwirtschaftlichen Betrieben<\/span><span class=\"wp-block-getwid-accordion__icon is-active\"><i class=\"fas fa-plus\"><\/i><\/span><span class=\"wp-block-getwid-accordion__icon is-passive\"><i class=\"fas fa-minus\"><\/i><\/span><\/a><\/span><\/div><div class=\"wp-block-getwid-accordion__content-wrapper\"><div class=\"wp-block-getwid-accordion__content\">\n<p><strong>1. Einstiegs- und Kontaktphase<\/strong><\/p>\n\n\n\n<p>Am Anfang einer Klimaberatung steht ein Gespr\u00e4ch mit dem Landwirten \/ der Landwirtin. Dabei werden die Beweggr\u00fcnde f\u00fcr die Teilnahme an der Klimaberatung festgehalten \u2013 etwa eigene Initiative, ein Programm oder externe Vorgaben. Zudem werden pers\u00f6nliche Motivation und Erwartungen des Betriebs kurz erfragt. Dies schafft Orientierung und eine vertrauensvolle Gespr\u00e4chsbasis.<\/p>\n\n\n\n<div style=\"height:31px\" aria-hidden=\"true\" class=\"wp-block-spacer\"><\/div>\n\n\n\n<p><strong>2. Auftragskl\u00e4rung und Zielformulierung<\/strong><\/p>\n\n\n\n<p>Anschliessend erfolgt eine gemeinsame Kl\u00e4rung des Beratungsauftrags und der Ziele. Es wird besprochen, welche Entwicklungen f\u00fcr den Betrieb angestrebt werden (auch neben Klimazielen). Weiter kann besprochen werden, ob der Schwerpunkt auf Klimaschutz, Klimaanpassung oder beidem liegen soll.<\/p>\n\n\n\n<div style=\"height:31px\" aria-hidden=\"true\" class=\"wp-block-spacer\"><\/div>\n\n\n\n<p><strong>3. Situationsanalyse, IST-Zustand<\/strong><\/p>\n\n\n\n<p>Eine Treibhausgasbilanzierung oder eine Bestandesaufnahme des Betriebs zeigt die wesentlichen Emissionsquellen und hilft, die gr\u00f6ssten Reduktionspotenziale zu identifizieren. Erg\u00e4nzend k\u00f6nnen betriebliche Klimarisiken analysiert werden und gemeinsam bewertet werden.<\/p>\n\n\n\n<div style=\"height:30px\" aria-hidden=\"true\" class=\"wp-block-spacer\"><\/div>\n\n\n\n<p><strong>4. Aktionsplan<\/strong><\/p>\n\n\n\n<p>Auf Basis der Bilanzierung\/Bestandesaufnahme und der Zielformulierung werden m\u00f6gliche Massnahmen f\u00fcr Klimaschutz und Klimaanpassung erarbeitet und bez\u00fcglich ihrer Machbarkeit und Wirkung bewertet. Dabei soll auch ber\u00fccksichtigt werden, welche Massnahmen f\u00fcr den Landwirt oder die Landwirtin besonders interessant sind (Interesse\/Eigenmotivation). Die meisten Programme und Bilanzierungstools liefern bereits eine Auswahl an m\u00f6glichen Massnahmen und bieten damit eine gute Grundlage f\u00fcr die Festlegung des Aktionsplans.<\/p>\n\n\n\n<div style=\"height:31px\" aria-hidden=\"true\" class=\"wp-block-spacer\"><\/div>\n\n\n\n<p><strong>5. Umsetzungsphase<\/strong><\/p>\n\n\n\n<p>Die Umsetzung der definierten Massnahmen liegt beim Landwirt oder der Landwirtin. Die Umsetzung der Massnahmen sollte aktiv begleitet werden, um fr\u00fch auf m\u00f6gliche Fragen oder Herausforderungen eingehen zu k\u00f6nnen und bei Bedarf Anpassungen am Aktionsplan vorzunehmen. F\u00fcr spezifische Fragen zur Umsetzung k\u00f6nnen weitere Fachpersonen beigezogen werden (zB. Rationsberechnungen, D\u00fcngebilanz).<\/p>\n\n\n\n<div style=\"height:26px\" aria-hidden=\"true\" class=\"wp-block-spacer\"><\/div>\n\n\n\n<p><strong>6. Auswertung und Abschluss<\/strong><\/p>\n\n\n\n<p>Nach der Umsetzung wird die Wirksamkeit der Massnahmen mit einer erneuten Bilanzierung des Betriebs bewertet. Weitere Fragen helfen, diesen Prozess gesamtheitlich zu bewerten: Wie zufrieden ist der Landwirt oder die Landwirtin mit der Massnahme? Sind eventuell Anpassungen erforderlich und welche zus\u00e4tzlichen positiven Effekte (Co-Benefits) sind durch die Umsetzung der Klimamassnahmen eventuell auf dem Betrieb entstanden? Ist der Landwirt\/die Landwirtin an weiteren Massnahmen interessiert?<\/p>\n\n\n\n<p><\/p>\n<\/div><\/div>\n\n\n\n<div class=\"wp-block-getwid-accordion__header-wrapper\"><span class=\"wp-block-getwid-accordion__header\"><a href=\"#\"><span class=\"wp-block-getwid-accordion__header-title\">Massnahmensammlung Klimaschutz und -anpassung<\/span><span class=\"wp-block-getwid-accordion__icon is-active\"><i class=\"fas fa-plus\"><\/i><\/span><span class=\"wp-block-getwid-accordion__icon is-passive\"><i class=\"fas fa-minus\"><\/i><\/span><\/a><\/span><\/div><div class=\"wp-block-getwid-accordion__content-wrapper\"><div class=\"wp-block-getwid-accordion__content\">\n<p>Die Massnahmensammlung Klimaschutz und -anpassung bietet Zugang zu Wissen \u00fcber wirksame Massnahmen sowohl zur Reduktion von Treibhausgasen als auch zur Anpassung der landwirtschaftlichen Produktion an die Folgen des Klimawandels. F\u00fcr jede Handlungsoption werden Informationen zur Wirkung bereitgestellt, Umsetzungsschritte erl\u00e4utern und Hinweise auf weiterf\u00fchrende Informationen gegeben.&nbsp;<\/p>\n\n\n\n<p>Zur besseren Orientierung sind die Massnahmen in Kategorien wie zum Beispiel \u201eAckerbau\u201c oder \u201eMilchproduktion\u201c eingeteilt. Viele davon sind in anderem Kontext bereits bekannt und erprobt, werden hier jedoch aus einer klimaspezifischen Perspektive dargestellt. Die Sammlung ist nicht abschliessend und wird laufend erg\u00e4nzt; noch nicht verf\u00fcgbare Massnahmen sind grau hinterlegt.<\/p>\n\n\n\n<div style=\"height:31px\" aria-hidden=\"true\" class=\"wp-block-spacer\"><\/div>\n\n\n\n<div class=\"wp-block-buttons is-layout-flex wp-block-buttons-is-layout-flex\">\n<div class=\"wp-block-button\"><a class=\"wp-block-button__link wp-element-button\" href=\"https:\/\/agripedia.ch\/klima\/massnahmensammlung-klimaschutz-und-anpassung\/\">Massnahmen-Sammlung<\/a><\/div>\n<\/div>\n<\/div><\/div>\n<\/div>\n\n\n\n<div class=\"wp-block-group agripedia-box is-layout-flow wp-block-group-is-layout-flow\">\n<div class=\"wp-block-group agripedia-box-header is-layout-flow wp-block-group-is-layout-flow\">\n<h5 class=\"wp-block-heading\">Weiterf\u00fchrende Informationen<\/h5>\n<\/div>\n\n\n\n<div class=\"wp-block-group agripedia-box-content is-layout-flow wp-block-group-is-layout-flow\">\n<p>\u2192 AGRIDEA Merkblatt&nbsp;<a href=\"https:\/\/www.agridea.ch\/fileadmin\/AGRIDEA\/Theme\/Changement_climatique\/1626_12_D_24_Hebel_zur_Reduzierung_von_Treibhausgasen_in_Rinderbetrieben.pdf\">Massnahmen zur Reduzierung von Treibhausgasen in Rinderbetrieben<\/a><\/p>\n<\/div>\n<\/div>\n\n\n\n<p><\/p>\n","protected":false},"excerpt":{"rendered":"<p>Die Landwirtschaft ist im Bereich Klimaschutz und Klimaanpassung zunehmend gefordert. Auf den Betrieben stellt sich dabei die Frage, wie sich Emissionen wirksam reduzieren lassen und gleichzeitig die Widerstandsf\u00e4higkeit gegen\u00fcber Klimarisiken gezielt gest\u00e4rkt werden kann. Damit passende Massnahmen gefunden und umgesetzt werden k\u00f6nnen, braucht es eine gute Beratung, ein Verst\u00e4ndnis f\u00fcr die betriebliche Wirkung einzelner Schritte [&hellip;]<\/p>\n","protected":false},"author":1457,"featured_media":1754,"parent":0,"menu_order":0,"comment_status":"closed","ping_status":"closed","template":"","meta":{"_bbp_topic_count":0,"_bbp_reply_count":0,"_bbp_total_topic_count":0,"_bbp_total_reply_count":0,"_bbp_voice_count":0,"_bbp_anonymous_reply_count":0,"_bbp_topic_count_hidden":0,"_bbp_reply_count_hidden":0,"_bbp_forum_subforum_count":0,"_sb_is_suggestion_mode":false,"_sb_show_suggestion_boards":false,"_sb_show_comment_boards":false,"_sb_suggestion_history":"","_sb_update_block_changes":"","om_disable_all_campaigns":false,"_monsterinsights_skip_tracking":false,"_monsterinsights_sitenote_active":false,"_monsterinsights_sitenote_note":"","_monsterinsights_sitenote_category":0,"footnotes":""},"class_list":["post-1744","page","type-page","status-publish","has-post-thumbnail","hentry"],"aioseo_notices":[],"_links":{"self":[{"href":"https:\/\/agripedia.ch\/klima\/wp-json\/wp\/v2\/pages\/1744","targetHints":{"allow":["GET"]}}],"collection":[{"href":"https:\/\/agripedia.ch\/klima\/wp-json\/wp\/v2\/pages"}],"about":[{"href":"https:\/\/agripedia.ch\/klima\/wp-json\/wp\/v2\/types\/page"}],"author":[{"embeddable":true,"href":"https:\/\/agripedia.ch\/klima\/wp-json\/wp\/v2\/users\/1457"}],"replies":[{"embeddable":true,"href":"https:\/\/agripedia.ch\/klima\/wp-json\/wp\/v2\/comments?post=1744"}],"version-history":[{"count":65,"href":"https:\/\/agripedia.ch\/klima\/wp-json\/wp\/v2\/pages\/1744\/revisions"}],"predecessor-version":[{"id":2160,"href":"https:\/\/agripedia.ch\/klima\/wp-json\/wp\/v2\/pages\/1744\/revisions\/2160"}],"wp:featuredmedia":[{"embeddable":true,"href":"https:\/\/agripedia.ch\/klima\/wp-json\/wp\/v2\/media\/1754"}],"wp:attachment":[{"href":"https:\/\/agripedia.ch\/klima\/wp-json\/wp\/v2\/media?parent=1744"}],"curies":[{"name":"wp","href":"https:\/\/api.w.org\/{rel}","templated":true}]}}