{"id":1134,"date":"2025-05-08T09:26:53","date_gmt":"2025-05-08T07:26:53","guid":{"rendered":"https:\/\/agripedia.ch\/klima\/?page_id=1134"},"modified":"2026-01-22T15:33:25","modified_gmt":"2026-01-22T14:33:25","slug":"massnahmen-und-strategien","status":"publish","type":"page","link":"https:\/\/agripedia.ch\/klima\/massnahmen-und-strategien\/","title":{"rendered":"Strategien und Angebote"},"content":{"rendered":"\n<p>Um den Klimawandel und damit auch seine Auswirkungen auf die landwirtschaftliche Produktion zu begrenzen, muss der Ausstoss von Treibhausgasen auch in der Landwirtschaft reduziert werden (<strong>Klimaschutz<\/strong>). Es ist jedoch auch bereits heute klar, dass eine <strong>Anpassung<\/strong> der Landwirtschaft an die Auswirkungen des Klimawandels ebenfalls n\u00f6tig ist, um die landwirtschaftliche Produktion auch in Zukunft zu sichern. Um diese Ziele zu erreichen, ist eine Zusammenarbeit entlang der gesamten Wertsch\u00f6pfungskette unumg\u00e4nglich. <\/p>\n\n\n\n<h2 class=\"wp-block-heading\">Strategie des Bundes<\/h2>\n\n\n\n<p>Die Schweiz hat sich im Rahmen des Pariser Klimaabkommens dazu verpflichtet, ihre Treibhausgasemissionen zu reduzieren und bis 2050 klimaneutral zu werden, um den Klimawandel abzuschw\u00e4chen. Diese Verpflichtungen beruhen auf dem Ziel, die globale Erw\u00e4rmung auf deutlich unter 2 \u00b0C im Vergleich zum vorindustriellen Niveau zu begrenzen. Um dieses Ziel zu erreichen, setzt die Schweiz auf Massnahmen in allen Sektoren \u2013 von der Energieproduktion \u00fcber die Mobilit\u00e4t bis zur Ern\u00e4hrung.<\/p>\n\n\n\n<p>Im Rahmen der Klimastrategie Landwirtschaft und Ern\u00e4hrung 2050 hat der Bund zentrale Teilziele definiert, um ein klimafreundliches und resilientes Ern\u00e4hrungssystem zu f\u00f6rdern. Diese Teilziele betreffen sowohl <strong>systemische Ver\u00e4nderungen<\/strong> \u2013 wie die F\u00f6rderung ressourcenschonender Konsummuster, die Minimierung von Lebensmittelverlusten und die nachhaltige Ausrichtung von Handelsbeziehungen \u2013 als auch <strong>technische und organisatorische Optimierungen<\/strong> in der Landwirtschaft, etwa in der Reduktion des Energiebedarfs, dem Erhalt der Bodenfruchtbarkeit, der effizienten Nutzung von Wasserressourcen und einer verlustarmen Tier- und Pflanzenern\u00e4hrung:<\/p>\n\n\n\n<ul class=\"wp-block-list\">\n<li><strong>Reduktion der Emissionen:<\/strong> Die Treibhausgasemissionen der landwirtschaftlichen Produktion im Inland werden im Vergleich zu 1990 um mindestens 40 % reduziert.<\/li>\n\n\n\n<li><strong>Klimaangepasste Landwirtschaft<\/strong>: Die Landwirtschaft produziert klima- und standortgerecht und sichert einen Selbstversorgungsgrad von mindestens 50 %.<\/li>\n\n\n\n<li><strong>Nachhaltige Ern\u00e4hrung<\/strong>: Die Bev\u00f6lkerung ern\u00e4hrt sich gesund und ausgewogen, wodurch der \u00f6kologische Fussabdruck der Ern\u00e4hrung pro Kopf um 2\/3 gegen\u00fcber 2020 sinkt.<\/li>\n<\/ul>\n\n\n\n<figure class=\"wp-block-image size-large is-resized\"><img loading=\"lazy\" decoding=\"async\" width=\"1024\" height=\"391\" src=\"https:\/\/agripedia.ch\/klima\/wp-content\/uploads\/sites\/66\/2025\/04\/Klimastrategie-Bund-1024x391.png\" alt=\"\" class=\"wp-image-1219\" style=\"width:667px;height:auto\" srcset=\"https:\/\/agripedia.ch\/klima\/wp-content\/uploads\/sites\/66\/2025\/04\/Klimastrategie-Bund-1024x391.png 1024w, https:\/\/agripedia.ch\/klima\/wp-content\/uploads\/sites\/66\/2025\/04\/Klimastrategie-Bund-300x115.png 300w, https:\/\/agripedia.ch\/klima\/wp-content\/uploads\/sites\/66\/2025\/04\/Klimastrategie-Bund-768x294.png 768w, https:\/\/agripedia.ch\/klima\/wp-content\/uploads\/sites\/66\/2025\/04\/Klimastrategie-Bund-1200x459.png 1200w, https:\/\/agripedia.ch\/klima\/wp-content\/uploads\/sites\/66\/2025\/04\/Klimastrategie-Bund.png 1410w\" sizes=\"auto, (max-width: 1024px) 100vw, 1024px\" \/><figcaption class=\"wp-element-caption\">Teilziele der Klimastrategie. Quelle: Bundesamt f\u00fcr Landwirtschaft BLW<\/figcaption><\/figure>\n\n\n\n<p>Mehr Informationen zur Klimastrategie Landwirtschaft und Ern\u00e4hrung 2050 finden sich auf der Webseite des Bundesamtes f\u00fcr Landwirtschaft BLW:<\/p>\n\n\n\n<p>\u2192 <a href=\"https:\/\/www.blw.admin.ch\/de\/klimastrategie-landwirtschaft-und-ernaehrung-2050\" target=\"_blank\" rel=\"noopener\" title=\"\"><strong>Klimastrategie Landwirtschaft und Ern\u00e4hrung 2050<\/strong><\/a> (externe Seite)<\/p>\n\n\n\n<h2 class=\"wp-block-heading\">Strategien und Projekte der Kantone<\/h2>\n\n\n\n<p>Im Bereich der landwirtschaftlichen Anpassung an den Klimawandel und des Klimaschutzes liegt die Umsetzung vieler Projekte und F\u00f6rdermassnahmen (z.B. Beitr\u00e4ge, Programme) bei den Kantonen. Hier finden Sie eine \u00dcbersicht \u00fcber kantonale Projekte und Unterst\u00fctzungsangebote im Bereich Landwirtschaft und Klima.<\/p>\n\n\n\n<p>\u2192 <strong><a href=\"https:\/\/agripedia.ch\/klima\/aktivitaeten-der-kantone\/\" title=\"Projekte in den Kantonen zum Thema Landwirtschaft und Klima\">Kantonale Projekte und F\u00f6rderungen<\/a><\/strong><\/p>\n\n\n\n<h2 class=\"wp-block-heading\">Klimaziele entlang der Wertsch\u00f6pfungskette<\/h2>\n\n\n\n<p>Immer mehr Unternehmen entlang der Lebensmittelwertsch\u00f6pfungskette \u2013 vom Einzelhandel \u00fcber Verarbeiter bis hin zum Detailhandel und Restaurationsbetrieben \u2013 setzen sich Klimaziele, beispielsweise im Rahmen der <a href=\"https:\/\/sciencebasedtargets.org\/\" title=\"\">Science Based Targets Initiative <\/a>(SBTi). Die SBTi ist eine internationale Initiative, die Unternehmen dabei unterst\u00fctzt, wissenschaftlich fundierte Emissionsreduktionsziele zu definieren, die im Einklang mit dem Pariser Klimaabkommen stehen.<\/p>\n\n\n\n<p>Da diese Ziele die gesamte Wertsch\u00f6pfungskette einbeziehen, r\u00fccken auch landwirtschaftliche Betriebe als vorgelagerte Lieferanten verst\u00e4rkt in den Fokus. Lebensmittelunternehmen m\u00fcssen Emissionen aus ihrer Lieferkette (Scope 3) bilanzieren und reduzieren \u2013 darunter fallen auch Emissionen von landwirtschaftlichen Produkten.<\/p>\n\n\n\n<p>F\u00fcr die Landwirtschaft bedeutet das: Es kommen zunehmend konkrete Anforderungen von Abnehmern, etwa in Form von Klimabilanzen, Reduktionsmassnahmen oder Nachhaltigkeitsnachweisen. Wer k\u00fcnftig Teil dieser Lieferketten bleiben will, muss sich mit Emissionen, Klimastrategien und m\u00f6glichen Minderungsmassnahmen auseinandersetzen. Verschiedene Akteure in der Schweiz (z.B. <a href=\"https:\/\/agroimpact.ch\/\" title=\"\">AgroImpact<\/a>) setzen sich aktiv in diesem Bereich ein und erarbeiten Modelle und Angebote, wie die Landwirtschaft in diesem Prozess konkret unterst\u00fctzt werden kann.<\/p>\n\n\n\n<h2 class=\"wp-block-heading\">Angebote und Tools<\/h2>\n\n\n\n<p id=\"tools\">Im Folgenden werden konkrete Beratungsangebote und unterst\u00fctzende Inhalte zu praxisnahen Massnahmen aus der Landwirtschaft vorgestellt. Diese unterst\u00fctzen Landwirtinnen und Landwirte sowie deren Beraterinnen und Berater beim Klimaschutz und bei der Anpassung an die Auswirkungen des Klimawandels.<\/p>\n\n\n\n<div style=\"height:33px\" aria-hidden=\"true\" class=\"wp-block-spacer\"><\/div>\n\n\n\n<div class=\"wp-block-getwid-accordion has-icon-left\" data-active-element=\"none\">\n<div class=\"wp-block-getwid-accordion__header-wrapper\"><span class=\"wp-block-getwid-accordion__header\"><a href=\"#\"><span class=\"wp-block-getwid-accordion__header-title\">Energieberatung (AgroCleanTech)<\/span><span class=\"wp-block-getwid-accordion__icon is-active\"><i class=\"fas fa-plus\"><\/i><\/span><span class=\"wp-block-getwid-accordion__icon is-passive\"><i class=\"fas fa-minus\"><\/i><\/span><\/a><\/span><\/div><div class=\"wp-block-getwid-accordion__content-wrapper\"><div class=\"wp-block-getwid-accordion__content\">\n<p>Die Landwirtschaft braucht Energie \u2013 f\u00fcr Stallklima, Maschinen, Trocknung oder K\u00fchlung. Gleichzeitig birgt sie ein grosses Potenzial, Energie effizienter zu nutzen und selbst erneuerbare Energie zu produzieren. Beispiele daf\u00fcr sind die Optimierung des Energiemanagements in der Nutztierhaltung, insbesondere bei Heizung, L\u00fcftung und Warmwasseraufbereitung, sowie die Integration von Photovoltaikanlagen auf landwirtschaftlichen Geb\u00e4uden. AgroCleanTech unterst\u00fctzt Landwirtinnen und Landwirte dabei, ihren Energieverbrauch zu analysieren, Einsparpotenziale zu erkennen und klimafreundliche L\u00f6sungen umzusetzen.<\/p>\n\n\n\n<figure class=\"wp-block-image size-full is-resized\"><a href=\"https:\/\/www.agrocleantech.ch\/de\/\" target=\"_blank\" rel=\" noreferrer noopener\"><img loading=\"lazy\" decoding=\"async\" width=\"600\" height=\"101\" src=\"https:\/\/agripedia.ch\/klima\/wp-content\/uploads\/sites\/66\/2025\/04\/logo_agrocleantech.png\" alt=\"\" class=\"wp-image-1241\" style=\"width:480px;height:auto\" srcset=\"https:\/\/agripedia.ch\/klima\/wp-content\/uploads\/sites\/66\/2025\/04\/logo_agrocleantech.png 600w, https:\/\/agripedia.ch\/klima\/wp-content\/uploads\/sites\/66\/2025\/04\/logo_agrocleantech-300x51.png 300w\" sizes=\"auto, (max-width: 600px) 100vw, 600px\" \/><\/a><\/figure>\n\n\n\n<p>\u2192 <a href=\"https:\/\/www.agrocleantech.ch\/de\/\" target=\"_blank\" rel=\"noopener\" title=\"\">AgroCleanTech, die Energieberatungsagentur der Schweizer Landwirtschaft<\/a><\/p>\n<\/div><\/div>\n\n\n\n<div class=\"wp-block-getwid-accordion__header-wrapper\"><span class=\"wp-block-getwid-accordion__header\"><a href=\"#\"><span class=\"wp-block-getwid-accordion__header-title\">Treibhausgas-Bilanzierung<\/span><span class=\"wp-block-getwid-accordion__icon is-active\"><i class=\"fas fa-plus\"><\/i><\/span><span class=\"wp-block-getwid-accordion__icon is-passive\"><i class=\"fas fa-minus\"><\/i><\/span><\/a><\/span><\/div><div class=\"wp-block-getwid-accordion__content-wrapper\"><div class=\"wp-block-getwid-accordion__content\">\n<p>Ziel der Treibhausgas-Bilanzierung eines landwirtschaftlichen Betriebs ist es, die Treibhausgas-Emissionen in CO2-\u00c4quivalenten zu berechnen und sich dabei auf den Umfang der landwirtschaftlichen Aktivit\u00e4ten zu beschr\u00e4nken. Bei einer Bilanzierung werden alle Prozesse ber\u00fccksichtigt, die f\u00fcr die Produktion von landwirtschaftlichen Erzeugnissen in einem Bereich notwendig sind. Diese Analyse umfasst vor allem die vorgelagerten Bereiche und den landwirtschaftlichen Betrieb bis zum Hoftor (ohne nachgelagerte Aktivit\u00e4ten wie Verarbeitung und Transport).<\/p>\n\n\n\n<figure class=\"wp-block-image size-large is-resized\"><a href=\"https:\/\/idele.fr\/detail-article\/cap2er-guide-simplifie-de-la-methodologie-devaluation-environnementale-dune-exploitation-agricole\"><img loading=\"lazy\" decoding=\"async\" width=\"1024\" height=\"485\" src=\"https:\/\/agripedia.ch\/klima\/wp-content\/uploads\/sites\/66\/2025\/04\/THG-Bilanzierung_DE-1024x485.png\" alt=\"\" class=\"wp-image-1178\" style=\"width:531px;height:auto\" srcset=\"https:\/\/agripedia.ch\/klima\/wp-content\/uploads\/sites\/66\/2025\/04\/THG-Bilanzierung_DE-1024x485.png 1024w, https:\/\/agripedia.ch\/klima\/wp-content\/uploads\/sites\/66\/2025\/04\/THG-Bilanzierung_DE-300x142.png 300w, https:\/\/agripedia.ch\/klima\/wp-content\/uploads\/sites\/66\/2025\/04\/THG-Bilanzierung_DE-768x364.png 768w, https:\/\/agripedia.ch\/klima\/wp-content\/uploads\/sites\/66\/2025\/04\/THG-Bilanzierung_DE-1536x728.png 1536w, https:\/\/agripedia.ch\/klima\/wp-content\/uploads\/sites\/66\/2025\/04\/THG-Bilanzierung_DE-1200x569.png 1200w, https:\/\/agripedia.ch\/klima\/wp-content\/uploads\/sites\/66\/2025\/04\/THG-Bilanzierung_DE.png 1648w\" sizes=\"auto, (max-width: 1024px) 100vw, 1024px\" \/><\/a><figcaption class=\"wp-element-caption\">Systemgrenze f\u00fcr die THG-Bilanzierung eines landwirtschaftlichen Betriebs<br>(nach<a href=\"https:\/\/idele.fr\/detail-article\/cap2er-guide-simplifie-de-la-methodologie-devaluation-environnementale-dune-exploitation-agricole\" target=\"_blank\" rel=\"noopener\" title=\"\"> Institut de l\u2018\u00e9levage<\/a>)<\/figcaption><\/figure>\n\n\n\n<p>Basierend auf der THG-Bilanzierung k\u00f6nnen Massnahmen geplant werden, um die Treibhausgas-Emissionen zu reduzieren und den Betrieb effizienter zu gestalten.<\/p>\n\n\n\n<p>Folgende Tools zur THG-Bilanzierung\/\u00d6kobilanzierung werden heute in der Schweiz verwendet oder sind aktuell in Erarbeitung (in alphabetischer Reihenfolge):<\/p>\n\n\n\n<ul class=\"wp-block-list\">\n<li><a href=\"https:\/\/www.bfh.ch\/de\/forschung\/forschungsprojekte\/2024-501-469-742\/\" target=\"_blank\" rel=\"noopener\" title=\"\">BOM Klimarechner<\/a> (Weiterentwicklung KLIR)<\/li>\n\n\n\n<li><a href=\"https:\/\/idele.fr\/detail-article\/cap2err\" target=\"_blank\" rel=\"noopener\" title=\"\">CAP2ER<\/a><\/li>\n\n\n\n<li><a href=\"https:\/\/coolfarm.org\/\" target=\"_blank\" rel=\"noopener\" title=\"\">CoolFarm Tool<\/a><\/li>\n\n\n\n<li><a href=\"https:\/\/www.blw.admin.ch\/de\/ressourcenprojekt-ip-suisse\" target=\"_blank\" rel=\"noopener\" title=\"\">Punktesystem IP Suisse<\/a><\/li>\n\n\n\n<li><a href=\"https:\/\/www.bio-inspecta.ch\/en\/world-climate-farm-tool\" target=\"_blank\" rel=\"noopener\" title=\"\">World Climate Farm Tool<\/a> (Bio Inspecta)<\/li>\n<\/ul>\n<\/div><\/div>\n\n\n\n<div class=\"wp-block-getwid-accordion__header-wrapper\"><span class=\"wp-block-getwid-accordion__header\"><a href=\"#\"><span class=\"wp-block-getwid-accordion__header-title\">Forum Nachhaltiges Wassermanagement in der Landwirtschaft<\/span><span class=\"wp-block-getwid-accordion__icon is-active\"><i class=\"fas fa-plus\"><\/i><\/span><span class=\"wp-block-getwid-accordion__icon is-passive\"><i class=\"fas fa-minus\"><\/i><\/span><\/a><\/span><\/div><div class=\"wp-block-getwid-accordion__content-wrapper\"><div class=\"wp-block-getwid-accordion__content\">\n<p>Der Klimawandel beeinflusst den Wasserkreislauf \u2013 und umgekehrt. Steigende Temperaturen verschieben Niederschlagsmuster und ver\u00e4ndern die Verf\u00fcgbarkeit von Wasser. Gleichzeitig wirkt Wasser als nat\u00fcrlicher Klimapuffer: Richtig bewirtschaftete B\u00f6den und funktionierende Wasserkreisl\u00e4ufe helfen, Wasser zu speichern und langsam an die Luft abzugeben und damit Boden und Luft zu k\u00fchlen. Eine nachhaltige Wasser- und Bodenbewirtschaftung ist daher zentral f\u00fcr eine klimaresiliente Landwirtschaft. Das \u00abForum Nachhaltiges Wassermanagement in der Landwirtschaft\u00bb ist eine Plattform zu Wissensaustausch und -vermittlung zu allen Themen rund ums Wasser und die Landwirtschaft. Es bietet Unterst\u00fctzung bei der Entwicklung und Umsetzung konkreter Projekte.<\/p>\n\n\n\n<figure class=\"wp-block-image size-full is-resized\"><a href=\"https:\/\/agripedia.ch\/wasserforum\/\" target=\"_blank\" rel=\" noreferrer noopener\"><img loading=\"lazy\" decoding=\"async\" width=\"768\" height=\"526\" src=\"https:\/\/agripedia.ch\/klima\/wp-content\/uploads\/sites\/66\/2025\/04\/Logo_Wasserforum.png\" alt=\"\" class=\"wp-image-1250\" style=\"width:321px;height:auto\" srcset=\"https:\/\/agripedia.ch\/klima\/wp-content\/uploads\/sites\/66\/2025\/04\/Logo_Wasserforum.png 768w, https:\/\/agripedia.ch\/klima\/wp-content\/uploads\/sites\/66\/2025\/04\/Logo_Wasserforum-300x205.png 300w\" sizes=\"auto, (max-width: 768px) 100vw, 768px\" \/><\/a><\/figure>\n\n\n\n<p>\u2192 <a href=\"https:\/\/agripedia.ch\/wasserforum\/verein\/\"><\/a><a href=\"https:\/\/agripedia.ch\/wasserforum\/\" target=\"_blank\" rel=\"noopener\" title=\"\">Forum Nachhaltiges Wassermanagement in der Landwirtschaft<\/a><\/p>\n<\/div><\/div>\n\n\n\n<div class=\"wp-block-getwid-accordion__header-wrapper\"><span class=\"wp-block-getwid-accordion__header\"><a href=\"#\"><span class=\"wp-block-getwid-accordion__header-title\">Klimaschutz beim Rindvieh<\/span><span class=\"wp-block-getwid-accordion__icon is-active\"><i class=\"fas fa-plus\"><\/i><\/span><span class=\"wp-block-getwid-accordion__icon is-passive\"><i class=\"fas fa-minus\"><\/i><\/span><\/a><\/span><\/div><div class=\"wp-block-getwid-accordion__content-wrapper\"><div class=\"wp-block-getwid-accordion__content\">\n<p>\u2192 AGRIDEA Merkblatt <a href=\"https:\/\/www.agridea.ch\/fileadmin\/AGRIDEA\/Theme\/Changement_climatique\/1626_12_D_24_Hebel_zur_Reduzierung_von_Treibhausgasen_in_Rinderbetrieben.pdf\">Massnahmen zur Reduzierung von Treibhausgasen in Rinderbetrieben<\/a><\/p>\n\n\n\n<figure class=\"wp-block-embed is-type-wp-embed is-provider-agripedia wp-block-embed-agripedia\"><div class=\"wp-block-embed__wrapper\">\n<blockquote class=\"wp-embedded-content\" data-secret=\"PzeK9Ag9uG\"><a href=\"https:\/\/themes.agripedia.ch\/klimaschutz-beim-rindvieh\/\">Klimaschutz beim Rindvieh<\/a><\/blockquote><iframe loading=\"lazy\" class=\"wp-embedded-content\" sandbox=\"allow-scripts\" security=\"restricted\" style=\"position: absolute; visibility: hidden;\" title=\"&#8222;Klimaschutz beim Rindvieh&#8220; &#8211; Agripedia\" src=\"https:\/\/themes.agripedia.ch\/klimaschutz-beim-rindvieh\/embed\/#?secret=2FOo7ZQZqr#?secret=PzeK9Ag9uG\" data-secret=\"PzeK9Ag9uG\" width=\"580\" height=\"327\" frameborder=\"0\" marginwidth=\"0\" marginheight=\"0\" scrolling=\"no\"><\/iframe>\n<\/div><\/figure>\n<\/div><\/div>\n\n\n\n<div class=\"wp-block-getwid-accordion__header-wrapper\"><span class=\"wp-block-getwid-accordion__header\"><a href=\"#\"><span class=\"wp-block-getwid-accordion__header-title\">Wissensportal Agrar\u00f6kologie<\/span><span class=\"wp-block-getwid-accordion__icon is-active\"><i class=\"fas fa-plus\"><\/i><\/span><span class=\"wp-block-getwid-accordion__icon is-passive\"><i class=\"fas fa-minus\"><\/i><\/span><\/a><\/span><\/div><div class=\"wp-block-getwid-accordion__content-wrapper\"><div class=\"wp-block-getwid-accordion__content\">\n<p>Agrar\u00f6kologie ist ein umfassender Ansatz f\u00fcr nachhaltige Landwirtschafts- und Ern\u00e4hrungssysteme. Sie vereint wissenschaftliche Erkenntnisse, bew\u00e4hrte landwirtschaftliche Praktiken und soziale Bewegungen, um eine \u00f6kologische, faire und widerstandsf\u00e4hige Lebensmittelproduktion zu f\u00f6rdern.<\/p>\n\n\n\n<p>\u2192 <a href=\"https:\/\/agripedia.ch\/agraroekologie\/\" title=\"\">Zur Seite Agrar\u00f6kologie auf Agripedia<\/a><\/p>\n<\/div><\/div>\n\n\n\n<div class=\"wp-block-getwid-accordion__header-wrapper\"><span class=\"wp-block-getwid-accordion__header\"><a href=\"#\"><span class=\"wp-block-getwid-accordion__header-title\">Massnahmen bei Trockenheit (Futterbau)<\/span><span class=\"wp-block-getwid-accordion__icon is-active\"><i class=\"fas fa-plus\"><\/i><\/span><span class=\"wp-block-getwid-accordion__icon is-passive\"><i class=\"fas fa-minus\"><\/i><\/span><\/a><\/span><\/div><div class=\"wp-block-getwid-accordion__content-wrapper\"><div class=\"wp-block-getwid-accordion__content\">\n<p>Folgendes Tool bietet einen \u00dcberblick dar\u00fcber, welche Massnahmen im Bereich Futterbau bei Trockenperioden ergriffen werden k\u00f6nnen:<\/p>\n\n\n\n<figure class=\"wp-block-embed is-type-wp-embed is-provider-massnahmen-bei-trockenheit wp-block-embed-massnahmen-bei-trockenheit\"><div class=\"wp-block-embed__wrapper\">\n<blockquote class=\"wp-embedded-content\" data-secret=\"d3PhrbF77t\"><a href=\"https:\/\/agripedia.ch\/trockenheit\/\">Massnahmen<\/a><\/blockquote><iframe loading=\"lazy\" class=\"wp-embedded-content\" sandbox=\"allow-scripts\" security=\"restricted\" style=\"position: absolute; visibility: hidden;\" title=\"&#8222;Massnahmen&#8220; &#8211; Massnahmen bei Trockenheit\" src=\"https:\/\/agripedia.ch\/trockenheit\/embed\/#?secret=KjhClWSA6t#?secret=d3PhrbF77t\" data-secret=\"d3PhrbF77t\" width=\"580\" height=\"327\" frameborder=\"0\" marginwidth=\"0\" marginheight=\"0\" scrolling=\"no\"><\/iframe>\n<\/div><\/figure>\n<\/div><\/div>\n<\/div>\n","protected":false},"excerpt":{"rendered":"<p>Um den Klimawandel und damit auch seine Auswirkungen auf die landwirtschaftliche Produktion zu begrenzen, muss der Ausstoss von Treibhausgasen auch in der Landwirtschaft reduziert werden (Klimaschutz). Es ist jedoch auch bereits heute klar, dass eine Anpassung der Landwirtschaft an die Auswirkungen des Klimawandels ebenfalls n\u00f6tig ist, um die landwirtschaftliche Produktion auch in Zukunft zu sichern. [&hellip;]<\/p>\n","protected":false},"author":1457,"featured_media":1390,"parent":0,"menu_order":0,"comment_status":"closed","ping_status":"closed","template":"","meta":{"_bbp_topic_count":0,"_bbp_reply_count":0,"_bbp_total_topic_count":0,"_bbp_total_reply_count":0,"_bbp_voice_count":0,"_bbp_anonymous_reply_count":0,"_bbp_topic_count_hidden":0,"_bbp_reply_count_hidden":0,"_bbp_forum_subforum_count":0,"_sb_is_suggestion_mode":false,"_sb_show_suggestion_boards":false,"_sb_show_comment_boards":false,"_sb_suggestion_history":"","_sb_update_block_changes":"","om_disable_all_campaigns":false,"_monsterinsights_skip_tracking":false,"_monsterinsights_sitenote_active":false,"_monsterinsights_sitenote_note":"","_monsterinsights_sitenote_category":0,"footnotes":""},"class_list":["post-1134","page","type-page","status-publish","has-post-thumbnail","hentry"],"aioseo_notices":[],"_links":{"self":[{"href":"https:\/\/agripedia.ch\/klima\/wp-json\/wp\/v2\/pages\/1134","targetHints":{"allow":["GET"]}}],"collection":[{"href":"https:\/\/agripedia.ch\/klima\/wp-json\/wp\/v2\/pages"}],"about":[{"href":"https:\/\/agripedia.ch\/klima\/wp-json\/wp\/v2\/types\/page"}],"author":[{"embeddable":true,"href":"https:\/\/agripedia.ch\/klima\/wp-json\/wp\/v2\/users\/1457"}],"replies":[{"embeddable":true,"href":"https:\/\/agripedia.ch\/klima\/wp-json\/wp\/v2\/comments?post=1134"}],"version-history":[{"count":52,"href":"https:\/\/agripedia.ch\/klima\/wp-json\/wp\/v2\/pages\/1134\/revisions"}],"predecessor-version":[{"id":1751,"href":"https:\/\/agripedia.ch\/klima\/wp-json\/wp\/v2\/pages\/1134\/revisions\/1751"}],"wp:featuredmedia":[{"embeddable":true,"href":"https:\/\/agripedia.ch\/klima\/wp-json\/wp\/v2\/media\/1390"}],"wp:attachment":[{"href":"https:\/\/agripedia.ch\/klima\/wp-json\/wp\/v2\/media?parent=1134"}],"curies":[{"name":"wp","href":"https:\/\/api.w.org\/{rel}","templated":true}]}}