{"id":1399,"date":"2025-05-08T09:26:53","date_gmt":"2025-05-08T07:26:53","guid":{"rendered":"https:\/\/agripedia.ch\/klima\/massnahmen-und-strategien\/"},"modified":"2025-06-16T08:39:04","modified_gmt":"2025-06-16T06:39:04","slug":"massnahmen-und-strategien","status":"publish","type":"page","link":"https:\/\/agripedia.ch\/klima\/fr\/massnahmen-und-strategien\/","title":{"rendered":"Strat\u00e9gies et leviers d\u2019action (mesures)"},"content":{"rendered":"\n<p>Pour limiter le changement climatique et ses effets sur la production agricole, il est essentiel de r\u00e9duire les \u00e9missions de gaz \u00e0 effet de serre dans le secteur agricole (<strong>protection du climat<\/strong>). Il est toutefois d\u00e9j\u00e0 \u00e9vident qu\u2019il faudra <strong>adapter<\/strong> l\u2019agriculture aux cons\u00e9quences du changement climatique, afin de garantir la production alimentaire \u00e0 long terme. La collaboration tout au long de la cha\u00eene de valeur est indispensable pour atteindre ces objectifs.<\/p>\n\n\n\n<h2 class=\"wp-block-heading\">Strat\u00e9gie de la Conf\u00e9d\u00e9ration<\/h2>\n\n\n\n<p>La Suisse s\u2019est engag\u00e9e, dans le cadre de l\u2019Accord de Paris sur le climat, \u00e0 r\u00e9duire ses \u00e9missions de gaz \u00e0 effet de serre et \u00e0 devenir climatiquement neutre d\u2019ici 2050, afin de limiter le r\u00e9chauffement climatique. Ces engagements reposent sur l\u2019objectif de limiter le r\u00e9chauffement global \u00e0 nettement moins de 2 \u00b0C par rapport \u00e0 l\u2019\u00e8re pr\u00e9industrielle. Pour atteindre cet objectif, la Suisse mise sur des mesures dans tous les secteurs \u2014 de la production d\u2019\u00e9nergie \u00e0 la mobilit\u00e9, jusqu\u2019\u00e0 l\u2019alimentation.<\/p>\n\n\n\n<p><br>Dans le cadre de la Strat\u00e9gie Climati pour l\u2019agriculture et l\u2019alimentation 2050, la Conf\u00e9d\u00e9ration a d\u00e9fini des sous-objectifs &nbsp;pour promouvoir un syst\u00e8me alimentaire durable et r\u00e9silient. Ces objectifs partiels concernent \u00e0 la fois des <strong>changements syst\u00e9miques<\/strong> \u2014 comme la promotion de modes de consommation \u00e9conomes en ressources, la minimisation des pertes alimentaires et l\u2019orientation durable des relations commerciales \u2014 ainsi que des <strong>optimisations techniques et organisationnelles <\/strong>dans l\u2019agriculture, par ex. dans la r\u00e9duction des besoins \u00e9nerg\u00e9tiques, le maintien de la fertilit\u00e9 des sols, l\u2019usage efficace des ressources en eau et une alimentation animale et v\u00e9g\u00e9tale avec peu de pertes :<\/p>\n\n\n\n<ul class=\"wp-block-list\">\n<li><strong>R\u00e9duction des \u00e9missions :<\/strong> Les \u00e9missions de gaz \u00e0 effet de serre de la production agricole nationale seront r\u00e9duites d\u2019au moins 40 % par rapport \u00e0 1990.<\/li>\n\n\n\n<li><strong>Agriculture adapt\u00e9e au climat :<\/strong> L\u2019agriculture produit de mani\u00e8re adapt\u00e9e au climat et au site et garantit un taux d\u2019auto-approvisionnement d\u2019au moins 50 %.<\/li>\n\n\n\n<li><strong>Alimentation durable :<\/strong> La population se nourrit de mani\u00e8re saine et \u00e9quilibr\u00e9e, r\u00e9duisant ainsi l\u2019empreinte \u00e9cologique de l\u2019alimentation par habitant de 2\/3 par rapport \u00e0 2020.<\/li>\n<\/ul>\n\n\n\n<figure class=\"wp-block-image size-large is-resized\"><img loading=\"lazy\" decoding=\"async\" width=\"1024\" height=\"403\" src=\"https:\/\/agripedia.ch\/klima\/wp-content\/uploads\/sites\/66\/2025\/06\/Klimastrategie-Bund_FR-1024x403.jpg\" alt=\"\" class=\"wp-image-1432\" style=\"width:667px;height:auto\" srcset=\"https:\/\/agripedia.ch\/klima\/wp-content\/uploads\/sites\/66\/2025\/06\/Klimastrategie-Bund_FR-1024x403.jpg 1024w, https:\/\/agripedia.ch\/klima\/wp-content\/uploads\/sites\/66\/2025\/06\/Klimastrategie-Bund_FR-300x118.jpg 300w, https:\/\/agripedia.ch\/klima\/wp-content\/uploads\/sites\/66\/2025\/06\/Klimastrategie-Bund_FR-768x302.jpg 768w, https:\/\/agripedia.ch\/klima\/wp-content\/uploads\/sites\/66\/2025\/06\/Klimastrategie-Bund_FR-1200x473.jpg 1200w, https:\/\/agripedia.ch\/klima\/wp-content\/uploads\/sites\/66\/2025\/06\/Klimastrategie-Bund_FR.jpg 1404w\" sizes=\"auto, (max-width: 1024px) 100vw, 1024px\" \/><figcaption class=\"wp-element-caption\"><em>Sous-objectifs de la strat\u00e9gie Climat 2050 (Source : Office f\u00e9d\u00e9ral de l\u2019agriculture OFAG)<\/em><\/figcaption><\/figure>\n\n\n\n<p>Plus d\u2019informations sur la Strat\u00e9gie Climat pour l\u2019agriculture et l\u2019alimentation 2050 sont disponibles sur le site de l\u2019Office f\u00e9d\u00e9ral de l\u2019agriculture OFAG :<\/p>\n\n\n\n<p>\u2192 <a href=\"https:\/\/www.blw.admin.ch\/fr\/strategie-climat-agriculture-et-alimentation-2050\" target=\"_blank\" rel=\"noopener\" title=\"\"><strong>Strat\u00e9gie Climat pour l\u2019agriculture et l\u2019alimentation 2050<\/strong><\/a> (site externe)<\/p>\n\n\n\n<h2 class=\"wp-block-heading\">Strat\u00e9gies et projets des cantons<\/h2>\n\n\n\n<p>Dans le domaine de l\u2019adaptation de l\u2019agriculture au changement climatique et de la protection du climat, la mise en \u0153uvre de nombreux projets et mesures de soutien (par ex., contributions, programmes) incombe aux cantons. Vous trouverez ici un aper\u00e7u des projets cantonaux et des offres de soutien dans le domaine de l\u2019agriculture et du climat.<\/p>\n\n\n\n<p>\u2192 <strong><a href=\"https:\/\/agripedia.ch\/klima\/fr\/activites-des-cantons\/\" title=\"Projekte in den Kantonen zum Thema Landwirtschaft und Klima\">Projets cantonaux et subventions<\/a><\/strong><\/p>\n\n\n\n<h2 class=\"wp-block-heading\">Objectifs climatiques tout au long de la cha\u00eene de valeur<\/h2>\n\n\n\n<p>De plus en plus d\u2019entreprises tout au long de la cha\u00eene de valeur alimentaire \u2014 du commerce de d\u00e9tail aux transformateurs, en passant par les commerces et la restauration \u2014 se fixent des objectifs climatiques, notamment dans le cadre de la <a href=\"https:\/\/sciencebasedtargets.org\/\" title=\"\">Science Based Targets Initiative <\/a>(SBTi). La SBTi est une initiative internationale qui aide les entreprises \u00e0 d\u00e9finir des objectifs de r\u00e9duction des \u00e9missions bas\u00e9s sur des donn\u00e9es scientifiques, en accord avec l\u2019Accord de Paris sur le climat.<\/p>\n\n\n\n<p><br>Comme ces objectifs int\u00e8grent toute la cha\u00eene de valeur, les exploitations agricoles, en tant que fournisseurs en amont, gagnent \u00e9galement en importance. Les entreprises alimentaires doivent comptabiliser et r\u00e9duire les \u00e9missions issues de leur cha\u00eene d\u2019approvisionnement (Scope 3), ce qui inclut les \u00e9missions des produits agricoles.<br>Pour l\u2019agriculture, cela signifie que des exigences concr\u00e8tes \u00e9manent de plus en plus des acheteurs, par ex. sous forme de bilans carbone, de mesures de r\u00e9duction ou de preuves de durabilit\u00e9. Pour rester dans ces cha\u00eenes d\u2019approvisionnement \u00e0 l\u2019avenir, il est n\u00e9cessaire de s\u2019engager sur les \u00e9missions, les strat\u00e9gies climat et les mesures possibles d\u2019att\u00e9nuation. Divers acteurs en Suisse (par ex. <a href=\"https:\/\/agroimpact.ch\/\" title=\"\">AgroImpact<\/a>) sont actifs dans ce domaine et d\u00e9veloppent des mod\u00e8les et des offres pour soutenir concr\u00e8tement l\u2019agriculture dans ce processus.<\/p>\n\n\n\n<h2 class=\"wp-block-heading\">Offres et outils<\/h2>\n\n\n\n<p>Ce qui suit pr\u00e9sente des offres de conseil concr\u00e8tes et des contenus de soutien pour des mesures\/leviers d\u2019action pratiques dans l\u2019agriculture. Ils aident les agricultrices et agriculteurs ainsi que leurs conseill\u00e8res et conseillers dans la protection du climat (att\u00e9nuation) et l\u2019adaptation aux impacts du changement climatique.<\/p>\n\n\n\n<div style=\"height:33px\" aria-hidden=\"true\" class=\"wp-block-spacer\"><\/div>\n\n\n\n<div class=\"wp-block-getwid-accordion has-icon-left\" data-active-element=\"none\">\n<div class=\"wp-block-getwid-accordion__header-wrapper\"><span class=\"wp-block-getwid-accordion__header\"><a href=\"#\"><span class=\"wp-block-getwid-accordion__header-title\">Conseil en \u00e9nergie (AgroCleanTech)<\/span><span class=\"wp-block-getwid-accordion__icon is-active\"><i class=\"fas fa-plus\"><\/i><\/span><span class=\"wp-block-getwid-accordion__icon is-passive\"><i class=\"fas fa-minus\"><\/i><\/span><\/a><\/span><\/div><div class=\"wp-block-getwid-accordion__content-wrapper\"><div class=\"wp-block-getwid-accordion__content\">\n<p>L\u2019agriculture a besoin d\u2019\u00e9nergie \u2014 pour le climat des \u00e9tables, les machines, le s\u00e9chage ou le refroidissement. En m\u00eame temps, elle offre un grand potentiel pour utiliser l\u2019\u00e9nergie de mani\u00e8re plus efficace et produire elle-m\u00eame de l\u2019\u00e9nergie renouvelable. Des exemples en sont l\u2019optimisation de la gestion \u00e9nerg\u00e9tique dans l\u2019\u00e9levage, notamment pour le chauffage, la ventilation et la production d\u2019eau chaude, ainsi que l\u2019int\u00e9gration de panneaux photovolta\u00efques sur les b\u00e2timents agricoles. AgroCleanTech aide les agricultrices et agriculteurs \u00e0 analyser leur consommation d\u2019\u00e9nergie, \u00e0 identifier les potentiels d\u2019\u00e9conomie et \u00e0 mettre en \u0153uvre des solutions respectueuses du climat.<\/p>\n\n\n\n<figure class=\"wp-block-image size-full is-resized\"><a href=\"https:\/\/www.agrocleantech.ch\/de\/\" target=\"_blank\" rel=\" noreferrer noopener\"><img loading=\"lazy\" decoding=\"async\" width=\"600\" height=\"101\" src=\"https:\/\/agripedia.ch\/klima\/wp-content\/uploads\/sites\/66\/2025\/04\/logo_agrocleantech.png\" alt=\"\" class=\"wp-image-1241\" style=\"width:480px;height:auto\" srcset=\"https:\/\/agripedia.ch\/klima\/wp-content\/uploads\/sites\/66\/2025\/04\/logo_agrocleantech.png 600w, https:\/\/agripedia.ch\/klima\/wp-content\/uploads\/sites\/66\/2025\/04\/logo_agrocleantech-300x51.png 300w\" sizes=\"auto, (max-width: 600px) 100vw, 600px\" \/><\/a><\/figure>\n\n\n\n<p>\u2192 <a href=\"https:\/\/www.agrocleantech.ch\/fr\/\" target=\"_blank\" rel=\"noopener\" title=\"\">AgroCleanTech, l\u2019agence de conseil en \u00e9nergie de l\u2019agriculture suisse<\/a><\/p>\n<\/div><\/div>\n\n\n\n<div class=\"wp-block-getwid-accordion__header-wrapper\"><span class=\"wp-block-getwid-accordion__header\"><a href=\"#\"><span class=\"wp-block-getwid-accordion__header-title\">Bilan des \u00e9missions de gaz \u00e0 effet de serre<\/span><span class=\"wp-block-getwid-accordion__icon is-active\"><i class=\"fas fa-plus\"><\/i><\/span><span class=\"wp-block-getwid-accordion__icon is-passive\"><i class=\"fas fa-minus\"><\/i><\/span><\/a><\/span><\/div><div class=\"wp-block-getwid-accordion__content-wrapper\"><div class=\"wp-block-getwid-accordion__content\">\n<p>L\u2019objectif du bilan des gaz \u00e0 effet de serre (GES) d\u2019une exploitation agricole est de calculer les \u00e9missions de GES en \u00e9quivalents CO\u2082, en se concentrant uniquement sur l\u2019\u00e9tendue des activit\u00e9s agricoles. Lors d\u2019un bilan, tous les processus n\u00e9cessaires \u00e0 la production des produits agricoles dans un p\u00e9rim\u00e8tre donn\u00e9 sont pris en compte. Cette analyse comprend principalement les \u00e9tapes en amont ainsi que l\u2019exploitation agricole jusqu\u2019\u00e0 la porte de la ferme (sans les activit\u00e9s en aval telles que la transformation et le transport).<\/p>\n\n\n\n<figure class=\"wp-block-image size-full is-resized\"><img loading=\"lazy\" decoding=\"async\" width=\"904\" height=\"346\" src=\"https:\/\/agripedia.ch\/klima\/wp-content\/uploads\/sites\/66\/2025\/06\/THG-Bilanzierung-Systemgrenzen_FR.png\" alt=\"\" class=\"wp-image-1437\" style=\"width:531px;height:auto\" srcset=\"https:\/\/agripedia.ch\/klima\/wp-content\/uploads\/sites\/66\/2025\/06\/THG-Bilanzierung-Systemgrenzen_FR.png 904w, https:\/\/agripedia.ch\/klima\/wp-content\/uploads\/sites\/66\/2025\/06\/THG-Bilanzierung-Systemgrenzen_FR-300x115.png 300w, https:\/\/agripedia.ch\/klima\/wp-content\/uploads\/sites\/66\/2025\/06\/THG-Bilanzierung-Systemgrenzen_FR-768x294.png 768w\" sizes=\"auto, (max-width: 904px) 100vw, 904px\" \/><figcaption class=\"wp-element-caption\">P\u00e9rim\u00e8tre consid\u00e9r\u00e9 pour l\u2019\u00e9valuation environnementale des exploitations agricoles<br>(<a href=\"https:\/\/idele.fr\/detail-article\/cap2er-guide-simplifie-de-la-methodologie-devaluation-environnementale-dune-exploitation-agricole\" target=\"_blank\" rel=\"noopener\" title=\"\">Institut de l\u2018\u00e9levage<\/a>)<\/figcaption><\/figure>\n\n\n\n<p>Sur la base du bilan GES, des mesures peuvent \u00eatre planifi\u00e9es pour r\u00e9duire les \u00e9missions de gaz \u00e0 effet de serre et rendre l\u2019exploitation plus efficace.<\/p>\n\n\n\n<p>Les outils suivants pour le bilan GES \/ analyse du cycle de vie sont utilis\u00e9s aujourd\u2019hui en Suisse ou sont en cours de d\u00e9veloppement (par ordre alphab\u00e9tique) :<\/p>\n\n\n\n<ul class=\"wp-block-list\">\n<li><a href=\"https:\/\/www.bfh.ch\/fr\/recherche-bfh\/projets-de-recherche\/2024-501-469-742\/\" title=\"\">Calculateur de IP-Lait<\/a> (d\u00e9veloppement de KLIR)<\/li>\n\n\n\n<li><a href=\"https:\/\/idele.fr\/detail-article\/cap2err\" target=\"_blank\" rel=\"noopener\" title=\"\">CAP&rsquo;2ER<\/a><\/li>\n\n\n\n<li><a href=\"https:\/\/coolfarm.org\/\" target=\"_blank\" rel=\"noopener\" title=\"\">CoolFarm Tool<\/a><\/li>\n\n\n\n<li><a href=\"https:\/\/www.blw.admin.ch\/fr\/projet-ressource-ip-suisse\" title=\"\">Syst\u00e8me de points protection du climat IP-Suisse<\/a><\/li>\n\n\n\n<li><a href=\"https:\/\/www.bio-inspecta.ch\/en\/world-climate-farm-tool\" target=\"_blank\" rel=\"noopener\" title=\"\">World Climate Farm Tool<\/a> (Bio Inspecta)<\/li>\n<\/ul>\n<\/div><\/div>\n\n\n\n<div class=\"wp-block-getwid-accordion__header-wrapper\"><span class=\"wp-block-getwid-accordion__header\"><a href=\"#\"><span class=\"wp-block-getwid-accordion__header-title\">Forum Gestion durable de l\u2019eau en agriculture<\/span><span class=\"wp-block-getwid-accordion__icon is-active\"><i class=\"fas fa-plus\"><\/i><\/span><span class=\"wp-block-getwid-accordion__icon is-passive\"><i class=\"fas fa-minus\"><\/i><\/span><\/a><\/span><\/div><div class=\"wp-block-getwid-accordion__content-wrapper\"><div class=\"wp-block-getwid-accordion__content\">\n<p>Le changement climatique influence le cycle de l\u2019eau \u2013 et inversement. La hausse des temp\u00e9ratures modifie les r\u00e9gimes de pr\u00e9cipitations et la disponibilit\u00e9 de l\u2019eau. En m\u00eame temps, l\u2019eau agit comme un tampon climatique naturel : des sols bien g\u00e9r\u00e9s et des cycles hydriques fonctionnels aident \u00e0 stocker l\u2019eau et \u00e0 la lib\u00e9rer lentement dans l\u2019air, ce qui permet de rafra\u00eechir le sol et l\u2019air. Une gestion durable de l\u2019eau et des sols est donc essentielle pour une agriculture r\u00e9siliente au climat. Le \u00ab Forum Gestion durable de l\u2019eau en agriculture \u00bb est une plateforme d\u2019\u00e9change et de diffusion des connaissances sur tous les sujets li\u00e9s \u00e0 l\u2019eau et \u00e0 l\u2019agriculture. Il offre un soutien pour le d\u00e9veloppement et la mise en \u0153uvre de projets concrets.<\/p>\n\n\n\n<figure class=\"wp-block-image size-full is-resized\"><a href=\"https:\/\/agripedia.ch\/wasserforum\/\" target=\"_blank\" rel=\" noreferrer noopener\"><img loading=\"lazy\" decoding=\"async\" width=\"768\" height=\"526\" src=\"https:\/\/agripedia.ch\/klima\/wp-content\/uploads\/sites\/66\/2025\/04\/Logo_Wasserforum.png\" alt=\"\" class=\"wp-image-1250\" style=\"width:321px;height:auto\" srcset=\"https:\/\/agripedia.ch\/klima\/wp-content\/uploads\/sites\/66\/2025\/04\/Logo_Wasserforum.png 768w, https:\/\/agripedia.ch\/klima\/wp-content\/uploads\/sites\/66\/2025\/04\/Logo_Wasserforum-300x205.png 300w\" sizes=\"auto, (max-width: 768px) 100vw, 768px\" \/><\/a><\/figure>\n\n\n\n<p>\u2192 <a href=\"https:\/\/agripedia.ch\/wasserforum\/verein\/\"><\/a><a href=\"https:\/\/agripedia.ch\/wasserforum\/\" target=\"_blank\" rel=\"noopener\" title=\"\">Forum Gestion durable de l\u2019eau en agriculture<\/a> (en allemand)<\/p>\n<\/div><\/div>\n\n\n\n<div class=\"wp-block-getwid-accordion__header-wrapper\"><span class=\"wp-block-getwid-accordion__header\"><a href=\"#\"><span class=\"wp-block-getwid-accordion__header-title\">Protection climatique dans l\u2019\u00e9levage bovin<\/span><span class=\"wp-block-getwid-accordion__icon is-active\"><i class=\"fas fa-plus\"><\/i><\/span><span class=\"wp-block-getwid-accordion__icon is-passive\"><i class=\"fas fa-minus\"><\/i><\/span><\/a><\/span><\/div><div class=\"wp-block-getwid-accordion__content-wrapper\"><div class=\"wp-block-getwid-accordion__content\">\n<p>\u2192 Fiche d&rsquo;information AGRIDEA: <a href=\"https:\/\/www.agridea.ch\/fileadmin\/AGRIDEA\/Theme\/Changement_climatique\/1626_12.1.1-14_F_23_climat_GES.pdf\">Leviers de r\u00e9duction des GES dans les exploitations bovines<\/a><\/p>\n\n\n\n<figure class=\"wp-block-embed is-type-wp-embed is-provider-agripedia wp-block-embed-agripedia\"><div class=\"wp-block-embed__wrapper\">\n<blockquote class=\"wp-embedded-content\" data-secret=\"VSrCsYSof3\"><a href=\"https:\/\/themes.agripedia.ch\/fr\/protection-du-climat-dans-lelevage-bovin\/\">Protection du climat dans l\u2019\u00e9levage bovin<\/a><\/blockquote><iframe loading=\"lazy\" class=\"wp-embedded-content\" sandbox=\"allow-scripts\" security=\"restricted\" style=\"position: absolute; visibility: hidden;\" title=\"\u00ab\u00a0Protection du climat dans l\u2019\u00e9levage bovin\u00a0\u00bb &#8212; Agripedia\" src=\"https:\/\/themes.agripedia.ch\/fr\/protection-du-climat-dans-lelevage-bovin\/embed\/#?secret=Eo7EOVhyVt#?secret=VSrCsYSof3\" data-secret=\"VSrCsYSof3\" width=\"580\" height=\"327\" frameborder=\"0\" marginwidth=\"0\" marginheight=\"0\" scrolling=\"no\"><\/iframe>\n<\/div><\/figure>\n<\/div><\/div>\n\n\n\n<div class=\"wp-block-getwid-accordion__header-wrapper\"><span class=\"wp-block-getwid-accordion__header\"><a href=\"#\"><span class=\"wp-block-getwid-accordion__header-title\">Portail de connaissances sur l&rsquo;Agro\u00e9cologie<\/span><span class=\"wp-block-getwid-accordion__icon is-active\"><i class=\"fas fa-plus\"><\/i><\/span><span class=\"wp-block-getwid-accordion__icon is-passive\"><i class=\"fas fa-minus\"><\/i><\/span><\/a><\/span><\/div><div class=\"wp-block-getwid-accordion__content-wrapper\"><div class=\"wp-block-getwid-accordion__content\">\n<p>L\u2019agro\u00e9cologie est une approche globale pour des syst\u00e8mes agricoles et alimentaires durables. Elle combine les connaissances scientifiques, les pratiques agricoles \u00e9prouv\u00e9es et les mouvements sociaux pour promouvoir une production alimentaire \u00e9cologique, \u00e9quitable et r\u00e9siliente.<\/p>\n\n\n\n<p>\u2192 <a href=\"https:\/\/agripedia.ch\/agraroekologie\/fr\/\" title=\"\">Vers la page Agro\u00e9cologie sur Agripedia<\/a><\/p>\n<\/div><\/div>\n\n\n\n<div class=\"wp-block-getwid-accordion__header-wrapper\"><span class=\"wp-block-getwid-accordion__header\"><a href=\"#\"><span class=\"wp-block-getwid-accordion__header-title\">Mesures en cas de s\u00e9cheresse (production fourrag\u00e8re)<\/span><span class=\"wp-block-getwid-accordion__icon is-active\"><i class=\"fas fa-plus\"><\/i><\/span><span class=\"wp-block-getwid-accordion__icon is-passive\"><i class=\"fas fa-minus\"><\/i><\/span><\/a><\/span><\/div><div class=\"wp-block-getwid-accordion__content-wrapper\"><div class=\"wp-block-getwid-accordion__content\">\n<p>L\u2019outil suivant donne un aper\u00e7u des mesures pouvant \u00eatre prises dans le domaine de la production fourrag\u00e8re durant les p\u00e9riodes de s\u00e9cheresse :<\/p>\n\n\n\n<figure class=\"wp-block-embed is-type-wp-embed is-provider-massnahmen-bei-trockenheit wp-block-embed-massnahmen-bei-trockenheit\"><div class=\"wp-block-embed__wrapper\">\n<blockquote class=\"wp-embedded-content\" data-secret=\"irySza4xpU\"><a href=\"https:\/\/agripedia.ch\/trockenheit\/fr\/\">Mesures<\/a><\/blockquote><iframe loading=\"lazy\" class=\"wp-embedded-content\" sandbox=\"allow-scripts\" security=\"restricted\" style=\"position: absolute; visibility: hidden;\" title=\"\u00ab\u00a0Mesures\u00a0\u00bb &#8212; Massnahmen bei Trockenheit\" src=\"https:\/\/agripedia.ch\/trockenheit\/fr\/embed\/#?secret=mXsHtJjWEv#?secret=irySza4xpU\" data-secret=\"irySza4xpU\" width=\"580\" height=\"327\" frameborder=\"0\" marginwidth=\"0\" marginheight=\"0\" scrolling=\"no\"><\/iframe>\n<\/div><\/figure>\n<\/div><\/div>\n<\/div>\n","protected":false},"excerpt":{"rendered":"<p>Pour limiter le changement climatique et ses effets sur la production agricole, il est essentiel de r\u00e9duire les \u00e9missions de gaz \u00e0 effet de serre dans le secteur agricole (protection du climat). Il est toutefois d\u00e9j\u00e0 \u00e9vident qu\u2019il faudra adapter l\u2019agriculture aux cons\u00e9quences du changement climatique, afin de garantir la production alimentaire \u00e0 long terme. [&hellip;]<\/p>\n","protected":false},"author":1457,"featured_media":1391,"parent":0,"menu_order":0,"comment_status":"closed","ping_status":"closed","template":"","meta":{"_bbp_topic_count":0,"_bbp_reply_count":0,"_bbp_total_topic_count":0,"_bbp_total_reply_count":0,"_bbp_voice_count":0,"_bbp_anonymous_reply_count":0,"_bbp_topic_count_hidden":0,"_bbp_reply_count_hidden":0,"_bbp_forum_subforum_count":0,"_sb_is_suggestion_mode":false,"_sb_show_suggestion_boards":false,"_sb_show_comment_boards":false,"_sb_suggestion_history":"","_sb_update_block_changes":"","om_disable_all_campaigns":false,"_monsterinsights_skip_tracking":false,"_monsterinsights_sitenote_active":false,"_monsterinsights_sitenote_note":"","_monsterinsights_sitenote_category":0,"footnotes":""},"class_list":["post-1399","page","type-page","status-publish","has-post-thumbnail","hentry"],"aioseo_notices":[],"_links":{"self":[{"href":"https:\/\/agripedia.ch\/klima\/fr\/wp-json\/wp\/v2\/pages\/1399","targetHints":{"allow":["GET"]}}],"collection":[{"href":"https:\/\/agripedia.ch\/klima\/fr\/wp-json\/wp\/v2\/pages"}],"about":[{"href":"https:\/\/agripedia.ch\/klima\/fr\/wp-json\/wp\/v2\/types\/page"}],"author":[{"embeddable":true,"href":"https:\/\/agripedia.ch\/klima\/fr\/wp-json\/wp\/v2\/users\/1457"}],"replies":[{"embeddable":true,"href":"https:\/\/agripedia.ch\/klima\/fr\/wp-json\/wp\/v2\/comments?post=1399"}],"version-history":[{"count":8,"href":"https:\/\/agripedia.ch\/klima\/fr\/wp-json\/wp\/v2\/pages\/1399\/revisions"}],"predecessor-version":[{"id":1453,"href":"https:\/\/agripedia.ch\/klima\/fr\/wp-json\/wp\/v2\/pages\/1399\/revisions\/1453"}],"wp:featuredmedia":[{"embeddable":true,"href":"https:\/\/agripedia.ch\/klima\/fr\/wp-json\/wp\/v2\/media\/1391"}],"wp:attachment":[{"href":"https:\/\/agripedia.ch\/klima\/fr\/wp-json\/wp\/v2\/media?parent=1399"}],"curies":[{"name":"wp","href":"https:\/\/api.w.org\/{rel}","templated":true}]}}