{"id":8,"date":"2019-03-21T12:08:53","date_gmt":"2019-03-21T12:08:53","guid":{"rendered":"https:\/\/agripedia.ch\/jahresbericht2018\/?page_id=8"},"modified":"2019-05-24T09:21:31","modified_gmt":"2019-05-24T07:21:31","slug":"vorwort","status":"publish","type":"page","link":"https:\/\/agripedia.ch\/jahresbericht2018\/vorwort\/","title":{"rendered":"Vorwort"},"content":{"rendered":"<div class=\"fusion-fullwidth fullwidth-box fusion-builder-row-1 fusion-flex-container nonhundred-percent-fullwidth non-hundred-percent-height-scrolling\" style=\"--awb-border-radius-top-left:0px;--awb-border-radius-top-right:0px;--awb-border-radius-bottom-right:0px;--awb-border-radius-bottom-left:0px;--awb-flex-wrap:wrap;\" ><div class=\"fusion-builder-row fusion-row fusion-flex-align-items-flex-start fusion-flex-content-wrap\" style=\"max-width:calc( 1100px + 0px );margin-left: calc(-0px \/ 2 );margin-right: calc(-0px \/ 2 );\"><div class=\"fusion-layout-column fusion_builder_column fusion-builder-column-0 fusion_builder_column_1_1 1_1 fusion-flex-column\" style=\"--awb-bg-size:cover;--awb-width-large:100%;--awb-margin-top-large:0px;--awb-spacing-right-large:0px;--awb-margin-bottom-large:20px;--awb-spacing-left-large:0px;--awb-width-medium:100%;--awb-spacing-right-medium:0px;--awb-spacing-left-medium:0px;--awb-width-small:100%;--awb-spacing-right-small:0px;--awb-spacing-left-small:0px;\"><div class=\"fusion-column-wrapper fusion-flex-justify-content-flex-start fusion-content-layout-column\"><div class=\"fusion-text fusion-text-1\"><h2>Vorwort<\/h2>\n<\/div><div class=\"fusion-text fusion-text-2\"><h4>Liebe Leserinnen und Leser<\/h4>\n<p>Wir freuen uns, Ihnen den Jahresbericht in einem neuen Format zu pr\u00e4sentieren. Ein Sinnbild f\u00fcr das vergangene Jahr: 60. Geburtstag \u2013 Jahr der R\u00fcckschau auf eine bewegte Geschichte \u2013 Jahr der Grundlagenarbeit f\u00fcr die Neuausrichtung.<\/p>\n<\/div><div class=\"fusion-separator fusion-full-width-sep\" style=\"align-self: center;margin-left: auto;margin-right: auto;margin-top:0.8em;margin-bottom:0.8em;width:100%;\"><\/div><div class=\"fusion-video fusion-youtube\" style=\"--awb-max-width:600px;--awb-max-height:360px;\" id=\"agri-video\"><div class=\"video-shortcode\"><div class=\"fluid-width-video-wrapper\" style=\"padding-top:60%;\" ><iframe title=\"YouTube video player 1\" src=\"https:\/\/www.youtube.com\/embed\/NzqzjQC_jKY?wmode=transparent&autoplay=0\" width=\"600\" height=\"360\" allowfullscreen allow=\"autoplay; clipboard-write; encrypted-media; gyroscope; picture-in-picture;\"><\/iframe><\/div><\/div><\/div><div class=\"fusion-text fusion-text-3 agri-image-caption\"><p>Pr\u00e4sidentin Esther Gassler \u00e4ussert sich zur Neuausrichtung der AGRIDEA.<\/p>\n<\/div><div class=\"fusion-separator fusion-full-width-sep\" style=\"align-self: center;margin-left: auto;margin-right: auto;margin-top:0.8em;margin-bottom:0.8em;width:100%;\"><\/div><div class=\"fusion-text fusion-text-4\"><h4>Die AGRIDEA im Wandel<\/h4>\n<p>Im Berichtsjahr hat die Task Force AGRIDEA 2020 unter der Leitung der Landwirtschaftsdirektorenkonferenz (LDK) die Neuausrichtung der AGRIDEA vorangetrieben. An der a.o. Delegiertenversammlung vom 17. Dezember 2018 wurden mit der Statutenrevision die Grundlagen geschaffen, um die engere Anbindung an die Kantone Realit\u00e4t werden zu lassen.<\/p>\n<p>Neu wird die LDK gemeinsam mit dem Bund in einer Leistungsvereinbarung die Handlungsfelder der Beratungszentrale umschreiben. Der Vorstand, in dem den Kantonsvertretern die Mehrheit zukommt, wird aus dieser Vorgabe ein Jahresprogramm ableiten. Die Umsetzungsarbeiten laufen bereits auf Hochtouren, damit am 1. Januar 2020 mit den neuen Strukturen gestartet werden kann.<\/p>\n<p>Alle diese Arbeiten mussten neben dem Tagesgesch\u00e4ft zus\u00e4tzlich geleistet werden. Dies stellte hohe Anforderungen an die Beteiligten und seitens der Mitarbeitenden eine Bereitschaft, Unsicherheiten betreffend der Zukunft der AGRIDEA auszuhalten.<\/p>\n<p>Die AGRIDEA will in Zukunft, wie schon seit sechzig Jahren, eine wichtige Funktion im LIWIS innehaben und sich gemeinsam mit ihren Partnern f\u00fcr die Bauernfamilien in den Kantonen engagieren.<\/p>\n<h4>Innovation und kontinuierliche Weiterentwicklung der Produkte<\/h4>\n<p>Zur Vernetzung der Akteure im Wissenssystem sind Plattformen oder sogenannte Multi-Actor-Projekte zentrale Instrumente. Sie schaffen Vertrauen und dienen der Gestaltung neuer Ans\u00e4tze, wie zum Beispiel:<\/p>\n<ul>\n<li><a href=\"https:\/\/www.barto.ch\/\" target=\"_blank\" rel=\"noopener\"><strong>Barto<\/strong><\/a>: Die Smart-Farming-Plattform soll einen markanten Beitrag zur administrativen Vereinfachung durch Vernetzung und Austausch leisten. Nach der Pionierphase durch die AGRIDEA und Identitas konnte das Aktionariat erweitert und der Weg in eine erfolgreiche Zukunft bereitet werden.<\/li>\n<li><a href=\"https:\/\/agripedia.ch\/jahresbericht2018\/catalogue\/projekt-pfo\/\"><strong>Projekt PFO<\/strong><\/a> (Partizipation von Frauen in landwirtschaftlichen Organisationen): Gemeinsam mit interessierten landwirtschaftlichen Organisationen wurden Pilotmassnahmen f\u00fcr die F\u00f6rderung von Frauen entwickelt und getestet.<\/li>\n<li><strong>Plattform Pflanzenschutzmittel & Gew\u00e4sser<\/strong>: Mit dem Bundesamt f\u00fcr Landwirtschaft wurde in Zusammenarbeit mit dem Bundesamt f\u00fcr Umwelt und der Hochschule f\u00fcr Agrar-, Forst- und Lebensmittelwissenschaften eine Koordinationsstelle zur Umsetzung des Aktionsplanes Pflanzenschutz geschaffen. Sie soll den Wissensaustausch f\u00f6rdern und die manigfaltigen Aktivit\u00e4ten koordinieren.<\/li>\n<\/ul>\n<p>Auf dieser Webseite finden Sie eine Auswahl an konkreten und interessanten Vorhaben, mit denen die AGRIDEA und ihre Partner die Landwirtschaft unterst\u00fctzen.<\/p>\n<p>Wir w\u00fcnschen Ihnen eine spannende Lekt\u00fcre!<\/p>\n<p>Esther Gassler, Pr\u00e4sidentin<br \/>\nUlrich Ryser, Direktor<br \/>\nSylvie Aubert Br\u00fchlmann, stellvertretende Direktorin<\/p>\n<\/div><\/div><\/div><\/div><\/div>\n","protected":false},"excerpt":{"rendered":"","protected":false},"author":3,"featured_media":0,"parent":0,"menu_order":0,"comment_status":"closed","ping_status":"closed","template":"","meta":{"_sb_is_suggestion_mode":false,"_sb_show_suggestion_boards":false,"_sb_show_comment_boards":false,"_sb_suggestion_history":"","_sb_update_block_changes":"","inline_featured_image":false,"_monsterinsights_skip_tracking":false,"_monsterinsights_sitenote_active":false,"_monsterinsights_sitenote_note":"","_monsterinsights_sitenote_category":0,"footnotes":""},"class_list":["post-8","page","type-page","status-publish","hentry"],"_links":{"self":[{"href":"https:\/\/agripedia.ch\/jahresbericht2018\/wp-json\/wp\/v2\/pages\/8","targetHints":{"allow":["GET"]}}],"collection":[{"href":"https:\/\/agripedia.ch\/jahresbericht2018\/wp-json\/wp\/v2\/pages"}],"about":[{"href":"https:\/\/agripedia.ch\/jahresbericht2018\/wp-json\/wp\/v2\/types\/page"}],"author":[{"embeddable":true,"href":"https:\/\/agripedia.ch\/jahresbericht2018\/wp-json\/wp\/v2\/users\/3"}],"replies":[{"embeddable":true,"href":"https:\/\/agripedia.ch\/jahresbericht2018\/wp-json\/wp\/v2\/comments?post=8"}],"version-history":[{"count":27,"href":"https:\/\/agripedia.ch\/jahresbericht2018\/wp-json\/wp\/v2\/pages\/8\/revisions"}],"predecessor-version":[{"id":1079,"href":"https:\/\/agripedia.ch\/jahresbericht2018\/wp-json\/wp\/v2\/pages\/8\/revisions\/1079"}],"wp:attachment":[{"href":"https:\/\/agripedia.ch\/jahresbericht2018\/wp-json\/wp\/v2\/media?parent=8"}],"curies":[{"name":"wp","href":"https:\/\/api.w.org\/{rel}","templated":true}]}}