{"id":49,"date":"2019-05-06T16:29:50","date_gmt":"2019-05-06T14:29:50","guid":{"rendered":"https:\/\/agripedia.ch\/jahresbericht2018\/?page_id=49"},"modified":"2019-05-06T16:29:50","modified_gmt":"2019-05-06T14:29:50","slug":"mitglieder","status":"publish","type":"page","link":"https:\/\/agripedia.ch\/jahresbericht2018\/mitglieder\/","title":{"rendered":"Mitglieder"},"content":{"rendered":"<div class=\"fusion-fullwidth fullwidth-box fusion-builder-row-1 fusion-flex-container nonhundred-percent-fullwidth non-hundred-percent-height-scrolling\" style=\"--awb-border-radius-top-left:0px;--awb-border-radius-top-right:0px;--awb-border-radius-bottom-right:0px;--awb-border-radius-bottom-left:0px;--awb-flex-wrap:wrap;\" ><div class=\"fusion-builder-row fusion-row fusion-flex-align-items-flex-start fusion-flex-content-wrap\" style=\"max-width:calc( 1100px + 0px );margin-left: calc(-0px \/ 2 );margin-right: calc(-0px \/ 2 );\"><div class=\"fusion-layout-column fusion_builder_column fusion-builder-column-0 fusion_builder_column_1_1 1_1 fusion-flex-column\" style=\"--awb-bg-size:cover;--awb-width-large:100%;--awb-margin-top-large:0px;--awb-spacing-right-large:0px;--awb-margin-bottom-large:20px;--awb-spacing-left-large:0px;--awb-width-medium:100%;--awb-spacing-right-medium:0px;--awb-spacing-left-medium:0px;--awb-width-small:100%;--awb-spacing-right-small:0px;--awb-spacing-left-small:0px;\"><div class=\"fusion-column-wrapper fusion-flex-justify-content-flex-start fusion-content-layout-column\"><div class=\"fusion-text fusion-text-1\"><h2>Unsere Tr\u00e4gerschaft<\/h2>\n<\/div>\n<div class=\"table-1\">\n<table width=\"100%\">\n<thead>\n<tr>\n<th align=\"left\">Breite Tr\u00e4gerschaft<\/th>\n<\/tr>\n<\/thead>\n<tbody>\n<tr>\n<td align=\"left\">27 Kantone und F\u00fcrstentum Liechtenstein<\/td>\n<\/tr>\n<tr>\n<td align=\"left\">39 Landwirtschaftliche oder im l\u00e4ndlichen Raum t\u00e4tige Organisationen und Institutionen<\/td>\n<\/tr>\n<tr>\n<td align=\"left\">15 Kollektivmitglieder<\/td>\n<\/tr>\n<\/tbody>\n<\/table>\n<\/div>\n<div class=\"fusion-separator fusion-full-width-sep\" style=\"align-self: center;margin-left: auto;margin-right: auto;margin-top:1.3em;margin-bottom:1.3em;width:100%;\"><\/div>\n<div class=\"table-1\">\n<table width=\"100%\">\n<thead>\n<tr>\n<th>Mitgliedorganisationen<\/th>\n<\/tr>\n<\/thead>\n<tbody>\n<tr>\n<td>AGORA, Association des groupements et organisations romands de l&#8217;agriculture<\/td>\n<\/tr>\n<tr>\n<td>AgriGen\u00e8ve<\/td>\n<\/tr>\n<tr>\n<td>Agrofutura AG<\/td>\n<\/tr>\n<tr>\n<td>ALB-CH, Arbeitsgemeinschaft Landwirtschaftliches Bauen<\/td>\n<\/tr>\n<tr>\n<td>Alumni BFH-HAFL<\/td>\n<\/tr>\n<tr>\n<td>Amrein Futterm\u00fchle AG<\/td>\n<\/tr>\n<tr>\n<td>ASS, Association suisse des s\u00e9lectionneurs<\/td>\n<\/tr>\n<tr>\n<td>BeratungsForum Schweiz, BFS<\/td>\n<\/tr>\n<tr>\n<td>Bio Suisse<\/td>\n<\/tr>\n<tr>\n<td>B\u00fcchel Klaus<\/td>\n<\/tr>\n<tr>\n<td>BUL, Beratungsstelle f\u00fcr Unfallverh\u00fctung in der Landwirtschaft<\/td>\n<\/tr>\n<tr>\n<td>B\u00fcndner Bauernverband<\/td>\n<\/tr>\n<tr>\n<td>Chambre neuch\u00e2teloise d\u2018agriculture et de viticulture<\/td>\n<\/tr>\n<tr>\n<td>Ecole d\u2018ing\u00e9nieurs de Changins<\/td>\n<\/tr>\n<tr>\n<td>Fenaco<\/td>\n<\/tr>\n<tr>\n<td>Freiburgische Landwirtschafskammer<\/td>\n<\/tr>\n<tr>\n<td>Holzenergie Schweiz<\/td>\n<\/tr>\n<tr>\n<td>Luzerner B\u00e4uerinnen- und Bauernverband<\/td>\n<\/tr>\n<tr>\n<td>Mutterkuh Schweiz<\/td>\n<\/tr>\n<tr>\n<td>Netzwerk Schweizer P\u00e4rke<\/td>\n<\/tr>\n<tr>\n<td>OGG, Oekonomische und gemeinn\u00fctzige Gesellschaft des Kt. Bern<\/td>\n<\/tr>\n<tr>\n<td>OIC, Interkantonale Zertifizierungsstelle<\/td>\n<\/tr>\n<tr>\n<td>Otto Hauenstein Samen AG<\/td>\n<\/tr>\n<tr>\n<td>Prolait, F\u00e9d\u00e9ration laiti\u00e8re<\/td>\n<\/tr>\n<tr>\n<td>Prom\u00e9terre<\/td>\n<\/tr>\n<tr>\n<td>SAB, Schweizerische Arbeitsgemeinschaft f\u00fcr die Berggebiete<\/td>\n<\/tr>\n<tr>\n<td>SAV, Schweizerischer Alpwirtschaftlicher Verband<\/td>\n<\/tr>\n<tr>\n<td>SBLV, Schweizerischer B\u00e4uerinnen- und Landfrauenverband<\/td>\n<\/tr>\n<tr>\n<td>SBV, Schweizer Bauernverband<\/td>\n<\/tr>\n<tr>\n<td>Schaffhauser Bauernverband<\/td>\n<\/tr>\n<tr>\n<td>Schweizerische Vereinigung der AOC-IGP<\/td>\n<\/tr>\n<tr>\n<td>SWBV, Schweizerischer Weinbauernverband<\/td>\n<\/tr>\n<tr>\n<td>SEMAG, Saat- und Pflanzgut AG<\/td>\n<\/tr>\n<tr>\n<td>SLJV, Schweizerische Landjugendvereinigung<\/td>\n<\/tr>\n<tr>\n<td>SLV, Schweizerischer Landmaschinenverband<\/td>\n<\/tr>\n<tr>\n<td>SMP, Schweizer Milchproduzenten<\/td>\n<\/tr>\n<tr>\n<td>Solothurnischer Bauernverband<\/td>\n<\/tr>\n<tr>\n<td>SOV, Schweizer Obstverband<\/td>\n<\/tr>\n<tr>\n<td>St. Galler Bauernverband<\/td>\n<\/tr>\n<tr>\n<td>SUISAG, AG f\u00fcr Dienstleistungen in der Schweineproduktion<\/td>\n<\/tr>\n<tr>\n<td>Suisseporcs<\/td>\n<\/tr>\n<tr>\n<td>SVIAL, Schweizerischer Verband der Ingenieur-AgronomInnen und der Lebensmittel-IngenieurInnen<\/td>\n<\/tr>\n<tr>\n<td>SVIL, Schweizerische Vereinigung f\u00fcr Industrie und Landwirtschaft<\/td>\n<\/tr>\n<tr>\n<td>SVLT, Schweizer Verband f\u00fcr Landtechnik<\/td>\n<\/tr>\n<tr>\n<td>SVU, Schweizerischer Verband der Umweltfachleute<\/td>\n<\/tr>\n<tr>\n<td>Swisssem Schweizerischer Saatgutproduzentenverband<\/td>\n<\/tr>\n<tr>\n<td>SwissTabac<\/td>\n<\/tr>\n<tr>\n<td>treuland, Treuhandverband Landwirtschaft Schweiz<\/td>\n<\/tr>\n<tr>\n<td>Unione Contadini Ticinesi<\/td>\n<\/tr>\n<tr>\n<td>Verband Thurgauer Landwirtschaft<\/td>\n<\/tr>\n<tr>\n<td>Vinatura, Vitiswiss<\/td>\n<\/tr>\n<tr>\n<td>Vitival<\/td>\n<\/tr>\n<tr>\n<td>VSGP, Verband Schweizerischer Gem\u00fcseproduzenten<\/td>\n<\/tr>\n<tr>\n<td>Z\u00fcrcher Bauernverband<\/td>\n<\/tr>\n<\/tbody>\n<\/table>\n<\/div>\n<\/div><\/div><\/div><\/div>\n","protected":false},"excerpt":{"rendered":"","protected":false},"author":25,"featured_media":0,"parent":0,"menu_order":0,"comment_status":"closed","ping_status":"closed","template":"","meta":{"_sb_is_suggestion_mode":false,"_sb_show_suggestion_boards":false,"_sb_show_comment_boards":false,"_sb_suggestion_history":"","_sb_update_block_changes":"","inline_featured_image":false,"_monsterinsights_skip_tracking":false,"_monsterinsights_sitenote_active":false,"_monsterinsights_sitenote_note":"","_monsterinsights_sitenote_category":0,"footnotes":""},"class_list":["post-49","page","type-page","status-publish","hentry"],"_links":{"self":[{"href":"https:\/\/agripedia.ch\/jahresbericht2018\/wp-json\/wp\/v2\/pages\/49","targetHints":{"allow":["GET"]}}],"collection":[{"href":"https:\/\/agripedia.ch\/jahresbericht2018\/wp-json\/wp\/v2\/pages"}],"about":[{"href":"https:\/\/agripedia.ch\/jahresbericht2018\/wp-json\/wp\/v2\/types\/page"}],"author":[{"embeddable":true,"href":"https:\/\/agripedia.ch\/jahresbericht2018\/wp-json\/wp\/v2\/users\/25"}],"replies":[{"embeddable":true,"href":"https:\/\/agripedia.ch\/jahresbericht2018\/wp-json\/wp\/v2\/comments?post=49"}],"version-history":[{"count":5,"href":"https:\/\/agripedia.ch\/jahresbericht2018\/wp-json\/wp\/v2\/pages\/49\/revisions"}],"predecessor-version":[{"id":546,"href":"https:\/\/agripedia.ch\/jahresbericht2018\/wp-json\/wp\/v2\/pages\/49\/revisions\/546"}],"wp:attachment":[{"href":"https:\/\/agripedia.ch\/jahresbericht2018\/wp-json\/wp\/v2\/media?parent=49"}],"curies":[{"name":"wp","href":"https:\/\/api.w.org\/{rel}","templated":true}]}}