{"id":42,"date":"2019-05-06T16:29:48","date_gmt":"2019-05-06T14:29:48","guid":{"rendered":"https:\/\/agripedia.ch\/jahresbericht2018\/?page_id=42"},"modified":"2019-05-08T15:51:37","modified_gmt":"2019-05-08T13:51:37","slug":"geschaeftsleitung","status":"publish","type":"page","link":"https:\/\/agripedia.ch\/jahresbericht2018\/geschaeftsleitung\/","title":{"rendered":"Gesch\u00e4ftsleitung"},"content":{"rendered":"<p><div class=\"fusion-fullwidth fullwidth-box fusion-builder-row-1 fusion-flex-container nonhundred-percent-fullwidth non-hundred-percent-height-scrolling\" style=\"--awb-border-radius-top-left:0px;--awb-border-radius-top-right:0px;--awb-border-radius-bottom-right:0px;--awb-border-radius-bottom-left:0px;--awb-flex-wrap:wrap;\" ><div class=\"fusion-builder-row fusion-row fusion-flex-align-items-flex-start fusion-flex-content-wrap\" style=\"max-width:calc( 1100px + 0px );margin-left: calc(-0px \/ 2 );margin-right: calc(-0px \/ 2 );\"><div class=\"fusion-layout-column fusion_builder_column fusion-builder-column-0 fusion_builder_column_1_1 1_1 fusion-flex-column\" style=\"--awb-bg-size:cover;--awb-width-large:100%;--awb-margin-top-large:0px;--awb-spacing-right-large:0px;--awb-margin-bottom-large:20px;--awb-spacing-left-large:0px;--awb-width-medium:100%;--awb-spacing-right-medium:0px;--awb-spacing-left-medium:0px;--awb-width-small:100%;--awb-spacing-right-small:0px;--awb-spacing-left-small:0px;\"><div class=\"fusion-column-wrapper fusion-flex-justify-content-flex-start fusion-content-layout-column\"><div class=\"fusion-text fusion-text-1\"><h2>Gesch\u00e4ftsleitung<\/h2>\n<\/div><div class=\"fusion-image-element \" style=\"--awb-max-width:1100px;--awb-caption-title-font-family:var(--h2_typography-font-family);--awb-caption-title-font-weight:var(--h2_typography-font-weight);--awb-caption-title-font-style:var(--h2_typography-font-style);--awb-caption-title-size:var(--h2_typography-font-size);--awb-caption-title-transform:var(--h2_typography-text-transform);--awb-caption-title-line-height:var(--h2_typography-line-height);--awb-caption-title-letter-spacing:var(--h2_typography-letter-spacing);\"><span class=\" fusion-imageframe imageframe-none imageframe-1 hover-type-none\"><img decoding=\"async\" width=\"1100\" height=\"732\" alt=\"Gruppenfoto der Gesch\u00e4ftsleitung\" title=\"Die Gesch\u00e4ftsleitung\" src=\"https:\/\/agripedia.ch\/jahresbericht2018\/wp-content\/uploads\/sites\/12\/2019\/04\/gl.jpg\" class=\"img-responsive wp-image-600\" srcset=\"https:\/\/agripedia.ch\/jahresbericht2018\/wp-content\/uploads\/sites\/12\/2019\/04\/gl-200x133.jpg 200w, https:\/\/agripedia.ch\/jahresbericht2018\/wp-content\/uploads\/sites\/12\/2019\/04\/gl-400x266.jpg 400w, https:\/\/agripedia.ch\/jahresbericht2018\/wp-content\/uploads\/sites\/12\/2019\/04\/gl-600x399.jpg 600w, https:\/\/agripedia.ch\/jahresbericht2018\/wp-content\/uploads\/sites\/12\/2019\/04\/gl-800x532.jpg 800w, https:\/\/agripedia.ch\/jahresbericht2018\/wp-content\/uploads\/sites\/12\/2019\/04\/gl.jpg 1100w\" sizes=\"(max-width: 640px) 100vw, 1100px\" \/><\/span><\/div><div class=\"fusion-text fusion-text-2 agri-image-caption\"><p>Von links nach rechts: Ulrich Ryser (Direktor), Patrick Hugentobler (Departement Interne Dienste, Bildung und Information), Sylvie Aubert Br\u00fchlmann (stv. Direktorin, Departement L\u00e4ndliche Entwicklung und Wertsch\u00f6pfungsketten), Philippe Droz (Departement Landwirtschaftliche Produktion und Umwelt), Hermine Hascher (Departement Unternehmen und Familie).<\/p>\n<\/div><div class=\"fusion-text fusion-text-3\"><h3>Tanz der Zahlen<\/h3>\n<\/div><div class=\"fusion-text fusion-text-4\"><h5>Begleitmusik und Partner<\/h5>\n<p>Zu beobachten waren bei der AGRIDEA 2018 haupts\u00e4chlich ein R\u00fcckgang in den Einnahmen aus dem Grundauftrag sowie eine weiterhin hohe Bewegung im Markt mit einer starken Konkurrenz und neuen Anforderungen, beispielsweise durch den fortgesetzten Wandel im Weiterbildungsverhalten. Gleichzeitig konnten die Arbeiten f\u00fcr die neue strategische Steuerung der AGRIDEA 2020 naturgem\u00e4ss keinen Ertrag abwerfen.<\/p>\n<h5>Schritte, ihre Kreativit\u00e4t und Dynamik<\/h5>\n<p>Die Akquisition im ersten Quartal gestalteten wir aktiv mit gutem Erfolg. Der finanzielle Effekt auf das Zwischenergebnis war allerdings noch ungen\u00fcgend. Entsprechend hat die AGRIDEA zus\u00e4tzliche Sparmassnahmen neu aufgenommen (Stellen-Stopp), erg\u00e4nzend zu bereits laufenden Erleichterungen in den Kosten (Aussetzen von internen Projekten und Investitionen, Verkleinerung der gemieteten B\u00fcrofl\u00e4chen, Verz\u00f6gerung von Ersatzanstellungen, strukturelle Massnahmen \/ Fusion von Organisationseinheiten) und zu Steigerungen in den Ertr\u00e4gen (Vermietung von B\u00fcror\u00e4umen).<\/p>\n<h5>Gef\u00fchl und Finale<\/h5>\n<p>Die Freude an neuen Vorhaben und Kunden und an der Arbeit in Themen unserer bestehenden Mandate haben mit neuen Initiativen und Projekteingaben sowie mit neuen Angeboten im Kursprogramm dazu gef\u00fchrt, dass wir nicht nur die wichtigsten Zielvorgaben f\u00fcr die Arbeit im Grundmandat erf\u00fcllt, sondern auch eine stabile schwarze Zahl im Finanzergebnis erzielt haben. Voil\u00e0!<\/p>\n<p><em>Patrick Hugentobler, Departementsleitung Interne Dienste, Bildung und Information<\/em><\/p>\n<\/div><\/div><\/div><\/div><\/div><div class=\"fusion-fullwidth fullwidth-box fusion-builder-row-2 fusion-flex-container nonhundred-percent-fullwidth non-hundred-percent-height-scrolling\" style=\"--awb-border-radius-top-left:0px;--awb-border-radius-top-right:0px;--awb-border-radius-bottom-right:0px;--awb-border-radius-bottom-left:0px;--awb-flex-wrap:wrap;\" ><div class=\"fusion-builder-row fusion-row fusion-flex-align-items-flex-start fusion-flex-content-wrap\" style=\"max-width:calc( 1100px + 0px );margin-left: calc(-0px \/ 2 );margin-right: calc(-0px \/ 2 );\"><div class=\"fusion-layout-column fusion_builder_column fusion-builder-column-1 fusion_builder_column_1_1 1_1 fusion-flex-column\" style=\"--awb-bg-size:cover;--awb-width-large:100%;--awb-margin-top-large:0px;--awb-spacing-right-large:0px;--awb-margin-bottom-large:20px;--awb-spacing-left-large:0px;--awb-width-medium:100%;--awb-spacing-right-medium:0px;--awb-spacing-left-medium:0px;--awb-width-small:100%;--awb-spacing-right-small:0px;--awb-spacing-left-small:0px;\"><div class=\"fusion-column-wrapper fusion-flex-justify-content-flex-start fusion-content-layout-column\"><div class=\"fusion-text fusion-text-5\"><p><a name=\"zahlen\"><\/a><\/p>\n<\/div><div class=\"fusion-text fusion-text-6\"><h3>Jahresrechnung 2018<\/h3>\n<\/div><div class=\"fusion-separator fusion-full-width-sep\" style=\"align-self: center;margin-left: auto;margin-right: auto;margin-top:1.3em;margin-bottom:1.3em;width:100%;\"><\/div><div class=\"fusion-tabs fusion-tabs-1 classic nav-is-justified horizontal-tabs icon-position-left mobile-mode-accordion\" style=\"--awb-title-border-radius-top-left:0px;--awb-title-border-radius-top-right:0px;--awb-title-border-radius-bottom-right:0px;--awb-title-border-radius-bottom-left:0px;--awb-inactive-color:#ebeaea;--awb-background-color:#ffffff;--awb-border-color:#ebeaea;--awb-active-border-color:#E72200;\"><div class=\"nav\"><ul class=\"nav-tabs nav-justified\" role=\"tablist\"><li class=\"active\" role=\"presentation\"><a class=\"tab-link\" data-toggle=\"tab\" role=\"tab\" aria-controls=\"tab-aec0034d7847f921697\" aria-selected=\"true\" id=\"fusion-tab-bilanz\" href=\"#tab-aec0034d7847f921697\"><h4 class=\"fusion-tab-heading\">Bilanz<\/h4><\/a><\/li><li role=\"presentation\"><a class=\"tab-link\" data-toggle=\"tab\" role=\"tab\" aria-controls=\"tab-3a82d7dc99a4a9ead17\" aria-selected=\"false\" tabindex=\"-1\" id=\"fusion-tab-erfolgsrechnung\" href=\"#tab-3a82d7dc99a4a9ead17\"><h4 class=\"fusion-tab-heading\">Erfolgsrechnung<\/h4><\/a><\/li><\/ul><\/div><div class=\"tab-content\"><div class=\"nav fusion-mobile-tab-nav\"><ul class=\"nav-tabs nav-justified\" role=\"tablist\"><li class=\"active\" role=\"presentation\"><a class=\"tab-link\" data-toggle=\"tab\" role=\"tab\" aria-controls=\"tab-aec0034d7847f921697\" aria-selected=\"true\" id=\"mobile-fusion-tab-bilanz\" href=\"#tab-aec0034d7847f921697\"><h4 class=\"fusion-tab-heading\">Bilanz<\/h4><\/a><\/li><\/ul><\/div><div class=\"tab-pane fade fusion-clearfix in active\" role=\"tabpanel\" tabindex=\"0\" aria-labelledby=\"fusion-tab-bilanz\" id=\"tab-aec0034d7847f921697\">\n<div class=\"table-1\">\n<table width=\"100%\">\n<thead>\n<tr>\n<th><\/th>\n<th>2018<\/th>\n<th>2017<\/th>\n<\/tr>\n<\/thead>\n<tbody>\n<tr class=\"agri-titlerow\">\n<td colspan=\"3\">Aktiven<\/td>\n<\/tr>\n<tr>\n<td>Fl\u00fcssige Mittel<\/td>\n<td>2\u2019522\u2019774.39<\/td>\n<td>2\u2019103\u2019166.69<\/td>\n<\/tr>\n<tr>\n<td>Forderungen aus Lieferungen und Leistungen<\/td>\n<td>1\u2019558\u2019641.26<\/td>\n<td>2\u2019137\u2019485.18<\/td>\n<\/tr>\n<tr>\n<td>Vorr\u00e4te<\/td>\n<td>222\u2019390.08<\/td>\n<td>261\u2019270.00<\/td>\n<\/tr>\n<tr>\n<td>Angefangene Arbeiten<\/td>\n<td>370\u2019915.88<\/td>\n<td>588\u2019218.88<\/td>\n<\/tr>\n<tr>\n<td>Aktive Rechnungsabgrenzung<\/td>\n<td>151\u2019579.22<\/td>\n<td>108\u2019281.34<\/td>\n<\/tr>\n<tr class=\"agri-subtotalrow\">\n<td>Umlaufverm\u00f6gen<\/td>\n<td>4\u2019826\u2019300.83<\/td>\n<td>5\u2019198\u2019422.09<\/td>\n<\/tr>\n<tr class=\"agri-emptyrow\">\n<td colspan=\"3\"><\/td>\n<\/tr>\n<tr>\n<td>Mobile Sachanlagen<\/td>\n<td>0<\/td>\n<td>33\u2019697.65<\/td>\n<\/tr>\n<tr>\n<td>Mobiliar, Einrichtungen, Material<\/td>\n<td>21\u2019590.00<\/td>\n<td>29\u2019399.76<\/td>\n<\/tr>\n<tr>\n<td>Informatik und Telefonanlagen<\/td>\n<td>143\u2019717.00<\/td>\n<td>173\u2019491.10<\/td>\n<\/tr>\n<tr>\n<td>Fahrzeuge<\/td>\n<td>13\u2019000.00<\/td>\n<td>15\u2019600.00<\/td>\n<\/tr>\n<tr>\n<td>Immobile Sachanlagen<\/td>\n<td>1\u2019296\u2019456.00<\/td>\n<td>1\u2019329\u2019757.37<\/td>\n<\/tr>\n<tr class=\"agri-subtotalrow\">\n<td>Sachanlagen<\/td>\n<td>1\u2019474\u2019763.00<\/td>\n<td>1\u2019581\u2019945.88<\/td>\n<\/tr>\n<tr>\n<td colspan=\"3\"><\/td>\n<\/tr>\n<tr>\n<td>Beteiligungen<\/td>\n<td>211\u2019250.00<\/td>\n<td>211\u2019250.00<\/td>\n<\/tr>\n<tr>\n<td>Darlehen<\/td>\n<td>500\u2019000.00<\/td>\n<td>500\u2019000.00<\/td>\n<\/tr>\n<tr>\n<td>Finanzanlagen<\/td>\n<td>225\u2019630.00<\/td>\n<td>12\u2019700.00<\/td>\n<\/tr>\n<tr class=\"agri-subtotalrow\">\n<td>Finanzanlagen<\/td>\n<td>936\u2019880.00<\/td>\n<td>723\u2019950.00<\/td>\n<\/tr>\n<tr class=\"agri-emptyrow\">\n<td colspan=\"3\"><\/td>\n<\/tr>\n<tr>\n<td>Anlageverm\u00f6gen<\/td>\n<td>2\u2019411\u2019643.00<\/td>\n<td>2\u2019305\u2019895.88<\/td>\n<\/tr>\n<tr class=\"agri-emptyrow\">\n<td colspan=\"3\"><\/td>\n<\/tr>\n<tr class=\"agri-totalrow\">\n<td>Total Aktiven<\/td>\n<td>7\u2019237\u2019943.83<\/td>\n<td>7\u2019504\u2019317.97<\/td>\n<\/tr>\n<\/tbody>\n<\/table>\n<\/div>\n<p>\u00a0<\/p>\n<div class=\"table-1\">\n<table width=\"100%\">\n<thead>\n<tr>\n<th><\/th>\n<th>2018<\/th>\n<th>2017<\/th>\n<\/tr>\n<\/thead>\n<tbody>\n<tr class=\"agri-titlerow\">\n<td colspan=\"3\">Passiven<\/td>\n<\/tr>\n<tr>\n<td>Kurzfristige Verbindlichkeiten<\/td>\n<td>75\u2019000.00<\/td>\n<td>186\u2019709.10<\/td>\n<\/tr>\n<tr>\n<td>Verbindlichkeiten aus Lieferungen und Leistungen<\/td>\n<td>859\u2019959.04<\/td>\n<td>969\u2019290.71<\/td>\n<\/tr>\n<tr>\n<td>Vorauszahlungen f\u00fcr Projekte<\/td>\n<td>794\u2019441.05<\/td>\n<td>893\u2019732.05<\/td>\n<\/tr>\n<tr>\n<td>Passive Rechnungsabgrenzung<\/td>\n<td>809\u2019046.12<\/td>\n<td>910\u2019091.32<\/td>\n<\/tr>\n<tr>\n<td>Kurzfristige R\u00fcckstellungen<\/td>\n<td>623\u2019855.61<\/td>\n<td>683\u2019772.76<\/td>\n<\/tr>\n<tr class=\"agri-subtotalrow\">\n<td>Kurzfristiges Fremdkapital<\/td>\n<td>3\u2019162\u2019301.82<\/td>\n<td>3\u2019643\u2019595.94<\/td>\n<\/tr>\n<tr class=\"agri-emptyrow\">\n<td colspan=\"3\"><\/td>\n<\/tr>\n<tr>\n<td>Hypothekarschuld<\/td>\n<td>850\u2019000.00<\/td>\n<td>925\u2019000.00<\/td>\n<\/tr>\n<tr class=\"agri-subtotalrow\">\n<td>Langfristiges Fremdkapital<\/td>\n<td>850\u2019000.00<\/td>\n<td>925\u2019000.00<\/td>\n<\/tr>\n<tr class=\"agri-emptyrow\">\n<td colspan=\"3\"><\/td>\n<\/tr>\n<tr>\n<td>Kapital<\/td>\n<td>2\u2019935\u2019722.03<\/td>\n<td>2\u2019597\u2019350.85<\/td>\n<\/tr>\n<tr>\n<td>Ergebnis des Gesch\u00e4ftsjahres<\/td>\n<td>289\u2019919.98<\/td>\n<td>338\u2019371.18<\/td>\n<\/tr>\n<tr class=\"agri-subtotalrow\">\n<td>Eigenkapital<\/td>\n<td>3\u2019225\u2019642.01<\/td>\n<td>2\u2019935\u2019722.03<\/td>\n<\/tr>\n<tr class=\"agri-emptyrow\">\n<td colspan=\"3\"><\/td>\n<\/tr>\n<tr class=\"agri-totalrow\">\n<td>Total Passiven<\/td>\n<td>7\u2019237\u2019943.83<\/td>\n<td>7\u2019504\u2019317.97<\/td>\n<\/tr>\n<\/tbody>\n<\/table>\n<\/div>\n<\/div><div class=\"nav fusion-mobile-tab-nav\"><ul class=\"nav-tabs nav-justified\" role=\"tablist\"><li role=\"presentation\"><a class=\"tab-link\" data-toggle=\"tab\" role=\"tab\" aria-controls=\"tab-3a82d7dc99a4a9ead17\" aria-selected=\"false\" tabindex=\"-1\" id=\"mobile-fusion-tab-erfolgsrechnung\" href=\"#tab-3a82d7dc99a4a9ead17\"><h4 class=\"fusion-tab-heading\">Erfolgsrechnung<\/h4><\/a><\/li><\/ul><\/div><div class=\"tab-pane fade fusion-clearfix\" role=\"tabpanel\" tabindex=\"0\" aria-labelledby=\"fusion-tab-erfolgsrechnung\" id=\"tab-3a82d7dc99a4a9ead17\">\n<div class=\"table-1\">\n<table width=\"100%\">\n<thead>\n<tr>\n<th><\/th>\n<th>2018<\/th>\n<th>2017<\/th>\n<\/tr>\n<\/thead>\n<tbody>\n<tr class=\"agri-titlerow\">\n<td colspan=\"3\">Betriebsertrag<\/td>\n<\/tr>\n<tr>\n<td>Ertrag aus Informationen und Publikationen, Druck<\/td>\n<td>768\u2019431.81<\/td>\n<td>797\u2019803.16<\/td>\n<\/tr>\n<tr>\n<td>Dienstleistungen im Bereich Autorenschaft, Redaktion, Marketing, Gestaltung<\/td>\n<td>47\u2019736.33<\/td>\n<td>33\u2019644.20<\/td>\n<\/tr>\n<tr>\n<td>Dienstleistungen im Bereich Bildung und Plattformen<\/td>\n<td>460\u2019260.99<\/td>\n<td>617\u2019936.51<\/td>\n<\/tr>\n<tr>\n<td>Ertrag und Dienstleistungen im Bereich Informatik<\/td>\n<td>1\u2019875\u2019655.07<\/td>\n<td>1\u2019545\u2019255.01<\/td>\n<\/tr>\n<tr>\n<td>Dienstleistungen, Beratungen, Expertisen, Methoden und Wissenserwerb<\/td>\n<td>3\u2019376\u2019060.16<\/td>\n<td>3\u2019575\u2019291.74<\/td>\n<\/tr>\n<tr>\n<td>Sponsoring, Werbeeinnahmen<\/td>\n<td>13\u2019504.41<\/td>\n<td>12\u2019617.69<\/td>\n<\/tr>\n<tr>\n<td>Beitr\u00e4ge BLW<\/td>\n<td>8\u2019207\u2019100.00<\/td>\n<td>8\u2019550\u2019000.00<\/td>\n<\/tr>\n<tr>\n<td>\u00dcbriger Ertrag<\/td>\n<td>523\u2019144.21<\/td>\n<td>477\u2019299.77<\/td>\n<\/tr>\n<tr>\n<td>Ertragsminderung<\/td>\n<td>-41\u2019711.54<\/td>\n<td>-13\u2019637.85<\/td>\n<\/tr>\n<tr class=\"agri-totalrow\">\n<td>Total Betriebsertrag<\/td>\n<td>15\u2019230\u2019181.44<\/td>\n<td>15\u2019596\u2019210.23<\/td>\n<\/tr>\n<tr class=\"agri-emptyrow\">\n<td colspan=\"3\"><\/td>\n<\/tr>\n<tr class=\"agri-titlerow\">\n<td colspan=\"3\">Betriebsaufwand<\/td>\n<\/tr>\n<tr>\n<td>Materialaufwand<\/td>\n<td>-541\u2019740.00<\/td>\n<td>-527\u2019585.92<\/td>\n<\/tr>\n<tr>\n<td>Bestandesver\u00e4nderung Vorr\u00e4te<\/td>\n<td>-38\u2019879.92<\/td>\n<td>-4\u2019238.00<\/td>\n<\/tr>\n<tr>\n<td>Aufwand f\u00fcr Drittleistungen<\/td>\n<td>-1\u2019142\u2019099.92<\/td>\n<td>-1\u2019077\u2019967.72<\/td>\n<\/tr>\n<tr>\n<td>Personalaufwand<\/td>\n<td>-12\u2019107\u2019197.65<\/td>\n<td>-12\u2019401\u2019647.33<\/td>\n<\/tr>\n<tr>\n<td>Infrastrukturaufwand<\/td>\n<td>-794\u2019541.35<\/td>\n<td>-1\u2019016\u2019167.36<\/td>\n<\/tr>\n<tr>\n<td>Abschreibungen<\/td>\n<td>-268\u2019654.53<\/td>\n<td>-291\u2019052.40<\/td>\n<\/tr>\n<tr class=\"agri-totalrow\">\n<td>Total Betriebsaufwand<\/td>\n<td>-14\u2019893\u2019113.37<\/td>\n<td>-15\u2019318\u2019658.73<\/td>\n<\/tr>\n<tr class=\"agri-emptyrow\">\n<td colspan=\"3\"><\/td>\n<\/tr>\n<tr>\n<td>Erfolg der Vereinigung<\/td>\n<td>-8\u2019114.64<\/td>\n<td>68\u2019298.60<\/td>\n<\/tr>\n<tr class=\"agri-emptyrow\">\n<td colspan=\"3\"><\/td>\n<\/tr>\n<tr class=\"agri-totalrow\">\n<td>Betriebserfolg<\/td>\n<td>328\u2019953.43<\/td>\n<td>345\u2019850.10<\/td>\n<\/tr>\n<tr class=\"agri-emptyrow\">\n<td colspan=\"3\"><\/td>\n<\/tr>\n<tr class=\"agri-subtotalrow\">\n<td>Finanzerfolg<\/td>\n<td>-10\u2019460.49<\/td>\n<td>-9\u2019832.28<\/td>\n<\/tr>\n<tr class=\"agri-emptyrow\">\n<td colspan=\"3\"><\/td>\n<\/tr>\n<tr class=\"agri-totalrow\">\n<td>Ordentliches Ergebnis<\/td>\n<td>318\u2019492.94<\/td>\n<td>336\u2019017.82<\/td>\n<\/tr>\n<tr class=\"agri-emptyrow\">\n<td colspan=\"3\"><\/td>\n<\/tr>\n<tr>\n<td>Erfolg Herdenschutz<\/td>\n<td>-28\u2019572.96<\/td>\n<td>2\u2019353.36<\/td>\n<\/tr>\n<tr class=\"agri-emptyrow\">\n<td colspan=\"3\"><\/td>\n<\/tr>\n<tr class=\"agri-subtotalrow\">\n<td>Ausserbetriebliches Ergebnis<\/td>\n<td>-28\u2019572.96<\/td>\n<td>2\u2019353.36<\/td>\n<\/tr>\n<tr class=\"agri-emptyrow\">\n<td colspan=\"3\"><\/td>\n<\/tr>\n<tr class=\"agri-subtotalrow\">\n<td>Ausserordentliches Ergebnis<\/td>\n<td>0.00<\/td>\n<td>0.00<\/td>\n<\/tr>\n<tr class=\"agri-emptyrow\">\n<td colspan=\"3\"><\/td>\n<\/tr>\n<tr class=\"agri-totalrow\">\n<td>Ergebnis des Gesch\u00e4ftsjahres<\/td>\n<td>289\u2019919.98<\/td>\n<td>338\u2019371.18<\/td>\n<\/tr>\n<\/tbody>\n<\/table>\n<\/div>\n<\/div><\/div><\/div><\/div><\/div><\/div><\/div><\/p>\n","protected":false},"excerpt":{"rendered":"","protected":false},"author":25,"featured_media":0,"parent":0,"menu_order":0,"comment_status":"closed","ping_status":"closed","template":"","meta":{"_sb_is_suggestion_mode":false,"_sb_show_suggestion_boards":false,"_sb_show_comment_boards":false,"_sb_suggestion_history":"","_sb_update_block_changes":"","inline_featured_image":false,"_monsterinsights_skip_tracking":false,"_monsterinsights_sitenote_active":false,"_monsterinsights_sitenote_note":"","_monsterinsights_sitenote_category":0,"footnotes":""},"class_list":["post-42","page","type-page","status-publish","hentry"],"_links":{"self":[{"href":"https:\/\/agripedia.ch\/jahresbericht2018\/wp-json\/wp\/v2\/pages\/42","targetHints":{"allow":["GET"]}}],"collection":[{"href":"https:\/\/agripedia.ch\/jahresbericht2018\/wp-json\/wp\/v2\/pages"}],"about":[{"href":"https:\/\/agripedia.ch\/jahresbericht2018\/wp-json\/wp\/v2\/types\/page"}],"author":[{"embeddable":true,"href":"https:\/\/agripedia.ch\/jahresbericht2018\/wp-json\/wp\/v2\/users\/25"}],"replies":[{"embeddable":true,"href":"https:\/\/agripedia.ch\/jahresbericht2018\/wp-json\/wp\/v2\/comments?post=42"}],"version-history":[{"count":40,"href":"https:\/\/agripedia.ch\/jahresbericht2018\/wp-json\/wp\/v2\/pages\/42\/revisions"}],"predecessor-version":[{"id":1041,"href":"https:\/\/agripedia.ch\/jahresbericht2018\/wp-json\/wp\/v2\/pages\/42\/revisions\/1041"}],"wp:attachment":[{"href":"https:\/\/agripedia.ch\/jahresbericht2018\/wp-json\/wp\/v2\/media?parent=42"}],"curies":[{"name":"wp","href":"https:\/\/api.w.org\/{rel}","templated":true}]}}