{"id":38,"date":"2019-05-06T16:29:54","date_gmt":"2019-05-06T14:29:54","guid":{"rendered":"https:\/\/agripedia.ch\/jahresbericht2018\/?page_id=38"},"modified":"2019-05-08T15:33:32","modified_gmt":"2019-05-08T13:33:32","slug":"vorstand","status":"publish","type":"page","link":"https:\/\/agripedia.ch\/jahresbericht2018\/vorstand\/","title":{"rendered":"Vorstand"},"content":{"rendered":"<div class=\"fusion-fullwidth fullwidth-box fusion-builder-row-1 fusion-flex-container nonhundred-percent-fullwidth non-hundred-percent-height-scrolling\" style=\"--awb-border-radius-top-left:0px;--awb-border-radius-top-right:0px;--awb-border-radius-bottom-right:0px;--awb-border-radius-bottom-left:0px;--awb-flex-wrap:wrap;\" ><div class=\"fusion-builder-row fusion-row fusion-flex-align-items-flex-start fusion-flex-content-wrap\" style=\"max-width:calc( 1100px + 0px );margin-left: calc(-0px \/ 2 );margin-right: calc(-0px \/ 2 );\"><div class=\"fusion-layout-column fusion_builder_column fusion-builder-column-0 fusion_builder_column_1_1 1_1 fusion-flex-column\" style=\"--awb-bg-size:cover;--awb-width-large:100%;--awb-margin-top-large:0px;--awb-spacing-right-large:0px;--awb-margin-bottom-large:20px;--awb-spacing-left-large:0px;--awb-width-medium:100%;--awb-spacing-right-medium:0px;--awb-spacing-left-medium:0px;--awb-width-small:100%;--awb-spacing-right-small:0px;--awb-spacing-left-small:0px;\"><div class=\"fusion-column-wrapper fusion-flex-justify-content-flex-start fusion-content-layout-column\"><div class=\"fusion-text fusion-text-1\"><h2>Vorstand<\/h2>\n<\/div><div class=\"fusion-text fusion-text-2\"><p>Der Vorstand ist f\u00fcr die strategische F\u00fchrung der AGRIDEA zust\u00e4ndig. Er fasst dazu Beschl\u00fcsse, erarbeitet Direktiven und \u00fcberwacht ihre Umsetzung. Gew\u00e4hlt wird dieses Gremium wie auch das Pr\u00e4sidium und das zweik\u00f6pfige Vizepr\u00e4sidium von der Delegiertenversammlung.<\/p>\n<\/div><div class=\"fusion-image-element \" style=\"--awb-max-width:1100px;--awb-caption-title-font-family:var(--h2_typography-font-family);--awb-caption-title-font-weight:var(--h2_typography-font-weight);--awb-caption-title-font-style:var(--h2_typography-font-style);--awb-caption-title-size:var(--h2_typography-font-size);--awb-caption-title-transform:var(--h2_typography-text-transform);--awb-caption-title-line-height:var(--h2_typography-line-height);--awb-caption-title-letter-spacing:var(--h2_typography-letter-spacing);\"><span class=\" fusion-imageframe imageframe-none imageframe-1 hover-type-none\"><img decoding=\"async\" width=\"1100\" height=\"653\" alt=\"Gruppenfoto des Vorstands\" title=\"Der Vorstand\" src=\"https:\/\/agripedia.ch\/jahresbericht2018\/wp-content\/uploads\/sites\/12\/2019\/04\/vorstand.jpg\" class=\"img-responsive wp-image-602\" srcset=\"https:\/\/agripedia.ch\/jahresbericht2018\/wp-content\/uploads\/sites\/12\/2019\/04\/vorstand-200x119.jpg 200w, https:\/\/agripedia.ch\/jahresbericht2018\/wp-content\/uploads\/sites\/12\/2019\/04\/vorstand-400x237.jpg 400w, https:\/\/agripedia.ch\/jahresbericht2018\/wp-content\/uploads\/sites\/12\/2019\/04\/vorstand-600x356.jpg 600w, https:\/\/agripedia.ch\/jahresbericht2018\/wp-content\/uploads\/sites\/12\/2019\/04\/vorstand-800x475.jpg 800w, https:\/\/agripedia.ch\/jahresbericht2018\/wp-content\/uploads\/sites\/12\/2019\/04\/vorstand.jpg 1100w\" sizes=\"(max-width: 640px) 100vw, 1100px\" \/><\/span><\/div><div class=\"fusion-text fusion-text-3 agri-image-caption\"><p><em>Von links nach rechts: St\u00e9phane Teuscher (ProConseil S\u00e0rl Prom\u00e9terre), Francis Egger (Schweizer Bauernverband), Fr\u00e9d\u00e9ric Brand (Landwirtschaftsamt Kanton Waadt), Olivier Girardin (Fondation Rurale Interjurassienne), Esther Gassler (Pr\u00e4sidentin), Jeanette Z\u00fcrcher-Egloff (Vizepr\u00e4sidentin, Schweizerischer B\u00e4uerinnen- und Landfrauenverband) und Markus H\u00f6ltschi (Berufsbildungszentrum Natur und Ern\u00e4hrung Hohenrain). Nicht im Bild: G\u00e9rald Dayer (Vizepr\u00e4sident, Dienststelle f\u00fcr Landwirtschaft Kanton Wallis), Matthias M\u00fcller (Landwirtschaft Aargau) und Hanspeter Kern (Schweizerische Milchproduzenten).<\/em><\/p>\n<\/div><div class=\"fusion-testimonials classic awb-speech-bubble-show fusion-testimonials-1\" style=\"--awb-textcolor:#d8170d;--awb-backgroundcolor:#ffffff;--awb-testimonial-border-style:solid;--awb-testimonial-border-color:var(--awb-color3);--awb-border-top-left-radius:0px;--awb-border-top-right-radius:0px;--awb-border-bottom-left-radius:0px;--awb-border-bottom-right-radius:0px;--testimonial-border-width-top:0px;--testimonial-border-width-right:0px;--testimonial-border-width-bottom:0px;--testimonial-border-width-left:0px;\" data-random=\"0\" data-speed=\"20000\" id=\"agri-testimonial\"><div class=\"reviews\"><div class=\"review active-testimonial avatar-image\"><blockquote><div class=\"awb-quote\"><div class=\"awb-quote-content\">\n<p>\u00ab2018 wurde eine wichtige Statuten\u00e4nderung der AGRIDEA einstimmig gutgeheissen. Die neuen Statuten st\u00e4rken die Position der Kantone und die Abst\u00fctzung der AGRIDEA. Dies ist der sichtbare Teil des Eisbergs. Es ist ein erster Schritt, um die Position der AGRIDEA im landwirtschaftlichen Wissens- und Innovationssystem unseres Landes zu sichern und sie auch in Zukunft zu einer unumg\u00e4nglichen Partnerin zu machen.\u00bb<\/p>\n<\/div><\/div><span class=\"awb-triangle\"><\/span><\/blockquote><div class=\"author\"><span class=\"testimonial-thumbnail\"><img decoding=\"async\" class=\"testimonial-image\" src=\"https:\/\/agripedia.ch\/jahresbericht2018\/wp-content\/uploads\/sites\/12\/2019\/04\/FrancisEggerJB18-2.jpg\" width=\"200\" height=\"200\" alt=\"Francis Egger\" style=\"--awb-border-radius:50%;\" \/><\/span><span class=\"company-name\"><strong>Francis Egger<\/strong><span>, <\/span><span>Leiter Departement Wirtschaft, Bildung und Internationales beim SBV<\/span><\/span><\/div><\/div><div class=\"review avatar-image\"><blockquote><div class=\"awb-quote\"><div class=\"awb-quote-content\">\n<p>\u00abF\u00fcr mich war der zweit\u00e4gige, erfolgreiche Kurs \u201eKompetent engagiert\u201c ein Highlight. Er wurde von der AGRIDEA und dem SBLV \u2013 im Rahmen des PFO-Projekts \u2013 erarbeitet und gleich zweimal durchgef\u00fchrt. Grossen Anklang fanden die Elemente E-Learning und Online-Meeting. Mehrere Kursteilnehmerinnen wenden die neu erworbenen Kompetenzen nun im Vorstand des SBLV, in verschiedenen Kantonsparlamenten und anderen wichtigen Positionen an. 2019 werden weitere Kurse in der Deutsch- und neu auch in der Westschweiz angeboten.\u00bb<\/p>\n<\/div><\/div><span class=\"awb-triangle\"><\/span><\/blockquote><div class=\"author\"><span class=\"testimonial-thumbnail\"><img decoding=\"async\" class=\"testimonial-image\" src=\"https:\/\/agripedia.ch\/jahresbericht2018\/wp-content\/uploads\/sites\/12\/2019\/04\/JeanetteZuercherEgloffJB18-2.jpg\" width=\"200\" height=\"200\" alt=\"Jeanette Z\u00fcrcher Egloff\" style=\"--awb-border-radius:50%;\" \/><\/span><span class=\"company-name\"><strong>Jeanette Z\u00fcrcher-Egloff<\/strong><span>, <\/span><span>Bildungsverantwortliche des SBLV<\/span><\/span><\/div><\/div><div class=\"review avatar-image\"><blockquote><div class=\"awb-quote\"><div class=\"awb-quote-content\">\n<p>\u00abBeratung und Kommunikation sind Schl\u00fcsselelemente der aktuellen und kommenden Agrarreform. Erkenntnisgewinne aus der Forschung m\u00fcssen schneller in die Praxis transportiert werden. Die Komplexit\u00e4t des landwirtschaftlichen Beitragssystems in Verbindung mit den Umweltvorgaben und dem Klimawandel muss rasch und nachhaltig bei den Produzenten und Konsumenten verbreitet werden. Dies ist nur mit Beratung und Kommunikation zu erreichen. Die Kantone, die daf\u00fcr zust\u00e4ndig sind, sind zunehmend \u00fcberfordert. Gut gibt es die AGRIDEA, die tatkr\u00e4ftig unterst\u00fctzt und neu enger durch die Kantone gef\u00fchrt wird.\u00bb<\/p>\n<\/div><\/div><span class=\"awb-triangle\"><\/span><\/blockquote><div class=\"author\"><span class=\"testimonial-thumbnail\"><img decoding=\"async\" class=\"testimonial-image\" src=\"https:\/\/agripedia.ch\/jahresbericht2018\/wp-content\/uploads\/sites\/12\/2019\/04\/MatthiasMuellerJB18-2.jpg\" width=\"200\" height=\"200\" alt=\"Matthias M\u00fcller\" style=\"--awb-border-radius:50%;\" \/><\/span><span class=\"company-name\"><strong>Matthias M\u00fcller<\/strong><span>, <\/span><span>Leiter Landwirtschaft Aargau<\/span><\/span><\/div><\/div><\/div><div class=\"testimonial-pagination\" id=\"fusion-testimonials-1\"><a href=\"#\" aria-label=\"Testimonial Pagination\"  class=\"activeSlide\"><\/a><a href=\"#\" aria-label=\"Testimonial Pagination\" ><\/a><a href=\"#\" aria-label=\"Testimonial Pagination\" ><\/a><\/div><\/div><div class=\"fusion-separator fusion-full-width-sep agri-separator\" style=\"align-self: center;margin-left: auto;margin-right: auto;width:100%;\"><\/div><div class=\"fusion-text fusion-text-4\"><h3>Mitglieder des Vorstands<\/h3>\n<\/div><div class=\"fusion-text fusion-text-5\"><p>Am 31. Dezember 2018 setzte sich der Vorstand der AGRIDEA gem\u00e4ss Statuten wie folgt zusammen:<\/p>\n<h4>Vier Vertretungen aus Mitgliedorganisationen<\/h4>\n<ul>\n<li>Jeanette Z\u00fcrcher-Egloff, Vizepr\u00e4sidentin der AGRIDEA, Vorstandsmitglied des Schweizerischen B\u00e4uerinnen- und Landfrauenverbandes<\/li>\n<li>Francis Egger, Leiter Departement Wirtschaft, Bildung und Internationales beim Schweizer Bauernverband<\/li>\n<li>Hanspeter Kern, Pr\u00e4sident der Schweizerischen Milchproduzenten<\/li>\n<li>St\u00e9phane Teuscher, Direktor von ProConseil S\u00e0rl Prom\u00e9terre<\/li>\n<\/ul>\n<h4>Eine Vertretung aus der Politik<\/h4>\n<ul>\n<li>Esther Gassler, Pr\u00e4sidentin der AGRIDEA<\/li>\n<\/ul>\n<h4>Drei Vertretungen aus den Kantonen<\/h4>\n<ul>\n<li>G\u00e9rald Dayer, Vizepr\u00e4sident der AGRIDEA, Leiter Dienststelle f\u00fcr Landwirtschaft des Kantons Wallis<\/li>\n<li>Fr\u00e9d\u00e9ric Brand, Leiter Landwirtschaftsamt des Kantons Waadt<\/li>\n<li>Matthias M\u00fcller, Leiter Landwirtschaft Aargau<\/li>\n<\/ul>\n<h4>Zwei Vertretungen aus den Beratungsdiensten<\/h4>\n<ul>\n<li>Olivier Girardin, Direktor der Fondation Rurale Interjurassienne<\/li>\n<li>Markus H\u00f6ltschi, Prorektor des Berufsbildungszentrums Natur und Ern\u00e4hrung Hohenrain<\/li>\n<\/ul>\n<h4>Eine Vertretung aus der Forschung<\/h4>\n<ul>\n<li>vakant<\/li>\n<\/ul>\n<h4><strong>Beratende Mitglieder<\/strong><\/h4>\n<ul>\n<li>Anton St\u00f6ckli, Bundesamt f\u00fcr Landwirtschaft<\/li>\n<li>Jean-Marc Chappuis, Bundesamt f\u00fcr Landwirtschaft<\/li>\n<\/ul>\n<h4><strong>Externe Revisionsstelle <\/strong><\/h4>\n<p>BDO SA Suisse<\/p>\n<\/div><\/div><\/div><\/div><\/div>\n","protected":false},"excerpt":{"rendered":"","protected":false},"author":25,"featured_media":0,"parent":0,"menu_order":0,"comment_status":"closed","ping_status":"closed","template":"","meta":{"_sb_is_suggestion_mode":false,"_sb_show_suggestion_boards":false,"_sb_show_comment_boards":false,"_sb_suggestion_history":"","_sb_update_block_changes":"","inline_featured_image":false,"_monsterinsights_skip_tracking":false,"_monsterinsights_sitenote_active":false,"_monsterinsights_sitenote_note":"","_monsterinsights_sitenote_category":0,"footnotes":""},"class_list":["post-38","page","type-page","status-publish","hentry"],"_links":{"self":[{"href":"https:\/\/agripedia.ch\/jahresbericht2018\/wp-json\/wp\/v2\/pages\/38","targetHints":{"allow":["GET"]}}],"collection":[{"href":"https:\/\/agripedia.ch\/jahresbericht2018\/wp-json\/wp\/v2\/pages"}],"about":[{"href":"https:\/\/agripedia.ch\/jahresbericht2018\/wp-json\/wp\/v2\/types\/page"}],"author":[{"embeddable":true,"href":"https:\/\/agripedia.ch\/jahresbericht2018\/wp-json\/wp\/v2\/users\/25"}],"replies":[{"embeddable":true,"href":"https:\/\/agripedia.ch\/jahresbericht2018\/wp-json\/wp\/v2\/comments?post=38"}],"version-history":[{"count":41,"href":"https:\/\/agripedia.ch\/jahresbericht2018\/wp-json\/wp\/v2\/pages\/38\/revisions"}],"predecessor-version":[{"id":1034,"href":"https:\/\/agripedia.ch\/jahresbericht2018\/wp-json\/wp\/v2\/pages\/38\/revisions\/1034"}],"wp:attachment":[{"href":"https:\/\/agripedia.ch\/jahresbericht2018\/wp-json\/wp\/v2\/media?parent=38"}],"curies":[{"name":"wp","href":"https:\/\/api.w.org\/{rel}","templated":true}]}}