{"id":10,"date":"2019-03-21T12:08:19","date_gmt":"2019-03-21T12:08:19","guid":{"rendered":"https:\/\/agripedia.ch\/jahresbericht2018\/?page_id=10"},"modified":"2019-05-08T15:39:47","modified_gmt":"2019-05-08T13:39:47","slug":"partner","status":"publish","type":"page","link":"https:\/\/agripedia.ch\/jahresbericht2018\/partner\/","title":{"rendered":"Partner"},"content":{"rendered":"<p><div class=\"fusion-fullwidth fullwidth-box fusion-builder-row-1 fusion-flex-container nonhundred-percent-fullwidth non-hundred-percent-height-scrolling\" style=\"--awb-border-radius-top-left:0px;--awb-border-radius-top-right:0px;--awb-border-radius-bottom-right:0px;--awb-border-radius-bottom-left:0px;--awb-flex-wrap:wrap;\" ><div class=\"fusion-builder-row fusion-row fusion-flex-align-items-flex-start fusion-flex-content-wrap\" style=\"max-width:calc( 1100px + 0px );margin-left: calc(-0px \/ 2 );margin-right: calc(-0px \/ 2 );\"><div class=\"fusion-layout-column fusion_builder_column fusion-builder-column-0 fusion_builder_column_1_1 1_1 fusion-flex-column\" style=\"--awb-bg-size:cover;--awb-width-large:100%;--awb-margin-top-large:0px;--awb-spacing-right-large:0px;--awb-margin-bottom-large:20px;--awb-spacing-left-large:0px;--awb-width-medium:100%;--awb-spacing-right-medium:0px;--awb-spacing-left-medium:0px;--awb-width-small:100%;--awb-spacing-right-small:0px;--awb-spacing-left-small:0px;\"><div class=\"fusion-column-wrapper fusion-flex-justify-content-flex-start fusion-content-layout-column\"><div class=\"fusion-text fusion-text-1\"><h2>Das sagen unsere Partner<\/h2>\n<\/div><\/div><\/div><\/div><\/div><div class=\"fusion-fullwidth fullwidth-box fusion-builder-row-2 fusion-flex-container nonhundred-percent-fullwidth non-hundred-percent-height-scrolling\" style=\"--awb-border-radius-top-left:0px;--awb-border-radius-top-right:0px;--awb-border-radius-bottom-right:0px;--awb-border-radius-bottom-left:0px;--awb-flex-wrap:wrap;\" id=\"agri-interview\" ><div class=\"fusion-builder-row fusion-row fusion-flex-align-items-flex-start fusion-flex-content-wrap\" style=\"max-width:1144px;margin-left: calc(-4% \/ 2 );margin-right: calc(-4% \/ 2 );\"><div class=\"fusion-layout-column fusion_builder_column fusion-builder-column-1 fusion_builder_column_1_4 1_4 fusion-flex-column\" style=\"--awb-bg-size:cover;--awb-width-large:25%;--awb-margin-top-large:0px;--awb-spacing-right-large:3.84%;--awb-margin-bottom-large:20px;--awb-spacing-left-large:7.68%;--awb-width-medium:25%;--awb-spacing-right-medium:3.84%;--awb-spacing-left-medium:7.68%;--awb-width-small:100%;--awb-spacing-right-small:1.92%;--awb-spacing-left-small:1.92%;\"><div class=\"fusion-column-wrapper fusion-flex-justify-content-flex-start fusion-content-layout-column\"><div class=\"fusion-image-element \" style=\"--awb-caption-title-font-family:var(--h2_typography-font-family);--awb-caption-title-font-weight:var(--h2_typography-font-weight);--awb-caption-title-font-style:var(--h2_typography-font-style);--awb-caption-title-size:var(--h2_typography-font-size);--awb-caption-title-transform:var(--h2_typography-text-transform);--awb-caption-title-line-height:var(--h2_typography-line-height);--awb-caption-title-letter-spacing:var(--h2_typography-letter-spacing);\"><span class=\" fusion-imageframe imageframe-none imageframe-1 hover-type-none\" style=\"border-radius:50%;\"><img decoding=\"async\" width=\"200\" height=\"200\" alt=\"Helen Willems\" title=\"HelenWillemsJB18\" src=\"https:\/\/agripedia.ch\/jahresbericht2018\/wp-content\/uploads\/sites\/12\/2019\/04\/HelenWillemsJB18.jpg\" class=\"img-responsive wp-image-415\" srcset=\"https:\/\/agripedia.ch\/jahresbericht2018\/wp-content\/uploads\/sites\/12\/2019\/04\/HelenWillemsJB18-66x66.jpg 66w, https:\/\/agripedia.ch\/jahresbericht2018\/wp-content\/uploads\/sites\/12\/2019\/04\/HelenWillemsJB18-150x150.jpg 150w, https:\/\/agripedia.ch\/jahresbericht2018\/wp-content\/uploads\/sites\/12\/2019\/04\/HelenWillemsJB18.jpg 200w\" sizes=\"(max-width: 200px) 100vw, 200px\" \/><\/span><\/div><div class=\"fusion-text fusion-text-2\"><p><strong>Helen Willems<\/strong>, Dr. sc. ETH,<br \/>\nZ\u00fcrich, B\u00fcro Alpe \u2013 Beratung f\u00fcr die Alpwirtschaft<\/p>\n<\/div><\/div><\/div><div class=\"fusion-layout-column fusion_builder_column fusion-builder-column-2 fusion_builder_column_3_4 3_4 fusion-flex-column\" style=\"--awb-bg-size:cover;--awb-width-large:75%;--awb-margin-top-large:0px;--awb-spacing-right-large:2.56%;--awb-margin-bottom-large:20px;--awb-spacing-left-large:3.84%;--awb-width-medium:75%;--awb-spacing-right-medium:2.56%;--awb-spacing-left-medium:3.84%;--awb-width-small:100%;--awb-spacing-right-small:1.92%;--awb-spacing-left-small:1.92%;\"><div class=\"fusion-column-wrapper fusion-flex-justify-content-flex-start fusion-content-layout-column\"><div class=\"fusion-text fusion-text-3\"><p><strong>Wie sieht Ihre Zusammenarbeit mit der AGRIDEA aus? Was sch\u00e4tzen Sie daran?<\/strong><br \/>\nEs geht um die Aufarbeitung und Bereitstellung von Informationsmaterial zum Thema \u00abProblempflanzen auf Alpen\u00bb in digitaler Form. Ich sch\u00e4tze den konstruktiven Austausch, die Arbeit als gleichgestellte Partner und besonders die Produkte unserer Arbeit, die einen wichtigen Beitrag zum Wissenstransfer und zur nachhaltigen Alpbewirtschaftung leisten k\u00f6nnen.<\/p>\n<p><strong>Wo liegen die Vorteile eines internationalen Projekts wie \u00ab<a href=\"https:\/\/agripedia.ch\/jahresbericht2018\/catalogue\/projekt-digiplanalp\/\">DigiPlanAlp<\/a>\u00bb?<\/strong><br \/>\nDer Austausch von Informationen und Wissen findet st\u00e4rker \u00fcber die Landesgrenzen hinweg statt. Je mehr Erfahrungen wir aus den verschiedenen Alpenl\u00e4ndern zusammentragen k\u00f6nnen, desto h\u00f6her ist am Ende der Profit f\u00fcr die Alpwirtschaft.<\/p>\n<p><strong>Wie sehen Sie die Zukunft der Alpwirtschaft? Wo liegen die Herausforderungen, wo gibt es Potential?<\/strong><br \/>\nDank der nat\u00fcrlich wachsenden Alpvegetation k\u00f6nnen qualitativ besonders hochwertige Nahrungsmittel produziert werden. In der Gesellschaft scheint die Bereitschaft steigend, mehr Geld f\u00fcr nat\u00fcrlich und nachhaltig produzierte Nahrungsmittel auszugeben. Die Zukunft der Alpwirtschaft h\u00e4ngt jedoch vor allem von der Entwicklung der Agrarpolitik ab. Solange die Politik erkennt, welch wertvollen Beitrag die Alpwirtschaft f\u00fcr die Bereiche Landwirtschaft, Natur-, Kultur- und Landschaftsschutz, Jagd und Tourismus leisten kann, sehe ich die Zukunft der Alpwirtschaft positiv.<\/p>\n<\/div><div class=\"fusion-separator fusion-full-width-sep\" style=\"align-self: center;margin-left: auto;margin-right: auto;margin-bottom:1.3em;width:100%;\"><\/div><\/div><\/div><div class=\"fusion-layout-column fusion_builder_column fusion-builder-column-3 fusion_builder_column_1_4 1_4 fusion-flex-column\" style=\"--awb-bg-size:cover;--awb-width-large:25%;--awb-margin-top-large:0px;--awb-spacing-right-large:3.84%;--awb-margin-bottom-large:20px;--awb-spacing-left-large:7.68%;--awb-width-medium:25%;--awb-spacing-right-medium:3.84%;--awb-spacing-left-medium:7.68%;--awb-width-small:100%;--awb-spacing-right-small:1.92%;--awb-spacing-left-small:1.92%;\"><div class=\"fusion-column-wrapper fusion-flex-justify-content-flex-start fusion-content-layout-column\"><div class=\"fusion-image-element \" style=\"--awb-caption-title-font-family:var(--h2_typography-font-family);--awb-caption-title-font-weight:var(--h2_typography-font-weight);--awb-caption-title-font-style:var(--h2_typography-font-style);--awb-caption-title-size:var(--h2_typography-font-size);--awb-caption-title-transform:var(--h2_typography-text-transform);--awb-caption-title-line-height:var(--h2_typography-line-height);--awb-caption-title-letter-spacing:var(--h2_typography-letter-spacing);\"><span class=\" fusion-imageframe imageframe-none imageframe-2 hover-type-none\" style=\"border-radius:50%;\"><img decoding=\"async\" width=\"200\" height=\"200\" alt=\"Sonja Kay\" title=\"SonjaKayJB18\" src=\"https:\/\/agripedia.ch\/jahresbericht2018\/wp-content\/uploads\/sites\/12\/2019\/04\/SonjaKayJB18.jpg\" class=\"img-responsive wp-image-417\" srcset=\"https:\/\/agripedia.ch\/jahresbericht2018\/wp-content\/uploads\/sites\/12\/2019\/04\/SonjaKayJB18-66x66.jpg 66w, https:\/\/agripedia.ch\/jahresbericht2018\/wp-content\/uploads\/sites\/12\/2019\/04\/SonjaKayJB18-150x150.jpg 150w, https:\/\/agripedia.ch\/jahresbericht2018\/wp-content\/uploads\/sites\/12\/2019\/04\/SonjaKayJB18.jpg 200w\" sizes=\"(max-width: 200px) 100vw, 200px\" \/><\/span><\/div><div class=\"fusion-text fusion-text-4\"><p><strong>Sonja Kay<\/strong>, Dr. sc. nat.,<br \/>\nAgroscope, Forschungsgruppe Agrarlandschaft und Biodiversit\u00e4t<\/p>\n<\/div><\/div><\/div><div class=\"fusion-layout-column fusion_builder_column fusion-builder-column-4 fusion_builder_column_3_4 3_4 fusion-flex-column\" style=\"--awb-bg-size:cover;--awb-width-large:75%;--awb-margin-top-large:0px;--awb-spacing-right-large:2.56%;--awb-margin-bottom-large:20px;--awb-spacing-left-large:3.84%;--awb-width-medium:75%;--awb-spacing-right-medium:2.56%;--awb-spacing-left-medium:3.84%;--awb-width-small:100%;--awb-spacing-right-small:1.92%;--awb-spacing-left-small:1.92%;\"><div class=\"fusion-column-wrapper fusion-flex-justify-content-flex-start fusion-content-layout-column\"><div class=\"fusion-text fusion-text-5\"><p><strong>Wie haben Sie die Zusammenarbeit mit der AGRIDEA erfahren?<\/strong><br \/>\nDie Zusammenarbeit mit der AGRIDEA war angenehm, kooperativ und inspirierend. Mit Mareike J\u00e4ger, der Beraterin im <a href=\"https:\/\/agripedia.ch\/jahresbericht2018\/catalogue\/projekt-agroforst-netzwerk-schweiz\/\">Agroforst-Projekt<\/a>, hatte und habe ich einen sehr guten und regen fachlichen Austausch. Ich profitiere von ihrem \u00abgutem Draht\u00bb zur landwirtschaftlichen Praxis, den Agroforst-Pionieren, als Anlaufstelle und Pool f\u00fcr neue Ideen.<\/p>\n<p><strong>Welche St\u00e4rken zeichnen Ihrer Meinung nach die AGRIDEA aus?<\/strong><br \/>\nDas Agroforst-Beratungsprojekt stand einerseits im Zeichen der Sammlung von Praxis-Erfahrungen im direkten Austausch mit den Landwirtinnen und Landwirten, andererseits zum Transfer von Wissen und der Vorstellung neuer wissenschaftlicher Erkenntnisse. Die AGRIDEA hat dieses Bindeglied<br \/>\nzwischen landwirtschaftlicher Praxis, fachkundiger Beratung und wissenschaftlicher Forschung versiert und engagiert ausgef\u00fcllt und gezeigt, wie wertvoll diese interdisziplin\u00e4re Zusammenarbeit f\u00fcr alle Beteiligten ist.<\/p>\n<p><strong>Wo sehen Sie das grosse Potential f\u00fcr das Agroforstsystem in der Schweiz?<\/strong><br \/>\nF\u00fcr mich sind Agroforstsysteme zukunftsweisend, da sie hinsichtlich ihrer Produktions- und Umweltleistungen multifunktional sind und flexibel an die W\u00fcnsche der Landwirtin bzw. des Landwirts und des Produktionssystems angepasst werden k\u00f6nnen. Dar\u00fcber hinaus sehe ich ein sehr grosses Potential, mit Agroforstsystemen den Anforderungen des Klimawandels zu begegnen.<\/p>\n<\/div><div class=\"fusion-separator fusion-full-width-sep\" style=\"align-self: center;margin-left: auto;margin-right: auto;margin-bottom:1.3em;width:100%;\"><\/div><\/div><\/div><div class=\"fusion-layout-column fusion_builder_column fusion-builder-column-5 fusion_builder_column_1_4 1_4 fusion-flex-column\" style=\"--awb-bg-size:cover;--awb-width-large:25%;--awb-margin-top-large:0px;--awb-spacing-right-large:3.84%;--awb-margin-bottom-large:20px;--awb-spacing-left-large:7.68%;--awb-width-medium:25%;--awb-spacing-right-medium:3.84%;--awb-spacing-left-medium:7.68%;--awb-width-small:100%;--awb-spacing-right-small:1.92%;--awb-spacing-left-small:1.92%;\"><div class=\"fusion-column-wrapper fusion-flex-justify-content-flex-start fusion-content-layout-column\"><div class=\"fusion-image-element \" style=\"--awb-caption-title-font-family:var(--h2_typography-font-family);--awb-caption-title-font-weight:var(--h2_typography-font-weight);--awb-caption-title-font-style:var(--h2_typography-font-style);--awb-caption-title-size:var(--h2_typography-font-size);--awb-caption-title-transform:var(--h2_typography-text-transform);--awb-caption-title-line-height:var(--h2_typography-line-height);--awb-caption-title-letter-spacing:var(--h2_typography-letter-spacing);\"><span class=\" fusion-imageframe imageframe-none imageframe-3 hover-type-none\" style=\"border-radius:50%;\"><img decoding=\"async\" width=\"200\" height=\"200\" alt=\"Stefan Kohler\" title=\"StefanKohlerJB18\" src=\"https:\/\/agripedia.ch\/jahresbericht2018\/wp-content\/uploads\/sites\/12\/2019\/04\/StefanKohlerJB18.jpg\" class=\"img-responsive wp-image-419\" srcset=\"https:\/\/agripedia.ch\/jahresbericht2018\/wp-content\/uploads\/sites\/12\/2019\/04\/StefanKohlerJB18-66x66.jpg 66w, https:\/\/agripedia.ch\/jahresbericht2018\/wp-content\/uploads\/sites\/12\/2019\/04\/StefanKohlerJB18-150x150.jpg 150w, https:\/\/agripedia.ch\/jahresbericht2018\/wp-content\/uploads\/sites\/12\/2019\/04\/StefanKohlerJB18.jpg 200w\" sizes=\"(max-width: 200px) 100vw, 200px\" \/><\/span><\/div><div class=\"fusion-text fusion-text-6\"><p><strong>Stefan Kohler<\/strong>, Dr. Phil II,<br \/>\nGesch\u00e4ftsf\u00fchrer Branchenorganisation Milch<\/p>\n<\/div><\/div><\/div><div class=\"fusion-layout-column fusion_builder_column fusion-builder-column-6 fusion_builder_column_3_4 3_4 fusion-flex-column\" style=\"--awb-bg-size:cover;--awb-width-large:75%;--awb-margin-top-large:0px;--awb-spacing-right-large:2.56%;--awb-margin-bottom-large:20px;--awb-spacing-left-large:3.84%;--awb-width-medium:75%;--awb-spacing-right-medium:2.56%;--awb-spacing-left-medium:3.84%;--awb-width-small:100%;--awb-spacing-right-small:1.92%;--awb-spacing-left-small:1.92%;\"><div class=\"fusion-column-wrapper fusion-flex-justify-content-flex-start fusion-content-layout-column\"><div class=\"fusion-text fusion-text-7\"><p><strong>Wie sieht Ihre Zusammenarbeit mit der AGRIDEA aus? Was sch\u00e4tzen Sie daran?<\/strong><br \/>\nVon Zeit zu Zeit habe ich einen intensiven Austausch mit der AGRIDEA Lausanne. Insbesondere dann, wenn eine Publikation oder eine Tagung zum Milchmarkt ansteht. Ich sch\u00e4tze die herausragende Fachkompetenz und die angenehme Zusammenarbeit. In fachlicher Sicht sind wir uns nicht immer einig, was aber zu spannenden und lehrreichen Gespr\u00e4chen f\u00fchrt.<\/p>\n<p><strong>Welchen Nutzen bringt das Merkblatt \u00ab<a href=\"https:\/\/agripedia.ch\/jahresbericht2018\/catalogue\/projekt-wertverteilung-in-der-wertschoepfungskette-milch\/\">Wertsch\u00f6pfungskette Schweizer Milch<\/a>\u00bb f\u00fcr die betroffene Branche aus Ihrer Sicht?<\/strong><br \/>\nDas Merkblatt gibt einen hervorragenden \u00dcberblick \u00fcber unsere Branche. Wer immer von aussen kommt und einen ersten Eindruck unserer Strukturen gewinnen m\u00f6chte, wird von mir auf dieses Merkblatt verwiesen.<\/p>\n<p><strong>Die aktuellen Herausforderungen der Milchwirtschaft sind fast t\u00e4glich in den Medien. Reden wir \u00fcber das Positive: Wo sehen Sie das Potential?<\/strong><br \/>\nNun, dass die Milchwirtschaft oft in den Medien ist, ist nicht nur ein Nachteil: Milch ist als Teil der Schweizer Kultur ein Identifikationsprodukt. Das sollten wir nutzen, um die Unterst\u00fctzung der Gesellschaft f\u00fcr unsere Anliegen zu sichern. Das Potenzial liegt genau darin: Seit Jahrhunderten wird Schweizer Milch zu wertvollen Nahrungsmitteln verarbeitet und auch exportiert. Wo, wenn nicht mit der Milch sollen wir in der Zukunft unsere Landwirtschaft international absichern, wenn dereinst die Grenzen sich doch noch \u00f6ffnen sollten.<\/p>\n<\/div><\/div><\/div><\/div><\/div><\/p>\n","protected":false},"excerpt":{"rendered":"","protected":false},"author":3,"featured_media":0,"parent":0,"menu_order":0,"comment_status":"closed","ping_status":"closed","template":"","meta":{"_sb_is_suggestion_mode":false,"_sb_show_suggestion_boards":false,"_sb_show_comment_boards":false,"_sb_suggestion_history":"","_sb_update_block_changes":"","inline_featured_image":false,"_monsterinsights_skip_tracking":false,"_monsterinsights_sitenote_active":false,"_monsterinsights_sitenote_note":"","_monsterinsights_sitenote_category":0,"footnotes":""},"class_list":["post-10","page","type-page","status-publish","hentry"],"_links":{"self":[{"href":"https:\/\/agripedia.ch\/jahresbericht2018\/wp-json\/wp\/v2\/pages\/10","targetHints":{"allow":["GET"]}}],"collection":[{"href":"https:\/\/agripedia.ch\/jahresbericht2018\/wp-json\/wp\/v2\/pages"}],"about":[{"href":"https:\/\/agripedia.ch\/jahresbericht2018\/wp-json\/wp\/v2\/types\/page"}],"author":[{"embeddable":true,"href":"https:\/\/agripedia.ch\/jahresbericht2018\/wp-json\/wp\/v2\/users\/3"}],"replies":[{"embeddable":true,"href":"https:\/\/agripedia.ch\/jahresbericht2018\/wp-json\/wp\/v2\/comments?post=10"}],"version-history":[{"count":37,"href":"https:\/\/agripedia.ch\/jahresbericht2018\/wp-json\/wp\/v2\/pages\/10\/revisions"}],"predecessor-version":[{"id":1036,"href":"https:\/\/agripedia.ch\/jahresbericht2018\/wp-json\/wp\/v2\/pages\/10\/revisions\/1036"}],"wp:attachment":[{"href":"https:\/\/agripedia.ch\/jahresbericht2018\/wp-json\/wp\/v2\/media?parent=10"}],"curies":[{"name":"wp","href":"https:\/\/api.w.org\/{rel}","templated":true}]}}