{"id":36,"date":"2022-08-19T11:10:31","date_gmt":"2022-08-19T09:10:31","guid":{"rendered":"https:\/\/agripedia.ch\/greencare\/?page_id=36"},"modified":"2023-10-18T11:36:00","modified_gmt":"2023-10-18T09:36:00","slug":"mitgliederinfo","status":"publish","type":"page","link":"https:\/\/agripedia.ch\/greencare\/mitgliederinfo\/","title":{"rendered":"Mitgliederinfo"},"content":{"rendered":"<div class=\"fusion-fullwidth fullwidth-box fusion-builder-row-1 fusion-flex-container nonhundred-percent-fullwidth non-hundred-percent-height-scrolling\" style=\"--awb-border-radius-top-left:0px;--awb-border-radius-top-right:0px;--awb-border-radius-bottom-right:0px;--awb-border-radius-bottom-left:0px;--awb-flex-wrap:wrap;\" ><div class=\"fusion-builder-row fusion-row fusion-flex-align-items-flex-start fusion-flex-content-wrap\" style=\"max-width:1144px;margin-left: calc(-4% \/ 2 );margin-right: calc(-4% \/ 2 );\"><div class=\"fusion-layout-column fusion_builder_column fusion-builder-column-0 fusion_builder_column_1_1 1_1 fusion-flex-column\" style=\"--awb-bg-size:cover;--awb-width-large:100%;--awb-margin-top-large:0px;--awb-spacing-right-large:1.92%;--awb-margin-bottom-large:20px;--awb-spacing-left-large:1.92%;--awb-width-medium:100%;--awb-order-medium:0;--awb-spacing-right-medium:1.92%;--awb-spacing-left-medium:1.92%;--awb-width-small:100%;--awb-order-small:0;--awb-spacing-right-small:1.92%;--awb-spacing-left-small:1.92%;\"><div class=\"fusion-column-wrapper fusion-column-has-shadow fusion-flex-justify-content-flex-start fusion-content-layout-column\"><div class=\"fusion-title title fusion-title-1 fusion-sep-none fusion-title-text fusion-title-size-one\"><h1 class=\"fusion-title-heading title-heading-left fusion-responsive-typography-calculated\" style=\"margin:0;--fontSize:50;line-height:1.2;\">Mitgliederkategorien \/ Mitgliederbeitr\u00e4ge<\/h1><\/div><div class=\"fusion-text fusion-text-1\"><p>Die Mitgliederbeitr\u00e4ge sind je nach Wirkungsrayon der Mitgliedorganisationen abgestuft.<\/p>\n<\/div>\n<div class=\"table-1\">\n<table width=\"100%\">\n<thead>\n<tr>\n<th align=\"left\"><strong>Wirkungsrayon<\/strong><\/th>\n<th align=\"left\"><strong>Kategorie A Anbieter<\/strong><\/th>\n<th align=\"left\"><strong>Kategorie B Nachfrager<\/strong><\/th>\n<th align=\"left\"><strong>Kategorie C Supporter<\/strong><\/th>\n<\/tr>\n<\/thead>\n<tbody>\n<tr>\n<td align=\"left\"><strong>Nationale Organisation<\/strong><\/td>\n<td align=\"left\">1000<\/td>\n<td align=\"left\">1000<\/td>\n<td align=\"left\">800<\/td>\n<\/tr>\n<tr>\n<td align=\"left\"><strong>Regionale Organisation<\/strong><\/td>\n<td align=\"left\">800<\/td>\n<td align=\"left\">800<\/td>\n<td align=\"left\">500<\/td>\n<\/tr>\n<tr>\n<td align=\"left\"><strong>Lokale Organisation<\/strong><\/td>\n<td align=\"left\">500<\/td>\n<td align=\"left\">500<\/td>\n<td align=\"left\">300<\/td>\n<\/tr>\n<\/tbody>\n<\/table>\n<\/div>\n<div class=\"fusion-text fusion-text-2\"><p><strong>H\u00f6here Beitr\u00e4ge in Form von Spenden sind sehr willkommen, um die Aktivit\u00e4ten von Green Care Schweiz weiter zu st\u00e4rken!<\/strong><\/p>\n<\/div><div class=\"fusion-separator fusion-full-width-sep\" style=\"align-self: center;margin-left: auto;margin-right: auto;margin-top:10px;margin-bottom:10px;width:100%;\"><\/div><div class=\"fusion-text fusion-text-3\"><h3><strong>Wer kann der Dachorganisation beitreten<\/strong><\/h3>\n<ul>\n<li>Organisationen oder Institutionen, welche Dienstleistungen im Bereich anbieten oder in Anspruch nehmen, k\u00f6nnen Mitglied der Dachorganisation werden.<\/li>\n<li>Es gibt zus\u00e4tzlich die Kategorie Supporter. Diese ist f\u00fcr Organisationen oder Institutionen, welche sich f\u00fcr Green Care engagieren, jedoch weder Dienstleitungen anbieten oder beanspruchen.<\/li>\n<\/ul>\n<p><strong>Mitglied werden:<\/strong><\/p>\n<p>F\u00fcllen Sie das Anmeldeformular aus:<\/p>\n<p><a href=\"https:\/\/agripedia.ch\/greencare\/wp-content\/uploads\/sites\/48\/2023\/02\/Talon-Mitgliedschaft.docx\">Talon Mitgliedschaft<\/a><\/p>\n<\/div><div class=\"fusion-separator fusion-full-width-sep\" style=\"align-self: center;margin-left: auto;margin-right: auto;margin-top:10px;margin-bottom:10px;width:100%;\"><\/div><div class=\"fusion-text fusion-text-4\"><h2><strong>Lesen Sie \u00fcber die Aktivit\u00e4ten im Jahr 2023 in unseren Jahresberichten<\/strong><\/h2>\n<\/div><div class=\"fusion-separator fusion-full-width-sep\" style=\"align-self: center;margin-left: auto;margin-right: auto;margin-top:10px;margin-bottom:10px;width:100%;\"><\/div><div ><a class=\"fusion-button button-flat fusion-button-default-size button-green fusion-button-green button-1 fusion-button-default-span fusion-button-default-type\" target=\"_self\" href=\"https:\/\/agripedia.ch\/greencare\/wp-content\/uploads\/sites\/48\/2023\/10\/Rapport-annuel-de-la-commission-Qualite_Jean-Marc-Bovay_fr_de.docx\"><span class=\"fusion-button-text awb-button__text awb-button__text--default\">Jahresberichte Kommission Qualit\u00e4t<\/span><\/a><\/div><div class=\"fusion-separator fusion-full-width-sep\" style=\"align-self: center;margin-left: auto;margin-right: auto;margin-top:10px;margin-bottom:10px;width:100%;\"><\/div><div ><a class=\"fusion-button button-flat fusion-button-default-size button-green fusion-button-green button-2 fusion-button-default-span fusion-button-default-type\" target=\"_self\" href=\"https:\/\/agripedia.ch\/greencare\/wp-content\/uploads\/sites\/48\/2023\/10\/Jahresbericht_Kommission-Bildung_de.pdf\"><span class=\"fusion-button-text awb-button__text awb-button__text--default\">Jahresberichte Kommission Bildung<\/span><\/a><\/div><div class=\"fusion-separator fusion-full-width-sep\" style=\"align-self: center;margin-left: auto;margin-right: auto;margin-top:10px;margin-bottom:10px;width:100%;\"><\/div><div ><a class=\"fusion-button button-flat fusion-button-default-size button-green fusion-button-green button-3 fusion-button-default-span fusion-button-default-type\" target=\"_self\" href=\"https:\/\/agripedia.ch\/greencare\/wp-content\/uploads\/sites\/48\/2023\/10\/Jahresbericht-Kommission-Tarife_de_fr.pdf\"><span class=\"fusion-button-text awb-button__text awb-button__text--default\">Jahresberichte Kommission Tarife<\/span><\/a><\/div><div class=\"fusion-separator fusion-full-width-sep\" style=\"align-self: center;margin-left: auto;margin-right: auto;margin-top:10px;margin-bottom:10px;width:100%;\"><\/div><div ><a class=\"fusion-button button-flat fusion-button-default-size button-green fusion-button-green button-4 fusion-button-default-span fusion-button-default-type\" target=\"lightbox\" rel=\"iLightbox\" href=\"https:\/\/agripedia.ch\/greencare\/wp-content\/uploads\/sites\/48\/2023\/02\/Vereinsstatuten-Green-Care-Schweiz_DE.pdf\"><span class=\"fusion-button-text awb-button__text awb-button__text--default\">Statuten<\/span><\/a><\/div><div class=\"fusion-separator fusion-full-width-sep\" style=\"align-self: center;margin-left: auto;margin-right: auto;width:100%;\"><div class=\"fusion-separator-border sep-double\" style=\"--awb-height:20px;--awb-amount:20px;border-color:#e0dede;border-top-width:1px;border-bottom-width:1px;\"><\/div><\/div><\/div><\/div><\/div><\/div>\n","protected":false},"excerpt":{"rendered":"","protected":false},"author":234,"featured_media":0,"parent":0,"menu_order":0,"comment_status":"closed","ping_status":"closed","template":"","meta":{"_sb_is_suggestion_mode":false,"_sb_show_suggestion_boards":false,"_sb_show_comment_boards":false,"_sb_suggestion_history":"","_sb_update_block_changes":"","om_disable_all_campaigns":false,"_monsterinsights_skip_tracking":false,"_monsterinsights_sitenote_active":false,"_monsterinsights_sitenote_note":"","_monsterinsights_sitenote_category":0,"footnotes":""},"class_list":["post-36","page","type-page","status-publish","hentry"],"_links":{"self":[{"href":"https:\/\/agripedia.ch\/greencare\/wp-json\/wp\/v2\/pages\/36","targetHints":{"allow":["GET"]}}],"collection":[{"href":"https:\/\/agripedia.ch\/greencare\/wp-json\/wp\/v2\/pages"}],"about":[{"href":"https:\/\/agripedia.ch\/greencare\/wp-json\/wp\/v2\/types\/page"}],"author":[{"embeddable":true,"href":"https:\/\/agripedia.ch\/greencare\/wp-json\/wp\/v2\/users\/234"}],"replies":[{"embeddable":true,"href":"https:\/\/agripedia.ch\/greencare\/wp-json\/wp\/v2\/comments?post=36"}],"version-history":[{"count":32,"href":"https:\/\/agripedia.ch\/greencare\/wp-json\/wp\/v2\/pages\/36\/revisions"}],"predecessor-version":[{"id":230,"href":"https:\/\/agripedia.ch\/greencare\/wp-json\/wp\/v2\/pages\/36\/revisions\/230"}],"wp:attachment":[{"href":"https:\/\/agripedia.ch\/greencare\/wp-json\/wp\/v2\/media?parent=36"}],"curies":[{"name":"wp","href":"https:\/\/api.w.org\/{rel}","templated":true}]}}