{"id":89,"date":"2022-08-17T15:31:15","date_gmt":"2022-08-17T13:31:15","guid":{"rendered":"https:\/\/agripedia.ch\/greencare\/green-care-2\/"},"modified":"2023-10-18T13:33:44","modified_gmt":"2023-10-18T11:33:44","slug":"green-care","status":"publish","type":"page","link":"https:\/\/agripedia.ch\/greencare\/fr\/","title":{"rendered":"Green Care"},"content":{"rendered":"<p><div class=\"fusion-fullwidth fullwidth-box fusion-builder-row-1 fusion-flex-container nonhundred-percent-fullwidth non-hundred-percent-height-scrolling\" style=\"--awb-border-radius-top-left:0px;--awb-border-radius-top-right:0px;--awb-border-radius-bottom-right:0px;--awb-border-radius-bottom-left:0px;--awb-flex-wrap:wrap;\" ><div class=\"fusion-builder-row fusion-row fusion-flex-align-items-flex-start fusion-flex-content-wrap\" style=\"max-width:1144px;margin-left: calc(-4% \/ 2 );margin-right: calc(-4% \/ 2 );\"><div class=\"fusion-layout-column fusion_builder_column fusion-builder-column-0 fusion_builder_column_2_3 2_3 fusion-flex-column\" style=\"--awb-bg-size:cover;--awb-width-large:66.666666666667%;--awb-margin-top-large:0px;--awb-spacing-right-large:2.88%;--awb-margin-bottom-large:20px;--awb-spacing-left-large:2.88%;--awb-width-medium:100%;--awb-order-medium:0;--awb-spacing-right-medium:1.92%;--awb-spacing-left-medium:1.92%;--awb-width-small:100%;--awb-order-small:0;--awb-spacing-right-small:1.92%;--awb-spacing-left-small:1.92%;\"><div class=\"fusion-column-wrapper fusion-column-has-shadow fusion-flex-justify-content-flex-start fusion-content-layout-column\"><div class=\"fusion-image-element \" style=\"--awb-caption-title-font-family:var(--h2_typography-font-family);--awb-caption-title-font-weight:var(--h2_typography-font-weight);--awb-caption-title-font-style:var(--h2_typography-font-style);--awb-caption-title-size:var(--h2_typography-font-size);--awb-caption-title-transform:var(--h2_typography-text-transform);--awb-caption-title-line-height:var(--h2_typography-line-height);--awb-caption-title-letter-spacing:var(--h2_typography-letter-spacing);\"><span class=\" fusion-imageframe imageframe-none imageframe-1 hover-type-none\"><img decoding=\"async\" width=\"300\" height=\"120\" alt=\"Green Care Logo\" title=\"Green Care Logo\" src=\"https:\/\/agripedia.ch\/greencare\/wp-content\/uploads\/sites\/48\/2022\/08\/gc_logo_DE-300x120.jpg\" class=\"img-responsive wp-image-11\" srcset=\"https:\/\/agripedia.ch\/greencare\/wp-content\/uploads\/sites\/48\/2022\/08\/gc_logo_DE-200x80.jpg 200w, https:\/\/agripedia.ch\/greencare\/wp-content\/uploads\/sites\/48\/2022\/08\/gc_logo_DE-400x160.jpg 400w, https:\/\/agripedia.ch\/greencare\/wp-content\/uploads\/sites\/48\/2022\/08\/gc_logo_DE-600x240.jpg 600w, https:\/\/agripedia.ch\/greencare\/wp-content\/uploads\/sites\/48\/2022\/08\/gc_logo_DE-800x321.jpg 800w, https:\/\/agripedia.ch\/greencare\/wp-content\/uploads\/sites\/48\/2022\/08\/gc_logo_DE.jpg 1183w\" sizes=\"(max-width: 1024px) 100vw, (max-width: 640px) 100vw, 800px\" \/><\/span><\/div><\/div><\/div><div class=\"fusion-layout-column fusion_builder_column fusion-builder-column-1 fusion_builder_column_1_3 1_3 fusion-flex-column\" style=\"--awb-bg-size:cover;--awb-width-large:33.333333333333%;--awb-margin-top-large:0px;--awb-spacing-right-large:5.76%;--awb-margin-bottom-large:20px;--awb-spacing-left-large:5.76%;--awb-width-medium:100%;--awb-order-medium:0;--awb-spacing-right-medium:1.92%;--awb-spacing-left-medium:1.92%;--awb-width-small:100%;--awb-order-small:0;--awb-spacing-right-small:1.92%;--awb-spacing-left-small:1.92%;\"><div class=\"fusion-column-wrapper fusion-column-has-shadow fusion-flex-justify-content-flex-start fusion-content-layout-column\"><div class=\"fusion-content-boxes content-boxes columns row fusion-columns-1 fusion-columns-total-1 fusion-content-boxes-1 content-boxes-icon-with-title content-left agri-summary\" style=\"--awb-backgroundcolor:rgba(255,255,255,0.02);--awb-body-color:#686868;--awb-title-color:#005901;--awb-iconcolor:#000000;--awb-hover-accent-color:#cc0000;--awb-circle-hover-accent-color:transparent;--awb-item-margin-bottom:40px;\" data-animationOffset=\"top-into-view\"><div style=\"--awb-backgroundcolor:rgba(255,255,255,0.02);--awb-iconcolor:#000000;\" class=\"fusion-column content-box-column content-box-column content-box-column-1 col-lg-12 col-md-12 col-sm-12 fusion-content-box-hover content-box-column-last content-box-column-last-in-row\"><div class=\"col content-box-wrapper content-wrapper-background link-area-link-icon icon-hover-animation-none\" data-animationOffset=\"top-into-view\"><div class=\"heading icon-left\"><h2 class=\"content-box-heading fusion-responsive-typography-calculated\" style=\"--h2_typography-font-size:18px;--fontSize:18;line-height:1.5;\">Contenu<\/h2><\/div><div class=\"fusion-clearfix\"><\/div><div class=\"content-container\">\n<ul>\n<li><a title=\"Green Care\" href=\"https:\/\/agripedia.ch\/greencare\/fr\/\">Informations sur Green Care<\/a><\/li>\n<li><a href=\"https:\/\/agripedia.ch\/greencare\/fr\/mitgliederinfo\/\">Cat\u00e9gories et cotisations des membres et statuts<\/a><\/li>\n<li><a title=\"Mitarbeitende\" href=\"https:\/\/agripedia.ch\/greencare\/fr\/collaborateurs\/#comit\u00e9-directeur\">Le comit\u00e9 directeur <\/a><\/li>\n<li><a href=\"#contact\">Contact<\/a><\/li>\n<\/ul>\n<\/div><\/div><\/div><div class=\"fusion-clearfix\"><\/div><\/div><\/div><\/div><\/div><\/div><div class=\"fusion-fullwidth fullwidth-box fusion-builder-row-2 fusion-flex-container nonhundred-percent-fullwidth non-hundred-percent-height-scrolling\" style=\"--awb-border-radius-top-left:0px;--awb-border-radius-top-right:0px;--awb-border-radius-bottom-right:0px;--awb-border-radius-bottom-left:0px;--awb-flex-wrap:wrap;\" ><div class=\"fusion-builder-row fusion-row fusion-flex-align-items-flex-start fusion-flex-content-wrap\" style=\"max-width:1144px;margin-left: calc(-4% \/ 2 );margin-right: calc(-4% \/ 2 );\"><div class=\"fusion-layout-column fusion_builder_column fusion-builder-column-2 fusion_builder_column_1_1 1_1 fusion-flex-column\" style=\"--awb-bg-size:cover;--awb-width-large:100%;--awb-margin-top-large:0px;--awb-spacing-right-large:1.92%;--awb-margin-bottom-large:20px;--awb-spacing-left-large:1.92%;--awb-width-medium:100%;--awb-order-medium:0;--awb-spacing-right-medium:1.92%;--awb-spacing-left-medium:1.92%;--awb-width-small:100%;--awb-order-small:0;--awb-spacing-right-small:1.92%;--awb-spacing-left-small:1.92%;\"><div class=\"fusion-column-wrapper fusion-column-has-shadow fusion-flex-justify-content-flex-start fusion-content-layout-column\"><div class=\"fusion-text fusion-text-1\"><h2 class=\"x_MsoNormal\"><span lang=\"FR-CH\">Organisation fa\u00eeti\u00e8re Green Care Suisse<\/span><\/h2>\n<p class=\"x_MsoNormal\"><span lang=\"FR-CH\">Des \u00e9tudes r\u00e9centes et des contacts avec des organisations de placement qui remplissent des fonctions inclusives, th\u00e9rapeutiques, r\u00e9habilitatives et p\u00e9dagogiques dans l\u2019offre de care prouvent l\u2019int\u00e9r\u00eat croissant pour les services de prise en charge dans l\u2019environnement agricole. Pour les personnes prises en charge, la qualit\u00e9 se d\u00e9finit en particulier par le contexte de vie familial ainsi que par les activit\u00e9s dans et avec la nature.<\/span><\/p>\n<p>L\u2019organisation fa\u00eeti\u00e8re cr\u00e9\u00e9e en 2022 veut mettre en r\u00e9seau le secteur et renforcer l\u2019importance du travail de care dans le milieu agricole et rural. La mise en r\u00e9seau de l\u2019offre et de la demande dans le secteur du care proche de l\u2019agriculture et le d\u00e9veloppement de l\u2019offre doivent \u00eatre garantis.<\/p>\n<p>Les prestataires d\u2019offres dans le domaine du green care et les syst\u00e8mes sociaux, sanitaires et \u00e9conomiques deviennent des partenaires.<\/p>\n<\/div><div class=\"fusion-separator fusion-full-width-sep\" style=\"align-self: center;margin-left: auto;margin-right: auto;margin-top:10px;margin-bottom:10px;width:100%;\"><\/div><div class=\"fusion-separator fusion-full-width-sep\" style=\"align-self: center;margin-left: auto;margin-right: auto;margin-top:10px;margin-bottom:10px;width:100%;\"><\/div><div class=\"fusion-separator fusion-full-width-sep\" style=\"align-self: center;margin-left: auto;margin-right: auto;margin-top:10px;margin-bottom:10px;width:100%;\"><\/div><div class=\"fusion-text fusion-text-2\"><h2><strong>Situation de base<\/strong><\/h2>\n<p>En Suisse, la valeur des offres de green care est prouv\u00e9e par diff\u00e9rentes \u00e9tudes. Il manque toutefois une coordination nationale. Une organisation fa\u00eeti\u00e8re nationale renforce le domaine du Green Care et ainsi le lien entre la ville et la campagne. L\u2019agriculture rec\u00e8le le potentiel n\u00e9cessaire pour r\u00e9pondre \u00e0 la demande de services sociaux.<\/p>\n<h2><strong>Objectifs<\/strong><\/h2>\n<p>Pour que la valeur ajout\u00e9e reste dans le domaine agricole, une bonne mise en r\u00e9seau de la branche est indispensable. De m\u00eame, la valeur du travail de care dans et avec la nature doit \u00eatre renforc\u00e9e dans son importance. Le Green Care permet d\u2019apporter une contribution importante au d\u00e9veloppement des zones rurales. De nouvelles possibilit\u00e9s de revenus peuvent \u00eatre cr\u00e9\u00e9es pour les exploitations agricoles gr\u00e2ce \u00e0 la branche d\u2019exploitation \u00ab\u00a0Agriculture sociale\u00a0\u00bb, \u00e9galement dans les r\u00e9gions structurellement faibles.<\/p>\n<p>Les exploitations agricoles et les syst\u00e8mes sociaux, sanitaires et \u00e9conomiques deviennent des partenaires. L\u2019offre est professionnalis\u00e9e. La recherche de places d\u2019accueil sera simplifi\u00e9e pour les organisations de placement familial (OPF) et les personnes prises en charge.<\/p>\n<p>La nouvelle organisation fa\u00eeti\u00e8re Green Care Suisse doit assurer la mise en r\u00e9seau des prestataires et des demandeurs dans le secteur de la prise en charge et contribuer au d\u00e9veloppement de l\u2019offre.<\/p>\n<p>Gr\u00e2ce \u00e0 une meilleure visibilit\u00e9<\/p>\n<ul>\n<li>les entreprises seront renforc\u00e9es en tant que prestataires<\/li>\n<li>les offres vari\u00e9es sont mises en \u00e9vidence<\/li>\n<li>de nouvelles offres peuvent \u00eatre d\u00e9velopp\u00e9es<\/li>\n<li>le domaine du carefarming peut \u00eatre encore mieux document\u00e9 dans la science<\/li>\n<\/ul>\n<\/div><div class=\"fusion-separator fusion-full-width-sep\" style=\"align-self: center;margin-left: auto;margin-right: auto;margin-top:10px;margin-bottom:10px;width:100%;\"><\/div><div ><a class=\"fusion-button button-flat fusion-button-default-size button-green fusion-button-green button-1 fusion-button-default-span fusion-button-default-type\" target=\"_self\" href=\"https:\/\/agripedia.ch\/greencare\/wp-content\/uploads\/sites\/48\/2022\/09\/Taetigkeitsprogramm_de_fr-.pdf\"><span class=\"fusion-button-text awb-button__text awb-button__text--default\">Programme d\u2019activit\u00e9s <\/span><\/a><\/div><div class=\"fusion-separator fusion-full-width-sep\" style=\"align-self: center;margin-left: auto;margin-right: auto;margin-top:10px;margin-bottom:10px;width:100%;\"><\/div><div class=\"fusion-separator fusion-full-width-sep\" style=\"align-self: center;margin-left: auto;margin-right: auto;margin-top:10px;margin-bottom:10px;width:100%;\"><\/div><div class=\"fusion-text fusion-text-3\"><h2><strong>Avantages<\/strong><\/h2>\n<p>L\u2019\u00eatre humain et ses besoins individuels sont au centre de l\u2019attention, de m\u00eame que l\u2019exploitation agricole qui offre des activit\u00e9s qui ont du sens. A l\u2019\u00e9chelle de la Suisse, il manque cependant<\/p>\n<ul>\n<li>des normes claires et une harmonisation du syst\u00e8me de gestion de la qualit\u00e9<\/li>\n<li>pour les personnes priv\u00e9es, un conseil pour connaitre l\u2019\u00e9ventail des offres d\u2019accueil<\/li>\n<li>des fili\u00e8res de formations modulaires, sp\u00e9cifiques<\/li>\n<li>une plateforme, centralisant l\u2019offre et la demande<\/li>\n<li>des contrats-types et des listes de contr\u00f4le.<\/li>\n<\/ul>\n<p>Des structures claires sont cr\u00e9\u00e9es gr\u00e2ce \u00e0 des recommandations sectorielles. Ceci en premier lieu dans les domaines<\/p>\n<ul>\n<li>Finances et transparence des co\u00fbts<\/li>\n<li>Des conditions \u00e9quitables pour tous les participants<\/li>\n<li>Normes minimales<\/li>\n<li>S\u00e9curit\u00e9 juridique<\/li>\n<\/ul>\n<\/div><\/div><\/div><\/div><\/div><div class=\"fusion-fullwidth fullwidth-box fusion-builder-row-3 fusion-flex-container nonhundred-percent-fullwidth non-hundred-percent-height-scrolling\" style=\"--awb-border-radius-top-left:0px;--awb-border-radius-top-right:0px;--awb-border-radius-bottom-right:0px;--awb-border-radius-bottom-left:0px;--awb-flex-wrap:wrap;\" ><div class=\"fusion-builder-row fusion-row fusion-flex-align-items-flex-start fusion-flex-content-wrap\" style=\"max-width:1144px;margin-left: calc(-4% \/ 2 );margin-right: calc(-4% \/ 2 );\"><div class=\"fusion-layout-column fusion_builder_column fusion-builder-column-3 fusion_builder_column_1_1 1_1 fusion-flex-column\" style=\"--awb-bg-size:cover;--awb-width-large:100%;--awb-margin-top-large:0px;--awb-spacing-right-large:1.92%;--awb-margin-bottom-large:20px;--awb-spacing-left-large:1.92%;--awb-width-medium:100%;--awb-order-medium:0;--awb-spacing-right-medium:1.92%;--awb-spacing-left-medium:1.92%;--awb-width-small:100%;--awb-order-small:0;--awb-spacing-right-small:1.92%;--awb-spacing-left-small:1.92%;\"><div class=\"fusion-column-wrapper fusion-column-has-shadow fusion-flex-justify-content-flex-start fusion-content-layout-column\"><div class=\"fusion-title title fusion-title-1 fusion-sep-none fusion-title-text fusion-title-size-two\" id=\"contact\"><h2 class=\"fusion-title-heading title-heading-left fusion-responsive-typography-calculated\" style=\"margin:0;--fontSize:40;line-height:1.5;\">Renseignements compl\u00e9mentaires et informations<\/h2><\/div><div class=\"fusion-text fusion-text-4\"><p><strong>Simone Hunziker<\/strong>, AGRIDEA<br \/>\nResponsable de projet Fondation Green Care Suisse<br \/>\n<a href=\"mailto:simone.hunziker@agridea.ch\">simone.hunziker@agridea.ch<\/a><br \/>\n+41 52 354 97 17<\/p>\n<\/div><div class=\"fusion-separator fusion-full-width-sep\" style=\"align-self: center;margin-left: auto;margin-right: auto;margin-top:10px;margin-bottom:10px;width:100%;\"><\/div><div ><a class=\"fusion-button button-flat fusion-button-default-size button-green fusion-button-green button-2 fusion-button-default-span fusion-button-default-type\" target=\"_self\" href=\"https:\/\/agripedia.ch\/greencare\/wp-content\/uploads\/sites\/48\/2022\/09\/F-22__Poster-Green-Care.pdf\"><span class=\"fusion-button-text awb-button__text awb-button__text--default\">D\u00e9pliant \u00e0 t\u00e9l\u00e9charger<\/span><\/a><\/div><\/div><\/div><\/div><\/div><\/p>\n","protected":false},"excerpt":{"rendered":"","protected":false},"author":234,"featured_media":0,"parent":0,"menu_order":0,"comment_status":"closed","ping_status":"closed","template":"","meta":{"_sb_is_suggestion_mode":false,"_sb_show_suggestion_boards":false,"_sb_show_comment_boards":false,"_sb_suggestion_history":"","_sb_update_block_changes":"","om_disable_all_campaigns":false,"_monsterinsights_skip_tracking":false,"_monsterinsights_sitenote_active":false,"_monsterinsights_sitenote_note":"","_monsterinsights_sitenote_category":0,"footnotes":""},"class_list":["post-89","page","type-page","status-publish","hentry"],"_links":{"self":[{"href":"https:\/\/agripedia.ch\/greencare\/fr\/wp-json\/wp\/v2\/pages\/89","targetHints":{"allow":["GET"]}}],"collection":[{"href":"https:\/\/agripedia.ch\/greencare\/fr\/wp-json\/wp\/v2\/pages"}],"about":[{"href":"https:\/\/agripedia.ch\/greencare\/fr\/wp-json\/wp\/v2\/types\/page"}],"author":[{"embeddable":true,"href":"https:\/\/agripedia.ch\/greencare\/fr\/wp-json\/wp\/v2\/users\/234"}],"replies":[{"embeddable":true,"href":"https:\/\/agripedia.ch\/greencare\/fr\/wp-json\/wp\/v2\/comments?post=89"}],"version-history":[{"count":24,"href":"https:\/\/agripedia.ch\/greencare\/fr\/wp-json\/wp\/v2\/pages\/89\/revisions"}],"predecessor-version":[{"id":233,"href":"https:\/\/agripedia.ch\/greencare\/fr\/wp-json\/wp\/v2\/pages\/89\/revisions\/233"}],"wp:attachment":[{"href":"https:\/\/agripedia.ch\/greencare\/fr\/wp-json\/wp\/v2\/media?parent=89"}],"curies":[{"name":"wp","href":"https:\/\/api.w.org\/{rel}","templated":true}]}}