{"id":85,"date":"2022-03-03T16:29:17","date_gmt":"2022-03-03T15:29:17","guid":{"rendered":"https:\/\/agripedia.ch\/bergstallbau\/?page_id=85"},"modified":"2026-02-16T15:36:11","modified_gmt":"2026-02-16T14:36:11","slug":"jahrestagung","status":"publish","type":"page","link":"https:\/\/agripedia.ch\/forum-wasser-landwirtschaft\/jahrestagung\/","title":{"rendered":"Jahrestagung 2024"},"content":{"rendered":"\n<p>An der Jahrestagung vom 5. November 2024, die an der BFH-HAFL stattfand, nahmen 51 interessierte Personen teil. Am Vormittag wurde das Projekt ArroBroye aus Sicht eines Landwirtes, des Kantons Fribourg und eines Hydrologen vorgestellt. Nach dem Stehlunch zeigte uns das BAFU die Problematik der Erhebung der Wasserdaten auf, gefolgt von einem Vortrag zum Thema Schwammland von Emch&amp;Berger sowie der Wasseragenda21 zum Netzwerkaufbau dazu.<\/p>\n\n\n\n<p>Die Pr\u00e4sentationen dazu finden Sie hier:<\/p>\n\n\n\n<div class=\"wp-block-group agripedia-box is-layout-flow wp-block-group-is-layout-flow\">\n<div class=\"wp-block-group agripedia-box-header is-layout-flow wp-block-group-is-layout-flow\">\n<h4 class=\"wp-block-heading\" id=\"projekt-arrobroye-f4dfbd3c-6ccf-4177-a1dd-0474b2634317\">Projekt ArroBroye<\/h4>\n<\/div>\n\n\n\n<div class=\"wp-block-group agripedia-box-content is-layout-flow wp-block-group-is-layout-flow\">\n<p>Das Projekt ArroBroye umfasst das Einzugsgebiet der Broye mit Fokus auf die Bew\u00e4sserung.<\/p>\n\n\n\n<p>Fabrice Bersier, einer von ca. 200 Landwirten, stellte das Projekt und die einzelnen Schritte mit ihren Herausforderungen und Chancen vor. Dann zeigte&nbsp;Pascale Ribordy vom Kanton Fribourg auf, welche L\u00f6sungen m\u00f6glich w\u00e4ren, was sie auf wirtschaftlicher, \u00f6kologischer und sozialer Ebene bedeuten und welche Visionen der Kanton in Bezug auf das Wassermanagement f\u00fcr die Region hat.&nbsp;Fr\u00e9d\u00e9ric Jordan beendete den Themenzyklus mit einem Entwurf der Bew\u00e4sserungsstrategie des Kantons Fribourg und welchen Einfluss das Management der Seen im Einzugsgebiet der Broye auf die Wasserressourcen hat.<\/p>\n<\/div>\n\n\n\n<div class=\"wp-block-buttons is-layout-flex wp-block-buttons-is-layout-flex\">\n<div class=\"wp-block-button\"><a class=\"wp-block-button__link wp-element-button\" href=\"https:\/\/agripedia.ch\/wasserforum\/wp-content\/uploads\/sites\/64\/2025\/02\/BERSIE1.pdf\" target=\"_blank\" rel=\"noreferrer noopener\">Projekt ArroBroye: Herausforderungen und Chancen f\u00fcr die Landwirtschaft<\/a><\/div>\n\n\n\n<div class=\"wp-block-button\"><a class=\"wp-block-button__link wp-element-button\" href=\"https:\/\/agripedia.ch\/wasserforum\/wp-content\/uploads\/sites\/64\/2025\/02\/RIBORD1.pdf\" target=\"_blank\" rel=\"noreferrer noopener\">Bew\u00e4sserung in der Broye: Standpunkt der kantonalen Beh\u00f6rden FR<\/a><\/div>\n\n\n\n<div class=\"wp-block-button\"><a class=\"wp-block-button__link wp-element-button\" href=\"https:\/\/agripedia.ch\/wasserforum\/wp-content\/uploads\/sites\/64\/2025\/02\/JORDAN1.pdf\" target=\"_blank\" rel=\"noreferrer noopener\">Die drei Seen: Leer wegen neuer Bew\u00e4sserungsprojekten?<\/a><\/div>\n<\/div>\n<\/div>\n\n\n\n<div class=\"wp-block-group agripedia-box is-layout-flow wp-block-group-is-layout-flow\">\n<div class=\"wp-block-group agripedia-box-header is-layout-flow wp-block-group-is-layout-flow\">\n<h4 class=\"wp-block-heading\" id=\"schwammland-wasserretention-0c05fc0d-411c-4a93-a766-9a4384eb0e3e\">Schwammland &#8211; Wasserretention<\/h4>\n<\/div>\n\n\n\n<div class=\"wp-block-group agripedia-box-content is-layout-flow wp-block-group-is-layout-flow\">\n<p>Andreas Widmer von Emch&amp;Berger zeigte auf, was Schwammland bedeutet und wie man mit den dazugeh\u00f6rigen Methoden Wasser im Land und den B\u00f6den halten kann, damit es nicht ungenutzt abfliesst. Stefan Vollenweider von der Wasseragend21 stellte das Projekt Netzwerk Schwammland vor, das analog zum Netztwerk Schwammstadt aufgebaut werden soll.<\/p>\n\n\n\n<div class=\"wp-block-buttons is-layout-flex wp-block-buttons-is-layout-flex\">\n<div class=\"wp-block-button\"><a class=\"wp-block-button__link wp-element-button\" href=\"https:\/\/agripedia.ch\/wasserforum\/wp-content\/uploads\/sites\/64\/2025\/02\/Schwammland-Widmer_051124.pdf\" target=\"_blank\" rel=\"noreferrer noopener\">Schwammland<\/a><\/div>\n<\/div>\n\n\n\n<p><\/p>\n\n\n\n<div class=\"wp-block-buttons is-layout-flex wp-block-buttons-is-layout-flex\">\n<div class=\"wp-block-button\"><a class=\"wp-block-button__link wp-element-button\" href=\"https:\/\/agripedia.ch\/wasserforum\/wp-content\/uploads\/sites\/64\/2025\/02\/Schwammland-Vollenweider_051124.pdf\" target=\"_blank\" rel=\"noreferrer noopener\">Netzwerk Schwammland<\/a><\/div>\n<\/div>\n<\/div>\n<\/div>\n\n\n\n<div class=\"wp-block-group agripedia-box is-layout-flow wp-block-group-is-layout-flow\">\n<div class=\"wp-block-group agripedia-box-header is-layout-flow wp-block-group-is-layout-flow\">\n<h4 class=\"wp-block-heading\" id=\"wassernutzungsdaten-023fde67-5d88-468c-8f72-aeabe8e0c67e\">Wassernutzungsdaten<\/h4>\n<\/div>\n\n\n\n<div class=\"wp-block-group agripedia-box-content is-layout-flow wp-block-group-is-layout-flow\">\n<p>Das BAFU hat den Auftrag, Wassernutzungsdaten in der Landwirtschaft zu erheben, um den Wasserbedarf&nbsp; besser absch\u00e4tzen zu k\u00f6nnen. Petra Schmocker-Fackel zeigte auf, wo die Schwierigkeiten liegen. Verschiedene Projekte laufen, um die Datensammlung effizienter zu gestalten: Datenerfassung via Infrastruktur, Konzessionen und Nutzungsrechte in den Kantonen, erarbeiten und testen von digitalen Erhebungsmethoden sowie Modellierungen der Wassernutzung.<\/p>\n\n\n\n<div class=\"wp-block-buttons is-layout-flex wp-block-buttons-is-layout-flex\">\n<div class=\"wp-block-button\"><a class=\"wp-block-button__link wp-element-button\" href=\"https:\/\/agripedia.ch\/wasserforum\/wp-content\/uploads\/sites\/64\/2025\/02\/BAFU_P1.pdf\" target=\"_blank\" rel=\"noreferrer noopener\">Wassernutzungsdaten<\/a><\/div>\n<\/div>\n\n\n\n<p><\/p>\n<\/div>\n<\/div>\n","protected":false},"excerpt":{"rendered":"<p>An der Jahrestagung vom 5. November 2024, die an der BFH-HAFL stattfand, nahmen 51 interessierte Personen teil. Am Vormittag wurde das Projekt ArroBroye aus Sicht eines Landwirtes, des Kantons Fribourg und eines Hydrologen vorgestellt. Nach dem Stehlunch zeigte uns das BAFU die Problematik der Erhebung der Wasserdaten auf, gefolgt von einem Vortrag zum Thema Schwammland [&hellip;]<\/p>\n","protected":false},"author":234,"featured_media":0,"parent":0,"menu_order":0,"comment_status":"closed","ping_status":"closed","template":"","meta":{"_sb_is_suggestion_mode":false,"_sb_show_suggestion_boards":false,"_sb_show_comment_boards":false,"_sb_suggestion_history":"","_sb_update_block_changes":"","om_disable_all_campaigns":false,"advgb_blocks_editor_width":"","advgb_blocks_columns_visual_guide":"","_monsterinsights_skip_tracking":false,"_monsterinsights_sitenote_active":false,"_monsterinsights_sitenote_note":"","_monsterinsights_sitenote_category":0,"footnotes":""},"class_list":["post-85","page","type-page","status-publish","hentry"],"coauthors":[{"link":"https:\/\/agripedia.ch\/forum-wasser-landwirtschaft\/author\/dal0\/","display_name":"dal0"}],"author_meta":{"author_link":"https:\/\/agripedia.ch\/forum-wasser-landwirtschaft\/author\/dal0\/","display_name":"dal0"},"relative_dates":{"created":"Posted 4\u00a0Jahren ago","modified":"Updated 2\u00a0Monaten ago"},"absolute_dates":{"created":"Posted on M\u00e4rz 3, 2022","modified":"Updated on Februar 16, 2026"},"absolute_dates_time":{"created":"Posted on M\u00e4rz 3, 2022 16:29","modified":"Updated on Februar 16, 2026 15:36"},"featured_img_caption":"","featured_img":false,"series_order":"","_links":{"self":[{"href":"https:\/\/agripedia.ch\/forum-wasser-landwirtschaft\/wp-json\/wp\/v2\/pages\/85","targetHints":{"allow":["GET"]}}],"collection":[{"href":"https:\/\/agripedia.ch\/forum-wasser-landwirtschaft\/wp-json\/wp\/v2\/pages"}],"about":[{"href":"https:\/\/agripedia.ch\/forum-wasser-landwirtschaft\/wp-json\/wp\/v2\/types\/page"}],"author":[{"embeddable":true,"href":"https:\/\/agripedia.ch\/forum-wasser-landwirtschaft\/wp-json\/wp\/v2\/users\/234"}],"replies":[{"embeddable":true,"href":"https:\/\/agripedia.ch\/forum-wasser-landwirtschaft\/wp-json\/wp\/v2\/comments?post=85"}],"version-history":[{"count":63,"href":"https:\/\/agripedia.ch\/forum-wasser-landwirtschaft\/wp-json\/wp\/v2\/pages\/85\/revisions"}],"predecessor-version":[{"id":62036,"href":"https:\/\/agripedia.ch\/forum-wasser-landwirtschaft\/wp-json\/wp\/v2\/pages\/85\/revisions\/62036"}],"wp:attachment":[{"href":"https:\/\/agripedia.ch\/forum-wasser-landwirtschaft\/wp-json\/wp\/v2\/media?parent=85"}],"curies":[{"name":"wp","href":"https:\/\/api.w.org\/{rel}","templated":true}]}}