{"id":63015,"date":"2026-02-13T16:25:50","date_gmt":"2026-02-13T15:25:50","guid":{"rendered":"https:\/\/agripedia.ch\/forum-wasser-landwirtschaft\/?page_id=63015"},"modified":"2026-03-30T11:47:10","modified_gmt":"2026-03-30T09:47:10","slug":"wasserrecycling-wasserqualitaet","status":"publish","type":"page","link":"https:\/\/agripedia.ch\/forum-wasser-landwirtschaft\/wasserrecycling-wasserqualitaet\/","title":{"rendered":"Sensibilisierung der Bev\u00f6lkerung"},"content":{"rendered":"\n<p class=\"has-normal-font-size\">Hier finden Sie Informationen zu den Organisationen, die sich f\u00fcr die Sensibilisierung aller zum Thema Wasser einsetzen. Je mehr Wissen in der Bev\u00f6lkerung vorhanden ist, auch im Zusammenhang mit der Landwirtschaft, desto besser kann diese lebenswichtige Ressource gesch\u00fctzt und gerecht verteilt werden.<\/p>\n\n\n\n<div style=\"height:21px\" aria-hidden=\"true\" class=\"wp-block-spacer\"><\/div>\n\n\n\n<p class=\"has-normal-font-size\"><strong>Aqua viva:<\/strong> <a href=\"https:\/\/aquaviva.ch\/de\/engagement\/anwaeltin\" target=\"_blank\" rel=\"noreferrer noopener\">Anw\u00e4ltin der Gew\u00e4sser<\/a>, setzt sich f\u00fcr den Gew\u00e4sserschutz ein.<\/p>\n\n\n\n<p class=\"has-normal-font-size\"><strong>Netzwerk Schwammland:<\/strong> Das <a href=\"https:\/\/wa21.ch\/ueber-uns\/plattformen\/netzwerk-schwammland\/\" target=\"_blank\" rel=\"noreferrer noopener\">Netzwerk Schwammland<\/a> unterst\u00fctzt als Teil von Wasser-Agenda 21 eine wirkungsvolle Zusammenarbeit von Beh\u00f6rden, Praxis, Forschung und weiteren Akteuren im Bereich des klimaangepassten Wassermanagements im l\u00e4ndlichen Raum.\u00a0  <\/p>\n\n\n\n<p class=\"has-normal-font-size\"><strong>Schwammland.ch:<\/strong> <a href=\"https:\/\/schwammland.ch\/\" target=\"_blank\" rel=\"noreferrer noopener\">Gemeinsam zu lebendigen, schwammf\u00e4higen Landschaften<\/a>. Schwammland ist der zentrale Wissens- und Beteiligungsraum f\u00fcr naturbasierte Klimaanpassung im l\u00e4ndlichen Raum.<\/p>\n\n\n\n<p class=\"has-normal-font-size\"><strong>Wasseragenda 21:<\/strong> Forum und Netzwerk der Akteure der Schweizer Wasserwirtschaft. <a href=\"https:\/\/wa21.ch\/themen\/wasserwirtschaft\/leitbild\/\" target=\"_blank\" rel=\"noreferrer noopener\">Leitbild<\/a><\/p>\n\n\n\n<p class=\"has-normal-font-size\"><strong>Wassernetz.ch:<\/strong> <a href=\"https:\/\/www.wassernetz.ch\/\" target=\"_blank\" rel=\"noreferrer noopener\">Schweizer&nbsp;Bildungsnetzwerk&nbsp;zum Thema Wasser<\/a><\/p>\n\n\n\n<p class=\"has-normal-font-size\"><strong>Welt Wasser Bibliothek:<\/strong> Die <a href=\"https:\/\/www.weltwasserbibliothek.ch\/\" target=\"_blank\" rel=\"noreferrer noopener\">Welt Wasser Bibliothek<\/a> erlaubt es, mit allen Sinnen in die Welt des Wassers einzutauchen und seine Bedeutung zu erfassen. Sie verbindet Wissen mit Literatur und Kunst.<\/p>\n\n\n\n<hr class=\"wp-block-separator has-alpha-channel-opacity\"\/>\n\n\n\n<p class=\"has-normal-font-size\">Ihre Beitr\u00e4ge, Hinweise, Erg\u00e4nzungen, Anregungen und Kommentare nehmen wir gerne <a href=\"https:\/\/agripedia.ch\/forum-wasser-landwirtschaft\/kontakt\/\" target=\"_blank\" rel=\"noreferrer noopener\">hier <\/a>entgegen.<\/p>\n","protected":false},"excerpt":{"rendered":"<p>Hier finden Sie Informationen zu den Organisationen, die sich f\u00fcr die Sensibilisierung aller zum Thema Wasser einsetzen. Je mehr Wissen in der Bev\u00f6lkerung vorhanden ist, auch im Zusammenhang mit der Landwirtschaft, desto besser kann diese lebenswichtige Ressource gesch\u00fctzt und gerecht verteilt werden. Aqua viva: Anw\u00e4ltin der Gew\u00e4sser, setzt sich f\u00fcr den Gew\u00e4sserschutz ein. Netzwerk Schwammland: [&hellip;]<\/p>\n","protected":false},"author":234,"featured_media":63091,"parent":0,"menu_order":0,"comment_status":"closed","ping_status":"closed","template":"","meta":{"_sb_is_suggestion_mode":false,"_sb_show_suggestion_boards":false,"_sb_show_comment_boards":false,"_sb_suggestion_history":"","_sb_update_block_changes":"","om_disable_all_campaigns":false,"advgb_blocks_editor_width":"","advgb_blocks_columns_visual_guide":"","_monsterinsights_skip_tracking":false,"_monsterinsights_sitenote_active":false,"_monsterinsights_sitenote_note":"","_monsterinsights_sitenote_category":0,"footnotes":""},"class_list":["post-63015","page","type-page","status-publish","has-post-thumbnail","hentry"],"coauthors":[{"link":"https:\/\/agripedia.ch\/forum-wasser-landwirtschaft\/author\/dal0\/","display_name":"dal0"}],"author_meta":{"author_link":"https:\/\/agripedia.ch\/forum-wasser-landwirtschaft\/author\/dal0\/","display_name":"dal0"},"relative_dates":{"created":"Posted 2\u00a0Monaten ago","modified":"Updated 2\u00a0Wochen ago"},"absolute_dates":{"created":"Posted on Februar 13, 2026","modified":"Updated on M\u00e4rz 30, 2026"},"absolute_dates_time":{"created":"Posted on Februar 13, 2026 16:25","modified":"Updated on M\u00e4rz 30, 2026 11:47"},"featured_img_caption":"","featured_img":"https:\/\/agripedia.ch\/forum-wasser-landwirtschaft\/wp-content\/uploads\/sites\/64\/2026\/02\/Alpexkursion2-1200x900.jpg","series_order":"","_links":{"self":[{"href":"https:\/\/agripedia.ch\/forum-wasser-landwirtschaft\/wp-json\/wp\/v2\/pages\/63015","targetHints":{"allow":["GET"]}}],"collection":[{"href":"https:\/\/agripedia.ch\/forum-wasser-landwirtschaft\/wp-json\/wp\/v2\/pages"}],"about":[{"href":"https:\/\/agripedia.ch\/forum-wasser-landwirtschaft\/wp-json\/wp\/v2\/types\/page"}],"author":[{"embeddable":true,"href":"https:\/\/agripedia.ch\/forum-wasser-landwirtschaft\/wp-json\/wp\/v2\/users\/234"}],"replies":[{"embeddable":true,"href":"https:\/\/agripedia.ch\/forum-wasser-landwirtschaft\/wp-json\/wp\/v2\/comments?post=63015"}],"version-history":[{"count":22,"href":"https:\/\/agripedia.ch\/forum-wasser-landwirtschaft\/wp-json\/wp\/v2\/pages\/63015\/revisions"}],"predecessor-version":[{"id":64124,"href":"https:\/\/agripedia.ch\/forum-wasser-landwirtschaft\/wp-json\/wp\/v2\/pages\/63015\/revisions\/64124"}],"wp:featuredmedia":[{"embeddable":true,"href":"https:\/\/agripedia.ch\/forum-wasser-landwirtschaft\/wp-json\/wp\/v2\/media\/63091"}],"wp:attachment":[{"href":"https:\/\/agripedia.ch\/forum-wasser-landwirtschaft\/wp-json\/wp\/v2\/media?parent=63015"}],"curies":[{"name":"wp","href":"https:\/\/api.w.org\/{rel}","templated":true}]}}