{"id":62798,"date":"2026-01-30T17:57:09","date_gmt":"2026-01-30T16:57:09","guid":{"rendered":"https:\/\/agripedia.ch\/forum-wasser-landwirtschaft\/?page_id=62798"},"modified":"2026-03-19T14:15:08","modified_gmt":"2026-03-19T13:15:08","slug":"fragmentiertes-zweigholz","status":"publish","type":"page","link":"https:\/\/agripedia.ch\/forum-wasser-landwirtschaft\/fragmentiertes-zweigholz\/","title":{"rendered":"Fragmentiertes Zweigholz"},"content":{"rendered":"\n<p class=\"has-normal-font-size\">Hecken, aber auch andere Geh\u00f6lze, k\u00f6nnen fragmentiertes Zweigholz (FZH) liefern, also Holz, das kleiner als 8cm geh\u00e4ckselt wird. Werden Hecken auf d<mdspan datatext=\"el1773926095072\" class=\"mdspan-comment\">em Ackerland <\/mdspan>selber angepflanzt, kann ihr Schnitt gleich vor Ort zur Verbesserung der Bodenfunktion auf dem Acker verwendet werden.<\/p>\n\n\n\n<div style=\"height:21px\" aria-hidden=\"true\" class=\"wp-block-spacer\"><\/div>\n\n\n\n<p class=\"has-normal-font-size\"><strong>Literatur<\/strong><\/p>\n\n\n\n<p class=\"has-normal-font-size\">Gilli C. (Agroscope), G\u00fcnther V. (Amt f\u00fcr Landwirtschaft VS). 2012. <a href=\"https:\/\/agripedia.ch\/forum-wasser-landwirtschaft\/wp-content\/uploads\/sites\/64\/2026\/01\/Fragmentiertes-Zweigholz-Agroscope.pdf\" target=\"_blank\" rel=\"noreferrer noopener\">Fragmentiertes Zweigholz<\/a> (FZH). Merkblatt 1-08001.<\/p>\n\n\n\n<p class=\"has-normal-font-size\">Arminjon L., 2023. Fragmentiertes Zweigholz (FZH): <a href=\"https:\/\/agripedia.ch\/forum-wasser-landwirtschaft\/wp-content\/uploads\/sites\/64\/2026\/01\/Fragmentietres-Zweigholt-PPT-Vitival-2023.pdf\" target=\"_blank\" rel=\"noreferrer noopener\">Einsatz in der Schweizer Landwirtschaft<\/a>. Kanton Wallis und VITIVAL.<\/p>\n\n\n\n<p class=\"has-normal-font-size\">Fontana M., Bragazza L., Guillaume T., Elfouki S., Sinaj S., Agroscope. 2021. <a href=\"https:\/\/www.diegruene.ch\/artikel\/einsatz-von-fragmentiertem-zweigholz-im-ackerbau-389374\" target=\"_blank\" rel=\"noreferrer noopener\">Einsatz von fragmentiertem Zweigholz im Ackerbau<\/a>. Agroscope in Die Gr\u00fcne.<\/p>\n\n\n\n<div style=\"height:21px\" aria-hidden=\"true\" class=\"wp-block-spacer\"><\/div>\n\n\n\n<p class=\"has-normal-font-size\"><strong>Praxis-Tipp<\/strong><\/p>\n\n\n\n<ul class=\"wp-block-list\">\n<li class=\"has-normal-font-size\">Fragmentiertes Zweigholz schreddern statt h\u00e4ckseln<\/li>\n\n\n\n<li class=\"has-normal-font-size\">FZH in der Mitte nochmals aufspalten<\/li>\n\n\n\n<li class=\"has-normal-font-size\">feineres FZH hat eine h\u00f6here Wasseraufnahmef\u00e4higkeit<\/li>\n<\/ul>\n\n\n\n<div style=\"height:21px\" aria-hidden=\"true\" class=\"wp-block-spacer\"><\/div>\n\n\n\n<p>Bildquelle: L. Arminjon (Hepia)<\/p>\n\n\n\n<hr class=\"wp-block-separator has-alpha-channel-opacity\"\/>\n\n\n\n<p class=\"has-normal-font-size\">Ihre Beitr\u00e4ge, Hinweise, Erg\u00e4nzungen, Anregungen und Kommentare nehmen wir gerne <a href=\"https:\/\/agripedia.ch\/forum-wasser-landwirtschaft\/kontakt\/\" target=\"_blank\" rel=\"noreferrer noopener\">hier <\/a>entgegen.<\/p>\n","protected":false},"excerpt":{"rendered":"<p>Hecken, aber auch andere Geh\u00f6lze, k\u00f6nnen fragmentiertes Zweigholz (FZH) liefern, also Holz, das kleiner als 8cm geh\u00e4ckselt wird. Werden Hecken auf dem Ackerland selber angepflanzt, kann ihr Schnitt gleich vor Ort zur Verbesserung der Bodenfunktion auf dem Acker verwendet werden. Literatur Gilli C. (Agroscope), G\u00fcnther V. (Amt f\u00fcr Landwirtschaft VS). 2012. Fragmentiertes Zweigholz (FZH). Merkblatt [&hellip;]<\/p>\n","protected":false},"author":234,"featured_media":63213,"parent":0,"menu_order":0,"comment_status":"closed","ping_status":"closed","template":"","meta":{"_sb_is_suggestion_mode":false,"_sb_show_suggestion_boards":false,"_sb_show_comment_boards":false,"_sb_suggestion_history":"","_sb_update_block_changes":"","om_disable_all_campaigns":false,"advgb_blocks_editor_width":"","advgb_blocks_columns_visual_guide":"","_monsterinsights_skip_tracking":false,"_monsterinsights_sitenote_active":false,"_monsterinsights_sitenote_note":"","_monsterinsights_sitenote_category":0,"footnotes":""},"class_list":["post-62798","page","type-page","status-publish","has-post-thumbnail","hentry"],"coauthors":[{"link":"https:\/\/agripedia.ch\/forum-wasser-landwirtschaft\/author\/dal0\/","display_name":"dal0"}],"author_meta":{"author_link":"https:\/\/agripedia.ch\/forum-wasser-landwirtschaft\/author\/dal0\/","display_name":"dal0"},"relative_dates":{"created":"Posted 2\u00a0Monaten ago","modified":"Updated 3\u00a0Wochen ago"},"absolute_dates":{"created":"Posted on Januar 30, 2026","modified":"Updated on M\u00e4rz 19, 2026"},"absolute_dates_time":{"created":"Posted on Januar 30, 2026 17:57","modified":"Updated on M\u00e4rz 19, 2026 14:15"},"featured_img_caption":"","featured_img":"https:\/\/agripedia.ch\/forum-wasser-landwirtschaft\/wp-content\/uploads\/sites\/64\/2026\/02\/IMG_3211-1200x1600.jpg","series_order":"","_links":{"self":[{"href":"https:\/\/agripedia.ch\/forum-wasser-landwirtschaft\/wp-json\/wp\/v2\/pages\/62798","targetHints":{"allow":["GET"]}}],"collection":[{"href":"https:\/\/agripedia.ch\/forum-wasser-landwirtschaft\/wp-json\/wp\/v2\/pages"}],"about":[{"href":"https:\/\/agripedia.ch\/forum-wasser-landwirtschaft\/wp-json\/wp\/v2\/types\/page"}],"author":[{"embeddable":true,"href":"https:\/\/agripedia.ch\/forum-wasser-landwirtschaft\/wp-json\/wp\/v2\/users\/234"}],"replies":[{"embeddable":true,"href":"https:\/\/agripedia.ch\/forum-wasser-landwirtschaft\/wp-json\/wp\/v2\/comments?post=62798"}],"version-history":[{"count":20,"href":"https:\/\/agripedia.ch\/forum-wasser-landwirtschaft\/wp-json\/wp\/v2\/pages\/62798\/revisions"}],"predecessor-version":[{"id":63885,"href":"https:\/\/agripedia.ch\/forum-wasser-landwirtschaft\/wp-json\/wp\/v2\/pages\/62798\/revisions\/63885"}],"wp:featuredmedia":[{"embeddable":true,"href":"https:\/\/agripedia.ch\/forum-wasser-landwirtschaft\/wp-json\/wp\/v2\/media\/63213"}],"wp:attachment":[{"href":"https:\/\/agripedia.ch\/forum-wasser-landwirtschaft\/wp-json\/wp\/v2\/media?parent=62798"}],"curies":[{"name":"wp","href":"https:\/\/api.w.org\/{rel}","templated":true}]}}