{"id":62782,"date":"2026-01-30T17:44:27","date_gmt":"2026-01-30T16:44:27","guid":{"rendered":"https:\/\/agripedia.ch\/forum-wasser-landwirtschaft\/?page_id=62782"},"modified":"2026-03-19T15:42:16","modified_gmt":"2026-03-19T14:42:16","slug":"informationen-zu-wasserretention","status":"publish","type":"page","link":"https:\/\/agripedia.ch\/forum-wasser-landwirtschaft\/informationen-zu-wasserretention\/","title":{"rendered":"Informationen zu Wasserretention"},"content":{"rendered":"\n<p class=\"has-larger-font-size\"><strong>Massnahmensammlung<\/strong><\/p>\n\n\n\n<div class=\"wp-block-columns is-layout-flex wp-container-core-columns-is-layout-9d6595d7 wp-block-columns-is-layout-flex\">\n<div class=\"wp-block-column is-layout-flow wp-block-column-is-layout-flow\" style=\"flex-basis:66.66%\">\n<p class=\"has-normal-font-size\">bodenst\u00e4ndig. Die Praxisplattform f\u00fcr Boden- und Gew\u00e4sserschutz. <a href=\"https:\/\/boden-staendig.eu\/massnahmentypen\" target=\"_blank\" rel=\"noreferrer noopener\">Massnahmetypen<\/a>. Bayern, Deutschland. Abgerufen am 30.01.2026.<\/p>\n\n\n\n<p class=\"has-normal-font-size\">Natural Water Retention Measures&nbsp;(NWRM): <a href=\"https:\/\/www.nwrm.eu\/\" target=\"_blank\" rel=\"noreferrer noopener\">European<\/a> NWRM+ platform. Catalogue of <a href=\"https:\/\/www.nwrm.eu\/measures-catalogue\" target=\"_blank\" rel=\"noreferrer noopener\">NWRM<\/a>. <\/p>\n\n\n\n<p class=\"has-normal-font-size\">Netzwerk WasserAgri, 2022. <a href=\"https:\/\/www.wasser-retention.de\/massnahmen\" target=\"_blank\" rel=\"noreferrer noopener\">Massnahmen der Wasserretention<\/a>. Kontakt: Dr. Sassa Franke<\/p>\n\n\n\n<p class=\"has-normal-font-size\">WOCAT, 2026. The Global Database on <a href=\"https:\/\/qcat.wocat.net\/en\/wocat\/\" target=\"_blank\" rel=\"noreferrer noopener\">Sustainable Land management<\/a>. Abgerufen am 30.01.2026. Die Datenbasis zeigt 2502&nbsp;SLM Praktiken in 137 L\u00e4ndern.<\/p>\n<\/div>\n\n\n\n<div class=\"wp-block-column is-layout-flow wp-block-column-is-layout-flow\" style=\"flex-basis:33.33%\">    \n<div class=\"wp-block-agripedia-impressum\" >\n    \n    <div class=\"agripedia-box-header\">\n        <strong>Massnahmen im Projekt Slow water<\/strong>    <\/div>\n\n    <div class=\"agripedia-box-content\">\n        \n\n<p class=\"has-normal-font-size\">Im <a href=\"https:\/\/themes.agripedia.ch\/slow-water-wasseretention-im-kulturland\/\" target=\"_blank\" rel=\"noreferrer noopener\">Beratungsleitfaden <\/a>zum Ressourcenprojekt Slow water finden Sie eine detaillierte \u00dcbersicht \u00fcber hydrologische und bewirtschaftungstechnische Massnahmen zur Wasserretention inklusive Kosten, Nutzen und F\u00f6rderm\u00f6glichkeiten.<\/p>\n\n    <\/div>\n    \n<\/div><\/div>\n<\/div>\n\n\n\n<div style=\"height:21px\" aria-hidden=\"true\" class=\"wp-block-spacer\"><\/div>\n\n\n\n<p class=\"has-larger-font-size\"><strong>Projekte, Literatur, Videos, Podcasts<\/strong><\/p>\n\n\n\n<div style=\"height:21px\" aria-hidden=\"true\" class=\"wp-block-spacer\"><\/div>\n\n\n\n<p class=\"has-normal-font-size\"><strong>Deutsch<\/strong><\/p>\n\n\n\n<p class=\"has-normal-font-size\">Arriv\u00e9 E., AGIR (LID), 2025. \u00ab<a href=\"https:\/\/www.lid.ch\/artikel\/unsere-kulturen-brauchen-wasser-nicht-unbedingt-bewaesserung\" target=\"_blank\" rel=\"noreferrer noopener\">Unsere Kulturen brauchen Wasser, nicht unbedingt Bew\u00e4sserung<\/a>\u00bb.<\/p>\n\n\n\n<p class=\"has-normal-font-size\">Auerswald K., 2024. <a href=\"https:\/\/gesunder-boden.de\/wissens-beitrag\/1736877527553x605438870726115300\" target=\"_blank\" rel=\"noreferrer noopener\">Wissen &#8211; Das Wasser in der Landschaft halten<\/a>. IG gesunder Boden e.V.<\/p>\n\n\n\n<p class=\"has-normal-font-size\">Deutscher Verband f\u00fcr Landschaftspflege DVL, 2021. <a href=\"https:\/\/agripedia.ch\/forum-wasser-landwirtschaft\/wp-content\/uploads\/sites\/64\/2025\/12\/DVL-Publikation-Schriftenreihe-29_Verbesser.pdf\" target=\"_blank\" rel=\"noreferrer noopener\">Verbesserung des nat\u00fcrlichen Wasserr\u00fcckhaltes in der Agrarlandschaft. In: Landschaft als Lebensraum.<\/a> ISSN 2197-5876<\/p>\n\n\n\n<p class=\"has-normal-font-size\">Ebenrain-Zentrum f\u00fcr Landwirtschaft, Natur und Ern\u00e4hrung BL, lawa LU, 2024 \u2013 2031. \u00ab<a href=\"https:\/\/kanton.baselland.ch\/volkswirtschafts-und-gesundheitsdirektion\/landw-zentrum-ebenrain\/landwirtschaft\/slow-water\" target=\"_blank\" rel=\"noreferrer noopener\">Slow Water<\/a>\u00bb f\u00fcr unsere Kulturlandschaft.<\/p>\n\n\n\n<p class=\"has-normal-font-size\">ETHZ, 2024. <a href=\"https:\/\/jurapark-aargau.ch\/reallabor\" target=\"_blank\" rel=\"noreferrer noopener\">Reallabor Jurapark Aargau<\/a>. Projekt zu Wassermanagement, Klimaanpassung und Kreislaufwirtschaft.<\/p>\n\n\n\n<p class=\"has-normal-font-size\">Gerhardt P. und Franke S., 2025. <a href=\"https:\/\/www.oekom.de\/buch\/langsames-wasser-kuehlendes-gruen-9783987261282\" target=\"_blank\" rel=\"noreferrer noopener\">Langsames Wasser, k\u00fchlendes Gr\u00fcn<\/a>. Klimalandschaften mit Agroforst und Keyline Design als Weg aus der Klimakrise. Softcover, 256 Seiten. oekom verlag , M\u00fcnchen. ISBN: 978-3-98726-128-2<\/p>\n\n\n\n<p class=\"has-normal-font-size\">Klimaneutrale Landwirtschaft Graub\u00fcnden, Juni 2024. <a href=\"https:\/\/landwirtschaft-klima-wandel.podigee.io\/4-new-episode\" target=\"_blank\" rel=\"noreferrer noopener\">\u00abOhne Wasser kein Leben\u00bb<\/a> &#8211; Wassermanagement in Zeiten des Klimawandels. Podcast E03<\/p>\n\n\n\n<p class=\"has-normal-font-size\">Holzer Sepp, 2025. W\u00fcste oder Paradies. Von der Renaturierung bedrohter Landschaften. Holzer&#8217;sche Permakultur jetzt! 4. Auflage, 208 Seiten. ISBN 978-3-7020-1324-0<\/p>\n\n\n\n<p class=\"has-normal-font-size\">Kramer B., 2024. <a href=\"https:\/\/www.ardaudiothek.de\/episode\/urn:ard:publication:51607f9c33b20582\/\" target=\"_blank\" rel=\"noreferrer noopener\">D\u00fcrre in Europa &#8211; Doku \u00fcber nachhaltige Landwirtschaft in der Klimakrise<\/a>. Podcast mit Beispielen aus verschiedenen L\u00e4ndern (Spanien, \u00d6sterreich und Deutschland) und woran geforscht wird. z.B. Keyline Minute 29.30 &#8211; 36.36 <\/p>\n\n\n\n<p class=\"has-normal-font-size\">Liniger HP und Askrabic J., 2024. <a href=\"https:\/\/www.ufarevue.ch\/pflanzenbau\/warum-boeden-vor-hitze-zu-schuetzen-sind\" target=\"_blank\" rel=\"noreferrer noopener\">Warum B\u00f6den vor Hitze zu sch\u00fctzen sind<\/a>. UFA Revue 14.11.2024<\/p>\n\n\n\n<p class=\"has-normal-font-size\">Liniger HP und Askrabic J., 2024. <a href=\"https:\/\/www.youtube.com\/watch?v=2ScHBT3pSjY&amp;t=32s\" target=\"_blank\" rel=\"noreferrer noopener\">Regensimulator<\/a> \u2013 Starker Regen trifft auf unterschiedliche B\u00f6den. Video, UFA Revue<\/p>\n\n\n\n<p class=\"has-normal-font-size\">Liniger HP und Askrabic J., 2025. <a href=\"https:\/\/www.youtube.com\/watch?v=kbjKWBaEdXM\" target=\"_blank\" rel=\"noreferrer noopener\">Heisse Erde ist nicht &#8222;cool&#8220;<\/a>. Video, abgerufen am 30.01.2026<\/p>\n\n\n\n<p class=\"has-normal-font-size\">Oekologie &amp; Landbau 03\/2025. <a href=\"https:\/\/www.oekom.de\/ausgabe\/wasser-83058\" target=\"_blank\" rel=\"noreferrer noopener\">Wasser<\/a>.<\/p>\n\n\n\n<p class=\"has-normal-font-size\">Vogel H.J., 2025. So wird der Boden zum Schwamm. Der Acker als Wasserspeicher. <a href=\"https:\/\/www.oekom.de\/ausgabe\/wasser-83058\" target=\"_blank\" rel=\"noreferrer noopener\">Oekologie &amp; Landbau 03\/2025<\/a><\/p>\n\n\n\n<p class=\"has-normal-font-size\">Werdenberg N. K\u00e4ppeli-Wyss S., Meier C., 2025. <a href=\"https:\/\/agripedia.ch\/forum-wasser-landwirtschaft\/wp-content\/uploads\/sites\/64\/2026\/01\/FA_Werdenberg_med.pdf\" target=\"_blank\" rel=\"noreferrer noopener\">\u00abSchwammland\u00bb \u2013 ohne Puffer keine Zukunft<\/a>. AQUA &amp; GAS No 7+8\/2025<\/p>\n\n\n\n<p class=\"has-normal-font-size\">Werdenberg N., Widmer A., Honegger P., 2023. <a href=\"https:\/\/agripedia.ch\/forum-wasser-landwirtschaft\/wp-content\/uploads\/sites\/64\/2026\/02\/230621_Schwammland-Konzept_def-1.pdf\" target=\"_blank\" rel=\"noreferrer noopener\">Konzept Schwammland<\/a>. Naturbasierte L\u00f6sungen f\u00fcr Klimaschutz, Klimaanpassung, Wasserressourcenmanagement und Biodiversit\u00e4tsf\u00f6rderung in der Landschaft.<\/p>\n\n\n\n<p class=\"has-normal-font-size\">Widmer A., Werdenberg N., 2025. <a href=\"https:\/\/agripedia.ch\/forum-wasser-landwirtschaft\/wp-content\/uploads\/sites\/64\/2026\/01\/aqua-viva-2025-2-artikel-andreas-widmer-und-niels-werdenberg.pdf\" target=\"_blank\" rel=\"noreferrer noopener\">\u00abSchwammland\u00bb und die Rolle der Gew\u00e4sser<\/a>. aqua viva 2\/2025<\/p>\n\n\n\n<div style=\"height:14px\" aria-hidden=\"true\" class=\"wp-block-spacer\"><\/div>\n\n\n\n<p class=\"has-normal-font-size\"><strong>Englisch<\/strong><\/p>\n\n\n\n<p class=\"has-normal-font-size\">Ingham E., 2025. The Formation of Structure. <a href=\"https:\/\/www.soilfoodweb.com\/how-it-works\/#structure-formation\" target=\"_blank\" rel=\"noreferrer noopener\">How Living Soil Really Works<\/a>. Dr. Elaine&#8217;s SoilFoodWeb school.<\/p>\n\n\n\n<p class=\"has-normal-font-size\">SpongeScapes, 2026. <a href=\"https:\/\/www.spongescapes.eu\/sponge-studies\" target=\"_blank\" rel=\"noreferrer noopener\">Sponge studies<\/a>. 14 case studies in Europa.<\/p>\n\n\n\n<p class=\"has-normal-font-size\">SponeScapes, 2024. <a href=\"https:\/\/agripedia.ch\/forum-wasser-landwirtschaft\/wp-content\/uploads\/sites\/64\/2026\/01\/SpongeScapes_Policy-Brief-No.-1_From-Drainage-to-Water-Retention.pdf\" target=\"_blank\" rel=\"noreferrer noopener\">From Drainage to Water Retention<\/a>. Advancing a Paradigm Shift Towards Sponge Landscapes for Enhanced Climate Resilience. Policy Brief, September 2024. Keywords: Landmanagement, Schwammland, Boden, Wasser, Stakeholder<\/p>\n\n\n\n<p class=\"has-normal-font-size\">Water stories. <a href=\"https:\/\/www.waterstories.com\/stories?category=all\" target=\"_blank\" rel=\"noreferrer noopener\">Water cycle restoration<\/a>. Verschiedene Kurz-Videos zu Wasserkreislauf und Massnahmen.<\/p>\n\n\n\n<div style=\"height:21px\" aria-hidden=\"true\" class=\"wp-block-spacer\"><\/div>\n","protected":false},"excerpt":{"rendered":"<p>Massnahmensammlung bodenst\u00e4ndig. Die Praxisplattform f\u00fcr Boden- und Gew\u00e4sserschutz. Massnahmetypen. Bayern, Deutschland. Abgerufen am 30.01.2026. Natural Water Retention Measures&nbsp;(NWRM): European NWRM+ platform. Catalogue of NWRM. Netzwerk WasserAgri, 2022. Massnahmen der Wasserretention. Kontakt: Dr. Sassa Franke WOCAT, 2026. The Global Database on Sustainable Land management. Abgerufen am 30.01.2026. Die Datenbasis zeigt 2502&nbsp;SLM Praktiken in 137 L\u00e4ndern. Projekte, [&hellip;]<\/p>\n","protected":false},"author":234,"featured_media":62786,"parent":0,"menu_order":0,"comment_status":"closed","ping_status":"closed","template":"","meta":{"_sb_is_suggestion_mode":false,"_sb_show_suggestion_boards":false,"_sb_show_comment_boards":false,"_sb_suggestion_history":"","_sb_update_block_changes":"","om_disable_all_campaigns":false,"advgb_blocks_editor_width":"","advgb_blocks_columns_visual_guide":"","_monsterinsights_skip_tracking":false,"_monsterinsights_sitenote_active":false,"_monsterinsights_sitenote_note":"","_monsterinsights_sitenote_category":0,"footnotes":""},"class_list":["post-62782","page","type-page","status-publish","has-post-thumbnail","hentry"],"coauthors":[{"link":"https:\/\/agripedia.ch\/forum-wasser-landwirtschaft\/author\/dal0\/","display_name":"dal0"}],"author_meta":{"author_link":"https:\/\/agripedia.ch\/forum-wasser-landwirtschaft\/author\/dal0\/","display_name":"dal0"},"relative_dates":{"created":"Posted 2\u00a0Monaten ago","modified":"Updated 3\u00a0Wochen ago"},"absolute_dates":{"created":"Posted on Januar 30, 2026","modified":"Updated on M\u00e4rz 19, 2026"},"absolute_dates_time":{"created":"Posted on Januar 30, 2026 17:44","modified":"Updated on M\u00e4rz 19, 2026 15:42"},"featured_img_caption":"Slake test","featured_img":"https:\/\/agripedia.ch\/forum-wasser-landwirtschaft\/wp-content\/uploads\/sites\/64\/2026\/01\/20250128_161243-1200x900.jpg","series_order":"","_links":{"self":[{"href":"https:\/\/agripedia.ch\/forum-wasser-landwirtschaft\/wp-json\/wp\/v2\/pages\/62782","targetHints":{"allow":["GET"]}}],"collection":[{"href":"https:\/\/agripedia.ch\/forum-wasser-landwirtschaft\/wp-json\/wp\/v2\/pages"}],"about":[{"href":"https:\/\/agripedia.ch\/forum-wasser-landwirtschaft\/wp-json\/wp\/v2\/types\/page"}],"author":[{"embeddable":true,"href":"https:\/\/agripedia.ch\/forum-wasser-landwirtschaft\/wp-json\/wp\/v2\/users\/234"}],"replies":[{"embeddable":true,"href":"https:\/\/agripedia.ch\/forum-wasser-landwirtschaft\/wp-json\/wp\/v2\/comments?post=62782"}],"version-history":[{"count":38,"href":"https:\/\/agripedia.ch\/forum-wasser-landwirtschaft\/wp-json\/wp\/v2\/pages\/62782\/revisions"}],"predecessor-version":[{"id":63915,"href":"https:\/\/agripedia.ch\/forum-wasser-landwirtschaft\/wp-json\/wp\/v2\/pages\/62782\/revisions\/63915"}],"wp:featuredmedia":[{"embeddable":true,"href":"https:\/\/agripedia.ch\/forum-wasser-landwirtschaft\/wp-json\/wp\/v2\/media\/62786"}],"wp:attachment":[{"href":"https:\/\/agripedia.ch\/forum-wasser-landwirtschaft\/wp-json\/wp\/v2\/media?parent=62782"}],"curies":[{"name":"wp","href":"https:\/\/api.w.org\/{rel}","templated":true}]}}