{"id":62570,"date":"2025-12-22T16:10:41","date_gmt":"2025-12-22T15:10:41","guid":{"rendered":"https:\/\/agripedia.ch\/forum-wasser-landwirtschaft\/?page_id=62570"},"modified":"2025-12-22T16:10:44","modified_gmt":"2025-12-22T15:10:44","slug":"klimatische-trends","status":"publish","type":"page","link":"https:\/\/agripedia.ch\/forum-wasser-landwirtschaft\/klimatische-trends\/","title":{"rendered":"Klimatische Trends"},"content":{"rendered":"\n<p class=\"has-normal-font-size\">In Zukunft wird Wasser knapper, die Hitzeperioden l\u00e4nger und die Regenf\u00e4lle st\u00e4rker. Wie genau und wo zeigen die Trends von MeteoSchweiz im Projekt <a href=\"https:\/\/www.meteoschweiz.admin.ch\/ueber-uns\/forschung-und-zusammenarbeit\/projekte\/2023\/klima-ch2025.html\" target=\"_blank\" rel=\"noreferrer noopener\">Klima CH2025<\/a>. Dies hilft, fr\u00fchzeitig Massnahmen zu ergreifen, um grossen Sch\u00e4den vorzubeugen.<\/p>\n\n\n\n<p class=\"has-normal-font-size\">Das National Centre for Climate Services (<a href=\"https:\/\/www.nccs.admin.ch\/nccs\/de\/home.html\" target=\"_blank\" rel=\"noreferrer noopener\">NCCS<\/a>) koordiniert als Netzwerk des Bundes die Erarbeitung, B\u00fcndelung und Verbreitung von Klimadienstleistungen. Das Zentrum fungiert als Schnittstelle zwischen den Produzenten und Nutzern und stellt alle Wissensgrundlagen f\u00fcr die Anpassung an den Klimawandel bereit.<\/p>\n\n\n\n<p><\/p>\n","protected":false},"excerpt":{"rendered":"<p>In Zukunft wird Wasser knapper, die Hitzeperioden l\u00e4nger und die Regenf\u00e4lle st\u00e4rker. Wie genau und wo zeigen die Trends von MeteoSchweiz im Projekt Klima CH2025. Dies hilft, fr\u00fchzeitig Massnahmen zu ergreifen, um grossen Sch\u00e4den vorzubeugen. Das National Centre for Climate Services (NCCS) koordiniert als Netzwerk des Bundes die Erarbeitung, B\u00fcndelung und Verbreitung von Klimadienstleistungen. Das [&hellip;]<\/p>\n","protected":false},"author":234,"featured_media":0,"parent":0,"menu_order":0,"comment_status":"closed","ping_status":"closed","template":"","meta":{"_sb_is_suggestion_mode":false,"_sb_show_suggestion_boards":false,"_sb_show_comment_boards":false,"_sb_suggestion_history":"","_sb_update_block_changes":"","om_disable_all_campaigns":false,"advgb_blocks_editor_width":"","advgb_blocks_columns_visual_guide":"","_monsterinsights_skip_tracking":false,"_monsterinsights_sitenote_active":false,"_monsterinsights_sitenote_note":"","_monsterinsights_sitenote_category":0,"footnotes":""},"class_list":["post-62570","page","type-page","status-publish","hentry"],"coauthors":[{"link":"https:\/\/agripedia.ch\/forum-wasser-landwirtschaft\/author\/dal0\/","display_name":"dal0"}],"author_meta":{"author_link":"https:\/\/agripedia.ch\/forum-wasser-landwirtschaft\/author\/dal0\/","display_name":"dal0"},"relative_dates":{"created":"Posted 4\u00a0Monaten ago","modified":"Updated 4\u00a0Monaten ago"},"absolute_dates":{"created":"Posted on Dezember 22, 2025","modified":"Updated on Dezember 22, 2025"},"absolute_dates_time":{"created":"Posted on Dezember 22, 2025 16:10","modified":"Updated on Dezember 22, 2025 16:10"},"featured_img_caption":"","featured_img":false,"series_order":"","_links":{"self":[{"href":"https:\/\/agripedia.ch\/forum-wasser-landwirtschaft\/wp-json\/wp\/v2\/pages\/62570","targetHints":{"allow":["GET"]}}],"collection":[{"href":"https:\/\/agripedia.ch\/forum-wasser-landwirtschaft\/wp-json\/wp\/v2\/pages"}],"about":[{"href":"https:\/\/agripedia.ch\/forum-wasser-landwirtschaft\/wp-json\/wp\/v2\/types\/page"}],"author":[{"embeddable":true,"href":"https:\/\/agripedia.ch\/forum-wasser-landwirtschaft\/wp-json\/wp\/v2\/users\/234"}],"replies":[{"embeddable":true,"href":"https:\/\/agripedia.ch\/forum-wasser-landwirtschaft\/wp-json\/wp\/v2\/comments?post=62570"}],"version-history":[{"count":2,"href":"https:\/\/agripedia.ch\/forum-wasser-landwirtschaft\/wp-json\/wp\/v2\/pages\/62570\/revisions"}],"predecessor-version":[{"id":62572,"href":"https:\/\/agripedia.ch\/forum-wasser-landwirtschaft\/wp-json\/wp\/v2\/pages\/62570\/revisions\/62572"}],"wp:attachment":[{"href":"https:\/\/agripedia.ch\/forum-wasser-landwirtschaft\/wp-json\/wp\/v2\/media?parent=62570"}],"curies":[{"name":"wp","href":"https:\/\/api.w.org\/{rel}","templated":true}]}}