{"id":62289,"date":"2026-01-30T20:03:23","date_gmt":"2026-01-30T19:03:23","guid":{"rendered":"https:\/\/agripedia.ch\/forum-wasser-landwirtschaft\/?page_id=62289"},"modified":"2026-02-15T13:44:25","modified_gmt":"2026-02-15T12:44:25","slug":"drainagen","status":"publish","type":"page","link":"https:\/\/agripedia.ch\/forum-wasser-landwirtschaft\/drainagen\/","title":{"rendered":"Drainagen"},"content":{"rendered":"\n<p class=\"has-normal-font-size\">Viele Drainagen m\u00fcssen in den kommenden Jahren ersetzt werden. Heute besteht die M\u00f6glichkeit, diese intelligent (Stichwort smarte Drainage) zu gestalten. Smarte Drainagen sind&nbsp;unterirdische Entw\u00e4sserungssysteme in der Landwirtschaft, die mithilfe von Steuerungselementen&nbsp;wie Regelungssch\u00e4chten Wasser zur\u00fcckhalten oder abf\u00fchren k\u00f6nnen, um auf Ver\u00e4nderungen der Wetterbedingungen zu reagieren. Sie sind eine Anpassungsmassnahme an den Klimawandel, die dazu dient, bei \u00dcberschwemmungen Staun\u00e4sse zu vermeiden und bei Trockenheit das gespeicherte Wasser f\u00fcr die Pflanzen nutzbar zu machen, indem sie das nat\u00fcrliche Speicherpotenzial des Bodens erh\u00f6hen.&nbsp;<\/p>\n\n\n\n<div style=\"height:21px\" aria-hidden=\"true\" class=\"wp-block-spacer\"><\/div>\n\n\n\n<p class=\"has-normal-font-size\"><strong>Hier finden Sie allgemeine Informationen zum Thema Drainagen<\/strong>:<\/p>\n\n\n\n<p class=\"has-normal-font-size\">BLW, 2025. <a href=\"https:\/\/www.blw.admin.ch\/de\/wasserhaushalt-und-boden\" target=\"_blank\" rel=\"noreferrer noopener\">Wasserhaushalt und Boden<\/a>. Beitr\u00e4ge an Massnahmen im Bereich Wasserhaushalt und Boden.<\/p>\n\n\n\n<p class=\"has-normal-font-size\">FHNW, 2022. Einsatz von smarten Drainagen in der Nordwestschweiz, Projekt FHNW 2022-2027: <a href=\"https:\/\/so.ch\/fileadmin\/internet\/bjd\/bjd-afu\/01_Aktuell\/4_Vernehmlassungen\/22-12_REP_Oesch\/N6_Smarte_Drainagen_realisieren.pdf\" target=\"_blank\" rel=\"noreferrer noopener\">N6_Smarte_Drainagen_realisieren.pdf<\/a><\/p>\n\n\n\n<p class=\"has-normal-font-size\">Gramlich A., Stoll S., Aldrich A., Stamm C., Walter T., Volker Prasuhn V., 2018. <a href=\"https:\/\/agripedia.ch\/forum-wasser-landwirtschaft\/wp-content\/uploads\/sites\/64\/2026\/02\/Einfluesse-lw-Draunage-auf-Wasserhaushalt-Agroscope.pdf\" target=\"_blank\" rel=\"noreferrer noopener\">Einfl\u00fcsse landwirtschaftlicher Drainage auf den Wasserhaushalt, auf N\u00e4hrstofffl\u00fcsse<br>und Schadstoffaustrag<\/a>. Agroscope Science | Nr. 73 \/ November 2018<\/p>\n\n\n\n<p class=\"has-normal-font-size\">Gross A., Matera E., 2025. <a href=\"https:\/\/taz.de\/Wasserknappheit-in-Brandenburg\/!6106031\/?&amp;_hsenc=p2ANqtz-9r0YIwZzX_HgaxVRFex8we3Ffg8F_0REfz62O26rAQhI-XLcZLa1iKpElyWjdHw_BlKIaGbwcvcVIqJxJF8R97zJFxflAp2kn5mnBw7Ts9VGB5iLc&amp;_hsmi=118022690\" target=\"_blank\" rel=\"noreferrer noopener\">Wasserknappheit in Brandenburg: Stopfen gegen die D\u00fcrre.<\/a>  TAZ, Deutschland<\/p>\n\n\n\n<p class=\"has-normal-font-size\">LTZ, 2025. Potentiale von smarten <a href=\"https:\/\/agripedia.ch\/forum-wasser-landwirtschaft\/wp-content\/uploads\/sites\/64\/2026\/01\/BERICH1.pdf\" target=\"_blank\" rel=\"noreferrer noopener\">Drainagesteuerungen <\/a>im \u00f6kologischen Landbau in Baden-W\u00fcrttemberg. Machbarkeitstudie, Landwirtschaftliches Technologiezentrum. <\/p>\n\n\n\n<p class=\"has-normal-font-size\">NDR,  Juli 2025: <a href=\"https:\/\/www.ardmediathek.de\/video\/hallo-niedersachsen\/wassermanagement-smarte-drainagen-sollen-felder-retten\/ndr\/Y3JpZDovL25kci5kZS80NjU2NGRhNC1iMDdhLTRmMjgtYWM0NC0yNGMxMmYzM2U2MTI\" target=\"_blank\" rel=\"noreferrer noopener\">Wassermanagement: Smarte Drainagen sollen Felder retten<\/a>. Video verf\u00fcgbar bis 09.07.2027<\/p>\n\n\n\n<p class=\"has-normal-font-size\"><a href=\"https:\/\/www.zukunftsraumland.at\/netzwerk-zukunftsraum-land-jahreskonferenz-im-zeichen-der-ressource-wasser\/\" target=\"_blank\" rel=\"noreferrer noopener\">Netzwerk Zukunftsraum Land<\/a>, 2024. Ressource Wasser \u2013 <a href=\"https:\/\/youtu.be\/eOCIgD2HxOg\" target=\"_blank\" rel=\"noreferrer noopener\">Bew\u00e4sserungsanlage Spitzwies<\/a>, Gemeinden Waldkirchen, Rappolz, Waldhers. <br>Die Bew\u00e4sserungsgemeinschaft sammelt Wasser aus bestehenden Drainagesystemen beziehungsweise Niederschlagswasser, um es w\u00e4hrend der Vegetationsperiode zur Bew\u00e4sserung zu nutzen. Dadurch bleibt das Wasser in der Region. Zus\u00e4tzlich tr\u00e4gt die Wasserspeicherung zur Schonung der Grundwasserressourcen bei und die Speicherteiche schaffen zudem wertvolle Lebensr\u00e4ume f\u00fcr die heimische Flora und Fauna.<\/p>\n\n\n\n<p class=\"has-normal-font-size\">ProAgricultura, 2626. <a href=\"https:\/\/proagricultura.ch\/be-und-entwaesserung\/\" target=\"_blank\" rel=\"noreferrer noopener\">Projekte zur Be- und Entw\u00e4sserung<\/a>.<\/p>\n\n\n\n<p class=\"has-normal-font-size\">Spelzhausen L., Franke S., 2024. <a href=\"https:\/\/agripedia.ch\/forum-wasser-landwirtschaft\/wp-content\/uploads\/sites\/64\/2026\/01\/Kurzstudie-Entwaesserung-Brandenburg.pdf\" target=\"_blank\" rel=\"noreferrer noopener\">Drainagen, Entw\u00e4sserung und Wasserr\u00fcckhalt in der Brandenburger Landwirtschaft<\/a>. 1. Auflage, November 2024, Klimapraxis Paper #3, Berlin, DOI: 10.5281\/zenodo.14188186. Die Kurzstudie \u201cDrainagen, Entw\u00e4sserung und M\u00f6glichkeiten der Wasserr\u00fcckhaltung in der Brandenburger<br>Landbewirtschaftung\u201d ist entstanden im Projekt \u201eWasser auf den Fl\u00e4chen halten!\u201c der Klimapraxis.<\/p>\n\n\n\n<p class=\"has-normal-font-size\">Venuleo, S., Lebrenz, H., Staufer, P., 2022. <a href=\"https:\/\/irf.fhnw.ch\/entities\/publication\/bf83149a-0864-4996-9db2-dbfb182dd96d\" target=\"_blank\" rel=\"noreferrer noopener\">Machbarkeit von smarten Drainagen in bindigen B\u00f6den<\/a>.\u00a0Wasser und Abfall,\u00a024 (12), 18\u201322<br>Durch physikalische Modellversuche wurden die Grenzen und die grunds\u00e4tzliche Machbarkeit von smarten Drainagen in typischen Gel\u00e4ndesituationen der Nordwestschweiz und S\u00fcdbadens untersucht. Smarte Drainagen k\u00f6nnen nicht nur die Hochwasserspitzen reduzieren, sondern auch die Grundwasserspiegel anheben und die Niedrigwasserabfl\u00fcsse erh\u00f6hen.<\/p>\n\n\n\n<p class=\"has-normal-font-size\">VSA, 2023. Positionspapier des VSA zum <a href=\"https:\/\/agripedia.ch\/forum-wasser-landwirtschaft\/wp-content\/uploads\/sites\/64\/2026\/02\/Positionspapier-Umgang-mit-Drainagenetzen-DE.pdf\" target=\"_blank\" rel=\"noreferrer noopener\">Umgang mit sanierungsbed\u00fcrftigen Drainagenetzen<\/a>.<\/p>\n\n\n\n<hr class=\"wp-block-separator has-alpha-channel-opacity\"\/>\n\n\n\n<p class=\"has-normal-font-size\">Ihre Beitr\u00e4ge, Hinweise, Erg\u00e4nzungen, Anregungen und Kommentare nehmen wir gerne <a href=\"https:\/\/agripedia.ch\/forum-wasser-landwirtschaft\/kontakt\/\">hier <\/a>entgegen.<\/p>\n","protected":false},"excerpt":{"rendered":"<p>Viele Drainagen m\u00fcssen in den kommenden Jahren ersetzt werden. Heute besteht die M\u00f6glichkeit, diese intelligent (Stichwort smarte Drainage) zu gestalten. Smarte Drainagen sind&nbsp;unterirdische Entw\u00e4sserungssysteme in der Landwirtschaft, die mithilfe von Steuerungselementen&nbsp;wie Regelungssch\u00e4chten Wasser zur\u00fcckhalten oder abf\u00fchren k\u00f6nnen, um auf Ver\u00e4nderungen der Wetterbedingungen zu reagieren. Sie sind eine Anpassungsmassnahme an den Klimawandel, die dazu dient, bei [&hellip;]<\/p>\n","protected":false},"author":234,"featured_media":62181,"parent":0,"menu_order":0,"comment_status":"closed","ping_status":"closed","template":"","meta":{"_sb_is_suggestion_mode":false,"_sb_show_suggestion_boards":false,"_sb_show_comment_boards":false,"_sb_suggestion_history":"","_sb_update_block_changes":"","om_disable_all_campaigns":false,"advgb_blocks_editor_width":"","advgb_blocks_columns_visual_guide":"","_monsterinsights_skip_tracking":false,"_monsterinsights_sitenote_active":false,"_monsterinsights_sitenote_note":"","_monsterinsights_sitenote_category":0,"footnotes":""},"class_list":["post-62289","page","type-page","status-publish","has-post-thumbnail","hentry"],"coauthors":[{"link":"https:\/\/agripedia.ch\/forum-wasser-landwirtschaft\/author\/dal0\/","display_name":"dal0"}],"author_meta":{"author_link":"https:\/\/agripedia.ch\/forum-wasser-landwirtschaft\/author\/dal0\/","display_name":"dal0"},"relative_dates":{"created":"Posted 2\u00a0Monaten ago","modified":"Updated 2\u00a0Monaten ago"},"absolute_dates":{"created":"Posted on Januar 30, 2026","modified":"Updated on Februar 15, 2026"},"absolute_dates_time":{"created":"Posted on Januar 30, 2026 20:03","modified":"Updated on Februar 15, 2026 13:44"},"featured_img_caption":"","featured_img":"https:\/\/agripedia.ch\/forum-wasser-landwirtschaft\/wp-content\/uploads\/sites\/64\/2025\/11\/20250507_144732-1200x900.jpg","series_order":"","_links":{"self":[{"href":"https:\/\/agripedia.ch\/forum-wasser-landwirtschaft\/wp-json\/wp\/v2\/pages\/62289","targetHints":{"allow":["GET"]}}],"collection":[{"href":"https:\/\/agripedia.ch\/forum-wasser-landwirtschaft\/wp-json\/wp\/v2\/pages"}],"about":[{"href":"https:\/\/agripedia.ch\/forum-wasser-landwirtschaft\/wp-json\/wp\/v2\/types\/page"}],"author":[{"embeddable":true,"href":"https:\/\/agripedia.ch\/forum-wasser-landwirtschaft\/wp-json\/wp\/v2\/users\/234"}],"replies":[{"embeddable":true,"href":"https:\/\/agripedia.ch\/forum-wasser-landwirtschaft\/wp-json\/wp\/v2\/comments?post=62289"}],"version-history":[{"count":22,"href":"https:\/\/agripedia.ch\/forum-wasser-landwirtschaft\/wp-json\/wp\/v2\/pages\/62289\/revisions"}],"predecessor-version":[{"id":63263,"href":"https:\/\/agripedia.ch\/forum-wasser-landwirtschaft\/wp-json\/wp\/v2\/pages\/62289\/revisions\/63263"}],"wp:featuredmedia":[{"embeddable":true,"href":"https:\/\/agripedia.ch\/forum-wasser-landwirtschaft\/wp-json\/wp\/v2\/media\/62181"}],"wp:attachment":[{"href":"https:\/\/agripedia.ch\/forum-wasser-landwirtschaft\/wp-json\/wp\/v2\/media?parent=62289"}],"curies":[{"name":"wp","href":"https:\/\/api.w.org\/{rel}","templated":true}]}}