{"id":62030,"date":"2025-11-24T15:05:10","date_gmt":"2025-11-24T14:05:10","guid":{"rendered":"https:\/\/agripedia.ch\/forum-wasser-landwirtschaft\/?page_id=62030"},"modified":"2025-11-25T17:29:07","modified_gmt":"2025-11-25T16:29:07","slug":"jahrestagung-2025","status":"publish","type":"page","link":"https:\/\/agripedia.ch\/forum-wasser-landwirtschaft\/jahrestagung-2025\/","title":{"rendered":"Jahrestagung 2025"},"content":{"rendered":"\n<p><strong>Wassermanagement im Gem\u00fcsebau<\/strong><\/p>\n\n\n\n<p>An der Jahrestagung vom 13. November 2025, die an der BFH-HAFL stattfand, nahmen \u00fcber 70 interessierte Personen teil.<\/p>\n\n\n\n<p>Frau Prof. Dr. Jana Zinkernagel der Hochschule Geisenheim in Deutschland zeigte die Auswirkungen des Klimawandels auf die Bew\u00e4sserung ausgew\u00e4hlter Gem\u00fcsekulturen und zuk\u00fcnftige Optionen auf. <\/p>\n\n\n\n<div class=\"wp-block-buttons is-layout-flex wp-block-buttons-is-layout-flex\">\n<div class=\"wp-block-button\"><a class=\"wp-block-button__link wp-element-button\" href=\"https:\/\/agripedia.ch\/forum-wasser-landwirtschaft\/wp-content\/uploads\/sites\/64\/2025\/11\/1_2025-11-13-Wasserforum-CH-Zinkernagel_D-1.pdf\" target=\"_blank\" rel=\"noreferrer noopener\">Klimawandel und Bew\u00e4sserung im Gem\u00fcse<\/a><\/div>\n<\/div>\n\n\n\n<div style=\"height:11px\" aria-hidden=\"true\" class=\"wp-block-spacer\"><\/div>\n\n\n\n<p>Danach stellten drei Gem\u00fcseproduzenten ihren Umgang mit dem Wasser in der Gem\u00fcseproduktion vor. <\/p>\n\n\n\n<p>Roland Stoll von der Stoll Fr\u00e8res SA in Mathod legte den Schwerpunkt auf die Wasserverf\u00fcgbarkeit, das Bew\u00e4sserungssystem und die finanziellen und politischen H\u00fcrden. <\/p>\n\n\n\n<div class=\"wp-block-buttons is-layout-flex wp-block-buttons-is-layout-flex\">\n<div class=\"wp-block-button\"><a class=\"wp-block-button__link wp-element-button\" href=\"https:\/\/agripedia.ch\/forum-wasser-landwirtschaft\/wp-content\/uploads\/sites\/64\/2025\/11\/2_Stoll-Freres-Vortrag_Bewaesserung_D-1.pdf\" target=\"_blank\" rel=\"noreferrer noopener\">Bew\u00e4sserung: zuk\u00fcnftiger Bedarf f\u00fcr Gem\u00fcse<br>in der Schweiz<\/a><\/div>\n<\/div>\n\n\n\n<div style=\"height:10px\" aria-hidden=\"true\" class=\"wp-block-spacer\"><\/div>\n\n\n\n<p>Christoph Johner von Johner Gem\u00fcsebau sprach von seinen aktuellen und zuk\u00fcnftigen Herausforderungen in Bezug auf die Bew\u00e4sserung.<\/p>\n\n\n\n<div class=\"wp-block-buttons is-layout-flex wp-block-buttons-is-layout-flex\">\n<div class=\"wp-block-button\"><a class=\"wp-block-button__link wp-element-button\" href=\"https:\/\/agripedia.ch\/forum-wasser-landwirtschaft\/wp-content\/uploads\/sites\/64\/2025\/11\/3_2025_11_13_Vortrag-Christoph-Johner_D-1.pdf\" target=\"_blank\" rel=\"noreferrer noopener\">Wasser, das blaue Gold<\/a><\/div>\n<\/div>\n\n\n\n<div style=\"height:10px\" aria-hidden=\"true\" class=\"wp-block-spacer\"><\/div>\n\n\n\n<p>Bernhard H\u00e4nni, Betriebsleiter eines Biobetriebs in Noflen BE, \u00fcberzeugte mit dem Anbau mit regenerativen und bodenschonenden Arbeitsweisen, um die Wasserverf\u00fcgbarkeit f\u00fcr die Pflanzen zu optimieren.<\/p>\n\n\n\n<div class=\"wp-block-buttons is-layout-flex wp-block-buttons-is-layout-flex\">\n<div class=\"wp-block-button\"><a class=\"wp-block-button__link wp-element-button\" href=\"https:\/\/agripedia.ch\/forum-wasser-landwirtschaft\/wp-content\/uploads\/sites\/64\/2025\/11\/4_Tagung-Wassermanagement-Haenni_Noflen_2025_D-1.pdf\" target=\"_blank\" rel=\"noreferrer noopener\">Fokus regenerative und bodenschonende<br>Arbeitsweisen im Gem\u00fcsebau<\/a><\/div>\n<\/div>\n\n\n\n<div style=\"height:10px\" aria-hidden=\"true\" class=\"wp-block-spacer\"><\/div>\n\n\n\n<p>Nach dem Stehlunch stellten Fabia H\u00fcsler und Petra Schmocker-Fackel vom BAFU die Funktionsweise der Trockenheitsplattform und seiner Arbeit zur Erhebung der Wasserdaten sowie der nationalen Wassermanagementstrategie vor.<\/p>\n\n\n\n<div class=\"wp-block-buttons is-layout-flex wp-block-buttons-is-layout-flex\">\n<div class=\"wp-block-button\"><a class=\"wp-block-button__link wp-element-button\" href=\"https:\/\/agripedia.ch\/forum-wasser-landwirtschaft\/wp-content\/uploads\/sites\/64\/2025\/11\/5_Praesentation_Trockenheitsprogramm_Huesler_BAFU_13.11.25_D-1.pdf\" target=\"_blank\" rel=\"noreferrer noopener\">Trockenheitsplattform, Wassernutzungsdaten und Managementstrategie<\/a><\/div>\n<\/div>\n\n\n\n<div style=\"height:10px\" aria-hidden=\"true\" class=\"wp-block-spacer\"><\/div>\n\n\n\n<p>In drei Workshops konnten die Teilnehmenden mehr erfahren zu:<\/p>\n\n\n\n<div class=\"wp-block-buttons is-layout-flex wp-block-buttons-is-layout-flex\">\n<div class=\"wp-block-button\"><a class=\"wp-block-button__link wp-element-button\" href=\"https:\/\/agripedia.ch\/forum-wasser-landwirtschaft\/wp-content\/uploads\/sites\/64\/2025\/11\/Workshop-intelligente-Drainagen_20251113_PABE_Poster_D-1.pdf\" target=\"_blank\" rel=\"noreferrer noopener\">Intelligente Drainagen<\/a><\/div>\n\n\n\n<div class=\"wp-block-button\"><a class=\"wp-block-button__link wp-element-button\" href=\"https:\/\/agripedia.ch\/forum-wasser-landwirtschaft\/wp-content\/uploads\/sites\/64\/2025\/11\/Workshop_Grundwassermodellierung-brunner_kipfer_schillingDE-1.pdf\" target=\"_blank\" rel=\"noreferrer noopener\">Modellierung des Grundwassers<\/a><\/div>\n<\/div>\n\n\n\n<div style=\"height:20px\" aria-hidden=\"true\" class=\"wp-block-spacer\"><\/div>\n\n\n\n<div class=\"wp-block-buttons is-layout-flex wp-block-buttons-is-layout-flex\">\n<div class=\"wp-block-button\"><a class=\"wp-block-button__link wp-element-button\" href=\"https:\/\/agripedia.ch\/forum-wasser-landwirtschaft\/wp-content\/uploads\/sites\/64\/2025\/11\/Workshop_StrohmulchPoster_Jahrestagung_Forum-1.pdf\" target=\"_blank\" rel=\"noreferrer noopener\">Exaktversuch mit Strohmulch in Kartoffeln<\/a><\/div>\n<\/div>\n\n\n\n<div style=\"height:10px\" aria-hidden=\"true\" class=\"wp-block-spacer\"><\/div>\n\n\n\n<div class=\"wp-block-buttons is-layout-flex wp-block-buttons-is-layout-flex\">\n<div class=\"wp-block-button\"><a class=\"wp-block-button__link wp-element-button\" href=\"https:\/\/agripedia.ch\/forum-wasser-landwirtschaft\/wp-content\/uploads\/sites\/64\/2025\/11\/WORKSH4-1.pdf\" target=\"_blank\" rel=\"noreferrer noopener\">Einsatz von Strohmulch in<br>Fruchtfolgen mit Kartoffeln<\/a><\/div>\n\n\n\n<div class=\"wp-block-button\"><a class=\"wp-block-button__link wp-element-button\" href=\"https:\/\/agripedia.ch\/forum-wasser-landwirtschaft\/wp-content\/uploads\/sites\/64\/2025\/11\/Workshop_StrohmulchKABB_Jahrestagung_ForumWasser_20251113-1.pdf\" target=\"_blank\" rel=\"noreferrer noopener\">Biokartoffeln unter<br>Transfermulch<\/a><\/div>\n<\/div>\n\n\n\n<div style=\"height:20px\" aria-hidden=\"true\" class=\"wp-block-spacer\"><\/div>\n\n\n\n<div class=\"wp-block-buttons is-layout-flex wp-block-buttons-is-layout-flex\">\n<div class=\"wp-block-button\"><a class=\"wp-block-button__link wp-element-button\" href=\"https:\/\/agripedia.ch\/forum-wasser-landwirtschaft\/wp-content\/uploads\/sites\/64\/2025\/11\/Workshop_Bulletin_Bewaesserung_D-1.pdf\" target=\"_blank\" rel=\"noreferrer noopener\">Bew\u00e4sserungsbulletin<\/a><\/div>\n<\/div>\n\n\n\n<div style=\"height:10px\" aria-hidden=\"true\" class=\"wp-block-spacer\"><\/div>\n\n\n\n<p>Zum Abschluss stellte Laurent Maret vom Kanton Wallis sein Wassermanagement in der Landwirtschaft vor:<\/p>\n\n\n\n<div class=\"wp-block-buttons is-content-justification-left is-layout-flex wp-container-core-buttons-is-layout-45245d17 wp-block-buttons-is-layout-flex\">\n<div class=\"wp-block-button\"><a class=\"wp-block-button__link wp-element-button\" href=\"https:\/\/agripedia.ch\/forum-wasser-landwirtschaft\/wp-content\/uploads\/sites\/64\/2025\/11\/6_251113_Forum_Wasser_Wallis_D-1.pdf\" target=\"_blank\" rel=\"noreferrer noopener\">Wassermanagement in der Landwirtschaft im<br>Kanton Wallis: Strategie und Herausforderungen<\/a><\/div>\n<\/div>\n\n\n\n<div style=\"height:9px\" aria-hidden=\"true\" class=\"wp-block-spacer\"><\/div>\n\n\n\n<p>Valentin Comte von der FRIj stellte das Ressourcenprojekt &#8222;Klimalandwirtschaft \u00dcberdenken der landwirtschaftlichen Praktiken im Kontext der Klimavulnerabilit\u00e4t der Landwirtschaft im Jura und im Berner Jura&#8220; vor.<\/p>\n\n\n\n<div class=\"wp-block-buttons is-layout-flex wp-block-buttons-is-layout-flex\">\n<div class=\"wp-block-button\"><a class=\"wp-block-button__link wp-element-button\" href=\"https:\/\/agripedia.ch\/forum-wasser-landwirtschaft\/wp-content\/uploads\/sites\/64\/2025\/11\/7_Climagriculture-Forum-GestEauAgri_suppl_Abschluss_D-1.pdf\" target=\"_blank\" rel=\"noreferrer noopener\">Klimalandwirtschaft Ju und BE<\/a><\/div>\n<\/div>\n\n\n\n<div style=\"height:10px\" aria-hidden=\"true\" class=\"wp-block-spacer\"><\/div>\n\n\n\n<p>Informationen zum neuen F\u00f6rderangebot der Schweizer Hagel gibt es bei Bettina Koster und hier:<\/p>\n\n\n\n<div class=\"wp-block-buttons is-layout-flex wp-block-buttons-is-layout-flex\">\n<div class=\"wp-block-button\"><a class=\"wp-block-button__link wp-element-button\" href=\"https:\/\/agripedia.ch\/forum-wasser-landwirtschaft\/wp-content\/uploads\/sites\/64\/2025\/11\/8_HagelAdapt_Jahrestagung2025_D-1.pdf\" target=\"_blank\" rel=\"noreferrer noopener\">Hagel<em>adapt<\/em><\/a><\/div>\n<\/div>\n\n\n\n<div style=\"height:20px\" aria-hidden=\"true\" class=\"wp-block-spacer\"><\/div>\n\n\n\n<p>Herzlichen Dank an die Mitglieder des Vereins sowie den Sponsoren der Wissensplattform:<\/p>\n\n\n\n<div class=\"wp-block-buttons is-layout-flex wp-block-buttons-is-layout-flex\">\n<div class=\"wp-block-button\"><a class=\"wp-block-button__link wp-element-button\" href=\"https:\/\/agripedia.ch\/forum-wasser-landwirtschaft\/wp-content\/uploads\/sites\/64\/2025\/11\/9_Jahrestagung_Abschluss_Folien_D-1.pdf\" target=\"_blank\" rel=\"noreferrer noopener\">Mitglieder und Sponsoren<\/a><\/div>\n<\/div>\n\n\n\n<figure class=\"wp-block-image size-large\"><img loading=\"lazy\" decoding=\"async\" width=\"1024\" height=\"183\" src=\"https:\/\/agripedia.ch\/forum-wasser-landwirtschaft\/wp-content\/uploads\/sites\/64\/2025\/11\/Logo-3-Bunde-2-1024x183.png\" alt=\"\" class=\"wp-image-62109\" srcset=\"https:\/\/agripedia.ch\/forum-wasser-landwirtschaft\/wp-content\/uploads\/sites\/64\/2025\/11\/Logo-3-Bunde-2-1024x183.png 1024w, https:\/\/agripedia.ch\/forum-wasser-landwirtschaft\/wp-content\/uploads\/sites\/64\/2025\/11\/Logo-3-Bunde-2-300x54.png 300w, https:\/\/agripedia.ch\/forum-wasser-landwirtschaft\/wp-content\/uploads\/sites\/64\/2025\/11\/Logo-3-Bunde-2-768x137.png 768w, https:\/\/agripedia.ch\/forum-wasser-landwirtschaft\/wp-content\/uploads\/sites\/64\/2025\/11\/Logo-3-Bunde-2-1536x274.png 1536w, https:\/\/agripedia.ch\/forum-wasser-landwirtschaft\/wp-content\/uploads\/sites\/64\/2025\/11\/Logo-3-Bunde-2-2048x365.png 2048w, https:\/\/agripedia.ch\/forum-wasser-landwirtschaft\/wp-content\/uploads\/sites\/64\/2025\/11\/Logo-3-Bunde-2-1200x214.png 1200w, https:\/\/agripedia.ch\/forum-wasser-landwirtschaft\/wp-content\/uploads\/sites\/64\/2025\/11\/Logo-3-Bunde-2-1980x353.png 1980w\" sizes=\"auto, (max-width: 1024px) 100vw, 1024px\" \/><\/figure>\n","protected":false},"excerpt":{"rendered":"<p>Wassermanagement im Gem\u00fcsebau An der Jahrestagung vom 13. November 2025, die an der BFH-HAFL stattfand, nahmen \u00fcber 70 interessierte Personen teil. Frau Prof. Dr. Jana Zinkernagel der Hochschule Geisenheim in Deutschland zeigte die Auswirkungen des Klimawandels auf die Bew\u00e4sserung ausgew\u00e4hlter Gem\u00fcsekulturen und zuk\u00fcnftige Optionen auf. Danach stellten drei Gem\u00fcseproduzenten ihren Umgang mit dem Wasser in [&hellip;]<\/p>\n","protected":false},"author":234,"featured_media":0,"parent":0,"menu_order":0,"comment_status":"closed","ping_status":"closed","template":"","meta":{"_sb_is_suggestion_mode":false,"_sb_show_suggestion_boards":false,"_sb_show_comment_boards":false,"_sb_suggestion_history":"","_sb_update_block_changes":"","om_disable_all_campaigns":false,"advgb_blocks_editor_width":"","advgb_blocks_columns_visual_guide":"","_monsterinsights_skip_tracking":false,"_monsterinsights_sitenote_active":false,"_monsterinsights_sitenote_note":"","_monsterinsights_sitenote_category":0,"footnotes":""},"class_list":["post-62030","page","type-page","status-publish","hentry"],"coauthors":[{"link":"https:\/\/agripedia.ch\/forum-wasser-landwirtschaft\/author\/dal0\/","display_name":"dal0"}],"author_meta":{"author_link":"https:\/\/agripedia.ch\/forum-wasser-landwirtschaft\/author\/dal0\/","display_name":"dal0"},"relative_dates":{"created":"Posted 5\u00a0Monaten ago","modified":"Updated 5\u00a0Monaten ago"},"absolute_dates":{"created":"Posted on November 24, 2025","modified":"Updated on November 25, 2025"},"absolute_dates_time":{"created":"Posted on November 24, 2025 15:05","modified":"Updated on November 25, 2025 17:29"},"featured_img_caption":"","featured_img":false,"series_order":"","_links":{"self":[{"href":"https:\/\/agripedia.ch\/forum-wasser-landwirtschaft\/wp-json\/wp\/v2\/pages\/62030","targetHints":{"allow":["GET"]}}],"collection":[{"href":"https:\/\/agripedia.ch\/forum-wasser-landwirtschaft\/wp-json\/wp\/v2\/pages"}],"about":[{"href":"https:\/\/agripedia.ch\/forum-wasser-landwirtschaft\/wp-json\/wp\/v2\/types\/page"}],"author":[{"embeddable":true,"href":"https:\/\/agripedia.ch\/forum-wasser-landwirtschaft\/wp-json\/wp\/v2\/users\/234"}],"replies":[{"embeddable":true,"href":"https:\/\/agripedia.ch\/forum-wasser-landwirtschaft\/wp-json\/wp\/v2\/comments?post=62030"}],"version-history":[{"count":15,"href":"https:\/\/agripedia.ch\/forum-wasser-landwirtschaft\/wp-json\/wp\/v2\/pages\/62030\/revisions"}],"predecessor-version":[{"id":62165,"href":"https:\/\/agripedia.ch\/forum-wasser-landwirtschaft\/wp-json\/wp\/v2\/pages\/62030\/revisions\/62165"}],"wp:attachment":[{"href":"https:\/\/agripedia.ch\/forum-wasser-landwirtschaft\/wp-json\/wp\/v2\/media?parent=62030"}],"curies":[{"name":"wp","href":"https:\/\/api.w.org\/{rel}","templated":true}]}}