{"id":61976,"date":"2025-11-03T13:50:31","date_gmt":"2025-11-03T12:50:31","guid":{"rendered":"https:\/\/agripedia.ch\/forum-wasser-landwirtschaft\/?page_id=61976"},"modified":"2026-03-20T09:53:14","modified_gmt":"2026-03-20T08:53:14","slug":"schonende-bodenbearbeitung-2","status":"publish","type":"page","link":"https:\/\/agripedia.ch\/forum-wasser-landwirtschaft\/schonende-bodenbearbeitung-2\/","title":{"rendered":"Schonende Bodenbearbeitung"},"content":{"rendered":"\n<p class=\"has-normal-font-size\">Damit die Pflanzen vom Wasser, sei es als Regen oder als Bew\u00e4sserung, profitieren k\u00f6nnen, muss der Boden so beschaffen sein, dass er gen\u00fcgend Wasser aufnehmen, speichern und den Pflanzen abgeben kann. Eine schonende Bodenbearbeitung tr\u00e4gt dazu bei, dass der Boden nicht verdichtet wird, m\u00f6glichst nicht erodiert und die Bodenstruktur so aufgebaut ist, dass das Wasser gut infiltrieren kann.<\/p>\n\n\n\n<p class=\"has-normal-font-size\"><strong>Informationen:<\/strong><\/p>\n\n\n\n<ul class=\"wp-block-list\">\n<li class=\"has-normal-font-size\"><a href=\"https:\/\/themes.agripedia.ch\/schonende-bodenbearbeitung-im-ackerbau\/\" target=\"_blank\" rel=\"noreferrer noopener\">Schonende Bodenbearbeitung im Ackerbau<\/a><\/li>\n\n\n\n<li class=\"has-normal-font-size\">Massnahmenblatt <a href=\"https:\/\/themes.agripedia.ch\/agronomische-massnahmen\/#toc-2\" target=\"_blank\" rel=\"noreferrer noopener\">schonende Bodenbearbeitung<\/a> Slow water<\/li>\n\n\n\n<li class=\"has-normal-font-size\">Merkblatt <a href=\"https:\/\/shop.agridea.ch\/de\/produkt\/bodenverdichtung-vermeiden-so-funktionierts?von_suchresultat=true\" target=\"_blank\" rel=\"noreferrer noopener\">Bodenverdichtung<\/a><\/li>\n\n\n\n<li class=\"has-normal-font-size\"><a href=\"https:\/\/no-till.ch\/\" target=\"_blank\" rel=\"noreferrer noopener\">Swiss No-Till<\/a><\/li>\n\n\n\n<li class=\"has-normal-font-size\"><a href=\"https:\/\/www.turiel-dammkultur.com\/\" target=\"_blank\" rel=\"noreferrer noopener\">Turiel Dammkultur<\/a>. Die wichtigsten Dammeffekte.<\/li>\n\n\n\n<li class=\"has-normal-font-size\">Chervet A, Ramseier L, Sturny WG, 2006. <a href=\"https:\/\/no-till.ch\/wp-content\/uploads\/2023\/04\/Bodenwasser-bei-Direktsaat-und-Pflug.pdf\" target=\"_blank\" rel=\"noreferrer noopener\">Bodenwasser bei Direktsaat und Pflug<\/a>. Agrarforschung 13\/4<\/li>\n\n\n\n<li class=\"has-normal-font-size\">Keller T., Bickel S., Or D., 2026. <a href=\"https:\/\/www.agrarforschungschweiz.ch\/2026\/01\/unterbodenverdichtung-bei-direktsaat-vermeiden\/#links\" target=\"_blank\" rel=\"noreferrer noopener\">Unterbodenverdichtung bei Direktsaat vermeiden<\/a>. Originalartikel erschienen in PNAS. <a href=\"https:\/\/doi.org\/10.1073\/pnas.2515473122\" target=\"_blank\" rel=\"noreferrer noopener\">https:\/\/doi.org\/10.1073\/pnas.2515473122<\/a><\/li>\n<\/ul>\n\n\n\n<p class=\"has-normal-font-size\"><strong>Projekte<\/strong>:<\/p>\n\n\n\n<ul class=\"wp-block-list has-normal-font-size\">\n<li><a href=\"https:\/\/forschung.boku.ac.at\/de\/projects\/13156\" target=\"_blank\" rel=\"noreferrer noopener\">Projekt <\/a>Wassersparender Bio-Ackerbau in Ober\u00f6sterreich: <a href=\"https:\/\/www.zukunftsraumland.at\/medien\/podcasts\/\" target=\"_blank\" rel=\"noreferrer noopener\">Podcast Nr. 5<\/a><\/li>\n<\/ul>\n\n\n\n<ul class=\"wp-block-list has-normal-font-size\">\n<li>Projekt <a href=\"https:\/\/www.optero-kartoffel.at\/versuchsvarianten\/\" target=\"_blank\" rel=\"noreferrer noopener\">Optero<\/a>: <strong>Opt<\/strong>imierung des&nbsp;<strong>Ero<\/strong>sionsschutzes im Kartoffelbau, \u00d6sterreich. <a href=\"https:\/\/www.zukunftsraumland.at\/medien\/podcasts\/\" target=\"_blank\" rel=\"noreferrer noopener\">Podcast Nr. 4<\/a><\/li>\n<\/ul>\n\n\n\n<p class=\"has-normal-font-size\"><strong>Praxis<\/strong>:<\/p>\n\n\n\n<ul class=\"wp-block-list has-normal-font-size\">\n<li>Gantenbein S., 2025. <a href=\"https:\/\/www.ufarevue.ch\/betriebsfuehrung\/beleben-statt-versichern\" target=\"_blank\" rel=\"noreferrer noopener\">Das Ernterisiko tr\u00e4gt der Boden<\/a>. Bodenleben f\u00f6rdern anstatt versichern. UFA Revue, 06.03.2025<\/li>\n<\/ul>\n\n\n\n<ul class=\"wp-block-list has-normal-font-size\">\n<li>Praxisbeispiel <a href=\"https:\/\/www.hoflabor.ch\/\" target=\"_blank\" rel=\"noreferrer noopener\">Hoflabor<\/a>, Mosaiklandschaft, Streifenanbau, Mulch, Controlled Traffic Farming (CTF)<\/li>\n<\/ul>\n","protected":false},"excerpt":{"rendered":"<p>Damit die Pflanzen vom Wasser, sei es als Regen oder als Bew\u00e4sserung, profitieren k\u00f6nnen, muss der Boden so beschaffen sein, dass er gen\u00fcgend Wasser aufnehmen, speichern und den Pflanzen abgeben kann. Eine schonende Bodenbearbeitung tr\u00e4gt dazu bei, dass der Boden nicht verdichtet wird, m\u00f6glichst nicht erodiert und die Bodenstruktur so aufgebaut ist, dass das Wasser [&hellip;]<\/p>\n","protected":false},"author":234,"featured_media":62246,"parent":0,"menu_order":0,"comment_status":"closed","ping_status":"closed","template":"","meta":{"_sb_is_suggestion_mode":false,"_sb_show_suggestion_boards":false,"_sb_show_comment_boards":false,"_sb_suggestion_history":"","_sb_update_block_changes":"","om_disable_all_campaigns":false,"advgb_blocks_editor_width":"","advgb_blocks_columns_visual_guide":"","_monsterinsights_skip_tracking":false,"_monsterinsights_sitenote_active":false,"_monsterinsights_sitenote_note":"","_monsterinsights_sitenote_category":0,"footnotes":""},"class_list":["post-61976","page","type-page","status-publish","has-post-thumbnail","hentry"],"coauthors":[{"link":"https:\/\/agripedia.ch\/forum-wasser-landwirtschaft\/author\/dal0\/","display_name":"dal0"}],"author_meta":{"author_link":"https:\/\/agripedia.ch\/forum-wasser-landwirtschaft\/author\/dal0\/","display_name":"dal0"},"relative_dates":{"created":"Posted 5\u00a0Monaten ago","modified":"Updated 3\u00a0Wochen ago"},"absolute_dates":{"created":"Posted on November 3, 2025","modified":"Updated on M\u00e4rz 20, 2026"},"absolute_dates_time":{"created":"Posted on November 3, 2025 13:50","modified":"Updated on M\u00e4rz 20, 2026 9:53"},"featured_img_caption":"","featured_img":"https:\/\/agripedia.ch\/forum-wasser-landwirtschaft\/wp-content\/uploads\/sites\/64\/2025\/11\/Geohobel_Cavin-1200x900.jpg","series_order":"","_links":{"self":[{"href":"https:\/\/agripedia.ch\/forum-wasser-landwirtschaft\/wp-json\/wp\/v2\/pages\/61976","targetHints":{"allow":["GET"]}}],"collection":[{"href":"https:\/\/agripedia.ch\/forum-wasser-landwirtschaft\/wp-json\/wp\/v2\/pages"}],"about":[{"href":"https:\/\/agripedia.ch\/forum-wasser-landwirtschaft\/wp-json\/wp\/v2\/types\/page"}],"author":[{"embeddable":true,"href":"https:\/\/agripedia.ch\/forum-wasser-landwirtschaft\/wp-json\/wp\/v2\/users\/234"}],"replies":[{"embeddable":true,"href":"https:\/\/agripedia.ch\/forum-wasser-landwirtschaft\/wp-json\/wp\/v2\/comments?post=61976"}],"version-history":[{"count":19,"href":"https:\/\/agripedia.ch\/forum-wasser-landwirtschaft\/wp-json\/wp\/v2\/pages\/61976\/revisions"}],"predecessor-version":[{"id":64023,"href":"https:\/\/agripedia.ch\/forum-wasser-landwirtschaft\/wp-json\/wp\/v2\/pages\/61976\/revisions\/64023"}],"wp:featuredmedia":[{"embeddable":true,"href":"https:\/\/agripedia.ch\/forum-wasser-landwirtschaft\/wp-json\/wp\/v2\/media\/62246"}],"wp:attachment":[{"href":"https:\/\/agripedia.ch\/forum-wasser-landwirtschaft\/wp-json\/wp\/v2\/media?parent=61976"}],"curies":[{"name":"wp","href":"https:\/\/api.w.org\/{rel}","templated":true}]}}