{"id":61665,"date":"2025-11-27T14:49:53","date_gmt":"2025-11-27T13:49:53","guid":{"rendered":"https:\/\/agripedia.ch\/forum-wasser-landwirtschaft\/?page_id=61665"},"modified":"2026-03-19T15:59:34","modified_gmt":"2026-03-19T14:59:34","slug":"wasserstrategien","status":"publish","type":"page","link":"https:\/\/agripedia.ch\/forum-wasser-landwirtschaft\/wasserstrategien\/","title":{"rendered":"Wasserstrategien"},"content":{"rendered":"\n<p class=\"has-larger-font-size\"><strong>Der Bund<\/strong><\/p>\n\n\n\n<p class=\"has-normal-font-size\">Der <strong>Bund <\/strong>hat keine einzelne, umfassende &#8222;Wasserstrategie&#8220; f\u00fcr die Schweiz, sondern verfolgt Wasserziele im Rahmen verschiedener Strategien und Initiativen, darunter die Agenda 2030, die Strategie Biodiversit\u00e4t und das aktuelle Wassermanagement. Wichtige Aspekte sind die verbesserte Datenbasis zum Wasserangebot und -verbrauch, das Management von Wasserknappheit, der Schutz der aquatischen Lebensr\u00e4ume und die F\u00f6rderung eines nachhaltigen Wassermanagements in den Kantonen (Wasserversorgungssicherheit und Wassermanagement &#8211; <a href=\"https:\/\/agripedia.ch\/forum-wasser-landwirtschaft\/wp-content\/uploads\/sites\/64\/2026\/01\/Bunderat_2022_Wasserversorgungssicher.pdf\" target=\"_blank\" rel=\"noreferrer noopener\">Grundlagenbericht, 2021<\/a>).<\/p>\n\n\n\n<p class=\"has-normal-font-size\">Wichtige Ziele und Massnahmen des Bundes<\/p>\n\n\n\n<ul class=\"wp-block-list\">\n<li class=\"has-normal-font-size\"><strong>Daten und Wissen:<\/strong>&nbsp;Der Bund erhebt bessere Daten zum Wasserangebot und -verbrauch.&nbsp;Ein neues Fr\u00fcherkennungs- und Warnsystem f\u00fcr Trockenheit wurde lanciert, um Situationen beobachten und vorhersagen zu k\u00f6nnen.&nbsp;<\/li>\n\n\n\n<li class=\"has-normal-font-size\"><strong>Wassermanagement:<\/strong>\n<ul class=\"wp-block-list\">\n<li>Der Bund unterst\u00fctzt die Kantone, die f\u00fcr die Umsetzung zust\u00e4ndig sind, und stellt Praxisgrundlagen zur Verf\u00fcgung, um mit Wasserknappheit umzugehen.&nbsp;<\/li>\n\n\n\n<li>Einige Kantone haben eigene Wasserstrategien, die in Zusammenarbeit mit dem Bund entwickelt werden und Nutzungs- und Schutzinteressen ber\u00fccksichtigen.&nbsp;<\/li>\n<\/ul>\n<\/li>\n\n\n\n<li class=\"has-normal-font-size\"><strong>Klimaschutz und Biodiversit\u00e4t:<\/strong>\n<ul class=\"wp-block-list\">\n<li>Die&nbsp;<a href=\"https:\/\/www.bafu.admin.ch\/bafu\/de\/home\/themen\/biodiversitaet\/biodiversitaetspolitik\/strategie-biodiversitaet-schweiz-und-aktionsplan.html\" target=\"_blank\" rel=\"noreferrer noopener\">Strategie Biodiversit\u00e4t Schweiz<\/a>&nbsp;zielt darauf ab, terrestrische und aquatische Lebensr\u00e4ume zu erhalten und zu vernetzen.&nbsp;<\/li>\n\n\n\n<li>Der Bund erarbeitet wissenschaftliche Grundlagen, wie beispielsweise Klimafolgenmodelle, um die Auswirkungen des Klimawandels auf die Wasserressourcen zu bew\u00e4ltigen.&nbsp;<\/li>\n<\/ul>\n<\/li>\n\n\n\n<li class=\"has-normal-font-size\"><strong>Internationale Zusammenarbeit:<\/strong>&nbsp;Der Bund arbeitet bei Programmen zum Sektor \u00fcbergreifenden Wassermanagement in internationalen Einzugsgebieten mit und unterst\u00fctzt EU-Mitgliedstaaten bei der Umsetzung der EU-Wasserrahmenrichtlinie.&nbsp;<\/li>\n\n\n\n<li class=\"has-normal-font-size\"><strong>Abwasser und Pflanzenschutz:<\/strong>\n<ul class=\"wp-block-list\">\n<li>Die Eintr\u00e4ge von Pflanzenschutzmitteln in Gew\u00e4sser sollen durch einen Aktionsplan reduziert werden.&nbsp;<\/li>\n\n\n\n<li>Die schweizweite Abwasserabgabe dient der Finanzierung notwendiger Investitionen.&nbsp;<\/li>\n<\/ul>\n<\/li>\n<\/ul>\n\n\n\n<p class=\"has-normal-font-size\"><strong>Fazit<\/strong><\/p>\n\n\n\n<p class=\"has-normal-font-size\">Der Bund fokussiert sich auf die Schaffung von Grundlagen und die Unterst\u00fctzung der Kantone, um eine nachhaltige Wassernutzung zu erm\u00f6glichen.&nbsp;Eine einzelne, nationale Wasserstrategie wurde bisher nicht als notwendig erachtet, da die Zust\u00e4ndigkeiten beim Wassermanagement weitgehend bei den Kantonen liegen.&nbsp;Die Bem\u00fchungen des Bundes zielen auf eine verbesserte Datengrundlage, den Umgang mit Wasserkonflikten und den Schutz der aquatischen \u00d6kosysteme ab, auch im Hinblick auf die Herausforderungen des Klimawandels.&nbsp;<\/p>\n\n\n\n<div style=\"height:21px\" aria-hidden=\"true\" class=\"wp-block-spacer\"><\/div>\n\n\n\n<p class=\"has-larger-font-size\"><strong>Aktivit\u00e4ten des BAFU<\/strong><\/p>\n\n\n\n<p class=\"has-normal-font-size\"><strong>Das Fr\u00fchwarn- und Informationssystem f\u00fcr Trockenheit<\/strong><\/p>\n\n\n\n<p class=\"has-normal-font-size\">Trockenheit ist eine Naturgefahr mit grossen Auswirkungen auf Wirtschaft, Gesellschaft und Umwelt. Deshalb hat der Bund ein nationales System zur <a href=\"https:\/\/www.trockenheit.admin.ch\/de\" target=\"_blank\" rel=\"noreferrer noopener\">Fr\u00fcherkennung <\/a>und Warnung aufgebaut. Dies erm\u00f6glicht vorausschauendes Handeln bei Trockenheit (<a href=\"https:\/\/www.youtube.com\/watch?v=wZaa1EoL4Jk&amp;t=8s\" target=\"_blank\" rel=\"noreferrer noopener\">Video<\/a>).<\/p>\n\n\n\n<p class=\"has-normal-font-size\"><strong>Wassernutzungsdaten<\/strong> <strong>erheben<\/strong><\/p>\n\n\n\n<p class=\"has-normal-font-size\">Per Ende 2026 erstellt das BAFU einen Bericht zu H\u00e4nden des Bundesrates dar\u00fcber, welche <a href=\"https:\/\/agripedia.ch\/forum-wasser-landwirtschaft\/wp-content\/uploads\/sites\/64\/2025\/11\/5_Praesentation_Trockenheitsprogramm_Huesler_BAFU_13.11.25_D-1.pdf\" target=\"_blank\" rel=\"noreferrer noopener\">Wassernutzungsdaten <\/a>es f\u00fcr welchen Zweck br\u00e4uchte, welche Daten es bereits gibt und wie fehlende Wassernutzungsdaten erhoben werden k\u00f6nnten. Daraus werden Empfehlungen abgeleitet.<\/p>\n\n\n\n<p class=\"has-normal-font-size\">Die Wassernutzungsdaten zu kennen ist wichtig, weil die Schweiz \u00fcber keine umfassende Statistik der Wassernutzungen verf\u00fcgt . Besonders der Wasserbedarf f\u00fcr die Bew\u00e4sserung ist nicht bekannt, wird sich in Zukunft aber am meisten erh\u00f6hen. Die Kantone sind f\u00fcr die Datenerhebung zust\u00e4ndig. Die Erhebung ist sehr uneinheitlich. Die wenigen vorhandene Daten sind r\u00e4umlich und zeitlich zu wenig aufgel\u00f6st und\/oder nicht zentral verf\u00fcgbar. Die Schweiz kann internationalen Verpflichtungen zur Datenlieferung nicht nachkommen.<\/p>\n\n\n\n<p class=\"has-normal-font-size\"><strong>Nationale Wassermanagementstrategie<\/strong><\/p>\n\n\n\n<p class=\"has-normal-font-size\">Die <a href=\"https:\/\/agripedia.ch\/forum-wasser-landwirtschaft\/wp-content\/uploads\/sites\/64\/2025\/11\/5_Praesentation_Trockenheitsprogramm_Huesler_BAFU_13.11.25_D-1.pdf\" target=\"_blank\" rel=\"noreferrer noopener\">Wassermanagementstrategie <\/a>des Bundes bettet sich in einen Kontext von bereits vorhandenen Strategien, Aktionspl\u00e4nen und Instrumenten von Bund, Kantonen und Verb\u00e4nden ein. Themenfelder sind Trockenheit, Starkniederschl\u00e4ge, Qualit\u00e4t der Wasserversorgung und der Schutz der Lebensr\u00e4ume. Ab 2027 soll die Strategie verabschiedet werden.<\/p>\n\n\n\n<p class=\"has-larger-font-size\"><strong>Wasserstrategien der Kantone &#8211; eine Auswahl<\/strong><\/p>\n\n\n\n<div class=\"wp-block-getwid-accordion has-icon-left\" data-active-element=\"none\">\n<div class=\"wp-block-getwid-accordion__header-wrapper\"><span class=\"wp-block-getwid-accordion__header\"><a href=\"#\"><span class=\"wp-block-getwid-accordion__header-title\"><strong>Kanton Aargau<\/strong><\/span><span class=\"wp-block-getwid-accordion__icon is-active\"><i class=\"fas fa-plus\"><\/i><\/span><span class=\"wp-block-getwid-accordion__icon is-passive\"><i class=\"fas fa-minus\"><\/i><\/span><\/a><\/span><\/div><div class=\"wp-block-getwid-accordion__content-wrapper\"><div class=\"wp-block-getwid-accordion__content\">\n<p>Wasser ist eine beschr\u00e4nkte Ressource. F\u00fcr den Kanton Aargau wird eine ganzheitliche Strategie f\u00fcr den Umgang mit Wasser entwickelt. Diese soll das k\u00fcnftige Potenzial und die Nutzung der Ressource Wasser aufzeigen.<\/p>\n\n\n\n<p>Die Umsetzung wird entsprechend den folgenden sieben Herausforderungen (Handlungsfelder) f\u00fcr den Umgang mit dem Wasser angegangen: I: Wasserversorgung; II: Wasserqualit\u00e4t der Oberfl\u00e4chengew\u00e4sser und des Grundwassers; III: Umgang mit Trockenheit und Hochwasser; IV: Energetische Nutzung des Wassers; V: Wasser f\u00fcr Landwirtschaft und Industrie; VI: Gew\u00e4sser und Feuchtgebiete als Lebensr\u00e4ume; VII: Wasserr\u00fcckhalt- und Speicherung.<\/p>\n\n\n\n<p>Quelle: <a href=\"https:\/\/www.ag.ch\/de\/themen\/klimawandel\/kanton\/massnahmenplan?dc=c0ff6010-7fd0-4350-9ed6-9fbfebc86f71_de\" target=\"_blank\" rel=\"noreferrer noopener\">Wasserstrategie &#8211; Kanton Aargau<\/a><\/p>\n<\/div><\/div>\n\n\n\n<div class=\"wp-block-getwid-accordion__header-wrapper\"><span class=\"wp-block-getwid-accordion__header\"><a href=\"#\"><span class=\"wp-block-getwid-accordion__header-title\"><strong>Kanton Basel-Landschaft<\/strong><\/span><span class=\"wp-block-getwid-accordion__icon is-active\"><i class=\"fas fa-plus\"><\/i><\/span><span class=\"wp-block-getwid-accordion__icon is-passive\"><i class=\"fas fa-minus\"><\/i><\/span><\/a><\/span><\/div><div class=\"wp-block-getwid-accordion__content-wrapper\"><div class=\"wp-block-getwid-accordion__content\">\n<p>Der Kanton Basel-Landschaft ist ein l\u00e4ndlich gepr\u00e4gter Kanton mit ausgepr\u00e4gten urbanen Strukturen. Er weist grosse regionale Unterschiede auf in der naturr\u00e4umlichen Struktur, dem Wasserhaushalt und den Siedlungsgebieten. Der Kanton ist stark vom Klimawandel betroffen, da Niederschlagswasser kaum gespeichert wird und rasch abfliesst. In trockenen Sommern muss deshalb<br>besonders in den durch Karst gepr\u00e4gten Gebieten haush\u00e4lterisch mit Wasser umgegangen werden.<br>Um den Schutz des Wassers zu gew\u00e4hrleisten, sich vor Starkniederschl\u00e4gen und Hochw\u00e4ssern zu<br>sch\u00fctzen und eine nachhaltige Wassernutzung zu gew\u00e4hrleisten hat der Kanton zusammen mit<br>den Gemeinden eine Wasserstrategie ausgearbeitet, die den gesamten Wasserkreislauf umfasst.<br>Die verschiedenen Wasserthemen wurden einer umfassenden und fundierten Umfeld- und Systemanalyse unterzogen und die Herausforderungen ermittelt. Die Strategie ist ein Grundlagendokument \u00fcber die Verh\u00e4ltnisse des Kantons und der Gemeinden im Thema Wasser und gibt die<br>Entwicklung sowie die Stossrichtung f\u00fcr das Handeln von Kanton und Gemeinden f\u00fcr die kommenden Jahre vor.<\/p>\n\n\n\n<p>Neben der Strategie publiziert der Kanton Basel-Landschaft auch Informationen zur Interessenabw\u00e4gung im Wasserbereich sowie zur Wasserspeicherung.<\/p>\n\n\n\n<p>Quelle: <a href=\"https:\/\/www.baselland.ch\/politik-und-behorden\/direktionen\/bau-und-umweltschutzdirektion\/umweltschutz-energie\/wasser\/publikationen-wasser-abwasser-1\" target=\"_blank\" rel=\"noreferrer noopener\">Publikationen Wasser \/ Abwasser<\/a> und  <a href=\"https:\/\/bl-api.webcloud7.ch\/politik-und-behorden\/direktionen\/bau-und-umweltschutzdirektion\/umweltschutz-energie\/wasser\/publikationen-wasser-abwasser-1\/download\/wasserstrategie_basel-landschaft_b1.pdf\" target=\"_blank\" rel=\"noreferrer noopener\">Wasserstrategie_Basel-Landschaft_B1.pdf<\/a><\/p>\n<\/div><\/div>\n\n\n\n<div class=\"wp-block-getwid-accordion__header-wrapper\"><span class=\"wp-block-getwid-accordion__header\"><a href=\"#\"><span class=\"wp-block-getwid-accordion__header-title\"><strong>Kanton Bern<\/strong><\/span><span class=\"wp-block-getwid-accordion__icon is-active\"><i class=\"fas fa-plus\"><\/i><\/span><span class=\"wp-block-getwid-accordion__icon is-passive\"><i class=\"fas fa-minus\"><\/i><\/span><\/a><\/span><\/div><div class=\"wp-block-getwid-accordion__content-wrapper\"><div class=\"wp-block-getwid-accordion__content\">\n<p>Der Kanton Bern entwickelt eine aktuelle Wasserstrategie.<\/p>\n\n\n\n<p>Quelle: <a href=\"https:\/\/www.bern-cci.ch\/files\/kantonalverband\/Vernehmlassungen\/2025-06-22_Wasserstrategie-2040.pdf\" target=\"_blank\" rel=\"noreferrer noopener\">2025-06-22_Wasserstrategie-2040.pdf<\/a><\/p>\n<\/div><\/div>\n\n\n\n<div class=\"wp-block-getwid-accordion__header-wrapper\"><span class=\"wp-block-getwid-accordion__header\"><a href=\"#\"><span class=\"wp-block-getwid-accordion__header-title\"><strong>Kanton Freiburg<\/strong><\/span><span class=\"wp-block-getwid-accordion__icon is-active\"><i class=\"fas fa-plus\"><\/i><\/span><span class=\"wp-block-getwid-accordion__icon is-passive\"><i class=\"fas fa-minus\"><\/i><\/span><\/a><\/span><\/div><div class=\"wp-block-getwid-accordion__content-wrapper\"><div class=\"wp-block-getwid-accordion__content\">\n<p><a href=\"https:\/\/www.fr.ch\/sites\/default\/files\/2022-09\/plan-sectoriel-de-la-gestion-des-eaux--psge_0.pdf\" target=\"_blank\" rel=\"noreferrer noopener\">Plan sectoriel de la gestion des eaux<\/a> (PSGE), Amt f\u00fcr Umwelt FR<\/p>\n<\/div><\/div>\n\n\n\n<div class=\"wp-block-getwid-accordion__header-wrapper\"><span class=\"wp-block-getwid-accordion__header\"><a href=\"#\"><span class=\"wp-block-getwid-accordion__header-title\"><strong>Kanton Luzern<\/strong><\/span><span class=\"wp-block-getwid-accordion__icon is-active\"><i class=\"fas fa-plus\"><\/i><\/span><span class=\"wp-block-getwid-accordion__icon is-passive\"><i class=\"fas fa-minus\"><\/i><\/span><\/a><\/span><\/div><div class=\"wp-block-getwid-accordion__content-wrapper\"><div class=\"wp-block-getwid-accordion__content\">\n<p><strong>Herausforderungen<\/strong><br>Anpassung der Nutzungsrechte an den Bedarf und das Dargebot:<br>Die bestehenden Nutzungsrechte sind besser an den tats\u00e4chlichen Wasserbedarf und an das Dargebot anzupassen. Damit werden Grundwasserressourcen f\u00fcr bedarfsgerechte Nutzungen frei. Bei der Ansiedlung von wasserintensiven Betrieben ist das vorhandene Wasserdargebot ebenso zu ber\u00fccksichtigen wie die Abwasserentsorgung und weitere Auswirkungen auf den Wasserhaushalt.<br><strong>Bew\u00e4sserung in der Landwirtschaft:<\/strong><br>In Trockenperioden besteht nur lokal ein geringes Dargebot an Wasser f\u00fcr die Bew\u00e4sserung von landwirtschaftlichen Kulturen. Die landwirtschaftliche Produktion ist auf das zur Verf\u00fcgung stehende Wasser auszurichten. F\u00fcr die Bew\u00e4sserung sind betriebseigene Speicherkapazit\u00e4ten bereitzustellen. Die Bew\u00e4sserungstechnik ist so zu<br>optimieren, dass das Wasser sparsam eingesetzt wird. Die Erh\u00f6hung der Speicherkapazit\u00e4t der Mittellandseen f\u00fcr Bew\u00e4sserungswasser durch eine Ver\u00e4nderung der Seeregulierung (Sempachersee) oder den Bau einer Seeregulierung (Baldeggersee) ist zu pr\u00fcfen.<br><strong>Ziele<\/strong><br>Wassernutzung erfolgt nachhaltig:<br>Die Nutzung von Wasser richtet sich nach dem in Trockenperioden verf\u00fcgbaren Dargebot. Dies wird bei der Vergabe von Nutzungsrechten sichergestellt (vgl. Kap. 2.3).<br>Bew\u00e4sserung und Kulturen sind auf das Wasserdargebot ausgerichtet:<br>Die landwirtschaftliche Produktion ist auf das verf\u00fcgbare Dargebot an Bew\u00e4sserungswasser ausgerichtet. Die Bew\u00e4sserungstechnik ist optimiert, die betrieblichen Speicherkapazit\u00e4ten sind ausgebaut. Mit der Erh\u00f6hung der<br>Speicherkapazit\u00e4t der Mittellandseen wird die Verf\u00fcgbarkeit von Wasser in Trockenperioden verbessert. Das verf\u00fcgbare Wasser wird effizient und f\u00fcr Kulturen mit hoher Wertsch\u00f6pfung eingesetzt, so dass ein optimaler Nutzen f\u00fcr die Landwirtschaft entsteht.<\/p>\n\n\n\n<p>Quelle: Kapitel 5 in <a href=\"https:\/\/uwe.lu.ch\/-\/media\/UWE\/Dokumente\/Themen\/Gewaesser\/Wassernutzung_Wasserversorgung_Kanton_LU_aktueller_Stand.pdf\" target=\"_blank\" rel=\"noreferrer noopener\">Wassernutzung_Wasserversorgung_Kanton_LU_aktueller_Stand.pdf<\/a><\/p>\n<\/div><\/div>\n\n\n\n<div class=\"wp-block-getwid-accordion__header-wrapper\"><span class=\"wp-block-getwid-accordion__header\"><a href=\"#\"><span class=\"wp-block-getwid-accordion__header-title\"><strong>Kanton Wallis<\/strong><\/span><span class=\"wp-block-getwid-accordion__icon is-active\"><i class=\"fas fa-plus\"><\/i><\/span><span class=\"wp-block-getwid-accordion__icon is-passive\"><i class=\"fas fa-minus\"><\/i><\/span><\/a><\/span><\/div><div class=\"wp-block-getwid-accordion__content-wrapper\"><div class=\"wp-block-getwid-accordion__content\">\n<p>Im Kanton Wallis gibt es eine Besonderheit: Die Gemeinden sind n\u00e4mlich Eigent\u00fcmerinnen der seitlichen Wasserl\u00e4ufe und somit daf\u00fcr verantwortlich, diese Ressource den verschiedenen Nutzerinnen und Nutzern zur Verf\u00fcgung zu stellen. Nur die Rhone ist Eigentum des Kantons.<\/p>\n\n\n\n<p>Obwohl im Wallis grunds\u00e4tzlich reichlich Wasser vorhanden ist, kann die Lage zu bestimmten Zeiten angespannt sein&nbsp;\u2013 besonders im Winter, wenn zahlreiche G\u00e4ste anreisen, und im Sommer, wenn die Quellen weniger Wasser f\u00fchren und der Bedarf steigt. Zudem verzeichnet das Wallis ein starkes Bev\u00f6lkerungswachstum von j\u00e4hrlich durchschnittlich \u00fcber 2,5 Prozent.<\/p>\n\n\n\n<p>Die Wasserstrategie des Kantons Wallis zielt darauf ab, eine optimale Nutzung des Wassers und dessen vielseitigen Funktionen \u2013 sei es als Trinkwasser, zur landwirtschaftlichen Bew\u00e4sserung oder f\u00fcr die Energiegewinnung \u2013 zu gew\u00e4hrleisten.&nbsp;Sie f\u00f6rdert eine ganzheitliche Betrachtung der Wasserressourcen auf Stufe der Gemeinden und Einzugsgebiete sowie auf regionaler und kantonaler Ebene.<\/p>\n\n\n\n<p>Quelle: <a href=\"https:\/\/www.vs.ch\/de\/web\/strategie-eau\/ziele\" target=\"_blank\" rel=\"noreferrer noopener\">Hintergrund und Ziele &#8211; Wasserstrategie Wallis &#8211; vs.ch<\/a><\/p>\n<\/div><\/div>\n<\/div>\n\n\n\n<div style=\"height:21px\" aria-hidden=\"true\" class=\"wp-block-spacer\"><\/div>\n\n\n\n<p class=\"has-normal-font-size\">Weitere Aktivit\u00e4ten der Kantone im Bereich Wasser finden Sie auf der <a href=\"https:\/\/agripedia.ch\/klima\/aktivitaeten-der-kantone\/\" target=\"_blank\" rel=\"noreferrer noopener\">Plattform Klima.<\/a><\/p>\n\n\n\n<hr class=\"wp-block-separator has-alpha-channel-opacity\"\/>\n\n\n\n<p class=\"has-normal-font-size\">Ihre Beitr\u00e4ge, Hinweise, Erg\u00e4nzungen, Anregungen und Kommentare nehmen wir gerne <a href=\"https:\/\/agripedia.ch\/forum-wasser-landwirtschaft\/kontakt\/\" target=\"_blank\" rel=\"noreferrer noopener\">hier <\/a>entgegen.<\/p>\n","protected":false},"excerpt":{"rendered":"<p>Der Bund Der Bund hat keine einzelne, umfassende &#8222;Wasserstrategie&#8220; f\u00fcr die Schweiz, sondern verfolgt Wasserziele im Rahmen verschiedener Strategien und Initiativen, darunter die Agenda 2030, die Strategie Biodiversit\u00e4t und das aktuelle Wassermanagement. Wichtige Aspekte sind die verbesserte Datenbasis zum Wasserangebot und -verbrauch, das Management von Wasserknappheit, der Schutz der aquatischen Lebensr\u00e4ume und die F\u00f6rderung eines [&hellip;]<\/p>\n","protected":false},"author":234,"featured_media":61672,"parent":0,"menu_order":0,"comment_status":"closed","ping_status":"closed","template":"","meta":{"_sb_is_suggestion_mode":false,"_sb_show_suggestion_boards":false,"_sb_show_comment_boards":false,"_sb_suggestion_history":"","_sb_update_block_changes":"","om_disable_all_campaigns":false,"advgb_blocks_editor_width":"","advgb_blocks_columns_visual_guide":"","_monsterinsights_skip_tracking":false,"_monsterinsights_sitenote_active":false,"_monsterinsights_sitenote_note":"","_monsterinsights_sitenote_category":0,"footnotes":""},"class_list":["post-61665","page","type-page","status-publish","has-post-thumbnail","hentry"],"coauthors":[{"link":"https:\/\/agripedia.ch\/forum-wasser-landwirtschaft\/author\/dal0\/","display_name":"dal0"}],"author_meta":{"author_link":"https:\/\/agripedia.ch\/forum-wasser-landwirtschaft\/author\/dal0\/","display_name":"dal0"},"relative_dates":{"created":"Posted 5\u00a0Monaten ago","modified":"Updated 3\u00a0Wochen ago"},"absolute_dates":{"created":"Posted on November 27, 2025","modified":"Updated on M\u00e4rz 19, 2026"},"absolute_dates_time":{"created":"Posted on November 27, 2025 14:49","modified":"Updated on M\u00e4rz 19, 2026 15:59"},"featured_img_caption":"","featured_img":"https:\/\/agripedia.ch\/forum-wasser-landwirtschaft\/wp-content\/uploads\/sites\/64\/2025\/10\/Strategie-Bild-WF-WP-1200x443.jpg","series_order":"","_links":{"self":[{"href":"https:\/\/agripedia.ch\/forum-wasser-landwirtschaft\/wp-json\/wp\/v2\/pages\/61665","targetHints":{"allow":["GET"]}}],"collection":[{"href":"https:\/\/agripedia.ch\/forum-wasser-landwirtschaft\/wp-json\/wp\/v2\/pages"}],"about":[{"href":"https:\/\/agripedia.ch\/forum-wasser-landwirtschaft\/wp-json\/wp\/v2\/types\/page"}],"author":[{"embeddable":true,"href":"https:\/\/agripedia.ch\/forum-wasser-landwirtschaft\/wp-json\/wp\/v2\/users\/234"}],"replies":[{"embeddable":true,"href":"https:\/\/agripedia.ch\/forum-wasser-landwirtschaft\/wp-json\/wp\/v2\/comments?post=61665"}],"version-history":[{"count":40,"href":"https:\/\/agripedia.ch\/forum-wasser-landwirtschaft\/wp-json\/wp\/v2\/pages\/61665\/revisions"}],"predecessor-version":[{"id":63857,"href":"https:\/\/agripedia.ch\/forum-wasser-landwirtschaft\/wp-json\/wp\/v2\/pages\/61665\/revisions\/63857"}],"wp:featuredmedia":[{"embeddable":true,"href":"https:\/\/agripedia.ch\/forum-wasser-landwirtschaft\/wp-json\/wp\/v2\/media\/61672"}],"wp:attachment":[{"href":"https:\/\/agripedia.ch\/forum-wasser-landwirtschaft\/wp-json\/wp\/v2\/media?parent=61665"}],"curies":[{"name":"wp","href":"https:\/\/api.w.org\/{rel}","templated":true}]}}