{"id":61604,"date":"2025-12-19T19:11:09","date_gmt":"2025-12-19T18:11:09","guid":{"rendered":"https:\/\/agripedia.ch\/forum-wasser-landwirtschaft\/?page_id=61604"},"modified":"2026-04-14T16:21:58","modified_gmt":"2026-04-14T14:21:58","slug":"agroforst","status":"publish","type":"page","link":"https:\/\/agripedia.ch\/forum-wasser-landwirtschaft\/agroforst\/","title":{"rendered":"Agroforst"},"content":{"rendered":"\n<p class=\"has-normal-font-size\">Die <a href=\"https:\/\/www.agroforst.ch\/ig-agroforst\/\" target=\"_blank\" rel=\"noreferrer noopener\">IG Agroforst<\/a> ist das Schweizer Netzwerk rund um das Thema. Sie erarbeitet Wissen und f\u00f6rdert den Austausch zwischen Landwirt\/innen, Berater\/innen und Expert\/innen. In ganz Europa  ist Agroforst ein wichtiger Bestandteil der heutigen Landwirtschaft.<\/p>\n\n\n\n<p class=\"has-normal-font-size\">Die moderne Agroforstwirtschaft erh\u00e4lt produktive landwirtschaftliche Systeme unter den Bedingungen des Klimawandels, bindet Kohlenstoff, sch\u00fctzt B\u00f6den und f\u00f6rdert die Biodiversit\u00e4t.<\/p>\n\n\n\n<div style=\"height:21px\" aria-hidden=\"true\" class=\"wp-block-spacer\"><\/div>\n\n\n\n<p class=\"has-larger-font-size\"><strong>Literatur<\/strong><\/p>\n\n\n\n<p class=\"has-normal-font-size\">AGRIDEA. <a href=\"https:\/\/shop.agridea.ch\/de\/produkt\/hecken-richtig-pflanzen-und-pflegen?von_suchresultat=true\" target=\"_blank\" rel=\"noreferrer noopener\">Hecken richtig pflanzen und pflegen.<\/a> Merkblatt.<\/p>\n\n\n\n<p class=\"has-normal-font-size\">Brandle JR, Hodges L, Zhou XH, 2004. Windbreaks in North American agricultural systems: New visitas in Agroforestry. DOI:<a href=\"https:\/\/doi.org\/10.1023\/B:AGFO.0000028990.31801.62\" target=\"_blank\" rel=\"noreferrer noopener\">10.1023\/B:AGFO.0000028990.31801.62<\/a><\/p>\n\n\n\n<p class=\"has-normal-font-size\">Den Hoond Vaccaro C, Herzog F, Schoop J, Nilles L, J\u00e4ger M, Kay S, 2025. <a href=\"https:\/\/haupt.ch\/agroforstpraxis-in-der-schweiz\/2329783258083667?srsltid=AfmBOoqZP1KCDAod0fpMqpZDqxILlardk0FSMi0bVdUdKR10R1KXDKDG\" target=\"_blank\" rel=\"noreferrer noopener\">Agroforstpraxis in der Schweiz<\/a>. ISBN: 978-3-258-08366-7<\/p>\n\n\n\n<p class=\"has-normal-font-size\">IG Agroforst Schweiz, 2025. Podcast Agroforst,&nbsp;<a href=\"https:\/\/www.agroforst.ch\/podcast\/\" target=\"_blank\" rel=\"noreferrer noopener\">agroforst.ch<\/a><\/p>\n\n\n\n<p class=\"has-normal-font-size\">Mariotte P., 2025. <a href=\"https:\/\/www.youtube.com\/watch?v=45U-HA18mxI\" target=\"_blank\" rel=\"noreferrer noopener\">Futterhecken &#8211; eine Antwort auf trockene Sommer<\/a>. Projekt ClimateFarmDemo (Carrouge\/VD).<\/p>\n\n\n\n<p><\/p>\n","protected":false},"excerpt":{"rendered":"<p>Die IG Agroforst ist das Schweizer Netzwerk rund um das Thema. Sie erarbeitet Wissen und f\u00f6rdert den Austausch zwischen Landwirt\/innen, Berater\/innen und Expert\/innen. In ganz Europa ist Agroforst ein wichtiger Bestandteil der heutigen Landwirtschaft. Die moderne Agroforstwirtschaft erh\u00e4lt produktive landwirtschaftliche Systeme unter den Bedingungen des Klimawandels, bindet Kohlenstoff, sch\u00fctzt B\u00f6den und f\u00f6rdert die Biodiversit\u00e4t. Literatur [&hellip;]<\/p>\n","protected":false},"author":234,"featured_media":0,"parent":0,"menu_order":0,"comment_status":"closed","ping_status":"closed","template":"","meta":{"_sb_is_suggestion_mode":false,"_sb_show_suggestion_boards":false,"_sb_show_comment_boards":false,"_sb_suggestion_history":"","_sb_update_block_changes":"","om_disable_all_campaigns":false,"advgb_blocks_editor_width":"","advgb_blocks_columns_visual_guide":"","_monsterinsights_skip_tracking":false,"_monsterinsights_sitenote_active":false,"_monsterinsights_sitenote_note":"","_monsterinsights_sitenote_category":0,"footnotes":""},"class_list":["post-61604","page","type-page","status-publish","hentry"],"coauthors":[{"link":"https:\/\/agripedia.ch\/forum-wasser-landwirtschaft\/author\/dal0\/","display_name":"dal0"}],"author_meta":{"author_link":"https:\/\/agripedia.ch\/forum-wasser-landwirtschaft\/author\/dal0\/","display_name":"dal0"},"relative_dates":{"created":"Posted 4\u00a0Monaten ago","modified":"Updated 3\u00a0Wochen ago"},"absolute_dates":{"created":"Posted on Dezember 19, 2025","modified":"Updated on April 14, 2026"},"absolute_dates_time":{"created":"Posted on Dezember 19, 2025 19:11","modified":"Updated on April 14, 2026 16:21"},"featured_img_caption":"","featured_img":false,"series_order":"","_links":{"self":[{"href":"https:\/\/agripedia.ch\/forum-wasser-landwirtschaft\/wp-json\/wp\/v2\/pages\/61604","targetHints":{"allow":["GET"]}}],"collection":[{"href":"https:\/\/agripedia.ch\/forum-wasser-landwirtschaft\/wp-json\/wp\/v2\/pages"}],"about":[{"href":"https:\/\/agripedia.ch\/forum-wasser-landwirtschaft\/wp-json\/wp\/v2\/types\/page"}],"author":[{"embeddable":true,"href":"https:\/\/agripedia.ch\/forum-wasser-landwirtschaft\/wp-json\/wp\/v2\/users\/234"}],"replies":[{"embeddable":true,"href":"https:\/\/agripedia.ch\/forum-wasser-landwirtschaft\/wp-json\/wp\/v2\/comments?post=61604"}],"version-history":[{"count":14,"href":"https:\/\/agripedia.ch\/forum-wasser-landwirtschaft\/wp-json\/wp\/v2\/pages\/61604\/revisions"}],"predecessor-version":[{"id":64537,"href":"https:\/\/agripedia.ch\/forum-wasser-landwirtschaft\/wp-json\/wp\/v2\/pages\/61604\/revisions\/64537"}],"wp:attachment":[{"href":"https:\/\/agripedia.ch\/forum-wasser-landwirtschaft\/wp-json\/wp\/v2\/media?parent=61604"}],"curies":[{"name":"wp","href":"https:\/\/api.w.org\/{rel}","templated":true}]}}