{"id":61420,"date":"2025-10-10T09:11:43","date_gmt":"2025-10-10T07:11:43","guid":{"rendered":"https:\/\/agripedia.ch\/forum-wasser-landwirtschaft\/?page_id=61420"},"modified":"2025-12-01T16:50:16","modified_gmt":"2025-12-01T15:50:16","slug":"bodenfeuchte-messen","status":"publish","type":"page","link":"https:\/\/agripedia.ch\/forum-wasser-landwirtschaft\/bodenfeuchte-messen\/","title":{"rendered":"Bodenfeuchte messen"},"content":{"rendered":"\n<p class=\"has-normal-font-size\">Bodenfeuchtesensoren&nbsp;unterst\u00fctzen die Landwirtinnen und Landwirte bei der Einsch\u00e4tzung der Wasserspeicherkapazit\u00e4t (Infiltration, Tiefenversickerung und Auswaschung) und den internen Prozessen des Bodens.<\/p>\n\n\n\n<div style=\"height:21px\" aria-hidden=\"true\" class=\"wp-block-spacer\"><\/div>\n\n\n\n<div class=\"wp-block-getwid-accordion has-icon-left\" data-active-element=\"none\">\n<div class=\"wp-block-getwid-accordion__header-wrapper\"><span class=\"wp-block-getwid-accordion__header\"><a href=\"#\"><span class=\"wp-block-getwid-accordion__header-title\"><strong>Messung<\/strong><\/span><span class=\"wp-block-getwid-accordion__icon is-active\"><i class=\"fas fa-plus\"><\/i><\/span><span class=\"wp-block-getwid-accordion__icon is-passive\"><i class=\"fas fa-minus\"><\/i><\/span><\/a><\/span><\/div><div class=\"wp-block-getwid-accordion__content-wrapper\"><div class=\"wp-block-getwid-accordion__content\">\n<p class=\"has-normal-font-size\">Bodenfeuchtesensoren messen den Wassergehalt im Boden, indem sie elektrische oder kapazitive Eigenschaften des Bodens nutzen, die sich je nach Feuchtigkeit \u00e4ndern. Diese Sensoren liefern Daten f\u00fcr automatisierte Bew\u00e4sserungssysteme, optimieren die Wassernutzung, helfen bei der Pflanzenpflege und tragen zum Umweltschutz bei.&nbsp;<\/p>\n\n\n\n<p class=\"has-normal-font-size\"><strong>Funktionsweise<\/strong><br>Bodenfeuchtesensoren arbeiten auf verschiedene Arten:<\/p>\n\n\n\n<ul class=\"wp-block-list has-normal-font-size\">\n<li><strong>Elektrischer Widerstand:<\/strong>&nbsp;Diese Sensoren nutzen zwei Metallsonden, die in den Boden gesteckt werden. Ist der Boden feucht, ist der elektrische Widerstand geringer; ist er trocken, ist er h\u00f6her.<\/li>\n\n\n\n<li><strong>Kapazitive Messung:<\/strong>&nbsp;Diese Sensoren messen nicht direkt die Feuchtigkeit, sondern die Ver\u00e4nderung der Kapazit\u00e4t des Bodens, die durch den unterschiedlichen dielektrischen Kontrast zwischen Wasser und Boden entsteht.<\/li>\n\n\n\n<li><strong>TDR-Sensoren (Time-Domain-Reflectometry):<\/strong>&nbsp;Diese Sensoren senden elektromagnetische Wellen aus und messen die Zeit, die sie f\u00fcr den Durchgang durch den Boden ben\u00f6tigen, um den Feuchtigkeitsgehalt zu bestimmen.&nbsp;<\/li>\n<\/ul>\n<\/div><\/div>\n\n\n\n<div class=\"wp-block-getwid-accordion__header-wrapper\"><span class=\"wp-block-getwid-accordion__header\"><a href=\"#\"><span class=\"wp-block-getwid-accordion__header-title\"><strong>Zweck und Anwendung<\/strong><\/span><span class=\"wp-block-getwid-accordion__icon is-active\"><i class=\"fas fa-plus\"><\/i><\/span><span class=\"wp-block-getwid-accordion__icon is-passive\"><i class=\"fas fa-minus\"><\/i><\/span><\/a><\/span><\/div><div class=\"wp-block-getwid-accordion__content-wrapper\"><div class=\"wp-block-getwid-accordion__content\">\n<p class=\"has-normal-font-size\"><strong>Automatisierte Bew\u00e4sserung:<\/strong>&nbsp;Bodensensoren k\u00f6nnen Bew\u00e4sserungssysteme steuern, um Pflanzen nur dann mit Wasser zu versorgen, wenn es n\u00f6tig ist.<\/p>\n\n\n\n<p class=\"has-normal-font-size\"><strong>Optimierung von Ressourcen:<\/strong>&nbsp;Sie liefern Echtzeitdaten \u00fcber den Wasserhaushalt und erm\u00f6glichen eine genaue Steuerung der Bew\u00e4sserung. Durch pr\u00e4zise Bew\u00e4sserung k\u00f6nnen Wasser gespart und teure \u00dcberschwemmungen oder Trockensch\u00e4den vermieden werden.<\/p>\n\n\n\n<p class=\"has-normal-font-size\"><strong>Pflanzenwachstum und Ertr\u00e4ge:<\/strong>&nbsp;Die richtigen Feuchtigkeitsbedingungen f\u00f6rdern ein gesundes Pflanzenwachstum und sichern h\u00f6here Ernteertr\u00e4ge.&nbsp;<\/p>\n\n\n\n<p class=\"has-normal-font-size\"><\/p>\n<\/div><\/div>\n\n\n\n<div class=\"wp-block-getwid-accordion__header-wrapper\"><span class=\"wp-block-getwid-accordion__header\"><a href=\"#\"><span class=\"wp-block-getwid-accordion__header-title\"><strong>Auswahl und Wartung<\/strong><\/span><span class=\"wp-block-getwid-accordion__icon is-active\"><i class=\"fas fa-plus\"><\/i><\/span><span class=\"wp-block-getwid-accordion__icon is-passive\"><i class=\"fas fa-minus\"><\/i><\/span><\/a><\/span><\/div><div class=\"wp-block-getwid-accordion__content-wrapper\"><div class=\"wp-block-getwid-accordion__content\">\n<p class=\"has-normal-font-size\"><strong>Kalibrierung:<\/strong>&nbsp;Sensoren m\u00fcssen regelm\u00e4\u00dfig kalibriert werden, um pr\u00e4zise Messwerte zu gew\u00e4hrleisten, da verschiedene Bodentypen unterschiedliche ideale Feuchtigkeitsbereiche haben.<\/p>\n\n\n\n<p class=\"has-normal-font-size\"><strong>Kompatibilit\u00e4t:<\/strong>&nbsp;Achten Sie auf die Kompatibilit\u00e4t des Sensors mit Ihrem Bew\u00e4sserungssystem oder anderen Ger\u00e4ten.&nbsp;<\/p>\n<\/div><\/div>\n<\/div>\n\n\n\n<div style=\"height:21px\" aria-hidden=\"true\" class=\"wp-block-spacer\"><\/div>\n\n\n\n<p class=\"has-normal-font-size\">Ruedi Hunger, Redaktor, Schweizer Landtechnik: Markt\u00fcbersicht <a href=\"https:\/\/www.agrartechnik.ch\/fileadmin\/user_upload\/downloads_verlag\/SP_Hunger_Schwerpunkt_Homepage.pdf\" target=\"_blank\" rel=\"noreferrer noopener\">Bodenfeuchtesensoren<\/a>.<\/p>\n\n\n\n<div style=\"height:21px\" aria-hidden=\"true\" class=\"wp-block-spacer\"><\/div>\n\n\n\n<p class=\"has-normal-font-size\"><strong>Mitarbeit<\/strong><\/p>\n\n\n\n<p class=\"has-normal-font-size\">Wenn Sie das Thema Bew\u00e4sserungstechnik zusammen mit Gleichgesinnten weiterentwickeln m\u00f6chten, machen Sie in der Arbeitsgruppe mit. Mehr dazu auf der <a href=\"https:\/\/agripedia.ch\/forum-wasser-landwirtschaft\/verein\/\" target=\"_blank\" rel=\"noreferrer noopener\">Vereinsseite<\/a> des Forums.<\/p>\n\n\n\n<hr class=\"wp-block-separator has-alpha-channel-opacity\"\/>\n\n\n\n<p class=\"has-normal-font-size\"><em>Diese Seite ist in Bearbeitung, Beitr\u00e4ge zum Thema sind willkommen.<\/em><\/p>\n\n\n\n<p class=\"has-normal-font-size\">Ihre Beitr\u00e4ge, Hinweise, Erg\u00e4nzungen, Anregungen und Kommentare nehmen wir gerne <a href=\"https:\/\/agripedia.ch\/forum-wasser-landwirtschaft\/kontakt\/\" data-type=\"page\" data-id=\"1023\">h<\/a><a href=\"https:\/\/agripedia.ch\/forum-wasser-landwirtschaft\/kontakt\/\" data-type=\"page\" data-id=\"1023\" target=\"_blank\" rel=\"noreferrer noopener\">i<\/a><a href=\"https:\/\/agripedia.ch\/forum-wasser-landwirtschaft\/kontakt\/\" data-type=\"page\" data-id=\"1023\">er <\/a>entgegen.<\/p>\n\n\n\n<ul class=\"wp-block-list\"><\/ul>\n","protected":false},"excerpt":{"rendered":"<p>Bodenfeuchtesensoren&nbsp;unterst\u00fctzen die Landwirtinnen und Landwirte bei der Einsch\u00e4tzung der Wasserspeicherkapazit\u00e4t (Infiltration, Tiefenversickerung und Auswaschung) und den internen Prozessen des Bodens. Ruedi Hunger, Redaktor, Schweizer Landtechnik: Markt\u00fcbersicht Bodenfeuchtesensoren. Mitarbeit Wenn Sie das Thema Bew\u00e4sserungstechnik zusammen mit Gleichgesinnten weiterentwickeln m\u00f6chten, machen Sie in der Arbeitsgruppe mit. Mehr dazu auf der Vereinsseite des Forums. Diese Seite ist in [&hellip;]<\/p>\n","protected":false},"author":234,"featured_media":61474,"parent":0,"menu_order":0,"comment_status":"closed","ping_status":"closed","template":"","meta":{"_sb_is_suggestion_mode":false,"_sb_show_suggestion_boards":false,"_sb_show_comment_boards":false,"_sb_suggestion_history":"","_sb_update_block_changes":"","om_disable_all_campaigns":false,"advgb_blocks_editor_width":"","advgb_blocks_columns_visual_guide":"","_monsterinsights_skip_tracking":false,"_monsterinsights_sitenote_active":false,"_monsterinsights_sitenote_note":"","_monsterinsights_sitenote_category":0,"footnotes":""},"class_list":["post-61420","page","type-page","status-publish","has-post-thumbnail","hentry"],"coauthors":[{"link":"https:\/\/agripedia.ch\/forum-wasser-landwirtschaft\/author\/dal0\/","display_name":"dal0"}],"author_meta":{"author_link":"https:\/\/agripedia.ch\/forum-wasser-landwirtschaft\/author\/dal0\/","display_name":"dal0"},"relative_dates":{"created":"Posted 6\u00a0Monaten ago","modified":"Updated 4\u00a0Monaten ago"},"absolute_dates":{"created":"Posted on Oktober 10, 2025","modified":"Updated on Dezember 1, 2025"},"absolute_dates_time":{"created":"Posted on Oktober 10, 2025 9:11","modified":"Updated on Dezember 1, 2025 16:50"},"featured_img_caption":"","featured_img":"https:\/\/agripedia.ch\/forum-wasser-landwirtschaft\/wp-content\/uploads\/sites\/64\/2025\/10\/Bodensonde-schmal-1200x567.jpg","series_order":"","_links":{"self":[{"href":"https:\/\/agripedia.ch\/forum-wasser-landwirtschaft\/wp-json\/wp\/v2\/pages\/61420","targetHints":{"allow":["GET"]}}],"collection":[{"href":"https:\/\/agripedia.ch\/forum-wasser-landwirtschaft\/wp-json\/wp\/v2\/pages"}],"about":[{"href":"https:\/\/agripedia.ch\/forum-wasser-landwirtschaft\/wp-json\/wp\/v2\/types\/page"}],"author":[{"embeddable":true,"href":"https:\/\/agripedia.ch\/forum-wasser-landwirtschaft\/wp-json\/wp\/v2\/users\/234"}],"replies":[{"embeddable":true,"href":"https:\/\/agripedia.ch\/forum-wasser-landwirtschaft\/wp-json\/wp\/v2\/comments?post=61420"}],"version-history":[{"count":14,"href":"https:\/\/agripedia.ch\/forum-wasser-landwirtschaft\/wp-json\/wp\/v2\/pages\/61420\/revisions"}],"predecessor-version":[{"id":62371,"href":"https:\/\/agripedia.ch\/forum-wasser-landwirtschaft\/wp-json\/wp\/v2\/pages\/61420\/revisions\/62371"}],"wp:featuredmedia":[{"embeddable":true,"href":"https:\/\/agripedia.ch\/forum-wasser-landwirtschaft\/wp-json\/wp\/v2\/media\/61474"}],"wp:attachment":[{"href":"https:\/\/agripedia.ch\/forum-wasser-landwirtschaft\/wp-json\/wp\/v2\/media?parent=61420"}],"curies":[{"name":"wp","href":"https:\/\/api.w.org\/{rel}","templated":true}]}}