{"id":61383,"date":"2025-10-23T14:07:33","date_gmt":"2025-10-23T12:07:33","guid":{"rendered":"https:\/\/agripedia.ch\/forum-wasser-landwirtschaft\/?page_id=61383"},"modified":"2026-03-08T16:05:57","modified_gmt":"2026-03-08T15:05:57","slug":"politische-grundlagen","status":"publish","type":"page","link":"https:\/\/agripedia.ch\/forum-wasser-landwirtschaft\/politische-grundlagen\/","title":{"rendered":"Politische Grundlagen"},"content":{"rendered":"\n<p class=\"has-normal-font-size\">Informieren Sie sich hier \u00fcber die aktuellen Rahmenbedingungen in Bezug auf das Wassermanagement.<\/p>\n\n\n\n<div class=\"wp-block-columns is-layout-flex wp-container-core-columns-is-layout-9d6595d7 wp-block-columns-is-layout-flex\">\n<div class=\"wp-block-column is-layout-flow wp-block-column-is-layout-flow\"><div class=\"agripedia-home-post agripedia-subpage-card\" data-type=\"subpage-card\">\n  <a class=\"agripedia-subpage-card__linkwrap\" href=\"https:\/\/agripedia.ch\/forum-wasser-landwirtschaft\/?page_id=61665&#038;preview=true\" target=\"_blank\" rel=\"noopener noreferrer\">    <div class=\"agripedia-home-thumbnail\">\n              <img decoding=\"async\" src=\"https:\/\/agripedia.ch\/forum-wasser-landwirtschaft\/wp-content\/uploads\/sites\/64\/2025\/10\/20240306_155518-1-scaled.jpg\" alt=\"Wasserstrategien\" \/>\n          <\/div>\n  <\/a>\n  <div class=\"agripedia-home-post-content\">\n          <h2 class=\"agripedia-home-post-title\">\n                  <a href=\"https:\/\/agripedia.ch\/forum-wasser-landwirtschaft\/?page_id=61665&#038;preview=true\" target=\"_blank\" rel=\"noopener noreferrer\">\n        \n           Wasserstrategien\n                  <\/a>\n              <\/h2>\n    \n          <p class=\"agripedia-home-post-excerpt\">Die Verantwortung des Wassermanagements liegt bei den Kantonen. Sie k\u00f6nnen sie auch an die Gemeinden delegieren. Verschiedene Kantone haben Wasserstrategien entwickelt. Bild: AGRIDEA<\/p>\n      <\/div>\n<\/div>\n<\/div>\n\n\n\n<div class=\"wp-block-column is-layout-flow wp-block-column-is-layout-flow\"><div class=\"agripedia-home-post agripedia-subpage-card\" data-type=\"subpage-card\">\n      <div class=\"agripedia-home-thumbnail\">\n              <img decoding=\"async\" src=\"https:\/\/agripedia.ch\/forum-wasser-landwirtschaft\/wp-content\/uploads\/sites\/64\/2025\/10\/20241127_114039-scaled.jpg\" alt=\"Wassernutzungskonzept\" \/>\n          <\/div>\n  \n  <div class=\"agripedia-home-post-content\">\n          <h2 class=\"agripedia-home-post-title\">\n        \n          Wassernutzungskonzept\n              <\/h2>\n    \n          <p class=\"agripedia-home-post-excerpt\">Das BLW erarbeitet zurzeit ein Wassernutzungskonzept. Darin werden Themen wie Wasserbedarf und -dargebot wie auch die Erarbeitung von Leitf\u00e4den zu verschiedenen Themen im Bereich Wasser und Landwirtschaft aufgenommen. Bild: AGRIDEA<\/p>\n      <\/div>\n<\/div>\n<\/div>\n\n\n\n<div class=\"wp-block-column is-layout-flow wp-block-column-is-layout-flow\"><div class=\"agripedia-home-post agripedia-subpage-card\" data-type=\"subpage-card\">\n  <a class=\"agripedia-subpage-card__linkwrap\" href=\"https:\/\/agripedia.ch\/forum-wasser-landwirtschaft\/klimatische-trends\/\" target=\"_blank\" rel=\"noopener noreferrer\">    <div class=\"agripedia-home-thumbnail\">\n              <img decoding=\"async\" src=\"https:\/\/agripedia.ch\/forum-wasser-landwirtschaft\/wp-content\/uploads\/sites\/64\/2025\/10\/2013_salat-im-regen_lid-scaled.jpg\" alt=\"Klimatische Trends\" \/>\n          <\/div>\n  <\/a>\n  <div class=\"agripedia-home-post-content\">\n          <h2 class=\"agripedia-home-post-title\">\n                  <a href=\"https:\/\/agripedia.ch\/forum-wasser-landwirtschaft\/klimatische-trends\/\" target=\"_blank\" rel=\"noopener noreferrer\">\n        \n          Klimatische Trends\n                  <\/a>\n              <\/h2>\n    \n          <p class=\"agripedia-home-post-excerpt\">In Zukunft wird Wasser knapper, die Hitzeperioden l\u00e4nger und die Regenf\u00e4lle st\u00e4rker. Wie genau und wo zeigen die Trends von MeteoSchweiz. Dies hilft, fr\u00fchzeitig Massnahmen zu ergreifen, um grossen Sch\u00e4den vorzubeugen. Bild: LID<\/p>\n      <\/div>\n<\/div>\n<\/div>\n<\/div>\n\n\n\n<div style=\"height:21px\" aria-hidden=\"true\" class=\"wp-block-spacer\"><\/div>\n\n\n\n<p class=\"has-normal-font-size\"><strong>Wissen<\/strong><\/p>\n\n\n\n<p class=\"has-normal-font-size\">aqua viva, 2023. <a href=\"https:\/\/agripedia.ch\/forum-wasser-landwirtschaft\/wp-content\/uploads\/sites\/64\/2026\/02\/aqua-viva-2-2023-positionen.pdf\" target=\"_blank\" rel=\"noreferrer noopener\">Die Grundlage sch\u00fctzen<\/a>. Wasserextensive Landwirtschaft f\u00f6rdern. aqua viva 2\/2023.<\/p>\n\n\n\n<p class=\"has-normal-font-size\">Baumgartner T., Heinz M., Turek M. E., Erismann G., Kohling M., Aasen H.,&nbsp;Holzk\u00e4mper A., 2025. <a href=\"https:\/\/agripedia.ch\/forum-wasser-landwirtschaft\/wp-content\/uploads\/sites\/64\/2026\/01\/SwissirrigationInfo-2025.pdf\" target=\"_blank\" rel=\"noreferrer noopener\">SwissIrrigationInfo<\/a>. Modellbasierte Sch\u00e4tzungen des Wasserverbrauchs f\u00fcr Bew\u00e4sserung in der Schweiz. Studie im Auftrag des Bundesamtes f\u00fcr Umwelt BAFU \u2013 August 2025. Agroscope Science | Nr. 212 \/ 2025<\/p>\n\n\n\n<p class=\"has-normal-font-size\">Bundesbeh\u00f6rden der Schweizerischen Eidgenossenschaft, 2026. <a href=\"https:\/\/www.trockenheit.admin.ch\/de\" target=\"_blank\" rel=\"noreferrer noopener\">Nationale Trockenheitsplattform<\/a>. <\/p>\n\n\n\n<p class=\"has-normal-font-size\">Ellison D., Morris C.E., Locatelli B., Sheil D., Cohen J., Murdiyarso D., Gutierrez V., van Noordwijk M., Creed I.F., Pokorny J., Gaveau D., Spracklen D.V., Bargu\u00e9s Tobella A., Ilstedt U., Teuling A.J., Gebreyohannis Gebrehiwot S., Sands D.C., Muys B., Verbist B., Springgay E., Sugandi Y., Sullivan C.A., 2017. Trees, forests and water: Cool insights for a hot world. <a href=\"http:\/\/dx.doi.org\/10.1016\/j.gloenvcha.2017.01.002\" target=\"_blank\" rel=\"noreferrer noopener\">Research paper<\/a>. Global Environmental Change, Volume 43,&nbsp;M\u00e4rz 2017, Seiten 51-61. Keywords: Wald, Wasser, Klima, Kohlenstoff, Wiederaufforstung, Mitigation, Anpassung, Nachhaltigkeit. <a href=\"https:\/\/agripedia.ch\/forum-wasser-landwirtschaft\/wp-content\/uploads\/sites\/64\/2026\/01\/ARTIKE1.pdf\" target=\"_blank\" rel=\"noreferrer noopener\">Deutsche Zusammenfassung<\/a> hier.<\/p>\n\n\n\n<p class=\"has-normal-font-size\">Holzk\u00e4mper A., 2025. <a href=\"https:\/\/agripedia.ch\/forum-wasser-landwirtschaft\/wp-content\/uploads\/sites\/64\/2026\/01\/3-Holzkaemper_LM-Tagung2025.pdf\" target=\"_blank\" rel=\"noreferrer noopener\">Konkurrenz um Wasser &#8211; aktuelle und k\u00fcnftige Nutzungskonflikte<\/a>. Pr\u00e4sentation von Agroscope an der Tagung Landmanagement vom 23.  Januar 2025.<\/p>\n\n\n\n<p class=\"has-normal-font-size\">Rosenbaum H., 2025. LID: <a href=\"https:\/\/www.lid.ch\/artikel\/artikelserie-hochwasser-und-landwirtschaft-teil-2-hochwasser-naturgefahrenrisiko-nummer-1-in-der-landwirtschaft\" target=\"_blank\" rel=\"noreferrer noopener\">Hochwasser: Naturgefahrenrisiko Nummer 1 in der Landwirtschaft<\/a>. <\/p>\n\n\n\n<p class=\"has-normal-font-size\">SpongeScapes, 2024. <a href=\"https:\/\/agripedia.ch\/forum-wasser-landwirtschaft\/wp-content\/uploads\/sites\/64\/2026\/01\/SpongeScapes_Policy-Brief-No.-1_From-Drainage-to-Water-Retention.pdf\" target=\"_blank\" rel=\"noreferrer noopener\">From Drainage to Water Retention<\/a>. Advancing a Paradigm Shift Towards Sponge Landscapes for Enhanced Climate Resilience. Policy Brief, September 2024. Keywords: Landmanagement, Schwammland, Boden, Wasser, Stakeholder<\/p>\n\n\n\n<p class=\"has-normal-font-size\">Zahner S. und Chaix O., 2023.<a href=\"https:\/\/agripedia.ch\/forum-wasser-landwirtschaft\/wp-content\/uploads\/sites\/64\/2026\/02\/aqua-viva-2-2023-artikel-samuel-zahner-olivier-chaix.pdf\" target=\"_blank\" rel=\"noreferrer noopener\"> Wasserressourcenmanagement nach Schweizer Art: gestern &#8211; heute &#8211; morgen<\/a>. aqua viva 2\/2023.<\/p>\n\n\n\n<hr class=\"wp-block-separator has-alpha-channel-opacity\"\/>\n\n\n\n<p class=\"has-normal-font-size\">Ihre Beitr\u00e4ge, Hinweise, Erg\u00e4nzungen, Anregungen und Kommentare nehmen wir gerne <a href=\"https:\/\/agripedia.ch\/forum-wasser-landwirtschaft\/kontakt\/\">hier <\/a>entgegen.<\/p>\n\n\n\n<p><\/p>\n","protected":false},"excerpt":{"rendered":"<p>Informieren Sie sich hier \u00fcber die aktuellen Rahmenbedingungen in Bezug auf das Wassermanagement. Wissen aqua viva, 2023. Die Grundlage sch\u00fctzen. Wasserextensive Landwirtschaft f\u00f6rdern. aqua viva 2\/2023. Baumgartner T., Heinz M., Turek M. E., Erismann G., Kohling M., Aasen H.,&nbsp;Holzk\u00e4mper A., 2025. SwissIrrigationInfo. Modellbasierte Sch\u00e4tzungen des Wasserverbrauchs f\u00fcr Bew\u00e4sserung in der Schweiz. Studie im Auftrag des [&hellip;]<\/p>\n","protected":false},"author":234,"featured_media":0,"parent":0,"menu_order":0,"comment_status":"closed","ping_status":"closed","template":"","meta":{"_sb_is_suggestion_mode":false,"_sb_show_suggestion_boards":false,"_sb_show_comment_boards":false,"_sb_suggestion_history":"","_sb_update_block_changes":"","om_disable_all_campaigns":false,"advgb_blocks_editor_width":"","advgb_blocks_columns_visual_guide":"","_monsterinsights_skip_tracking":false,"_monsterinsights_sitenote_active":false,"_monsterinsights_sitenote_note":"","_monsterinsights_sitenote_category":0,"footnotes":""},"class_list":["post-61383","page","type-page","status-publish","hentry"],"coauthors":[{"link":"https:\/\/agripedia.ch\/forum-wasser-landwirtschaft\/author\/dal0\/","display_name":"dal0"}],"author_meta":{"author_link":"https:\/\/agripedia.ch\/forum-wasser-landwirtschaft\/author\/dal0\/","display_name":"dal0"},"relative_dates":{"created":"Posted 6\u00a0Monaten ago","modified":"Updated 1\u00a0Monat ago"},"absolute_dates":{"created":"Posted on Oktober 23, 2025","modified":"Updated on M\u00e4rz 8, 2026"},"absolute_dates_time":{"created":"Posted on Oktober 23, 2025 14:07","modified":"Updated on M\u00e4rz 8, 2026 16:05"},"featured_img_caption":"","featured_img":false,"series_order":"","_links":{"self":[{"href":"https:\/\/agripedia.ch\/forum-wasser-landwirtschaft\/wp-json\/wp\/v2\/pages\/61383","targetHints":{"allow":["GET"]}}],"collection":[{"href":"https:\/\/agripedia.ch\/forum-wasser-landwirtschaft\/wp-json\/wp\/v2\/pages"}],"about":[{"href":"https:\/\/agripedia.ch\/forum-wasser-landwirtschaft\/wp-json\/wp\/v2\/types\/page"}],"author":[{"embeddable":true,"href":"https:\/\/agripedia.ch\/forum-wasser-landwirtschaft\/wp-json\/wp\/v2\/users\/234"}],"replies":[{"embeddable":true,"href":"https:\/\/agripedia.ch\/forum-wasser-landwirtschaft\/wp-json\/wp\/v2\/comments?post=61383"}],"version-history":[{"count":51,"href":"https:\/\/agripedia.ch\/forum-wasser-landwirtschaft\/wp-json\/wp\/v2\/pages\/61383\/revisions"}],"predecessor-version":[{"id":63782,"href":"https:\/\/agripedia.ch\/forum-wasser-landwirtschaft\/wp-json\/wp\/v2\/pages\/61383\/revisions\/63782"}],"wp:attachment":[{"href":"https:\/\/agripedia.ch\/forum-wasser-landwirtschaft\/wp-json\/wp\/v2\/media?parent=61383"}],"curies":[{"name":"wp","href":"https:\/\/api.w.org\/{rel}","templated":true}]}}