{"id":61377,"date":"2025-10-10T12:10:17","date_gmt":"2025-10-10T10:10:17","guid":{"rendered":"https:\/\/agripedia.ch\/forum-wasser-landwirtschaft\/?page_id=61377"},"modified":"2026-03-19T11:51:15","modified_gmt":"2026-03-19T10:51:15","slug":"wasserspeicher","status":"publish","type":"page","link":"https:\/\/agripedia.ch\/forum-wasser-landwirtschaft\/wasserspeicher\/","title":{"rendered":"Wasser sammeln, speichern und wiederverwenden"},"content":{"rendered":"\n<p class=\"has-normal-font-size\">Wasser wird in offenen Becken, Mulden und Teichen oder in geschlossenen Gef\u00e4ssen wie Zisternen und Tanks f\u00fcr trockene Zeiten gesammelt und gespeichert. Das Sammeln geschieht bei \u00dcberfluss und aus unterschiedlichen Quellen.<\/p>\n\n\n\n<div style=\"height:21px\" aria-hidden=\"true\" class=\"wp-block-spacer\"><\/div>\n\n\n\n<div class=\"wp-block-columns is-layout-flex wp-container-core-columns-is-layout-9d6595d7 wp-block-columns-is-layout-flex\">\n<div class=\"wp-block-column is-layout-flow wp-block-column-is-layout-flow\"><div class=\"agripedia-home-post agripedia-subpage-card\" data-type=\"subpage-card\">\n  <a class=\"agripedia-subpage-card__linkwrap\" href=\"https:\/\/agripedia.ch\/forum-wasser-landwirtschaft\/offene-wasserspeicher-2\/\" target=\"_blank\" rel=\"noopener noreferrer\">    <div class=\"agripedia-home-thumbnail\">\n              <img decoding=\"async\" src=\"https:\/\/agripedia.ch\/forum-wasser-landwirtschaft\/wp-content\/uploads\/sites\/64\/2025\/10\/Teich-baggern-Katzhof2-DAL-scaled.jpg\" alt=\"Offene und geschlossene Wasserspeicher\" \/>\n          <\/div>\n  <\/a>\n  <div class=\"agripedia-home-post-content\">\n          <h2 class=\"agripedia-home-post-title\">\n                  <a href=\"https:\/\/agripedia.ch\/forum-wasser-landwirtschaft\/offene-wasserspeicher-2\/\" target=\"_blank\" rel=\"noopener noreferrer\">\n        \n          Offene und geschlossene Wasserspeicher\n                  <\/a>\n              <\/h2>\n    \n          <p class=\"agripedia-home-post-excerpt\">Die Gr\u00f6sse der Speicherbecken und ihre Gestaltung h\u00e4ngen von verschiedenen Faktoren ab: Wasserbedarf, Wasserangebot, gesetzliche Grundlagen, Kosten, zus\u00e4tzlich erw\u00fcnschte Wirkungen wie zum Beispiel das Niveau der Biodiversit\u00e4t. Bild: AGRIDEA<\/p>\n      <\/div>\n<\/div>\n<\/div>\n\n\n\n<div class=\"wp-block-column is-layout-flow wp-block-column-is-layout-flow\"><div class=\"agripedia-home-post agripedia-subpage-card\" data-type=\"subpage-card\">\n  <a class=\"agripedia-subpage-card__linkwrap\" href=\"https:\/\/agripedia.ch\/forum-wasser-landwirtschaft\/wasser-sammeln\/\" target=\"_blank\" rel=\"noopener noreferrer\">    <div class=\"agripedia-home-thumbnail\">\n              <img decoding=\"async\" src=\"https:\/\/agripedia.ch\/forum-wasser-landwirtschaft\/wp-content\/uploads\/sites\/64\/2026\/02\/20240926_145812-768x1024.jpg\" alt=\"Wasser sammeln und wiederverwenden\" \/>\n          <\/div>\n  <\/a>\n  <div class=\"agripedia-home-post-content\">\n          <h2 class=\"agripedia-home-post-title\">\n                  <a href=\"https:\/\/agripedia.ch\/forum-wasser-landwirtschaft\/wasser-sammeln\/\" target=\"_blank\" rel=\"noopener noreferrer\">\n        \n          Wasser sammeln und wiederverwenden\n                  <\/a>\n              <\/h2>\n    \n          <p class=\"agripedia-home-post-excerpt\">Um Wasser speichern zu k\u00f6nnen, muss es gesammelt werden. Je nach Betrieb stehen daf\u00fcr verschiedene Quellen zur Verf\u00fcgung. Idealerweise erg\u00e4nzt man diese Aktivit\u00e4t mit dem effizienten Umgang mit Wasser, indem man es mehrmals verwendet. Die Qualit\u00e4t ist dabei zu beachten. Bild: AGRIDEA<\/p>\n      <\/div>\n<\/div>\n<\/div>\n<\/div>\n\n\n\n<div style=\"height:21px\" aria-hidden=\"true\" class=\"wp-block-spacer\"><\/div>\n\n\n\n<p class=\"has-normal-font-size\"><strong>Hier finden Sie allgemeine Informationen zu Projekten, die sich unter anderem mit Wasserspeichern befassen:<\/strong><\/p>\n\n\n\n<p class=\"has-normal-font-size\">Bieri A., 2024. Fokus:&nbsp;<a href=\"https:\/\/www.horizonte-magazin.ch\/2024\/09\/05\/stadt-land-bewaesserung\/\" target=\"_blank\" rel=\"noreferrer noopener\">Ringen ums Wasser; Stadt, Land, Bew\u00e4sserung<\/a>. Artikel in: Horizonte, Das Schweizer Forschungsmagazin<\/p>\n\n\n\n<p class=\"has-normal-font-size\">Franke S., 2022 &#8211; 2024. <a href=\"https:\/\/www.wasser-retention.de\/wasser-auf-den-flaechen-halten\" target=\"_blank\" rel=\"noreferrer noopener\">Wasser auf den Fl\u00e4chen halten!<\/a> Klimapraxis gUG<\/p>\n\n\n\n<p class=\"has-normal-font-size\">Franke S., 2025. <a href=\"https:\/\/agripedia.ch\/forum-wasser-landwirtschaft\/wp-content\/uploads\/sites\/64\/2025\/11\/Oekologie-und-Natur_2025_Wasser-ernten-und-nutzen_Sassa-Franke.pdf\" target=\"_blank\" rel=\"noreferrer noopener\">Wasser ernten und nutzen<\/a>. Oekologie &amp; Landbau 03\/2025, S. 30-31<\/p>\n\n\n\n<p class=\"has-normal-font-size\">Grieder S., 2024 &#8211; 2030.  <a href=\"https:\/\/kanton.baselland.ch\/volkswirtschafts-und-gesundheitsdirektion\/landw-zentrum-ebenrain\/landwirtschaft\/slow-water\" target=\"_blank\" rel=\"noreferrer noopener\">\u00abSlow Water\u00bb f\u00fcr unsere Kulturlandschaft<\/a>. Ebenrain-Zentrum f\u00fcr Landwirtschaft, Natur und Ern\u00e4hrung<\/p>\n\n\n\n<p class=\"has-normal-font-size\">Kilcher L., 2024. <a href=\"https:\/\/kanton.baselland.ch\/volkswirtschafts-und-gesundheitsdirektion\/landw-zentrum-ebenrain\/files\/slowwater\/slowwater_artikel_agridea_2024_05.pdf\/@@download\/file\/slowwater_artikel_agridea_2024_05.pdf\" target=\"_blank\" rel=\"noreferrer noopener\">Das Wasser dort halten, wo es gebraucht wird<\/a>. UFA Revue 5:24. <\/p>\n\n\n\n<p class=\"has-normal-font-size\">Messmer R., 2025. <a href=\"https:\/\/arenenberg.tg.ch\/innovationsprojekte\/wassermanagement.html\/15269\" target=\"_blank\" rel=\"noreferrer noopener\">Ressourcenprojekt Integrales Wassermanagement<\/a>.<\/p>\n\n\n\n<p class=\"has-normal-font-size\">Schwegler M., Meierhans C., 2021 &#8211; 2024. Projekt: <a href=\"https:\/\/wasserkultur.ch\/projektinfos\/\" target=\"_blank\" rel=\"noreferrer noopener\">WasserKulturKatzhof<\/a>. <\/p>\n\n\n\n<hr class=\"wp-block-separator has-alpha-channel-opacity\"\/>\n\n\n\n<p class=\"has-normal-font-size\">Ihre Beitr\u00e4ge, Hinweise, Erg\u00e4nzungen, Anregungen und Kommentare nehmen wir gerne <a href=\"https:\/\/agripedia.ch\/forum-wasser-landwirtschaft\/kontakt\/\">hier <\/a>entgegen.<\/p>\n","protected":false},"excerpt":{"rendered":"<p>Wasser wird in offenen Becken, Mulden und Teichen oder in geschlossenen Gef\u00e4ssen wie Zisternen und Tanks f\u00fcr trockene Zeiten gesammelt und gespeichert. Das Sammeln geschieht bei \u00dcberfluss und aus unterschiedlichen Quellen. Hier finden Sie allgemeine Informationen zu Projekten, die sich unter anderem mit Wasserspeichern befassen: Bieri A., 2024. Fokus:&nbsp;Ringen ums Wasser; Stadt, Land, Bew\u00e4sserung. Artikel [&hellip;]<\/p>\n","protected":false},"author":234,"featured_media":0,"parent":0,"menu_order":0,"comment_status":"closed","ping_status":"closed","template":"","meta":{"_sb_is_suggestion_mode":false,"_sb_show_suggestion_boards":false,"_sb_show_comment_boards":false,"_sb_suggestion_history":"","_sb_update_block_changes":"","om_disable_all_campaigns":false,"advgb_blocks_editor_width":"","advgb_blocks_columns_visual_guide":"","_monsterinsights_skip_tracking":false,"_monsterinsights_sitenote_active":false,"_monsterinsights_sitenote_note":"","_monsterinsights_sitenote_category":0,"footnotes":""},"class_list":["post-61377","page","type-page","status-publish","hentry"],"coauthors":[{"link":"https:\/\/agripedia.ch\/forum-wasser-landwirtschaft\/author\/dal0\/","display_name":"dal0"}],"author_meta":{"author_link":"https:\/\/agripedia.ch\/forum-wasser-landwirtschaft\/author\/dal0\/","display_name":"dal0"},"relative_dates":{"created":"Posted 6\u00a0Monaten ago","modified":"Updated 3\u00a0Wochen ago"},"absolute_dates":{"created":"Posted on Oktober 10, 2025","modified":"Updated on M\u00e4rz 19, 2026"},"absolute_dates_time":{"created":"Posted on Oktober 10, 2025 12:10","modified":"Updated on M\u00e4rz 19, 2026 11:51"},"featured_img_caption":"","featured_img":false,"series_order":"","_links":{"self":[{"href":"https:\/\/agripedia.ch\/forum-wasser-landwirtschaft\/wp-json\/wp\/v2\/pages\/61377","targetHints":{"allow":["GET"]}}],"collection":[{"href":"https:\/\/agripedia.ch\/forum-wasser-landwirtschaft\/wp-json\/wp\/v2\/pages"}],"about":[{"href":"https:\/\/agripedia.ch\/forum-wasser-landwirtschaft\/wp-json\/wp\/v2\/types\/page"}],"author":[{"embeddable":true,"href":"https:\/\/agripedia.ch\/forum-wasser-landwirtschaft\/wp-json\/wp\/v2\/users\/234"}],"replies":[{"embeddable":true,"href":"https:\/\/agripedia.ch\/forum-wasser-landwirtschaft\/wp-json\/wp\/v2\/comments?post=61377"}],"version-history":[{"count":36,"href":"https:\/\/agripedia.ch\/forum-wasser-landwirtschaft\/wp-json\/wp\/v2\/pages\/61377\/revisions"}],"predecessor-version":[{"id":63823,"href":"https:\/\/agripedia.ch\/forum-wasser-landwirtschaft\/wp-json\/wp\/v2\/pages\/61377\/revisions\/63823"}],"wp:attachment":[{"href":"https:\/\/agripedia.ch\/forum-wasser-landwirtschaft\/wp-json\/wp\/v2\/media?parent=61377"}],"curies":[{"name":"wp","href":"https:\/\/api.w.org\/{rel}","templated":true}]}}