{"id":61344,"date":"2025-10-10T17:44:52","date_gmt":"2025-10-10T15:44:52","guid":{"rendered":"https:\/\/agripedia.ch\/forum-wasser-landwirtschaft\/?page_id=61344"},"modified":"2026-03-19T12:57:12","modified_gmt":"2026-03-19T11:57:12","slug":"bodenbedeckung","status":"publish","type":"page","link":"https:\/\/agripedia.ch\/forum-wasser-landwirtschaft\/bodenbedeckung\/","title":{"rendered":"Bodenbedeckung"},"content":{"rendered":"\n<div class=\"wp-block-columns is-layout-flex wp-container-core-columns-is-layout-9d6595d7 wp-block-columns-is-layout-flex\">\n<div class=\"wp-block-column is-layout-flow wp-block-column-is-layout-flow\">\n<figure class=\"wp-block-image size-large\"><img loading=\"lazy\" decoding=\"async\" width=\"768\" height=\"1024\" src=\"https:\/\/agripedia.ch\/forum-wasser-landwirtschaft\/wp-content\/uploads\/sites\/64\/2025\/11\/Erosion-ZG-DAL-1-768x1024.jpg\" alt=\"\" class=\"wp-image-62229\" srcset=\"https:\/\/agripedia.ch\/forum-wasser-landwirtschaft\/wp-content\/uploads\/sites\/64\/2025\/11\/Erosion-ZG-DAL-1-768x1024.jpg 768w, https:\/\/agripedia.ch\/forum-wasser-landwirtschaft\/wp-content\/uploads\/sites\/64\/2025\/11\/Erosion-ZG-DAL-1-225x300.jpg 225w, https:\/\/agripedia.ch\/forum-wasser-landwirtschaft\/wp-content\/uploads\/sites\/64\/2025\/11\/Erosion-ZG-DAL-1-1152x1536.jpg 1152w, https:\/\/agripedia.ch\/forum-wasser-landwirtschaft\/wp-content\/uploads\/sites\/64\/2025\/11\/Erosion-ZG-DAL-1-1536x2048.jpg 1536w, https:\/\/agripedia.ch\/forum-wasser-landwirtschaft\/wp-content\/uploads\/sites\/64\/2025\/11\/Erosion-ZG-DAL-1-1200x1600.jpg 1200w, https:\/\/agripedia.ch\/forum-wasser-landwirtschaft\/wp-content\/uploads\/sites\/64\/2025\/11\/Erosion-ZG-DAL-1-1980x2640.jpg 1980w, https:\/\/agripedia.ch\/forum-wasser-landwirtschaft\/wp-content\/uploads\/sites\/64\/2025\/11\/Erosion-ZG-DAL-1-scaled.jpg 1920w\" sizes=\"auto, (max-width: 768px) 100vw, 768px\" \/><\/figure>\n<\/div>\n\n\n\n<div class=\"wp-block-column is-layout-flow wp-block-column-is-layout-flow\">\n<figure class=\"wp-block-image size-large\"><img loading=\"lazy\" decoding=\"async\" width=\"768\" height=\"1024\" src=\"https:\/\/agripedia.ch\/forum-wasser-landwirtschaft\/wp-content\/uploads\/sites\/64\/2025\/11\/Bodenbedeckung2-Ziegelried-DAL-768x1024.jpg\" alt=\"\" class=\"wp-image-62224\" srcset=\"https:\/\/agripedia.ch\/forum-wasser-landwirtschaft\/wp-content\/uploads\/sites\/64\/2025\/11\/Bodenbedeckung2-Ziegelried-DAL-768x1024.jpg 768w, https:\/\/agripedia.ch\/forum-wasser-landwirtschaft\/wp-content\/uploads\/sites\/64\/2025\/11\/Bodenbedeckung2-Ziegelried-DAL-225x300.jpg 225w, https:\/\/agripedia.ch\/forum-wasser-landwirtschaft\/wp-content\/uploads\/sites\/64\/2025\/11\/Bodenbedeckung2-Ziegelried-DAL-1152x1536.jpg 1152w, https:\/\/agripedia.ch\/forum-wasser-landwirtschaft\/wp-content\/uploads\/sites\/64\/2025\/11\/Bodenbedeckung2-Ziegelried-DAL-1536x2048.jpg 1536w, https:\/\/agripedia.ch\/forum-wasser-landwirtschaft\/wp-content\/uploads\/sites\/64\/2025\/11\/Bodenbedeckung2-Ziegelried-DAL-1200x1600.jpg 1200w, https:\/\/agripedia.ch\/forum-wasser-landwirtschaft\/wp-content\/uploads\/sites\/64\/2025\/11\/Bodenbedeckung2-Ziegelried-DAL-1980x2640.jpg 1980w, https:\/\/agripedia.ch\/forum-wasser-landwirtschaft\/wp-content\/uploads\/sites\/64\/2025\/11\/Bodenbedeckung2-Ziegelried-DAL-scaled.jpg 1920w\" sizes=\"auto, (max-width: 768px) 100vw, 768px\" \/><\/figure>\n<\/div>\n\n\n\n<div class=\"wp-block-column is-layout-flow wp-block-column-is-layout-flow\">\n<figure class=\"wp-block-image size-large\"><img loading=\"lazy\" decoding=\"async\" width=\"768\" height=\"1024\" src=\"https:\/\/agripedia.ch\/forum-wasser-landwirtschaft\/wp-content\/uploads\/sites\/64\/2025\/12\/20251216_121929-1-768x1024.jpg\" alt=\"\" class=\"wp-image-62491\" srcset=\"https:\/\/agripedia.ch\/forum-wasser-landwirtschaft\/wp-content\/uploads\/sites\/64\/2025\/12\/20251216_121929-1-768x1024.jpg 768w, https:\/\/agripedia.ch\/forum-wasser-landwirtschaft\/wp-content\/uploads\/sites\/64\/2025\/12\/20251216_121929-1-225x300.jpg 225w, https:\/\/agripedia.ch\/forum-wasser-landwirtschaft\/wp-content\/uploads\/sites\/64\/2025\/12\/20251216_121929-1-1152x1536.jpg 1152w, https:\/\/agripedia.ch\/forum-wasser-landwirtschaft\/wp-content\/uploads\/sites\/64\/2025\/12\/20251216_121929-1-1536x2048.jpg 1536w, https:\/\/agripedia.ch\/forum-wasser-landwirtschaft\/wp-content\/uploads\/sites\/64\/2025\/12\/20251216_121929-1-1200x1600.jpg 1200w, https:\/\/agripedia.ch\/forum-wasser-landwirtschaft\/wp-content\/uploads\/sites\/64\/2025\/12\/20251216_121929-1-1980x2640.jpg 1980w, https:\/\/agripedia.ch\/forum-wasser-landwirtschaft\/wp-content\/uploads\/sites\/64\/2025\/12\/20251216_121929-1-scaled.jpg 1920w\" sizes=\"auto, (max-width: 768px) 100vw, 768px\" \/><\/figure>\n<\/div>\n<\/div>\n\n\n\n<p class=\"has-larger-font-size\"><strong>Wirkung der Bodenbedeckung<\/strong><\/p>\n\n\n\n<p class=\"has-normal-font-size\">Die Bedeckung der landwirtschaftlichen Fl\u00e4che ist sehr wichtig, um einerseits Erosion zu verhindern und andererseits die Bodentemperatur so tief zu halten, dass das Bodenleben gesch\u00fctzt und die Verdunstungsverluste minimiert werden. Ab einer Bodentemperatur von 32\u00b0C reduziert sich das Pflanzenwachstum, ab 45\u00b0C sterben die ersten Bodenbakterien ab. Eine Ackerfl\u00e4che ohne Bodenbedeckung kann bei einer Lufttemperatur von 35\u00b0C zum Beispiel bis zu 60\u00b0C erreichen. Ein gut bedeckter Boden erreicht ca. 30\u00b0C.<\/p>\n\n\n\n<blockquote class=\"wp-block-quote is-layout-flow wp-block-quote-is-layout-flow\">\n<p class=\"has-normal-font-size\"><strong>&#8222;Unbewachsener, gepfl\u00fcgter Boden wird heisser als Asphalt.&#8220;<\/strong> (<a href=\"https:\/\/www.ufarevue.ch\/pflanzenbau\/warum-boeden-vor-hitze-zu-schuetzen-sind\" target=\"_blank\" rel=\"noreferrer noopener\">Zitat Liniger und Askrabic<\/a>)<\/p>\n<\/blockquote>\n\n\n\n<p class=\"has-larger-font-size\"><strong>Pflanzendecke oder Mulch<\/strong><\/p>\n\n\n\n<p class=\"has-normal-font-size\">Wird der Boden mit wachsenden Pflanzen wie Zwischenkulturen oder Gr\u00fcnd\u00fcngungen  bedeckt, findet Transpiration statt. Dabei nimmt das transpirierte Wasser Bakterien und weitere Kleinteilen, die sich auf der Pflanze befinden, mit. Sie dienen dem Wasser der Nukleation, das heisst, das Wasser kann einen Regentropfen bilden. Der lokale <a href=\"https:\/\/agripedia.ch\/forum-wasser-landwirtschaft\/wasserkreislauf\/\" target=\"_blank\" rel=\"noreferrer noopener\">Wasserkreislauf<\/a> wird gef\u00f6rdert.  Zwischenkulturen und Gr\u00fcnd\u00fcngungen eignen sich daf\u00fcr gut. <\/p>\n\n\n\n<p class=\"has-normal-font-size\">Mischt man Pflanzen mit tiefen Wurzeln mit Flachwurzlern, holen die Tiefwurzler bei feuchtem Boden nachts das Wasser aus der Tiefe in die trockeneren Bodenschichten der Flachwurzler, wo diese dann tags\u00fcber davon profitieren k\u00f6nnen (Isodrones, <a href=\"https:\/\/www.youtube.com\/watch?v=ismOYjrJMl8\" target=\"_blank\" rel=\"noreferrer noopener\">Hydraulische Umverteilung<\/a>). Die Mykorrhizen unterst\u00fctzen diesen Transfer (Isodrones, <a href=\"https:\/\/www.youtube.com\/watch?v=GlqTeVAQ-ho\" target=\"_blank\" rel=\"noreferrer noopener\">Mykorrhiza<\/a>).<\/p>\n\n\n\n<div class=\"wp-block-columns is-layout-flex wp-container-core-columns-is-layout-9d6595d7 wp-block-columns-is-layout-flex\">\n<div class=\"wp-block-column is-layout-flow wp-block-column-is-layout-flow\">\n<figure class=\"wp-block-image size-large is-resized\"><img loading=\"lazy\" decoding=\"async\" width=\"1024\" height=\"784\" src=\"https:\/\/agripedia.ch\/forum-wasser-landwirtschaft\/wp-content\/uploads\/sites\/64\/2026\/02\/image-1024x784.png\" alt=\"\" class=\"wp-image-63237\" style=\"aspect-ratio:4\/3;object-fit:cover;width:331px;height:auto\" srcset=\"https:\/\/agripedia.ch\/forum-wasser-landwirtschaft\/wp-content\/uploads\/sites\/64\/2026\/02\/image-1024x784.png 1024w, https:\/\/agripedia.ch\/forum-wasser-landwirtschaft\/wp-content\/uploads\/sites\/64\/2026\/02\/image-300x230.png 300w, https:\/\/agripedia.ch\/forum-wasser-landwirtschaft\/wp-content\/uploads\/sites\/64\/2026\/02\/image-768x588.png 768w, https:\/\/agripedia.ch\/forum-wasser-landwirtschaft\/wp-content\/uploads\/sites\/64\/2026\/02\/image-1200x918.png 1200w, https:\/\/agripedia.ch\/forum-wasser-landwirtschaft\/wp-content\/uploads\/sites\/64\/2026\/02\/image.png 1283w\" sizes=\"auto, (max-width: 1024px) 100vw, 1024px\" \/><\/figure>\n<\/div>\n\n\n\n<div class=\"wp-block-column is-layout-flow wp-block-column-is-layout-flow\">\n<figure class=\"wp-block-image size-full is-resized\"><img loading=\"lazy\" decoding=\"async\" width=\"1008\" height=\"573\" src=\"https:\/\/agripedia.ch\/forum-wasser-landwirtschaft\/wp-content\/uploads\/sites\/64\/2026\/02\/image-1.png\" alt=\"\" class=\"wp-image-63239\" style=\"aspect-ratio:1.3333333333333333;object-fit:cover;width:331px;height:auto\" srcset=\"https:\/\/agripedia.ch\/forum-wasser-landwirtschaft\/wp-content\/uploads\/sites\/64\/2026\/02\/image-1.png 1008w, https:\/\/agripedia.ch\/forum-wasser-landwirtschaft\/wp-content\/uploads\/sites\/64\/2026\/02\/image-1-300x171.png 300w, https:\/\/agripedia.ch\/forum-wasser-landwirtschaft\/wp-content\/uploads\/sites\/64\/2026\/02\/image-1-768x437.png 768w\" sizes=\"auto, (max-width: 1008px) 100vw, 1008px\" \/><\/figure>\n<\/div>\n<\/div>\n\n\n\n<p>Bilderquelle: Hydraulische Pumpe und Mykorrhiza, Isodrones<\/p>\n\n\n\n<div style=\"height:10px\" aria-hidden=\"true\" class=\"wp-block-spacer\"><\/div>\n\n\n\n<p class=\"has-normal-font-size\">Durch den Anbau einer Zwischenfrucht werden die Mikroorganismen durch gezieltes F\u00fcttern mit Wurzelausscheidungen gef\u00f6rdert . Die \u00dcberreste der Begr\u00fcnungspflanzen bleiben als Mulch auf dem Acker erhalten und dienen weiter dem Erosionsschutz und bieten f\u00fcr gr\u00f6\u00dfere Bodenbewohner wie Regenwurm, Asseln und Co. ein gutes Nahrungsangebot (<a href=\"https:\/\/www.bodenistleben.at\/eip-boden.biodiversitaet\/\" target=\"_blank\" rel=\"noreferrer noopener\">Projekt \u201eBoden.Biodiversit\u00e4t\u201c<\/a>).<\/p>\n\n\n\n<p class=\"has-normal-font-size\">Eine Mulch- oder Strohabdeckung verhindert, dass der Regen direkt auf den Boden trifft. Dadurch kann der Boden mehr Wasser aufnehmen und die <a href=\"https:\/\/themes.agripedia.ch\/massnahmen-zur-vermeidung-von-abdrift-und-abschwemmung-im-feldbau\/#:~:text=Mulch%2D%20oder%20Strohstreifen%20(1%20Abschwemmungs%2DPunkt),-Mit%20Stroh%20bedeckte&amp;text=Eine%20Mulch%2D%20oder%20Strohabdeckung%20verhindert,oder%20dort%20wo%20Abschwemmung%20entsteht.\" target=\"_blank\" rel=\"noreferrer noopener\">Abschwemmung <\/a>wird reduziert. Weiter wird die Verdunstung des Wassers verhindert. Die Feuchtigkeit bleibt im Boden und kann l\u00e4nger von den Pflanzen aufgenommen werden. Das Bodenleben wird ebenfalls gesch\u00fctzt, obwohl Mulch die Oberfl\u00e4che weniger abk\u00fchlt als eine lebendige, wachsende Pflanzenbedeckung.<\/p>\n\n\n\n<div style=\"height:21px\" aria-hidden=\"true\" class=\"wp-block-spacer\"><\/div>\n\n\n\n<p class=\"has-normal-font-size\"><strong>Mehr zu Pflanzendecken und Mulch:<\/strong><\/p>\n\n\n\n<p class=\"has-normal-font-size\">Mittermeier C., 2021. Etablierung von&nbsp;<strong>Da<\/strong>uerhaftem&nbsp;<strong>Le<\/strong>bendmulch im&nbsp;<strong>A<\/strong>ckerbau \u00fcber diverse Fruchtfolgen mit Winterungen und Sommerungen (<a href=\"https:\/\/www.dalea.blog\/\" target=\"_blank\" rel=\"noreferrer noopener\">DaLeA<\/a>).<\/p>\n\n\n\n<div style=\"height:21px\" aria-hidden=\"true\" class=\"wp-block-spacer\"><\/div>\n\n\n\n<p class=\"has-larger-font-size\"><strong>Links zum Thema Bodenbedeckung:<\/strong><\/p>\n\n\n\n<ul class=\"wp-block-list\">\n<li class=\"has-normal-font-size\"><a href=\"https:\/\/themes.agripedia.ch\/angemessene-bedeckung-des-bodens-im-ackerbau\/\" target=\"_blank\" rel=\"noreferrer noopener\">Beitr\u00e4ge <\/a>f\u00fcr Bedeckung des Bodens im Ackerbau<\/li>\n\n\n\n<li class=\"has-normal-font-size\"><a href=\"https:\/\/themes.agripedia.ch\/zwischenkulturen-und-gruenduengungen\/#:~:text=4%20Mulchschicht,Wasserregulierungsf%C3%A4higkeit%20des%20Bodens%20positiv%20beeinflussen.\" target=\"_blank\" rel=\"noreferrer noopener\">Zwischenkulturen und Gr\u00fcnd\u00fcngungen<\/a><\/li>\n\n\n\n<li class=\"has-normal-font-size\"><a href=\"https:\/\/www.lid.ch\/artikel\/gruenduengung-die-pflanzen-die-niemand-erntet-und-doch-alle-ernaehren?utm_medium=email&amp;utm_source=mailXpert&amp;utm_campaign=Mediendienst&amp;utm_content=LID-Mediendienst%3A%20Kaffeeverarbeitung%20und%20-konsum%20in%20der%20Schweiz\" target=\"_blank\" rel=\"noreferrer noopener\">Gr\u00fcnd\u00fcngung: Die Pflanzen, die niemand erntet \u2013 und doch alle ern\u00e4hren<\/a> (LID)<\/li>\n\n\n\n<li class=\"has-normal-font-size\"><a href=\"https:\/\/themes.agripedia.ch\/agronomische-massnahmen\/\" target=\"_blank\" rel=\"noreferrer noopener\">Untersaaten, Einsaaten und Saum auf Ackerland<\/a><\/li>\n\n\n\n<li class=\"has-normal-font-size\"><a href=\"https:\/\/www.youtube.com\/watch?v=Ra8xkwdRjgU\" target=\"_blank\" rel=\"noreferrer noopener\">Untersaaten im Getreide<\/a> &#8211; ein Schl\u00fcssel um klimaresilienten Ackerbau (Video, FiBL)<\/li>\n\n\n\n<li class=\"has-normal-font-size\">Kurs zu <a href=\"https:\/\/www.lid.ch\/artikel\/unsere-kulturen-brauchen-wasser-nicht-unbedingt-bewaesserung\" target=\"_blank\" rel=\"noreferrer noopener\">Bodenbedeckung <\/a>und Wasserkreislauf in Bavois VD (Januar 2025, LID)<\/li>\n\n\n\n<li class=\"has-normal-font-size\"><a href=\"https:\/\/forschung.boku.ac.at\/de\/projects\/13156\" target=\"_blank\" rel=\"noreferrer noopener\">Projekt <\/a>Wassersparender Bio-Ackerbau in Ober\u00f6sterreich: <a href=\"https:\/\/www.zukunftsraumland.at\/medien\/podcasts\/\" target=\"_blank\" rel=\"noreferrer noopener\">Podcast Nr. 5<\/a><\/li>\n\n\n\n<li class=\"has-normal-font-size\">Projekt <a href=\"https:\/\/www.optero-kartoffel.at\/versuchsvarianten\/\" target=\"_blank\" rel=\"noreferrer noopener\">Optero<\/a>: <strong>Opt<\/strong>imierung des&nbsp;<strong>Ero<\/strong>sionsschutzes im Kartoffelbau, <a href=\"https:\/\/www.zukunftsraumland.at\/medien\/podcasts\/\" target=\"_blank\" rel=\"noreferrer noopener\">Podcast Nr. 4<\/a><\/li>\n\n\n\n<li class=\"has-normal-font-size\"><a href=\"https:\/\/so.ch\/verwaltung\/volkswirtschaftsdepartement\/amt-fuer-landwirtschaft\/direktzahlungen-und-foerderprogramme\/ressourcenprogramm\/ressourcenprojekt-staffelkulturen\/\" target=\"_blank\" rel=\"noreferrer noopener\">Projekt Staffelkulturen<\/a>, Kanton Solothurn, mit Erkl\u00e4rvideo<\/li>\n\n\n\n<li class=\"has-normal-font-size\">Swiss No-Till. <a href=\"https:\/\/no-till.ch\/bodenbedeckung-2\/\" target=\"_blank\" rel=\"noreferrer noopener\">Bodenbedeckung<\/a>.<\/li>\n<\/ul>\n\n\n\n<p><\/p>\n","protected":false},"excerpt":{"rendered":"<p>Wirkung der Bodenbedeckung Die Bedeckung der landwirtschaftlichen Fl\u00e4che ist sehr wichtig, um einerseits Erosion zu verhindern und andererseits die Bodentemperatur so tief zu halten, dass das Bodenleben gesch\u00fctzt und die Verdunstungsverluste minimiert werden. Ab einer Bodentemperatur von 32\u00b0C reduziert sich das Pflanzenwachstum, ab 45\u00b0C sterben die ersten Bodenbakterien ab. Eine Ackerfl\u00e4che ohne Bodenbedeckung kann bei [&hellip;]<\/p>\n","protected":false},"author":234,"featured_media":0,"parent":0,"menu_order":0,"comment_status":"closed","ping_status":"closed","template":"","meta":{"_sb_is_suggestion_mode":false,"_sb_show_suggestion_boards":false,"_sb_show_comment_boards":false,"_sb_suggestion_history":"","_sb_update_block_changes":"","om_disable_all_campaigns":false,"advgb_blocks_editor_width":"","advgb_blocks_columns_visual_guide":"","_monsterinsights_skip_tracking":false,"_monsterinsights_sitenote_active":false,"_monsterinsights_sitenote_note":"","_monsterinsights_sitenote_category":0,"footnotes":""},"class_list":["post-61344","page","type-page","status-publish","hentry"],"coauthors":[{"link":"https:\/\/agripedia.ch\/forum-wasser-landwirtschaft\/author\/dal0\/","display_name":"dal0"}],"author_meta":{"author_link":"https:\/\/agripedia.ch\/forum-wasser-landwirtschaft\/author\/dal0\/","display_name":"dal0"},"relative_dates":{"created":"Posted 6\u00a0Monaten ago","modified":"Updated 3\u00a0Wochen ago"},"absolute_dates":{"created":"Posted on Oktober 10, 2025","modified":"Updated on M\u00e4rz 19, 2026"},"absolute_dates_time":{"created":"Posted on Oktober 10, 2025 17:44","modified":"Updated on M\u00e4rz 19, 2026 12:57"},"featured_img_caption":"","featured_img":false,"series_order":"","_links":{"self":[{"href":"https:\/\/agripedia.ch\/forum-wasser-landwirtschaft\/wp-json\/wp\/v2\/pages\/61344","targetHints":{"allow":["GET"]}}],"collection":[{"href":"https:\/\/agripedia.ch\/forum-wasser-landwirtschaft\/wp-json\/wp\/v2\/pages"}],"about":[{"href":"https:\/\/agripedia.ch\/forum-wasser-landwirtschaft\/wp-json\/wp\/v2\/types\/page"}],"author":[{"embeddable":true,"href":"https:\/\/agripedia.ch\/forum-wasser-landwirtschaft\/wp-json\/wp\/v2\/users\/234"}],"replies":[{"embeddable":true,"href":"https:\/\/agripedia.ch\/forum-wasser-landwirtschaft\/wp-json\/wp\/v2\/comments?post=61344"}],"version-history":[{"count":65,"href":"https:\/\/agripedia.ch\/forum-wasser-landwirtschaft\/wp-json\/wp\/v2\/pages\/61344\/revisions"}],"predecessor-version":[{"id":63862,"href":"https:\/\/agripedia.ch\/forum-wasser-landwirtschaft\/wp-json\/wp\/v2\/pages\/61344\/revisions\/63862"}],"wp:attachment":[{"href":"https:\/\/agripedia.ch\/forum-wasser-landwirtschaft\/wp-json\/wp\/v2\/media?parent=61344"}],"curies":[{"name":"wp","href":"https:\/\/api.w.org\/{rel}","templated":true}]}}