{"id":60149,"date":"2025-02-24T08:19:18","date_gmt":"2025-02-24T07:19:18","guid":{"rendered":"https:\/\/agripedia.ch\/wasserforum\/?page_id=60149"},"modified":"2026-03-08T13:34:26","modified_gmt":"2026-03-08T12:34:26","slug":"wasserkreislauf","status":"publish","type":"page","link":"https:\/\/agripedia.ch\/forum-wasser-landwirtschaft\/wasserkreislauf\/","title":{"rendered":"Wasserkreislauf"},"content":{"rendered":"\n<div class=\"wp-block-columns is-layout-flex wp-container-core-columns-is-layout-9d6595d7 wp-block-columns-is-layout-flex\">\n<div class=\"wp-block-column is-layout-flow wp-block-column-is-layout-flow\" style=\"flex-basis:100%\">\n<p class=\"has-normal-font-size\"><strong>Einf\u00fchrung<\/strong><\/p>\n\n\n\n<p class=\"has-normal-font-size\">Das Klima hat einen Einfluss auf den Wasserkreislauf, ebenso beeinflusst der Wasserkreislauf das Klima. Je nachdem, wie Land genutzt wird, \u00e4ndert sich der Wasserkreislauf. Regen f\u00e4llt entweder in der N\u00e4he, wo das Wasser daf\u00fcr durch Transpiration vorhanden ist, oder er f\u00e4llt erst weit weg herunter, da die verdunstete Feuchtigkeit in grosse H\u00f6he gestiegen ist und mit dem Wind fortgetragen wurde. Ein fehlender lokaler Wasserkreislauf kann durch geeignete Massnahmen regeneriert werden.<\/p>\n\n\n\n<p class=\"has-normal-font-size\">Transpiration, Bodenbedeckung und -struktur, Vegetation, Trockenheit, Hitze, Starkniederschlag, Oberfl\u00e4chenabfluss, blaues und gr\u00fcnes Wasser: Wie beeinflussen sich diese und weitere Begriffe aus dem Wasserkreislauf gegenseitig?<\/p>\n\n\n\n<p class=\"has-normal-font-size\">Der Zusammenhang des lokalen und des globalen Wasserkreislaufs wird erl\u00e4utert und es wird gezeigt, wie die Bewirtschaftung auf Stufe Landwirtschaft dazu beitragen kann, den lokalen Wasserkreislauf zu n\u00e4hren und m\u00f6glichst zu schliessen.<\/p>\n\n\n\n<div style=\"height:21px\" aria-hidden=\"true\" class=\"wp-block-spacer\"><\/div>\n\n\n\n<p class=\"has-normal-font-size\"><strong>Globaler und lokaler Wasserkreislauf<\/strong><\/p>\n\n\n\n<p class=\"has-normal-font-size\">Der Wasserkreislauf wird in einen grossen, globalen Kreislauf und einen kleinen, lokalen Kreislauf aufgeteilt.<\/p>\n\n\n\n<p class=\"has-normal-font-size\">Der globale Wasserkreislauf wird durch die Evaporation der Ozeanmassen angetrieben. Das daraus entstehende Wasser regnet gr\u00f6sstenteils wieder \u00fcber die Meere aus. Ein kleiner Teil gelangt auf das Festland und kann von den Pflanzen aufgenommen werden. Bei uns stammen ca. 65% des Niederschlags jedoch aus dem lokalen Kreislauf<sup data-fn=\"302f12d8-3b98-4b83-a893-6c50ed746bcb\" class=\"fn\"><a href=\"#302f12d8-3b98-4b83-a893-6c50ed746bcb\" id=\"302f12d8-3b98-4b83-a893-6c50ed746bcb-link\">1<\/a><\/sup><sup>,<\/sup><sup data-fn=\"cbc7b4b7-6288-4131-987a-a42f15c39907\" class=\"fn\"><a href=\"#cbc7b4b7-6288-4131-987a-a42f15c39907\" id=\"cbc7b4b7-6288-4131-987a-a42f15c39907-link\">2<\/a><\/sup>.<\/p>\n\n\n\n<figure class=\"wp-block-image size-large is-resized\"><img loading=\"lazy\" decoding=\"async\" width=\"1024\" height=\"667\" src=\"https:\/\/agripedia.ch\/wasserforum\/wp-content\/uploads\/sites\/64\/2025\/03\/Zyklus_Veg_final-1024x667.png\" alt=\"\" class=\"wp-image-60636\" style=\"width:586px;height:auto\" srcset=\"https:\/\/agripedia.ch\/forum-wasser-landwirtschaft\/wp-content\/uploads\/sites\/64\/2025\/03\/Zyklus_Veg_final-1024x667.png 1024w, https:\/\/agripedia.ch\/forum-wasser-landwirtschaft\/wp-content\/uploads\/sites\/64\/2025\/03\/Zyklus_Veg_final-300x196.png 300w, https:\/\/agripedia.ch\/forum-wasser-landwirtschaft\/wp-content\/uploads\/sites\/64\/2025\/03\/Zyklus_Veg_final-768x501.png 768w, https:\/\/agripedia.ch\/forum-wasser-landwirtschaft\/wp-content\/uploads\/sites\/64\/2025\/03\/Zyklus_Veg_final.png 1180w\" sizes=\"auto, (max-width: 1024px) 100vw, 1024px\" \/><figcaption class=\"wp-element-caption\">Bildquelle: Nathalie Dakhel-Robert und Hanspeter Liniger, 2024<br>Abge\u00e4ndert durch Manuela B\u00e4chtold, AGRIDEA<\/figcaption><\/figure>\n\n\n\n<p class=\"has-normal-font-size\">Lokale Kreisl\u00e4ufe sind dadurch definiert, dass sie Wasser \u00fcber regional abgrenzbaren Gebieten verdunsten und wieder abregnen<sup data-fn=\"5696cf59-e0dd-4978-9ca0-dbe3edb99c28\" class=\"fn\"><a href=\"#5696cf59-e0dd-4978-9ca0-dbe3edb99c28\" id=\"5696cf59-e0dd-4978-9ca0-dbe3edb99c28-link\">3<\/a><\/sup>. Der Kreislauf beruht haupts\u00e4chlich darauf, dass Wasser aus Niederschl\u00e4gen (Tau, Regen, Schnee) in den Boden versickert und gespeichert wird, von den Pflanzen f\u00fcr ihr Wachstum genutzt und als Wasserdampf wieder an die Atmosph\u00e4re abgegeben wird. Dabei wird der Umgebung Energie entzogen (latente W\u00e4rme), was zu einer Abk\u00fchlung f\u00fchrt. Bei der Transpiration gibt die Pflanze nebst Wassermolek\u00fcle auch Bakterien, Pilzsporen und volatile Stoffe, welche sich auf ihrer Oberfl\u00e4che befinden, an die umgebende Luft ab. Sie fungieren als Kondensationskerne an denen sich beim Aufsteigen und Abk\u00fchlen der feuchten Luftmassen neue Niederschlagstropfen bilden.<\/p>\n\n\n\n<p class=\"has-normal-font-size\">Je ausgepr\u00e4gter die Bedeckung der Oberfl\u00e4che mit Vegetation, umso gr\u00f6sser sind der Wasseranteil, welcher durch Transpiration wieder in den lokalen Kreislauf gespiesen wird sowie die k\u00fchlende Wirkung auf die Umgebungstemperatur.<\/p>\n\n\n\n<div style=\"height:21px\" aria-hidden=\"true\" class=\"wp-block-spacer\"><\/div>\n\n\n\n<p class=\"has-normal-font-size\"><strong>Wasserkreislauf und Landwirtschaft<\/strong><\/p>\n\n\n\n<p class=\"has-normal-font-size\">Der Wasserkreislauf und auch das Mikroklima stehen unmittelbar in Zusammenhang mit dem Boden und dessen Bewirtschaftung. Mehrere Faktoren beeinflussen die Wasserspeicherf\u00e4higkeit des Bodens: Nebst beispielsweise Bodenart, K\u00f6rnung oder Abfolge der Bodenhorizonte spielen insbesondere Bodenstruktur und Strukturstabilit\u00e4t, Bodenfruchtbarkeit sowie M\u00e4chtigkeit des Bodens eine zentrale Rolle.<\/p>\n\n\n\n<p class=\"has-normal-font-size\">Auf lokaler Ebene ist die Bodenbedeckung eines der wichtigsten Elemente, um den Wasserabfluss zu bremsen und die Wasserinfiltration zu verbessern. Ein weiterer Effekt der Bodenbedeckung ist, dass die bodennahe Luft gek\u00fchlt wird. Dies einerseits durch die bereits erw\u00e4hnte Transpiration (Entzug von latenter W\u00e4rme), anderseits durch die Beschattung. Selbst nachts kann die Temperatur in abgedeckten Systemen tiefer sein, was zu einer h\u00f6heren Luftfeuchtigkeit und Taubildung f\u00fchrt.<\/p>\n\n\n\n<figure class=\"wp-block-image size-large is-resized\"><img loading=\"lazy\" decoding=\"async\" width=\"1024\" height=\"605\" src=\"https:\/\/agripedia.ch\/wasserforum\/wp-content\/uploads\/sites\/64\/2025\/03\/final_Kreislauf_Anb_Nath-1024x605.png\" alt=\"\" class=\"wp-image-60648\" style=\"width:650px;height:auto\" srcset=\"https:\/\/agripedia.ch\/forum-wasser-landwirtschaft\/wp-content\/uploads\/sites\/64\/2025\/03\/final_Kreislauf_Anb_Nath-1024x605.png 1024w, https:\/\/agripedia.ch\/forum-wasser-landwirtschaft\/wp-content\/uploads\/sites\/64\/2025\/03\/final_Kreislauf_Anb_Nath-300x177.png 300w, https:\/\/agripedia.ch\/forum-wasser-landwirtschaft\/wp-content\/uploads\/sites\/64\/2025\/03\/final_Kreislauf_Anb_Nath-768x454.png 768w, https:\/\/agripedia.ch\/forum-wasser-landwirtschaft\/wp-content\/uploads\/sites\/64\/2025\/03\/final_Kreislauf_Anb_Nath-1200x709.png 1200w, https:\/\/agripedia.ch\/forum-wasser-landwirtschaft\/wp-content\/uploads\/sites\/64\/2025\/03\/final_Kreislauf_Anb_Nath.png 1297w\" sizes=\"auto, (max-width: 1024px) 100vw, 1024px\" \/><figcaption class=\"wp-element-caption\">Bildquelle: Nathalie Dakhel-Robert und Hanspeter Liniger, 2024<br>Abge\u00e4ndert durch Manuela B\u00e4chtold, AGRIDEA<\/figcaption><\/figure>\n\n\n\n<p class=\"has-normal-font-size\">In einem kultivierten System sind die B\u00f6den in der Regel mit weniger Vegetation bedeckt. Auch werden unter Umst\u00e4nden Bew\u00e4sserungs- und Drainagesysteme eingesetzt. In einem solchen System kommt es zu erh\u00f6htem Oberfl\u00e4chenabfluss und einer raschen Ableitung des Wassers aus dem Boden in die Gew\u00e4sser. Auf nackten B\u00f6den besteht eine h\u00f6here Evaporation bei gleichzeitig niedrigerer Transpiration: Dies insbesondere im Sommer, wenn die Kulturen reif sind. Oberfl\u00e4chenabfluss, Ableitung von Bodenwasser durch Drainagen sowie Evaporation sind drei zentrale Faktoren bei denen Wasser f\u00fcr die landwirtschaftliche Produktion verloren geht.<\/p>\n\n\n\n<p class=\"has-normal-font-size\">Es gibt verschiedene Ans\u00e4tze, um den lokalen Wasserkreislauf zu optimieren und zu festigen. Konkrete Massnahmen, um den Wasserverlust in der Landwirtschaft zu verringern und die Retention zu st\u00e4rken, werden im Abschnitt Wasserretention vertieft thematisiert.<\/p>\n\n\n\n<div style=\"height:21px\" aria-hidden=\"true\" class=\"wp-block-spacer\"><\/div>\n<\/div>\n<\/div>\n\n\n\n<p><strong>Quellenangabe:<\/strong><\/p>\n\n\n<ol class=\"wp-block-footnotes\"><li id=\"302f12d8-3b98-4b83-a893-6c50ed746bcb\">Liniger HP, 2025. L&#8217;eau et le microclimat en agriculture. Kursunterlagen, Kurs &#8222;Am\u00e9liorer le cycle de l&#8217;eau en agriculture&#8220;, AGRIDEA, 28.01.2025 <a href=\"#302f12d8-3b98-4b83-a893-6c50ed746bcb-link\" aria-label=\"Zur Fu\u00dfnotenreferenz 1 navigieren\">\u21a9\ufe0e<\/a><\/li><li id=\"cbc7b4b7-6288-4131-987a-a42f15c39907\">Denise L, <a href=\"https:\/\/wiki.tripleperformance.fr\/wiki\/Cycle_de_l%27eau#cite_note-1\">Cycle de l&#8217;eau \u2014 Triple Performance<\/a> <a href=\"#cbc7b4b7-6288-4131-987a-a42f15c39907-link\" aria-label=\"Zur Fu\u00dfnotenreferenz 2 navigieren\">\u21a9\ufe0e<\/a><\/li><li id=\"5696cf59-e0dd-4978-9ca0-dbe3edb99c28\">Scheub U, Schwarzer S, 2023. Aufb\u00e4umen gegen die D\u00fcrre. Oekom Verlag, M\u00fcnchen, 272 S. ISBN: 978-3-98726-020-9 <a href=\"#5696cf59-e0dd-4978-9ca0-dbe3edb99c28-link\" aria-label=\"Zur Fu\u00dfnotenreferenz 3 navigieren\">\u21a9\ufe0e<\/a><\/li><\/ol>\n\n\n<div style=\"height:48px\" aria-hidden=\"true\" class=\"wp-block-spacer\"><\/div>\n\n\n\n<p class=\"has-normal-font-size\" id=\"block-d2044485-f20d-4f6e-8dcf-329e43063986\">Hier finden Sie B\u00fccher, Artikel und digitale Beitr\u00e4ge rund ums Thema Wasserkreislauf. <\/p>\n\n\n\n<div class=\"wp-block-getwid-accordion has-icon-left\" data-active-element=\"none\">\n<div class=\"wp-block-getwid-accordion__header-wrapper\"><span class=\"wp-block-getwid-accordion__header\"><a href=\"#\"><span class=\"wp-block-getwid-accordion__header-title\">B\u00fccher<\/span><span class=\"wp-block-getwid-accordion__icon is-active\"><i class=\"fas fa-plus\"><\/i><\/span><span class=\"wp-block-getwid-accordion__icon is-passive\"><i class=\"fas fa-minus\"><\/i><\/span><\/a><\/span><\/div><div class=\"wp-block-getwid-accordion__content-wrapper\"><div class=\"wp-block-getwid-accordion__content\">\n<p class=\"has-normal-font-size\">Forschungsanstalt Agroscope Reckenholz-T\u00e4nikon ART, Schweiz in Zusammenarbeit mit der Nieder\u00f6sterreichischen Agrarbezirksbeh\u00f6rde, \u00d6sterreich, the national trust for Ireland AnTaisce, Dublin, und des Fondo Patrimonio Natural Europeo, Madrid, 2000. <a href=\"https:\/\/ira.agroscope.ch\/de-CH\/publication\/18695\" target=\"_blank\" rel=\"noreferrer noopener\">B\u00e4ume, Hecken und Wasser<\/a> &#8211; Die Bedeutung von Geh\u00f6lzen f\u00fcr den Wasserhaushalt in Agrarlandschaften. ISBN: 2-9509837-2-3. Solagro Frankreich. 2. Quartal, 2000, 36 S. Zugang am 22.10.2025.<\/p>\n\n\n\n<p class=\"has-normal-font-size\">Scheub U, Schwarzer S, 2023. Aufb\u00e4umen gegen die D\u00fcrre. Oekom Verlag, M\u00fcnchen, 272 S. ISBN: 978-3-98726-020-9<\/p>\n\n\n\n<p class=\"has-normal-font-size\">Gerhardt P., Franke S., <a href=\"https:\/\/www.oekom.de\/buch\/langsames-wasser-kuehlendes-gruen-9783987261282\" target=\"_blank\" rel=\"noreferrer noopener\">Langsames Wasser, k\u00fchlendes Gr\u00fcn<\/a>. Klimalandschaften mit Agroforst und Keyline Design als Weg aus der Klimakrise. 256 S. ISBN: 978-3-98726-128-2<\/p>\n<\/div><\/div>\n\n\n\n<div class=\"wp-block-getwid-accordion__header-wrapper\"><span class=\"wp-block-getwid-accordion__header\"><a href=\"#\"><span class=\"wp-block-getwid-accordion__header-title\">Artikel<\/span><span class=\"wp-block-getwid-accordion__icon is-active\"><i class=\"fas fa-plus\"><\/i><\/span><span class=\"wp-block-getwid-accordion__icon is-passive\"><i class=\"fas fa-minus\"><\/i><\/span><\/a><\/span><\/div><div class=\"wp-block-getwid-accordion__content-wrapper\"><div class=\"wp-block-getwid-accordion__content\">\n<p class=\"has-normal-font-size\">Bisaz A., 2023. Vegetationsreiche Landschaften k\u00fchlen &#8211; sofort und sp\u00fcrbar. <a href=\"https:\/\/www.regenerativ.ch\/post\/vegetationsreiche-landschaften-k%C3%BChlen-sofort-und-sp%C3%BCrbar\" target=\"_blank\" rel=\"noreferrer noopener\">Blog vom 21.10.2023<\/a> <\/p>\n\n\n\n<p class=\"has-normal-font-size\">Bisaz A., 2024. Wasser, Humus und das Klima. <a href=\"https:\/\/www.regenerativ.ch\/post\/wasser-der-boden-und-das-klima\" target=\"_blank\" rel=\"noreferrer noopener\">Blog vom 03.05.2024<\/a><\/p>\n\n\n\n<p class=\"has-normal-font-size\">Diestel H., 2018. Bedeutung und Pflege von Wasserstr\u00f6men in der Landschaft. <a href=\"https:\/\/www.umweltzentrum-braunschweig.de\/fileadmin\/_uwz-pdfs\/2018-01\/Bedeutung_und_Pflege_von_Wasserstroemen_in_der_Landschaft.pdf\" target=\"_blank\" rel=\"noreferrer noopener\">umweltzeitung Januar \/Februar 2018<\/a><\/p>\n\n\n\n<p class=\"has-normal-font-size\">Ellison D.,&nbsp;Morris C.E., Locatelli B., Sheil D., Cohen J., Murdiyarso D., Gutierrez V., van&nbsp;Noordwijk M., Creed I.F., Pokorny J., Gaveau D., Spracklen D.V., Bargu\u00e9s&nbsp;Tobella A., Ilstedt U., Teuling A.J., Gebreyohannis&nbsp;Gebrehiwot S., Sands D.C., Muys B., Verbist B., Springgay E., Sullivan C.A., 2017. Trees, forests and water: Cool insights for a hot world. <a href=\"https:\/\/www.sciencedirect.com\/science\/article\/pii\/S0959378017300134?via%3Dihub\" target=\"_blank\" rel=\"noreferrer noopener\">Global Environmental Change, Vol 43, March 2017, P. 51-61<\/a><\/p>\n\n\n\n<p class=\"has-normal-font-size\">Schwarzer S., 2021. Mit Vegetation und B\u00f6den die kleinen Wasserkreisl\u00e4ufe st\u00e4rken und das Klima k\u00fchlen. <a href=\"https:\/\/aufbauende-landwirtschaft.de\/wp-content\/uploads\/2021\/08\/UNEP-Foresight-Brief-Mit-Vegetation-und-Boeden-die-kleinen-Wasserkreislaeufe-staerken-und-das-Klima-kuehlen.pdf\" target=\"_blank\" rel=\"noreferrer noopener\">Deutsche <\/a>\u00dcbersetzung des <a href=\"https:\/\/wedocs.unep.org\/bitstream\/handle\/20.500.11822\/36619\/FB025.pdf\" target=\"_blank\" rel=\"noreferrer noopener\">UNEP Foresight Briefs #25<\/a> \u00bbWorking with plants, soils and water to cool the climate and rehydrate Earth\u2019s landscapes\u00ab. <\/p>\n\n\n\n<p class=\"has-normal-font-size\">B\u00f6ll-Stiftung, 2024. <a href=\"https:\/\/agripedia.ch\/forum-wasser-landwirtschaft\/wp-content\/uploads\/sites\/64\/2025\/11\/bodenatlas_2024_S_12-13-1.pdf\" target=\"_blank\" rel=\"noreferrer noopener\">Bodenatlas <\/a>&#8211; Daten und Fakten \u00fcber eine lebenswichtige Ressource. S. 12-13: B\u00f6den als Wasserspeicher.<\/p>\n<\/div><\/div>\n\n\n\n<div class=\"wp-block-getwid-accordion__header-wrapper\"><span class=\"wp-block-getwid-accordion__header\"><a href=\"#\"><span class=\"wp-block-getwid-accordion__header-title\">Videos<\/span><span class=\"wp-block-getwid-accordion__icon is-active\"><i class=\"fas fa-plus\"><\/i><\/span><span class=\"wp-block-getwid-accordion__icon is-passive\"><i class=\"fas fa-minus\"><\/i><\/span><\/a><\/span><\/div><div class=\"wp-block-getwid-accordion__content-wrapper\"><div class=\"wp-block-getwid-accordion__content\">\n<p class=\"has-normal-font-size\"><strong>Deutsch<\/strong><\/p>\n\n\n\n<p class=\"has-normal-font-size\">Liniger HP und und Askrabic J., 2025. <a href=\"https:\/\/www.youtube.com\/watch?v=kbjKWBaEdXM\" target=\"_blank\" rel=\"noreferrer noopener\">Heisse Erde ist nicht &#8222;cool&#8220;<\/a>. Video, abgerufen am 30.01.2026<\/p>\n\n\n\n<p class=\"has-normal-font-size\">Schwarzer S., 2021. Wasser pflanzen &#8211; Mit Vegetation und B\u00f6den die kleinen Wasserkreisl\u00e4ufe st\u00e4rken und das Klima k\u00fchlen. <a href=\"https:\/\/www.youtube.com\/watch?v=iEbagOJcxvE\" target=\"_blank\" rel=\"noreferrer noopener\">Video<\/a><\/p>\n\n\n\n<p class=\"has-normal-font-size\"><strong>Franz\u00f6sisch<\/strong><\/p>\n\n\n\n<p class=\"has-normal-font-size\">Ricard S., Charbonnier C., 2024. Webinaire &#8222;Comprende l&#8217;hydrologie r\u00e9g\u00e9n\u00e9rative&#8220;. <a href=\"https:\/\/www.youtube.com\/live\/RUeIp85XYIY\" target=\"_blank\" rel=\"noreferrer noopener\">Video auf Franz\u00f6sisch<\/a><\/p>\n\n\n\n<p class=\"has-normal-font-size\"><strong>Englisch<\/strong><\/p>\n\n\n\n<p class=\"has-normal-font-size\">Water Stories, 2023. Water Cycle Restoration &#8211; Stories. <a href=\"https:\/\/www.waterstories.com\/stories?category=all\" target=\"_blank\" rel=\"noreferrer noopener\">Verschiedene Videos auf Englisch<\/a><\/p>\n<\/div><\/div>\n<\/div>\n\n\n\n<div style=\"height:21px\" aria-hidden=\"true\" class=\"wp-block-spacer\"><\/div>\n\n\n\n<p>Beitragsbild: Hanspeter Liniger<\/p>\n\n\n\n<hr class=\"wp-block-separator has-alpha-channel-opacity\"\/>\n\n\n\n<p class=\"has-normal-font-size\">Ihre Beitr\u00e4ge, Hinweise, Erg\u00e4nzungen, Anregungen und Kommentare nehmen wir gerne <a href=\"https:\/\/agripedia.ch\/forum-wasser-landwirtschaft\/kontakt\/\" target=\"_blank\" rel=\"noreferrer noopener\">hier <\/a>entgegen.<\/p>\n\n\n\n<p><\/p>\n","protected":false},"excerpt":{"rendered":"<p>Einf\u00fchrung Das Klima hat einen Einfluss auf den Wasserkreislauf, ebenso beeinflusst der Wasserkreislauf das Klima. Je nachdem, wie Land genutzt wird, \u00e4ndert sich der Wasserkreislauf. Regen f\u00e4llt entweder in der N\u00e4he, wo das Wasser daf\u00fcr durch Transpiration vorhanden ist, oder er f\u00e4llt erst weit weg herunter, da die verdunstete Feuchtigkeit in grosse H\u00f6he gestiegen ist [&hellip;]<\/p>\n","protected":false},"author":1221,"featured_media":62459,"parent":0,"menu_order":0,"comment_status":"closed","ping_status":"closed","template":"","meta":{"_sb_is_suggestion_mode":false,"_sb_show_suggestion_boards":false,"_sb_show_comment_boards":false,"_sb_suggestion_history":"","_sb_update_block_changes":"","om_disable_all_campaigns":false,"advgb_blocks_editor_width":"","advgb_blocks_columns_visual_guide":"","_monsterinsights_skip_tracking":false,"_monsterinsights_sitenote_active":false,"_monsterinsights_sitenote_note":"","_monsterinsights_sitenote_category":0,"footnotes":"[{\"content\":\"Liniger HP, 2025. L'eau et le microclimat en agriculture. Kursunterlagen, Kurs \\\"Am\u00e9liorer le cycle de l'eau en agriculture\\\", AGRIDEA, 28.01.2025\",\"id\":\"302f12d8-3b98-4b83-a893-6c50ed746bcb\"},{\"content\":\"Denise L, <a href=\\\"https:\/\/wiki.tripleperformance.fr\/wiki\/Cycle_de_l%27eau#cite_note-1\\\">Cycle de l'eau \u2014 Triple Performance<\/a>\",\"id\":\"cbc7b4b7-6288-4131-987a-a42f15c39907\"},{\"content\":\"Scheub U, Schwarzer S, 2023. Aufb\u00e4umen gegen die D\u00fcrre. Oekom Verlag, M\u00fcnchen, 272 S. ISBN: 978-3-98726-020-9\",\"id\":\"5696cf59-e0dd-4978-9ca0-dbe3edb99c28\"}]"},"class_list":["post-60149","page","type-page","status-publish","has-post-thumbnail","hentry"],"coauthors":[],"author_meta":{"author_link":"https:\/\/agripedia.ch\/forum-wasser-landwirtschaft\/author\/mba2\/","display_name":"mba2"},"relative_dates":{"created":"Posted 1\u00a0Jahr ago","modified":"Updated 1\u00a0Monat ago"},"absolute_dates":{"created":"Posted on Februar 24, 2025","modified":"Updated on M\u00e4rz 8, 2026"},"absolute_dates_time":{"created":"Posted on Februar 24, 2025 8:19","modified":"Updated on M\u00e4rz 8, 2026 13:34"},"featured_img_caption":"","featured_img":"https:\/\/agripedia.ch\/forum-wasser-landwirtschaft\/wp-content\/uploads\/sites\/64\/2025\/12\/Evaporation-1200x646.jpg","series_order":"","_links":{"self":[{"href":"https:\/\/agripedia.ch\/forum-wasser-landwirtschaft\/wp-json\/wp\/v2\/pages\/60149","targetHints":{"allow":["GET"]}}],"collection":[{"href":"https:\/\/agripedia.ch\/forum-wasser-landwirtschaft\/wp-json\/wp\/v2\/pages"}],"about":[{"href":"https:\/\/agripedia.ch\/forum-wasser-landwirtschaft\/wp-json\/wp\/v2\/types\/page"}],"author":[{"embeddable":true,"href":"https:\/\/agripedia.ch\/forum-wasser-landwirtschaft\/wp-json\/wp\/v2\/users\/1221"}],"replies":[{"embeddable":true,"href":"https:\/\/agripedia.ch\/forum-wasser-landwirtschaft\/wp-json\/wp\/v2\/comments?post=60149"}],"version-history":[{"count":93,"href":"https:\/\/agripedia.ch\/forum-wasser-landwirtschaft\/wp-json\/wp\/v2\/pages\/60149\/revisions"}],"predecessor-version":[{"id":63671,"href":"https:\/\/agripedia.ch\/forum-wasser-landwirtschaft\/wp-json\/wp\/v2\/pages\/60149\/revisions\/63671"}],"wp:featuredmedia":[{"embeddable":true,"href":"https:\/\/agripedia.ch\/forum-wasser-landwirtschaft\/wp-json\/wp\/v2\/media\/62459"}],"wp:attachment":[{"href":"https:\/\/agripedia.ch\/forum-wasser-landwirtschaft\/wp-json\/wp\/v2\/media?parent=60149"}],"curies":[{"name":"wp","href":"https:\/\/api.w.org\/{rel}","templated":true}]}}