{"id":6,"date":"2022-04-04T15:08:52","date_gmt":"2022-04-04T13:08:52","guid":{"rendered":"https:\/\/agripedia.ch\/bergstallbau\/?page_id=6"},"modified":"2026-03-26T16:10:39","modified_gmt":"2026-03-26T15:10:39","slug":"startseite","status":"publish","type":"page","link":"https:\/\/agripedia.ch\/forum-wasser-landwirtschaft\/","title":{"rendered":"Forum nachhaltiges Wassermanagement in der Landwirtschaft"},"content":{"rendered":"\n<div class=\"wp-block-columns is-layout-flex wp-container-core-columns-is-layout-9d6595d7 wp-block-columns-is-layout-flex\">\n<div class=\"wp-block-column is-layout-flow wp-block-column-is-layout-flow\" style=\"flex-basis:66.66%\">\n<p class=\"has-normal-font-size\">Angesichts des Klimawandels wird der nachhaltige Umgang mit der knapper werdenden Ressource Wasser f\u00fcr die Schweizer Landwirtschaft zur Pflicht. Der damit verbundene Wissens- und Kompetenzbedarf ist schweizweit sehr gross. <\/p>\n\n\n\n<p class=\"has-normal-font-size\">Daf\u00fcr braucht es:<\/p>\n\n\n\n<ul class=\"wp-block-list\">\n<li class=\"has-normal-font-size\">eine gute Wissensbasis<\/li>\n\n\n\n<li class=\"has-normal-font-size\">ein reger Austausch von Wissen und Erfahrungen zwischen den Akteurinnen und Akteuren<\/li>\n\n\n\n<li class=\"has-normal-font-size\">die Entwicklung und Vermittlung einer guten Praxis<\/li>\n\n\n\n<li class=\"has-normal-font-size\">eine Fachstimme f\u00fcr das Thema<\/li>\n\n\n\n<li class=\"has-normal-font-size\">eine aktive Kommunikation innerhalb der Landwirtschaft und mit der nicht-landwirtschaftlichen Bev\u00f6lkerung <\/li>\n<\/ul>\n\n\n\n<p class=\"has-normal-font-size\">All dies tr\u00e4gt dazu bei, dass die Landwirtschaft den durch den Klimawandel verursachten Herausforderungen gewachsen ist.<\/p>\n\n\n\n<p class=\"has-normal-font-size\">Deshalb wurde das Forum f\u00fcr nachhaltiges Wassermanagement in der Landwirtschaft gegr\u00fcndet.<\/p>\n\n\n\n<h2 class=\"wp-block-heading\">Aufbau des Forums<\/h2>\n\n\n\n<p class=\"has-normal-font-size\"><strong>Das Forum besteht aus zwei Teilen:<\/strong><\/p>\n\n\n\n<ul class=\"wp-block-list\">\n<li class=\"has-normal-font-size\">Verein<\/li>\n\n\n\n<li class=\"has-normal-font-size\">Wissensplattform<\/li>\n<\/ul>\n\n\n\n<p class=\"has-normal-font-size\"><strong>Nutzen Sie die Angebote:<\/strong><\/p>\n\n\n\n<ul class=\"wp-block-list\">\n<li class=\"has-normal-font-size\">Vernetzen Sie sich im Verein<\/li>\n\n\n\n<li class=\"has-normal-font-size\">Entwickeln Sie Ihre Wasserthemen mit Gleichgesinnten weiter<\/li>\n\n\n\n<li class=\"has-normal-font-size\">Finden Sie geb\u00fcndeltes Wissen auf der Wissensplattform<\/li>\n\n\n\n<li class=\"has-normal-font-size\">Erg\u00e4nzen Sie fehlendes Wissen f\u00fcr die Community<\/li>\n<\/ul>\n<\/div>\n\n\n\n<div class=\"wp-block-column is-layout-flow wp-block-column-is-layout-flow\" style=\"flex-basis:33.33%\"><div class=\"agripedia-home-post agripedia-subpage-card\" data-type=\"subpage-card\">\n  <a class=\"agripedia-subpage-card__linkwrap\" href=\"https:\/\/agripedia.ch\/forum-wasser-landwirtschaft\/veranstaltungen-bildungsangebote\/\" target=\"_blank\" rel=\"noopener noreferrer\">    <div class=\"agripedia-home-thumbnail\">\n              <img decoding=\"async\" src=\"https:\/\/agripedia.ch\/forum-wasser-landwirtschaft\/wp-content\/uploads\/sites\/64\/2025\/10\/Katzhof-Buldung-in-Scheune-2024-Kurs-1-1024x453.jpg\" alt=\"Veranstaltungen\" \/>\n          <\/div>\n  <\/a>\n  <div class=\"agripedia-home-post-content\">\n          <h2 class=\"agripedia-home-post-title\">\n                  <a href=\"https:\/\/agripedia.ch\/forum-wasser-landwirtschaft\/veranstaltungen-bildungsangebote\/\" target=\"_blank\" rel=\"noopener noreferrer\">\n        \n          Veranstaltungen\n                  <\/a>\n              <\/h2>\n    \n          <p class=\"agripedia-home-post-excerpt\"><ul>   <li>     2.\u20135. Juni 2026 <strong>       <a href=\"https:\/\/agripedia.ch\/forum-wasser-landwirtschaft\/veranstaltungen\/\">         Soil Evolution       <\/a>     <\/strong> Ort: Gurten, Bern   <\/li>    <li>     9. Juni 2026 <strong>       <a href=\"https:\/\/agripedia.ch\/forum-wasser-landwirtschaft\/veranstaltungen\/\">         Feldbesuch der AG Wasserretention       <\/a>     <\/strong> Ort: Aetikofen SO   <\/li>    <li>     10.\u201312. Juni 2026 <strong>       <a href=\"https:\/\/agripedia.ch\/forum-wasser-landwirtschaft\/veranstaltungen\/\">         Feldtage 2026       <\/a>     <\/strong> Ort: Kirchberg BE   <\/li>    <li>     17. September 2026 <strong>       <a href=\"https:\/\/agripedia.ch\/forum-wasser-landwirtschaft\/veranstaltungen\/\">         Tagung f\u00fcr Landwirt:innen zum Thema Wasser       <\/a>     <\/strong> Ort: Grangeneuve   <\/li>    <li>     24.\u201325. September 2026 <strong>       <a href=\"https:\/\/agripedia.ch\/forum-wasser-landwirtschaft\/veranstaltungen\/\">         Wassersymposium Oberrhein       <\/a>     <\/strong> Ort: Strassburg   <\/li>    <li>     30. Oktober 2026 <strong>       <a href=\"https:\/\/agripedia.ch\/forum-wasser-landwirtschaft\/veranstaltungen\/\">         Jahrestagung Forum nachhaltiges Wassermanagement in der Landwirtschaft zusammen mit dem SWCP       <\/a>     <\/strong> Ort: Willisau   <\/li>    <li>     29.\u201330. Oktober 2026 <strong>       <a href=\"https:\/\/agripedia.ch\/forum-wasser-landwirtschaft\/veranstaltungen\/\">         Forum des Swiss Water Climate Programme       <\/a>     <\/strong> Ort: Willisau   <\/li>    <li>     11. November 2026 <strong>       <a href=\"https:\/\/agripedia.ch\/forum-wasser-landwirtschaft\/veranstaltungen\/\">         BlueArk Conference       <\/a>     <\/strong> Ort: Le Ch\u00e2ble   <\/li> <\/ul><\/p>\n      <\/div>\n<\/div>\n<\/div>\n<\/div>\n\n\n\n<div style=\"height:21px\" aria-hidden=\"true\" class=\"wp-block-spacer\"><\/div>\n\n\n\n<div class=\"wp-block-columns is-layout-flex wp-container-core-columns-is-layout-9d6595d7 wp-block-columns-is-layout-flex\">\n<div class=\"wp-block-column is-layout-flow wp-block-column-is-layout-flow\"><div class=\"agripedia-home-post agripedia-subpage-card\" data-type=\"subpage-card\">\n  <a class=\"agripedia-subpage-card__linkwrap\" href=\"https:\/\/agripedia.ch\/forum-wasser-landwirtschaft\/verein\/\" target=\"_blank\" rel=\"noopener noreferrer\">    <div class=\"agripedia-home-thumbnail\">\n              <img decoding=\"async\" src=\"https:\/\/agripedia.ch\/forum-wasser-landwirtschaft\/wp-content\/uploads\/sites\/64\/2024\/11\/Abstimmung-scaled.jpg\" alt=\"Verein\" \/>\n          <\/div>\n  <\/a>\n  <div class=\"agripedia-home-post-content\">\n          <h2 class=\"agripedia-home-post-title\">\n                  <a href=\"https:\/\/agripedia.ch\/forum-wasser-landwirtschaft\/verein\/\" target=\"_blank\" rel=\"noopener noreferrer\">\n        \n          Verein\n                  <\/a>\n              <\/h2>\n    \n          <p class=\"agripedia-home-post-excerpt\">Der Verein bezweckt, die Resilienz der Landwirtschaft und der Nahrungsmittelproduktion gegen\u00fcber den Auswirkungen des Klimawandels zu erh\u00f6hen. Er vernetzt die unterschiedlichsten Stakeholder und gibt dem Thema Wasser in der Landwirtschaft eine Stimme. Er unterst\u00fctzt den Aufbau und die Entwicklung der Wissensplattform und betreut diverse Arbeitsgruppen administrativ und fachlich. Die Gesch\u00e4ftsstelle des Vereins hat ihren Sitz an der BFH-HAFL.<\/p>\n      <\/div>\n<\/div>\n<\/div>\n\n\n\n<div class=\"wp-block-column is-layout-flow wp-block-column-is-layout-flow\"><div class=\"agripedia-home-post agripedia-subpage-card\" data-type=\"subpage-card\">\n  <a class=\"agripedia-subpage-card__linkwrap\" href=\"https:\/\/agripedia.ch\/forum-wasser-landwirtschaft\/wissensplattform\/\" target=\"_blank\" rel=\"noopener noreferrer\">    <div class=\"agripedia-home-thumbnail\">\n              <img decoding=\"async\" src=\"https:\/\/agripedia.ch\/forum-wasser-landwirtschaft\/wp-content\/uploads\/sites\/64\/2024\/11\/Wissen-schmal-scaled.jpg\" alt=\"Wissensplattform\" \/>\n          <\/div>\n  <\/a>\n  <div class=\"agripedia-home-post-content\">\n          <h2 class=\"agripedia-home-post-title\">\n                  <a href=\"https:\/\/agripedia.ch\/forum-wasser-landwirtschaft\/wissensplattform\/\" target=\"_blank\" rel=\"noopener noreferrer\">\n        \n          Wissensplattform\n                  <\/a>\n              <\/h2>\n    \n          <p class=\"agripedia-home-post-excerpt\">Die Wissensplattform des Forums ist ein online-Gef\u00e4ss f\u00fcr die Verbreitung von Informationen und Wissen rund um das Thema nachhaltiges Wassermanagement in der Landwirtschaft. Sie vermittelt, wie sich die Landwirtschaft erfolgreich an den Klimawandel anpassen kann und wie ein nachhaltiger Umgang mit Wasser m\u00f6glich ist.  Sie wird mit ihren diversen Kommunikationskan\u00e4len (Webseite, Jahrestagung und Ver\u00f6ffentlichung von Veranstaltungen zum Thema Wasser) von der AGRIDEA gemanagt und betrieben.<\/p>\n      <\/div>\n<\/div>\n<\/div>\n<\/div>\n\n\n\n<div style=\"height:21px\" aria-hidden=\"true\" class=\"wp-block-spacer\"><\/div>\n\n\n\n<figure class=\"wp-block-image alignwide size-full\"><img loading=\"lazy\" decoding=\"async\" width=\"1185\" height=\"656\" src=\"https:\/\/agripedia.ch\/forum-wasser-landwirtschaft\/wp-content\/uploads\/sites\/64\/2026\/02\/Grafik-Aufbau-Forum-Wasser-zugeschnitten-DAL.png\" alt=\"\" class=\"wp-image-63176\" srcset=\"https:\/\/agripedia.ch\/forum-wasser-landwirtschaft\/wp-content\/uploads\/sites\/64\/2026\/02\/Grafik-Aufbau-Forum-Wasser-zugeschnitten-DAL.png 1185w, https:\/\/agripedia.ch\/forum-wasser-landwirtschaft\/wp-content\/uploads\/sites\/64\/2026\/02\/Grafik-Aufbau-Forum-Wasser-zugeschnitten-DAL-300x166.png 300w, https:\/\/agripedia.ch\/forum-wasser-landwirtschaft\/wp-content\/uploads\/sites\/64\/2026\/02\/Grafik-Aufbau-Forum-Wasser-zugeschnitten-DAL-1024x567.png 1024w, https:\/\/agripedia.ch\/forum-wasser-landwirtschaft\/wp-content\/uploads\/sites\/64\/2026\/02\/Grafik-Aufbau-Forum-Wasser-zugeschnitten-DAL-768x425.png 768w\" sizes=\"auto, (max-width: 1185px) 100vw, 1185px\" \/><\/figure>\n\n\n\n<div style=\"height:15px\" aria-hidden=\"true\" class=\"wp-block-spacer\"><\/div>\n\n\n\n<div style=\"height:23px\" aria-hidden=\"true\" class=\"wp-block-spacer\"><\/div>\n\n\n\n<div style=\"height:23px\" aria-hidden=\"true\" class=\"wp-block-spacer\"><\/div>\n\n\n\n<div class=\"wp-block-group agripedia-impressum is-layout-flow wp-block-group-is-layout-flow\">\n<div class=\"wp-block-group agripedia-impressum-header is-layout-flow wp-block-group-is-layout-flow\">\n<h4 class=\"wp-block-heading\" id=\"impressum-ff1cbe51-f647-40d8-aeac-9516cde55905\">Impressum<\/h4>\n<\/div>\n\n\n\n<div class=\"wp-block-group agripedia-impressum-content is-layout-flow wp-block-group-is-layout-flow\">\n<p class=\"has-normal-font-size\"><strong>Verein:<\/strong><\/p>\n\n\n\n<p class=\"has-normal-font-size\"><a href=\"mailto:flavio.foiada@bfh.ch\">Flavio Foiada<\/a>, Verein Forum nachhaltiges Wassermanagement in der Landwirtschaft<\/p>\n\n\n\n<p class=\"no-space has-normal-font-size\"><strong><strong><strong>Wissensplattform<\/strong>:<\/strong><\/strong><\/p>\n\n\n\n<p class=\"has-normal-font-size\"><a href=\"mailto:Danielle.Albiker@agridea.ch\">Danielle Albiker<\/a>, AGRIDEA<br>Manuela B\u00e4chtold, AGRIDEA<\/p>\n\n\n\n<div class=\"wp-block-getwid-accordion has-icon-left\" data-active-element=\"none\">\n<div class=\"wp-block-getwid-accordion__header-wrapper\"><span class=\"wp-block-getwid-accordion__header\"><a href=\"#\"><span class=\"wp-block-getwid-accordion__header-title\"><strong>Inhalte und Verkn\u00fcpfungen<\/strong><\/span><span class=\"wp-block-getwid-accordion__icon is-active\"><i class=\"fas fa-plus\"><\/i><\/span><span class=\"wp-block-getwid-accordion__icon is-passive\"><i class=\"fas fa-minus\"><\/i><\/span><\/a><\/span><\/div><div class=\"wp-block-getwid-accordion__content-wrapper\"><div class=\"wp-block-getwid-accordion__content\">\n<p>Die bearbeiteten Beitr\u00e4ge und Angaben sind nur im Augenblick ihrer Ver\u00f6ffentlichung aktuell. In der Folge werden sie durch Aktualisierungen regelm\u00e4ssig erg\u00e4nzt. Die AGRIDEA schliesst jede Haftung aus hinsichtlich der technischen Verf\u00fcgbarkeit und Betriebssicherheit sowie der Genauigkeit und Vollst\u00e4ndigkeit des Inhalts dieser Webseite. Die AGRIDEA haftet auch nicht f\u00fcr den Inhalt oder die korrekte Funktionsf\u00e4higkeit von Webseiten Dritter, die sie \u00fcber Verkn\u00fcpfungen zug\u00e4nglich macht. Die angebotenen Angaben und Dienstleistungen k\u00f6nnen jederzeit ohne Vorank\u00fcndigung ge\u00e4ndert, ersetzt oder gel\u00f6scht werden.<\/p>\n<\/div><\/div>\n<\/div>\n<\/div>\n<\/div>\n\n\n\n<p class=\"has-normal-font-size\">Mit freundlicher finanzieller Unterst\u00fctzung von:<\/p>\n\n\n\n<figure class=\"wp-block-image size-full\"><img loading=\"lazy\" decoding=\"async\" width=\"1242\" height=\"165\" src=\"https:\/\/agripedia.ch\/forum-wasser-landwirtschaft\/wp-content\/uploads\/sites\/64\/2025\/10\/Logos-Wasserforum_DE.jpg\" alt=\"\" class=\"wp-image-61843\" srcset=\"https:\/\/agripedia.ch\/forum-wasser-landwirtschaft\/wp-content\/uploads\/sites\/64\/2025\/10\/Logos-Wasserforum_DE.jpg 1242w, https:\/\/agripedia.ch\/forum-wasser-landwirtschaft\/wp-content\/uploads\/sites\/64\/2025\/10\/Logos-Wasserforum_DE-300x40.jpg 300w, https:\/\/agripedia.ch\/forum-wasser-landwirtschaft\/wp-content\/uploads\/sites\/64\/2025\/10\/Logos-Wasserforum_DE-1024x136.jpg 1024w, https:\/\/agripedia.ch\/forum-wasser-landwirtschaft\/wp-content\/uploads\/sites\/64\/2025\/10\/Logos-Wasserforum_DE-768x102.jpg 768w, https:\/\/agripedia.ch\/forum-wasser-landwirtschaft\/wp-content\/uploads\/sites\/64\/2025\/10\/Logos-Wasserforum_DE-1200x159.jpg 1200w\" sizes=\"auto, (max-width: 1242px) 100vw, 1242px\" \/><\/figure>\n","protected":false},"excerpt":{"rendered":"<p>Angesichts des Klimawandels wird der nachhaltige Umgang mit der knapper werdenden Ressource Wasser f\u00fcr die Schweizer Landwirtschaft zur Pflicht. Der damit verbundene Wissens- und Kompetenzbedarf ist schweizweit sehr gross. Daf\u00fcr braucht es: All dies tr\u00e4gt dazu bei, dass die Landwirtschaft den durch den Klimawandel verursachten Herausforderungen gewachsen ist. Deshalb wurde das Forum f\u00fcr nachhaltiges Wassermanagement [&hellip;]<\/p>\n","protected":false},"author":26,"featured_media":62674,"parent":0,"menu_order":0,"comment_status":"closed","ping_status":"closed","template":"","meta":{"_sb_is_suggestion_mode":false,"_sb_show_suggestion_boards":false,"_sb_show_comment_boards":false,"_sb_suggestion_history":"","_sb_update_block_changes":"","om_disable_all_campaigns":false,"advgb_blocks_editor_width":"","advgb_blocks_columns_visual_guide":"","_monsterinsights_skip_tracking":false,"_monsterinsights_sitenote_active":false,"_monsterinsights_sitenote_note":"","_monsterinsights_sitenote_category":0,"footnotes":""},"class_list":["post-6","page","type-page","status-publish","has-post-thumbnail","hentry"],"coauthors":[],"author_meta":{"author_link":"https:\/\/agripedia.ch\/forum-wasser-landwirtschaft\/author\/bge0\/","display_name":"bge"},"relative_dates":{"created":"Posted 4\u00a0Jahren ago","modified":"Updated 2\u00a0Wochen ago"},"absolute_dates":{"created":"Posted on April 4, 2022","modified":"Updated on M\u00e4rz 26, 2026"},"absolute_dates_time":{"created":"Posted on April 4, 2022 15:08","modified":"Updated on M\u00e4rz 26, 2026 16:10"},"featured_img_caption":"","featured_img":"https:\/\/agripedia.ch\/forum-wasser-landwirtschaft\/wp-content\/uploads\/sites\/64\/2026\/01\/Logo_DE_Wasserforum_banner_1366x300-1.svg","series_order":"","_links":{"self":[{"href":"https:\/\/agripedia.ch\/forum-wasser-landwirtschaft\/wp-json\/wp\/v2\/pages\/6","targetHints":{"allow":["GET"]}}],"collection":[{"href":"https:\/\/agripedia.ch\/forum-wasser-landwirtschaft\/wp-json\/wp\/v2\/pages"}],"about":[{"href":"https:\/\/agripedia.ch\/forum-wasser-landwirtschaft\/wp-json\/wp\/v2\/types\/page"}],"author":[{"embeddable":true,"href":"https:\/\/agripedia.ch\/forum-wasser-landwirtschaft\/wp-json\/wp\/v2\/users\/26"}],"replies":[{"embeddable":true,"href":"https:\/\/agripedia.ch\/forum-wasser-landwirtschaft\/wp-json\/wp\/v2\/comments?post=6"}],"version-history":[{"count":285,"href":"https:\/\/agripedia.ch\/forum-wasser-landwirtschaft\/wp-json\/wp\/v2\/pages\/6\/revisions"}],"predecessor-version":[{"id":64117,"href":"https:\/\/agripedia.ch\/forum-wasser-landwirtschaft\/wp-json\/wp\/v2\/pages\/6\/revisions\/64117"}],"wp:featuredmedia":[{"embeddable":true,"href":"https:\/\/agripedia.ch\/forum-wasser-landwirtschaft\/wp-json\/wp\/v2\/media\/62674"}],"wp:attachment":[{"href":"https:\/\/agripedia.ch\/forum-wasser-landwirtschaft\/wp-json\/wp\/v2\/media?parent=6"}],"curies":[{"name":"wp","href":"https:\/\/api.w.org\/{rel}","templated":true}]}}