{"id":20,"date":"2022-04-06T10:58:16","date_gmt":"2022-04-06T08:58:16","guid":{"rendered":"https:\/\/agripedia.ch\/bergstallbau\/?page_id=20"},"modified":"2026-02-15T12:16:49","modified_gmt":"2026-02-15T11:16:49","slug":"wissensplattform","status":"publish","type":"page","link":"https:\/\/agripedia.ch\/forum-wasser-landwirtschaft\/wissensplattform\/","title":{"rendered":"Die Wissensplattform"},"content":{"rendered":"\n<link rel=\"stylesheet\" href=\"https:\/\/themes.agripedia.ch\/code\/css\/mod-agripedia.css\">\n\n\n\n\n\n\n\n<div style=\"height:15px\" aria-hidden=\"true\" class=\"wp-block-spacer\"><\/div>\n\n\n\n<p class=\"has-normal-font-size\">Die Verbreitung von Informationen und Wissen rund um das Thema nachhaltiges Wassermanagement in der Landwirtschaft wird immer wichtiger. Wie mit dem Wissen umgegangen wird, h\u00e4ngt in der Praxis sehr stark mit den <a href=\"https:\/\/agripedia.ch\/forum-wasser-landwirtschaft\/wp-content\/uploads\/sites\/64\/2026\/02\/279-287_Buetikofer_Umwelt_Bodenbearbeitung_DE_def.pdf\" target=\"_blank\" rel=\"noreferrer noopener\">Ansichten von Schweizer Landwirtinnen und Landwirten zum Thema Bodenbearbeitung<\/a> zusammen.<\/p>\n\n\n\n<p class=\"has-normal-font-size\">Auf der Wissensplattform des Forums finden Sie aktuelles Wissen zu den folgenden Themen: &nbsp;<\/p>\n\n\n\n<div style=\"height:21px\" aria-hidden=\"true\" class=\"wp-block-spacer\"><\/div>\n\n\n\n<div class=\"wp-block-columns is-layout-flex wp-container-core-columns-is-layout-9d6595d7 wp-block-columns-is-layout-flex\">\n<div class=\"wp-block-column is-layout-flow wp-block-column-is-layout-flow\"><div class=\"agripedia-home-post agripedia-subpage-card\" data-type=\"subpage-card\">\n  <a class=\"agripedia-subpage-card__linkwrap\" href=\"https:\/\/agripedia.ch\/forum-wasser-landwirtschaft\/bewaesserung\/\" target=\"_blank\" rel=\"noopener noreferrer\">    <div class=\"agripedia-home-thumbnail\">\n              <img decoding=\"async\" src=\"https:\/\/agripedia.ch\/forum-wasser-landwirtschaft\/wp-content\/uploads\/sites\/64\/2025\/02\/Rollomat-scaled.jpg\" alt=\"Effiziente Bew\u00e4sserung und Bodenfeuchte\" \/>\n          <\/div>\n  <\/a>\n  <div class=\"agripedia-home-post-content\">\n          <h2 class=\"agripedia-home-post-title\">\n                  <a href=\"https:\/\/agripedia.ch\/forum-wasser-landwirtschaft\/bewaesserung\/\" target=\"_blank\" rel=\"noopener noreferrer\">\n        \n          Effiziente Bew\u00e4sserung und Bodenfeuchte\n                  <\/a>\n              <\/h2>\n    \n          <p class=\"agripedia-home-post-excerpt\">Dank der Bew\u00e4sserung k\u00f6nnen die Ertr\u00e4ge in der Landwirtschaft sichergestellt werden. Mit der richtigen Technik und der Hilfe von Bodenfeuchtesensoren kann effizient bew\u00e4ssert werden. Bild: BFH-HAFL<\/p>\n      <\/div>\n<\/div>\n<\/div>\n\n\n\n<div class=\"wp-block-column is-layout-flow wp-block-column-is-layout-flow\"><div class=\"agripedia-home-post agripedia-subpage-card\" data-type=\"subpage-card\">\n  <a class=\"agripedia-subpage-card__linkwrap\" href=\"https:\/\/agripedia.ch\/forum-wasser-landwirtschaft\/wasserspeicher\/\" target=\"_blank\" rel=\"noopener noreferrer\">    <div class=\"agripedia-home-thumbnail\">\n              <img decoding=\"async\" src=\"https:\/\/agripedia.ch\/forum-wasser-landwirtschaft\/wp-content\/uploads\/sites\/64\/2025\/10\/Becken-scaled.jpg\" alt=\"Sammeln, speichern, wiederverwenden\" \/>\n          <\/div>\n  <\/a>\n  <div class=\"agripedia-home-post-content\">\n          <h2 class=\"agripedia-home-post-title\">\n                  <a href=\"https:\/\/agripedia.ch\/forum-wasser-landwirtschaft\/wasserspeicher\/\" target=\"_blank\" rel=\"noopener noreferrer\">\n        \n          Sammeln, speichern, wiederverwenden\n                  <\/a>\n              <\/h2>\n    \n          <p class=\"agripedia-home-post-excerpt\">Im Winter kann Wasser in Zeiten von Wasser\u00fcberfluss auf verschiedene Arten gesammelt und gespeichert werden. Dank mehrmaligem Nutzen wird Wasser gespart. Bild: AGRIDEA<\/p>\n      <\/div>\n<\/div>\n<\/div>\n\n\n\n<div class=\"wp-block-column is-layout-flow wp-block-column-is-layout-flow\"><div class=\"agripedia-home-post agripedia-subpage-card\" data-type=\"subpage-card\">\n  <a class=\"agripedia-subpage-card__linkwrap\" href=\"https:\/\/agripedia.ch\/forum-wasser-landwirtschaft\/drainagen\/\" target=\"_blank\" rel=\"noopener noreferrer\">    <div class=\"agripedia-home-thumbnail\">\n              <img decoding=\"async\" src=\"https:\/\/agripedia.ch\/forum-wasser-landwirtschaft\/wp-content\/uploads\/sites\/64\/2025\/11\/20250507_144732-scaled.jpg\" alt=\"Drainagen\" \/>\n          <\/div>\n  <\/a>\n  <div class=\"agripedia-home-post-content\">\n          <h2 class=\"agripedia-home-post-title\">\n                  <a href=\"https:\/\/agripedia.ch\/forum-wasser-landwirtschaft\/drainagen\/\" target=\"_blank\" rel=\"noopener noreferrer\">\n        \n          Drainagen\n                  <\/a>\n              <\/h2>\n    \n          <p class=\"agripedia-home-post-excerpt\">Viele Drainagen m\u00fcssen in den kommenden Jahren ersetzt werden. Heute besteht die M\u00f6glichkeit, diese smart zu gestalten. Das heisst, dass das Wasser in trockenen Perioden bei Bedarf im Boden r\u00fcckgestaut werden kann. Bild: AGRIDEA<\/p>\n      <\/div>\n<\/div>\n<\/div>\n<\/div>\n\n\n\n<div style=\"height:21px\" aria-hidden=\"true\" class=\"wp-block-spacer\"><\/div>\n\n\n\n<div class=\"wp-block-columns is-layout-flex wp-container-core-columns-is-layout-9d6595d7 wp-block-columns-is-layout-flex\">\n<div class=\"wp-block-column is-layout-flow wp-block-column-is-layout-flow\"><div class=\"agripedia-home-post agripedia-subpage-card\" data-type=\"subpage-card\">\n  <a class=\"agripedia-subpage-card__linkwrap\" href=\"https:\/\/agripedia.ch\/forum-wasser-landwirtschaft\/wasserretention\/\" target=\"_blank\" rel=\"noopener noreferrer\">    <div class=\"agripedia-home-thumbnail\">\n              <img decoding=\"async\" src=\"https:\/\/agripedia.ch\/forum-wasser-landwirtschaft\/wp-content\/uploads\/sites\/64\/2025\/02\/Keyline_Katzhof2-1_7765-Pixel-scaled.jpeg\" alt=\"Wasserretention und Infiltration\" \/>\n          <\/div>\n  <\/a>\n  <div class=\"agripedia-home-post-content\">\n          <h2 class=\"agripedia-home-post-title\">\n                  <a href=\"https:\/\/agripedia.ch\/forum-wasser-landwirtschaft\/wasserretention\/\" target=\"_blank\" rel=\"noopener noreferrer\">\n        \n          Wasserretention und Infiltration\n                  <\/a>\n              <\/h2>\n    \n          <p class=\"agripedia-home-post-excerpt\">Eine gute Versickerung des Wassers in den Boden ist Voraussetzung f\u00fcr einen resilienten Umgang mit dem Klimawandel sowohl in Bezug auf Trockenheit als auch Starkniederschl\u00e4ge. Bild: AGRIDEA<\/p>\n      <\/div>\n<\/div>\n<\/div>\n\n\n\n<div class=\"wp-block-column is-layout-flow wp-block-column-is-layout-flow\"><div class=\"agripedia-home-post agripedia-subpage-card\" data-type=\"subpage-card\">\n  <a class=\"agripedia-subpage-card__linkwrap\" href=\"https:\/\/agripedia.ch\/forum-wasser-landwirtschaft\/wasserkreislauf\/\" target=\"_blank\" rel=\"noopener noreferrer\">    <div class=\"agripedia-home-thumbnail\">\n              <img decoding=\"async\" src=\"https:\/\/agripedia.ch\/forum-wasser-landwirtschaft\/wp-content\/uploads\/sites\/64\/2025\/12\/Evaporation-1024x551.jpg\" alt=\"Wasserkreislauf und Landwirtschaft\" \/>\n          <\/div>\n  <\/a>\n  <div class=\"agripedia-home-post-content\">\n          <h2 class=\"agripedia-home-post-title\">\n                  <a href=\"https:\/\/agripedia.ch\/forum-wasser-landwirtschaft\/wasserkreislauf\/\" target=\"_blank\" rel=\"noopener noreferrer\">\n        \n          Wasserkreislauf und Landwirtschaft\n                  <\/a>\n              <\/h2>\n    \n          <p class=\"agripedia-home-post-excerpt\">Lokale und globale Wasserkreisl\u00e4ufe h\u00e4ngen zusammen. Die Landwirtschaft kann den lokalen Wasserkreislauf n\u00e4hren und weitestgehend schliessen. Bild: Hanspeter Liniger und AGRIDEA<\/p>\n      <\/div>\n<\/div>\n<\/div>\n\n\n\n<div class=\"wp-block-column is-layout-flow wp-block-column-is-layout-flow\"><div class=\"agripedia-home-post agripedia-subpage-card\" data-type=\"subpage-card\">\n  <a class=\"agripedia-subpage-card__linkwrap\" href=\"https:\/\/agripedia.ch\/forum-wasser-landwirtschaft\/soemmerungsgebiet\/\" target=\"_blank\" rel=\"noopener noreferrer\">    <div class=\"agripedia-home-thumbnail\">\n              <img decoding=\"async\" src=\"https:\/\/agripedia.ch\/forum-wasser-landwirtschaft\/wp-content\/uploads\/sites\/64\/2025\/02\/Alp-Culand-Wasserteich10_1_7765-scaled.jpg\" alt=\"Wasser im S\u00f6mmerungsgebiet\" \/>\n          <\/div>\n  <\/a>\n  <div class=\"agripedia-home-post-content\">\n          <h2 class=\"agripedia-home-post-title\">\n                  <a href=\"https:\/\/agripedia.ch\/forum-wasser-landwirtschaft\/soemmerungsgebiet\/\" target=\"_blank\" rel=\"noopener noreferrer\">\n        \n          Wasser im S\u00f6mmerungsgebiet\n                  <\/a>\n              <\/h2>\n    \n          <p class=\"agripedia-home-post-excerpt\">Aufgrund ihrer Lage sind die Alpen besonders von langen Trockenperioden und zunehmenden Starkniederschl\u00e4gen betroffen. Welche M\u00f6glichkeiten gibt es, um die Wasserversorgung zu verbessern und das Weidemanagement anzupassen? Bild: AGRIDEA<\/p>\n      <\/div>\n<\/div>\n<\/div>\n<\/div>\n\n\n\n<div style=\"height:21px\" aria-hidden=\"true\" class=\"wp-block-spacer\"><\/div>\n\n\n\n<div class=\"wp-block-columns is-not-stacked-on-mobile is-layout-flex wp-container-core-columns-is-layout-9d6595d7 wp-block-columns-is-layout-flex\">\n<div class=\"wp-block-column is-layout-flow wp-block-column-is-layout-flow\"><div class=\"agripedia-home-post agripedia-subpage-card\" data-type=\"subpage-card\">\n  <a class=\"agripedia-subpage-card__linkwrap\" href=\"https:\/\/agripedia.ch\/forum-wasser-landwirtschaft\/pflanzenzucht\/\" target=\"_blank\" rel=\"noopener noreferrer\">    <div class=\"agripedia-home-thumbnail\">\n              <img decoding=\"async\" src=\"https:\/\/agripedia.ch\/forum-wasser-landwirtschaft\/wp-content\/uploads\/sites\/64\/2025\/02\/Zuechtung_2-Quelle-DSP-AG.jpg\" alt=\"Klimaresistente Pflanzenzucht\" \/>\n          <\/div>\n  <\/a>\n  <div class=\"agripedia-home-post-content\">\n          <h2 class=\"agripedia-home-post-title\">\n                  <a href=\"https:\/\/agripedia.ch\/forum-wasser-landwirtschaft\/pflanzenzucht\/\" target=\"_blank\" rel=\"noopener noreferrer\">\n        \n          Klimaresistente Pflanzenzucht\n                  <\/a>\n              <\/h2>\n    \n          <p class=\"agripedia-home-post-excerpt\">Trockenresistente oder hitzetolerante Pflanzen brauchen weniger Wasser. Dies kann Nutzungskonflikte rund um den Wasserbedarf entsch\u00e4rfen. Einerseits k\u00f6nnen hiesige Pflanzenarten z\u00fcchterisch angepasst werden, andererseits werden Pflanzen aus L\u00e4ndern, wo Trockenheit herrscht, zunehmend relevant.  Bild: DSP AG<\/p>\n      <\/div>\n<\/div>\n<\/div>\n\n\n\n<div class=\"wp-block-column is-layout-flow wp-block-column-is-layout-flow\"><div class=\"agripedia-home-post agripedia-subpage-card\" data-type=\"subpage-card\">\n  <a class=\"agripedia-subpage-card__linkwrap\" href=\"https:\/\/agripedia.ch\/forum-wasser-landwirtschaft\/politische-grundlagen\/\" target=\"_blank\" rel=\"noopener noreferrer\">    <div class=\"agripedia-home-thumbnail\">\n              <img decoding=\"async\" src=\"https:\/\/agripedia.ch\/forum-wasser-landwirtschaft\/wp-content\/uploads\/sites\/64\/2025\/10\/Dachwasser-Sils-fuer-Webseite-DAL-scaled.jpg\" alt=\"Politische Grundlagen und Trends\" \/>\n          <\/div>\n  <\/a>\n  <div class=\"agripedia-home-post-content\">\n          <h2 class=\"agripedia-home-post-title\">\n                  <a href=\"https:\/\/agripedia.ch\/forum-wasser-landwirtschaft\/politische-grundlagen\/\" target=\"_blank\" rel=\"noopener noreferrer\">\n        \n          Politische Grundlagen und Trends\n                  <\/a>\n              <\/h2>\n    \n          <p class=\"agripedia-home-post-excerpt\">Der Bund und die Kantone erarbeiten laufend politische Instrumente, um die Wasserversorgung und die Wasserqualit\u00e4t f\u00fcr alle Bereiche sicherzustellen. Das Aufzeigen von Trends und verschiedenen F\u00f6rderinstrumenten geh\u00f6ren auch dazu. Bild: AGRIDEA<\/p>\n      <\/div>\n<\/div>\n<\/div>\n\n\n\n<div class=\"wp-block-column is-layout-flow wp-block-column-is-layout-flow\"><div class=\"agripedia-home-post agripedia-subpage-card\" data-type=\"subpage-card\">\n  <a class=\"agripedia-subpage-card__linkwrap\" href=\"https:\/\/agripedia.ch\/forum-wasser-landwirtschaft\/wasserrecycling-wasserqualitaet\/\" target=\"_blank\" rel=\"noopener noreferrer\">    <div class=\"agripedia-home-thumbnail\">\n              <img decoding=\"async\" src=\"https:\/\/agripedia.ch\/forum-wasser-landwirtschaft\/wp-content\/uploads\/sites\/64\/2026\/02\/Alpexkursion2-1024x768.jpg\" alt=\"Sensibilisierung der Bev\u00f6lkerung\" \/>\n          <\/div>\n  <\/a>\n  <div class=\"agripedia-home-post-content\">\n          <h2 class=\"agripedia-home-post-title\">\n                  <a href=\"https:\/\/agripedia.ch\/forum-wasser-landwirtschaft\/wasserrecycling-wasserqualitaet\/\" target=\"_blank\" rel=\"noopener noreferrer\">\n        \n          Sensibilisierung der Bev\u00f6lkerung\n                  <\/a>\n              <\/h2>\n    \n          <p class=\"agripedia-home-post-excerpt\">Wasser ist ein lebenswichtiges Gut. Der Umgang damit geht uns alle an. Deshalb ist es wichtig, dass verschiedene Organisationen sich f\u00fcr die Verbreitung des Wissens zum Thema Wasser einsetzen. Bild AGRIDEA<\/p>\n      <\/div>\n<\/div>\n<\/div>\n<\/div>\n\n\n\n<div style=\"height:23px\" aria-hidden=\"true\" class=\"wp-block-spacer\"><\/div>\n\n\n\n<p class=\"has-normal-font-size\">Die AGRIDEA entwickelt die \u00abWissensplattform nachhaltiges Wassermanagement in der Landwirtschaft\u00bb fortlaufend weiter. Ihre Beitr\u00e4ge sind sehr willkommen. Nutzen Sie dazu die entsprechenden <a href=\"https:\/\/agripedia.ch\/wasserforum\/?page_id=1023\">Kontaktformulare<\/a>.<\/p>\n\n\n\n<p class=\"has-normal-font-size\"><strong>Disclaimer:<\/strong> Wir bem\u00fchen uns bestm\u00f6glich, relevante und fundierte Inhalte zu pr\u00e4sentieren. Konstruktive Kritik zu den Themen nehmen wir gerne entgegen. Wenden Sie sich bei inhaltlichen Fragen zu einzelnen Beitr\u00e4gen direkt an die Autorinnen und Autoren.<\/p>\n\n\n\n<p class=\"has-normal-font-size\"><strong>Literaturlink:<\/strong> B\u00fctikofer N., Hacek M., Heller O., Leonhardt H., Holzk\u00e4mper A.&nbsp;(2024).&nbsp;Ansichten von Schweizer Landwirtinnen und Landwirten zum Thema Bodenbearbeitung. <em>Agrarforschung Schweiz<\/em>, 15, 279\u2013287. <a href=\"https:\/\/doi.org\/10.34776\/afs15-279\" target=\"_blank\" rel=\"noreferrer noopener\">https:\/\/doi.org\/10.34776\/afs15-279<\/a><\/p>\n\n\n\n<div style=\"height:21px\" aria-hidden=\"true\" class=\"wp-block-spacer\"><\/div>\n\n\n    \n<div class=\"wp-block-agripedia-impressum\" >\n    \n    <div class=\"agripedia-box-header\">\n        Finanzierung    <\/div>\n\n    <div class=\"agripedia-box-content\">\n        \n\n<p>Die Wissensplattform des Forums wird finanziell unterst\u00fctzt von:<\/p>\n\n\n\n<figure class=\"wp-block-image size-large\"><img loading=\"lazy\" decoding=\"async\" width=\"1024\" height=\"136\" src=\"https:\/\/agripedia.ch\/forum-wasser-landwirtschaft\/wp-content\/uploads\/sites\/64\/2025\/11\/Logos-Wasserforum_DE-1024x136.jpg\" alt=\"\" class=\"wp-image-62004\"\/><\/figure>\n\n    <\/div>\n    \n<\/div>\n\n\n<div style=\"height:21px\" aria-hidden=\"true\" class=\"wp-block-spacer\"><\/div>\n<style class=\"advgb-styles-renderer\">\n.agripedia-teaser-block p a {\n\tcolor: white;\t\n\ttext-decoration: none;\n}\n\n.agripedia-teaser-block p {\n\tcolor: white !important;\n\tdisplay: inline-block;\n\tfont-weight: 700;\n\tfont-size: 25px;\n\ttext-align: left;\n\tbackground-color: var(--wp--preset--color--agripedia-red);\n\tpadding: 0.5em;\n\tposition: absolute;\n\tleft: 0;\n\tbottom: 20%;\n\twidth: unset !important;\n}\n\n.agripedia-teaser-block {\n\tbox-shadow: 0 0 0.6em lightgray;\n\tmargin: 0 !important;\n\ttransition: all .25s linear !important;\n\toverflow: clip;\n}\n\n.agripedia-teaser-block:hover {\n\tbox-shadow: -1px 10px 29px lightgray;\n}\n\n.agripedia-teaser-block.quadrat {\n        min-height: 294.7px;\n}\n\n.slick-next:before,\n.slick-prev:before {\n font-size:43px;\n}\n\n.slick-prev {\n left:-50px;\n}\n@media (max-width: 1100px) {\n    .slick-next {\n        right:25px;\n    }\n    .slick-prev {\n        left:0px;\n    }\n}\n@media (max-width: 782px) {\n    .slick-next:before,\n    .slick-prev:before {\n        font-size:29px;\n    }\n    .slick-next {\n        right:-13px;\n    }\n    .slick-prev {\n        left: -24px;\n    }\n}\n\n\n<\/style>","protected":false},"excerpt":{"rendered":"<p>Die Verbreitung von Informationen und Wissen rund um das Thema nachhaltiges Wassermanagement in der Landwirtschaft wird immer wichtiger. Wie mit dem Wissen umgegangen wird, h\u00e4ngt in der Praxis sehr stark mit den Ansichten von Schweizer Landwirtinnen und Landwirten zum Thema Bodenbearbeitung zusammen. Auf der Wissensplattform des Forums finden Sie aktuelles Wissen zu den folgenden Themen: [&hellip;]<\/p>\n","protected":false},"author":26,"featured_media":61663,"parent":0,"menu_order":0,"comment_status":"closed","ping_status":"closed","template":"","meta":{"_sb_is_suggestion_mode":false,"_sb_show_suggestion_boards":false,"_sb_show_comment_boards":false,"_sb_suggestion_history":"","_sb_update_block_changes":"","om_disable_all_campaigns":false,"advgb_blocks_editor_width":"","advgb_blocks_columns_visual_guide":"","_monsterinsights_skip_tracking":false,"_monsterinsights_sitenote_active":false,"_monsterinsights_sitenote_note":"","_monsterinsights_sitenote_category":0,"footnotes":""},"class_list":["post-20","page","type-page","status-publish","has-post-thumbnail","hentry"],"coauthors":[],"author_meta":{"author_link":"https:\/\/agripedia.ch\/forum-wasser-landwirtschaft\/author\/bge0\/","display_name":"bge"},"relative_dates":{"created":"Posted 4\u00a0Jahren ago","modified":"Updated 2\u00a0Monaten ago"},"absolute_dates":{"created":"Posted on April 6, 2022","modified":"Updated on Februar 15, 2026"},"absolute_dates_time":{"created":"Posted on April 6, 2022 10:58","modified":"Updated on Februar 15, 2026 12:16"},"featured_img_caption":"","featured_img":"https:\/\/agripedia.ch\/forum-wasser-landwirtschaft\/wp-content\/uploads\/sites\/64\/2025\/10\/Katzhof-Buldung-in-Scheune-2024-Kurs-1-1200x531.jpg","series_order":"","_links":{"self":[{"href":"https:\/\/agripedia.ch\/forum-wasser-landwirtschaft\/wp-json\/wp\/v2\/pages\/20","targetHints":{"allow":["GET"]}}],"collection":[{"href":"https:\/\/agripedia.ch\/forum-wasser-landwirtschaft\/wp-json\/wp\/v2\/pages"}],"about":[{"href":"https:\/\/agripedia.ch\/forum-wasser-landwirtschaft\/wp-json\/wp\/v2\/types\/page"}],"author":[{"embeddable":true,"href":"https:\/\/agripedia.ch\/forum-wasser-landwirtschaft\/wp-json\/wp\/v2\/users\/26"}],"replies":[{"embeddable":true,"href":"https:\/\/agripedia.ch\/forum-wasser-landwirtschaft\/wp-json\/wp\/v2\/comments?post=20"}],"version-history":[{"count":271,"href":"https:\/\/agripedia.ch\/forum-wasser-landwirtschaft\/wp-json\/wp\/v2\/pages\/20\/revisions"}],"predecessor-version":[{"id":63234,"href":"https:\/\/agripedia.ch\/forum-wasser-landwirtschaft\/wp-json\/wp\/v2\/pages\/20\/revisions\/63234"}],"wp:featuredmedia":[{"embeddable":true,"href":"https:\/\/agripedia.ch\/forum-wasser-landwirtschaft\/wp-json\/wp\/v2\/media\/61663"}],"wp:attachment":[{"href":"https:\/\/agripedia.ch\/forum-wasser-landwirtschaft\/wp-json\/wp\/v2\/media?parent=20"}],"curies":[{"name":"wp","href":"https:\/\/api.w.org\/{rel}","templated":true}]}}