{"id":1034,"date":"2024-12-16T13:57:24","date_gmt":"2024-12-16T12:57:24","guid":{"rendered":"https:\/\/agripedia.ch\/wasserforum\/?page_id=1034"},"modified":"2026-02-16T11:08:22","modified_gmt":"2026-02-16T10:08:22","slug":"wasserretention","status":"publish","type":"page","link":"https:\/\/agripedia.ch\/forum-wasser-landwirtschaft\/wasserretention\/","title":{"rendered":"Wasserretention: Infiltration und Speicherung im Boden"},"content":{"rendered":"\n<p class=\"has-normal-font-size\">Niederschl\u00e4ge laufen entweder als Oberfl\u00e4chengew\u00e4sser ab oder versickern in den Boden. Bei Verschl\u00e4mmung und Verdichtung der Oberfl\u00e4che geht oberfl\u00e4chig ablaufendes Niederschlagswasser den Pflanzen verloren und kann zu Bodenzerst\u00f6rung durch Erosion und zu \u00dcberschwemmungen f\u00fchren. Nur ein wasserhaltiger Boden kann chemisch verwittern, den Pflanzenwurzeln N\u00e4hrstoffe in gel\u00f6ster Form bereitstellen und damit das Pflanzenwachstum f\u00f6rdern. <\/p>\n\n\n\n<p class=\"has-normal-font-size\">Ein nachhaltiger Umgang mit Wasser, Boden und Bewuchs kann Niederschl\u00e4ge d\u00e4mpfen und kahle B\u00f6den vermeiden sowie Oberfl\u00e4chenabfl\u00fcsse verz\u00f6gern, verteilen und m\u00f6glichst lange auf der Fl\u00e4che halten, damit das Wasser Zeit hat zu versickern. Geeignete Massnahmen wie Bodenbedeckung, schonende Bodenbearbeitung, Versickerungsgr\u00e4ben, Keyline Design, Agroforst und Humusaufbau f\u00f6rdern die Wasserinfiltration in den Boden und tragen so zu einer Verbesserung des Wasser- und Bodenmanagements bei.<\/p>\n\n\n\n<div class=\"wp-block-columns is-layout-flex wp-container-core-columns-is-layout-9d6595d7 wp-block-columns-is-layout-flex\">\n<div class=\"wp-block-column is-layout-flow wp-block-column-is-layout-flow\"><div class=\"agripedia-home-post agripedia-subpage-card\" data-type=\"subpage-card\">\n  <a class=\"agripedia-subpage-card__linkwrap\" href=\"https:\/\/agripedia.ch\/forum-wasser-landwirtschaft\/?page_id=62782\" target=\"_blank\" rel=\"noopener noreferrer\">    <div class=\"agripedia-home-thumbnail\">\n              <img decoding=\"async\" src=\"https:\/\/agripedia.ch\/forum-wasser-landwirtschaft\/wp-content\/uploads\/sites\/64\/2026\/01\/20250128_161243-1024x768.jpg\" alt=\"Informationen und Massnahmen\" \/>\n          <\/div>\n  <\/a>\n  <div class=\"agripedia-home-post-content\">\n          <h2 class=\"agripedia-home-post-title\">\n                  <a href=\"https:\/\/agripedia.ch\/forum-wasser-landwirtschaft\/?page_id=62782\" target=\"_blank\" rel=\"noopener noreferrer\">\n        \n          Informationen und Massnahmen\n                  <\/a>\n              <\/h2>\n    \n          <p class=\"agripedia-home-post-excerpt\">Hier finden Sie Massnahmenkataloge, Literatur, Videos, Podcasts und Infos zu Projekten zum Thema Wasserretention aus dem In- und Ausland.<\/p>\n      <\/div>\n<\/div>\n<\/div>\n\n\n\n<div class=\"wp-block-column is-layout-flow wp-block-column-is-layout-flow\"><div class=\"agripedia-home-post agripedia-subpage-card\" data-type=\"subpage-card\">\n  <a class=\"agripedia-subpage-card__linkwrap\" href=\"https:\/\/agripedia.ch\/forum-wasser-landwirtschaft\/keyline-design\/\" target=\"_blank\" rel=\"noopener noreferrer\">    <div class=\"agripedia-home-thumbnail\">\n              <img decoding=\"async\" src=\"https:\/\/agripedia.ch\/forum-wasser-landwirtschaft\/wp-content\/uploads\/sites\/64\/2025\/11\/20250327_145435-scaled.jpg\" alt=\"Versickerungsgr\u00e4ben \/ Swales\" \/>\n          <\/div>\n  <\/a>\n  <div class=\"agripedia-home-post-content\">\n          <h2 class=\"agripedia-home-post-title\">\n                  <a href=\"https:\/\/agripedia.ch\/forum-wasser-landwirtschaft\/keyline-design\/\" target=\"_blank\" rel=\"noopener noreferrer\">\n        \n          Versickerungsgr\u00e4ben \/ Swales\n                  <\/a>\n              <\/h2>\n    \n          <p class=\"agripedia-home-post-excerpt\">Versickerungsgr\u00e4ben bremsen das Wasser im Hang und geben ihm so Zeit, in den Boden zu versickern. H\u00e4ufig werden sie in Kombination mit Hecken, Agroforst oder einem ganzen Keyline Design angelegt. Es gibt unterschiedliche Graben-Formen. Bild: AGRIDEA<\/p>\n      <\/div>\n<\/div>\n<\/div>\n\n\n\n<div class=\"wp-block-column is-layout-flow wp-block-column-is-layout-flow\"><div class=\"agripedia-home-post agripedia-subpage-card\" data-type=\"subpage-card\">\n  <a class=\"agripedia-subpage-card__linkwrap\" href=\"https:\/\/agripedia.ch\/forum-wasser-landwirtschaft\/schonende-bodenbearbeitung-2\/\" target=\"_blank\" rel=\"noopener noreferrer\">    <div class=\"agripedia-home-thumbnail\">\n              <img decoding=\"async\" src=\"https:\/\/agripedia.ch\/forum-wasser-landwirtschaft\/wp-content\/uploads\/sites\/64\/2025\/11\/Geohobel_Cavin-scaled.jpg\" alt=\"Schonende Bodenbearbeitung\" \/>\n          <\/div>\n  <\/a>\n  <div class=\"agripedia-home-post-content\">\n          <h2 class=\"agripedia-home-post-title\">\n                  <a href=\"https:\/\/agripedia.ch\/forum-wasser-landwirtschaft\/schonende-bodenbearbeitung-2\/\" target=\"_blank\" rel=\"noopener noreferrer\">\n        \n          Schonende Bodenbearbeitung\n                  <\/a>\n              <\/h2>\n    \n          <p class=\"agripedia-home-post-excerpt\">Eine schonende Bodenbearbeitung nimmt R\u00fccksicht auf das Bodenleben und die Bodenstruktur, um eine gute Wasserinfiltration zu gew\u00e4hrleisten. Verdichtung und Verschl\u00e4mmung werden vermieden. Bild: AGRIDEA<\/p>\n      <\/div>\n<\/div>\n<\/div>\n<\/div>\n\n\n\n<div class=\"wp-block-columns is-layout-flex wp-container-core-columns-is-layout-9d6595d7 wp-block-columns-is-layout-flex\">\n<div class=\"wp-block-column is-layout-flow wp-block-column-is-layout-flow\"><div class=\"agripedia-home-post agripedia-subpage-card\" data-type=\"subpage-card\">\n  <a class=\"agripedia-subpage-card__linkwrap\" href=\"https:\/\/agripedia.ch\/forum-wasser-landwirtschaft\/agroforst\/\" target=\"_blank\" rel=\"noopener noreferrer\">    <div class=\"agripedia-home-thumbnail\">\n              <img decoding=\"async\" src=\"https:\/\/agripedia.ch\/forum-wasser-landwirtschaft\/wp-content\/uploads\/sites\/64\/2025\/11\/20250327_154443-1-scaled.jpg\" alt=\"Agroforst\" \/>\n          <\/div>\n  <\/a>\n  <div class=\"agripedia-home-post-content\">\n          <h2 class=\"agripedia-home-post-title\">\n                  <a href=\"https:\/\/agripedia.ch\/forum-wasser-landwirtschaft\/agroforst\/\" target=\"_blank\" rel=\"noopener noreferrer\">\n        \n          Agroforst\n                  <\/a>\n              <\/h2>\n    \n          <p class=\"agripedia-home-post-excerpt\">B\u00e4ume sind ein wesentlicher Faktor, wenn es um die K\u00fchlung und Erhaltung von Wasserkreisl\u00e4ufen geht. Sie kommen in Obstg\u00e4rten, in Kombination mit Weiden, Keylines oder entlang von Versickerungsgr\u00e4ben vor. Bild: AGRIDEA<\/p>\n      <\/div>\n<\/div>\n<\/div>\n\n\n\n<div class=\"wp-block-column is-layout-flow wp-block-column-is-layout-flow\"><div class=\"agripedia-home-post agripedia-subpage-card\" data-type=\"subpage-card\">\n  <a class=\"agripedia-subpage-card__linkwrap\" href=\"https:\/\/agripedia.ch\/forum-wasser-landwirtschaft\/keyline-design\/\" target=\"_blank\" rel=\"noopener noreferrer\">    <div class=\"agripedia-home-thumbnail\">\n              <img decoding=\"async\" src=\"https:\/\/agripedia.ch\/forum-wasser-landwirtschaft\/wp-content\/uploads\/sites\/64\/2025\/11\/20250903_155657-scaled.jpg\" alt=\"Keyline design\" \/>\n          <\/div>\n  <\/a>\n  <div class=\"agripedia-home-post-content\">\n          <h2 class=\"agripedia-home-post-title\">\n                  <a href=\"https:\/\/agripedia.ch\/forum-wasser-landwirtschaft\/keyline-design\/\" target=\"_blank\" rel=\"noopener noreferrer\">\n        \n          Keyline design\n                  <\/a>\n              <\/h2>\n    \n          <p class=\"agripedia-home-post-excerpt\">Keyline ist ein ganzes System von Gr\u00e4ben mit oder ohne Bepflanzung entlang von H\u00f6henlinien. Die Gr\u00e4ben k\u00f6nnen \u00fcbersch\u00fcssiges Wasser bei starken Niederschl\u00e4gen, das nicht in den Boden infiltriert, in Wasserbecken zur Zwischenspeicherung oder zum Endverbrauch leiten. Bild: AGRIDEA<\/p>\n      <\/div>\n<\/div>\n<\/div>\n\n\n\n<div class=\"wp-block-column is-layout-flow wp-block-column-is-layout-flow\"><div class=\"agripedia-home-post agripedia-subpage-card\" data-type=\"subpage-card\">\n  <a class=\"agripedia-subpage-card__linkwrap\" href=\"https:\/\/agripedia.ch\/forum-wasser-landwirtschaft\/?page_id=61344&#038;preview=true&#038;_thumbnail_id=61964\" target=\"_blank\" rel=\"noopener noreferrer\">    <div class=\"agripedia-home-thumbnail\">\n              <img decoding=\"async\" src=\"https:\/\/agripedia.ch\/forum-wasser-landwirtschaft\/wp-content\/uploads\/sites\/64\/2025\/11\/Bodenbedeckung-Ziegelried-DAL-scaled.jpg\" alt=\"Bodenbedeckung\" \/>\n          <\/div>\n  <\/a>\n  <div class=\"agripedia-home-post-content\">\n          <h2 class=\"agripedia-home-post-title\">\n                  <a href=\"https:\/\/agripedia.ch\/forum-wasser-landwirtschaft\/?page_id=61344&#038;preview=true&#038;_thumbnail_id=61964\" target=\"_blank\" rel=\"noopener noreferrer\">\n        \n          Bodenbedeckung\n                  <\/a>\n              <\/h2>\n    \n          <p class=\"agripedia-home-post-excerpt\">Ein bedeckter Boden ist wesentlich k\u00fchler als eine unbedeckte Oberfl\u00e4che und ist vor starker Erosion gesch\u00fctzt. Die Umgebungstemperatur k\u00fchlt ab und Wasser bleibt durch die Transpiration der Pflanzen im lokalen Kreislauf. Eine gute Bodenbedeckung kann durch loses Material wie Mulch oder durch wachsende Pflanzen in Unter- oder Zwischensaaten erreicht werden. Bild: AGRIDEA<\/p>\n      <\/div>\n<\/div>\n<\/div>\n<\/div>\n\n\n\n<div class=\"wp-block-columns is-layout-flex wp-container-core-columns-is-layout-9d6595d7 wp-block-columns-is-layout-flex\">\n<div class=\"wp-block-column is-layout-flow wp-block-column-is-layout-flow\"><div class=\"agripedia-home-post agripedia-subpage-card\" data-type=\"subpage-card\">\n  <a class=\"agripedia-subpage-card__linkwrap\" href=\"https:\/\/agripedia.ch\/forum-wasser-landwirtschaft\/humusaufbau\/\" target=\"_blank\" rel=\"noopener noreferrer\">    <div class=\"agripedia-home-thumbnail\">\n              <img decoding=\"async\" src=\"https:\/\/agripedia.ch\/forum-wasser-landwirtschaft\/wp-content\/uploads\/sites\/64\/2025\/11\/20250625_Biodiversitaet_Feldrand_jin-scaled.jpg\" alt=\"Humusaufbau\" \/>\n          <\/div>\n  <\/a>\n  <div class=\"agripedia-home-post-content\">\n          <h2 class=\"agripedia-home-post-title\">\n                  <a href=\"https:\/\/agripedia.ch\/forum-wasser-landwirtschaft\/humusaufbau\/\" target=\"_blank\" rel=\"noopener noreferrer\">\n        \n          Humusaufbau\n                  <\/a>\n              <\/h2>\n    \n          <p class=\"agripedia-home-post-excerpt\">Humus ist ein guter Wasserspeicher im Boden und erh\u00f6ht die Bodenfruchtbarkeit. Verschiedene Massnahmen tragen dazu bei, Humus aufzubauen. Bild: LID<\/p>\n      <\/div>\n<\/div>\n<\/div>\n\n\n\n<div class=\"wp-block-column is-layout-flow wp-block-column-is-layout-flow\"><\/div>\n\n\n\n<div class=\"wp-block-column is-layout-flow wp-block-column-is-layout-flow\"><div class=\"agripedia-home-post agripedia-subpage-card\" data-type=\"subpage-card\">\n  <a class=\"agripedia-subpage-card__linkwrap\" href=\"https:\/\/agripedia.ch\/forum-wasser-landwirtschaft\/?page_id=62798&#038;preview=true\" target=\"_blank\" rel=\"noopener noreferrer\">    <div class=\"agripedia-home-thumbnail\">\n              <img decoding=\"async\" src=\"https:\/\/agripedia.ch\/forum-wasser-landwirtschaft\/wp-content\/uploads\/sites\/64\/2026\/02\/IMG_3211-768x1024.jpg\" alt=\"Fragmentiertes Zweigholz\" \/>\n          <\/div>\n  <\/a>\n  <div class=\"agripedia-home-post-content\">\n          <h2 class=\"agripedia-home-post-title\">\n                  <a href=\"https:\/\/agripedia.ch\/forum-wasser-landwirtschaft\/?page_id=62798&#038;preview=true\" target=\"_blank\" rel=\"noopener noreferrer\">\n        \n          Fragmentiertes Zweigholz\n                  <\/a>\n              <\/h2>\n    \n          <p class=\"agripedia-home-post-excerpt\">Der obersten Bodenschicht werden zerkleinerte Zweige zugegeben, um die Bodeneigenschaften zu verbessern und die organische Substanz anzureichern. Bild: L. Arminjon (Hepia)<\/p>\n      <\/div>\n<\/div>\n<\/div>\n<\/div>\n\n\n\n<div style=\"height:21px\" aria-hidden=\"true\" class=\"wp-block-spacer\"><\/div>\n\n\n\n<p class=\"has-larger-font-size\"><strong>Planungsprozess<\/strong><\/p>\n\n\n\n<p class=\"has-normal-font-size\">Bei der Umsetzung von Wasserretentionsmassnahmen wird die Landschaft zum Teil umgestaltet. F\u00fcr die Schaffung wirksamer Schwammlandschaften werden folgende Schritte empfohlen:<\/p>\n\n\n\n<ol class=\"wp-block-list\">\n<li class=\"has-normal-font-size\"><strong>Entscheidungen im Hinblick auf die Ziele bewerten.<\/strong> Die Ziele k\u00f6nnen vielf\u00e4ltige Aspekte beinhalten wie Umgang mit Trockenheit, Starkniederschl\u00e4gen. Biodiversit\u00e4t, Wasserqualit\u00e4t und die gesellschaftliche Entwicklung. <\/li>\n\n\n\n<li class=\"has-normal-font-size\"><strong>Massnahmen f\u00fcr verschiedene meteorologische Ereignisse konzipieren<\/strong>. Die Dauer und St\u00e4rke von D\u00fcrren und Niederschl\u00e4gen sowie der Zustand kurz vor dem Ereignis (trockene oder feuchte Bedingungen) beeinflussen die Wirkung der Massnahmen.<\/li>\n\n\n\n<li class=\"has-normal-font-size\"><strong>Boden und Wasser als Leitprinzip f\u00fcr die Raumplanung ber\u00fccksichtigen<\/strong>. Eine widerstandsf\u00e4hige Landschaft, die D\u00fcrren und Starkniederschl\u00e4gen widersteht, vermindert das Risiko von Sch\u00e4den.<\/li>\n\n\n\n<li class=\"has-normal-font-size\"><strong>Auf Landschaftsebene arbeiten<\/strong>. Einzelmassnahmen k\u00f6nne lokal wirken, beeinflussen die Klimaresilienz auf einer gr\u00f6sseren Ebene jedoch wenig.<\/li>\n\n\n\n<li class=\"has-normal-font-size\"><strong>Gemeinsam mit vielen Interessengruppen arbeiten und diese fr\u00fch einbinden<\/strong>. Sie treffen private und \u00f6ffentliche Entscheidungen und sind von diesen betroffen. Planungs- und Umsetzungsprozesse k\u00f6nnen nur zusammen mit allen Stakeholdern erfolgreich und zufriedenstellend entwickelt werden.<\/li>\n<\/ol>\n\n\n\n<p>Quelle: SpongeScapes, <a href=\"https:\/\/agripedia.ch\/forum-wasser-landwirtschaft\/wp-content\/uploads\/sites\/64\/2026\/01\/SpongeScapes_Policy-Brief-No.-1_From-Drainage-to-Water-Retention.pdf\" target=\"_blank\" rel=\"noreferrer noopener\">Policy Brief<\/a><\/p>\n\n\n\n<div style=\"height:21px\" aria-hidden=\"true\" class=\"wp-block-spacer\"><\/div>\n\n\n\n<p class=\"has-larger-font-size\"><strong>Mitarbeit<\/strong><\/p>\n\n\n\n<p class=\"has-normal-font-size\">Wenn Sie das Thema Wasserretention und Infiltration zusammen mit Gleichgesinnten weiterentwickeln m\u00f6chten, machen Sie in der Arbeitsgruppe mit. Mehr dazu auf der&nbsp;<a href=\"https:\/\/agripedia.ch\/forum-wasser-landwirtschaft\/verein\/\" target=\"_blank\" rel=\"noreferrer noopener\">Vereinsseite<\/a>&nbsp;des Forums.<\/p>\n\n\n\n<hr class=\"wp-block-separator has-alpha-channel-opacity\"\/>\n\n\n\n<p class=\"has-normal-font-size\">Ihre Beitr\u00e4ge, Hinweise, Erg\u00e4nzungen, Anregungen und Kommentare nehmen wir gerne <a href=\"https:\/\/agripedia.ch\/forum-wasser-landwirtschaft\/kontakt\/\" target=\"_blank\" rel=\"noreferrer noopener\">hier <\/a>entgegen.<\/p>\n","protected":false},"excerpt":{"rendered":"<p>Niederschl\u00e4ge laufen entweder als Oberfl\u00e4chengew\u00e4sser ab oder versickern in den Boden. Bei Verschl\u00e4mmung und Verdichtung der Oberfl\u00e4che geht oberfl\u00e4chig ablaufendes Niederschlagswasser den Pflanzen verloren und kann zu Bodenzerst\u00f6rung durch Erosion und zu \u00dcberschwemmungen f\u00fchren. Nur ein wasserhaltiger Boden kann chemisch verwittern, den Pflanzenwurzeln N\u00e4hrstoffe in gel\u00f6ster Form bereitstellen und damit das Pflanzenwachstum f\u00f6rdern. Ein nachhaltiger [&hellip;]<\/p>\n","protected":false},"author":927,"featured_media":60055,"parent":0,"menu_order":0,"comment_status":"closed","ping_status":"closed","template":"","meta":{"_sb_is_suggestion_mode":false,"_sb_show_suggestion_boards":false,"_sb_show_comment_boards":false,"_sb_suggestion_history":"","_sb_update_block_changes":"","om_disable_all_campaigns":false,"advgb_blocks_editor_width":"","advgb_blocks_columns_visual_guide":"","_monsterinsights_skip_tracking":false,"_monsterinsights_sitenote_active":false,"_monsterinsights_sitenote_note":"","_monsterinsights_sitenote_category":0,"footnotes":""},"class_list":["post-1034","page","type-page","status-publish","has-post-thumbnail","hentry"],"coauthors":[{"link":"https:\/\/agripedia.ch\/forum-wasser-landwirtschaft\/author\/sar2\/","display_name":"sar2"}],"author_meta":{"author_link":"https:\/\/agripedia.ch\/forum-wasser-landwirtschaft\/author\/sar2\/","display_name":"sar2"},"relative_dates":{"created":"Posted 1\u00a0Jahr ago","modified":"Updated 2\u00a0Monaten ago"},"absolute_dates":{"created":"Posted on Dezember 16, 2024","modified":"Updated on Februar 16, 2026"},"absolute_dates_time":{"created":"Posted on Dezember 16, 2024 13:57","modified":"Updated on Februar 16, 2026 11:08"},"featured_img_caption":"","featured_img":"https:\/\/agripedia.ch\/forum-wasser-landwirtschaft\/wp-content\/uploads\/sites\/64\/2025\/02\/zuviel-Wasser-erosion-AGD-Datenbank-2560-Pixel-schmal-1200x544.jpg","series_order":"","_links":{"self":[{"href":"https:\/\/agripedia.ch\/forum-wasser-landwirtschaft\/wp-json\/wp\/v2\/pages\/1034","targetHints":{"allow":["GET"]}}],"collection":[{"href":"https:\/\/agripedia.ch\/forum-wasser-landwirtschaft\/wp-json\/wp\/v2\/pages"}],"about":[{"href":"https:\/\/agripedia.ch\/forum-wasser-landwirtschaft\/wp-json\/wp\/v2\/types\/page"}],"author":[{"embeddable":true,"href":"https:\/\/agripedia.ch\/forum-wasser-landwirtschaft\/wp-json\/wp\/v2\/users\/927"}],"replies":[{"embeddable":true,"href":"https:\/\/agripedia.ch\/forum-wasser-landwirtschaft\/wp-json\/wp\/v2\/comments?post=1034"}],"version-history":[{"count":132,"href":"https:\/\/agripedia.ch\/forum-wasser-landwirtschaft\/wp-json\/wp\/v2\/pages\/1034\/revisions"}],"predecessor-version":[{"id":63276,"href":"https:\/\/agripedia.ch\/forum-wasser-landwirtschaft\/wp-json\/wp\/v2\/pages\/1034\/revisions\/63276"}],"wp:featuredmedia":[{"embeddable":true,"href":"https:\/\/agripedia.ch\/forum-wasser-landwirtschaft\/wp-json\/wp\/v2\/media\/60055"}],"wp:attachment":[{"href":"https:\/\/agripedia.ch\/forum-wasser-landwirtschaft\/wp-json\/wp\/v2\/media?parent=1034"}],"curies":[{"name":"wp","href":"https:\/\/api.w.org\/{rel}","templated":true}]}}