{"id":1033,"date":"2024-12-16T13:57:34","date_gmt":"2024-12-16T12:57:34","guid":{"rendered":"https:\/\/agripedia.ch\/wasserforum\/?page_id=1033"},"modified":"2026-02-06T14:21:40","modified_gmt":"2026-02-06T13:21:40","slug":"soemmerungsgebiet","status":"publish","type":"page","link":"https:\/\/agripedia.ch\/forum-wasser-landwirtschaft\/soemmerungsgebiet\/","title":{"rendered":"S\u00f6mmerungsgebiet"},"content":{"rendered":"\n<p class=\"has-normal-font-size\">F\u00fcr die S\u00f6mmerung k\u00f6nnen die Ver\u00e4nderungen im Klima unter anderem ein zeitlich verschobenes Futterangebot, eine reduzierte Produktion und Stress bei Tieren bedeuten. Weiter werden auch Betriebsabl\u00e4ufe auf der Alp, beispielsweise bei der Milchverarbeitung, beeinflusst.<\/p>\n\n\n\n<p class=\"has-normal-font-size\">Wie gehen verschiedene Alpbetriebe mit diesen Herausforderungen um? Welche Faktoren beeinflussen den Wasserhaushalt eines Alpbetriebes entscheidend? Welche M\u00f6glichkeiten gibt es, um die Wasserversorgung und -speicherung zu verbessern und wie werden die Massnahmen umgesetzt? Inwieweit kann das Weidemanagement an ver\u00e4nderte Bedingungen angepasst werden?<\/p>\n\n\n\n<p class=\"has-normal-font-size\">Hier finden Sie Informationen dazu: <\/p>\n\n\n\n<p class=\"has-normal-font-size\"><a href=\"https:\/\/themes.agripedia.ch\/alpwirtschaft-wasserversorgung\/\" target=\"_blank\" rel=\"noreferrer noopener\">Wasserversorgung auf der Alp<\/a>: F\u00fcnf Portraits zur Wasserversorgung im Schweizer S\u00f6mmerungsgebiet, Merkbl\u00e4tter, Praxisleitfaden, Best-Practice Beispiele, Veranstaltungen des SAV<\/p>\n\n\n\n<p class=\"has-normal-font-size\"><a href=\"https:\/\/www.sab.ch\/dienstleistungen\/dialogplattform-forschung\/\" target=\"_blank\" rel=\"noreferrer noopener\">Dialogplattform Forschung \u2013 Praxis in der Berglandwirtschaft<\/a>: Die Dialogplattform findet in Form eines runden Tisches zwischen Praktikern und Forschenden im Bereich Berglandwirtschaft statt. Ziel ist es, Bed\u00fcrfnisse aus der Praxis zu erfassen und andererseits neue Erkenntnisse aus der Wissenschaft und Forschung f\u00fcr die Praxis zug\u00e4nglich zu machen. SAB (Schweizerische Arbeitsgemeinschaft f\u00fcr die Berggebiete)<\/p>\n\n\n\n<p class=\"has-normal-font-size\"><a href=\"https:\/\/zukunftsforumalpen.li\/information\/\" target=\"_blank\" rel=\"noreferrer noopener\">ZukunftsForum Alpen<\/a>: Vom 27.-28. Juni 2025 fand in Schaan, Liechtenstein eine Tagung zum Thema Wasser als Lebensraum und Ressource im Alpenraum. Im R\u00fcckblick finden Sie die Pr\u00e4sentationen und Videos einiger Vortr\u00e4ge.<\/p>\n\n\n\n<p class=\"has-normal-font-size\">CIPRA Leben in den Alpen (<a href=\"https:\/\/che01.safelinks.protection.outlook.com\/?url=http%3A%2F%2Fwww.cipra.org%2F&amp;data=05%7C02%7C%7C8c63afb434fb40d48b9108dd04b822dd%7Cddcc3f51f0b445f2ad261537ea975a48%7C0%7C0%7C638671911128571955%7CUnknown%7CTWFpbGZsb3d8eyJFbXB0eU1hcGkiOnRydWUsIlYiOiIwLjAuMDAwMCIsIlAiOiJXaW4zMiIsIkFOIjoiTWFpbCIsIldUIjoyfQ%3D%3D%7C0%7C%7C%7C&amp;sdata=ke9%2F2DVWMVOoUlUdHjpZIVO4dFDi%2F1ef8o9BFby2j6A%3D&amp;reserved=0\">www.cipra.org<\/a>)<\/p>\n\n\n\n<p class=\"has-normal-font-size\">Informationen zu Projekten finden Sie auf der <a href=\"https:\/\/agripedia.ch\/forum-wasser-landwirtschaft\/projekte-uebersicht\/\" target=\"_blank\" rel=\"noreferrer noopener\">Projektseite <\/a>dieses Forums.<\/p>\n\n\n\n<div style=\"height:21px\" aria-hidden=\"true\" class=\"wp-block-spacer\"><\/div>\n\n\n\n<p class=\"has-normal-font-size\"><strong>Mitarbeit<\/strong><\/p>\n\n\n\n<p class=\"has-normal-font-size\">Wenn Sie das Thema Wassermanagement im S\u00f6mmerungsgebiet zusammen mit Gleichgesinnten weiterentwickeln m\u00f6chten, machen Sie in der Arbeitsgruppe mit. Mehr dazu auf der <a href=\"https:\/\/agripedia.ch\/forum-wasser-landwirtschaft\/verein\/\" target=\"_blank\" rel=\"noreferrer noopener\">Vereinsseite <\/a>des Forums.<\/p>\n\n\n\n<hr class=\"wp-block-separator has-alpha-channel-opacity\"\/>\n\n\n\n<p class=\"has-normal-font-size\">Ihre Beitr\u00e4ge, Hinweise, Erg\u00e4nzungen, Anregungen und Kommentare nehmen wir gerne <a href=\"https:\/\/agripedia.ch\/forum-wasser-landwirtschaft\/kontakt\/\">hier <\/a>entgegen.<\/p>\n","protected":false},"excerpt":{"rendered":"<p>F\u00fcr die S\u00f6mmerung k\u00f6nnen die Ver\u00e4nderungen im Klima unter anderem ein zeitlich verschobenes Futterangebot, eine reduzierte Produktion und Stress bei Tieren bedeuten. Weiter werden auch Betriebsabl\u00e4ufe auf der Alp, beispielsweise bei der Milchverarbeitung, beeinflusst. Wie gehen verschiedene Alpbetriebe mit diesen Herausforderungen um? Welche Faktoren beeinflussen den Wasserhaushalt eines Alpbetriebes entscheidend? Welche M\u00f6glichkeiten gibt es, um [&hellip;]<\/p>\n","protected":false},"author":927,"featured_media":60118,"parent":0,"menu_order":0,"comment_status":"closed","ping_status":"closed","template":"","meta":{"_sb_is_suggestion_mode":false,"_sb_show_suggestion_boards":false,"_sb_show_comment_boards":false,"_sb_suggestion_history":"","_sb_update_block_changes":"","om_disable_all_campaigns":false,"advgb_blocks_editor_width":"","advgb_blocks_columns_visual_guide":"","_monsterinsights_skip_tracking":false,"_monsterinsights_sitenote_active":false,"_monsterinsights_sitenote_note":"","_monsterinsights_sitenote_category":0,"footnotes":""},"class_list":["post-1033","page","type-page","status-publish","has-post-thumbnail","hentry"],"coauthors":[{"link":"https:\/\/agripedia.ch\/forum-wasser-landwirtschaft\/author\/sar2\/","display_name":"sar2"}],"author_meta":{"author_link":"https:\/\/agripedia.ch\/forum-wasser-landwirtschaft\/author\/sar2\/","display_name":"sar2"},"relative_dates":{"created":"Posted 1\u00a0Jahr ago","modified":"Updated 2\u00a0Monaten ago"},"absolute_dates":{"created":"Posted on Dezember 16, 2024","modified":"Updated on Februar 6, 2026"},"absolute_dates_time":{"created":"Posted on Dezember 16, 2024 13:57","modified":"Updated on Februar 6, 2026 14:21"},"featured_img_caption":"","featured_img":"https:\/\/agripedia.ch\/forum-wasser-landwirtschaft\/wp-content\/uploads\/sites\/64\/2025\/02\/Verschiedene-Tierarten_Especes-animales-differentes-scaled-1-1200x900.jpg","series_order":"","_links":{"self":[{"href":"https:\/\/agripedia.ch\/forum-wasser-landwirtschaft\/wp-json\/wp\/v2\/pages\/1033","targetHints":{"allow":["GET"]}}],"collection":[{"href":"https:\/\/agripedia.ch\/forum-wasser-landwirtschaft\/wp-json\/wp\/v2\/pages"}],"about":[{"href":"https:\/\/agripedia.ch\/forum-wasser-landwirtschaft\/wp-json\/wp\/v2\/types\/page"}],"author":[{"embeddable":true,"href":"https:\/\/agripedia.ch\/forum-wasser-landwirtschaft\/wp-json\/wp\/v2\/users\/927"}],"replies":[{"embeddable":true,"href":"https:\/\/agripedia.ch\/forum-wasser-landwirtschaft\/wp-json\/wp\/v2\/comments?post=1033"}],"version-history":[{"count":106,"href":"https:\/\/agripedia.ch\/forum-wasser-landwirtschaft\/wp-json\/wp\/v2\/pages\/1033\/revisions"}],"predecessor-version":[{"id":62963,"href":"https:\/\/agripedia.ch\/forum-wasser-landwirtschaft\/wp-json\/wp\/v2\/pages\/1033\/revisions\/62963"}],"wp:featuredmedia":[{"embeddable":true,"href":"https:\/\/agripedia.ch\/forum-wasser-landwirtschaft\/wp-json\/wp\/v2\/media\/60118"}],"wp:attachment":[{"href":"https:\/\/agripedia.ch\/forum-wasser-landwirtschaft\/wp-json\/wp\/v2\/media?parent=1033"}],"curies":[{"name":"wp","href":"https:\/\/api.w.org\/{rel}","templated":true}]}}