{"id":1032,"date":"2024-12-16T13:57:45","date_gmt":"2024-12-16T12:57:45","guid":{"rendered":"https:\/\/agripedia.ch\/wasserforum\/?page_id=1032"},"modified":"2026-04-01T09:56:19","modified_gmt":"2026-04-01T07:56:19","slug":"pflanzenzucht","status":"publish","type":"page","link":"https:\/\/agripedia.ch\/forum-wasser-landwirtschaft\/pflanzenzucht\/","title":{"rendered":"Z\u00fcchtung von klimaresistenten Pflanzensorten"},"content":{"rendered":"\n<p class=\"has-normal-font-size\">&#8222;Crop wild relatives&#8220; (CWR) sind die wilden Vorfahren unserer Kulturpflanzen und besitzen ein umfangreicheres Erbgut. Durch intensive Z\u00fcchtung wurde die genetische Vielfalt der modernen Pflanzen verringert, was sie anf\u00e4lliger gegen\u00fcber Klimawandel, Sch\u00e4dlingen und Krankheiten macht. CWR hingegen haben Gene, die unseren Kulturen helfen k\u00f6nnen, mit einem trockeneren, w\u00e4rmeren und instabileren Klima zurechtzukommen.&nbsp;Trockenresistente oder hitzetolerante Pflanzen werden immer wichtiger. Sie brauchen weniger Wasser. Dies kann Nutzungskonflikte rund um den Wasserbedarf entsch\u00e4rfen.<\/p>\n\n\n\n<p class=\"has-normal-font-size\">Einerseits k\u00f6nnen hiesige Pflanzenarten z\u00fcchterisch angepasst werden, andererseits werden Pflanzen aus L\u00e4ndern, wo Trockenheit herrscht, auch bei uns ein Thema.<\/p>\n\n\n\n<div style=\"height:21px\" aria-hidden=\"true\" class=\"wp-block-spacer\"><\/div>\n\n\n\n<p class=\"has-normal-font-size\"><strong>Informationen zur Z\u00fcchtung von klimaresistenten Pflanzensorten:<\/strong><\/p>\n\n\n\n<p class=\"has-normal-font-size\">Bieri P., 2025. Mit Kulturpflanzen verwandte Wildarten zur St\u00e4rkung der Schweizer Landwirtschaft. Artikel in: <a href=\"https:\/\/www.lid.ch\/artikel\/mit-kulturpflanzen-verwandte-wildarten-zur-staerkung-der-schweizer-landwirtschaft?utm_medium=email&amp;utm_source=mailXpert&amp;utm_campaign=Mediendienst&amp;utm_content=LID-Mediendienst%3A%20Schaumwein%20und%20Weihnachtsb%C3%A4ume\" target=\"_blank\" rel=\"noreferrer noopener\">LID <\/a>vom 17.12.2025<\/p>\n\n\n\n<p class=\"has-normal-font-size\">H\u00e4ner R., Schierscher B., Kleijer G., Rometsch S., Holderegger R., 2009. <a href=\"https:\/\/agripedia.ch\/forum-wasser-landwirtschaft\/wp-content\/uploads\/sites\/64\/2026\/03\/Zucht-Wildarten.pdf\" target=\"_blank\" rel=\"noreferrer noopener\">Mit Kulturpflanzen verwandte Wildarten erhalten<\/a>. Agrarforschung 16 (6): 204-209, 2009<\/p>\n\n\n\n<p class=\"has-normal-font-size\">Rosenbaum H., 2024. Zukunft s\u00e4en: Netzwerke und Vielfalt in der Pflanzenz\u00fcchtung st\u00e4rken. Artikel in: <a href=\"https:\/\/www.lid.ch\/artikel\/zukunft-saeen-netzwerke-und-vielfalt-in-der-pflanzenzuechtung-staerken?utm_medium=email&amp;utm_source=mailXpert&amp;utm_campaign=Mediendienst&amp;utm_content=Die%20Zwiebeln%20in%20der%20Krise\" target=\"_blank\" rel=\"noreferrer noopener\">LID<\/a> vom 20.11.2024<\/p>\n\n\n\n<p class=\"has-normal-font-size\">Schweizer Bauernverband, 2025. <a href=\"https:\/\/fokus.sbv-usp.ch\/klima\/de\/inhalt\/sich-anpassen-was-heisst-das-konkret\/anpassungsmassnahmen-ackerbau.html\" target=\"_blank\" rel=\"noreferrer noopener\">Sich anpassen &#8211; was heisst das konkret?<\/a> Ackerbau. Resiliente und resistente Pflanzen.<\/p>\n\n\n\n<p class=\"has-normal-font-size\">SRF Wissen, 2025. Warum der Klimawandel die Kartoffel bedroht. In: Sendung <a href=\"https:\/\/www.srf.ch\/play\/tv\/einstein\/video\/warum-der-klimawandel-unsere-kartoffel-bedroht?urn=urn:srf:video:796fd656-ae65-4884-8674-c69a1dbbb57d\" target=\"_blank\" rel=\"noreferrer noopener\">Einstein <\/a>vom  30.01.2025<\/p>\n\n\n\n<div style=\"height:21px\" aria-hidden=\"true\" class=\"wp-block-spacer\"><\/div>\n\n\n\n<p class=\"has-normal-font-size\"><strong>Mitarbeit<\/strong><\/p>\n\n\n\n<p class=\"has-normal-font-size\">Wenn Sie das Thema klimaresistente Pflanzensorten zusammen mit Gleichgesinnten weiterentwickeln m\u00f6chten, machen Sie in der Arbeitsgruppe mit. Mehr dazu auf der&nbsp;<a href=\"https:\/\/agripedia.ch\/forum-wasser-landwirtschaft\/verein\/\" target=\"_blank\" rel=\"noreferrer noopener\">Vereinsseite<\/a>&nbsp;des Forums.<\/p>\n\n\n\n<div style=\"height:21px\" aria-hidden=\"true\" class=\"wp-block-spacer\"><\/div>\n\n\n\n<p>Bildquelle: DSP AG<\/p>\n\n\n\n<hr class=\"wp-block-separator has-alpha-channel-opacity\"\/>\n\n\n\n<p class=\"has-normal-font-size\">Ihre Beitr\u00e4ge, Hinweise, Erg\u00e4nzungen, Anregungen und Kommentare nehmen wir gerne&nbsp;<a href=\"https:\/\/agripedia.ch\/forum-wasser-landwirtschaft\/kontakt\/\" target=\"_blank\" rel=\"noreferrer noopener\">hier&nbsp;<\/a>entgegen.<\/p>\n","protected":false},"excerpt":{"rendered":"<p>&#8222;Crop wild relatives&#8220; (CWR) sind die wilden Vorfahren unserer Kulturpflanzen und besitzen ein umfangreicheres Erbgut. Durch intensive Z\u00fcchtung wurde die genetische Vielfalt der modernen Pflanzen verringert, was sie anf\u00e4lliger gegen\u00fcber Klimawandel, Sch\u00e4dlingen und Krankheiten macht. CWR hingegen haben Gene, die unseren Kulturen helfen k\u00f6nnen, mit einem trockeneren, w\u00e4rmeren und instabileren Klima zurechtzukommen.&nbsp;Trockenresistente oder hitzetolerante Pflanzen [&hellip;]<\/p>\n","protected":false},"author":927,"featured_media":60528,"parent":0,"menu_order":0,"comment_status":"closed","ping_status":"closed","template":"","meta":{"_sb_is_suggestion_mode":false,"_sb_show_suggestion_boards":false,"_sb_show_comment_boards":false,"_sb_suggestion_history":"","_sb_update_block_changes":"","om_disable_all_campaigns":false,"advgb_blocks_editor_width":"","advgb_blocks_columns_visual_guide":"","_monsterinsights_skip_tracking":false,"_monsterinsights_sitenote_active":false,"_monsterinsights_sitenote_note":"","_monsterinsights_sitenote_category":0,"footnotes":""},"class_list":["post-1032","page","type-page","status-publish","has-post-thumbnail","hentry"],"coauthors":[{"link":"https:\/\/agripedia.ch\/forum-wasser-landwirtschaft\/author\/sar2\/","display_name":"sar2"}],"author_meta":{"author_link":"https:\/\/agripedia.ch\/forum-wasser-landwirtschaft\/author\/sar2\/","display_name":"sar2"},"relative_dates":{"created":"Posted 1\u00a0Jahr ago","modified":"Updated 2\u00a0Wochen ago"},"absolute_dates":{"created":"Posted on Dezember 16, 2024","modified":"Updated on April 1, 2026"},"absolute_dates_time":{"created":"Posted on Dezember 16, 2024 13:57","modified":"Updated on April 1, 2026 9:56"},"featured_img_caption":"Quelle DSP AG","featured_img":"https:\/\/agripedia.ch\/forum-wasser-landwirtschaft\/wp-content\/uploads\/sites\/64\/2025\/03\/Zuechtung-Quelle-DSP-AG-scaled-e1742551283941-1200x675.jpg","series_order":"","_links":{"self":[{"href":"https:\/\/agripedia.ch\/forum-wasser-landwirtschaft\/wp-json\/wp\/v2\/pages\/1032","targetHints":{"allow":["GET"]}}],"collection":[{"href":"https:\/\/agripedia.ch\/forum-wasser-landwirtschaft\/wp-json\/wp\/v2\/pages"}],"about":[{"href":"https:\/\/agripedia.ch\/forum-wasser-landwirtschaft\/wp-json\/wp\/v2\/types\/page"}],"author":[{"embeddable":true,"href":"https:\/\/agripedia.ch\/forum-wasser-landwirtschaft\/wp-json\/wp\/v2\/users\/927"}],"replies":[{"embeddable":true,"href":"https:\/\/agripedia.ch\/forum-wasser-landwirtschaft\/wp-json\/wp\/v2\/comments?post=1032"}],"version-history":[{"count":38,"href":"https:\/\/agripedia.ch\/forum-wasser-landwirtschaft\/wp-json\/wp\/v2\/pages\/1032\/revisions"}],"predecessor-version":[{"id":64146,"href":"https:\/\/agripedia.ch\/forum-wasser-landwirtschaft\/wp-json\/wp\/v2\/pages\/1032\/revisions\/64146"}],"wp:featuredmedia":[{"embeddable":true,"href":"https:\/\/agripedia.ch\/forum-wasser-landwirtschaft\/wp-json\/wp\/v2\/media\/60528"}],"wp:attachment":[{"href":"https:\/\/agripedia.ch\/forum-wasser-landwirtschaft\/wp-json\/wp\/v2\/media?parent=1032"}],"curies":[{"name":"wp","href":"https:\/\/api.w.org\/{rel}","templated":true}]}}