{"id":1025,"date":"2024-12-16T13:57:14","date_gmt":"2024-12-16T12:57:14","guid":{"rendered":"https:\/\/agripedia.ch\/wasserforum\/?page_id=1025"},"modified":"2026-03-26T11:01:27","modified_gmt":"2026-03-26T10:01:27","slug":"bewaesserung","status":"publish","type":"page","link":"https:\/\/agripedia.ch\/forum-wasser-landwirtschaft\/bewaesserung\/","title":{"rendered":"Bew\u00e4sserung"},"content":{"rendered":"\n<p class=\"has-normal-font-size\">Dank der richtigen Technik und dem Einsatz von Bodenfeuchtesensoren k\u00f6nnen die Kulturen effizient bew\u00e4ssert und die Ertr\u00e4ge in der Landwirtschaft sichergestellt werden. <\/p>\n\n\n\n<div style=\"height:21px\" aria-hidden=\"true\" class=\"wp-block-spacer\"><\/div>\n\n\n\n<div class=\"wp-block-columns is-layout-flex wp-container-core-columns-is-layout-9d6595d7 wp-block-columns-is-layout-flex\">\n<div class=\"wp-block-column is-layout-flow wp-block-column-is-layout-flow\"><div class=\"agripedia-home-post agripedia-subpage-card\" data-type=\"subpage-card\">\n  <a class=\"agripedia-subpage-card__linkwrap\" href=\"https:\/\/agripedia.ch\/forum-wasser-landwirtschaft\/bewaesserungstechnik\/\" target=\"_blank\" rel=\"noopener noreferrer\">    <div class=\"agripedia-home-thumbnail\">\n              <img decoding=\"async\" src=\"https:\/\/agripedia.ch\/forum-wasser-landwirtschaft\/wp-content\/uploads\/sites\/64\/2025\/10\/Rollomat-schmal-scaled.jpg\" alt=\"Bew\u00e4sserungstechnik\" \/>\n          <\/div>\n  <\/a>\n  <div class=\"agripedia-home-post-content\">\n          <h2 class=\"agripedia-home-post-title\">\n                  <a href=\"https:\/\/agripedia.ch\/forum-wasser-landwirtschaft\/bewaesserungstechnik\/\" target=\"_blank\" rel=\"noopener noreferrer\">\n        \n          Bew\u00e4sserungstechnik\n                  <\/a>\n              <\/h2>\n    \n          <p class=\"agripedia-home-post-excerpt\">Je nach Kultur und Betrieb stehen verschiedene Bew\u00e4sserungssysteme mit ihren Vor- und Nachteilen zur Verf\u00fcgung. Ihr Einsatz ist auf ihre Effizienz und Rentabilit\u00e4t zu pr\u00fcfen. Bild: BFH-HAFL<\/p>\n      <\/div>\n<\/div>\n<\/div>\n\n\n\n<div class=\"wp-block-column is-layout-flow wp-block-column-is-layout-flow\"><div class=\"agripedia-home-post agripedia-subpage-card\" data-type=\"subpage-card\">\n  <a class=\"agripedia-subpage-card__linkwrap\" href=\"https:\/\/agripedia.ch\/forum-wasser-landwirtschaft\/bodenfeuchte-messen\/\" target=\"_blank\" rel=\"noopener noreferrer\">    <div class=\"agripedia-home-thumbnail\">\n              <img decoding=\"async\" src=\"https:\/\/agripedia.ch\/forum-wasser-landwirtschaft\/wp-content\/uploads\/sites\/64\/2025\/10\/Bodensonde-schmal-scaled.jpg\" alt=\"Bodenfeuchte messen\" \/>\n          <\/div>\n  <\/a>\n  <div class=\"agripedia-home-post-content\">\n          <h2 class=\"agripedia-home-post-title\">\n                  <a href=\"https:\/\/agripedia.ch\/forum-wasser-landwirtschaft\/bodenfeuchte-messen\/\" target=\"_blank\" rel=\"noopener noreferrer\">\n        \n          Bodenfeuchte messen\n                  <\/a>\n              <\/h2>\n    \n          <p class=\"agripedia-home-post-excerpt\">Bodenfeuchtesensoren helfen dabei, den optimalen Zeitpunkt der Bew\u00e4sserung und die H\u00f6he der Wassergabe genau zu bestimmen. Das erh\u00f6ht die Effizienz des Wassereinsatzes. Bild: BFH-HAFL<\/p>\n      <\/div>\n<\/div>\n<\/div>\n<\/div>\n\n\n\n<div style=\"height:21px\" aria-hidden=\"true\" class=\"wp-block-spacer\"><\/div>\n\n\n\n<p class=\"has-normal-font-size\"><strong>H\u00e4ufig gestellte Fragen rund um die Bew\u00e4sserung<\/strong><\/p>\n\n\n\n<p class=\"has-normal-font-size\">Liebegg, 2026. <a href=\"https:\/\/www.liebegg.ch\/de\/fachwissen\/klima-trockenheit\/faq-bewaesserung.html\" target=\"_blank\" rel=\"noreferrer noopener\">FAQ Bew\u00e4sserung<\/a>.<\/p>\n\n\n\n<p class=\"has-normal-font-size\"><strong>Hier finden Sie allgemeine Informationen zum Thema Bew\u00e4sserung<\/strong>:<\/p>\n\n\n\n<p class=\"has-normal-font-size\"><strong>Gem\u00fcse<\/strong><\/p>\n\n\n\n<p class=\"has-normal-font-size\">Bachmann D., 2020. <a href=\"https:\/\/www.strickhof.ch\/publikationen\/bewaesserung-im-freilandgemuesebau-ein-entscheidendes-zukunftsthema\/\" target=\"_blank\" rel=\"noreferrer noopener\">Bew\u00e4sserung im Freilandgem\u00fcsebau \u2013 ein entscheidendes Zukunftsthema<\/a>. Strickhof, Eschikon, Lindau<\/p>\n\n\n\n<p class=\"has-normal-font-size\">Bachmann D., 2020. <a href=\"https:\/\/www.strickhof.ch\/publikationen\/gute-agrarpraxis-bei-der-gemuesebewaesserung\/\" target=\"_blank\" rel=\"noreferrer noopener\">Gute Agrarpraxis bei der Gem\u00fcsebew\u00e4sserung<\/a>. Strickhof, Eschikon, Lindau<\/p>\n\n\n\n<p class=\"has-normal-font-size\">Bucher C., 2017. <a href=\"https:\/\/agripedia.ch\/forum-wasser-landwirtschaft\/wp-content\/uploads\/sites\/64\/2026\/02\/Broschuere-Bewaesserungskosten.pdf\" target=\"_blank\" rel=\"noreferrer noopener\">Kosten von Bew\u00e4sserungsverfahren im Freiland-Gem\u00fcsebau<\/a>. INFORAMA Seeland. Fachstelle f\u00fcr Gem\u00fcsebau des Kantons Bern<\/p>\n\n\n\n<p class=\"has-normal-font-size\">ProAgricultura, 2026. <a href=\"https:\/\/proagricultura.ch\/be-und-entwaesserung\/\" target=\"_blank\" rel=\"noreferrer noopener\">Projekte zur Be- und Entw\u00e4sserung<\/a>.<\/p>\n\n\n\n<p class=\"has-normal-font-size\"><strong>Wasserspeicher und Bew\u00e4sserung<\/strong><\/p>\n\n\n\n<p class=\"has-normal-font-size\">Auckenthaler A., 2025. <a href=\"https:\/\/agripedia.ch\/forum-wasser-landwirtschaft\/wp-content\/uploads\/sites\/64\/2026\/01\/10-Auckenthaler_LM-Tagung2025.pdf\" target=\"_blank\" rel=\"noreferrer noopener\">Dezentrale Wasserspeicher f\u00fcr die Bew\u00e4sserung<\/a>. Pr\u00e4sentation vom Kanton Basel-Landschaft an der Tagung Landmanagement vom 23.  Januar 2025. Weitere Infos zu <a href=\"https:\/\/agripedia.ch\/forum-wasser-landwirtschaft\/offene-wasserspeicher-2\/\" target=\"_blank\" rel=\"noreferrer noopener\">Wasserspeicher<\/a>.<\/p>\n\n\n\n<p class=\"has-normal-font-size\">Bieri A., 2024. Fokus:&nbsp;<a href=\"https:\/\/www.horizonte-magazin.ch\/2024\/09\/05\/stadt-land-bewaesserung\/\" target=\"_blank\" rel=\"noreferrer noopener\">Ringen ums Wasser; Stadt, Land, Bew\u00e4sserung<\/a>. Artikel in: Horizonte, Das Schweizer Forschungsmagazin<\/p>\n\n\n\n<p class=\"has-normal-font-size\">Messmer R., 2025. Projekt: <a href=\"https:\/\/arenenberg.tg.ch\/innovationsprojekte\/wassermanagement.html\/15269\" target=\"_blank\" rel=\"noreferrer noopener\">Ressourcenprojekt Integrales Wassermanagement<\/a>. <\/p>\n\n\n\n<p class=\"has-normal-font-size\">Schweizer Bauernverband, 2025. <a href=\"https:\/\/fokus.sbv-usp.ch\/klima\/de\/inhalt\/sich-anpassen-was-heisst-das-konkret\/anpassungsmassnahmen-ackerbau.html\" target=\"_blank\" rel=\"noreferrer noopener\">Sich anpassen &#8211; was heisst das konkret?<\/a> Ackerbau. Bew\u00e4sserung und Wasserspeicherung.<\/p>\n\n\n\n<p class=\"has-normal-font-size\"><strong>Wasserverbrauch<\/strong><\/p>\n\n\n\n<p class=\"has-normal-font-size\">Baumgartner T., Heinz M., Turek M. E., Erismann G., Kohling M., Aasen H.,&nbsp;Holzk\u00e4mper A., 2025. <a href=\"https:\/\/agripedia.ch\/forum-wasser-landwirtschaft\/wp-content\/uploads\/sites\/64\/2026\/01\/SwissirrigationInfo-2025.pdf\" target=\"_blank\" rel=\"noreferrer noopener\">SwissIrrigationInfo<\/a>. Modellbasierte Sch\u00e4tzungen des Wasserverbrauchs f\u00fcr Bew\u00e4sserung in der Schweiz. Studie im Auftrag des Bundesamtes f\u00fcr Umwelt BAFU \u2013 August 2025. Agroscope Science | Nr. 212 \/ 2025<\/p>\n\n\n\n<p class=\"has-normal-font-size\">Hochschule f\u00fcr Agrar-, Forst- und Lebensmittelwissenschaften (HAFL). <a href=\"https:\/\/bewaesserungsnetz.ch\/\" target=\"_blank\" rel=\"noreferrer noopener\">Bew\u00e4sserungsnetz.ch<\/a><\/p>\n\n\n\n<p class=\"has-normal-font-size\">Horvath L., 2023. <a href=\"https:\/\/www.sab.ch\/wp-content\/uploads\/2023\/05\/Montagna-1_2-2023.LH_.pdf\" target=\"_blank\" rel=\"noreferrer noopener\">Les Agriculteurs de montagne ont besoin d\u2019eau<\/a>. Artikel in:montagna 1\/2 | 2023<\/p>\n\n\n\n<p class=\"has-normal-font-size\"><strong>F\u00f6rder-Beitr\u00e4ge<\/strong><\/p>\n\n\n\n<p class=\"has-normal-font-size\">BLW, 2025. <a href=\"https:\/\/www.blw.admin.ch\/de\/wasserhaushalt-und-boden\" target=\"_blank\" rel=\"noreferrer noopener\">Wasserhaushalt und Boden<\/a>. Beitr\u00e4ge an Massnahmen im Bereich Wasserhaushalt und Boden.<\/p>\n\n\n\n<p class=\"has-normal-font-size\"><strong>Weitere Themen<\/strong><\/p>\n\n\n\n<p class=\"has-normal-font-size\">Cattin A., 2024. <a href=\"https:\/\/agripedia.ch\/forum-wasser-landwirtschaft\/wp-content\/uploads\/sites\/64\/2025\/11\/These-de-Master_Alexandre-Cattin.pdf\" target=\"_blank\" rel=\"noreferrer noopener\">Les p\u00e9rim\u00e8tres irrigu\u00e9s de la r\u00e9gion de la Broye :<\/a> motivations et r\u00e9ticences des agriculteur.trice.s. Th\u00e8se de Master, Universit\u00e9 Fribourg, Facult\u00e9 des sciences et de m\u00e9decine, D\u00e9partement des g\u00e9osciences. SP23-SP24<\/p>\n\n\n\n<p class=\"has-normal-font-size\">Bericht von Flavio Foiada: Zusammenfassung <a href=\"https:\/\/agripedia.ch\/forum-wasser-landwirtschaft\/wp-content\/uploads\/sites\/64\/2026\/03\/DGL-Bewaesserungstagung-Zusammenfassung-17_18062025.pdf\" target=\"_blank\" rel=\"noreferrer noopener\">DLG-Bew\u00e4sserungstagung D\u00fcren<\/a> vom 17. bis 18.06.2025 mit Fokus auf die Region Nordrhein-Westfalen (NRW)<\/p>\n\n\n\n<p class=\"has-normal-font-size\">Auf der Klimaplattform der AGRIDEA sind die Projekte der Kantone unter anderem zum Thema Wasser und Bew\u00e4sserung aufgelistet (via Filter Wasser\/Trockenheit): <a href=\"https:\/\/agripedia.ch\/klima\/aktivitaeten-der-kantone\/\">Aktivit\u00e4ten der Kantone &#8211; Plattform Klima<\/a><\/p>\n\n\n\n<hr class=\"wp-block-separator has-alpha-channel-opacity\"\/>\n\n\n\n<p class=\"has-normal-font-size\">Ihre Beitr\u00e4ge, Hinweise, Erg\u00e4nzungen, Anregungen und Kommentare nehmen wir gerne <a href=\"https:\/\/agripedia.ch\/forum-wasser-landwirtschaft\/kontakt\/\" target=\"_blank\" rel=\"noreferrer noopener\">hier <\/a>entgegen.<\/p>\n\n\n\n<p class=\"has-normal-font-size\"><\/p>\n\n\n\n<p><\/p>\n","protected":false},"excerpt":{"rendered":"<p>Dank der richtigen Technik und dem Einsatz von Bodenfeuchtesensoren k\u00f6nnen die Kulturen effizient bew\u00e4ssert und die Ertr\u00e4ge in der Landwirtschaft sichergestellt werden. H\u00e4ufig gestellte Fragen rund um die Bew\u00e4sserung Liebegg, 2026. FAQ Bew\u00e4sserung. Hier finden Sie allgemeine Informationen zum Thema Bew\u00e4sserung: Gem\u00fcse Bachmann D., 2020. Bew\u00e4sserung im Freilandgem\u00fcsebau \u2013 ein entscheidendes Zukunftsthema. Strickhof, Eschikon, Lindau [&hellip;]<\/p>\n","protected":false},"author":927,"featured_media":0,"parent":0,"menu_order":0,"comment_status":"closed","ping_status":"closed","template":"","meta":{"_sb_is_suggestion_mode":false,"_sb_show_suggestion_boards":false,"_sb_show_comment_boards":false,"_sb_suggestion_history":"","_sb_update_block_changes":"","om_disable_all_campaigns":false,"advgb_blocks_editor_width":"","advgb_blocks_columns_visual_guide":"","_monsterinsights_skip_tracking":false,"_monsterinsights_sitenote_active":false,"_monsterinsights_sitenote_note":"","_monsterinsights_sitenote_category":0,"footnotes":""},"class_list":["post-1025","page","type-page","status-publish","hentry"],"coauthors":[{"link":"https:\/\/agripedia.ch\/forum-wasser-landwirtschaft\/author\/sar2\/","display_name":"sar2"}],"author_meta":{"author_link":"https:\/\/agripedia.ch\/forum-wasser-landwirtschaft\/author\/sar2\/","display_name":"sar2"},"relative_dates":{"created":"Posted 1\u00a0Jahr ago","modified":"Updated 2\u00a0Wochen ago"},"absolute_dates":{"created":"Posted on Dezember 16, 2024","modified":"Updated on M\u00e4rz 26, 2026"},"absolute_dates_time":{"created":"Posted on Dezember 16, 2024 13:57","modified":"Updated on M\u00e4rz 26, 2026 11:01"},"featured_img_caption":"","featured_img":false,"series_order":"","_links":{"self":[{"href":"https:\/\/agripedia.ch\/forum-wasser-landwirtschaft\/wp-json\/wp\/v2\/pages\/1025","targetHints":{"allow":["GET"]}}],"collection":[{"href":"https:\/\/agripedia.ch\/forum-wasser-landwirtschaft\/wp-json\/wp\/v2\/pages"}],"about":[{"href":"https:\/\/agripedia.ch\/forum-wasser-landwirtschaft\/wp-json\/wp\/v2\/types\/page"}],"author":[{"embeddable":true,"href":"https:\/\/agripedia.ch\/forum-wasser-landwirtschaft\/wp-json\/wp\/v2\/users\/927"}],"replies":[{"embeddable":true,"href":"https:\/\/agripedia.ch\/forum-wasser-landwirtschaft\/wp-json\/wp\/v2\/comments?post=1025"}],"version-history":[{"count":111,"href":"https:\/\/agripedia.ch\/forum-wasser-landwirtschaft\/wp-json\/wp\/v2\/pages\/1025\/revisions"}],"predecessor-version":[{"id":64084,"href":"https:\/\/agripedia.ch\/forum-wasser-landwirtschaft\/wp-json\/wp\/v2\/pages\/1025\/revisions\/64084"}],"wp:attachment":[{"href":"https:\/\/agripedia.ch\/forum-wasser-landwirtschaft\/wp-json\/wp\/v2\/media?parent=1025"}],"curies":[{"name":"wp","href":"https:\/\/api.w.org\/{rel}","templated":true}]}}