{"id":1023,"date":"2024-12-16T13:53:44","date_gmt":"2024-12-16T12:53:44","guid":{"rendered":"https:\/\/agripedia.ch\/wasserforum\/?page_id=1023"},"modified":"2026-03-26T16:00:16","modified_gmt":"2026-03-26T15:00:16","slug":"kontakt","status":"publish","type":"page","link":"https:\/\/agripedia.ch\/forum-wasser-landwirtschaft\/kontakt\/","title":{"rendered":"Kontakt"},"content":{"rendered":"\n<p class=\"has-normal-font-size\">AGRIDEA entwickelt die Wissensplattform fortlaufend weiter.&nbsp;<\/p>\n\n\n\n<p class=\"has-normal-font-size\">Bei <strong>Fragen zur Wissensplattform<\/strong> nutzen Sie dieses Formular:<\/p>\n\n\n\n<p><\/p>\n\n\n\n<div class=\"wp-block-advgb-contact-form advgb-contact-form\"><form method=\"POST\"><div class=\"advgb-form-field advgb-form-field-half\"><input type=\"text\" class=\"advgb-form-input advgb-form-input-name\" placeholder=\"Name\" name=\"contact_name\" style=\"background-color:#FFFFFF;color:#141414;border-color:#0090C5;border-style:solid;border-radius:0\"\/><\/div><div class=\"advgb-form-field advgb-form-field-half\"><input type=\"email\" class=\"advgb-form-input advgb-form-input-email\" placeholder=\"E-Mail Adresse\" name=\"contact_email\" style=\"background-color:#FFFFFF;color:#141414;border-color:#0090C5;border-style:solid;border-radius:0\"\/><\/div><div class=\"advgb-form-field advgb-form-field-full\"><textarea class=\"advgb-form-input advgb-form-input-msg\" placeholder=\"Nachricht\" name=\"contact_message\" style=\"background-color:#FFFFFF;color:#141414;border-color:#0090C5;border-style:solid;border-radius:0\"><\/textarea><\/div><div class=\"advgb-grecaptcha clearfix position-right\"><\/div><input type=\"hidden\" name=\"advgb_blockform_nonce_field\" value=\"a3c3149dd4\"><div class=\"advgb-form-submit-wrapper\" style=\"text-align:right\"><button class=\"advgb-form-submit\" type=\"submit\" data-success=\"Nachricht gesendet.\" data-alert=\"Bitte geben Sie eine g\u00fcltige Nachricht ein.\" style=\"background-color:#0090C5;border-radius:24px\">Submit<\/button><\/div><\/form><\/div>\n\n\n\n<div style=\"height:48px\" aria-hidden=\"true\" class=\"wp-block-spacer\"><\/div>\n\n\n\n<p class=\"has-normal-font-size\">Nutzen Sie zur <strong>Eingabe von eigenen Beitr\u00e4gen, Projekten und Veranstaltungen<\/strong> bitte folgende Formulare und senden Sie diese an <a href=\"mailto:danielle.albiker@agridea.ch\" target=\"_blank\" rel=\"noreferrer noopener\">Danielle Albiker<\/a>. Bei Benutzung von Abbildungen (Bild, Grafik, Tabelle, Diagramm, etc.) muss das entsprechende <strong>Formular mit den Zusatzinformationen<\/strong> eingereicht werden:<\/p>\n\n\n\n<div style=\"height:24px\" aria-hidden=\"true\" class=\"wp-block-spacer\"><\/div>\n\n\n\n<div style=\"height:23px\" aria-hidden=\"true\" class=\"wp-block-spacer\"><\/div>\n\n\n\n<div class=\"wp-block-advgb-adv-tabs advgb-tabs-wrapper advgb-tab-horz-desktop advgb-tab-vert-tablet advgb-tab-stack-mobile advgb-tabs-d0d39362-dc2b-4d6f-bd47-9e88bf6e2fd8\" data-tab-active=\"0\"><ul class=\"advgb-tabs-panel\"><li class=\"advgb-tab\" style=\"background-color:#0090C5;border-style:solid;border-width:1px;border-radius:10px\"><a id=\"\" href=\"#advgb-tabs-tab0\" style=\"color:#fff\"><span>Beitr\u00e4ge \/ Inhalte<\/span><\/a><\/li><li class=\"advgb-tab\" style=\"background-color:#0090C5;border-style:solid;border-width:1px;border-radius:10px\"><a id=\"\" href=\"#advgb-tabs-tab1\" style=\"color:#fff\"><span>Laufende Projekte<\/span><\/a><\/li><li class=\"advgb-tab\" style=\"background-color:#0090C5;border-style:solid;border-width:1px;border-radius:10px\"><a id=\"\" href=\"#advgb-tabs-tab2\" style=\"color:#fff\"><span>Veranstaltungen<\/span><\/a><\/li><li class=\"advgb-tab\" style=\"background-color:#0090C5;border-style:solid;border-width:1px;border-radius:10px\"><a id=\"\" href=\"#advgb-tabs-tab3\" style=\"color:#fff\"><span>Zusatzinformationen zu Abbildungen<\/span><\/a><\/li><\/ul><div class=\"advgb-tab-body-wrapper\" style=\"border-style:solid;border-width:1px;border-radius:10px\">\n<div class=\"wp-block-advgb-tab advgb-tab-body-container\"><div class=\"advgb-tab-body-header advgb-tab-class-\">Beitr\u00e4ge \/ Inhalte<\/div><div class=\"advgb-tab-_d39362-dc advgb-tab-body\" aria-labelledby=\"advgb-tabs-tab0\">\n<p><a href=\"https:\/\/agripedia.ch\/wasserforum\/wp-content\/uploads\/sites\/64\/2025\/04\/ERFASSUNGSFORMULAR-INHALTE-2.docx\" target=\"_blank\" rel=\"noreferrer noopener\">Formular: Beitr\u00e4ge \/ Inhalte<\/a><\/p>\n<\/div><\/div>\n\n\n\n<div class=\"wp-block-advgb-tab advgb-tab-body-container\"><div class=\"advgb-tab-body-header advgb-tab-class-\">Laufende Projekte<\/div><div class=\"advgb-tab-_2ee22a-9e advgb-tab-body\" aria-labelledby=\"advgb-tabs-tab1\">\n<p><a href=\"https:\/\/agripedia.ch\/wasserforum\/wp-content\/uploads\/sites\/64\/2025\/04\/ERFASSUNGSFORMULAR-LAUFENDE-PROJEKTE-2.docx\" target=\"_blank\" rel=\"noreferrer noopener\">Formular: laufende Projekte<\/a><\/p>\n<\/div><\/div>\n\n\n\n<div class=\"wp-block-advgb-tab advgb-tab-body-container\"><div class=\"advgb-tab-body-header advgb-tab-class-\">Veranstaltungen<\/div><div class=\"advgb-tab-_cccaf4-71 advgb-tab-body\" aria-labelledby=\"advgb-tabs-tab2\">\n<p><a href=\"https:\/\/agripedia.ch\/wasserforum\/wp-content\/uploads\/sites\/64\/2025\/04\/ERFASSUNGSFORMULAR-VERANSTALTUNGEN-1.docx\" target=\"_blank\" rel=\"noreferrer noopener\">Formular: Veranstaltungen<\/a><\/p>\n<\/div><\/div>\n\n\n\n<div class=\"wp-block-advgb-tab advgb-tab-body-container\"><div class=\"advgb-tab-body-header advgb-tab-class-\">Zusatzinformationen zu Abbildungen<\/div><div class=\"advgb-tab-_d83501-4e advgb-tab-body\" aria-labelledby=\"advgb-tabs-tab3\">\n<p><a href=\"https:\/\/agripedia.ch\/wasserforum\/wp-content\/uploads\/sites\/64\/2025\/04\/ZUSATZINFORMATIONEN-ZU-ABBILDUNGEN-1.docx\" target=\"_blank\" rel=\"noreferrer noopener\">Formular: Zusatzinformationen zu Abbildungen<\/a><\/p>\n<\/div><\/div>\n<\/div><\/div>\n\n\n\n<div style=\"height:48px\" aria-hidden=\"true\" class=\"wp-block-spacer\"><\/div>\n\n\n\n<p class=\"has-normal-font-size\"><strong>Disclaimer:<\/strong> Wir bem\u00fchen uns bestm\u00f6glich, relevante und fundierte Inhalte zu pr\u00e4sentieren. Konstruktive Kritik zu den Themen nehmen wir gerne entgegen. Wenden Sie sich bei inhaltlichen Fragen zu einzelnen Beitr\u00e4gen direkt an die Autorinnen und Autoren.<\/p>\n\n\n\n<div style=\"height:24px\" aria-hidden=\"true\" class=\"wp-block-spacer\"><\/div>\n\n\n\n<p class=\"has-normal-font-size\">Vorschl\u00e4ge f\u00fcr Inhalte und Verlinkungen Dritter nehmen wir gerne per <strong>Kontaktformular <\/strong>entgegen.<\/p>\n\n\n\n<div style=\"height:24px\" aria-hidden=\"true\" class=\"wp-block-spacer\"><\/div>\n\n\n\n<h4 class=\"wp-block-heading\">Kontaktformular<\/h4>\n\n\n<style id=\"wpforms-css-vars-60707\">\n\t\t\t\t#wpforms-60707 {\n\t\t\t\t\n\t\t\t}\n\t\t\t<\/style><div class=\"wpforms-container wpforms-container-full wpforms-render-modern\" id=\"wpforms-60707\"><form id=\"wpforms-form-60707\" class=\"wpforms-validate wpforms-form wpforms-ajax-form\" data-formid=\"60707\" method=\"post\" enctype=\"multipart\/form-data\" action=\"\/forum-wasser-landwirtschaft\/wp-json\/wp\/v2\/pages\/1023\" data-token=\"ea094d9adb49ea4b62e765c90a83cda2\" data-token-time=\"1775957384\"><noscript class=\"wpforms-error-noscript\">Bitte aktiviere JavaScript in deinem Browser, um dieses Formular fertigzustellen.<\/noscript><div id=\"wpforms-error-noscript\" style=\"display: none;\">Bitte aktiviere JavaScript in deinem Browser, um dieses Formular fertigzustellen.<\/div><div class=\"wpforms-field-container\">\t\t<div id=\"wpforms-60707-field_2-container\"\n\t\t\tclass=\"wpforms-field wpforms-field-text\"\n\t\t\tdata-field-type=\"text\"\n\t\t\tdata-field-id=\"2\"\n\t\t\t>\n\t\t\t<label class=\"wpforms-field-label\" for=\"wpforms-60707-field_2\" >Ihre f\u00fcr <\/label>\n\t\t\t<input type=\"text\" id=\"wpforms-60707-field_2\" class=\"wpforms-field-medium\" name=\"wpforms[fields][2]\" >\n\t\t<\/div>\n\t\t<div id=\"wpforms-60707-field_1-container\" class=\"wpforms-field wpforms-field-name\" data-field-id=\"1\"><fieldset><legend class=\"wpforms-field-label\">Name <span class=\"wpforms-required-label\" aria-hidden=\"true\">*<\/span><\/legend><div class=\"wpforms-field-row wpforms-field-medium\"><div class=\"wpforms-field-row-block wpforms-first wpforms-one-half\"><input type=\"text\" id=\"wpforms-60707-field_1\" class=\"wpforms-field-name-first wpforms-field-required\" name=\"wpforms[fields][1][first]\" aria-errormessage=\"wpforms-60707-field_1-error\" required><label for=\"wpforms-60707-field_1\" class=\"wpforms-field-sublabel after\">Vorname<\/label><\/div><div class=\"wpforms-field-row-block wpforms-one-half\"><input type=\"text\" id=\"wpforms-60707-field_1-last\" class=\"wpforms-field-name-last wpforms-field-required\" name=\"wpforms[fields][1][last]\" aria-errormessage=\"wpforms-60707-field_1-last-error\" required><label for=\"wpforms-60707-field_1-last\" class=\"wpforms-field-sublabel after\">Nachname<\/label><\/div><\/div><\/fieldset><\/div><div id=\"wpforms-60707-field_8-container\" class=\"wpforms-field wpforms-field-email\" data-field-id=\"8\"><label class=\"wpforms-field-label\" for=\"wpforms-60707-field_8\">Email <span class=\"wpforms-required-label\" aria-hidden=\"true\">*<\/span><\/label><input type=\"email\" id=\"wpforms-60707-field_8\" class=\"wpforms-field-medium wpforms-field-required\" name=\"wpforms[fields][8]\" spellcheck=\"false\" aria-errormessage=\"wpforms-60707-field_8-error\" required><\/div><div id=\"wpforms-60707-field_9-container\" class=\"wpforms-field wpforms-field-text\" data-field-id=\"9\"><label class=\"wpforms-field-label\" for=\"wpforms-60707-field_9\">Titel f\u00fcr die Inhalte<\/label><input type=\"text\" id=\"wpforms-60707-field_9\" class=\"wpforms-field-medium\" name=\"wpforms[fields][9]\" aria-errormessage=\"wpforms-60707-field_9-error\" ><\/div><div id=\"wpforms-60707-field_4-container\" class=\"wpforms-field wpforms-field-radio\" data-field-id=\"4\"><fieldset><legend class=\"wpforms-field-label\">Was f\u00fcr Inhalte  haben Sie?<\/legend><ul id=\"wpforms-60707-field_4\"><li class=\"choice-4 depth-1\"><input type=\"radio\" id=\"wpforms-60707-field_4_4\" name=\"wpforms[fields][4]\" value=\"Beitr\u00e4ge\" aria-errormessage=\"wpforms-60707-field_4_4-error\"  ><label class=\"wpforms-field-label-inline\" for=\"wpforms-60707-field_4_4\">Beitr\u00e4ge<\/label><\/li><li class=\"choice-1 depth-1\"><input type=\"radio\" id=\"wpforms-60707-field_4_1\" name=\"wpforms[fields][4]\" value=\"Projekte\" aria-errormessage=\"wpforms-60707-field_4_1-error\"  ><label class=\"wpforms-field-label-inline\" for=\"wpforms-60707-field_4_1\">Projekte<\/label><\/li><li class=\"choice-2 depth-1\"><input type=\"radio\" id=\"wpforms-60707-field_4_2\" name=\"wpforms[fields][4]\" value=\"Veranstaltungen\" aria-errormessage=\"wpforms-60707-field_4_2-error\"  ><label class=\"wpforms-field-label-inline\" for=\"wpforms-60707-field_4_2\">Veranstaltungen<\/label><\/li><li class=\"choice-3 depth-1\"><input type=\"radio\" id=\"wpforms-60707-field_4_3\" name=\"wpforms[fields][4]\" value=\"Videos, Webinare und Podcasts\" aria-errormessage=\"wpforms-60707-field_4_3-error\"  ><label class=\"wpforms-field-label-inline\" for=\"wpforms-60707-field_4_3\">Videos, Webinare und Podcasts<\/label><\/li><\/ul><\/fieldset><\/div><div id=\"wpforms-60707-field_6-container\" class=\"wpforms-field wpforms-field-select wpforms-field-select-style-classic\" data-field-id=\"6\"><label class=\"wpforms-field-label\" for=\"wpforms-60707-field_6\">Um welches Thema geht Ihre Inhalte? <span class=\"wpforms-required-label\" aria-hidden=\"true\">*<\/span><\/label><select id=\"wpforms-60707-field_6\" class=\"wpforms-field-medium wpforms-field-required\" name=\"wpforms[fields][6]\" required=\"required\"><option value=\"Bew\u00e4sserung\"  class=\"choice-4 depth-1\"  >Bew\u00e4sserung<\/option><option value=\"Wasserretention\"  class=\"choice-1 depth-1\"  >Wasserretention<\/option><option value=\"S\u00f6mmerungsgebiet\"  class=\"choice-2 depth-1\"  >S\u00f6mmerungsgebiet<\/option><option value=\"Pflanzenzucht\"  class=\"choice-3 depth-1\"  >Pflanzenzucht<\/option><option value=\"Wasserkreislauf\"  class=\"choice-5 depth-1\"  >Wasserkreislauf<\/option><\/select><\/div><div id=\"wpforms-60707-field_7-container\" class=\"wpforms-field wpforms-field-textarea\" data-field-id=\"7\"><label class=\"wpforms-field-label\" for=\"wpforms-60707-field_7\">Kurze Beschreibung<\/label><textarea id=\"wpforms-60707-field_7\" class=\"wpforms-field-medium\" name=\"wpforms[fields][7]\" aria-errormessage=\"wpforms-60707-field_7-error\" ><\/textarea><\/div><script>\n\t\t\t\t( function() {\n\t\t\t\t\tconst style = document.createElement( 'style' );\n\t\t\t\t\tstyle.appendChild( document.createTextNode( '#wpforms-60707-field_2-container { position: absolute !important; overflow: hidden !important; display: inline !important; height: 1px !important; width: 1px !important; z-index: -1000 !important; padding: 0 !important; } #wpforms-60707-field_2-container input { visibility: hidden; } #wpforms-conversational-form-page #wpforms-60707-field_2-container label { counter-increment: none; }' ) );\n\t\t\t\t\tdocument.head.appendChild( style );\n\t\t\t\t\tdocument.currentScript?.remove();\n\t\t\t\t} )();\n\t\t\t<\/script><\/div><!-- .wpforms-field-container --><div class=\"wpforms-submit-container\" ><input type=\"hidden\" name=\"wpforms[id]\" value=\"60707\"><input type=\"hidden\" name=\"page_title\" value=\"\"><input type=\"hidden\" name=\"page_url\" value=\"https:\/\/agripedia.ch\/forum-wasser-landwirtschaft\/wp-json\/wp\/v2\/pages\/1023\"><input type=\"hidden\" name=\"url_referer\" value=\"\"><button type=\"submit\" name=\"wpforms[submit]\" id=\"wpforms-submit-60707\" class=\"wpforms-submit\" data-alt-text=\"Sending...\" data-submit-text=\"Submit\" aria-live=\"assertive\" value=\"wpforms-submit\">Submit<\/button><img loading=\"lazy\" decoding=\"async\" src=\"https:\/\/agripedia.ch\/forum-wasser-landwirtschaft\/wp-content\/plugins\/wpforms-lite\/assets\/images\/submit-spin.svg\" class=\"wpforms-submit-spinner\" style=\"display: none;\" width=\"26\" height=\"26\" alt=\"Wird geladen\"><\/div><\/form><\/div>  <!-- .wpforms-container -->\n<style class=\"advgb-styles-renderer\">.advgb-tabs-d0d39362-dc2b-4d6f-bd47-9e88bf6e2fd8 ul.advgb-tabs-panel li.advgb-tab.advgb-tab-active {background-color:#5954d6 !important;color:#fff !important;}#advgb-tabs-d0d39362-dc2b-4d6f-bd47-9e88bf6e2fd8 .advgb-tab-body-header.header-active, .advgb-tabs-d0d39362-dc2b-4d6f-bd47-9e88bf6e2fd8 .advgb-tab-body-header.header-active{background-color:#5954d6 !important;color:#fff !important;}<\/style>","protected":false},"excerpt":{"rendered":"<p>AGRIDEA entwickelt die Wissensplattform fortlaufend weiter.&nbsp; Bei Fragen zur Wissensplattform nutzen Sie dieses Formular: Nutzen Sie zur Eingabe von eigenen Beitr\u00e4gen, Projekten und Veranstaltungen bitte folgende Formulare und senden Sie diese an Danielle Albiker. Bei Benutzung von Abbildungen (Bild, Grafik, Tabelle, Diagramm, etc.) muss das entsprechende Formular mit den Zusatzinformationen eingereicht werden: Disclaimer: Wir bem\u00fchen [&hellip;]<\/p>\n","protected":false},"author":927,"featured_media":0,"parent":0,"menu_order":0,"comment_status":"closed","ping_status":"closed","template":"","meta":{"_sb_is_suggestion_mode":false,"_sb_show_suggestion_boards":false,"_sb_show_comment_boards":false,"_sb_suggestion_history":"","_sb_update_block_changes":"","om_disable_all_campaigns":false,"advgb_blocks_editor_width":"","advgb_blocks_columns_visual_guide":"","_monsterinsights_skip_tracking":false,"_monsterinsights_sitenote_active":false,"_monsterinsights_sitenote_note":"","_monsterinsights_sitenote_category":0,"footnotes":""},"class_list":["post-1023","page","type-page","status-publish","hentry"],"coauthors":[{"link":"https:\/\/agripedia.ch\/forum-wasser-landwirtschaft\/author\/sar2\/","display_name":"sar2"}],"author_meta":{"author_link":"https:\/\/agripedia.ch\/forum-wasser-landwirtschaft\/author\/sar2\/","display_name":"sar2"},"relative_dates":{"created":"Posted 1\u00a0Jahr ago","modified":"Updated 2\u00a0Wochen ago"},"absolute_dates":{"created":"Posted on Dezember 16, 2024","modified":"Updated on M\u00e4rz 26, 2026"},"absolute_dates_time":{"created":"Posted on Dezember 16, 2024 13:53","modified":"Updated on M\u00e4rz 26, 2026 16:00"},"featured_img_caption":"","featured_img":false,"series_order":"","_links":{"self":[{"href":"https:\/\/agripedia.ch\/forum-wasser-landwirtschaft\/wp-json\/wp\/v2\/pages\/1023","targetHints":{"allow":["GET"]}}],"collection":[{"href":"https:\/\/agripedia.ch\/forum-wasser-landwirtschaft\/wp-json\/wp\/v2\/pages"}],"about":[{"href":"https:\/\/agripedia.ch\/forum-wasser-landwirtschaft\/wp-json\/wp\/v2\/types\/page"}],"author":[{"embeddable":true,"href":"https:\/\/agripedia.ch\/forum-wasser-landwirtschaft\/wp-json\/wp\/v2\/users\/927"}],"replies":[{"embeddable":true,"href":"https:\/\/agripedia.ch\/forum-wasser-landwirtschaft\/wp-json\/wp\/v2\/comments?post=1023"}],"version-history":[{"count":66,"href":"https:\/\/agripedia.ch\/forum-wasser-landwirtschaft\/wp-json\/wp\/v2\/pages\/1023\/revisions"}],"predecessor-version":[{"id":64243,"href":"https:\/\/agripedia.ch\/forum-wasser-landwirtschaft\/wp-json\/wp\/v2\/pages\/1023\/revisions\/64243"}],"wp:attachment":[{"href":"https:\/\/agripedia.ch\/forum-wasser-landwirtschaft\/wp-json\/wp\/v2\/media?parent=1023"}],"curies":[{"name":"wp","href":"https:\/\/api.w.org\/{rel}","templated":true}]}}