{"id":1022,"date":"2024-12-16T13:54:59","date_gmt":"2024-12-16T12:54:59","guid":{"rendered":"https:\/\/agripedia.ch\/wasserforum\/?page_id=1022"},"modified":"2026-03-20T13:22:30","modified_gmt":"2026-03-20T12:22:30","slug":"veranstaltungen-bildungsangebote","status":"publish","type":"page","link":"https:\/\/agripedia.ch\/forum-wasser-landwirtschaft\/veranstaltungen-bildungsangebote\/","title":{"rendered":"Veranstaltungen"},"content":{"rendered":"    \n<div class=\"wp-block-agripedia-impressum\" >\n    \n    <div class=\"agripedia-box-header\">\n            <\/div>\n\n    <div class=\"agripedia-box-content\">\n        \n\n<h4 class=\"wp-block-heading\">2026<\/h4>\n\n\n\n<div style=\"height:21px\" aria-hidden=\"true\" class=\"wp-block-spacer\"><\/div>\n\n\n\n<p><strong>JUNI<\/strong><\/p>\n\n\n\n<div style=\"height:21px\" aria-hidden=\"true\" class=\"wp-block-spacer\"><\/div>\n\n\n\n<p><strong>2. bis 5. Juni 2026<\/strong><\/p>\n\n\n\n<p><strong>Soil Evolution<\/strong><\/p>\n\n\n\n<p>Die Fachveranstaltung f\u00fcr Bodenfruchtbarkeit und Bodenaufbau im deutschsprachigen Raum<\/p>\n\n\n\n<p><strong>Ort:<\/strong> Gurten, Bern<\/p>\n\n\n\n<p>Das Programm finden Sie <a href=\"https:\/\/bern.e-vent.online\/web\/FILE\/GetFile\/2338eee6-16e1-4ce8-b886-a32f9d749e12\/Programm26_Deutsch.pdf?idLayout=BFB4A5A1585F4758B9B4A1625D6E6E42&amp;idSession=bf94b8c8-4458-494f-ac16-a23a3a90ffbf\" target=\"_blank\" rel=\"noreferrer noopener\">hier<\/a>.<\/p>\n\n\n\n<p><strong>Infos und Anmeldung:<\/strong> <a href=\"https:\/\/soilevolution.com\/\" target=\"_blank\" rel=\"noreferrer noopener\">soilevolution<\/a><\/p>\n\n\n\n<div style=\"height:21px\" aria-hidden=\"true\" class=\"wp-block-spacer\"><\/div>\n\n\n\n<p><strong>9. Juni 2026<\/strong><\/p>\n\n\n\n<p><strong>Feldbesuch der AG Wasserretention<\/strong><\/p>\n\n\n\n<p><strong>Ort:<\/strong> Aetikofen<\/p>\n\n\n\n<p>Wir erfahren von zwei Landwirten und einem F\u00f6rster, wie sie mit dem Wassermanagement auf ihren Betrieben umgehen und welche Massnahmen sie gegen Erosion und Trockenheit umgesetzt haben. Der Anlass ist offen f\u00fcr alle. <\/p>\n\n\n\n<p><strong>Infos und Anmelden: <\/strong>per E-mail an <a href=\"mailto:danielle.albiker@agridea.ch?subject=Re%3A%20Veranstaltung%20AG%20Wasserretention&amp;body=\" target=\"_blank\" rel=\"noreferrer noopener\">danielle.albiker@agridea.ch<\/a><\/p>\n\n\n\n<div style=\"height:21px\" aria-hidden=\"true\" class=\"wp-block-spacer\"><\/div>\n\n\n\n<p><strong>10.- 12. Juni 202<\/strong>6<\/p>\n\n\n\n<p><strong>Feldtage 2026<\/strong><\/p>\n\n\n\n<p><strong>Ort:<\/strong> Kirchberg BE<\/p>\n\n\n\n<p>Die&nbsp;Feldtage 2026&nbsp;sind die gr\u00f6sste Pflanzenbauveranstaltung der Schweiz\u2013 ein Treffpunkt f\u00fcr Landwirte, Fachleute, Forschende und alle, die sich f\u00fcr die Zukunft der Landwirtschaft interessieren. Drei Tage lang steht in Kirchberg alles im Zeichen von&nbsp;Innovation, Praxisn\u00e4he und Wissensaustausch.<\/p>\n\n\n\n<p><strong>Infos:<\/strong> <a href=\"https:\/\/www.feldtage.ch\/\">Feldtage 2026 | 10. \u2013 12. Juni 2026 in Kirchberg (BE): Feldtage<\/a><\/p>\n\n\n\n<div style=\"height:21px\" aria-hidden=\"true\" class=\"wp-block-spacer\"><\/div>\n\n\n\n<p><strong>SEPTEMBER<\/strong><\/p>\n\n\n\n<div style=\"height:21px\" aria-hidden=\"true\" class=\"wp-block-spacer\"><\/div>\n\n\n\n<p><strong>17. September 2026, ganzer Tag<\/strong><\/p>\n\n\n\n<p><strong>Tagung f\u00fcr Landwirt:innen zum Thema Wasser: Fokus Wassernutzung <\/strong>(Bew\u00e4sserung, Schwammlandschaft, Wasserversorgung Alpen)<\/p>\n\n\n\n<p><strong>Ort:<\/strong> Grangeneuve<\/p>\n\n\n\n<p>weitere Infos folgen<\/p>\n\n\n\n<div style=\"height:21px\" aria-hidden=\"true\" class=\"wp-block-spacer\"><\/div>\n\n\n\n<p><strong>24. und 25. September 2026, ganzer Tag<\/strong><\/p>\n\n\n\n<p>Save the Date f\u00fcr das diesj\u00e4hrige <strong>Wassersymposium Oberrhein <\/strong><\/p>\n\n\n\n<p><strong>Ort: <\/strong>Strassburg<\/p>\n\n\n\n<p>weitere Infos folgen<\/p>\n\n\n\n<div class=\"wp-block-buttons is-layout-flex wp-block-buttons-is-layout-flex\">\n<div class=\"wp-block-button\"><a class=\"wp-block-button__link wp-element-button\" href=\"https:\/\/agripedia.ch\/forum-wasser-landwirtschaft\/wp-content\/uploads\/sites\/64\/2026\/01\/Wassersymposium-Oberrhein-2025-Synthese-DE-1.pdf\" target=\"_blank\" rel=\"noreferrer noopener\">R\u00fcckblick 2025<\/a><\/div>\n<\/div>\n\n\n\n<div style=\"height:21px\" aria-hidden=\"true\" class=\"wp-block-spacer\"><\/div>\n\n\n\n<p><strong>OKTOBER<\/strong><\/p>\n\n\n\n<div style=\"height:21px\" aria-hidden=\"true\" class=\"wp-block-spacer\"><\/div>\n\n\n\n<p><strong>30. Oktober 2026<\/strong><\/p>\n\n\n\n<p><strong><strong>Jahrestagung des Forums nachhaltiges Wassermanagement in der Landwirtschaft<\/strong><\/strong><\/p>\n\n\n\n<p>Die diesj\u00e4hrige Jahrestagung unseres Forums findet im Rahmen des SWCP statt, siehe folgende Veranstaltung.<\/p>\n\n\n\n<p>Informationen zur Anmeldung folgen.<\/p>\n\n\n\n<div style=\"height:10px\" aria-hidden=\"true\" class=\"wp-block-spacer\"><\/div>\n\n\n\n<p><strong>29.\/30. Oktober 2026<\/strong><\/p>\n\n\n\n<p><strong><strong>Swiss Water Climate Forum 2026 &amp; Jahrestagung des Forums nachhaltiges Wassermanagement in der Landwirtschaft<\/strong><\/strong><\/p>\n\n\n\n<p><strong>Ort:<\/strong> Willisau<\/p>\n\n\n\n<p>Unter dem Leitthema \u201e<strong>Wasser in der Landschaft<\/strong>\u201c r\u00fccken wir den gesamten Wasserkreislauf in den Fokus: von der Infiltration in den Boden und der Rolle der Vegetation \u00fcber Fliessgew\u00e4sser und Grundwasser bis hin zu Fragen der Nutzung, Qualit\u00e4t und demokratischen Verantwortung. Gemeinsam diskutieren wir, wie Wasser als nat\u00fcrliche Lebens- und Produktionsgrundlage langfristig gesichert und klimaresilient gestaltet werden kann.<\/p>\n\n\n\n<p>Das Swiss Water Climate Program (SWCP) ist eine nationale Plattform f\u00fcr den Austausch zwischen Praxis, Verwaltung, Forschung und Zivilgesellschaft. Der zweij\u00e4hrige SWCP-Prozess kombiniert eine strukturierte Projektvorbereitung mit einer fokussierten Umsetzungsphase.<\/p>\n\n\n\n<p>Das Forum ist <strong>zweit\u00e4gig aufgebaut<\/strong>:<\/p>\n\n\n\n<ul class=\"wp-block-list\">\n<li><strong>SWCP Werkstatt- und Projekttag (29. Oktober 2026).<\/strong> Der erste Tag steht im Zeichen der gemeinsamen Ideenwerkstatt. In einem \u00fcberschaubaren Kreis engagierter Fachpersonen werden konkrete Vorhaben entwickelt und gesch\u00e4rft. Am zweiten Tag treten diese Projekte ins \u00f6ffentliche Forum: Sie werden vorgestellt, mit dem Publikum diskutiert und im Rahmen des SWCP pr\u00e4miert.<\/li>\n\n\n\n<li><strong>Jahrestagung des Forums nachhaltiges Wassermanagement in der Landwirtschaft &amp; <strong>\u00f6ffentlicher SWCP Forumstag &nbsp;<\/strong>(30. Oktober 2026).<\/strong> Dieser Tag verbindet die Fachinputs und Praxisbeispiele der Jahrestagung des Forums nachhaltiges Wassermanagement in der Landwirtschaft mit der projektorientierten Arbeitsweise des SWCP. So wird \u00abWasser in der Landschaft\u00bb nicht nur beleuchtet, sondern gemeinsam weiterentwickelt. Interaktive Austauschformate und Feldbegehungen machen L\u00f6sungen konkret erlebbar und schaffen Raum f\u00fcr neue Ideen und Partnerschaften.<\/li>\n<\/ul>\n\n\n\n<p>F\u00fcr <strong>Landwirtinnen und Landwirte <\/strong>gibt es verg\u00fcnstigte Teilnahmegeb\u00fchren und es besteht die M\u00f6glichkeit, nur an den <strong>Feldbesichtigungen am zweiten Tag<\/strong> teilzunehmen und konkrete Praxisbeispiele vor Ort kennenzulernen. <\/p>\n\n\n\n<p>Weitere Informationen finden Sie auf der SWCP <a href=\"https:\/\/che01.safelinks.protection.outlook.com\/?url=https%3A%2F%2Fswisswaterclimateprogram.creation.camp%2F&amp;data=05%7C02%7C%7Cbe0dd69439c6425b3f0508de6aeb45ee%7Cddcc3f51f0b445f2ad261537ea975a48%7C0%7C0%7C639065755880384480%7CUnknown%7CTWFpbGZsb3d8eyJFbXB0eU1hcGkiOnRydWUsIlYiOiIwLjAuMDAwMCIsIlAiOiJXaW4zMiIsIkFOIjoiTWFpbCIsIldUIjoyfQ%3D%3D%7C0%7C%7C%7C&amp;sdata=XFnv2XCPonuaA9EMAd8aHDS27orevmjPmwoEiqMsGm8%3D&amp;reserved=0\">Website<\/a>.<\/p>\n\n\n\n<div style=\"height:21px\" aria-hidden=\"true\" class=\"wp-block-spacer\"><\/div>\n\n\n\n<p><strong>NOVEMBER<\/strong><\/p>\n\n\n\n<div style=\"height:21px\" aria-hidden=\"true\" class=\"wp-block-spacer\"><\/div>\n\n\n\n<p><strong>11. November 2026, ganzer Tag<\/strong><\/p>\n\n\n\n<p><strong>BlueArk Conf\u00e9rence<\/strong><\/p>\n\n\n\n<p><strong>Ort:<\/strong> Le Ch\u00e2ble (Verbier)<\/p>\n\n\n\n<p><strong>Sprache:<\/strong> Franz\u00f6sisch<\/p>\n\n\n\n<p><a href=\"https:\/\/blueark.ch\/conference\/#programme\" target=\"_blank\" rel=\"noreferrer noopener\">Informationen<\/a> und Anmeldung<\/p>\n\n\n\n<div style=\"height:23px\" aria-hidden=\"true\" class=\"wp-block-spacer\"><\/div>\n\n    <\/div>\n    \n<\/div>\n\n\n<h3 class=\"wp-block-heading\">R\u00fcckblick Jahrestagungen des Forums<\/h3>\n\n\n    \n<div class=\"wp-block-agripedia-impressum\" >\n    \n    <div class=\"agripedia-box-header\">\n            <\/div>\n\n    <div class=\"agripedia-box-content\">\n        \n\n<h4 class=\"wp-block-heading\">2025 <\/h4>\n\n\n\n<p>Wassermanagement im Gem\u00fcsebau:<\/p>\n\n\n\n<div class=\"wp-block-buttons is-layout-flex wp-block-buttons-is-layout-flex\">\n<div class=\"wp-block-button\"><a class=\"wp-block-button__link wp-element-button\" href=\"https:\/\/agripedia.ch\/forum-wasser-landwirtschaft\/jahrestagung-2025\/\" target=\"_blank\" rel=\"noreferrer noopener\">Jahrestagung 2025<\/a><\/div>\n<\/div>\n\n\n\n<div style=\"height:23px\" aria-hidden=\"true\" class=\"wp-block-spacer\"><\/div>\n\n\n\n<h4 class=\"wp-block-heading\">2024<\/h4>\n\n\n\n<p>Projekte Arrobroye, Schwammland und Wassernutzungsdaten:<\/p>\n\n\n\n<div class=\"wp-block-buttons is-layout-flex wp-block-buttons-is-layout-flex\">\n<div class=\"wp-block-button\"><a class=\"wp-block-button__link wp-element-button\" href=\"https:\/\/agripedia.ch\/forum-wasser-landwirtschaft\/jahrestagung\/\" target=\"_blank\" rel=\"noreferrer noopener\">Jahrestagung 2024<\/a><\/div>\n<\/div>\n\n\n\n<div style=\"height:23px\" aria-hidden=\"true\" class=\"wp-block-spacer\"><\/div>\n\n    <\/div>\n    \n<\/div>\n\n\n<div style=\"height:23px\" aria-hidden=\"true\" class=\"wp-block-spacer\"><\/div>\n\n\n\n<p>Das Forum publiziert Veranstaltungen wie Kurse, Workshops, Tagungen und Exkursionen zum Thema Wasser. Gerne nehmen wir via <a href=\"https:\/\/agripedia.ch\/forum-wasser-landwirtschaft\/kontakt\/\" target=\"_blank\" rel=\"noreferrer noopener\">Kontaktformular <\/a>auch Ihre Veranstaltung in unseren Kalender auf.<\/p>\n\n\n\n<div style=\"height:27px\" aria-hidden=\"true\" class=\"wp-block-spacer\"><\/div>\n","protected":false},"excerpt":{"rendered":"<p>R\u00fcckblick Jahrestagungen des Forums Das Forum publiziert Veranstaltungen wie Kurse, Workshops, Tagungen und Exkursionen zum Thema Wasser. Gerne nehmen wir via Kontaktformular auch Ihre Veranstaltung in unseren Kalender auf.<\/p>\n","protected":false},"author":927,"featured_media":0,"parent":0,"menu_order":0,"comment_status":"closed","ping_status":"closed","template":"","meta":{"_sb_is_suggestion_mode":false,"_sb_show_suggestion_boards":false,"_sb_show_comment_boards":false,"_sb_suggestion_history":"","_sb_update_block_changes":"","om_disable_all_campaigns":false,"advgb_blocks_editor_width":"","advgb_blocks_columns_visual_guide":"","_monsterinsights_skip_tracking":false,"_monsterinsights_sitenote_active":false,"_monsterinsights_sitenote_note":"","_monsterinsights_sitenote_category":0,"footnotes":""},"class_list":["post-1022","page","type-page","status-publish","hentry"],"coauthors":[{"link":"https:\/\/agripedia.ch\/forum-wasser-landwirtschaft\/author\/sar2\/","display_name":"sar2"}],"author_meta":{"author_link":"https:\/\/agripedia.ch\/forum-wasser-landwirtschaft\/author\/sar2\/","display_name":"sar2"},"relative_dates":{"created":"Posted 1\u00a0Jahr ago","modified":"Updated 3\u00a0Wochen ago"},"absolute_dates":{"created":"Posted on Dezember 16, 2024","modified":"Updated on M\u00e4rz 20, 2026"},"absolute_dates_time":{"created":"Posted on Dezember 16, 2024 13:54","modified":"Updated on M\u00e4rz 20, 2026 13:22"},"featured_img_caption":"","featured_img":false,"series_order":"","_links":{"self":[{"href":"https:\/\/agripedia.ch\/forum-wasser-landwirtschaft\/wp-json\/wp\/v2\/pages\/1022","targetHints":{"allow":["GET"]}}],"collection":[{"href":"https:\/\/agripedia.ch\/forum-wasser-landwirtschaft\/wp-json\/wp\/v2\/pages"}],"about":[{"href":"https:\/\/agripedia.ch\/forum-wasser-landwirtschaft\/wp-json\/wp\/v2\/types\/page"}],"author":[{"embeddable":true,"href":"https:\/\/agripedia.ch\/forum-wasser-landwirtschaft\/wp-json\/wp\/v2\/users\/927"}],"replies":[{"embeddable":true,"href":"https:\/\/agripedia.ch\/forum-wasser-landwirtschaft\/wp-json\/wp\/v2\/comments?post=1022"}],"version-history":[{"count":131,"href":"https:\/\/agripedia.ch\/forum-wasser-landwirtschaft\/wp-json\/wp\/v2\/pages\/1022\/revisions"}],"predecessor-version":[{"id":64055,"href":"https:\/\/agripedia.ch\/forum-wasser-landwirtschaft\/wp-json\/wp\/v2\/pages\/1022\/revisions\/64055"}],"wp:attachment":[{"href":"https:\/\/agripedia.ch\/forum-wasser-landwirtschaft\/wp-json\/wp\/v2\/media?parent=1022"}],"curies":[{"name":"wp","href":"https:\/\/api.w.org\/{rel}","templated":true}]}}