{"id":63357,"date":"2026-02-16T15:41:32","date_gmt":"2026-02-16T14:41:32","guid":{"rendered":"https:\/\/agripedia.ch\/forum-wasser-landwirtschaft\/forum-sur-la-gestion-durable-de-leau-dans-lagriculture\/"},"modified":"2026-04-09T15:33:56","modified_gmt":"2026-04-09T13:33:56","slug":"forum-sur-la-gestion-durable-de-leau-dans-lagriculture","status":"publish","type":"page","link":"https:\/\/agripedia.ch\/forum-wasser-landwirtschaft\/fr\/","title":{"rendered":"Forum sur la gestion durable de l&rsquo;eau dans l&rsquo;agriculture"},"content":{"rendered":"\n<div class=\"wp-block-columns is-layout-flex wp-container-core-columns-is-layout-9d6595d7 wp-block-columns-is-layout-flex\">\n<div class=\"wp-block-column is-layout-flow wp-block-column-is-layout-flow\" style=\"flex-basis:66.66%\">\n<p class=\"has-normal-font-size\">Face au changement climatique, la gestion durable de l&rsquo;eau, ressource qui se rar\u00e9fie, devient une obligation pour l&rsquo;agriculture suisse. Les besoins en connaissances et en comp\u00e9tences qui en d\u00e9coulent sont tr\u00e8s importants \u00e0 l&rsquo;\u00e9chelle nationale.  <\/p>\n\n\n\n<p class=\"has-normal-font-size\">Pour cela, il faut<\/p>\n\n\n\n<ul class=\"wp-block-list\">\n<li class=\"has-normal-font-size\">une bonne base de connaissances<\/li>\n\n\n\n<li class=\"has-normal-font-size\">un \u00e9change actif de connaissances et d&rsquo;exp\u00e9riences entre les parties prenantes<\/li>\n\n\n\n<li class=\"has-normal-font-size\">le d\u00e9veloppement et la communication des bonnes pratiques<\/li>\n\n\n\n<li class=\"has-normal-font-size\">une voix experte sur le sujet<\/li>\n\n\n\n<li class=\"has-normal-font-size\">une communication active au sein de l&rsquo;agriculture et avec la population non agricole  <\/li>\n<\/ul>\n\n\n\n<p class=\"has-normal-font-size\">Tout cela contribue \u00e0 faire en sorte que l&rsquo;agriculture puisse relever les d\u00e9fis pos\u00e9s par le changement climatique.<\/p>\n\n\n\n<p class=\"has-normal-font-size\">C&rsquo;est pourquoi le Forum pour la gestion durable de l&rsquo;eau dans l&rsquo;agriculture a \u00e9t\u00e9 cr\u00e9\u00e9.<\/p>\n\n\n\n<h2 class=\"wp-block-heading\">Structure du Forum<\/h2>\n\n\n\n<p class=\"has-normal-font-size\"><strong>Le Forum se compose de deux parties :<\/strong><\/p>\n\n\n\n<ul class=\"wp-block-list\">\n<li class=\"has-normal-font-size\">Association<\/li>\n\n\n\n<li class=\"has-normal-font-size\">Plateforme de connaissances<\/li>\n<\/ul>\n\n\n\n<p class=\"has-normal-font-size\"><strong>Profitez des offres :<\/strong><\/p>\n\n\n\n<ul class=\"wp-block-list\">\n<li class=\"has-normal-font-size\">R\u00e9seauter au sein de l&rsquo;association<\/li>\n\n\n\n<li class=\"has-normal-font-size\">D\u00e9velopper vos th\u00e8mes li\u00e9s \u00e0 l&rsquo;eau avec vos pairs<\/li>\n\n\n\n<li class=\"has-normal-font-size\">Trouver un concentr\u00e9 de connaissances sur la plateforme de connaissances<\/li>\n\n\n\n<li class=\"has-normal-font-size\">Compl\u00e9ter les connaissances manquantes pour la communaut\u00e9<\/li>\n<\/ul>\n<\/div>\n\n\n\n<div class=\"wp-block-column is-layout-flow wp-block-column-is-layout-flow\" style=\"flex-basis:33.33%\"><div class=\"agripedia-home-post agripedia-subpage-card\" data-type=\"subpage-card\">\n  <a class=\"agripedia-subpage-card__linkwrap\" href=\"https:\/\/agripedia.ch\/forum-wasser-landwirtschaft\/fr\/evenements\/\" target=\"_blank\" rel=\"noopener noreferrer\">    <div class=\"agripedia-home-thumbnail\">\n              <img decoding=\"async\" src=\"https:\/\/agripedia.ch\/forum-wasser-landwirtschaft\/wp-content\/uploads\/sites\/64\/2025\/10\/Katzhof-Buldung-in-Scheune-2024-Kurs-1-1024x453.jpg\" alt=\"\u00c9v\u00e9nements\" \/>\n          <\/div>\n  <\/a>\n  <div class=\"agripedia-home-post-content\">\n          <h2 class=\"agripedia-home-post-title\">\n                  <a href=\"https:\/\/agripedia.ch\/forum-wasser-landwirtschaft\/fr\/evenements\/\" target=\"_blank\" rel=\"noopener noreferrer\">\n        \n          \u00c9v\u00e9nements\n                  <\/a>\n              <\/h2>\n    \n          <p class=\"agripedia-home-post-excerpt\"><ul>   <li>     2 au 5 juin 2026 <strong>       <a href=\"https:\/\/agripedia.ch\/forum-wasser-landwirtschaft\/veranstaltungen\/\">         Soil Evolution       <\/a>     <\/strong> Lieu : Gurten, Berne   <\/li>    <li>     10 au 12 juin 2026 <strong>       <a href=\"https:\/\/agripedia.ch\/forum-wasser-landwirtschaft\/veranstaltungen\/\">         Feldtage 2026       <\/a>     <\/strong> Lieu : Kirchberg BE   <\/li>    <li>     17 septembre 2026 <strong>       <a href=\"https:\/\/agripedia.ch\/forum-wasser-landwirtschaft\/veranstaltungen\/\">         Journ\u00e9e pour les agriculteurs et les agricultrices sur le th\u00e8me de l&rsquo;eau       <\/a>     <\/strong> Lieu : Grangeneuve   <\/li>    <li>     24 et 25 septembre 2026 <strong>       <a href=\"https:\/\/agripedia.ch\/forum-wasser-landwirtschaft\/veranstaltungen\/\">         Wasser-Symposium Oberrhein       <\/a>     <\/strong> Lieu : Strasbourg   <\/li>    <li>     30 octobre 2026 <strong>       <a href=\"https:\/\/agripedia.ch\/forum-wasser-landwirtschaft\/veranstaltungen\/\">         R\u00e9union annuelle du Forum pour la gestion durable de l&rsquo;eau en agriculture avec le SWCP       <\/a>     <\/strong> Lieu : Willisau   <\/li>    <li>     29 et 30 octobre 2026 <strong>       <a href=\"https:\/\/agripedia.ch\/forum-wasser-landwirtschaft\/veranstaltungen\/\">         Forum du Swiss Water Climate Programme       <\/a>     <\/strong> Lieu : Willisau   <\/li>    <li>     11 novembre 2026 <strong>       <a href=\"https:\/\/agripedia.ch\/forum-wasser-landwirtschaft\/veranstaltungen\/\">         BlueArk Conference       <\/a>     <\/strong> Lieu : Le Ch\u00e2ble (Verbier)   <\/li> <\/ul><\/p>\n      <\/div>\n<\/div>\n<\/div>\n<\/div>\n\n\n\n<div style=\"height:21px\" aria-hidden=\"true\" class=\"wp-block-spacer\"><\/div>\n\n\n\n<div class=\"wp-block-columns is-layout-flex wp-container-core-columns-is-layout-9d6595d7 wp-block-columns-is-layout-flex\">\n<div class=\"wp-block-column is-layout-flow wp-block-column-is-layout-flow\"><div class=\"agripedia-home-post agripedia-subpage-card\" data-type=\"subpage-card\">\n  <a class=\"agripedia-subpage-card__linkwrap\" href=\"https:\/\/agripedia.ch\/forum-wasser-landwirtschaft\/fr\/association\/\" target=\"_blank\" rel=\"noopener noreferrer\">    <div class=\"agripedia-home-thumbnail\">\n              <img decoding=\"async\" src=\"https:\/\/agripedia.ch\/forum-wasser-landwirtschaft\/wp-content\/uploads\/sites\/64\/2024\/11\/Abstimmung-scaled.jpg\" alt=\"Association\" \/>\n          <\/div>\n  <\/a>\n  <div class=\"agripedia-home-post-content\">\n          <h2 class=\"agripedia-home-post-title\">\n                  <a href=\"https:\/\/agripedia.ch\/forum-wasser-landwirtschaft\/fr\/association\/\" target=\"_blank\" rel=\"noopener noreferrer\">\n        \n          Association\n                  <\/a>\n              <\/h2>\n    \n          <p class=\"agripedia-home-post-excerpt\">L&rsquo;association a pour objectif d&rsquo;accro\u00eetre la r\u00e9silience de l&rsquo;agriculture et de la production alimentaire face aux effets du changement climatique. Elle met en r\u00e9seau les parties prenantes les plus diverses et donne une voix au th\u00e8me de l&rsquo;eau dans l&rsquo;agriculture. Elle soutient la mise en place et le d\u00e9veloppement de la plateforme de connaissances et fournit un appui administratif et technique \u00e0 divers groupes de travail. Le si\u00e8ge de l&rsquo;association est situ\u00e9 \u00e0 la BFH-HAFL. <\/p>\n      <\/div>\n<\/div>\n<\/div>\n\n\n\n<div class=\"wp-block-column is-layout-flow wp-block-column-is-layout-flow\"><div class=\"agripedia-home-post agripedia-subpage-card\" data-type=\"subpage-card\">\n  <a class=\"agripedia-subpage-card__linkwrap\" href=\"https:\/\/agripedia.ch\/forum-wasser-landwirtschaft\/fr\/la-plate-forme-de-connaissances\/\" target=\"_blank\" rel=\"noopener noreferrer\">    <div class=\"agripedia-home-thumbnail\">\n              <img decoding=\"async\" src=\"https:\/\/agripedia.ch\/forum-wasser-landwirtschaft\/wp-content\/uploads\/sites\/64\/2024\/11\/Wissen-schmal-scaled.jpg\" alt=\"La plateforme de connaissances\" \/>\n          <\/div>\n  <\/a>\n  <div class=\"agripedia-home-post-content\">\n          <h2 class=\"agripedia-home-post-title\">\n                  <a href=\"https:\/\/agripedia.ch\/forum-wasser-landwirtschaft\/fr\/la-plate-forme-de-connaissances\/\" target=\"_blank\" rel=\"noopener noreferrer\">\n        \n          La plateforme de connaissances\n                  <\/a>\n              <\/h2>\n    \n          <p class=\"agripedia-home-post-excerpt\">La plateforme de connaissances du Forum est un espace en ligne d\u00e9di\u00e9 \u00e0 la diffusion d&rsquo;informations et de connaissances sur la gestion durable de l&rsquo;eau dans l&rsquo;agriculture. Elle explique comment l&rsquo;agriculture peut s&rsquo;adapter avec succ\u00e8s au changement climatique et comment une gestion durable de l&rsquo;eau est possible.  Elle est g\u00e9r\u00e9e et exploit\u00e9e par AGRIDEA \u00e0 travers ses diff\u00e9rents canaux de communication (site web, conf\u00e9rence annuelle et publication d&rsquo;\u00e9v\u00e9nements sur le th\u00e8me de l&rsquo;eau).<\/p>\n      <\/div>\n<\/div>\n<\/div>\n<\/div>\n\n\n\n<div style=\"height:23px\" aria-hidden=\"true\" class=\"wp-block-spacer\"><\/div>\n\n\n\n<div class=\"wp-block-group agripedia-impressum is-layout-flow wp-block-group-is-layout-flow\">\n<div class=\"wp-block-group agripedia-impressum-header is-layout-flow wp-block-group-is-layout-flow\">\n<h4 class=\"wp-block-heading\" id=\"impressum-ff1cbe51-f647-40d8-aeac-9516cde55905\">Mentions l\u00e9gales<\/h4>\n<\/div>\n\n\n\n<div class=\"wp-block-group agripedia-impressum-content is-layout-flow wp-block-group-is-layout-flow\">\n<p class=\"has-normal-font-size\"><strong>Association :<\/strong><\/p>\n\n\n\n<p class=\"has-normal-font-size\"><a href=\"mailto:flavio.foiada@bfh.ch\">Flavio Foiada<\/a>, association Forum pour une gestion durable de l&rsquo;eau dans l&rsquo;agriculture<\/p>\n\n\n\n<p class=\"no-space has-normal-font-size\"><strong><strong><strong>Plate-forme de connaissances<\/strong>:<\/strong><\/strong><\/p>\n\n\n\n<p class=\"has-normal-font-size\"><a href=\"mailto:Danielle.Albiker@agridea.ch\">Danielle Albiker<\/a>, AGRIDEA<br>Manuela B\u00e4chtold, AGRIDEA<\/p>\n\n\n\n<div class=\"wp-block-getwid-accordion has-icon-left\" data-active-element=\"none\">\n<div class=\"wp-block-getwid-accordion__header-wrapper\"><span class=\"wp-block-getwid-accordion__header\"><a href=\"#\"><span class=\"wp-block-getwid-accordion__header-title\"><strong>Contenus et liens<\/strong><\/span><span class=\"wp-block-getwid-accordion__icon is-active\"><i class=\"fas fa-plus\"><\/i><\/span><span class=\"wp-block-getwid-accordion__icon is-passive\"><i class=\"fas fa-minus\"><\/i><\/span><\/a><\/span><\/div><div class=\"wp-block-getwid-accordion__content-wrapper\"><div class=\"wp-block-getwid-accordion__content\">\n<p>Les contributions et informations publi\u00e9es ne sont \u00e0 jour qu&rsquo;au moment de leur publication. Par la suite, elles seront r\u00e9guli\u00e8rement compl\u00e9t\u00e9es par des mises \u00e0 jour. AGRIDEA d\u00e9cline toute responsabilit\u00e9 quant \u00e0 la disponibilit\u00e9 technique et \u00e0 la s\u00e9curit\u00e9 de fonctionnement ainsi qu&rsquo;\u00e0 l&rsquo;exactitude et \u00e0 l&rsquo;exhaustivit\u00e9 du contenu de ce site. AGRIDEA n&rsquo;est pas non plus responsable du contenu ou du bon fonctionnement des sites web de tiers auxquels elle donne acc\u00e8s par des liens. Les informations et services propos\u00e9s peuvent \u00eatre modifi\u00e9s, remplac\u00e9s ou supprim\u00e9s \u00e0 tout moment et sans pr\u00e9avis.<\/p>\n<\/div><\/div>\n<\/div>\n<\/div>\n<\/div>\n\n\n\n<p class=\"has-normal-font-size\">Avec l&rsquo;aimable soutien financier de :<\/p>\n\n\n\n<figure class=\"wp-block-image size-full\"><img loading=\"lazy\" decoding=\"async\" width=\"1242\" height=\"165\" src=\"https:\/\/agripedia.ch\/forum-wasser-landwirtschaft\/wp-content\/uploads\/sites\/64\/2025\/10\/Logos-Wasserforum_DE.jpg\" alt=\"\" class=\"wp-image-61843\" srcset=\"https:\/\/agripedia.ch\/forum-wasser-landwirtschaft\/wp-content\/uploads\/sites\/64\/2025\/10\/Logos-Wasserforum_DE.jpg 1242w, https:\/\/agripedia.ch\/forum-wasser-landwirtschaft\/wp-content\/uploads\/sites\/64\/2025\/10\/Logos-Wasserforum_DE-300x40.jpg 300w, https:\/\/agripedia.ch\/forum-wasser-landwirtschaft\/wp-content\/uploads\/sites\/64\/2025\/10\/Logos-Wasserforum_DE-1024x136.jpg 1024w, https:\/\/agripedia.ch\/forum-wasser-landwirtschaft\/wp-content\/uploads\/sites\/64\/2025\/10\/Logos-Wasserforum_DE-768x102.jpg 768w, https:\/\/agripedia.ch\/forum-wasser-landwirtschaft\/wp-content\/uploads\/sites\/64\/2025\/10\/Logos-Wasserforum_DE-1200x159.jpg 1200w\" sizes=\"auto, (max-width: 1242px) 100vw, 1242px\" \/><\/figure>\n","protected":false},"excerpt":{"rendered":"<p>Face au changement climatique, la gestion durable de l&rsquo;eau, ressource qui se rar\u00e9fie, devient une obligation pour l&rsquo;agriculture suisse. Les besoins en connaissances et en comp\u00e9tences qui en d\u00e9coulent sont tr\u00e8s importants \u00e0 l&rsquo;\u00e9chelle nationale. Pour cela, il faut Tout cela contribue \u00e0 faire en sorte que l&rsquo;agriculture puisse relever les d\u00e9fis pos\u00e9s par le [&hellip;]<\/p>\n","protected":false},"author":26,"featured_media":63363,"parent":0,"menu_order":0,"comment_status":"closed","ping_status":"closed","template":"","meta":{"_sb_is_suggestion_mode":false,"_sb_show_suggestion_boards":false,"_sb_show_comment_boards":false,"_sb_suggestion_history":"","_sb_update_block_changes":"","om_disable_all_campaigns":false,"advgb_blocks_editor_width":"","advgb_blocks_columns_visual_guide":"","_monsterinsights_skip_tracking":false,"_monsterinsights_sitenote_active":false,"_monsterinsights_sitenote_note":"","_monsterinsights_sitenote_category":0,"footnotes":""},"class_list":["post-63357","page","type-page","status-publish","has-post-thumbnail","hentry"],"coauthors":[],"author_meta":{"author_link":"https:\/\/agripedia.ch\/forum-wasser-landwirtschaft\/fr\/author\/bge0\/","display_name":"bge"},"relative_dates":{"created":"Publi\u00e9 2 mois il y a","modified":"Mis \u00e0 jour 2 jours il y a"},"absolute_dates":{"created":"Publi\u00e9 le 16 f\u00e9vrier 2026","modified":"Mise \u00e0 jour le 9 avril 2026"},"absolute_dates_time":{"created":"Publi\u00e9 le 16 f\u00e9vrier 2026 15h41","modified":"Mise \u00e0 jour le 9 avril 2026 15h33"},"featured_img_caption":"","featured_img":"https:\/\/agripedia.ch\/forum-wasser-landwirtschaft\/wp-content\/uploads\/sites\/64\/2026\/03\/Logo_FR_Wasserforum_banner_1366x300.svg","series_order":"","_links":{"self":[{"href":"https:\/\/agripedia.ch\/forum-wasser-landwirtschaft\/fr\/wp-json\/wp\/v2\/pages\/63357","targetHints":{"allow":["GET"]}}],"collection":[{"href":"https:\/\/agripedia.ch\/forum-wasser-landwirtschaft\/fr\/wp-json\/wp\/v2\/pages"}],"about":[{"href":"https:\/\/agripedia.ch\/forum-wasser-landwirtschaft\/fr\/wp-json\/wp\/v2\/types\/page"}],"author":[{"embeddable":true,"href":"https:\/\/agripedia.ch\/forum-wasser-landwirtschaft\/fr\/wp-json\/wp\/v2\/users\/26"}],"replies":[{"embeddable":true,"href":"https:\/\/agripedia.ch\/forum-wasser-landwirtschaft\/fr\/wp-json\/wp\/v2\/comments?post=63357"}],"version-history":[{"count":24,"href":"https:\/\/agripedia.ch\/forum-wasser-landwirtschaft\/fr\/wp-json\/wp\/v2\/pages\/63357\/revisions"}],"predecessor-version":[{"id":64305,"href":"https:\/\/agripedia.ch\/forum-wasser-landwirtschaft\/fr\/wp-json\/wp\/v2\/pages\/63357\/revisions\/64305"}],"wp:featuredmedia":[{"embeddable":true,"href":"https:\/\/agripedia.ch\/forum-wasser-landwirtschaft\/fr\/wp-json\/wp\/v2\/media\/63363"}],"wp:attachment":[{"href":"https:\/\/agripedia.ch\/forum-wasser-landwirtschaft\/fr\/wp-json\/wp\/v2\/media?parent=63357"}],"curies":[{"name":"wp","href":"https:\/\/api.w.org\/{rel}","templated":true}]}}