{"id":63351,"date":"2026-02-16T15:35:58","date_gmt":"2026-02-16T14:35:58","guid":{"rendered":"https:\/\/agripedia.ch\/forum-wasser-landwirtschaft\/reunion-annuelle-2024\/"},"modified":"2026-03-20T09:23:11","modified_gmt":"2026-03-20T08:23:11","slug":"reunion-annuelle-2024","status":"publish","type":"page","link":"https:\/\/agripedia.ch\/forum-wasser-landwirtschaft\/fr\/reunion-annuelle-2024\/","title":{"rendered":"R\u00e9union annuelle 2024"},"content":{"rendered":"\n<p>La journ\u00e9e annuelle du 5 novembre 2024, qui s&rsquo;est tenue \u00e0 la HESA-HAFL, a r\u00e9uni 51 personnes int\u00e9ress\u00e9es. Le matin, le projet ArroBroye a \u00e9t\u00e9 pr\u00e9sent\u00e9 du point de vue d&rsquo;un agriculteur, du canton de Fribourg et d&rsquo;un hydrologue. Apr\u00e8s le d\u00e9jeuner, l&rsquo;OFEV nous a pr\u00e9sent\u00e9 la probl\u00e9matique de la collecte des donn\u00e9es sur l&rsquo;eau, suivie d&rsquo;un expos\u00e9 sur le th\u00e8me des terres d&rsquo;\u00e9ponge par Emch&amp;Berger et de l&rsquo;Agenda21 pour l&rsquo;eau afin de cr\u00e9er un r\u00e9seau \u00e0 ce sujet.  <\/p>\n\n\n\n<p>Vous trouverez les pr\u00e9sentations ici :<\/p>\n\n\n\n<div class=\"wp-block-group agripedia-box is-layout-flow wp-block-group-is-layout-flow\">\n<div class=\"wp-block-group agripedia-box-header is-layout-flow wp-block-group-is-layout-flow\">\n<h4 class=\"wp-block-heading\" id=\"projekt-arrobroye-f4dfbd3c-6ccf-4177-a1dd-0474b2634317\">Projet ArroBroye<\/h4>\n<\/div>\n\n\n\n<div class=\"wp-block-group agripedia-box-content is-layout-flow wp-block-group-is-layout-flow\">\n<p>Le projet ArroBroye couvre le bassin versant de la Broye en se concentrant sur l&rsquo;irrigation.<\/p>\n\n\n\n<p>Fabrice Bersier, l&rsquo;un des quelque 200 agriculteurs, a pr\u00e9sent\u00e9 le projet et les diff\u00e9rentes \u00e9tapes, avec leurs d\u00e9fis et leurs opportunit\u00e9s. Ensuite, Pascale Ribordy, du canton de Fribourg, a montr\u00e9 quelles solutions seraient possibles, ce qu&rsquo;elles impliquent sur le plan \u00e9conomique, environnemental et social, et quelle est la vision du canton en mati\u00e8re de gestion de l&rsquo;eau pour la r\u00e9gion. Fr\u00e9d\u00e9ric Jordan a conclu le cycle th\u00e9matique en pr\u00e9sentant une \u00e9bauche de la strat\u00e9gie d&rsquo;irrigation du canton de Fribourg et l&rsquo;impact de la gestion des lacs du bassin versant de la Broye sur les ressources en eau.  <\/p>\n<\/div>\n\n\n\n<div class=\"wp-block-buttons is-layout-flex wp-block-buttons-is-layout-flex\">\n<div class=\"wp-block-button has-custom-width wp-block-button__width-100\"><a class=\"wp-block-button__link wp-element-button\" href=\"https:\/\/agripedia.ch\/forum-wasser-landwirtschaft\/wp-content\/uploads\/sites\/64\/2026\/03\/3_20241.pdf\" target=\"_blank\" rel=\"noreferrer noopener\">Projet ArroBroye : enjeux et d\u00e9fis pour l\u2019agriculture<\/a><\/div>\n\n\n\n<div class=\"wp-block-button has-custom-width wp-block-button__width-100\"><a class=\"wp-block-button__link wp-element-button\" href=\"https:\/\/agripedia.ch\/forum-wasser-landwirtschaft\/wp-content\/uploads\/sites\/64\/2026\/03\/4_20241.pdf\" target=\"_blank\" rel=\"noreferrer noopener\">Irrigation dans la Broye : point de vue des autorit\u00e9s cantonales FR<\/a><\/div>\n\n\n\n<div class=\"wp-block-button has-custom-width wp-block-button__width-100\"><a class=\"wp-block-button__link wp-element-button\" href=\"https:\/\/agripedia.ch\/forum-wasser-landwirtschaft\/wp-content\/uploads\/sites\/64\/2026\/03\/5_20241.pdf\" target=\"_blank\" rel=\"noreferrer noopener\">Les trois lacs : vides \u00e0 cause de nouveaux projets d&rsquo;irrigation ?<\/a><\/div>\n<\/div>\n<\/div>\n\n\n\n<div class=\"wp-block-group agripedia-box is-layout-flow wp-block-group-is-layout-flow\">\n<div class=\"wp-block-group agripedia-box-header is-layout-flow wp-block-group-is-layout-flow\">\n<h4 class=\"wp-block-heading\" id=\"schwammland-wasserretention-0c05fc0d-411c-4a93-a766-9a4384eb0e3e\">\u00c9ponge &#8211; R\u00e9tention d&rsquo;eau<\/h4>\n<\/div>\n\n\n\n<div class=\"wp-block-group agripedia-box-content is-layout-flow wp-block-group-is-layout-flow\">\n<p>Andreas Widmer, d&rsquo;Emch&amp;Berger, a expliqu\u00e9 ce que signifie \u00ab\u00a0Schwammland\u00a0\u00bb et comment les m\u00e9thodes associ\u00e9es permettent de conserver l&rsquo;eau dans les terres et les sols afin qu&rsquo;elle ne s&rsquo;\u00e9coule pas sans \u00eatre utilis\u00e9e. Stefan Vollenweider, de l&rsquo;association Wasseragend21, a pr\u00e9sent\u00e9 le projet de r\u00e9seau \u00ab\u00a0Schwammland\u00a0\u00bb, qui doit \u00eatre mis en place de mani\u00e8re analogue au r\u00e9seau \u00ab\u00a0Schwammstadt\u00a0\u00bb. <\/p>\n\n\n\n\n\n<div class=\"wp-block-buttons is-layout-flex wp-block-buttons-is-layout-flex\">\n<div class=\"wp-block-button\"><a class=\"wp-block-button__link wp-element-button\" href=\"https:\/\/agripedia.ch\/forum-wasser-landwirtschaft\/wp-content\/uploads\/sites\/64\/2026\/03\/7_SCHW2.pdf\" target=\"_blank\" rel=\"noreferrer noopener\">Paysage-\u00e9ponge<\/a><\/div>\n<\/div>\n\n\n\n<div style=\"height:10px\" aria-hidden=\"true\" class=\"wp-block-spacer\"><\/div>\n\n\n\n<div class=\"wp-block-buttons is-layout-flex wp-block-buttons-is-layout-flex\">\n<div class=\"wp-block-button\"><a class=\"wp-block-button__link wp-element-button\" href=\"https:\/\/agripedia.ch\/forum-wasser-landwirtschaft\/wp-content\/uploads\/sites\/64\/2026\/03\/8_PRSE1.pdf\" target=\"_blank\" rel=\"noreferrer noopener\">R\u00e9seau du paysage-\u00e9ponge<\/a><\/div>\n<\/div>\n<\/div>\n<\/div>\n\n\n\n<div class=\"wp-block-group agripedia-box is-layout-flow wp-block-group-is-layout-flow\">\n<div class=\"wp-block-group agripedia-box-header is-layout-flow wp-block-group-is-layout-flow\">\n<h4 class=\"wp-block-heading\" id=\"wassernutzungsdaten-023fde67-5d88-468c-8f72-aeabe8e0c67e\">Donn\u00e9es sur l&rsquo;utilisation de l&rsquo;eau<\/h4>\n<\/div>\n\n\n\n<div class=\"wp-block-group agripedia-box-content is-layout-flow wp-block-group-is-layout-flow\">\n<p>L&rsquo;OFEV a pour mission de collecter des donn\u00e9es sur l&rsquo;utilisation de l&rsquo;eau dans l&rsquo;agriculture afin de mieux \u00e9valuer les besoins en eau. Petra Schmocker-Fackel a montr\u00e9 o\u00f9 se situent les difficult\u00e9s. Plusieurs projets sont en cours pour rendre la collecte des donn\u00e9es plus efficace : Collecte de donn\u00e9es via les infrastructures, les concessions et les droits d&rsquo;utilisation dans les cantons, \u00e9laboration et test de m\u00e9thodes de collecte num\u00e9riques et mod\u00e9lisation de l&rsquo;utilisation de l&rsquo;eau.  <\/p>\n\n\n\n<div class=\"wp-block-buttons is-layout-flex wp-block-buttons-is-layout-flex\">\n<div class=\"wp-block-button\"><a class=\"wp-block-button__link wp-element-button\" href=\"https:\/\/agripedia.ch\/forum-wasser-landwirtschaft\/wp-content\/uploads\/sites\/64\/2026\/03\/6_PRSE1.pdf\" target=\"_blank\" rel=\"noreferrer noopener\">Donn\u00e9es sur l&rsquo;utilisation de l&rsquo;eau<\/a><\/div>\n<\/div>\n\n\n\n<p><\/p>\n<\/div>\n<\/div>\n","protected":false},"excerpt":{"rendered":"<p>La journ\u00e9e annuelle du 5 novembre 2024, qui s&rsquo;est tenue \u00e0 la HESA-HAFL, a r\u00e9uni 51 personnes int\u00e9ress\u00e9es. Le matin, le projet ArroBroye a \u00e9t\u00e9 pr\u00e9sent\u00e9 du point de vue d&rsquo;un agriculteur, du canton de Fribourg et d&rsquo;un hydrologue. Apr\u00e8s le d\u00e9jeuner, l&rsquo;OFEV nous a pr\u00e9sent\u00e9 la probl\u00e9matique de la collecte des donn\u00e9es sur l&rsquo;eau, [&hellip;]<\/p>\n","protected":false},"author":234,"featured_media":0,"parent":0,"menu_order":0,"comment_status":"closed","ping_status":"closed","template":"","meta":{"_sb_is_suggestion_mode":false,"_sb_show_suggestion_boards":false,"_sb_show_comment_boards":false,"_sb_suggestion_history":"","_sb_update_block_changes":"","om_disable_all_campaigns":false,"advgb_blocks_editor_width":"","advgb_blocks_columns_visual_guide":"","_monsterinsights_skip_tracking":false,"_monsterinsights_sitenote_active":false,"_monsterinsights_sitenote_note":"","_monsterinsights_sitenote_category":0,"footnotes":""},"class_list":["post-63351","page","type-page","status-publish","hentry"],"coauthors":[{"link":"https:\/\/agripedia.ch\/forum-wasser-landwirtschaft\/fr\/author\/dal0\/","display_name":"dal0"}],"author_meta":{"author_link":"https:\/\/agripedia.ch\/forum-wasser-landwirtschaft\/fr\/author\/dal0\/","display_name":"dal0"},"relative_dates":{"created":"Publi\u00e9 2 mois il y a","modified":"Mis \u00e0 jour 3 semaines il y a"},"absolute_dates":{"created":"Publi\u00e9 le 16 f\u00e9vrier 2026","modified":"Mise \u00e0 jour le 20 mars 2026"},"absolute_dates_time":{"created":"Publi\u00e9 le 16 f\u00e9vrier 2026 15h35","modified":"Mise \u00e0 jour le 20 mars 2026 9h23"},"featured_img_caption":"","featured_img":false,"series_order":"","_links":{"self":[{"href":"https:\/\/agripedia.ch\/forum-wasser-landwirtschaft\/fr\/wp-json\/wp\/v2\/pages\/63351","targetHints":{"allow":["GET"]}}],"collection":[{"href":"https:\/\/agripedia.ch\/forum-wasser-landwirtschaft\/fr\/wp-json\/wp\/v2\/pages"}],"about":[{"href":"https:\/\/agripedia.ch\/forum-wasser-landwirtschaft\/fr\/wp-json\/wp\/v2\/types\/page"}],"author":[{"embeddable":true,"href":"https:\/\/agripedia.ch\/forum-wasser-landwirtschaft\/fr\/wp-json\/wp\/v2\/users\/234"}],"replies":[{"embeddable":true,"href":"https:\/\/agripedia.ch\/forum-wasser-landwirtschaft\/fr\/wp-json\/wp\/v2\/comments?post=63351"}],"version-history":[{"count":11,"href":"https:\/\/agripedia.ch\/forum-wasser-landwirtschaft\/fr\/wp-json\/wp\/v2\/pages\/63351\/revisions"}],"predecessor-version":[{"id":64014,"href":"https:\/\/agripedia.ch\/forum-wasser-landwirtschaft\/fr\/wp-json\/wp\/v2\/pages\/63351\/revisions\/64014"}],"wp:attachment":[{"href":"https:\/\/agripedia.ch\/forum-wasser-landwirtschaft\/fr\/wp-json\/wp\/v2\/media?parent=63351"}],"curies":[{"name":"wp","href":"https:\/\/api.w.org\/{rel}","templated":true}]}}