{"id":63341,"date":"2026-02-16T15:11:34","date_gmt":"2026-02-16T14:11:34","guid":{"rendered":"https:\/\/agripedia.ch\/forum-wasser-landwirtschaft\/strategies-de-leau\/"},"modified":"2026-04-13T14:27:24","modified_gmt":"2026-04-13T12:27:24","slug":"strategies-de-leau","status":"publish","type":"page","link":"https:\/\/agripedia.ch\/forum-wasser-landwirtschaft\/fr\/strategies-de-leau\/","title":{"rendered":"Strat\u00e9gies de l&rsquo;eau"},"content":{"rendered":"\n<p class=\"has-larger-font-size\"><strong>L&rsquo;Etat<\/strong><\/p>\n\n\n\n<p class=\"has-normal-font-size\">La <strong>Conf\u00e9d\u00e9ration <\/strong>n&rsquo;a pas de \u00ab\u00a0strat\u00e9gie de l&rsquo;eau\u00a0\u00bb unique et globale pour la Suisse, mais poursuit des objectifs en mati\u00e8re d&rsquo;eau dans le cadre de diff\u00e9rentes strat\u00e9gies et initiatives, dont l&rsquo;Agenda 2030, la strat\u00e9gie pour la biodiversit\u00e9 et la gestion actuelle de l&rsquo;eau. Les aspects importants sont l&rsquo;am\u00e9lioration de la base de donn\u00e9es sur l&rsquo;offre et la consommation d&rsquo;eau, la gestion de la p\u00e9nurie d&rsquo;eau, la protection des habitats aquatiques et la promotion d&rsquo;une gestion durable de l&rsquo;eau dans les cantons (S\u00e9curit\u00e9 de l&rsquo;approvisionnement en eau et gestion de l&rsquo;eau: Wasserversorgungssicherheit und<br>Wassermanagement &#8211; <a href=\"https:\/\/agripedia.ch\/forum-wasser-landwirtschaft\/wp-content\/uploads\/sites\/64\/2026\/01\/Bunderat_2022_Wasserversorgungssicher.pdf\" target=\"_blank\" rel=\"noreferrer noopener\">Grundlagenbericht, 15.12.2021<\/a>).<\/p>\n\n\n\n<p class=\"has-normal-font-size\">Principaux objectifs et mesures f\u00e9d\u00e9rales<\/p>\n\n\n\n<ul class=\"wp-block-list\">\n<li class=\"has-normal-font-size\"><strong>Donn\u00e9es et connaissances :<\/strong> La Conf\u00e9d\u00e9ration collecte de meilleures donn\u00e9es sur l&rsquo;offre et la consommation d&rsquo;eau. Un nouveau syst\u00e8me de d\u00e9tection pr\u00e9coce et d&rsquo;alerte en cas de s\u00e9cheresse a \u00e9t\u00e9 lanc\u00e9 afin de pouvoir observer et pr\u00e9voir les situations.   <\/li>\n\n\n\n<li class=\"has-normal-font-size\"><strong>Gestion de l&rsquo;eau :<\/strong>\n<ul class=\"wp-block-list\">\n<li>La Conf\u00e9d\u00e9ration soutient les cantons, qui sont responsables de la mise en \u0153uvre, et met \u00e0 disposition des bases pratiques pour g\u00e9rer la p\u00e9nurie d&rsquo;eau.  <\/li>\n\n\n\n<li>Certains cantons ont leurs propres strat\u00e9gies en mati\u00e8re d&rsquo;eau, d\u00e9velopp\u00e9es en collaboration avec la Conf\u00e9d\u00e9ration, qui tiennent compte des int\u00e9r\u00eats d&rsquo;utilisation et de protection.  <\/li>\n<\/ul>\n<\/li>\n\n\n\n<li class=\"has-normal-font-size\"><strong>Protection du climat et biodiversit\u00e9 :<\/strong>\n<ul class=\"wp-block-list\">\n<li>La <a href=\"https:\/\/www.bafu.admin.ch\/fr\/biodiversite\" target=\"_blank\" rel=\"noreferrer noopener\">Strat\u00e9gie Biodiversit\u00e9 Suisse<\/a> vise \u00e0 pr\u00e9server les habitats terrestres et aquatiques et \u00e0 les mettre en r\u00e9seau.<\/li>\n\n\n\n<li>La Conf\u00e9d\u00e9ration \u00e9labore des bases scientifiques, telles que des mod\u00e8les d&rsquo;impact climatique, afin de g\u00e9rer les effets du changement climatique sur les ressources en eau.  <\/li>\n<\/ul>\n<\/li>\n\n\n\n<li class=\"has-normal-font-size\"><strong>Coop\u00e9ration internationale :<\/strong> Le gouvernement f\u00e9d\u00e9ral collabore \u00e0 des programmes de gestion intersectorielle de l&rsquo;eau dans les bassins hydrographiques internationaux et soutient les \u00c9tats membres de l&rsquo;UE dans la mise en \u0153uvre de la directive-cadre sur l&rsquo;eau de l&rsquo;UE.<\/li>\n\n\n\n<li class=\"has-normal-font-size\"><strong>Eaux us\u00e9es et protection des cultures :<\/strong>\n<ul class=\"wp-block-list\">\n<li>Les apports de produits phytosanitaires dans les eaux doivent \u00eatre r\u00e9duits gr\u00e2ce \u00e0 un plan d&rsquo;action.  <\/li>\n\n\n\n<li>La taxe sur les eaux us\u00e9es \u00e0 l&rsquo;\u00e9chelle nationale sert \u00e0 financer les investissements n\u00e9cessaires.  <\/li>\n<\/ul>\n<\/li>\n<\/ul>\n\n\n\n<p class=\"has-normal-font-size\"><strong>Conclusion<\/strong><\/p>\n\n\n\n<p class=\"has-normal-font-size\">La Conf\u00e9d\u00e9ration se concentre sur la cr\u00e9ation de bases et le soutien aux cantons afin de permettre une utilisation durable de l&rsquo;eau. Une strat\u00e9gie nationale unique pour l&rsquo;eau n&rsquo;a pas \u00e9t\u00e9 jug\u00e9e n\u00e9cessaire jusqu&rsquo;\u00e0 pr\u00e9sent, car la gestion de l&rsquo;eau rel\u00e8ve en grande partie de la comp\u00e9tence des cantons. Les efforts de la Conf\u00e9d\u00e9ration visent \u00e0 am\u00e9liorer la base de donn\u00e9es, \u00e0 g\u00e9rer les conflits li\u00e9s \u00e0 l&rsquo;eau et \u00e0 prot\u00e9ger les \u00e9cosyst\u00e8mes aquatiques, notamment dans la perspective des d\u00e9fis pos\u00e9s par le changement climatique.    <\/p>\n\n\n\n<div style=\"height:21px\" aria-hidden=\"true\" class=\"wp-block-spacer\"><\/div>\n\n\n\n<p class=\"has-larger-font-size\"><strong>Activit\u00e9s de l&rsquo;OFEV<\/strong><\/p>\n\n\n\n<p class=\"has-normal-font-size\"><strong>Le syst\u00e8me d&rsquo;alerte pr\u00e9coce et d&rsquo;information sur la s\u00e9cheresse<\/strong><\/p>\n\n\n\n<p class=\"has-normal-font-size\">La s\u00e9cheresse est un danger naturel qui a des cons\u00e9quences importantes sur l&rsquo;\u00e9conomie, la soci\u00e9t\u00e9 et l&rsquo;environnement. C&rsquo;est pourquoi la Conf\u00e9d\u00e9ration a mis en place un syst\u00e8me national de <a href=\"https:\/\/www.trockenheit.admin.ch\/fr\" target=\"_blank\" rel=\"noreferrer noopener\">d\u00e9tection pr\u00e9coce<\/a> <a href=\"https:\/\/www.youtube.com\/watch?v=wZaa1EoL4Jk&amp;t=8s\" target=\"_blank\" rel=\"noreferrer noopener\"><\/a>et d&rsquo;alerte. Cela permet d&rsquo;agir par anticipation en cas de s\u00e9cheresse (<a href=\"https:\/\/www.youtube.com\/watch?v=wZaa1EoL4Jk&amp;t=8s\" target=\"_blank\" rel=\"noreferrer noopener\">vid\u00e9o en allemand<\/a>).<\/p>\n\n\n\n<p class=\"has-normal-font-size\"><strong>Recueillir des donn\u00e9es sur l&rsquo;utilisation de l&rsquo;eau<\/strong><\/p>\n\n\n\n<p class=\"has-normal-font-size\">D&rsquo;ici fin 2026, l&rsquo;OFEV r\u00e9digera un rapport \u00e0 l&rsquo;attention du Conseil f\u00e9d\u00e9ral indiquant quelles <a href=\"https:\/\/agripedia.ch\/forum-wasser-landwirtschaft\/wp-content\/uploads\/sites\/64\/2026\/03\/5_Trockenheitsprogramm_Huesler_OFEV_13.11.25_F-1.pdf\" target=\"_blank\" rel=\"noreferrer noopener\">donn\u00e9es relatives \u00e0 l&rsquo;utilisation de l&rsquo;eau<\/a> lui sont n\u00e9cessaires et \u00e0 quelles fins, quelles donn\u00e9es sont d\u00e9j\u00e0 disponibles et comment les donn\u00e9es manquantes pourraient \u00eatre collect\u00e9es. Des recommandations seront formul\u00e9es sur la base de ce rapport.<\/p>\n\n\n\n<p class=\"has-normal-font-size\">Il est important de conna\u00eetre les donn\u00e9es relatives \u00e0 l&rsquo;utilisation de l&rsquo;eau, car la Suisse ne dispose pas de statistiques compl\u00e8tes sur l&rsquo;utilisation de l&rsquo;eau. Les besoins en eau pour l&rsquo;irrigation, en particulier, ne sont pas connus, mais ce sont eux qui augmenteront le plus \u00e0 l&rsquo;avenir. Les cantons sont responsables de la collecte des donn\u00e9es. La collecte est tr\u00e8s in\u00e9gale. Les quelques donn\u00e9es existantes ne sont pas suffisamment <mdspan datatext=\"el1775119702279\" class=\"mdspan-comment\">r\u00e9solues<\/mdspan> dans l&rsquo;espace et dans le temps et\/ou ne sont pas disponibles de mani\u00e8re centralis\u00e9e. La Suisse ne peut pas satisfaire aux obligations internationales en mati\u00e8re de fourniture de donn\u00e9es.<\/p>\n\n\n\n<p class=\"has-normal-font-size\"><strong>Strat\u00e9gie nationale de gestion de l&rsquo;eau<\/strong><\/p>\n\n\n\n<p class=\"has-normal-font-size\">La <a href=\"https:\/\/agripedia.ch\/forum-wasser-landwirtschaft\/wp-content\/uploads\/sites\/64\/2026\/03\/5_Trockenheitsprogramm_Huesler_OFEV_13.11.25_F-1.pdf\" target=\"_blank\" rel=\"noreferrer noopener\">strat\u00e9gie f\u00e9d\u00e9rale de gestion de l&rsquo;eau<\/a><a href=\"https:\/\/agripedia.ch\/forum-wasser-landwirtschaft\/wp-content\/uploads\/sites\/64\/2025\/11\/5_Praesentation_Trockenheitsprogramm_Huesler_BAFU_13.11.25_D-1.pdf\" target=\"_blank\" rel=\"noreferrer noopener\"> <\/a>s&rsquo;inscrit dans un contexte de strat\u00e9gies, de plans d&rsquo;action et d&rsquo;instruments d\u00e9j\u00e0 existants au niveau f\u00e9d\u00e9ral, cantonal et associatif. Les th\u00e8mes abord\u00e9s sont la s\u00e9cheresse, les fortes pr\u00e9cipitations, la qualit\u00e9 de l&rsquo;approvisionnement en eau et la protection des habitats. La strat\u00e9gie devrait \u00eatre adopt\u00e9e \u00e0 partir de 2027.<\/p>\n\n\n\n<p class=\"has-larger-font-size\"><strong>Strat\u00e9gies de l&rsquo;eau des cantons &#8211; une s\u00e9lection<\/strong><\/p>\n\n\n\n<div class=\"wp-block-getwid-accordion has-icon-left\" data-active-element=\"none\">\n<div class=\"wp-block-getwid-accordion__header-wrapper\"><span class=\"wp-block-getwid-accordion__header\"><a href=\"#\"><span class=\"wp-block-getwid-accordion__header-title\"><strong>Canton d&rsquo;Argovie<\/strong><\/span><span class=\"wp-block-getwid-accordion__icon is-active\"><i class=\"fas fa-plus\"><\/i><\/span><span class=\"wp-block-getwid-accordion__icon is-passive\"><i class=\"fas fa-minus\"><\/i><\/span><\/a><\/span><\/div><div class=\"wp-block-getwid-accordion__content-wrapper\"><div class=\"wp-block-getwid-accordion__content\">\n<p>L&rsquo;eau est une ressource limit\u00e9e. Une strat\u00e9gie globale de gestion de l&rsquo;eau est en cours d&rsquo;\u00e9laboration pour le canton d&rsquo;Argovie. Celle-ci doit mettre en \u00e9vidence le potentiel futur et l&rsquo;utilisation de la ressource en eau.  <\/p>\n\n\n\n<p>La mise en \u0153uvre est abord\u00e9e selon les sept d\u00e9fis suivants (champs d&rsquo;action) pour la gestion de l&rsquo;eau : I : Approvisionnement en eau ; II : Qualit\u00e9 de l&rsquo;eau des eaux de surface et des eaux souterraines ; III : Gestion de la s\u00e9cheresse et des inondations ; IV : Utilisation \u00e9nerg\u00e9tique de l&rsquo;eau ; V : Eau pour l&rsquo;agriculture et l&rsquo;industrie ; VI : Milieux aquatiques et zones humides en tant qu&rsquo;habitats ; VII : R\u00e9tention et stockage de l&rsquo;eau.<\/p>\n\n\n\n<p>Source : <a href=\"https:\/\/www.ag.ch\/de\/themen\/klimawandel\/kanton\/massnahmenplan?dc=c0ff6010-7fd0-4350-9ed6-9fbfebc86f71_de\" target=\"_blank\" rel=\"noreferrer noopener\">Strat\u00e9gie del &lsquo;eau- Canton d&rsquo;Argovie<\/a><\/p>\n<\/div><\/div>\n\n\n\n<div class=\"wp-block-getwid-accordion__header-wrapper\"><span class=\"wp-block-getwid-accordion__header\"><a href=\"#\"><span class=\"wp-block-getwid-accordion__header-title\"><strong>Canton de B\u00e2le-Campagne<\/strong><\/span><span class=\"wp-block-getwid-accordion__icon is-active\"><i class=\"fas fa-plus\"><\/i><\/span><span class=\"wp-block-getwid-accordion__icon is-passive\"><i class=\"fas fa-minus\"><\/i><\/span><\/a><\/span><\/div><div class=\"wp-block-getwid-accordion__content-wrapper\"><div class=\"wp-block-getwid-accordion__content\">\n<p>Le canton de B\u00e2le-Campagne est un canton \u00e0 caract\u00e8re rural avec des structures urbaines marqu\u00e9es. Il pr\u00e9sente de grandes diff\u00e9rences r\u00e9gionales en termes de structure naturelle, de r\u00e9gime des eaux et de zones d&rsquo;habitation. Le canton est fortement touch\u00e9 par le changement climatique, car l&rsquo;eau de pluie n&rsquo;est gu\u00e8re stock\u00e9e et s&rsquo;\u00e9coule rapidement. Lors des \u00e9t\u00e9s secs, il faut donc<br>utiliser l&rsquo;eau avec parcimonie, en particulier dans les r\u00e9gions marqu\u00e9es par le karst.<br>Afin de garantir la protection de l&rsquo;eau, de se prot\u00e9ger contre les fortes pr\u00e9cipitations et les crues<br>et de garantir une utilisation durable de l&rsquo;eau, le canton a \u00e9labor\u00e9, en collaboration avec<br>les communes, une strat\u00e9gie de l&rsquo;eau qui englobe l&rsquo;ensemble du cycle de l&rsquo;eau.<br>Les diff\u00e9rents th\u00e8mes li\u00e9s \u00e0 l&rsquo;eau ont fait l&rsquo;objet d&rsquo;une analyse compl\u00e8te et approfondie du contexte et du syst\u00e8me, et les d\u00e9fis ont \u00e9t\u00e9 identifi\u00e9s. La strat\u00e9gie est un document de base sur la situation du canton et des communes en mati\u00e8re d&rsquo;eau et indique le d\u00e9veloppement<br>ainsi que l&rsquo;orientation de l&rsquo;action du canton et des communes pour les ann\u00e9es \u00e0 venir.<\/p>\n\n\n\n<p>Outre la strat\u00e9gie, le canton de B\u00e2le-Campagne publie \u00e9galement des informations sur la pes\u00e9e des int\u00e9r\u00eats dans le domaine de l&rsquo;eau et sur le stockage de l&rsquo;eau.<\/p>\n\n\n\n<p>Source : <a href=\"https:\/\/www.baselland.ch\/politik-und-behorden\/direktionen\/bau-und-umweltschutzdirektion\/umweltschutz-energie\/wasser\/publikationen-wasser-abwasser-1\" target=\"_blank\" rel=\"noreferrer noopener\">Publications eau \/ eaux us\u00e9es<\/a> et <a href=\"https:\/\/bl-api.webcloud7.ch\/politik-und-behorden\/direktionen\/bau-und-umweltschutzdirektion\/umweltschutz-energie\/wasser\/publikationen-wasser-abwasser-1\/download\/wasserstrategie_basel-landschaft_b1.pdf\" target=\"_blank\" rel=\"noreferrer noopener\">Strat\u00e9gie de l&rsquo;eau_Basel-Landschaft_B1.pdf<\/a><\/p>\n<\/div><\/div>\n\n\n\n<div class=\"wp-block-getwid-accordion__header-wrapper\"><span class=\"wp-block-getwid-accordion__header\"><a href=\"#\"><span class=\"wp-block-getwid-accordion__header-title\"><strong>Canton de Berne<\/strong><\/span><span class=\"wp-block-getwid-accordion__icon is-active\"><i class=\"fas fa-plus\"><\/i><\/span><span class=\"wp-block-getwid-accordion__icon is-passive\"><i class=\"fas fa-minus\"><\/i><\/span><\/a><\/span><\/div><div class=\"wp-block-getwid-accordion__content-wrapper\"><div class=\"wp-block-getwid-accordion__content\">\n<p>Le canton de Berne d\u00e9veloppe une strat\u00e9gie de l&rsquo;eau actuelle.<\/p>\n\n\n\n<p>Quelle: <a href=\"https:\/\/www.bern-cci.ch\/files\/kantonalverband\/Vernehmlassungen\/2025-06-22_Wasserstrategie-2040.pdf\" target=\"_blank\" rel=\"noreferrer noopener\">2025-06-22_Wasserstrategie-2040.pdf<\/a><\/p>\n<\/div><\/div>\n\n\n\n<div class=\"wp-block-getwid-accordion__header-wrapper\"><span class=\"wp-block-getwid-accordion__header\"><a href=\"#\"><span class=\"wp-block-getwid-accordion__header-title\"><strong>Canton de Fribourg<\/strong><\/span><span class=\"wp-block-getwid-accordion__icon is-active\"><i class=\"fas fa-plus\"><\/i><\/span><span class=\"wp-block-getwid-accordion__icon is-passive\"><i class=\"fas fa-minus\"><\/i><\/span><\/a><\/span><\/div><div class=\"wp-block-getwid-accordion__content-wrapper\"><div class=\"wp-block-getwid-accordion__content\">\n<p><a href=\"https:\/\/www.fr.ch\/sites\/default\/files\/2022-09\/plan-sectoriel-de-la-gestion-des-eaux--psge_0.pdf\" target=\"_blank\" rel=\"noreferrer noopener\">Plan sectoriel de la gestion des eaux<\/a> (PSGE), Office de l&rsquo;environnement FR<\/p>\n<\/div><\/div>\n\n\n\n<div class=\"wp-block-getwid-accordion__header-wrapper\"><span class=\"wp-block-getwid-accordion__header\"><a href=\"#\"><span class=\"wp-block-getwid-accordion__header-title\"><strong>Canton de Lucerne<\/strong><\/span><span class=\"wp-block-getwid-accordion__icon is-active\"><i class=\"fas fa-plus\"><\/i><\/span><span class=\"wp-block-getwid-accordion__icon is-passive\"><i class=\"fas fa-minus\"><\/i><\/span><\/a><\/span><\/div><div class=\"wp-block-getwid-accordion__content-wrapper\"><div class=\"wp-block-getwid-accordion__content\">\n<p><strong>D\u00e9fis<\/strong><br>Adaptation des droits d&rsquo;utilisation aux besoins et aux ressources :<br>Les droits d&rsquo;utilisation existants doivent \u00eatre mieux adapt\u00e9s aux besoins r\u00e9els en eau et aux ressources. Cela permet de lib\u00e9rer des ressources en eaux souterraines pour des utilisations adapt\u00e9es aux besoins. Lors de l&rsquo;implantation d&rsquo;entreprises \u00e0 forte consommation d&rsquo;eau, il convient de tenir compte de la quantit\u00e9 d&rsquo;eau disponible, ainsi que de l&rsquo;\u00e9vacuation des eaux us\u00e9es et des autres effets sur le r\u00e9gime des eaux. <br><strong>Irrigation dans l&rsquo;agriculture :<\/strong><br>En p\u00e9riode de s\u00e9cheresse, il n&rsquo;y a que localement peu d&rsquo;eau disponible pour l&rsquo;irrigation des cultures agricoles. La production agricole doit \u00eatre orient\u00e9e en fonction de l&rsquo;eau disponible. Des capacit\u00e9s de stockage propres \u00e0 l&rsquo;exploitation doivent \u00eatre mises \u00e0 disposition pour l&rsquo;irrigation. Les techniques d&rsquo;irrigation doivent \u00eatre optimis\u00e9es de mani\u00e8re \u00e0<br>\u00e9conomiser l&rsquo;eau. L&rsquo;augmentation de la capacit\u00e9 de stockage des lacs du Plateau pour l&rsquo;eau d&rsquo;irrigation par une modification de la r\u00e9gulation des lacs (lac de Sempach) ou par la construction d&rsquo;une r\u00e9gulation des lacs (lac de Baldegg) doit \u00eatre examin\u00e9e. <br><strong>Objectifs<\/strong><br>L&rsquo;utilisation de l&rsquo;eau est durable :<br>L&rsquo;utilisation de l&rsquo;eau est bas\u00e9e sur les ressources disponibles en p\u00e9riode de s\u00e9cheresse. Cela est garanti lors de l&rsquo;attribution des droits d&rsquo;utilisation (cf. chapitre 2.3).<br>L&rsquo;irrigation et les cultures sont adapt\u00e9es \u00e0 la disponibilit\u00e9 de l&rsquo;eau :<br>La production agricole est adapt\u00e9e \u00e0 la disponibilit\u00e9 de l&rsquo;eau d&rsquo;irrigation. Les techniques d&rsquo;irrigation sont optimis\u00e9es et les capacit\u00e9s de stockage de l&rsquo;exploitation sont d\u00e9velopp\u00e9es. L&rsquo;augmentation de la capacit\u00e9 de stockage<br>des lacs du Plateau permet d&rsquo;am\u00e9liorer la disponibilit\u00e9 de l&rsquo;eau en p\u00e9riode de s\u00e9cheresse. L&rsquo;eau disponible est utilis\u00e9e efficacement et pour des cultures \u00e0 forte valeur ajout\u00e9e, ce qui permet d&rsquo;optimiser les b\u00e9n\u00e9fices pour l&rsquo;agriculture.<\/p>\n\n\n\n<p>Source : chapitre 5 de <a href=\"https:\/\/uwe.lu.ch\/-\/media\/UWE\/Dokumente\/Themen\/Gewaesser\/Wassernutzung_Wasserversorgung_Kanton_LU_aktueller_Stand.pdf\" target=\"_blank\" rel=\"noreferrer noopener\">Utilisation de l&rsquo;eau_Approvisionnement_en_eau_canton_LU_aktueller_Stand.pdf<\/a><\/p>\n<\/div><\/div>\n\n\n\n<div class=\"wp-block-getwid-accordion__header-wrapper\"><span class=\"wp-block-getwid-accordion__header\"><a href=\"#\"><span class=\"wp-block-getwid-accordion__header-title\"><strong>Canton du Valais<\/strong><\/span><span class=\"wp-block-getwid-accordion__icon is-active\"><i class=\"fas fa-plus\"><\/i><\/span><span class=\"wp-block-getwid-accordion__icon is-passive\"><i class=\"fas fa-minus\"><\/i><\/span><\/a><\/span><\/div><div class=\"wp-block-getwid-accordion__content-wrapper\"><div class=\"wp-block-getwid-accordion__content\">\n<p>Le canton du Valais pr\u00e9sente une particularit\u00e9 : les communes sont en effet propri\u00e9taires des cours d&rsquo;eau lat\u00e9raux et sont donc responsables de la mise \u00e0 disposition de cette ressource aux diff\u00e9rents utilisateurs. Seul le Rh\u00f4ne est la propri\u00e9t\u00e9 du canton. <\/p>\n\n\n\n<p>Bien que l&rsquo;eau soit en principe abondante en Valais, la situation peut \u00eatre tendue \u00e0 certaines p\u00e9riodes, notamment en hiver, lorsque les visiteurs sont nombreux, et en \u00e9t\u00e9, lorsque les sources sont moins abondantes et que la demande augmente. De plus, le Valais conna\u00eet une forte croissance d\u00e9mographique, sup\u00e9rieure \u00e0 2,5 % en moyenne chaque ann\u00e9e.<\/p>\n\n\n\n<p>La strat\u00e9gie de l&rsquo;eau du canton du Valais vise \u00e0 garantir une utilisation optimale de l&rsquo;eau et de ses multiples fonctions, que ce soit pour l&rsquo;eau potable, l&rsquo;irrigation agricole ou la production d&rsquo;\u00e9nergie. Elle favorise une approche globale des ressources en eau au niveau des communes et des bassins versants, ainsi qu&rsquo;aux niveaux r\u00e9gional et cantonal. <\/p>\n\n\n\n<p>Source : <a href=\"https:\/\/www.vs.ch\/web\/strategie-eau\/objectifs\" target=\"_blank\" rel=\"noreferrer noopener\">Contexte et objectifs &#8211; Strat\u00e9gie de l&rsquo;eau en Valais &#8211; vs.ch<\/a><\/p>\n<\/div><\/div>\n<\/div>\n\n\n\n<div style=\"height:21px\" aria-hidden=\"true\" class=\"wp-block-spacer\"><\/div>\n\n\n\n<p class=\"has-normal-font-size\">Vous trouverez d&rsquo;autres activit\u00e9s des cantons dans le domaine de l&rsquo;eau sur la <a href=\"https:\/\/agripedia.ch\/klima\/fr\/activites-des-cantons\/\" target=\"_blank\" rel=\"noreferrer noopener\">plateforme Climat<\/a><a href=\"https:\/\/agripedia.ch\/klima\/aktivitaeten-der-kantone\/\" target=\"_blank\" rel=\"noreferrer noopener\">.<\/a><\/p>\n\n\n\n<hr class=\"wp-block-separator has-alpha-channel-opacity\"\/>\n\n\n\n<p class=\"has-normal-font-size\">Nous acceptons volontiers vos contributions, remarques, compl\u00e9ments, suggestions et commentaires <a href=\"https:\/\/agripedia.ch\/forum-wasser-landwirtschaft\/fr\/contact\/\" target=\"_blank\" rel=\"noreferrer noopener\">ici<\/a>.<\/p>\n","protected":false},"excerpt":{"rendered":"<p>L&rsquo;Etat La Conf\u00e9d\u00e9ration n&rsquo;a pas de \u00ab\u00a0strat\u00e9gie de l&rsquo;eau\u00a0\u00bb unique et globale pour la Suisse, mais poursuit des objectifs en mati\u00e8re d&rsquo;eau dans le cadre de diff\u00e9rentes strat\u00e9gies et initiatives, dont l&rsquo;Agenda 2030, la strat\u00e9gie pour la biodiversit\u00e9 et la gestion actuelle de l&rsquo;eau. Les aspects importants sont l&rsquo;am\u00e9lioration de la base de donn\u00e9es sur [&hellip;]<\/p>\n","protected":false},"author":234,"featured_media":61673,"parent":0,"menu_order":0,"comment_status":"closed","ping_status":"closed","template":"","meta":{"_sb_is_suggestion_mode":false,"_sb_show_suggestion_boards":false,"_sb_show_comment_boards":false,"_sb_suggestion_history":"","_sb_update_block_changes":"","om_disable_all_campaigns":false,"advgb_blocks_editor_width":"","advgb_blocks_columns_visual_guide":"","_monsterinsights_skip_tracking":false,"_monsterinsights_sitenote_active":false,"_monsterinsights_sitenote_note":"","_monsterinsights_sitenote_category":0,"footnotes":""},"class_list":["post-63341","page","type-page","status-publish","has-post-thumbnail","hentry"],"coauthors":[{"link":"https:\/\/agripedia.ch\/forum-wasser-landwirtschaft\/fr\/author\/dal0\/","display_name":"dal0"}],"author_meta":{"author_link":"https:\/\/agripedia.ch\/forum-wasser-landwirtschaft\/fr\/author\/dal0\/","display_name":"dal0"},"relative_dates":{"created":"Publi\u00e9 2 mois il y a","modified":"Mis \u00e0 jour 1 jour il y a"},"absolute_dates":{"created":"Publi\u00e9 le 16 f\u00e9vrier 2026","modified":"Mise \u00e0 jour le 13 avril 2026"},"absolute_dates_time":{"created":"Publi\u00e9 le 16 f\u00e9vrier 2026 15h11","modified":"Mise \u00e0 jour le 13 avril 2026 14h27"},"featured_img_caption":"","featured_img":"https:\/\/agripedia.ch\/forum-wasser-landwirtschaft\/wp-content\/uploads\/sites\/64\/2025\/10\/Strategie-Bild-WF-WP-1200x443.jpg","series_order":"","_links":{"self":[{"href":"https:\/\/agripedia.ch\/forum-wasser-landwirtschaft\/fr\/wp-json\/wp\/v2\/pages\/63341","targetHints":{"allow":["GET"]}}],"collection":[{"href":"https:\/\/agripedia.ch\/forum-wasser-landwirtschaft\/fr\/wp-json\/wp\/v2\/pages"}],"about":[{"href":"https:\/\/agripedia.ch\/forum-wasser-landwirtschaft\/fr\/wp-json\/wp\/v2\/types\/page"}],"author":[{"embeddable":true,"href":"https:\/\/agripedia.ch\/forum-wasser-landwirtschaft\/fr\/wp-json\/wp\/v2\/users\/234"}],"replies":[{"embeddable":true,"href":"https:\/\/agripedia.ch\/forum-wasser-landwirtschaft\/fr\/wp-json\/wp\/v2\/comments?post=63341"}],"version-history":[{"count":31,"href":"https:\/\/agripedia.ch\/forum-wasser-landwirtschaft\/fr\/wp-json\/wp\/v2\/pages\/63341\/revisions"}],"predecessor-version":[{"id":64206,"href":"https:\/\/agripedia.ch\/forum-wasser-landwirtschaft\/fr\/wp-json\/wp\/v2\/pages\/63341\/revisions\/64206"}],"wp:featuredmedia":[{"embeddable":true,"href":"https:\/\/agripedia.ch\/forum-wasser-landwirtschaft\/fr\/wp-json\/wp\/v2\/media\/61673"}],"wp:attachment":[{"href":"https:\/\/agripedia.ch\/forum-wasser-landwirtschaft\/fr\/wp-json\/wp\/v2\/media?parent=63341"}],"curies":[{"name":"wp","href":"https:\/\/api.w.org\/{rel}","templated":true}]}}