{"id":63339,"date":"2026-02-16T15:11:32","date_gmt":"2026-02-16T14:11:32","guid":{"rendered":"https:\/\/agripedia.ch\/forum-wasser-landwirtschaft\/cycle-de-leau\/"},"modified":"2026-04-02T15:41:42","modified_gmt":"2026-04-02T13:41:42","slug":"cycle-de-leau","status":"publish","type":"page","link":"https:\/\/agripedia.ch\/forum-wasser-landwirtschaft\/fr\/cycle-de-leau\/","title":{"rendered":"Cycle de l&rsquo;eau"},"content":{"rendered":"\n<div class=\"wp-block-columns is-layout-flex wp-container-core-columns-is-layout-9d6595d7 wp-block-columns-is-layout-flex\">\n<div class=\"wp-block-column is-layout-flow wp-block-column-is-layout-flow\" style=\"flex-basis:100%\">\n<p class=\"has-normal-font-size\"><strong>Introduction<\/strong><\/p>\n\n\n\n<p class=\"has-normal-font-size\">Le climat a une influence sur le cycle de l&rsquo;eau, tout comme le cycle de l&rsquo;eau a une influence sur le climat. Le cycle de l&rsquo;eau change en fonction de la mani\u00e8re dont la terre est utilis\u00e9e. La pluie tombe soit \u00e0 proximit\u00e9, o\u00f9 l&rsquo;eau est disponible par transpiration, soit tr\u00e8s loin, car l&rsquo;humidit\u00e9 \u00e9vapor\u00e9e est mont\u00e9e \u00e0 une altitude \u00e9lev\u00e9e et a \u00e9t\u00e9 emport\u00e9e par le vent. Un cycle de l&rsquo;eau local manquant peut \u00eatre r\u00e9g\u00e9n\u00e9r\u00e9 par des mesures appropri\u00e9es.   <\/p>\n\n\n\n<p class=\"has-normal-font-size\">Transpiration, couverture et structure du sol, v\u00e9g\u00e9tation, s\u00e9cheresse, chaleur, fortes pr\u00e9cipitations, ruissellement de surface, eau bleue et eau verte : comment ces termes et d&rsquo;autres du cycle de l&rsquo;eau s&rsquo;influencent-ils mutuellement ?<\/p>\n\n\n\n<p class=\"has-normal-font-size\">Le lien entre le cycle local et le cycle global de l&rsquo;eau est expliqu\u00e9 et il est montr\u00e9 comment la gestion au niveau de l&rsquo;agriculture peut contribuer \u00e0 alimenter et, si possible, \u00e0 fermer le cycle local de l&rsquo;eau.<\/p>\n\n\n\n<div style=\"height:21px\" aria-hidden=\"true\" class=\"wp-block-spacer\"><\/div>\n\n\n\n<p class=\"has-normal-font-size\"><strong>Cycle de l&rsquo;eau global et local<\/strong><\/p>\n\n\n\n<p class=\"has-normal-font-size\">Le cycle de l&rsquo;eau est divis\u00e9 en un grand cycle global et un petit cycle local.<\/p>\n\n\n\n<p class=\"has-normal-font-size\">Le cycle global de l&rsquo;eau est aliment\u00e9 par l&rsquo;\u00e9vaporation des masses oc\u00e9aniques. L&rsquo;eau qui en r\u00e9sulte est en grande partie r\u00e9absorb\u00e9e par les oc\u00e9ans. Une petite partie parvient sur la terre ferme et peut \u00eatre absorb\u00e9e par les plantes. Chez nous, environ 65 % des pr\u00e9cipitations proviennent toutefois du <mdspan datatext=\"el1775135627823\" class=\"mdspan-comment\">cycle local<\/mdspan>.<sup data-fn=\"302f12d8-3b98-4b83-a893-6c50ed746bcb\" class=\"fn\"><a href=\"#302f12d8-3b98-4b83-a893-6c50ed746bcb\" id=\"302f12d8-3b98-4b83-a893-6c50ed746bcb-link\">1<\/a><\/sup><sup>,<\/sup><sup data-fn=\"cbc7b4b7-6288-4131-987a-a42f15c39907\" class=\"fn\"><a href=\"#cbc7b4b7-6288-4131-987a-a42f15c39907\" id=\"cbc7b4b7-6288-4131-987a-a42f15c39907-link\">2<\/a><\/sup><\/p>\n\n\n\n<figure class=\"wp-block-image size-large is-resized\"><img loading=\"lazy\" decoding=\"async\" width=\"1024\" height=\"667\" src=\"https:\/\/agripedia.ch\/wasserforum\/wp-content\/uploads\/sites\/64\/2025\/03\/Zyklus_Veg_final-1024x667.png\" alt=\"\" class=\"wp-image-60636\" style=\"width:586px;height:auto\" srcset=\"https:\/\/agripedia.ch\/forum-wasser-landwirtschaft\/wp-content\/uploads\/sites\/64\/2025\/03\/Zyklus_Veg_final-1024x667.png 1024w, https:\/\/agripedia.ch\/forum-wasser-landwirtschaft\/wp-content\/uploads\/sites\/64\/2025\/03\/Zyklus_Veg_final-300x196.png 300w, https:\/\/agripedia.ch\/forum-wasser-landwirtschaft\/wp-content\/uploads\/sites\/64\/2025\/03\/Zyklus_Veg_final-768x501.png 768w, https:\/\/agripedia.ch\/forum-wasser-landwirtschaft\/wp-content\/uploads\/sites\/64\/2025\/03\/Zyklus_Veg_final.png 1180w\" sizes=\"auto, (max-width: 1024px) 100vw, 1024px\" \/><figcaption class=\"wp-element-caption\">Source de l&rsquo;image : Nathalie Dakhel-Robert et Hanspeter Liniger, 2024<br>Modifi\u00e9 par Manuela B\u00e4chtold, AGRIDEA<\/figcaption><\/figure>\n\n\n\n<p class=\"has-normal-font-size\">Les cycles locaux sont d\u00e9finis par l&rsquo;\u00e9vaporation et le ruissellement de l&rsquo;eau sur des zones d\u00e9limit\u00e9es au niveau r\u00e9gional.<sup data-fn=\"5696cf59-e0dd-4978-9ca0-dbe3edb99c28\" class=\"fn\"><a href=\"#5696cf59-e0dd-4978-9ca0-dbe3edb99c28\" id=\"5696cf59-e0dd-4978-9ca0-dbe3edb99c28-link\">3<\/a><\/sup> Le cycle repose principalement sur le fait que l&rsquo;eau des pr\u00e9cipitations (ros\u00e9e, pluie, neige) s&rsquo;infiltre et est stock\u00e9e dans le sol, est utilis\u00e9e par les plantes pour leur croissance et est rel\u00e2ch\u00e9e dans l&rsquo;atmosph\u00e8re sous forme de vapeur d&rsquo;eau. Ce faisant, de l&rsquo;\u00e9nergie est extraite de l&rsquo;environnement (chaleur latente), ce qui entra\u00eene un refroidissement. Lors de la transpiration, la plante lib\u00e8re dans l&rsquo;air ambiant, outre les mol\u00e9cules d&rsquo;eau, des bact\u00e9ries, des spores de champignons et des substances volatiles qui se trouvent \u00e0 sa surface. Elles agissent comme des noyaux de condensation sur lesquels se forment de nouvelles gouttes de pr\u00e9cipitations lorsque les masses d&rsquo;air humide s&rsquo;\u00e9l\u00e8vent et se refroidissent.<\/p>\n\n\n\n<p class=\"has-normal-font-size\">Plus la surface est couverte de v\u00e9g\u00e9tation, plus la part d&rsquo;eau r\u00e9inject\u00e9e dans le cycle local par la transpiration et l&rsquo;effet de refroidissement sur la temp\u00e9rature ambiante sont importants.<\/p>\n\n\n\n<div style=\"height:21px\" aria-hidden=\"true\" class=\"wp-block-spacer\"><\/div>\n\n\n\n<p class=\"has-normal-font-size\"><strong>Cycle de l&rsquo;eau et agriculture<\/strong><\/p>\n\n\n\n<p class=\"has-normal-font-size\">Le cycle de l&rsquo;eau et le microclimat sont directement li\u00e9s au sol et \u00e0 sa gestion. Plusieurs facteurs influencent la capacit\u00e9 de r\u00e9tention d&rsquo;eau du sol : outre le type de sol, la granulom\u00e9trie ou la succession des horizons, la structure et la stabilit\u00e9 structurelle, la fertilit\u00e9 et l&rsquo;\u00e9paisseur du sol jouent un r\u00f4le central. <\/p>\n\n\n\n<p class=\"has-normal-font-size\">Au niveau local, la couverture du sol est l&rsquo;un des \u00e9l\u00e9ments les plus importants pour freiner le ruissellement et am\u00e9liorer l&rsquo;infiltration de l&rsquo;eau. Un autre effet de la couverture du sol est que l&rsquo;air proche du sol est refroidi. Ceci est d\u00fb d&rsquo;une part \u00e0 la transpiration d\u00e9j\u00e0 mentionn\u00e9e (retrait de la chaleur latente) et d&rsquo;autre part \u00e0 l&rsquo;ombrage. M\u00eame la nuit, la temp\u00e9rature peut \u00eatre plus basse dans les syst\u00e8mes couverts, ce qui entra\u00eene une augmentation de l&rsquo;humidit\u00e9 et de la formation de ros\u00e9e.   <\/p>\n\n\n\n<figure class=\"wp-block-image size-large is-resized\"><img loading=\"lazy\" decoding=\"async\" width=\"1024\" height=\"605\" src=\"https:\/\/agripedia.ch\/wasserforum\/wp-content\/uploads\/sites\/64\/2025\/03\/final_Kreislauf_Anb_Nath-1024x605.png\" alt=\"\" class=\"wp-image-60648\" style=\"width:650px;height:auto\" srcset=\"https:\/\/agripedia.ch\/forum-wasser-landwirtschaft\/wp-content\/uploads\/sites\/64\/2025\/03\/final_Kreislauf_Anb_Nath-1024x605.png 1024w, https:\/\/agripedia.ch\/forum-wasser-landwirtschaft\/wp-content\/uploads\/sites\/64\/2025\/03\/final_Kreislauf_Anb_Nath-300x177.png 300w, https:\/\/agripedia.ch\/forum-wasser-landwirtschaft\/wp-content\/uploads\/sites\/64\/2025\/03\/final_Kreislauf_Anb_Nath-768x454.png 768w, https:\/\/agripedia.ch\/forum-wasser-landwirtschaft\/wp-content\/uploads\/sites\/64\/2025\/03\/final_Kreislauf_Anb_Nath-1200x709.png 1200w, https:\/\/agripedia.ch\/forum-wasser-landwirtschaft\/wp-content\/uploads\/sites\/64\/2025\/03\/final_Kreislauf_Anb_Nath.png 1297w\" sizes=\"auto, (max-width: 1024px) 100vw, 1024px\" \/><figcaption class=\"wp-element-caption\">Source de l&rsquo;image : Nathalie Dakhel-Robert et Hanspeter Liniger, 2024<br>Modifi\u00e9 par Manuela B\u00e4chtold, AGRIDEA<\/figcaption><\/figure>\n\n\n\n<p class=\"has-normal-font-size\">Dans un syst\u00e8me cultiv\u00e9, les sols sont g\u00e9n\u00e9ralement recouverts de moins de v\u00e9g\u00e9tation. Des syst\u00e8mes d&rsquo;irrigation et de drainage peuvent \u00e9galement \u00eatre utilis\u00e9s. Dans un tel syst\u00e8me, il y a une augmentation du ruissellement de surface et une \u00e9vacuation rapide de l&rsquo;eau du sol vers les cours d&rsquo;eau. Sur les sols nus, l&rsquo;\u00e9vaporation est plus \u00e9lev\u00e9e et la transpiration plus faible, en particulier en \u00e9t\u00e9, lorsque les cultures sont m\u00fbres. Le ruissellement de surface, l&rsquo;\u00e9vacuation de l&rsquo;eau du sol par les drains et l&rsquo;\u00e9vaporation sont les trois principaux facteurs de perte d&rsquo;eau pour la production agricole.    <\/p>\n\n\n\n<p class=\"has-normal-font-size\">Il existe diff\u00e9rentes approches pour optimiser et consolider le cycle local de l&rsquo;eau. Les mesures concr\u00e8tes visant \u00e0 r\u00e9duire les pertes d&rsquo;eau dans l&rsquo;agriculture et \u00e0 renforcer la r\u00e9tention sont abord\u00e9es de mani\u00e8re plus approfondie dans la section <mdspan datatext=\"el1775135987761\" class=\"mdspan-comment\">R\u00e9tention d&rsquo;eau<\/mdspan>.<\/p>\n\n\n\n<div style=\"height:21px\" aria-hidden=\"true\" class=\"wp-block-spacer\"><\/div>\n<\/div>\n<\/div>\n\n\n\n<p><strong>Indication de la source :<\/strong><\/p>\n\n\n<ol class=\"wp-block-footnotes\"><li id=\"302f12d8-3b98-4b83-a893-6c50ed746bcb\">Liniger HP, 2025. L&rsquo;eau et le microclimat en agriculture. Support du cours \u00ab\u00a0Am\u00e9liorer le cycle de l&rsquo;eau en agriculture\u00a0\u00bb, AGRIDEA, 28.01.2025   <a href=\"#302f12d8-3b98-4b83-a893-6c50ed746bcb-link\" aria-label=\"Aller \u00e0 la note de bas de page 1\">\u21a9\ufe0e<\/a><\/li><li id=\"cbc7b4b7-6288-4131-987a-a42f15c39907\">Denise L, <a href=\"https:\/\/wiki.tripleperformance.fr\/wiki\/Cycle_de_l%27eau#cite_note-1\" target=\"_blank\" rel=\"noreferrer noopener\">Cycle de l&rsquo;eau &#8211; Triple Performance<\/a> <a href=\"#cbc7b4b7-6288-4131-987a-a42f15c39907-link\" aria-label=\"Aller \u00e0 la note de bas de page 2\">\u21a9\ufe0e<\/a><\/li><li id=\"5696cf59-e0dd-4978-9ca0-dbe3edb99c28\">Scheub U, Schwarzer S, 2023. Aufb\u00e4umen gegen die D\u00fcrre. Oekom Verlag, M\u00fcnchen, 272 S. ISBN: 978-3-98726-020-9   <a href=\"#5696cf59-e0dd-4978-9ca0-dbe3edb99c28-link\" aria-label=\"Aller \u00e0 la note de bas de page 3\">\u21a9\ufe0e<\/a><\/li><\/ol>\n\n\n<div style=\"height:48px\" aria-hidden=\"true\" class=\"wp-block-spacer\"><\/div>\n\n\n\n<p class=\"has-normal-font-size\" id=\"block-d2044485-f20d-4f6e-8dcf-329e43063986\">Vous trouverez ici des livres, des articles et des contributions num\u00e9riques sur le th\u00e8me du cycle de l&rsquo;eau.  <\/p>\n\n\n\n<div class=\"wp-block-getwid-accordion has-icon-left\" data-active-element=\"none\">\n<div class=\"wp-block-getwid-accordion__header-wrapper\"><span class=\"wp-block-getwid-accordion__header\"><a href=\"#\"><span class=\"wp-block-getwid-accordion__header-title\">Livres<\/span><span class=\"wp-block-getwid-accordion__icon is-active\"><i class=\"fas fa-plus\"><\/i><\/span><span class=\"wp-block-getwid-accordion__icon is-passive\"><i class=\"fas fa-minus\"><\/i><\/span><\/a><\/span><\/div><div class=\"wp-block-getwid-accordion__content-wrapper\"><div class=\"wp-block-getwid-accordion__content\">\n<p class=\"has-normal-font-size\">Pointereau P. (Solagro) et al., 2000. Station de recherche Agroscope Reckenholz-T\u00e4nikon ART, Suisse, en collaboration avec le Nieder\u00f6sterreichische Agrarbezirksbeh\u00f6rde, Autriche, the national trust for Ireland AnTaisce, Dublin, et le Fondo Patrimonio Natural Europeo, Madrid, 2000. <a href=\"https:\/\/ira.agroscope.ch\/de-CH\/publication\/18695\" target=\"_blank\" rel=\"noreferrer noopener\">Arbres, haies et eau &#8211; L&rsquo;importance des bois pour le r\u00e9gime des eaux dans les paysages agricoles<\/a>. ISBN : 2-9509837-2-3. Solagro France. 2e trimestre, 2000, 36 p. Acc\u00e8s le 22.10.2025 en allemand.<\/p>\n\n\n\n<p class=\"has-normal-font-size\">Vissac Marl\u00e8ne. 2025. <a href=\"https:\/\/www.fr.fnac.ch\/a21128922\/Marlene-Vissac-Cultiver-l-eau-verte-pour-restaurer-l-eau-bleue-et-augmenter-la-resilience-hydrique-des-agrosystemes\" target=\"_blank\" rel=\"noreferrer noopener\">Hydronomie. Cultiver l&rsquo;eau verte pour restaurer l&rsquo;eau bleue et augmenter la r\u00e9silience hydrique des agrosyst\u00e8mes<\/a>. 240p., Edition: <br>Le Bord De L&rsquo;eau Eds. EAN: 9782385191382.<\/p>\n\n\n\n<p class=\"has-normal-font-size\">Il n&rsquo;existe pas de technologie pour cr\u00e9er la pluie, sur les zones continentales ce r\u00f4le revient aux v\u00e9g\u00e9taux. Encore faut-il bien s\u00fbr que ces organismes puissent survivre aux al\u00e9as climatiques dont les sols sont de grands acteurs. Eux seuls peuvent pourvoir aux besoins hydriques des v\u00e9g\u00e9taux, eux seuls permettent le remplissage des nappes et des cours d&rsquo;eau. Sur une plan\u00e8te aux ressources limit\u00e9es, l&rsquo;eau doit enfin \u00eatre consid\u00e9r\u00e9e comme un matrimoine commun. C&rsquo;est pourquoi, pour que notre relation \u00e0 l&rsquo;eau \u00e9volue, il devient vital d&rsquo;appr\u00e9hender les fonctionnements et caract\u00e9ristiques de l&rsquo;eau, pour restaurer l&rsquo;eau bleue en cultivant l&rsquo;eau verte. <\/p>\n<\/div><\/div>\n\n\n\n<div class=\"wp-block-getwid-accordion__header-wrapper\"><span class=\"wp-block-getwid-accordion__header\"><a href=\"#\"><span class=\"wp-block-getwid-accordion__header-title\">Articles<\/span><span class=\"wp-block-getwid-accordion__icon is-active\"><i class=\"fas fa-plus\"><\/i><\/span><span class=\"wp-block-getwid-accordion__icon is-passive\"><i class=\"fas fa-minus\"><\/i><\/span><\/a><\/span><\/div><div class=\"wp-block-getwid-accordion__content-wrapper\"><div class=\"wp-block-getwid-accordion__content\">\n<p class=\"has-normal-font-size\">Ellison D., Morris C.E., Locatelli B., Sheil D., Cohen J., Murdiyarso D., Gutierrez V., van Noordwijk M., Creed I.F., Pokorny J., Gaveau D., Spracklen D.V., Bargu\u00e9s Tobella A, Ilstedt U., Teuling A.J., Gebreyohannis Gebrehiwot S., Sands D.C., Muys B., Verbist B., Springgay E., Sullivan C.A., 2017 Trees, forests and water : Cool insights for a hot world. <a href=\"https:\/\/www.sciencedirect.com\/science\/article\/pii\/S0959378017300134?via%3Dihub\" target=\"_blank\" rel=\"noreferrer noopener\">Global Environmental Change, Vol. 43, March 2017, P. 51-61<\/a><\/p>\n\n\n\n<p class=\"has-normal-font-size\">Schwarzer S., 2021, Travailler avec les plantes, les sols et l\u2018eau pour refroidir le climat et r\u00e9hydrater les paysages de la Terre. <a href=\"https:\/\/wedocs.unep.org\/rest\/api\/core\/bitstreams\/f87c2c61-b862-4c49-8a06-a6c78d8a287e\/content\" target=\"_blank\" rel=\"noreferrer noopener\">Note Prospective N\u00b0 025 juillet 2021<\/a><\/p>\n<\/div><\/div>\n\n\n\n<div class=\"wp-block-getwid-accordion__header-wrapper\"><span class=\"wp-block-getwid-accordion__header\"><a href=\"#\"><span class=\"wp-block-getwid-accordion__header-title\">Vid\u00e9os<\/span><span class=\"wp-block-getwid-accordion__icon is-active\"><i class=\"fas fa-plus\"><\/i><\/span><span class=\"wp-block-getwid-accordion__icon is-passive\"><i class=\"fas fa-minus\"><\/i><\/span><\/a><\/span><\/div><div class=\"wp-block-getwid-accordion__content-wrapper\"><div class=\"wp-block-getwid-accordion__content\">\n<p class=\"has-normal-font-size\"><strong>Fran\u00e7ais<\/strong><\/p>\n\n\n\n<p class=\"has-normal-font-size\">Ricard S., Charbonnier C., 2024. Webinaire \u00ab\u00a0Comprendre l&rsquo;hydrologie r\u00e9g\u00e9n\u00e9rative\u00a0\u00bb. <a href=\"https:\/\/www.youtube.com\/live\/RUeIp85XYIY\" target=\"_blank\" rel=\"noreferrer noopener\">Vid\u00e9o<\/a><\/p>\n\n\n\n<p class=\"has-normal-font-size\"><strong>Allemand<\/strong><\/p>\n\n\n\n<p class=\"has-normal-font-size\">Liniger HP et Askrabic J., 2025. <a href=\"https:\/\/www.youtube.com\/watch?v=kbjKWBaEdXM\" target=\"_blank\" rel=\"noreferrer noopener\">La terre chaude n&rsquo;est pas \u00ab\u00a0cool\u00a0\u00bb<\/a>. Vid\u00e9o, consult\u00e9e le 30.01.2026<\/p>\n\n\n\n<p class=\"has-normal-font-size\">Schwarzer S., 2021. Planter de l&rsquo;eau &#8211; Utiliser la v\u00e9g\u00e9tation et les sols pour renforcer les petits cycles de l&rsquo;eau et refroidir le climat.   <a href=\"https:\/\/www.youtube.com\/watch?v=iEbagOJcxvE\" target=\"_blank\" rel=\"noreferrer noopener\">Vid\u00e9o<\/a><\/p>\n\n\n\n<p class=\"has-normal-font-size\"><strong>Anglais<\/strong><\/p>\n\n\n\n<p class=\"has-normal-font-size\">Water Stories, 2023. Restauration du cycle de l&rsquo;eau &#8211; Histoires.   <a href=\"https:\/\/www.waterstories.com\/stories?category=all\" target=\"_blank\" rel=\"noreferrer noopener\">Diverses vid\u00e9os en anglais<\/a><\/p>\n<\/div><\/div>\n<\/div>\n\n\n\n<div style=\"height:21px\" aria-hidden=\"true\" class=\"wp-block-spacer\"><\/div>\n\n\n\n<p>Photo : Hanspeter Liniger<\/p>\n\n\n\n<hr class=\"wp-block-separator has-alpha-channel-opacity\"\/>\n\n\n\n<p class=\"has-normal-font-size\">Nous acceptons volontiers vos contributions, remarques, compl\u00e9ments, suggestions et commentaires <a href=\"https:\/\/agripedia.ch\/forum-wasser-landwirtschaft\/fr\/contact\/\" target=\"_blank\" rel=\"noreferrer noopener\">ici<\/a>.<\/p>\n\n\n\n<p><\/p>\n","protected":false},"excerpt":{"rendered":"<p>Introduction Le climat a une influence sur le cycle de l&rsquo;eau, tout comme le cycle de l&rsquo;eau a une influence sur le climat. Le cycle de l&rsquo;eau change en fonction de la mani\u00e8re dont la terre est utilis\u00e9e. La pluie tombe soit \u00e0 proximit\u00e9, o\u00f9 l&rsquo;eau est disponible par transpiration, soit tr\u00e8s loin, car l&rsquo;humidit\u00e9 [&hellip;]<\/p>\n","protected":false},"author":1221,"featured_media":62460,"parent":0,"menu_order":0,"comment_status":"closed","ping_status":"closed","template":"","meta":{"_sb_is_suggestion_mode":false,"_sb_show_suggestion_boards":false,"_sb_show_comment_boards":false,"_sb_suggestion_history":"","_sb_update_block_changes":"","om_disable_all_campaigns":false,"advgb_blocks_editor_width":"","advgb_blocks_columns_visual_guide":"","_monsterinsights_skip_tracking":false,"_monsterinsights_sitenote_active":false,"_monsterinsights_sitenote_note":"","_monsterinsights_sitenote_category":0,"footnotes":"[{\"content\":\"Liniger HP, 2025. L'eau et le microclimat en agriculture. Support du cours \\\"Am\u00e9liorer le cycle de l'eau en agriculture\\\", AGRIDEA, 28.01.2025  \",\"id\":\"302f12d8-3b98-4b83-a893-6c50ed746bcb\"},{\"content\":\"Denise L, <a href=\\\"https:\/\/wiki.tripleperformance.fr\/wiki\/Cycle_de_l%27eau#cite_note-1\\\" target=\\\"_blank\\\" rel=\\\"noreferrer noopener\\\">Cycle de l'eau - Triple Performance<\/a>\",\"id\":\"cbc7b4b7-6288-4131-987a-a42f15c39907\"},{\"content\":\"Scheub U, Schwarzer S, 2023. Aufb\u00e4umen gegen die D\u00fcrre. Oekom Verlag, M\u00fcnchen, 272 S. ISBN: 978-3-98726-020-9  \",\"id\":\"5696cf59-e0dd-4978-9ca0-dbe3edb99c28\"}]"},"class_list":["post-63339","page","type-page","status-publish","has-post-thumbnail","hentry"],"coauthors":[],"author_meta":{"author_link":"https:\/\/agripedia.ch\/forum-wasser-landwirtschaft\/fr\/author\/mba2\/","display_name":"mba2"},"relative_dates":{"created":"Publi\u00e9 2 mois il y a","modified":"Mis \u00e0 jour 1 semaine il y a"},"absolute_dates":{"created":"Publi\u00e9 le 16 f\u00e9vrier 2026","modified":"Mise \u00e0 jour le 2 avril 2026"},"absolute_dates_time":{"created":"Publi\u00e9 le 16 f\u00e9vrier 2026 15h11","modified":"Mise \u00e0 jour le 2 avril 2026 15h41"},"featured_img_caption":"","featured_img":"https:\/\/agripedia.ch\/forum-wasser-landwirtschaft\/wp-content\/uploads\/sites\/64\/2025\/12\/Evaporation-1200x646.jpg","series_order":"","_links":{"self":[{"href":"https:\/\/agripedia.ch\/forum-wasser-landwirtschaft\/fr\/wp-json\/wp\/v2\/pages\/63339","targetHints":{"allow":["GET"]}}],"collection":[{"href":"https:\/\/agripedia.ch\/forum-wasser-landwirtschaft\/fr\/wp-json\/wp\/v2\/pages"}],"about":[{"href":"https:\/\/agripedia.ch\/forum-wasser-landwirtschaft\/fr\/wp-json\/wp\/v2\/types\/page"}],"author":[{"embeddable":true,"href":"https:\/\/agripedia.ch\/forum-wasser-landwirtschaft\/fr\/wp-json\/wp\/v2\/users\/1221"}],"replies":[{"embeddable":true,"href":"https:\/\/agripedia.ch\/forum-wasser-landwirtschaft\/fr\/wp-json\/wp\/v2\/comments?post=63339"}],"version-history":[{"count":31,"href":"https:\/\/agripedia.ch\/forum-wasser-landwirtschaft\/fr\/wp-json\/wp\/v2\/pages\/63339\/revisions"}],"predecessor-version":[{"id":64241,"href":"https:\/\/agripedia.ch\/forum-wasser-landwirtschaft\/fr\/wp-json\/wp\/v2\/pages\/63339\/revisions\/64241"}],"wp:featuredmedia":[{"embeddable":true,"href":"https:\/\/agripedia.ch\/forum-wasser-landwirtschaft\/fr\/wp-json\/wp\/v2\/media\/62460"}],"wp:attachment":[{"href":"https:\/\/agripedia.ch\/forum-wasser-landwirtschaft\/fr\/wp-json\/wp\/v2\/media?parent=63339"}],"curies":[{"name":"wp","href":"https:\/\/api.w.org\/{rel}","templated":true}]}}