{"id":63337,"date":"2026-02-16T15:11:22","date_gmt":"2026-02-16T14:11:22","guid":{"rendered":"https:\/\/agripedia.ch\/forum-wasser-landwirtschaft\/eau-collecte-recyclage-qualite\/"},"modified":"2026-04-01T15:49:12","modified_gmt":"2026-04-01T13:49:12","slug":"eau-collecte-recyclage-qualite","status":"publish","type":"page","link":"https:\/\/agripedia.ch\/forum-wasser-landwirtschaft\/fr\/eau-collecte-recyclage-qualite\/","title":{"rendered":"Eau : collecte, recyclage, qualit\u00e9"},"content":{"rendered":"\n<p class=\"has-normal-font-size\">Pour pouvoir remplir des r\u00e9servoirs d&rsquo;eau, il faut d&rsquo;abord collecter l&rsquo;eau. L&rsquo;id\u00e9al est de compl\u00e9ter cette activit\u00e9 par une utilisation efficace de l&rsquo;eau, en l&rsquo;\u00e9conomisant et en l&rsquo;utilisant si possible plusieurs fois avant qu&rsquo;elle ne soit rejet\u00e9e dans les \u00e9gouts. Le recyclage de l&rsquo;eau et la qualit\u00e9 de l&rsquo;eau compl\u00e8tent les connaissances sur les th\u00e8mes li\u00e9s \u00e0 l&rsquo;eau dans la maison, la cour et le jardin.  <\/p>\n\n\n\n<p class=\"has-larger-font-size\"><strong>Collecte de l&rsquo;eau<\/strong><\/p>\n\n\n\n<p class=\"has-normal-font-size\">L&rsquo;eau peut \u00eatre collect\u00e9e \u00e0 partir de diff\u00e9rentes sources : eau de pluie, cours d&rsquo;eau, eau du robinet, neige et eau de drainage. Les conditions-cadres (qualit\u00e9, disponibilit\u00e9, prix, autorisations, installations) varient en fonction de la source.<\/p>\n\n\n\n<p class=\"has-normal-font-size\"><strong>Informations<\/strong><\/p>\n\n\n\n<p class=\"has-normal-font-size\"><strong>Allemand<\/strong>:<\/p>\n\n\n\n<p class=\"has-normal-font-size\">Ripalgo AG, 2026. <a href=\"https:\/\/ripalgo.ch\/blog\/detail\/regenwasser-sammeln-verboten-diese-regeln-gelten-in-der-schweiz\" target=\"_blank\" rel=\"noreferrer noopener\">Regenwasser sammeln verboten? Diese Regeln gelten in der Schweiz<\/a>. Collecter l&rsquo;eau de pluie est-il interdit ? Ces r\u00e8gles s&rsquo;appliquent en Suisse. <br>Peut-on utiliser l&rsquo;eau de pluie, gratuite et parfois disponible en grande quantit\u00e9, comme alternative pour le jardin, la maison et l&rsquo;entreprise ?<\/p>\n\n\n\n<div style=\"height:21px\" aria-hidden=\"true\" class=\"wp-block-spacer\"><\/div>\n\n\n\n<p class=\"has-larger-font-size\"><strong>Recyclage de l&rsquo;eau<\/strong><\/p>\n\n\n\n<p class=\"has-normal-font-size\">La r\u00e9utilisation de l&rsquo;eau est un sujet relativement nouveau chez nous, mais elle est pratiqu\u00e9e depuis plus longtemps dans les pays qui souffrent davantage de p\u00e9nurie d&rsquo;eau. Elle fait appel \u00e0 diff\u00e9rents types de filtres \u00e0 eau et de syst\u00e8mes de transport.   <\/p>\n\n\n\n<p class=\"has-normal-font-size\"><strong>Informations<\/strong><\/p>\n\n\n\n<p class=\"has-normal-font-size\"><strong>Fran\u00e7ais:<\/strong><\/p>\n\n\n\n<p class=\"has-normal-font-size\">Eawag, 2023. <a href=\"https:\/\/www.eawag.ch\/fileadmin\/Domain1\/Infoportal\/fokus\/ress_k\/hausgrafik_f.png\" target=\"_blank\" rel=\"noreferrer noopener\">Syst\u00e8mes d&rsquo;assainissement ax\u00e9s sur les ressources<\/a>. \u00c9conomie circulaire avec les eaux us\u00e9es. Brochure sur le sujet. <a href=\"https:\/\/www.eawag.ch\/fr\/portail\/dinfo\/en-lumiere\/exploitation-decentralisee-des-ressources-issues-des-eaux-usees\/\" target=\"_blank\" rel=\"noreferrer noopener\">Exploitation d\u00e9centralis\u00e9e des ressources issues des eaux us\u00e9es<\/a>. Site web.<\/p>\n\n\n\n<p class=\"has-normal-font-size\"><strong>Allemand:<\/strong><\/p>\n\n\n\n<p class=\"has-normal-font-size\">Eawag 2026. <a href=\"https:\/\/www.eawag.ch\/fileadmin\/Domain1\/Beratung\/Beratung_Wissenstransfer\/Publ_Praxis\/Faktenblaetter\/sanitaere_systeme_dez2025_d.pdf\" target=\"_blank\" rel=\"noreferrer noopener\">Entwicklung und Management sanit\u00e4rer Systeme<\/a>. D\u00e9veloppement et gestion des syst\u00e8mes d&rsquo;assainissement. Fiche d&rsquo;information.<\/p>\n\n\n\n<div style=\"height:21px\" aria-hidden=\"true\" class=\"wp-block-spacer\"><\/div>\n\n\n\n<p class=\"has-larger-font-size\"><strong>Qualit\u00e9 de l&rsquo;eau<\/strong><\/p>\n\n\n\n<p class=\"has-normal-font-size\">Selon l&rsquo;utilisation de l&rsquo;eau, qu&rsquo;elle soit destin\u00e9e \u00e0 l&rsquo;abreuvement, \u00e0 l&rsquo;irrigation, au nettoyage des \u00e9tables ou \u00e0 un usage domestique, il convient de veiller \u00e0 sa qualit\u00e9 et \u00e0 la r\u00e9glementation locale.<\/p>\n\n\n\n<p class=\"has-normal-font-size\"><strong>Informations<\/strong><\/p>\n\n\n\n<p class=\"has-normal-font-size\">Eawag, 2021. <a href=\"https:\/\/agripedia.ch\/forum-wasser-landwirtschaft\/wp-content\/uploads\/sites\/64\/2026\/03\/fi_eauxgrises_0221.pdf\" target=\"_blank\" rel=\"noreferrer noopener\">Eaux grises<\/a>. Fact sheet f\u00e9vrier 2021.<\/p>\n\n\n\n<p class=\"has-normal-font-size\">Knabl M.A., Rist B., Morgenroth E., 2025. <a href=\"https:\/\/www.aquaetgas.ch\/fr\/eau\/eaux-us%C3%A9es\/20250704-ag7-8-r%C3%A9utilisation-des-eaux-us%C3%A9es-en-suisse\/\" target=\"_blank\" rel=\"noreferrer noopener\">R\u00e9utilisation de l&rsquo;eau &#8211; en Suisse aussi<\/a>. Aqua &amp; Gas Nr. 7+8 \/ 2025<\/p>\n\n\n\n<hr class=\"wp-block-separator has-alpha-channel-opacity\"\/>\n\n\n\n<p class=\"has-normal-font-size\">Nous acceptons volontiers vos contributions, remarques, compl\u00e9ments, suggestions et commentaires <a href=\"https:\/\/agripedia.ch\/forum-wasser-landwirtschaft\/fr\/contact\/\" target=\"_blank\" rel=\"noreferrer noopener\">ici<\/a>.<\/p>\n","protected":false},"excerpt":{"rendered":"<p>Pour pouvoir remplir des r\u00e9servoirs d&rsquo;eau, il faut d&rsquo;abord collecter l&rsquo;eau. L&rsquo;id\u00e9al est de compl\u00e9ter cette activit\u00e9 par une utilisation efficace de l&rsquo;eau, en l&rsquo;\u00e9conomisant et en l&rsquo;utilisant si possible plusieurs fois avant qu&rsquo;elle ne soit rejet\u00e9e dans les \u00e9gouts. Le recyclage de l&rsquo;eau et la qualit\u00e9 de l&rsquo;eau compl\u00e8tent les connaissances sur les th\u00e8mes [&hellip;]<\/p>\n","protected":false},"author":234,"featured_media":63211,"parent":0,"menu_order":0,"comment_status":"closed","ping_status":"closed","template":"","meta":{"_sb_is_suggestion_mode":false,"_sb_show_suggestion_boards":false,"_sb_show_comment_boards":false,"_sb_suggestion_history":"","_sb_update_block_changes":"","om_disable_all_campaigns":false,"advgb_blocks_editor_width":"","advgb_blocks_columns_visual_guide":"","_monsterinsights_skip_tracking":false,"_monsterinsights_sitenote_active":false,"_monsterinsights_sitenote_note":"","_monsterinsights_sitenote_category":0,"footnotes":""},"class_list":["post-63337","page","type-page","status-publish","has-post-thumbnail","hentry"],"coauthors":[{"link":"https:\/\/agripedia.ch\/forum-wasser-landwirtschaft\/fr\/author\/dal0\/","display_name":"dal0"}],"author_meta":{"author_link":"https:\/\/agripedia.ch\/forum-wasser-landwirtschaft\/fr\/author\/dal0\/","display_name":"dal0"},"relative_dates":{"created":"Publi\u00e9 2 mois il y a","modified":"Mis \u00e0 jour 1 semaine il y a"},"absolute_dates":{"created":"Publi\u00e9 le 16 f\u00e9vrier 2026","modified":"Mise \u00e0 jour le 1 avril 2026"},"absolute_dates_time":{"created":"Publi\u00e9 le 16 f\u00e9vrier 2026 15h11","modified":"Mise \u00e0 jour le 1 avril 2026 15h49"},"featured_img_caption":"","featured_img":"https:\/\/agripedia.ch\/forum-wasser-landwirtschaft\/wp-content\/uploads\/sites\/64\/2026\/02\/20240926_150519-1200x1600.jpg","series_order":"","_links":{"self":[{"href":"https:\/\/agripedia.ch\/forum-wasser-landwirtschaft\/fr\/wp-json\/wp\/v2\/pages\/63337","targetHints":{"allow":["GET"]}}],"collection":[{"href":"https:\/\/agripedia.ch\/forum-wasser-landwirtschaft\/fr\/wp-json\/wp\/v2\/pages"}],"about":[{"href":"https:\/\/agripedia.ch\/forum-wasser-landwirtschaft\/fr\/wp-json\/wp\/v2\/types\/page"}],"author":[{"embeddable":true,"href":"https:\/\/agripedia.ch\/forum-wasser-landwirtschaft\/fr\/wp-json\/wp\/v2\/users\/234"}],"replies":[{"embeddable":true,"href":"https:\/\/agripedia.ch\/forum-wasser-landwirtschaft\/fr\/wp-json\/wp\/v2\/comments?post=63337"}],"version-history":[{"count":18,"href":"https:\/\/agripedia.ch\/forum-wasser-landwirtschaft\/fr\/wp-json\/wp\/v2\/pages\/63337\/revisions"}],"predecessor-version":[{"id":64160,"href":"https:\/\/agripedia.ch\/forum-wasser-landwirtschaft\/fr\/wp-json\/wp\/v2\/pages\/63337\/revisions\/64160"}],"wp:featuredmedia":[{"embeddable":true,"href":"https:\/\/agripedia.ch\/forum-wasser-landwirtschaft\/fr\/wp-json\/wp\/v2\/media\/63211"}],"wp:attachment":[{"href":"https:\/\/agripedia.ch\/forum-wasser-landwirtschaft\/fr\/wp-json\/wp\/v2\/media?parent=63337"}],"curies":[{"name":"wp","href":"https:\/\/api.w.org\/{rel}","templated":true}]}}