{"id":63335,"date":"2026-02-16T15:11:10","date_gmt":"2026-02-16T14:11:10","guid":{"rendered":"https:\/\/agripedia.ch\/forum-wasser-landwirtschaft\/sensibilisation-de-la-population\/"},"modified":"2026-03-30T16:06:14","modified_gmt":"2026-03-30T14:06:14","slug":"sensibilisation-de-la-population","status":"publish","type":"page","link":"https:\/\/agripedia.ch\/forum-wasser-landwirtschaft\/fr\/sensibilisation-de-la-population\/","title":{"rendered":"Sensibilisation de la population"},"content":{"rendered":"\n<p class=\"has-normal-font-size\">Vous trouverez ici des informations sur les organisations qui \u0153uvrent pour la sensibilisation de tous au th\u00e8me de l&rsquo;eau. Plus les connaissances de la population sont \u00e9tendues, notamment en ce qui concerne l&rsquo;agriculture, plus cette ressource vitale peut \u00eatre prot\u00e9g\u00e9e et r\u00e9partie \u00e9quitablement. <\/p>\n\n\n\n<div style=\"height:21px\" aria-hidden=\"true\" class=\"wp-block-spacer\"><\/div>\n\n\n\n<p class=\"has-normal-font-size\"><strong>Agenda 21 pour l&rsquo;eau :<\/strong> forum et r\u00e9seau des acteurs de la gestion de l&rsquo;eau en Suisse. <a href=\"https:\/\/wa21.ch\/fr\/themes\/gestion-des-eaux\/charte\/\" target=\"_blank\" rel=\"noreferrer noopener\">Charte<\/a><\/p>\n\n\n\n<p class=\"has-normal-font-size\"><strong>Aqua viva :<\/strong> Anw\u00e4ltin der Gew\u00e4sser, <a href=\"https:\/\/aquaviva.ch\/de\/engagement\/anwaeltin\" target=\"_blank\" rel=\"noreferrer noopener\">avocate des eaux<\/a>, s&rsquo;engage pour la protection des eaux.<\/p>\n\n\n\n<p class=\"has-normal-font-size\"><strong>Biblioth\u00e8que mondiale de l&rsquo;eau :<\/strong> Welt Wasser Bibliothek. La <a href=\"https:\/\/www.weltwasserbibliothek.ch\/\" target=\"_blank\" rel=\"noreferrer noopener\">biblioth\u00e8que mondiale de l&rsquo;eau<\/a> permet de s&rsquo;immerger dans le monde de l&rsquo;eau avec tous ses sens et d&rsquo;en saisir la signification. Elle associe le savoir \u00e0 la litt\u00e9rature et \u00e0 l&rsquo;art.<\/p>\n\n\n\n<p class=\"has-normal-font-size\"><strong>R\u00e9seauEau.ch :<\/strong> <a href=\"https:\/\/www.reseaudeau.ch\/\" target=\"_blank\" rel=\"noreferrer noopener\">R\u00e9seau suisse d&rsquo;\u00e9ducation sur l&rsquo;eau<\/a><\/p>\n\n\n\n<p class=\"has-normal-font-size\"><strong><strong>R\u00e9seau <\/strong>terre \u00e9ponge:<\/strong> \u00a0Le <a href=\"https:\/\/wa21.ch\/fr\/portrait\/platformes\/reseau-terre-eponge\/\" target=\"_blank\" rel=\"noreferrer noopener\">r\u00e9seau terre \u00e9ponge<\/a> fait partie de l\u2019Agenda 21 pour l\u2019eau. Il soutient une coop\u00e9ration efficace entre les autorit\u00e9s, les praticiens, les chercheurs et d\u2019autres acteurs dans le domaine de la gestion de l\u2019eau adapt\u00e9e au climat dans les zones rurales.\u00a0<\/p>\n\n\n\n<p class=\"has-normal-font-size\"><strong>Schwammland.ch:<\/strong> Gemeinsam zu lebendigen, schwammf\u00e4higen Landschaften. <a href=\"https:\/\/schwammland.ch\/\" target=\"_blank\" rel=\"noreferrer noopener\">Ensemble vers des paysages vivants et spongieux<\/a>. Schwammland est l&rsquo;espace central de connaissances et de participation pour l&rsquo;adaptation climatique bas\u00e9e sur la nature dans les zones rurales.<\/p>\n\n\n\n<hr class=\"wp-block-separator has-alpha-channel-opacity\"\/>\n\n\n\n<p class=\"has-normal-font-size\">Nous acceptons volontiers vos contributions, remarques, compl\u00e9ments, suggestions et commentaires <a href=\"https:\/\/agripedia.ch\/forum-wasser-landwirtschaft\/fr\/contact\/\" target=\"_blank\" rel=\"noreferrer noopener\">ici <\/a>.<\/p>\n","protected":false},"excerpt":{"rendered":"<p>Vous trouverez ici des informations sur les organisations qui \u0153uvrent pour la sensibilisation de tous au th\u00e8me de l&rsquo;eau. Plus les connaissances de la population sont \u00e9tendues, notamment en ce qui concerne l&rsquo;agriculture, plus cette ressource vitale peut \u00eatre prot\u00e9g\u00e9e et r\u00e9partie \u00e9quitablement. Agenda 21 pour l&rsquo;eau : forum et r\u00e9seau des acteurs de la [&hellip;]<\/p>\n","protected":false},"author":234,"featured_media":63092,"parent":0,"menu_order":0,"comment_status":"closed","ping_status":"closed","template":"","meta":{"_sb_is_suggestion_mode":false,"_sb_show_suggestion_boards":false,"_sb_show_comment_boards":false,"_sb_suggestion_history":"","_sb_update_block_changes":"","om_disable_all_campaigns":false,"advgb_blocks_editor_width":"","advgb_blocks_columns_visual_guide":"","_monsterinsights_skip_tracking":false,"_monsterinsights_sitenote_active":false,"_monsterinsights_sitenote_note":"","_monsterinsights_sitenote_category":0,"footnotes":""},"class_list":["post-63335","page","type-page","status-publish","has-post-thumbnail","hentry"],"coauthors":[{"link":"https:\/\/agripedia.ch\/forum-wasser-landwirtschaft\/fr\/author\/dal0\/","display_name":"dal0"}],"author_meta":{"author_link":"https:\/\/agripedia.ch\/forum-wasser-landwirtschaft\/fr\/author\/dal0\/","display_name":"dal0"},"relative_dates":{"created":"Publi\u00e9 2 mois il y a","modified":"Mis \u00e0 jour 2 semaines il y a"},"absolute_dates":{"created":"Publi\u00e9 le 16 f\u00e9vrier 2026","modified":"Mise \u00e0 jour le 30 mars 2026"},"absolute_dates_time":{"created":"Publi\u00e9 le 16 f\u00e9vrier 2026 15h11","modified":"Mise \u00e0 jour le 30 mars 2026 16h06"},"featured_img_caption":"","featured_img":"https:\/\/agripedia.ch\/forum-wasser-landwirtschaft\/wp-content\/uploads\/sites\/64\/2026\/02\/Alpexkursion2-1200x900.jpg","series_order":"","_links":{"self":[{"href":"https:\/\/agripedia.ch\/forum-wasser-landwirtschaft\/fr\/wp-json\/wp\/v2\/pages\/63335","targetHints":{"allow":["GET"]}}],"collection":[{"href":"https:\/\/agripedia.ch\/forum-wasser-landwirtschaft\/fr\/wp-json\/wp\/v2\/pages"}],"about":[{"href":"https:\/\/agripedia.ch\/forum-wasser-landwirtschaft\/fr\/wp-json\/wp\/v2\/types\/page"}],"author":[{"embeddable":true,"href":"https:\/\/agripedia.ch\/forum-wasser-landwirtschaft\/fr\/wp-json\/wp\/v2\/users\/234"}],"replies":[{"embeddable":true,"href":"https:\/\/agripedia.ch\/forum-wasser-landwirtschaft\/fr\/wp-json\/wp\/v2\/comments?post=63335"}],"version-history":[{"count":8,"href":"https:\/\/agripedia.ch\/forum-wasser-landwirtschaft\/fr\/wp-json\/wp\/v2\/pages\/63335\/revisions"}],"predecessor-version":[{"id":64143,"href":"https:\/\/agripedia.ch\/forum-wasser-landwirtschaft\/fr\/wp-json\/wp\/v2\/pages\/63335\/revisions\/64143"}],"wp:featuredmedia":[{"embeddable":true,"href":"https:\/\/agripedia.ch\/forum-wasser-landwirtschaft\/fr\/wp-json\/wp\/v2\/media\/63092"}],"wp:attachment":[{"href":"https:\/\/agripedia.ch\/forum-wasser-landwirtschaft\/fr\/wp-json\/wp\/v2\/media?parent=63335"}],"curies":[{"name":"wp","href":"https:\/\/api.w.org\/{rel}","templated":true}]}}