{"id":63333,"date":"2026-02-16T15:11:07","date_gmt":"2026-02-16T14:11:07","guid":{"rendered":"https:\/\/agripedia.ch\/forum-wasser-landwirtschaft\/evenements\/"},"modified":"2026-04-09T15:06:11","modified_gmt":"2026-04-09T13:06:11","slug":"evenements","status":"publish","type":"page","link":"https:\/\/agripedia.ch\/forum-wasser-landwirtschaft\/fr\/evenements\/","title":{"rendered":"\u00c9v\u00e9nements"},"content":{"rendered":"    \n<div class=\"wp-block-agripedia-impressum\" >\n    \n    <div class=\"agripedia-box-header\">\n            <\/div>\n\n    <div class=\"agripedia-box-content\">\n        \n\n<h4 class=\"wp-block-heading\">2026<\/h4>\n\n\n\n<div style=\"height:21px\" aria-hidden=\"true\" class=\"wp-block-spacer\"><\/div>\n\n\n\n<p><strong>JUIN<\/strong><\/p>\n\n\n\n<div style=\"height:21px\" aria-hidden=\"true\" class=\"wp-block-spacer\"><\/div>\n\n\n\n<p><strong>2 au 5 juin 2026<\/strong><\/p>\n\n\n\n<p><strong>Soil Evolution<\/strong><\/p>\n\n\n\n<p>La manifestation sp\u00e9cialis\u00e9e dans la fertilit\u00e9 et la structure des sols dans les pays germanophones<\/p>\n\n\n\n<p><strong>Lieu :<\/strong> Gurten, Berne<\/p>\n\n\n\n<p><strong>Langue :<\/strong> Allemand<\/p>\n\n\n\n<p>Vous trouverez le programme <a href=\"https:\/\/bern.e-vent.online\/web\/FILE\/GetFile\/2338eee6-16e1-4ce8-b886-a32f9d749e12\/Programm26_Deutsch.pdf?idLayout=BFB4A5A1585F4758B9B4A1625D6E6E42&amp;idSession=bf94b8c8-4458-494f-ac16-a23a3a90ffbf\" target=\"_blank\" rel=\"noreferrer noopener\">ici<\/a>.<\/p>\n\n\n\n<p><strong>Informations et inscription :<\/strong> <a href=\"https:\/\/soilevolution.com\/\" target=\"_blank\" rel=\"noreferrer noopener\">soilevolution<\/a><\/p>\n\n\n\n<div style=\"height:21px\" aria-hidden=\"true\" class=\"wp-block-spacer\"><\/div>\n\n\n\n<p><strong>Du 10 au 12 juin 2026<\/strong><\/p>\n\n\n\n<p><strong>Feldtage 2026<\/strong><\/p>\n\n\n\n<p><strong>Lieu :<\/strong> Kirchberg BE<\/p>\n\n\n\n<p>Les Feldtage 2026 sont la plus grande manifestation de production v\u00e9g\u00e9tale de Suisse &#8211; un lieu de rencontre pour les agriculteurs, les sp\u00e9cialistes, les chercheurs et tous ceux qui s&rsquo;int\u00e9ressent \u00e0 l&rsquo;avenir de l&rsquo;agriculture. Pendant trois jours, Kirchberg sera plac\u00e9 sous le signe de l&rsquo;innovation, de la pratique et de l&rsquo;\u00e9change de connaissances.<\/p>\n\n\n\n<p><strong>Infos en fran\u00e7ais :<\/strong> <a href=\"https:\/\/www.feldtage.ch\/fr\/\" target=\"_blank\" rel=\"noreferrer noopener\">Feldtage 2026<\/a><\/p>\n\n\n\n<div style=\"height:21px\" aria-hidden=\"true\" class=\"wp-block-spacer\"><\/div>\n\n\n\n<p><strong>SEPTEMBRE<\/strong><\/p>\n\n\n\n<div style=\"height:21px\" aria-hidden=\"true\" class=\"wp-block-spacer\"><\/div>\n\n\n\n<p><strong>17 septembre 2026, toute la journ\u00e9e<\/strong><\/p>\n\n\n\n<p><strong>Journ\u00e9e pour les agriculteur-trice-s sur le th\u00e8me de l&rsquo;eau : focus sur l&rsquo;utilisation de l&rsquo;eau <\/strong>(irrigation, \u00e9pongeage, approvisionnement en eau dans les Alpes)<\/p>\n\n\n\n<p><strong>Lieu :<\/strong> Grangeneuve<\/p>\n\n\n\n<p>Plus d&rsquo;infos \u00e0 venir<\/p>\n\n\n\n<div style=\"height:21px\" aria-hidden=\"true\" class=\"wp-block-spacer\"><\/div>\n\n\n\n<p><strong>24 et 25 septembre 2026, toute la journ\u00e9e <\/strong><\/p>\n\n\n\n<p>Save the Date pour le <strong>Symposium sur l&rsquo;eau de <\/strong> cette ann\u00e9e dans <strong>le Rhin sup\u00e9rieur <\/strong> <\/p>\n\n\n\n<p><strong>Lieu : <\/strong>Strasbourg<\/p>\n\n\n\n<p><a href=\"https:\/\/www.conference-rhin-sup.org\/fr\/environnement\/apercu-des-manifestations\/evenement\/4emes-assises-rhenanes-de-l-eau.html\" target=\"_blank\" rel=\"noreferrer noopener\">Plus d&rsquo;infos \u00e0 venir<\/a><\/p>\n\n\n\n<div class=\"wp-block-buttons is-layout-flex wp-block-buttons-is-layout-flex\">\n<div class=\"wp-block-button\"><a class=\"wp-block-button__link wp-element-button\" href=\"https:\/\/agripedia.ch\/forum-wasser-landwirtschaft\/wp-content\/uploads\/sites\/64\/2026\/01\/Wassersymposium-Oberrhein-2025-Synthese-DE-1.pdf\" target=\"_blank\" rel=\"noreferrer noopener\">R\u00e9trospective 2025<\/a><\/div>\n<\/div>\n\n\n\n<div style=\"height:30px\" aria-hidden=\"true\" class=\"wp-block-spacer\"><\/div>\n\n\n\n<p><strong>OCTOBRE<\/strong><\/p>\n\n\n\n<div style=\"height:21px\" aria-hidden=\"true\" class=\"wp-block-spacer\"><\/div>\n\n\n\n<p><strong>30 octobre 2026<\/strong><\/p>\n\n\n\n<p><strong><strong>R\u00e9union annuelle du Forum pour la gestion durable de l&rsquo;eau en agriculture<\/strong><\/strong><\/p>\n\n\n\n<p>Cette ann\u00e9e, la r\u00e9union annuelle de notre forum aura lieu dans le cadre du SWCP, voir l&rsquo;\u00e9v\u00e9nement suivant.<\/p>\n\n\n\n<p>Des informations sur l&rsquo;inscription suivront.<\/p>\n\n\n\n<div style=\"height:10px\" aria-hidden=\"true\" class=\"wp-block-spacer\"><\/div>\n\n\n\n<p><strong>29 et 30 octobre 2026<\/strong><\/p>\n\n\n\n<p><strong><strong>Swiss Water Climate Forum 2026 &amp; r\u00e9union annuelle du Forum pour la gestion durable de l&rsquo;eau dans l&rsquo;agriculture<\/strong><\/strong><\/p>\n\n\n\n<p><strong>Lieu :<\/strong> Willisau<\/p>\n\n\n\n<p>Sous le th\u00e8me \u00ab\u00a0<strong>L&rsquo;eau dans le paysage<\/strong>\u00ab\u00a0, nous mettrons l&rsquo;accent sur l&rsquo;ensemble du cycle de l&rsquo;eau : de l&rsquo;infiltration dans le sol et du r\u00f4le de la v\u00e9g\u00e9tation aux questions d&rsquo;utilisation, de qualit\u00e9 et de responsabilit\u00e9 d\u00e9mocratique, en passant par les cours d&rsquo;eau et les nappes phr\u00e9atiques. Ensemble, nous discuterons de la mani\u00e8re dont l&rsquo;eau, en tant que base naturelle de la vie et de la production, peut \u00eatre garantie \u00e0 long terme et am\u00e9nag\u00e9e de mani\u00e8re \u00e0 r\u00e9sister au changement climatique. <\/p>\n\n\n\n<p>Le Swiss Water Climate Program (SWCP) est une plateforme nationale d&rsquo;\u00e9change entre la pratique, l&rsquo;administration, la recherche et la soci\u00e9t\u00e9 civile. Le processus SWCP, d&rsquo;une dur\u00e9e de deux ans, combine une pr\u00e9paration structur\u00e9e du projet et une phase de mise en \u0153uvre cibl\u00e9e. <\/p>\n\n\n\n<p>Le forum est <strong>organis\u00e9 sur deux jours<\/strong>:<\/p>\n\n\n\n<ul class=\"wp-block-list\">\n<li><strong>SWCP journ\u00e9e d&rsquo;atelier et de projet (29 octobre 2026).<\/strong>  Le premier jour est consacr\u00e9 \u00e0 un atelier d&rsquo;id\u00e9es commun. Des projets concrets sont d\u00e9velopp\u00e9s et affin\u00e9s dans un cercle restreint de professionnels engag\u00e9s. Le deuxi\u00e8me jour, ces projets sont pr\u00e9sent\u00e9s au public, discut\u00e9s avec lui et r\u00e9compens\u00e9s dans le cadre du SWCP.  <\/li>\n\n\n\n<li><strong>Conf\u00e9rence annuelle du Forum sur la gestion durable de l&rsquo;eau dans l&rsquo;agriculture &amp; <strong>journ\u00e9e publique du Forum SWCP <\/strong>(30 octobre 2026).<\/strong> Cette journ\u00e9e combine les apports techniques et les exemples pratiques de la r\u00e9union annuelle du Forum pour la gestion durable de l&rsquo;eau dans l&rsquo;agriculture avec la m\u00e9thode de travail orient\u00e9e projet du SWCP. Ainsi, \u00ab\u00a0l&rsquo;eau dans le paysage\u00a0\u00bb ne sera pas seulement mise en lumi\u00e8re, mais d\u00e9velopp\u00e9e en commun. Des formats d&rsquo;\u00e9change interactifs et des visites de terrain rendent les solutions concr\u00e8tes et cr\u00e9ent un espace pour de nouvelles id\u00e9es et de nouveaux partenariats.  <\/li>\n<\/ul>\n\n\n\n<p>Les <strong>agriculteurs <\/strong>b\u00e9n\u00e9ficient de frais de participation r\u00e9duits et ont la possibilit\u00e9 de ne participer qu&rsquo;aux <strong>visites de terrain du deuxi\u00e8me jour<\/strong> et de d\u00e9couvrir des exemples concrets de pratiques sur le terrain.  <\/p>\n\n\n\n<p>Pour plus d&rsquo;informations, consultez le <a href=\"https:\/\/che01.safelinks.protection.outlook.com\/?url=https%3A%2F%2Fswisswaterclimateprogram.creation.camp%2F&amp;data=05%7C02%7C%7Cbe0dd69439c6425b3f0508de6aeb45ee%7Cddcc3f51f0b445f2ad261537ea975a48%7C0%7C0%7C639065755880384480%7CUnknown%7CTWFpbGZsb3d8eyJFbXB0eU1hcGkiOnRydWUsIlYiOiIwLjAuMDAwMCIsIlAiOiJXaW4zMiIsIkFOIjoiTWFpbCIsIldUIjoyfQ%3D%3D%7C0%7C%7C%7C&amp;sdata=XFnv2XCPonuaA9EMAd8aHDS27orevmjPmwoEiqMsGm8%3D&amp;reserved=0\" target=\"_blank\" rel=\"noreferrer noopener\">site Web<\/a> du SWCP.<\/p>\n\n\n\n<div style=\"height:21px\" aria-hidden=\"true\" class=\"wp-block-spacer\"><\/div>\n\n\n\n<p><strong>NOVEMBRE<\/strong><\/p>\n\n\n\n<div style=\"height:21px\" aria-hidden=\"true\" class=\"wp-block-spacer\"><\/div>\n\n\n\n<p><strong>11 novembre 2026, toute la journ\u00e9e<\/strong><\/p>\n\n\n\n<p><strong>BlueArk Conf\u00e9rence<\/strong><\/p>\n\n\n\n<p><strong>Lieu :<\/strong> Le Ch\u00e2ble (Verbier)<\/p>\n\n\n\n<p><strong>Langue :<\/strong> Fran\u00e7ais<\/p>\n\n\n\n<p><a href=\"https:\/\/blueark.ch\/conference\/#programme\" target=\"_blank\" rel=\"noreferrer noopener\">Informations<\/a> et inscription<\/p>\n\n\n\n<div style=\"height:23px\" aria-hidden=\"true\" class=\"wp-block-spacer\"><\/div>\n\n    <\/div>\n    \n<\/div>\n\n\n<h3 class=\"wp-block-heading\">R\u00e9trospective des r\u00e9unions annuelles du Forum<\/h3>\n\n\n    \n<div class=\"wp-block-agripedia-impressum\" >\n    \n    <div class=\"agripedia-box-header\">\n            <\/div>\n\n    <div class=\"agripedia-box-content\">\n        \n\n<h4 class=\"wp-block-heading\">2025 <\/h4>\n\n\n\n<p>Gestion de l&rsquo;eau dans les cultures mara\u00eech\u00e8res :<\/p>\n\n\n\n<div class=\"wp-block-buttons is-layout-flex wp-block-buttons-is-layout-flex\">\n<div class=\"wp-block-button\"><a class=\"wp-block-button__link wp-element-button\" href=\"https:\/\/agripedia.ch\/forum-wasser-landwirtschaft\/fr\/reunion-annuelle-2025\/\" target=\"_blank\" rel=\"noreferrer noopener\">R\u00e9union annuelle 2025<\/a><\/div>\n<\/div>\n\n\n\n<div style=\"height:23px\" aria-hidden=\"true\" class=\"wp-block-spacer\"><\/div>\n\n\n\n<h4 class=\"wp-block-heading\">2024<\/h4>\n\n\n\n<p>Projets Arrobroye, Schwammland et donn\u00e9es sur l&rsquo;utilisation de l&rsquo;eau :<\/p>\n\n\n\n<div class=\"wp-block-buttons is-layout-flex wp-block-buttons-is-layout-flex\">\n<div class=\"wp-block-button\"><a class=\"wp-block-button__link wp-element-button\" href=\"https:\/\/agripedia.ch\/forum-wasser-landwirtschaft\/fr\/reunion-annuelle-2024\/\" target=\"_blank\" rel=\"noreferrer noopener\">R\u00e9union annuelle 2024<\/a><\/div>\n<\/div>\n\n\n\n<div style=\"height:23px\" aria-hidden=\"true\" class=\"wp-block-spacer\"><\/div>\n\n    <\/div>\n    \n<\/div>\n\n\n<div style=\"height:23px\" aria-hidden=\"true\" class=\"wp-block-spacer\"><\/div>\n\n\n\n<p>Le Forum publie des \u00e9v\u00e9nements tels que des cours, des ateliers, des conf\u00e9rences et des excursions sur le th\u00e8me de l&rsquo;eau. Nous nous ferons un plaisir d&rsquo;ajouter votre \u00e9v\u00e9nement \u00e0 notre calendrier via le <a href=\"https:\/\/agripedia.ch\/forum-wasser-landwirtschaft\/fr\/contact\/\" target=\"_blank\" rel=\"noreferrer noopener\">formulaire de contact <\/a>. <\/p>\n\n\n\n<div style=\"height:27px\" aria-hidden=\"true\" class=\"wp-block-spacer\"><\/div>\n","protected":false},"excerpt":{"rendered":"<p>R\u00e9trospective des r\u00e9unions annuelles du Forum Le Forum publie des \u00e9v\u00e9nements tels que des cours, des ateliers, des conf\u00e9rences et des excursions sur le th\u00e8me de l&rsquo;eau. Nous nous ferons un plaisir d&rsquo;ajouter votre \u00e9v\u00e9nement \u00e0 notre calendrier via le formulaire de contact .<\/p>\n","protected":false},"author":927,"featured_media":0,"parent":0,"menu_order":0,"comment_status":"closed","ping_status":"closed","template":"","meta":{"_sb_is_suggestion_mode":false,"_sb_show_suggestion_boards":false,"_sb_show_comment_boards":false,"_sb_suggestion_history":"","_sb_update_block_changes":"","om_disable_all_campaigns":false,"advgb_blocks_editor_width":"","advgb_blocks_columns_visual_guide":"","_monsterinsights_skip_tracking":false,"_monsterinsights_sitenote_active":false,"_monsterinsights_sitenote_note":"","_monsterinsights_sitenote_category":0,"footnotes":""},"class_list":["post-63333","page","type-page","status-publish","hentry"],"coauthors":[{"link":"https:\/\/agripedia.ch\/forum-wasser-landwirtschaft\/fr\/author\/sar2\/","display_name":"sar2"}],"author_meta":{"author_link":"https:\/\/agripedia.ch\/forum-wasser-landwirtschaft\/fr\/author\/sar2\/","display_name":"sar2"},"relative_dates":{"created":"Publi\u00e9 2 mois il y a","modified":"Mis \u00e0 jour 2 jours il y a"},"absolute_dates":{"created":"Publi\u00e9 le 16 f\u00e9vrier 2026","modified":"Mise \u00e0 jour le 9 avril 2026"},"absolute_dates_time":{"created":"Publi\u00e9 le 16 f\u00e9vrier 2026 15h11","modified":"Mise \u00e0 jour le 9 avril 2026 15h06"},"featured_img_caption":"","featured_img":false,"series_order":"","_links":{"self":[{"href":"https:\/\/agripedia.ch\/forum-wasser-landwirtschaft\/fr\/wp-json\/wp\/v2\/pages\/63333","targetHints":{"allow":["GET"]}}],"collection":[{"href":"https:\/\/agripedia.ch\/forum-wasser-landwirtschaft\/fr\/wp-json\/wp\/v2\/pages"}],"about":[{"href":"https:\/\/agripedia.ch\/forum-wasser-landwirtschaft\/fr\/wp-json\/wp\/v2\/types\/page"}],"author":[{"embeddable":true,"href":"https:\/\/agripedia.ch\/forum-wasser-landwirtschaft\/fr\/wp-json\/wp\/v2\/users\/927"}],"replies":[{"embeddable":true,"href":"https:\/\/agripedia.ch\/forum-wasser-landwirtschaft\/fr\/wp-json\/wp\/v2\/comments?post=63333"}],"version-history":[{"count":20,"href":"https:\/\/agripedia.ch\/forum-wasser-landwirtschaft\/fr\/wp-json\/wp\/v2\/pages\/63333\/revisions"}],"predecessor-version":[{"id":64289,"href":"https:\/\/agripedia.ch\/forum-wasser-landwirtschaft\/fr\/wp-json\/wp\/v2\/pages\/63333\/revisions\/64289"}],"wp:attachment":[{"href":"https:\/\/agripedia.ch\/forum-wasser-landwirtschaft\/fr\/wp-json\/wp\/v2\/media?parent=63333"}],"curies":[{"name":"wp","href":"https:\/\/api.w.org\/{rel}","templated":true}]}}