{"id":63331,"date":"2026-02-16T15:11:06","date_gmt":"2026-02-16T14:11:06","guid":{"rendered":"https:\/\/agripedia.ch\/forum-wasser-landwirtschaft\/region-destivage\/"},"modified":"2026-03-20T09:13:15","modified_gmt":"2026-03-20T08:13:15","slug":"region-destivage","status":"publish","type":"page","link":"https:\/\/agripedia.ch\/forum-wasser-landwirtschaft\/fr\/region-destivage\/","title":{"rendered":"R\u00e9gion d&rsquo;estivage"},"content":{"rendered":"\n<p class=\"has-normal-font-size\">Pour l&rsquo;estivage, les changements climatiques peuvent entra\u00eener, entre autres, un d\u00e9calage de l&rsquo;offre de fourrage, une r\u00e9duction de la production et un stress chez les animaux. En outre, les processus d&rsquo;exploitation sur l&rsquo;alpage, par exemple la transformation du lait, sont \u00e9galement affect\u00e9s. <\/p>\n\n\n\n<p class=\"has-normal-font-size\">Comment les diff\u00e9rentes exploitations alpines font-elles face \u00e0 ces d\u00e9fis ? Quels sont les facteurs qui influencent de mani\u00e8re d\u00e9cisive le r\u00e9gime hydrique d&rsquo;une exploitation d&rsquo;alpage ? Quelles sont les possibilit\u00e9s d&rsquo;am\u00e9liorer l&rsquo;approvisionnement et le stockage de l&rsquo;eau et comment les mesures sont-elles mises en \u0153uvre ? Dans quelle mesure la gestion des p\u00e2turages peut-elle \u00eatre adapt\u00e9e \u00e0 l&rsquo;\u00e9volution des conditions ?   <\/p>\n\n\n\n<p class=\"has-normal-font-size\">Vous trouverez ici des informations \u00e0 ce sujet :  <\/p>\n\n\n\n<p class=\"has-normal-font-size\"><a href=\"https:\/\/themes.agripedia.ch\/fr\/economie-alpestre-approvisionnement-en-eau\/\" target=\"_blank\" rel=\"noreferrer noopener\">Approvisionnement en eau sur les alpages<\/a>: Cinq portraits sur l&rsquo;approvisionnement en eau dans les r\u00e9gions d&rsquo;estivage suisses, fiches techniques, guide pratique, exemples de bonnes pratiques, manifestations organis\u00e9es par la FSA.<\/p>\n\n\n\n<p class=\"has-normal-font-size\"><a href=\"https:\/\/www.sab.ch\/fr\/dienstleistungen\/plate-forme-de-dialogue\/\" target=\"_blank\" rel=\"noreferrer noopener\">Plate-forme de dialogue \u00ab\u00a0Recherche et pratique dans l\u2019agriculture de montagne\u00a0\u00bb<\/a>: la plate-forme de dialogue prend la forme d&rsquo;une table ronde entre les praticiens et les chercheurs dans le domaine de l&rsquo;agriculture de montagne. L&rsquo;objectif est de recenser les besoins des praticiens et, d&rsquo;autre part, de rendre les nouvelles connaissances issues de la science et de la recherche accessibles aux praticiens. SAB (Groupement suisse pour les r\u00e9gions de montagne)<\/p>\n\n\n\n<p class=\"has-normal-font-size\"><a href=\"https:\/\/forumfuturalpes.li\/information\/\" target=\"_blank\" rel=\"noreferrer noopener\">Forum sur l&rsquo;avenir des Alpes<\/a>: les 27 et 28 juin 2025, une conf\u00e9rence a eu lieu \u00e0 Schaan, au Liechtenstein, sur le th\u00e8me de l&rsquo;eau en tant qu&rsquo;habitat et ressource dans l&rsquo;espace alpin. Dans la r\u00e9trospective, vous trouverez les pr\u00e9sentations et les vid\u00e9os de certaines conf\u00e9rences.<\/p>\n\n\n\n<p class=\"has-normal-font-size\">CIPRA Vivre dans les Alpes <a href=\"https:\/\/www.cipra.org\/fr\/cipra\/landingpage?set_language=fr\" target=\"_blank\" rel=\"noreferrer noopener\">(www.cipra.org)<\/a><\/p>\n\n\n\n<p class=\"has-normal-font-size\">Vous trouverez des informations sur les projets sur la <a href=\"https:\/\/agripedia.ch\/forum-wasser-landwirtschaft\/fr\/projets\/\" target=\"_blank\" rel=\"noreferrer noopener\">page Projets <\/a>de ce forum.<\/p>\n\n\n\n<div style=\"height:21px\" aria-hidden=\"true\" class=\"wp-block-spacer\"><\/div>\n\n\n\n<p class=\"has-normal-font-size\"><strong>Collaboration<\/strong><\/p>\n\n\n\n<p class=\"has-normal-font-size\">Si vous souhaitez d\u00e9velopper le th\u00e8me de la gestion de l&rsquo;eau dans la r\u00e9gion d&rsquo;estivage avec des personnes partageant les m\u00eames id\u00e9es, rejoignez le groupe de travail. Pour en savoir plus, consultez <a href=\"https:\/\/agripedia.ch\/forum-wasser-landwirtschaft\/fr\/association\/\" target=\"_blank\" rel=\"noreferrer noopener\">la page de l&rsquo;association<\/a> consacr\u00e9e au forum.<\/p>\n\n\n\n<hr class=\"wp-block-separator has-alpha-channel-opacity\"\/>\n\n\n\n<p class=\"has-normal-font-size\">Nous acceptons volontiers vos contributions, remarques, compl\u00e9ments, suggestions et commentaires <a href=\"https:\/\/agripedia.ch\/forum-wasser-landwirtschaft\/fr\/contact\/\" target=\"_blank\" rel=\"noreferrer noopener\">ici<\/a><a href=\"https:\/\/agripedia.ch\/forum-wasser-landwirtschaft\/fr\/contact\/\"> <\/a>.<\/p>\n","protected":false},"excerpt":{"rendered":"<p>Pour l&rsquo;estivage, les changements climatiques peuvent entra\u00eener, entre autres, un d\u00e9calage de l&rsquo;offre de fourrage, une r\u00e9duction de la production et un stress chez les animaux. En outre, les processus d&rsquo;exploitation sur l&rsquo;alpage, par exemple la transformation du lait, sont \u00e9galement affect\u00e9s. Comment les diff\u00e9rentes exploitations alpines font-elles face \u00e0 ces d\u00e9fis ? Quels sont [&hellip;]<\/p>\n","protected":false},"author":927,"featured_media":60119,"parent":0,"menu_order":0,"comment_status":"closed","ping_status":"closed","template":"","meta":{"_sb_is_suggestion_mode":false,"_sb_show_suggestion_boards":false,"_sb_show_comment_boards":false,"_sb_suggestion_history":"","_sb_update_block_changes":"","om_disable_all_campaigns":false,"advgb_blocks_editor_width":"","advgb_blocks_columns_visual_guide":"","_monsterinsights_skip_tracking":false,"_monsterinsights_sitenote_active":false,"_monsterinsights_sitenote_note":"","_monsterinsights_sitenote_category":0,"footnotes":""},"class_list":["post-63331","page","type-page","status-publish","has-post-thumbnail","hentry"],"coauthors":[{"link":"https:\/\/agripedia.ch\/forum-wasser-landwirtschaft\/fr\/author\/sar2\/","display_name":"sar2"}],"author_meta":{"author_link":"https:\/\/agripedia.ch\/forum-wasser-landwirtschaft\/fr\/author\/sar2\/","display_name":"sar2"},"relative_dates":{"created":"Publi\u00e9 2 mois il y a","modified":"Mis \u00e0 jour 3 semaines il y a"},"absolute_dates":{"created":"Publi\u00e9 le 16 f\u00e9vrier 2026","modified":"Mise \u00e0 jour le 20 mars 2026"},"absolute_dates_time":{"created":"Publi\u00e9 le 16 f\u00e9vrier 2026 15h11","modified":"Mise \u00e0 jour le 20 mars 2026 9h13"},"featured_img_caption":"","featured_img":"https:\/\/agripedia.ch\/forum-wasser-landwirtschaft\/wp-content\/uploads\/sites\/64\/2025\/02\/Verschiedene-Tierarten_Especes-animales-differentes-scaled-1-1200x900.jpg","series_order":"","_links":{"self":[{"href":"https:\/\/agripedia.ch\/forum-wasser-landwirtschaft\/fr\/wp-json\/wp\/v2\/pages\/63331","targetHints":{"allow":["GET"]}}],"collection":[{"href":"https:\/\/agripedia.ch\/forum-wasser-landwirtschaft\/fr\/wp-json\/wp\/v2\/pages"}],"about":[{"href":"https:\/\/agripedia.ch\/forum-wasser-landwirtschaft\/fr\/wp-json\/wp\/v2\/types\/page"}],"author":[{"embeddable":true,"href":"https:\/\/agripedia.ch\/forum-wasser-landwirtschaft\/fr\/wp-json\/wp\/v2\/users\/927"}],"replies":[{"embeddable":true,"href":"https:\/\/agripedia.ch\/forum-wasser-landwirtschaft\/fr\/wp-json\/wp\/v2\/comments?post=63331"}],"version-history":[{"count":6,"href":"https:\/\/agripedia.ch\/forum-wasser-landwirtschaft\/fr\/wp-json\/wp\/v2\/pages\/63331\/revisions"}],"predecessor-version":[{"id":64011,"href":"https:\/\/agripedia.ch\/forum-wasser-landwirtschaft\/fr\/wp-json\/wp\/v2\/pages\/63331\/revisions\/64011"}],"wp:featuredmedia":[{"embeddable":true,"href":"https:\/\/agripedia.ch\/forum-wasser-landwirtschaft\/fr\/wp-json\/wp\/v2\/media\/60119"}],"wp:attachment":[{"href":"https:\/\/agripedia.ch\/forum-wasser-landwirtschaft\/fr\/wp-json\/wp\/v2\/media?parent=63331"}],"curies":[{"name":"wp","href":"https:\/\/api.w.org\/{rel}","templated":true}]}}