{"id":63329,"date":"2026-02-16T15:10:51","date_gmt":"2026-02-16T14:10:51","guid":{"rendered":"https:\/\/agripedia.ch\/forum-wasser-landwirtschaft\/creation-de-varietes-de-plantes-resistantes-au-climat\/"},"modified":"2026-04-02T14:59:12","modified_gmt":"2026-04-02T12:59:12","slug":"creation-de-varietes-de-plantes-resistantes-au-climat","status":"publish","type":"page","link":"https:\/\/agripedia.ch\/forum-wasser-landwirtschaft\/fr\/creation-de-varietes-de-plantes-resistantes-au-climat\/","title":{"rendered":"Cr\u00e9ation de vari\u00e9t\u00e9s de plantes r\u00e9sistantes au climat"},"content":{"rendered":"\n<p class=\"has-normal-font-size\">Les \u00ab\u00a0Crop wild relatives\u00a0\u00bb (CWR) sont les anc\u00eatres sauvages de nos plantes cultiv\u00e9es et poss\u00e8dent un patrimoine g\u00e9n\u00e9tique plus \u00e9tendu. La s\u00e9lection intensive a r\u00e9duit la diversit\u00e9 g\u00e9n\u00e9tique des plantes modernes, ce qui les rend plus vuln\u00e9rables au changement climatique, aux ravageurs et aux maladies. Les CWR, en revanche, poss\u00e8dent des g\u00e8nes qui peuvent aider nos cultures \u00e0 faire face \u00e0 un climat plus sec, plus chaud et plus instable. Les plantes r\u00e9sistantes \u00e0 la s\u00e9cheresse ou tol\u00e9rantes \u00e0 la chaleur deviennent de plus en plus importantes. Elles ont besoin de moins d&rsquo;eau. Cela peut att\u00e9nuer les conflits d&rsquo;utilisation autour de la demande en eau.     <\/p>\n\n\n\n<p class=\"has-normal-font-size\">D&rsquo;une part, les esp\u00e8ces v\u00e9g\u00e9tales locales peuvent \u00eatre adapt\u00e9es par la s\u00e9lection, d&rsquo;autre part, les plantes provenant de pays o\u00f9 r\u00e8gne la s\u00e9cheresse suscitent \u00e9galement de l\u2019int\u00e9r\u00eat chez nous.<\/p>\n\n\n\n<div style=\"height:21px\" aria-hidden=\"true\" class=\"wp-block-spacer\"><\/div>\n\n\n\n<p class=\"has-normal-font-size\"><strong>Informations sur la cr\u00e9ation de vari\u00e9t\u00e9s de plantes r\u00e9sistantes au climat :<\/strong><\/p>\n\n\n\n<p class=\"has-normal-font-size\">Bieri P., 2025. Mit Kulturpflanzen verwandte Wildarten zur St\u00e4rkung der Schweizer Landwirtschaft. Article dans : <a href=\"https:\/\/www.lid.ch\/artikel\/mit-kulturpflanzen-verwandte-wildarten-zur-staerkung-der-schweizer-landwirtschaft?utm_medium=email&amp;utm_source=mailXpert&amp;utm_campaign=Mediendienst&amp;utm_content=LID-Mediendienst%3A%20Schaumwein%20und%20Weihnachtsb%C3%A4ume\" target=\"_blank\" rel=\"noreferrer noopener\">LID <\/a>du 17.12.2025.<\/p>\n\n\n\n<p class=\"has-normal-font-size\">H\u00e4ner R., Schierscher B., Kleijer G., Rometsch S., Holderegger R., 2009. <a href=\"https:\/\/www.agrarforschungschweiz.ch\/fr\/2009\/06\/conservation-des-plantes-sauvages-apparentees-aux-plantes-cultivees\/\" target=\"_blank\" rel=\"noreferrer noopener\">Conservation des plantes sauvages apparent\u00e9es aux plantes cultiv\u00e9es<\/a>. Agrarforschung 16 (6): 204-209, 2009.<\/p>\n\n\n\n<p class=\"has-normal-font-size\">Rosenbaum H., 2024. Zukunft s\u00e4en: Netzwerke und Vielfalt in der Pflanzenz\u00fcchtung st\u00e4rken. Article dans : <a href=\"https:\/\/www.lid.ch\/artikel\/zukunft-saeen-netzwerke-und-vielfalt-in-der-pflanzenzuechtung-staerken?utm_medium=email&amp;utm_source=mailXpert&amp;utm_campaign=Mediendienst&amp;utm_content=Die%20Zwiebeln%20in%20der%20Krise\" target=\"_blank\" rel=\"noreferrer noopener\">LID<\/a> du 20.11.2024.<\/p>\n\n\n\n<p class=\"has-normal-font-size\">Union suisse des paysans, 2025. <a href=\"https:\/\/fokus.sbv-usp.ch\/klima\/de\/inhalt\/sich-anpassen-was-heisst-das-konkret\/anpassungsmassnahmen-ackerbau.html\" target=\"_blank\" rel=\"noreferrer noopener\">Sich anpassen &#8211; was heisst das konkret?<\/a> Ackerbau. Resiliente und resistente Pflanzen.<\/p>\n\n\n\n<p class=\"has-normal-font-size\"><mdspan datatext=\"el1775134339559\" class=\"mdspan-comment\">SRF Wissen, 2025. Warum der Klimawandel die Kartoffel bedroht. In: Sendung <a href=\"https:\/\/www.srf.ch\/play\/tv\/einstein\/video\/warum-der-klimawandel-unsere-kartoffel-bedroht?urn=urn:srf:video:796fd656-ae65-4884-8674-c69a1dbbb57d\" target=\"_blank\" rel=\"noreferrer noopener\">Einstein <\/a>vom 30.01.2025.<\/mdspan><\/p>\n\n\n\n<div style=\"height:21px\" aria-hidden=\"true\" class=\"wp-block-spacer\"><\/div>\n\n\n\n<p class=\"has-normal-font-size\"><strong>Collaboration<\/strong><\/p>\n\n\n\n<p class=\"has-normal-font-size\">Si vous souhaitez d\u00e9velopper le th\u00e8me des vari\u00e9t\u00e9s v\u00e9g\u00e9tales r\u00e9sistantes au climat avec des personnes partageant les m\u00eames id\u00e9es, rejoignez le groupe de travail. Pour en savoir plus, consultez la <a href=\"https:\/\/agripedia.ch\/forum-wasser-landwirtschaft\/fr\/association\/\" target=\"_blank\" rel=\"noreferrer noopener\">page Association<\/a> du Forum. <\/p>\n\n\n\n<div style=\"height:21px\" aria-hidden=\"true\" class=\"wp-block-spacer\"><\/div>\n\n\n\n<p>Source de l&rsquo;image : DSP AG<\/p>\n\n\n\n<hr class=\"wp-block-separator has-alpha-channel-opacity\"\/>\n\n\n\n<p class=\"has-normal-font-size\">Nous acceptons volontiers vos contributions, remarques, compl\u00e9ments, suggestions et commentaires <a href=\"https:\/\/agripedia.ch\/forum-wasser-landwirtschaft\/fr\/contact\/\" target=\"_blank\" rel=\"noreferrer noopener\">ici<\/a>.<\/p>\n","protected":false},"excerpt":{"rendered":"<p>Les \u00ab\u00a0Crop wild relatives\u00a0\u00bb (CWR) sont les anc\u00eatres sauvages de nos plantes cultiv\u00e9es et poss\u00e8dent un patrimoine g\u00e9n\u00e9tique plus \u00e9tendu. La s\u00e9lection intensive a r\u00e9duit la diversit\u00e9 g\u00e9n\u00e9tique des plantes modernes, ce qui les rend plus vuln\u00e9rables au changement climatique, aux ravageurs et aux maladies. Les CWR, en revanche, poss\u00e8dent des g\u00e8nes qui peuvent aider [&hellip;]<\/p>\n","protected":false},"author":927,"featured_media":60529,"parent":0,"menu_order":0,"comment_status":"closed","ping_status":"closed","template":"","meta":{"_sb_is_suggestion_mode":false,"_sb_show_suggestion_boards":false,"_sb_show_comment_boards":false,"_sb_suggestion_history":"","_sb_update_block_changes":"","om_disable_all_campaigns":false,"advgb_blocks_editor_width":"","advgb_blocks_columns_visual_guide":"","_monsterinsights_skip_tracking":false,"_monsterinsights_sitenote_active":false,"_monsterinsights_sitenote_note":"","_monsterinsights_sitenote_category":0,"footnotes":""},"class_list":["post-63329","page","type-page","status-publish","has-post-thumbnail","hentry"],"coauthors":[{"link":"https:\/\/agripedia.ch\/forum-wasser-landwirtschaft\/fr\/author\/sar2\/","display_name":"sar2"}],"author_meta":{"author_link":"https:\/\/agripedia.ch\/forum-wasser-landwirtschaft\/fr\/author\/sar2\/","display_name":"sar2"},"relative_dates":{"created":"Publi\u00e9 2 mois il y a","modified":"Mis \u00e0 jour 1 semaine il y a"},"absolute_dates":{"created":"Publi\u00e9 le 16 f\u00e9vrier 2026","modified":"Mise \u00e0 jour le 2 avril 2026"},"absolute_dates_time":{"created":"Publi\u00e9 le 16 f\u00e9vrier 2026 15h10","modified":"Mise \u00e0 jour le 2 avril 2026 14h59"},"featured_img_caption":"Quelle DSP AG","featured_img":"https:\/\/agripedia.ch\/forum-wasser-landwirtschaft\/wp-content\/uploads\/sites\/64\/2025\/03\/Zuechtung-Quelle-DSP-AG-1200x900.jpg","series_order":"","_links":{"self":[{"href":"https:\/\/agripedia.ch\/forum-wasser-landwirtschaft\/fr\/wp-json\/wp\/v2\/pages\/63329","targetHints":{"allow":["GET"]}}],"collection":[{"href":"https:\/\/agripedia.ch\/forum-wasser-landwirtschaft\/fr\/wp-json\/wp\/v2\/pages"}],"about":[{"href":"https:\/\/agripedia.ch\/forum-wasser-landwirtschaft\/fr\/wp-json\/wp\/v2\/types\/page"}],"author":[{"embeddable":true,"href":"https:\/\/agripedia.ch\/forum-wasser-landwirtschaft\/fr\/wp-json\/wp\/v2\/users\/927"}],"replies":[{"embeddable":true,"href":"https:\/\/agripedia.ch\/forum-wasser-landwirtschaft\/fr\/wp-json\/wp\/v2\/comments?post=63329"}],"version-history":[{"count":12,"href":"https:\/\/agripedia.ch\/forum-wasser-landwirtschaft\/fr\/wp-json\/wp\/v2\/pages\/63329\/revisions"}],"predecessor-version":[{"id":64225,"href":"https:\/\/agripedia.ch\/forum-wasser-landwirtschaft\/fr\/wp-json\/wp\/v2\/pages\/63329\/revisions\/64225"}],"wp:featuredmedia":[{"embeddable":true,"href":"https:\/\/agripedia.ch\/forum-wasser-landwirtschaft\/fr\/wp-json\/wp\/v2\/media\/60529"}],"wp:attachment":[{"href":"https:\/\/agripedia.ch\/forum-wasser-landwirtschaft\/fr\/wp-json\/wp\/v2\/media?parent=63329"}],"curies":[{"name":"wp","href":"https:\/\/api.w.org\/{rel}","templated":true}]}}